{"id":9941,"date":"2023-09-28T09:42:47","date_gmt":"2023-09-28T09:42:47","guid":{"rendered":"https:\/\/aflamo.shop\/p\/camino-elettrico-aflamo-dame-bianco\/"},"modified":"2026-03-12T13:33:17","modified_gmt":"2026-03-12T13:33:17","slug":"camino-elettrico-aflamo-dame-bianco-camino-elettrico-led-da-parete-incasso-con-funzione-riscaldamento","status":"publish","type":"product","link":"https:\/\/aflamo.shop\/it\/p\/camino-elettrico-aflamo-dame-bianco-camino-elettrico-led-da-parete-incasso-con-funzione-riscaldamento\/","title":{"rendered":"Aflamo Dame bianco &#8211; Camino elettrico LED da parete\/incasso con funzione riscaldamento"},"content":{"rendered":"<p><iframe title=\"YouTube video player\" src=\"https:\/\/www.youtube.com\/embed\/pcFJI3Lg2cw?si=U5TPiJshVTzytwTN\" width=\"560\" height=\"315\" frameborder=\"0\" allowfullscreen=\"allowfullscreen\"><\/iframe><\/p>\n<h3><strong>Caminetto Elettrico LED Dame \u2013 Modernit\u00e0 ed Eleganza nella Tua Casa<\/strong><\/h3>\n<p>Il <strong>caminetto elettrico LED Dame<\/strong> \u00e8 una scelta unica per chi desidera unire design moderno, funzionalit\u00e0 e comfort. Questo caminetto verticale e da parete, con il suo focolare a tre lati, diventer\u00e0 il punto focale di ogni ambiente, offrendo calore e un&#8217;atmosfera inconfondibile.<\/p>\n<h4><strong>Caratteristiche del Prodotto:<\/strong><\/h4>\n<h4><strong>Effetto Fiamma e Focolare:<\/strong><\/h4>\n<ul>\n<li><strong>7 colori della fiamma<\/strong>: Adatta l&#8217;illuminazione al tuo umore.<\/li>\n<li><strong>13 colori di retroilluminazione del focolare<\/strong>: Varie combinazioni luminose che aggiungono profondit\u00e0 e fascino.<\/li>\n<li><strong>5 livelli di luminosit\u00e0<\/strong>: Da una luce soffusa fino a fiamme intense.<\/li>\n<\/ul>\n<p><img fetchpriority=\"high\" decoding=\"async\" class=\"aligncenter wp-image-11269 size-full\" src=\"https:\/\/aflamo.shop\/wp-content\/uploads\/2023\/09\/flames_2x3-1-1-1.jpg\" alt=\"Effetto fiamma\" width=\"555\" height=\"425\" srcset=\"https:\/\/aflamo.shop\/wp-content\/uploads\/2023\/09\/flames_2x3-1-1-1.jpg 555w, https:\/\/aflamo.shop\/wp-content\/uploads\/2023\/09\/flames_2x3-1-1-1-300x230.jpg 300w\" sizes=\"(max-width: 555px) 100vw, 555px\" \/><\/p>\n<ul>\n<li><strong>2 tipi di focolare inclusi<\/strong>: Tronchi e cristalli \u2013 scegli lo stile che meglio si adatta al tuo ambiente.<\/li>\n<\/ul>\n<p><img decoding=\"async\" class=\"aligncenter wp-image-10691 size-full\" src=\"https:\/\/aflamo.shop\/wp-content\/uploads\/2024\/06\/polana_krysztaly-e1603875138523.png\" alt=\"Focolare - Tronchi e Cristalli\" width=\"413\" height=\"297\" srcset=\"https:\/\/aflamo.shop\/wp-content\/uploads\/2024\/06\/polana_krysztaly-e1603875138523.png 413w, https:\/\/aflamo.shop\/wp-content\/uploads\/2024\/06\/polana_krysztaly-e1603875138523-300x216.png 300w\" sizes=\"(max-width: 413px) 100vw, 413px\" \/><\/p>\n<ul>\n<li><strong>Focolare a tre lati<\/strong>: Permette di godere della vista delle fiamme da diverse angolazioni, creando un&#8217;atmosfera accogliente ed elegante.<\/li>\n<li><strong>Tronchi in ceramica<\/strong>: Realistici, durevoli ed esteticamente belli, aggiungono autenticit\u00e0 all&#8217;aspetto del caminetto.<\/li>\n<\/ul>\n<p><img decoding=\"async\" class=\"aligncenter wp-image-8902 size-full\" src=\"https:\/\/aflamo.shop\/wp-content\/uploads\/2023\/08\/Unique_NH_logs_closeup.jpg\" alt=\"Tronchi in ceramica\" width=\"492\" height=\"300\" srcset=\"https:\/\/aflamo.shop\/wp-content\/uploads\/2023\/08\/Unique_NH_logs_closeup.jpg 492w, https:\/\/aflamo.shop\/wp-content\/uploads\/2023\/08\/Unique_NH_logs_closeup-300x183.jpg 300w\" sizes=\"(max-width: 492px) 100vw, 492px\" \/><\/p>\n<ul>\n<li><strong>Colori disponibili<\/strong>: Classica eleganza in nero e fresca modernit\u00e0 in bianco.<\/li>\n<\/ul>\n<p><img loading=\"lazy\" decoding=\"async\" class=\"aligncenter wp-image-9921 size-full\" src=\"https:\/\/aflamo.shop\/wp-content\/uploads\/2023\/09\/unique_Dame_black-white.jpg\" alt=\"Colori disponibili\" width=\"700\" height=\"700\" srcset=\"https:\/\/aflamo.shop\/wp-content\/uploads\/2023\/09\/unique_Dame_black-white.jpg 700w, https:\/\/aflamo.shop\/wp-content\/uploads\/2023\/09\/unique_Dame_black-white-300x300.jpg 300w, https:\/\/aflamo.shop\/wp-content\/uploads\/2023\/09\/unique_Dame_black-white-100x100.jpg 100w, https:\/\/aflamo.shop\/wp-content\/uploads\/2023\/09\/unique_Dame_black-white-600x600.jpg 600w, https:\/\/aflamo.shop\/wp-content\/uploads\/2023\/09\/unique_Dame_black-white-150x150.jpg 150w\" sizes=\"(max-width: 700px) 100vw, 700px\" \/><\/p>\n<h4><strong>Facile Installazione:<\/strong><\/h4>\n<ol>\n<li>Monta il supporto a parete.<\/li>\n<li>Appendi il caminetto.<\/li>\n<li>Goditi la sua atmosfera unica in ogni momento.<\/li>\n<\/ol>\n<h4><strong>Funzioni di Riscaldamento:<\/strong><\/h4>\n<ul>\n<li><strong>Due livelli di potenza di riscaldamento<\/strong>: 750W e 1500W, per il massimo comfort termico.<\/li>\n<li><strong>Termostato digitale<\/strong>: Regolazione della temperatura da 18\u00b0C a 27\u00b0C.<\/li>\n<li><strong>Sensore di finestra aperta<\/strong>: Spegnimento automatico quando rileva un abbassamento di temperatura dovuto all&#8217;apertura di una finestra.<\/li>\n<li><strong>Protezione contro il surriscaldamento<\/strong>: Garantisce sicurezza d&#8217;uso.<\/li>\n<\/ul>\n<h4><strong>Comfort e Facilit\u00e0 d&#8217;Uso:<\/strong><\/h4>\n<ul>\n<li><strong>Telecomando<\/strong>: Comodo controllo della stufa da qualsiasi punto della stanza.<\/li>\n<li><strong>Funzione timer<\/strong>: Imposta lo spegnimento automatico per risparmiare energia.<\/li>\n<li><strong>Programmazione settimanale<\/strong>: Personalizza il funzionamento del caminetto secondo il tuo orario.<\/li>\n<\/ul>\n<h3><strong>Riepilogo<\/strong><\/h3>\n<p>Il caminetto elettrico LED <strong>Dame<\/strong> \u00e8 una perfetta combinazione di stile, comfort e sicurezza. Grazie al <strong>focolare a tre lati<\/strong> e ai <strong>tronchi in ceramica<\/strong>, apporta al tuo spazio un&#8217;atmosfera unica ed elegante. Ideale per chi desidera conferire alla propria casa un tocco di modernit\u00e0 senza rinunciare al calore e all&#8217;accoglienza. \u00c8 il modo ideale per creare un&#8217;atmosfera magica e calda in ogni casa.<\/p>\n<ul><strong><a href=\"https:\/\/aflamo.shop\/wp-content\/uploads\/2023\/09\/Aflamo-MALIBU-manual-EN-PL-CZ-SK-NL-2.pdf\">Manuale utente e informazioni sulla sicurezza<\/a><br \/>\n<\/strong><\/ul>\n<h3><strong>Disegno Tecnico:<\/strong><\/h3>\n<p><img loading=\"lazy\" decoding=\"async\" class=\"alignnone wp-image-9852 size-full\" src=\"https:\/\/aflamo.shop\/wp-content\/uploads\/2023\/09\/Dame.png\" alt=\"Disegno Tecnico\" width=\"939\" height=\"827\" srcset=\"https:\/\/aflamo.shop\/wp-content\/uploads\/2023\/09\/Dame.png 939w, https:\/\/aflamo.shop\/wp-content\/uploads\/2023\/09\/Dame-600x528.png 600w, https:\/\/aflamo.shop\/wp-content\/uploads\/2023\/09\/Dame-300x264.png 300w, https:\/\/aflamo.shop\/wp-content\/uploads\/2023\/09\/Dame-768x676.png 768w\" sizes=\"(max-width: 939px) 100vw, 939px\" \/><\/p>\n","protected":false},"excerpt":{"rendered":"<p>Productor: Aflamo<\/p>\n<p>GETIN: 5908283562442<\/p>\n<p>Chimenea el\u00e9ctrica de pared\/empotrable<\/p>\n<p><b>Colores disponibles:<\/b><\/p>\n<ul>\n<li class=\"kp-bialy\"><a href=\"https:\/\/aflamo.shop\/it\/p\/camino-elettrico-aflamo-dame-bianco-camino-elettrico-led-da-parete-incasso-con-funzione-riscaldamento\/\">Bianco<\/a><\/li>\n<li class=\"kp-czarny\"><a href=\"https:\/\/aflamo.shop\/it\/p\/camino-elettrico-aflamo-dame-nero-camino-elettrico-led-da-parete-incasso-con-funzione-riscaldamento\/\">Nero<\/a><\/li>\n<\/ul>\n<p><b>Dimensiones:<\/b> 73 x 83 x 24 cm<\/p>\n","protected":false},"featured_media":22363,"comment_status":"open","ping_status":"closed","template":"","meta":[],"product_brand":[],"product_cat":[682,187,668,182,179,183],"product_tag":[],"class_list":{"0":"post-9941","1":"product","2":"type-product","3":"status-publish","4":"has-post-thumbnail","6":"product_cat-alfamo-it","7":"product_cat-caminetti-da-parete-a-led-con-riscaldamento","8":"product_cat-caminetti-elettrici-a-led-da-parete","9":"product_cat-caminetti-led-da-incasso-a-parete-a-led","10":"product_cat-camini-elettrici-led","11":"product_cat-camino-elettrico-led-trifacciale","13":"first","14":"instock","15":"shipping-taxable","16":"purchasable","17":"product-type-simple"},"yoast_head":"<!-- This site is optimized with the Yoast SEO plugin v27.1.1 - https:\/\/yoast.com\/product\/yoast-seo-wordpress\/ -->\n<title>Aflamo Dame bianco - Camino elettrico LED da parete\/incasso con funzione riscaldamento - aflamo.shop - rivenditore Aflamo certificato<\/title>\n<meta name=\"description\" content=\"Caminetto Elettrico LED Dame \u2013 modernit\u00e0 ed eleganza. Focolare a tre lati per un&#039;atmosfera unica e un design funzionale che diventa il punto focale di ogni ambiente.\" \/>\n<meta name=\"robots\" content=\"index, follow, max-snippet:-1, max-image-preview:large, max-video-preview:-1\" \/>\n<link rel=\"canonical\" href=\"https:\/\/aflamo.shop\/it\/p\/camino-elettrico-aflamo-dame-bianco-camino-elettrico-led-da-parete-incasso-con-funzione-riscaldamento\/\" \/>\n<meta property=\"og:locale\" content=\"it_IT\" \/>\n<meta property=\"og:type\" content=\"article\" \/>\n<meta property=\"og:title\" content=\"Aflamo Dame bianco - Camino elettrico LED da parete\/incasso con funzione riscaldamento - aflamo.shop - rivenditore Aflamo certificato\" \/>\n<meta property=\"og:description\" content=\"Caminetto Elettrico LED Dame \u2013 modernit\u00e0 ed eleganza. Focolare a tre lati per un&#039;atmosfera unica e un design funzionale che diventa il punto focale di ogni ambiente.\" \/>\n<meta property=\"og:url\" content=\"https:\/\/aflamo.shop\/it\/p\/camino-elettrico-aflamo-dame-bianco-camino-elettrico-led-da-parete-incasso-con-funzione-riscaldamento\/\" \/>\n<meta property=\"og:site_name\" content=\"aflamo.shop - rivenditore Aflamo certificato\" \/>\n<meta property=\"article:modified_time\" content=\"2026-03-12T13:33:17+00:00\" \/>\n<meta property=\"og:image\" content=\"https:\/\/aflamo.shop\/wp-content\/uploads\/2023\/09\/Projekt-bez-nazwy64.png\" \/>\n\t<meta property=\"og:image:width\" content=\"2048\" \/>\n\t<meta property=\"og:image:height\" content=\"2048\" \/>\n\t<meta property=\"og:image:type\" content=\"image\/png\" \/>\n<meta name=\"twitter:card\" content=\"summary_large_image\" \/>\n<meta name=\"twitter:label1\" content=\"Tempo di lettura stimato\" \/>\n\t<meta name=\"twitter:data1\" content=\"4 minuti\" \/>\n<script type=\"application\/ld+json\" class=\"yoast-schema-graph\">{\"@context\":\"https:\/\/schema.org\",\"@graph\":[{\"@type\":\"WebPage\",\"@id\":\"https:\/\/aflamo.shop\/it\/p\/camino-elettrico-aflamo-dame-bianco-camino-elettrico-led-da-parete-incasso-con-funzione-riscaldamento\/\",\"url\":\"https:\/\/aflamo.shop\/it\/p\/camino-elettrico-aflamo-dame-bianco-camino-elettrico-led-da-parete-incasso-con-funzione-riscaldamento\/\",\"name\":\"Aflamo Dame bianco - Camino elettrico LED da parete\/incasso con funzione riscaldamento - aflamo.shop - rivenditore Aflamo certificato\",\"isPartOf\":{\"@id\":\"https:\/\/aflamo.shop\/it\/#website\"},\"primaryImageOfPage\":{\"@id\":\"https:\/\/aflamo.shop\/it\/p\/camino-elettrico-aflamo-dame-bianco-camino-elettrico-led-da-parete-incasso-con-funzione-riscaldamento\/#primaryimage\"},\"image\":{\"@id\":\"https:\/\/aflamo.shop\/it\/p\/camino-elettrico-aflamo-dame-bianco-camino-elettrico-led-da-parete-incasso-con-funzione-riscaldamento\/#primaryimage\"},\"thumbnailUrl\":\"https:\/\/aflamo.shop\/wp-content\/uploads\/2023\/09\/Projekt-bez-nazwy64.png\",\"datePublished\":\"2023-09-28T09:42:47+00:00\",\"dateModified\":\"2026-03-12T13:33:17+00:00\",\"description\":\"Caminetto Elettrico LED Dame \u2013 modernit\u00e0 ed eleganza. Focolare a tre lati per un'atmosfera unica e un design funzionale che diventa il punto focale di ogni ambiente.\",\"breadcrumb\":{\"@id\":\"https:\/\/aflamo.shop\/it\/p\/camino-elettrico-aflamo-dame-bianco-camino-elettrico-led-da-parete-incasso-con-funzione-riscaldamento\/#breadcrumb\"},\"inLanguage\":\"it-IT\",\"potentialAction\":[{\"@type\":\"ReadAction\",\"target\":[\"https:\/\/aflamo.shop\/it\/p\/camino-elettrico-aflamo-dame-bianco-camino-elettrico-led-da-parete-incasso-con-funzione-riscaldamento\/\"]}]},{\"@type\":\"ImageObject\",\"inLanguage\":\"it-IT\",\"@id\":\"https:\/\/aflamo.shop\/it\/p\/camino-elettrico-aflamo-dame-bianco-camino-elettrico-led-da-parete-incasso-con-funzione-riscaldamento\/#primaryimage\",\"url\":\"https:\/\/aflamo.shop\/wp-content\/uploads\/2023\/09\/Projekt-bez-nazwy64.png\",\"contentUrl\":\"https:\/\/aflamo.shop\/wp-content\/uploads\/2023\/09\/Projekt-bez-nazwy64.png\",\"width\":2048,\"height\":2048},{\"@type\":\"BreadcrumbList\",\"@id\":\"https:\/\/aflamo.shop\/it\/p\/camino-elettrico-aflamo-dame-bianco-camino-elettrico-led-da-parete-incasso-con-funzione-riscaldamento\/#breadcrumb\",\"itemListElement\":[{\"@type\":\"ListItem\",\"position\":1,\"name\":\"Pagina iniziale\",\"item\":\"https:\/\/aflamo.shop\/it\/\"},{\"@type\":\"ListItem\",\"position\":2,\"name\":\"Negozio\",\"item\":\"https:\/\/aflamo.shop\/negozio\/\"},{\"@type\":\"ListItem\",\"position\":3,\"name\":\"Camini elettrici LED\",\"item\":\"https:\/\/aflamo.shop\/it\/s\/camini-elettrici-led\/\"},{\"@type\":\"ListItem\",\"position\":4,\"name\":\"Aflamo Dame bianco &#8211; Camino elettrico LED da parete\/incasso con funzione riscaldamento\"}]},{\"@type\":\"WebSite\",\"@id\":\"https:\/\/aflamo.shop\/it\/#website\",\"url\":\"https:\/\/aflamo.shop\/it\/\",\"name\":\"aflamo.shop - rivenditore Aflamo certificato\",\"description\":\"Kominki elektryczne Aflamo i Emotion Flame z funkcj\u0105 grzania\",\"publisher\":{\"@id\":\"https:\/\/aflamo.shop\/it\/#organization\"},\"potentialAction\":[{\"@type\":\"SearchAction\",\"target\":{\"@type\":\"EntryPoint\",\"urlTemplate\":\"https:\/\/aflamo.shop\/it\/?s={search_term_string}\"},\"query-input\":{\"@type\":\"PropertyValueSpecification\",\"valueRequired\":true,\"valueName\":\"search_term_string\"}}],\"inLanguage\":\"it-IT\"},{\"@type\":\"Organization\",\"@id\":\"https:\/\/aflamo.shop\/it\/#organization\",\"name\":\"aflamo.shop - rivenditore Aflamo certificato\",\"url\":\"https:\/\/aflamo.shop\/it\/\",\"logo\":{\"@type\":\"ImageObject\",\"inLanguage\":\"it-IT\",\"@id\":\"https:\/\/aflamo.shop\/it\/#\/schema\/logo\/image\/\",\"url\":\"https:\/\/aflamo.shop\/wp-content\/uploads\/2019\/10\/logo2.1-1-1.svg\",\"contentUrl\":\"https:\/\/aflamo.shop\/wp-content\/uploads\/2019\/10\/logo2.1-1-1.svg\",\"caption\":\"aflamo.shop - rivenditore Aflamo certificato\"},\"image\":{\"@id\":\"https:\/\/aflamo.shop\/it\/#\/schema\/logo\/image\/\"}}]}<\/script>\n<!-- \/ Yoast SEO plugin. -->","yoast_head_json":{"title":"Aflamo Dame bianco - Camino elettrico LED da parete\/incasso con funzione riscaldamento - aflamo.shop - rivenditore Aflamo certificato","description":"Caminetto Elettrico LED Dame \u2013 modernit\u00e0 ed eleganza. Focolare a tre lati per un'atmosfera unica e un design funzionale che diventa il punto focale di ogni ambiente.","robots":{"index":"index","follow":"follow","max-snippet":"max-snippet:-1","max-image-preview":"max-image-preview:large","max-video-preview":"max-video-preview:-1"},"canonical":"https:\/\/aflamo.shop\/it\/p\/camino-elettrico-aflamo-dame-bianco-camino-elettrico-led-da-parete-incasso-con-funzione-riscaldamento\/","og_locale":"it_IT","og_type":"article","og_title":"Aflamo Dame bianco - Camino elettrico LED da parete\/incasso con funzione riscaldamento - aflamo.shop - rivenditore Aflamo certificato","og_description":"Caminetto Elettrico LED Dame \u2013 modernit\u00e0 ed eleganza. Focolare a tre lati per un'atmosfera unica e un design funzionale che diventa il punto focale di ogni ambiente.","og_url":"https:\/\/aflamo.shop\/it\/p\/camino-elettrico-aflamo-dame-bianco-camino-elettrico-led-da-parete-incasso-con-funzione-riscaldamento\/","og_site_name":"aflamo.shop - rivenditore Aflamo certificato","article_modified_time":"2026-03-12T13:33:17+00:00","og_image":[{"width":2048,"height":2048,"url":"https:\/\/aflamo.shop\/wp-content\/uploads\/2023\/09\/Projekt-bez-nazwy64.png","type":"image\/png"}],"twitter_card":"summary_large_image","twitter_misc":{"Tempo di lettura stimato":"4 minuti"},"schema":{"@context":"https:\/\/schema.org","@graph":[{"@type":"WebPage","@id":"https:\/\/aflamo.shop\/it\/p\/camino-elettrico-aflamo-dame-bianco-camino-elettrico-led-da-parete-incasso-con-funzione-riscaldamento\/","url":"https:\/\/aflamo.shop\/it\/p\/camino-elettrico-aflamo-dame-bianco-camino-elettrico-led-da-parete-incasso-con-funzione-riscaldamento\/","name":"Aflamo Dame bianco - Camino elettrico LED da parete\/incasso con funzione riscaldamento - aflamo.shop - rivenditore Aflamo certificato","isPartOf":{"@id":"https:\/\/aflamo.shop\/it\/#website"},"primaryImageOfPage":{"@id":"https:\/\/aflamo.shop\/it\/p\/camino-elettrico-aflamo-dame-bianco-camino-elettrico-led-da-parete-incasso-con-funzione-riscaldamento\/#primaryimage"},"image":{"@id":"https:\/\/aflamo.shop\/it\/p\/camino-elettrico-aflamo-dame-bianco-camino-elettrico-led-da-parete-incasso-con-funzione-riscaldamento\/#primaryimage"},"thumbnailUrl":"https:\/\/aflamo.shop\/wp-content\/uploads\/2023\/09\/Projekt-bez-nazwy64.png","datePublished":"2023-09-28T09:42:47+00:00","dateModified":"2026-03-12T13:33:17+00:00","description":"Caminetto Elettrico LED Dame \u2013 modernit\u00e0 ed eleganza. Focolare a tre lati per un'atmosfera unica e un design funzionale che diventa il punto focale di ogni ambiente.","breadcrumb":{"@id":"https:\/\/aflamo.shop\/it\/p\/camino-elettrico-aflamo-dame-bianco-camino-elettrico-led-da-parete-incasso-con-funzione-riscaldamento\/#breadcrumb"},"inLanguage":"it-IT","potentialAction":[{"@type":"ReadAction","target":["https:\/\/aflamo.shop\/it\/p\/camino-elettrico-aflamo-dame-bianco-camino-elettrico-led-da-parete-incasso-con-funzione-riscaldamento\/"]}]},{"@type":"ImageObject","inLanguage":"it-IT","@id":"https:\/\/aflamo.shop\/it\/p\/camino-elettrico-aflamo-dame-bianco-camino-elettrico-led-da-parete-incasso-con-funzione-riscaldamento\/#primaryimage","url":"https:\/\/aflamo.shop\/wp-content\/uploads\/2023\/09\/Projekt-bez-nazwy64.png","contentUrl":"https:\/\/aflamo.shop\/wp-content\/uploads\/2023\/09\/Projekt-bez-nazwy64.png","width":2048,"height":2048},{"@type":"BreadcrumbList","@id":"https:\/\/aflamo.shop\/it\/p\/camino-elettrico-aflamo-dame-bianco-camino-elettrico-led-da-parete-incasso-con-funzione-riscaldamento\/#breadcrumb","itemListElement":[{"@type":"ListItem","position":1,"name":"Pagina iniziale","item":"https:\/\/aflamo.shop\/it\/"},{"@type":"ListItem","position":2,"name":"Negozio","item":"https:\/\/aflamo.shop\/negozio\/"},{"@type":"ListItem","position":3,"name":"Camini elettrici LED","item":"https:\/\/aflamo.shop\/it\/s\/camini-elettrici-led\/"},{"@type":"ListItem","position":4,"name":"Aflamo Dame bianco &#8211; Camino elettrico LED da parete\/incasso con funzione riscaldamento"}]},{"@type":"WebSite","@id":"https:\/\/aflamo.shop\/it\/#website","url":"https:\/\/aflamo.shop\/it\/","name":"aflamo.shop - rivenditore Aflamo certificato","description":"Kominki elektryczne Aflamo i Emotion Flame z funkcj\u0105 grzania","publisher":{"@id":"https:\/\/aflamo.shop\/it\/#organization"},"potentialAction":[{"@type":"SearchAction","target":{"@type":"EntryPoint","urlTemplate":"https:\/\/aflamo.shop\/it\/?s={search_term_string}"},"query-input":{"@type":"PropertyValueSpecification","valueRequired":true,"valueName":"search_term_string"}}],"inLanguage":"it-IT"},{"@type":"Organization","@id":"https:\/\/aflamo.shop\/it\/#organization","name":"aflamo.shop - rivenditore Aflamo certificato","url":"https:\/\/aflamo.shop\/it\/","logo":{"@type":"ImageObject","inLanguage":"it-IT","@id":"https:\/\/aflamo.shop\/it\/#\/schema\/logo\/image\/","url":"https:\/\/aflamo.shop\/wp-content\/uploads\/2019\/10\/logo2.1-1-1.svg","contentUrl":"https:\/\/aflamo.shop\/wp-content\/uploads\/2019\/10\/logo2.1-1-1.svg","caption":"aflamo.shop - rivenditore Aflamo certificato"},"image":{"@id":"https:\/\/aflamo.shop\/it\/#\/schema\/logo\/image\/"}}]}},"_links":{"self":[{"href":"https:\/\/aflamo.shop\/it\/wp-json\/wp\/v2\/product\/9941","targetHints":{"allow":["GET"]}}],"collection":[{"href":"https:\/\/aflamo.shop\/it\/wp-json\/wp\/v2\/product"}],"about":[{"href":"https:\/\/aflamo.shop\/it\/wp-json\/wp\/v2\/types\/product"}],"replies":[{"embeddable":true,"href":"https:\/\/aflamo.shop\/it\/wp-json\/wp\/v2\/comments?post=9941"}],"wp:featuredmedia":[{"embeddable":true,"href":"https:\/\/aflamo.shop\/it\/wp-json\/wp\/v2\/media\/22363"}],"wp:attachment":[{"href":"https:\/\/aflamo.shop\/it\/wp-json\/wp\/v2\/media?parent=9941"}],"wp:term":[{"taxonomy":"product_brand","embeddable":true,"href":"https:\/\/aflamo.shop\/it\/wp-json\/wp\/v2\/product_brand?post=9941"},{"taxonomy":"product_cat","embeddable":true,"href":"https:\/\/aflamo.shop\/it\/wp-json\/wp\/v2\/product_cat?post=9941"},{"taxonomy":"product_tag","embeddable":true,"href":"https:\/\/aflamo.shop\/it\/wp-json\/wp\/v2\/product_tag?post=9941"}],"curies":[{"name":"wp","href":"https:\/\/api.w.org\/{rel}","templated":true}]}}