{"id":27396,"date":"2024-05-11T13:29:46","date_gmt":"2024-05-11T13:29:46","guid":{"rendered":"https:\/\/aflamo.shop\/p\/aflamo-honos-90-biocamino-da-parete-incasso\/"},"modified":"2026-03-12T14:00:39","modified_gmt":"2026-03-12T14:00:39","slug":"aflamo-honos-90-biocamino-a-parete","status":"publish","type":"product","link":"https:\/\/aflamo.shop\/it\/p\/aflamo-honos-90-biocamino-a-parete\/","title":{"rendered":"Aflamo Honos 90 &#8211; biocamino da parete\/incasso"},"content":{"rendered":"<h3><strong>Caratteristiche del camino<\/strong><\/h3>\n<p>&nbsp;<\/p>\n<p><b>Honos<\/b> \u00e8 un camino a parete dal design minimalista. Pura eleganza, senza fronzoli inutili. Honos riempir\u00e0 i tuoi interni e render\u00e0 superflui altri accessori.<\/p>\n<p>Ora puoi goderti la bellezza di una fiamma autentica in qualsiasi stanza.<\/p>\n<div class=\"more-info\">\n<div class=\"tab-content\">\n<section id=\"idTab1\" class=\"page-product-box\">\n<div class=\"rte\">\n<div class=\"row\">\n<div id=\"\" class=\"col-xs-12 col-sm-6 \">\n<div id=\"\" class=\"eds-on-scroll eds-scroll-visible animated fadeInUp duration2\">\n<ul>\n<li>Biocamino da parete<\/li>\n<li>Design unico e moderno<\/li>\n<li>Lavorazione di altissima qualit\u00e0<\/li>\n<li>Bruciatore sicuro e certificato TUV omologato<\/li>\n<\/ul>\n<p>&nbsp;<\/p>\n<h6><strong>Corpo<\/strong><\/h6>\n<ul>\n<li>Colore: Nero opaco<\/li>\n<li>Interamente in acciaio<\/li>\n<li>Massima qualit\u00e0 grazie agli angoli saldati e lucidati<\/li>\n<li>Verniciato con vernice resistente alle alte temperature e agli urti<\/li>\n<\/ul>\n<h6><\/h6>\n<h6><strong>Bruciatore<\/strong><\/h6>\n<\/div>\n<p>Il bruciatore utilizzato in questo biocamino \u00e8 realizzato in acciaio inossidabile. \u00c8 dotato di un elemento assorbente interno, che garantisce un utilizzo sicuro ed elimina il rischio di fuoriuscita incontrollata di biocombustibile.<\/p>\n<p>Ogni set completo \u00e8 dotato di uno speciale estintore, che consente di spegnere facilmente e rapidamente le fiamme del biocamino in qualsiasi momento.<\/p>\n<div id=\"\" class=\"eds-on-scroll eds-scroll-visible animated fadeInUp duration2\">\n<ul>\n<li>Certificato T\u00dcV sicuro<\/li>\n<li>Il design raffinato garantisce una combustione uniforme su tutta la larghezza<\/li>\n<li>L&#8217;inserto in ceramica riduce il rischio di fuoriuscita di biocombustibile<\/li>\n<li>Realizzato in acciaio inossidabile<\/li>\n<li>53 Bruciatori<\/li>\n<li>Capacit\u00e0 0,75 litri<\/li>\n<li>Tempo di combustione 1 ora e 20 minuti<\/li>\n<\/ul>\n<div class=\"flex flex-grow flex-col\">\n<div class=\"min-h-[20px] flex flex-col items-start gap-3 overflow-x-auto whitespace-pre-wrap break-words\">\n<div class=\"markdown prose w-full break-words dark:prose-invert light\">\n<p>Il camino a bioetanolo da parete Honos \u00e8 un elemento unico ed elegante che porta in ogni ambiente non solo la magia di un fuoco ardente, ma anche un&#8217;estetica minimalista.<\/p>\n<p>Honos \u00e8 un camino a bioetanolo da parete la cui semplicit\u00e0 enfatizza lo stile moderno di un interno. Il suo design minimalista lo rende non solo una fonte di calore, ma anche un&#8217;opera d&#8217;arte a s\u00e9 stante che cattura l&#8217;attenzione e crea un punto focale unico nella stanza. Senza aggiunte o abbellimenti inutili, Honos trasuda eleganza e stile classico.<\/p>\n<p>L&#8217;eleganza di Honos risiede nella sua forma pura. Ridotto all&#8217;essenziale, questo camino a bioetanolo permette alla fiamma di diventare la protagonista dell&#8217;arredamento. Eliminando decorazioni inutili, Honos riempie gli interni di autentica luminosit\u00e0 e crea un&#8217;atmosfera di pace e relax. \u00c8 pi\u00f9 di una semplice fonte di luce o calore: \u00e8 un invito alla contemplazione e a un momento di relax.<\/p>\n<p>Il camino a bioetanolo Honos permette di godere della bellezza di una fiamma autentica in qualsiasi stanza. Senza la necessit\u00e0 di installazioni complesse o di allacciamenti alle linee del gas, Honos offre la massima libert\u00e0 di posizionamento ovunque si desideri un tocco speciale. Che si tratti di un soggiorno, di una camera da letto o di una sala relax, Honos conferisce all&#8217;ambiente un&#8217;aura unica di calore e magia.<\/p>\n<p>In breve, il camino a bioetanolo da parete Honos \u00e8 la quintessenza del minimalismo e dell&#8217;eleganza. Il suo design semplice esalta la vista squisita di un fuoco ardente, che diventa il punto focale di qualsiasi interno. Honos non \u00e8 solo un camino a bioetanolo; \u00e8 un tocco artistico che crea un&#8217;atmosfera unica, rendendo speciali i momenti quotidiani. Disponibile anche in vetro versione.<\/p>\n<\/div>\n<p><a href=\"https:\/\/aflamo.shop\/wp-content\/uploads\/2024\/09\/bio_manual_EN-PL-DE-FR-ES-IT-5.pdf\">Manuale d&#8217;uso<\/a><\/p>\n<p><a href=\"https:\/\/aflamo.shop\/wp-content\/uploads\/2024\/09\/Juno_Honos_manual_EN-PL-DE-FR-ES-IT-2.pdf\">Istruzioni di installazione del biocamino<\/a><\/p>\n<p><a href=\"https:\/\/aflamo.shop\/wp-content\/uploads\/2024\/09\/Safety_instructions_EN-PL-DE-IT-ES-FR-CS-SK-NL-5.pdf\">Informazioni importanti sulla sicurezza<\/a><\/p>\n<p>&nbsp;<\/p>\n<h3><strong>Dati tecnici Disegno<\/strong><\/h3>\n<p>&nbsp;<\/p>\n<p><strong>Honos 65<\/strong><\/p>\n<ul>\n<li>Bruciatore 28<\/li>\n<li>Capacit\u00e0 0,35 litri<\/li>\n<li>Tempo di combustione 1 ora<\/li>\n<\/ul>\n<p>&nbsp;<\/p>\n<p><img fetchpriority=\"high\" decoding=\"async\" width=\"900\" height=\"839\" class=\"wp-image-10527 aligncenter\" src=\"https:\/\/aflamo.shop\/wp-content\/uploads\/2024\/05\/Honos_65-900x839-1.png\" alt=\"\" srcset=\"https:\/\/aflamo.shop\/wp-content\/uploads\/2024\/05\/Honos_65-900x839-1.png 900w, https:\/\/aflamo.shop\/wp-content\/uploads\/2024\/05\/Honos_65-900x839-1-600x559.png 600w, https:\/\/aflamo.shop\/wp-content\/uploads\/2024\/05\/Honos_65-900x839-1-300x280.png 300w, https:\/\/aflamo.shop\/wp-content\/uploads\/2024\/05\/Honos_65-900x839-1-768x716.png 768w\" sizes=\"(max-width: 900px) 100vw, 900px\" \/><\/p>\n<p><strong>Honos 90<\/strong><\/p>\n<ul>\n<li>Bruciatore 53<\/li>\n<li>Capacit\u00e0 0,75 litri<\/li>\n<li>Tempo di combustione 1 ora e 20 minuti<\/li>\n<\/ul>\n<p><img decoding=\"async\" class=\"wp-image-10530 aligncenter\" src=\"https:\/\/aflamo.shop\/wp-content\/uploads\/2024\/05\/Honos_90-900x726-1.png\" alt=\"\" width=\"652\" height=\"526\" srcset=\"https:\/\/aflamo.shop\/wp-content\/uploads\/2024\/05\/Honos_90-900x726-1.png 900w, https:\/\/aflamo.shop\/wp-content\/uploads\/2024\/05\/Honos_90-900x726-1-600x484.png 600w, https:\/\/aflamo.shop\/wp-content\/uploads\/2024\/05\/Honos_90-900x726-1-300x242.png 300w, https:\/\/aflamo.shop\/wp-content\/uploads\/2024\/05\/Honos_90-900x726-1-768x620.png 768w\" sizes=\"(max-width: 652px) 100vw, 652px\" \/><\/p>\n<p><strong>Honos 125<\/strong><\/p>\n<ul>\n<li>Bruciatore 80<\/li>\n<li>Capacit\u00e0 1,24 litri<\/li>\n<li>Tempo di combustione 75 minuti<\/li>\n<\/ul>\n<p><img decoding=\"async\" class=\" wp-image-10533 aligncenter\" src=\"https:\/\/aflamo.shop\/wp-content\/uploads\/2024\/05\/Honos_125-900x698-1.png\" alt=\"\" width=\"652\" height=\"506\" srcset=\"https:\/\/aflamo.shop\/wp-content\/uploads\/2024\/05\/Honos_125-900x698-1.png 900w, https:\/\/aflamo.shop\/wp-content\/uploads\/2024\/05\/Honos_125-900x698-1-600x465.png 600w, https:\/\/aflamo.shop\/wp-content\/uploads\/2024\/05\/Honos_125-900x698-1-300x233.png 300w, https:\/\/aflamo.shop\/wp-content\/uploads\/2024\/05\/Honos_125-900x698-1-768x596.png 768w\" sizes=\"(max-width: 652px) 100vw, 652px\" \/><\/p>\n<p><strong>Honos 155<\/strong><\/p>\n<ul>\n<li>2 x Bruciatore 53<\/li>\n<li>Capacit\u00e0 2 x 0,75 litri<\/li>\n<li>Tempo di combustione 1 ora e 20 minuti<\/li>\n<\/ul>\n<p><img loading=\"lazy\" decoding=\"async\" class=\"wp-image-10536 aligncenter\" src=\"https:\/\/aflamo.shop\/wp-content\/uploads\/2024\/05\/Honos_155-900x555-1.png\" alt=\"\" width=\"652\" height=\"402\" srcset=\"https:\/\/aflamo.shop\/wp-content\/uploads\/2024\/05\/Honos_155-900x555-1.png 900w, https:\/\/aflamo.shop\/wp-content\/uploads\/2024\/05\/Honos_155-900x555-1-600x370.png 600w, https:\/\/aflamo.shop\/wp-content\/uploads\/2024\/05\/Honos_155-900x555-1-300x185.png 300w, https:\/\/aflamo.shop\/wp-content\/uploads\/2024\/05\/Honos_155-900x555-1-768x474.png 768w\" sizes=\"(max-width: 652px) 100vw, 652px\" \/><\/p>\n<p><strong>Honos 185<\/strong><\/p>\n<ul>\n<li>2 x Bruciatori 80<\/li>\n<li>Capacit\u00e0 2 x 1,24 litri<\/li>\n<li>Tempo di combustione 75 min<\/li>\n<\/ul>\n<p><img loading=\"lazy\" decoding=\"async\" class=\"wp-image-10539 aligncenter\" src=\"https:\/\/aflamo.shop\/wp-content\/uploads\/2024\/05\/Honos_185-900x508-1.png\" alt=\"\" width=\"650\" height=\"367\" srcset=\"https:\/\/aflamo.shop\/wp-content\/uploads\/2024\/05\/Honos_185-900x508-1.png 900w, https:\/\/aflamo.shop\/wp-content\/uploads\/2024\/05\/Honos_185-900x508-1-600x339.png 600w, https:\/\/aflamo.shop\/wp-content\/uploads\/2024\/05\/Honos_185-900x508-1-300x169.png 300w, https:\/\/aflamo.shop\/wp-content\/uploads\/2024\/05\/Honos_185-900x508-1-768x433.png 768w\" sizes=\"(max-width: 650px) 100vw, 650px\" \/><\/p>\n<p>&nbsp;<\/p>\n<\/div>\n<\/div>\n<\/div>\n<\/div>\n<\/div>\n<\/div>\n<\/section>\n<\/div>\n<\/div>\n","protected":false},"excerpt":{"rendered":"<p>Produttore: Aflamo<\/p>\n<p>RICEZIONE: 05908283562688<\/p>\n<p><b>Modello:<\/b><\/p>\n<ul>\n<li><a href=\"https:\/\/aflamo.shop\/it\/p\/aflamo-honos-65-biocamino-a-parete\/\">65<\/a><\/li>\n<li><a href=\"https:\/\/aflamo.shop\/it\/p\/aflamo-honos-90-biocamino-a-parete\/\">90<\/a><\/li>\n<li><a href=\"https:\/\/aflamo.shop\/it\/p\/aflamo-honos-125-biocamino-a-parete\/\">125<\/a><\/li>\n<li><a href=\"https:\/\/aflamo.shop\/it\/p\/aflamo-honos-155-biocamino-da-parete\/\">155<\/a><\/li>\n<li><a href=\"https:\/\/aflamo.shop\/it\/p\/aflamo-honos-185-biocamino-da-parete\/\">185<\/a><\/li>\n<\/ul>\n<p><a href=\"https:\/\/aflamo.shop\/it\/p\/aflamo-honos-125-con-vetro-caminetto-da-parete-incasso\/\"><b>Modelli con vetro:<\/b><\/a><\/p>\n<p><b>Dimensioni:<\/b> 90 x 40 x 12 cm<b><\/p>\n","protected":false},"featured_media":11204,"comment_status":"open","ping_status":"closed","template":"","meta":[],"product_brand":[],"product_cat":[682,175,930],"product_tag":[],"class_list":{"0":"post-27396","1":"product","2":"type-product","3":"status-publish","4":"has-post-thumbnail","6":"product_cat-alfamo-it","7":"product_cat-biocamini","8":"product_cat-muro","10":"first","11":"instock","12":"shipping-taxable","13":"purchasable","14":"product-type-simple"},"yoast_head":"<!-- This site is optimized with the Yoast SEO plugin v27.4 - https:\/\/yoast.com\/product\/yoast-seo-wordpress\/ -->\n<title>Aflamo Honos 90 - biocamino da parete\/incasso - aflamo.shop - rivenditore Aflamo certificato<\/title>\n<meta name=\"description\" content=\"Il biocamino a parete Honos: minimalismo ed eleganza. Il design semplice esalta il fuoco ardente, creando un punto focale nell&#039;ambiente. Disponibile anche con pannello in vetro.\" \/>\n<meta name=\"robots\" content=\"index, follow, max-snippet:-1, max-image-preview:large, max-video-preview:-1\" \/>\n<link rel=\"canonical\" href=\"https:\/\/aflamo.shop\/it\/p\/aflamo-honos-90-biocamino-a-parete\/\" \/>\n<meta property=\"og:locale\" content=\"it_IT\" \/>\n<meta property=\"og:type\" content=\"article\" \/>\n<meta property=\"og:title\" content=\"Aflamo Honos 90 - biocamino da parete\/incasso - aflamo.shop - rivenditore Aflamo certificato\" \/>\n<meta property=\"og:description\" content=\"Il biocamino a parete Honos: minimalismo ed eleganza. Il design semplice esalta il fuoco ardente, creando un punto focale nell&#039;ambiente. Disponibile anche con pannello in vetro.\" \/>\n<meta property=\"og:url\" content=\"https:\/\/aflamo.shop\/it\/p\/aflamo-honos-90-biocamino-a-parete\/\" \/>\n<meta property=\"og:site_name\" content=\"aflamo.shop - rivenditore Aflamo certificato\" \/>\n<meta property=\"article:modified_time\" content=\"2026-03-12T14:00:39+00:00\" \/>\n<meta property=\"og:image\" content=\"https:\/\/aflamo.shop\/wp-content\/uploads\/2024\/05\/Honos_front_flame-pra.jpg\" \/>\n\t<meta property=\"og:image:width\" content=\"260\" \/>\n\t<meta property=\"og:image:height\" content=\"200\" \/>\n\t<meta property=\"og:image:type\" content=\"image\/jpeg\" \/>\n<meta name=\"twitter:card\" content=\"summary_large_image\" \/>\n<meta name=\"twitter:label1\" content=\"Tempo di lettura stimato\" \/>\n\t<meta name=\"twitter:data1\" content=\"5 minuti\" \/>\n<script type=\"application\/ld+json\" class=\"yoast-schema-graph\">{\"@context\":\"https:\\\/\\\/schema.org\",\"@graph\":[{\"@type\":\"WebPage\",\"@id\":\"https:\\\/\\\/aflamo.shop\\\/it\\\/p\\\/aflamo-honos-90-biocamino-a-parete\\\/\",\"url\":\"https:\\\/\\\/aflamo.shop\\\/it\\\/p\\\/aflamo-honos-90-biocamino-a-parete\\\/\",\"name\":\"Aflamo Honos 90 - biocamino da parete\\\/incasso - aflamo.shop - rivenditore Aflamo certificato\",\"isPartOf\":{\"@id\":\"https:\\\/\\\/aflamo.shop\\\/it\\\/#website\"},\"primaryImageOfPage\":{\"@id\":\"https:\\\/\\\/aflamo.shop\\\/it\\\/p\\\/aflamo-honos-90-biocamino-a-parete\\\/#primaryimage\"},\"image\":{\"@id\":\"https:\\\/\\\/aflamo.shop\\\/it\\\/p\\\/aflamo-honos-90-biocamino-a-parete\\\/#primaryimage\"},\"thumbnailUrl\":\"https:\\\/\\\/aflamo.shop\\\/wp-content\\\/uploads\\\/2024\\\/05\\\/Honos_front_flame-pra.jpg\",\"datePublished\":\"2024-05-11T13:29:46+00:00\",\"dateModified\":\"2026-03-12T14:00:39+00:00\",\"description\":\"Il biocamino a parete Honos: minimalismo ed eleganza. Il design semplice esalta il fuoco ardente, creando un punto focale nell'ambiente. Disponibile anche con pannello in vetro.\",\"breadcrumb\":{\"@id\":\"https:\\\/\\\/aflamo.shop\\\/it\\\/p\\\/aflamo-honos-90-biocamino-a-parete\\\/#breadcrumb\"},\"inLanguage\":\"it-IT\",\"potentialAction\":[{\"@type\":\"ReadAction\",\"target\":[\"https:\\\/\\\/aflamo.shop\\\/it\\\/p\\\/aflamo-honos-90-biocamino-a-parete\\\/\"]}]},{\"@type\":\"ImageObject\",\"inLanguage\":\"it-IT\",\"@id\":\"https:\\\/\\\/aflamo.shop\\\/it\\\/p\\\/aflamo-honos-90-biocamino-a-parete\\\/#primaryimage\",\"url\":\"https:\\\/\\\/aflamo.shop\\\/wp-content\\\/uploads\\\/2024\\\/05\\\/Honos_front_flame-pra.jpg\",\"contentUrl\":\"https:\\\/\\\/aflamo.shop\\\/wp-content\\\/uploads\\\/2024\\\/05\\\/Honos_front_flame-pra.jpg\",\"width\":260,\"height\":200},{\"@type\":\"BreadcrumbList\",\"@id\":\"https:\\\/\\\/aflamo.shop\\\/it\\\/p\\\/aflamo-honos-90-biocamino-a-parete\\\/#breadcrumb\",\"itemListElement\":[{\"@type\":\"ListItem\",\"position\":1,\"name\":\"Pagina iniziale\",\"item\":\"https:\\\/\\\/aflamo.shop\\\/it\\\/\"},{\"@type\":\"ListItem\",\"position\":2,\"name\":\"Negozio\",\"item\":\"https:\\\/\\\/aflamo.shop\\\/negozio\\\/\"},{\"@type\":\"ListItem\",\"position\":3,\"name\":\"Biocamini\",\"item\":\"https:\\\/\\\/aflamo.shop\\\/it\\\/s\\\/biocamini\\\/\"},{\"@type\":\"ListItem\",\"position\":4,\"name\":\"Aflamo Honos 90 &#8211; biocamino da parete\\\/incasso\"}]},{\"@type\":\"WebSite\",\"@id\":\"https:\\\/\\\/aflamo.shop\\\/it\\\/#website\",\"url\":\"https:\\\/\\\/aflamo.shop\\\/it\\\/\",\"name\":\"aflamo.shop - rivenditore Aflamo certificato\",\"description\":\"Kominki elektryczne Aflamo i Emotion Flame z funkcj\u0105 grzania\",\"publisher\":{\"@id\":\"https:\\\/\\\/aflamo.shop\\\/it\\\/#organization\"},\"potentialAction\":[{\"@type\":\"SearchAction\",\"target\":{\"@type\":\"EntryPoint\",\"urlTemplate\":\"https:\\\/\\\/aflamo.shop\\\/it\\\/?s={search_term_string}\"},\"query-input\":{\"@type\":\"PropertyValueSpecification\",\"valueRequired\":true,\"valueName\":\"search_term_string\"}}],\"inLanguage\":\"it-IT\"},{\"@type\":\"Organization\",\"@id\":\"https:\\\/\\\/aflamo.shop\\\/it\\\/#organization\",\"name\":\"aflamo.shop - rivenditore Aflamo certificato\",\"url\":\"https:\\\/\\\/aflamo.shop\\\/it\\\/\",\"logo\":{\"@type\":\"ImageObject\",\"inLanguage\":\"it-IT\",\"@id\":\"https:\\\/\\\/aflamo.shop\\\/it\\\/#\\\/schema\\\/logo\\\/image\\\/\",\"url\":\"https:\\\/\\\/aflamo.shop\\\/wp-content\\\/uploads\\\/2019\\\/10\\\/logo2.1-1-1.svg\",\"contentUrl\":\"https:\\\/\\\/aflamo.shop\\\/wp-content\\\/uploads\\\/2019\\\/10\\\/logo2.1-1-1.svg\",\"caption\":\"aflamo.shop - rivenditore Aflamo certificato\"},\"image\":{\"@id\":\"https:\\\/\\\/aflamo.shop\\\/it\\\/#\\\/schema\\\/logo\\\/image\\\/\"}}]}<\/script>\n<!-- \/ Yoast SEO plugin. -->","yoast_head_json":{"title":"Aflamo Honos 90 - biocamino da parete\/incasso - aflamo.shop - rivenditore Aflamo certificato","description":"Il biocamino a parete Honos: minimalismo ed eleganza. Il design semplice esalta il fuoco ardente, creando un punto focale nell'ambiente. Disponibile anche con pannello in vetro.","robots":{"index":"index","follow":"follow","max-snippet":"max-snippet:-1","max-image-preview":"max-image-preview:large","max-video-preview":"max-video-preview:-1"},"canonical":"https:\/\/aflamo.shop\/it\/p\/aflamo-honos-90-biocamino-a-parete\/","og_locale":"it_IT","og_type":"article","og_title":"Aflamo Honos 90 - biocamino da parete\/incasso - aflamo.shop - rivenditore Aflamo certificato","og_description":"Il biocamino a parete Honos: minimalismo ed eleganza. Il design semplice esalta il fuoco ardente, creando un punto focale nell'ambiente. Disponibile anche con pannello in vetro.","og_url":"https:\/\/aflamo.shop\/it\/p\/aflamo-honos-90-biocamino-a-parete\/","og_site_name":"aflamo.shop - rivenditore Aflamo certificato","article_modified_time":"2026-03-12T14:00:39+00:00","og_image":[{"width":260,"height":200,"url":"https:\/\/aflamo.shop\/wp-content\/uploads\/2024\/05\/Honos_front_flame-pra.jpg","type":"image\/jpeg"}],"twitter_card":"summary_large_image","twitter_misc":{"Tempo di lettura stimato":"5 minuti"},"schema":{"@context":"https:\/\/schema.org","@graph":[{"@type":"WebPage","@id":"https:\/\/aflamo.shop\/it\/p\/aflamo-honos-90-biocamino-a-parete\/","url":"https:\/\/aflamo.shop\/it\/p\/aflamo-honos-90-biocamino-a-parete\/","name":"Aflamo Honos 90 - biocamino da parete\/incasso - aflamo.shop - rivenditore Aflamo certificato","isPartOf":{"@id":"https:\/\/aflamo.shop\/it\/#website"},"primaryImageOfPage":{"@id":"https:\/\/aflamo.shop\/it\/p\/aflamo-honos-90-biocamino-a-parete\/#primaryimage"},"image":{"@id":"https:\/\/aflamo.shop\/it\/p\/aflamo-honos-90-biocamino-a-parete\/#primaryimage"},"thumbnailUrl":"https:\/\/aflamo.shop\/wp-content\/uploads\/2024\/05\/Honos_front_flame-pra.jpg","datePublished":"2024-05-11T13:29:46+00:00","dateModified":"2026-03-12T14:00:39+00:00","description":"Il biocamino a parete Honos: minimalismo ed eleganza. Il design semplice esalta il fuoco ardente, creando un punto focale nell'ambiente. Disponibile anche con pannello in vetro.","breadcrumb":{"@id":"https:\/\/aflamo.shop\/it\/p\/aflamo-honos-90-biocamino-a-parete\/#breadcrumb"},"inLanguage":"it-IT","potentialAction":[{"@type":"ReadAction","target":["https:\/\/aflamo.shop\/it\/p\/aflamo-honos-90-biocamino-a-parete\/"]}]},{"@type":"ImageObject","inLanguage":"it-IT","@id":"https:\/\/aflamo.shop\/it\/p\/aflamo-honos-90-biocamino-a-parete\/#primaryimage","url":"https:\/\/aflamo.shop\/wp-content\/uploads\/2024\/05\/Honos_front_flame-pra.jpg","contentUrl":"https:\/\/aflamo.shop\/wp-content\/uploads\/2024\/05\/Honos_front_flame-pra.jpg","width":260,"height":200},{"@type":"BreadcrumbList","@id":"https:\/\/aflamo.shop\/it\/p\/aflamo-honos-90-biocamino-a-parete\/#breadcrumb","itemListElement":[{"@type":"ListItem","position":1,"name":"Pagina iniziale","item":"https:\/\/aflamo.shop\/it\/"},{"@type":"ListItem","position":2,"name":"Negozio","item":"https:\/\/aflamo.shop\/negozio\/"},{"@type":"ListItem","position":3,"name":"Biocamini","item":"https:\/\/aflamo.shop\/it\/s\/biocamini\/"},{"@type":"ListItem","position":4,"name":"Aflamo Honos 90 &#8211; biocamino da parete\/incasso"}]},{"@type":"WebSite","@id":"https:\/\/aflamo.shop\/it\/#website","url":"https:\/\/aflamo.shop\/it\/","name":"aflamo.shop - rivenditore Aflamo certificato","description":"Kominki elektryczne Aflamo i Emotion Flame z funkcj\u0105 grzania","publisher":{"@id":"https:\/\/aflamo.shop\/it\/#organization"},"potentialAction":[{"@type":"SearchAction","target":{"@type":"EntryPoint","urlTemplate":"https:\/\/aflamo.shop\/it\/?s={search_term_string}"},"query-input":{"@type":"PropertyValueSpecification","valueRequired":true,"valueName":"search_term_string"}}],"inLanguage":"it-IT"},{"@type":"Organization","@id":"https:\/\/aflamo.shop\/it\/#organization","name":"aflamo.shop - rivenditore Aflamo certificato","url":"https:\/\/aflamo.shop\/it\/","logo":{"@type":"ImageObject","inLanguage":"it-IT","@id":"https:\/\/aflamo.shop\/it\/#\/schema\/logo\/image\/","url":"https:\/\/aflamo.shop\/wp-content\/uploads\/2019\/10\/logo2.1-1-1.svg","contentUrl":"https:\/\/aflamo.shop\/wp-content\/uploads\/2019\/10\/logo2.1-1-1.svg","caption":"aflamo.shop - rivenditore Aflamo certificato"},"image":{"@id":"https:\/\/aflamo.shop\/it\/#\/schema\/logo\/image\/"}}]}},"_links":{"self":[{"href":"https:\/\/aflamo.shop\/it\/wp-json\/wp\/v2\/product\/27396","targetHints":{"allow":["GET"]}}],"collection":[{"href":"https:\/\/aflamo.shop\/it\/wp-json\/wp\/v2\/product"}],"about":[{"href":"https:\/\/aflamo.shop\/it\/wp-json\/wp\/v2\/types\/product"}],"replies":[{"embeddable":true,"href":"https:\/\/aflamo.shop\/it\/wp-json\/wp\/v2\/comments?post=27396"}],"wp:featuredmedia":[{"embeddable":true,"href":"https:\/\/aflamo.shop\/it\/wp-json\/wp\/v2\/media\/11204"}],"wp:attachment":[{"href":"https:\/\/aflamo.shop\/it\/wp-json\/wp\/v2\/media?parent=27396"}],"wp:term":[{"taxonomy":"product_brand","embeddable":true,"href":"https:\/\/aflamo.shop\/it\/wp-json\/wp\/v2\/product_brand?post=27396"},{"taxonomy":"product_cat","embeddable":true,"href":"https:\/\/aflamo.shop\/it\/wp-json\/wp\/v2\/product_cat?post=27396"},{"taxonomy":"product_tag","embeddable":true,"href":"https:\/\/aflamo.shop\/it\/wp-json\/wp\/v2\/product_tag?post=27396"}],"curies":[{"name":"wp","href":"https:\/\/api.w.org\/{rel}","templated":true}]}}