{"id":21118,"date":"2025-12-08T12:46:03","date_gmt":"2025-12-08T12:46:03","guid":{"rendered":"https:\/\/aflamo.shop\/?post_type=product&#038;p=21118"},"modified":"2026-03-10T13:40:45","modified_gmt":"2026-03-10T13:40:45","slug":"aflamo-juno-144-caminetto-da-parete-incasso","status":"publish","type":"product","link":"https:\/\/aflamo.shop\/it\/p\/aflamo-juno-144-caminetto-da-parete-incasso\/","title":{"rendered":"Aflamo Juno 144 &#8211; caminetto da parete\/da incasso"},"content":{"rendered":"<h3><strong>Caratteristiche del caminetto<\/strong><\/h3>\n<p>&nbsp;<\/p>\n<p><b>Juno<\/b> \u00e8 un caminetto da parete dal design minimalista. Eleganza allo stato puro, senza inutili aggiunte. Juno riempir\u00e0 i tuoi interni e render\u00e0 superflui altri accessori.  <\/p>\n<p>Ora puoi goderti la bellezza di una fiamma vera in qualsiasi stanza.<\/p>\n<div class=\"more-info\">\n<div class=\"tab-content\">\n<section id=\"idTab1\" class=\"page-product-box\">\n<div class=\"rte\">\n<div class=\"row\">\n<div id=\"\" class=\"col-xs-12 col-sm-6 \">\n<div id=\"\" class=\"eds-on-scroll eds-scroll-visible animated fadeInUp duration2\">\n<ul>\n<li>Biocamino a parete<\/li>\n<li>Design unico e moderno<\/li>\n<li>Lavorazione di alta qualit\u00e0<\/li>\n<li>Bruciatore di sicurezza certificato TUV<\/li>\n<\/ul>\n<p><img fetchpriority=\"high\" decoding=\"async\" class=\"wp-image-21139 aligncenter\" src=\"https:\/\/aflamo.shop\/wp-content\/uploads\/2025\/12\/Juno_front_flame-1540.jpg\" alt=\"\" width=\"661\" height=\"213\" srcset=\"https:\/\/aflamo.shop\/wp-content\/uploads\/2025\/12\/Juno_front_flame-1540.jpg 540w, https:\/\/aflamo.shop\/wp-content\/uploads\/2025\/12\/Juno_front_flame-1540-300x97.jpg 300w\" sizes=\"(max-width: 661px) 100vw, 661px\" \/><\/p>\n<p>&nbsp;<\/p>\n<h6><strong>Alloggi  <\/strong><\/h6>\n<p>&nbsp;<\/p>\n<ul>\n<li>colore: nero opaco<\/li>\n<li>interamente in acciaio<\/li>\n<li>qualit\u00e0 superiore grazie agli angoli saldati e rettificati<\/li>\n<li>verniciato con vernice resistente al calore e ai danni<\/li>\n<\/ul>\n<h6><\/h6>\n<h6><strong>Bruciatore<\/strong><\/h6>\n<\/div>\n<p>Il bruciatore utilizzato in questo biocamino \u00e8 realizzato in acciaio inox. Al suo interno \u00e8 presente un elemento assorbente che garantisce un utilizzo sicuro ed elimina il rischio di fuoriuscite incontrollate di biocarburante.<br \/>\n<iframe title=\"Lettore video di YouTube\" src=\"https:\/\/www.youtube.com\/embed\/N2BoGvvJ2xo?si=Jvh9PvtIAf8vpwzH\" width=\"560\" height=\"315\" frameborder=\"0\" allowfullscreen=\"allowfullscreen\"><\/iframe><br \/>\nIn ogni set completo \u00e8 incluso uno speciale estintore che consente di spegnere le fiamme del biocamino in modo facile e veloce in qualsiasi momento.<\/p>\n<div id=\"\" class=\"eds-on-scroll eds-scroll-visible animated fadeInUp duration2\">\n<ul style=\"font-weight: 400;\">\n<li>cassaforte con certificato TUV<\/li>\n<li>Il design sofisticato garantisce una combustione uniforme su tutta la larghezza<\/li>\n<li>l&#8217;inserto in ceramica riduce il rischio di fuoriuscita di biocarburante<\/li>\n<li>in acciaio inox<\/li>\n<\/ul>\n<p>&nbsp;<\/p>\n<div class=\"flex flex-grow flex-col gap-3\">\n<div class=\"min-h-[20px] flex flex-col items-start gap-3 overflow-x-auto whitespace-pre-wrap break-words\">\n<div class=\"markdown prose w-full break-words dark:prose-invert light\">\n<p>Il biocamino da parete chiamato Juno \u00e8 un pezzo unico ed elegante che non solo porta la magica vista di un fuoco acceso in uno spazio, ma anche un&#8217;estetica minimalista.<\/p>\n<p>Juno \u00e8 un biocamino a parete che sottolinea lo stile moderno degli interni con la sua semplicit\u00e0. Il suo design minimalista lo rende non solo una fonte di calore, ma anche un&#8217;opera d&#8217;arte indipendente che cattura lo sguardo e crea un punto focale unico nella stanza. Senza aggiunte superflue o ornamenti, Juno emana eleganza e classe.  <\/p>\n<p>L&#8217;eleganza di Juno risiede nella sua forma pura. Ridotto agli elementi essenziali, questo biocamino permette alla fiamma di diventare la protagonista dell&#8217;arredamento. Rinunciando a decorazioni superflue, Juno riempie gli interni di autentica luminosit\u00e0 e introduce un&#8217;atmosfera di calma e relax. Pi\u00f9 che una semplice fonte di luce o di calore, \u00e8 un invito alla contemplazione e a un momento di riposo.   <\/p>\n<p>L&#8217;utilizzo del biocamino Juno offre la possibilit\u00e0 di godere della bellezza di una fiamma vera in qualsiasi stanza. Senza la necessit\u00e0 di complicate installazioni o di collegamenti alle tubature del gas, Juno ti d\u00e0 la completa libert\u00e0 di posizionarlo ovunque ci sia bisogno di un accento unico. Che si tratti del soggiorno, della camera da letto o del salotto, Juno conferisce un&#8217;aura unica di calore e magia allo spazio.  <\/p>\n<p>In sintesi, il biocamino da parete Juno \u00e8 la quintessenza del minimalismo e dell&#8217;eleganza. Il suo design semplice enfatizza la vista unica di un fuoco acceso, che diventa il punto focale di ogni interno. Juno non \u00e8 solo un biocamino, ma un accento artistico che crea un&#8217;atmosfera unica, rendendo speciali i momenti quotidiani. \u00c8 disponibile anche nella variante in vetro.   <\/p>\n<ul><strong><\/p>\n<p><a href=\"https:\/\/aflamo.shop\/wp-content\/uploads\/2024\/09\/bio_manual_EN-PL-DE-FR-ES-IT-5.pdf\">Istruzioni per l&#8217;uso<\/a><\/p>\n<p><a href=\"https:\/\/aflamo.shop\/wp-content\/uploads\/2024\/09\/Juno_Honos_glass_installation_EN-PL-DE-FR-ES-IT-4.pdf\"><br \/>\nistruzioni per l&#8217;installazione dei vetri<\/a><\/p>\n<p><a href=\"https:\/\/aflamo.shop\/wp-content\/uploads\/2024\/09\/Juno_Honos_manual_EN-PL-DE-FR-ES-IT-2.pdf\">Istruzioni per l&#8217;installazione del biocamino<\/a><\/p>\n<p><a href=\"https:\/\/aflamo.shop\/wp-content\/uploads\/2024\/09\/Safety_instructions_EN-PL-DE-IT-ES-FR-CS-SK-NL-5.pdf\">Informazioni sulla sicurezza<\/a><\/p>\n<p><\/strong><\/ul>\n<\/div>\n<h3><strong>Disegno tecnico<\/strong><\/h3>\n<p>&nbsp;<\/p>\n<p><strong>Giunone 54  <\/strong><\/p>\n<ul>\n<li>Bruciatore 28<\/li>\n<li>capacit\u00e0 0,35 litri<\/li>\n<li>tempo di combustione 1h<\/li>\n<\/ul>\n<p><img decoding=\"async\" class=\"wp-image-20970 size-full aligncenter\" src=\"https:\/\/aflamo.shop\/wp-content\/uploads\/2025\/12\/Juno_54-900x728-1.png\" alt=\"\" width=\"900\" height=\"728\" srcset=\"https:\/\/aflamo.shop\/wp-content\/uploads\/2025\/12\/Juno_54-900x728-1.png 900w, https:\/\/aflamo.shop\/wp-content\/uploads\/2025\/12\/Juno_54-900x728-1-600x485.png 600w, https:\/\/aflamo.shop\/wp-content\/uploads\/2025\/12\/Juno_54-900x728-1-300x243.png 300w, https:\/\/aflamo.shop\/wp-content\/uploads\/2025\/12\/Juno_54-900x728-1-768x621.png 768w\" sizes=\"(max-width: 900px) 100vw, 900px\" \/><\/p>\n<p>&nbsp;<\/p>\n<p><strong>Giunone 79  <\/strong><\/p>\n<ul>\n<li>Bruciatore 53<\/li>\n<li>capacit\u00e0 0,75 litri<\/li>\n<li>tempo di combustione 1h 20min<\/li>\n<\/ul>\n<p><img decoding=\"async\" class=\"aligncenter wp-image-20976 size-full\" src=\"https:\/\/aflamo.shop\/wp-content\/uploads\/2025\/12\/Juno_79-900x621-1.png\" alt=\"\" width=\"900\" height=\"621\" srcset=\"https:\/\/aflamo.shop\/wp-content\/uploads\/2025\/12\/Juno_79-900x621-1.png 900w, https:\/\/aflamo.shop\/wp-content\/uploads\/2025\/12\/Juno_79-900x621-1-600x414.png 600w, https:\/\/aflamo.shop\/wp-content\/uploads\/2025\/12\/Juno_79-900x621-1-300x207.png 300w, https:\/\/aflamo.shop\/wp-content\/uploads\/2025\/12\/Juno_79-900x621-1-768x530.png 768w\" sizes=\"(max-width: 900px) 100vw, 900px\" \/><\/p>\n<p>&nbsp;<\/p>\n<p><strong>Giunone 114<\/strong><\/p>\n<ul>\n<li>Bruciatore 80<\/li>\n<li>capacit\u00e0 1,24 litri<\/li>\n<li>tempo di combustione 75min<\/li>\n<\/ul>\n<p>&nbsp;<\/p>\n<p><img loading=\"lazy\" decoding=\"async\" class=\"aligncenter wp-image-20982 size-full\" src=\"https:\/\/aflamo.shop\/wp-content\/uploads\/2025\/12\/Juno_114-900x553-1.png\" alt=\"\" width=\"900\" height=\"553\" srcset=\"https:\/\/aflamo.shop\/wp-content\/uploads\/2025\/12\/Juno_114-900x553-1.png 900w, https:\/\/aflamo.shop\/wp-content\/uploads\/2025\/12\/Juno_114-900x553-1-600x369.png 600w, https:\/\/aflamo.shop\/wp-content\/uploads\/2025\/12\/Juno_114-900x553-1-300x184.png 300w, https:\/\/aflamo.shop\/wp-content\/uploads\/2025\/12\/Juno_114-900x553-1-768x472.png 768w\" sizes=\"(max-width: 900px) 100vw, 900px\" \/><\/p>\n<p>&nbsp;<\/p>\n<p><strong>Giunone 144  <\/strong><\/p>\n<ul>\n<li>2 x Bruciatore 53<\/li>\n<li>capacit\u00e0 2 x 0,75 litri<\/li>\n<li>tempo di combustione 1h 20min<\/li>\n<\/ul>\n<p><img loading=\"lazy\" decoding=\"async\" class=\"aligncenter wp-image-20988 size-full\" src=\"https:\/\/aflamo.shop\/wp-content\/uploads\/2025\/12\/Juno_144-900x465-1.png\" alt=\"\" width=\"900\" height=\"465\" srcset=\"https:\/\/aflamo.shop\/wp-content\/uploads\/2025\/12\/Juno_144-900x465-1.png 900w, https:\/\/aflamo.shop\/wp-content\/uploads\/2025\/12\/Juno_144-900x465-1-600x310.png 600w, https:\/\/aflamo.shop\/wp-content\/uploads\/2025\/12\/Juno_144-900x465-1-300x155.png 300w, https:\/\/aflamo.shop\/wp-content\/uploads\/2025\/12\/Juno_144-900x465-1-768x397.png 768w\" sizes=\"(max-width: 900px) 100vw, 900px\" \/><\/p>\n<p>&nbsp;<\/p>\n<p><strong>Giunone 174  <\/strong><\/p>\n<ul>\n<li>2 x Bruciatore 80<\/li>\n<li>capacit\u00e0 2 x 1,24 litri<\/li>\n<li>tempo di combustione 75min<\/li>\n<\/ul>\n<p><img loading=\"lazy\" decoding=\"async\" class=\"aligncenter wp-image-20994 size-full\" src=\"https:\/\/aflamo.shop\/wp-content\/uploads\/2025\/12\/Juno_174-900x421-1.png\" alt=\"\" width=\"900\" height=\"421\" srcset=\"https:\/\/aflamo.shop\/wp-content\/uploads\/2025\/12\/Juno_174-900x421-1.png 900w, https:\/\/aflamo.shop\/wp-content\/uploads\/2025\/12\/Juno_174-900x421-1-600x281.png 600w, https:\/\/aflamo.shop\/wp-content\/uploads\/2025\/12\/Juno_174-900x421-1-300x140.png 300w, https:\/\/aflamo.shop\/wp-content\/uploads\/2025\/12\/Juno_174-900x421-1-768x359.png 768w\" sizes=\"(max-width: 900px) 100vw, 900px\" \/><\/p>\n<p>&nbsp;<\/p>\n<\/div>\n<\/div>\n<\/div>\n<\/div>\n<\/div>\n<\/div>\n<\/section>\n<\/div>\n<\/div>\n","protected":false},"excerpt":{"rendered":"<p>Produttore: Aflamo<\/p>\n<p>GETIN: 5908283563548  <\/p>\n<p>Biocamino a parete\/appeso<\/p>\n<p><b>Modello:<\/b><\/p>\n<ul>\n<li><a href=\"https:\/\/aflamo.shop\/it\/p\/aflamo-juno-54-caminetto-da-parete-incasso\/\">54<\/a><\/li>\n<li><a href=\"https:\/\/aflamo.shop\/it\/p\/aflamo-juno-79-caminetto-da-parete-incasso\/\">79<\/a><\/li>\n<li><a href=\"https:\/\/aflamo.shop\/it\/p\/aflamo-juno-114-caminetto-da-parete-incasso\/\">114<\/a><\/li>\n<li><a href=\"https:\/\/aflamo.shop\/it\/p\/aflamo-juno-144-caminetto-da-parete-incasso\/\">144<\/a><\/li>\n<li><a href=\"https:\/\/aflamo.shop\/it\/p\/aflamo-juno-174-caminetto-da-parete-incasso\/\">174<\/a><\/li>\n<\/ul>\n<p><a href=\"https:\/\/aflamo.shop\/it\/p\/aflamo-juno-144-con-caminetto-a-parete-incasso-in-vetro\/\"><b>Guarda Juno con il vetro<\/b><\/a><\/p>\n<p><b>Dimensioni:<\/b> 144 x 34 x 15 cm<\/b><\/p>\n","protected":false},"featured_media":21192,"comment_status":"open","ping_status":"closed","template":"","meta":[],"product_brand":[],"product_cat":[682,175,930],"product_tag":[],"class_list":{"0":"post-21118","1":"product","2":"type-product","3":"status-publish","4":"has-post-thumbnail","6":"product_cat-alfamo-it","7":"product_cat-biocamini","8":"product_cat-muro","10":"first","11":"instock","12":"shipping-taxable","13":"purchasable","14":"product-type-simple"},"yoast_head":"<!-- This site is optimized with the Yoast SEO plugin v27.1.1 - https:\/\/yoast.com\/product\/yoast-seo-wordpress\/ -->\n<title>Aflamo Juno 144 - caminetto da parete\/da incasso - aflamo.shop - rivenditore Aflamo certificato<\/title>\n<meta name=\"description\" content=\"Biocamino da parete Juno - minimalismo ed eleganza. Il design semplice e la splendida vista del fuoco creano un&#039;atmosfera speciale nei tuoi interni. Disponibile anche con vetro.\" \/>\n<meta name=\"robots\" content=\"index, follow, max-snippet:-1, max-image-preview:large, max-video-preview:-1\" \/>\n<link rel=\"canonical\" href=\"https:\/\/aflamo.shop\/it\/p\/aflamo-juno-144-caminetto-da-parete-incasso\/\" \/>\n<meta property=\"og:locale\" content=\"it_IT\" \/>\n<meta property=\"og:type\" content=\"article\" \/>\n<meta property=\"og:title\" content=\"Aflamo Juno 144 - caminetto da parete\/da incasso - aflamo.shop - rivenditore Aflamo certificato\" \/>\n<meta property=\"og:description\" content=\"Biocamino da parete Juno - minimalismo ed eleganza. Il design semplice e la splendida vista del fuoco creano un&#039;atmosfera speciale nei tuoi interni. Disponibile anche con vetro.\" \/>\n<meta property=\"og:url\" content=\"https:\/\/aflamo.shop\/it\/p\/aflamo-juno-144-caminetto-da-parete-incasso\/\" \/>\n<meta property=\"og:site_name\" content=\"aflamo.shop - rivenditore Aflamo certificato\" \/>\n<meta property=\"article:modified_time\" content=\"2026-03-10T13:40:45+00:00\" \/>\n<meta property=\"og:image\" content=\"https:\/\/aflamo.shop\/wp-content\/uploads\/2025\/12\/Projekt-bez-nazwy20.png\" \/>\n\t<meta property=\"og:image:width\" content=\"2048\" \/>\n\t<meta property=\"og:image:height\" content=\"660\" \/>\n\t<meta property=\"og:image:type\" content=\"image\/png\" \/>\n<meta name=\"twitter:card\" content=\"summary_large_image\" \/>\n<meta name=\"twitter:label1\" content=\"Tempo di lettura stimato\" \/>\n\t<meta name=\"twitter:data1\" content=\"5 minuti\" \/>\n<script type=\"application\/ld+json\" class=\"yoast-schema-graph\">{\"@context\":\"https:\/\/schema.org\",\"@graph\":[{\"@type\":\"WebPage\",\"@id\":\"https:\/\/aflamo.shop\/it\/p\/aflamo-juno-144-caminetto-da-parete-incasso\/\",\"url\":\"https:\/\/aflamo.shop\/it\/p\/aflamo-juno-144-caminetto-da-parete-incasso\/\",\"name\":\"Aflamo Juno 144 - caminetto da parete\/da incasso - aflamo.shop - rivenditore Aflamo certificato\",\"isPartOf\":{\"@id\":\"https:\/\/aflamo.shop\/it\/#website\"},\"primaryImageOfPage\":{\"@id\":\"https:\/\/aflamo.shop\/it\/p\/aflamo-juno-144-caminetto-da-parete-incasso\/#primaryimage\"},\"image\":{\"@id\":\"https:\/\/aflamo.shop\/it\/p\/aflamo-juno-144-caminetto-da-parete-incasso\/#primaryimage\"},\"thumbnailUrl\":\"https:\/\/aflamo.shop\/wp-content\/uploads\/2025\/12\/Projekt-bez-nazwy20.png\",\"datePublished\":\"2025-12-08T12:46:03+00:00\",\"dateModified\":\"2026-03-10T13:40:45+00:00\",\"description\":\"Biocamino da parete Juno - minimalismo ed eleganza. Il design semplice e la splendida vista del fuoco creano un'atmosfera speciale nei tuoi interni. Disponibile anche con vetro.\",\"breadcrumb\":{\"@id\":\"https:\/\/aflamo.shop\/it\/p\/aflamo-juno-144-caminetto-da-parete-incasso\/#breadcrumb\"},\"inLanguage\":\"it-IT\",\"potentialAction\":[{\"@type\":\"ReadAction\",\"target\":[\"https:\/\/aflamo.shop\/it\/p\/aflamo-juno-144-caminetto-da-parete-incasso\/\"]}]},{\"@type\":\"ImageObject\",\"inLanguage\":\"it-IT\",\"@id\":\"https:\/\/aflamo.shop\/it\/p\/aflamo-juno-144-caminetto-da-parete-incasso\/#primaryimage\",\"url\":\"https:\/\/aflamo.shop\/wp-content\/uploads\/2025\/12\/Projekt-bez-nazwy20.png\",\"contentUrl\":\"https:\/\/aflamo.shop\/wp-content\/uploads\/2025\/12\/Projekt-bez-nazwy20.png\",\"width\":2048,\"height\":660},{\"@type\":\"BreadcrumbList\",\"@id\":\"https:\/\/aflamo.shop\/it\/p\/aflamo-juno-144-caminetto-da-parete-incasso\/#breadcrumb\",\"itemListElement\":[{\"@type\":\"ListItem\",\"position\":1,\"name\":\"Pagina iniziale\",\"item\":\"https:\/\/aflamo.shop\/it\/\"},{\"@type\":\"ListItem\",\"position\":2,\"name\":\"Negozio\",\"item\":\"https:\/\/aflamo.shop\/negozio\/\"},{\"@type\":\"ListItem\",\"position\":3,\"name\":\"Biocamini\",\"item\":\"https:\/\/aflamo.shop\/it\/s\/biocamini\/\"},{\"@type\":\"ListItem\",\"position\":4,\"name\":\"Aflamo Juno 144 &#8211; caminetto da parete\/da incasso\"}]},{\"@type\":\"WebSite\",\"@id\":\"https:\/\/aflamo.shop\/it\/#website\",\"url\":\"https:\/\/aflamo.shop\/it\/\",\"name\":\"aflamo.shop - rivenditore Aflamo certificato\",\"description\":\"Kominki elektryczne Aflamo i Emotion Flame z funkcj\u0105 grzania\",\"publisher\":{\"@id\":\"https:\/\/aflamo.shop\/it\/#organization\"},\"potentialAction\":[{\"@type\":\"SearchAction\",\"target\":{\"@type\":\"EntryPoint\",\"urlTemplate\":\"https:\/\/aflamo.shop\/it\/?s={search_term_string}\"},\"query-input\":{\"@type\":\"PropertyValueSpecification\",\"valueRequired\":true,\"valueName\":\"search_term_string\"}}],\"inLanguage\":\"it-IT\"},{\"@type\":\"Organization\",\"@id\":\"https:\/\/aflamo.shop\/it\/#organization\",\"name\":\"aflamo.shop - rivenditore Aflamo certificato\",\"url\":\"https:\/\/aflamo.shop\/it\/\",\"logo\":{\"@type\":\"ImageObject\",\"inLanguage\":\"it-IT\",\"@id\":\"https:\/\/aflamo.shop\/it\/#\/schema\/logo\/image\/\",\"url\":\"https:\/\/aflamo.shop\/wp-content\/uploads\/2019\/10\/logo2.1-1-1.svg\",\"contentUrl\":\"https:\/\/aflamo.shop\/wp-content\/uploads\/2019\/10\/logo2.1-1-1.svg\",\"caption\":\"aflamo.shop - rivenditore Aflamo certificato\"},\"image\":{\"@id\":\"https:\/\/aflamo.shop\/it\/#\/schema\/logo\/image\/\"}}]}<\/script>\n<!-- \/ Yoast SEO plugin. -->","yoast_head_json":{"title":"Aflamo Juno 144 - caminetto da parete\/da incasso - aflamo.shop - rivenditore Aflamo certificato","description":"Biocamino da parete Juno - minimalismo ed eleganza. Il design semplice e la splendida vista del fuoco creano un'atmosfera speciale nei tuoi interni. Disponibile anche con vetro.","robots":{"index":"index","follow":"follow","max-snippet":"max-snippet:-1","max-image-preview":"max-image-preview:large","max-video-preview":"max-video-preview:-1"},"canonical":"https:\/\/aflamo.shop\/it\/p\/aflamo-juno-144-caminetto-da-parete-incasso\/","og_locale":"it_IT","og_type":"article","og_title":"Aflamo Juno 144 - caminetto da parete\/da incasso - aflamo.shop - rivenditore Aflamo certificato","og_description":"Biocamino da parete Juno - minimalismo ed eleganza. Il design semplice e la splendida vista del fuoco creano un'atmosfera speciale nei tuoi interni. Disponibile anche con vetro.","og_url":"https:\/\/aflamo.shop\/it\/p\/aflamo-juno-144-caminetto-da-parete-incasso\/","og_site_name":"aflamo.shop - rivenditore Aflamo certificato","article_modified_time":"2026-03-10T13:40:45+00:00","og_image":[{"width":2048,"height":660,"url":"https:\/\/aflamo.shop\/wp-content\/uploads\/2025\/12\/Projekt-bez-nazwy20.png","type":"image\/png"}],"twitter_card":"summary_large_image","twitter_misc":{"Tempo di lettura stimato":"5 minuti"},"schema":{"@context":"https:\/\/schema.org","@graph":[{"@type":"WebPage","@id":"https:\/\/aflamo.shop\/it\/p\/aflamo-juno-144-caminetto-da-parete-incasso\/","url":"https:\/\/aflamo.shop\/it\/p\/aflamo-juno-144-caminetto-da-parete-incasso\/","name":"Aflamo Juno 144 - caminetto da parete\/da incasso - aflamo.shop - rivenditore Aflamo certificato","isPartOf":{"@id":"https:\/\/aflamo.shop\/it\/#website"},"primaryImageOfPage":{"@id":"https:\/\/aflamo.shop\/it\/p\/aflamo-juno-144-caminetto-da-parete-incasso\/#primaryimage"},"image":{"@id":"https:\/\/aflamo.shop\/it\/p\/aflamo-juno-144-caminetto-da-parete-incasso\/#primaryimage"},"thumbnailUrl":"https:\/\/aflamo.shop\/wp-content\/uploads\/2025\/12\/Projekt-bez-nazwy20.png","datePublished":"2025-12-08T12:46:03+00:00","dateModified":"2026-03-10T13:40:45+00:00","description":"Biocamino da parete Juno - minimalismo ed eleganza. Il design semplice e la splendida vista del fuoco creano un'atmosfera speciale nei tuoi interni. Disponibile anche con vetro.","breadcrumb":{"@id":"https:\/\/aflamo.shop\/it\/p\/aflamo-juno-144-caminetto-da-parete-incasso\/#breadcrumb"},"inLanguage":"it-IT","potentialAction":[{"@type":"ReadAction","target":["https:\/\/aflamo.shop\/it\/p\/aflamo-juno-144-caminetto-da-parete-incasso\/"]}]},{"@type":"ImageObject","inLanguage":"it-IT","@id":"https:\/\/aflamo.shop\/it\/p\/aflamo-juno-144-caminetto-da-parete-incasso\/#primaryimage","url":"https:\/\/aflamo.shop\/wp-content\/uploads\/2025\/12\/Projekt-bez-nazwy20.png","contentUrl":"https:\/\/aflamo.shop\/wp-content\/uploads\/2025\/12\/Projekt-bez-nazwy20.png","width":2048,"height":660},{"@type":"BreadcrumbList","@id":"https:\/\/aflamo.shop\/it\/p\/aflamo-juno-144-caminetto-da-parete-incasso\/#breadcrumb","itemListElement":[{"@type":"ListItem","position":1,"name":"Pagina iniziale","item":"https:\/\/aflamo.shop\/it\/"},{"@type":"ListItem","position":2,"name":"Negozio","item":"https:\/\/aflamo.shop\/negozio\/"},{"@type":"ListItem","position":3,"name":"Biocamini","item":"https:\/\/aflamo.shop\/it\/s\/biocamini\/"},{"@type":"ListItem","position":4,"name":"Aflamo Juno 144 &#8211; caminetto da parete\/da incasso"}]},{"@type":"WebSite","@id":"https:\/\/aflamo.shop\/it\/#website","url":"https:\/\/aflamo.shop\/it\/","name":"aflamo.shop - rivenditore Aflamo certificato","description":"Kominki elektryczne Aflamo i Emotion Flame z funkcj\u0105 grzania","publisher":{"@id":"https:\/\/aflamo.shop\/it\/#organization"},"potentialAction":[{"@type":"SearchAction","target":{"@type":"EntryPoint","urlTemplate":"https:\/\/aflamo.shop\/it\/?s={search_term_string}"},"query-input":{"@type":"PropertyValueSpecification","valueRequired":true,"valueName":"search_term_string"}}],"inLanguage":"it-IT"},{"@type":"Organization","@id":"https:\/\/aflamo.shop\/it\/#organization","name":"aflamo.shop - rivenditore Aflamo certificato","url":"https:\/\/aflamo.shop\/it\/","logo":{"@type":"ImageObject","inLanguage":"it-IT","@id":"https:\/\/aflamo.shop\/it\/#\/schema\/logo\/image\/","url":"https:\/\/aflamo.shop\/wp-content\/uploads\/2019\/10\/logo2.1-1-1.svg","contentUrl":"https:\/\/aflamo.shop\/wp-content\/uploads\/2019\/10\/logo2.1-1-1.svg","caption":"aflamo.shop - rivenditore Aflamo certificato"},"image":{"@id":"https:\/\/aflamo.shop\/it\/#\/schema\/logo\/image\/"}}]}},"_links":{"self":[{"href":"https:\/\/aflamo.shop\/it\/wp-json\/wp\/v2\/product\/21118","targetHints":{"allow":["GET"]}}],"collection":[{"href":"https:\/\/aflamo.shop\/it\/wp-json\/wp\/v2\/product"}],"about":[{"href":"https:\/\/aflamo.shop\/it\/wp-json\/wp\/v2\/types\/product"}],"replies":[{"embeddable":true,"href":"https:\/\/aflamo.shop\/it\/wp-json\/wp\/v2\/comments?post=21118"}],"wp:featuredmedia":[{"embeddable":true,"href":"https:\/\/aflamo.shop\/it\/wp-json\/wp\/v2\/media\/21192"}],"wp:attachment":[{"href":"https:\/\/aflamo.shop\/it\/wp-json\/wp\/v2\/media?parent=21118"}],"wp:term":[{"taxonomy":"product_brand","embeddable":true,"href":"https:\/\/aflamo.shop\/it\/wp-json\/wp\/v2\/product_brand?post=21118"},{"taxonomy":"product_cat","embeddable":true,"href":"https:\/\/aflamo.shop\/it\/wp-json\/wp\/v2\/product_cat?post=21118"},{"taxonomy":"product_tag","embeddable":true,"href":"https:\/\/aflamo.shop\/it\/wp-json\/wp\/v2\/product_tag?post=21118"}],"curies":[{"name":"wp","href":"https:\/\/api.w.org\/{rel}","templated":true}]}}