{"id":20255,"date":"2025-10-09T11:13:48","date_gmt":"2025-10-09T11:13:48","guid":{"rendered":"https:\/\/aflamo.shop\/?post_type=product&#038;p=20255"},"modified":"2026-03-10T13:47:12","modified_gmt":"2026-03-10T13:47:12","slug":"emotion-flame-infinity-71-inserto-per-camino-elettrico-da-incasso","status":"publish","type":"product","link":"https:\/\/aflamo.shop\/it\/p\/emotion-flame-infinity-71-inserto-per-camino-elettrico-da-incasso\/","title":{"rendered":"Emotion Flame Infinity 71 \u2013 Inserto per camino elettrico da incasso"},"content":{"rendered":"<header><\/header>\n<p>L&#8217;inserto per camino<strong> Emotion Flame Infinity<\/strong> \u00e8 una soluzione moderna che coniuga eleganza, funzionalit\u00e0 e facilit\u00e0 d&#8217;uso. Si integra perfettamente in una parete o in una nicchia, creando l&#8217;effetto di un vero camino, senza fumo, cenere e senza manutenzione. \u00c8 un&#8217;ottima scelta per chi apprezza il calore e un&#8217;atmosfera accogliente in un ambiente elegante.<\/p>\n<p><img fetchpriority=\"high\" decoding=\"async\" class=\"alignnone wp-image-20157 size-full\" src=\"https:\/\/aflamo.shop\/wp-content\/uploads\/2025\/10\/Infinity_room-shot-1-scaled.jpg\" alt=\"\" width=\"2560\" height=\"1810\" srcset=\"https:\/\/aflamo.shop\/wp-content\/uploads\/2025\/10\/Infinity_room-shot-1-scaled.jpg 2560w, https:\/\/aflamo.shop\/wp-content\/uploads\/2025\/10\/Infinity_room-shot-1-scaled-600x424.jpg 600w, https:\/\/aflamo.shop\/wp-content\/uploads\/2025\/10\/Infinity_room-shot-1-300x212.jpg 300w, https:\/\/aflamo.shop\/wp-content\/uploads\/2025\/10\/Infinity_room-shot-1-1024x724.jpg 1024w, https:\/\/aflamo.shop\/wp-content\/uploads\/2025\/10\/Infinity_room-shot-1-768x543.jpg 768w, https:\/\/aflamo.shop\/wp-content\/uploads\/2025\/10\/Infinity_room-shot-1-1536x1086.jpg 1536w, https:\/\/aflamo.shop\/wp-content\/uploads\/2025\/10\/Infinity_room-shot-1-2048x1448.jpg 2048w\" sizes=\"(max-width: 2560px) 100vw, 2560px\" \/><\/p>\n<hr \/>\n<section id=\"cechy-produktu\">\n<h3><strong>Caratteristiche principali:<\/strong><\/h3>\n<ul>\n<li>Potenza di riscaldamento: 1500W \u2013 riscaldamento rapido e uniforme di ambienti di medie dimensioni.<\/li>\n<li>Due livelli di riscaldamento (750W \/ 1500W): facile regolazione della temperatura in base alle esigenze e alle condizioni meteorologiche.<\/li>\n<li><strong>Timer 0,5\u20137,5 h<\/strong> \u2013 spegnimento automatico per risparmio energetico e maggiore sicurezza.<br \/>\n<img decoding=\"async\" class=\"alignnone wp-image-20703 size-full\" src=\"https:\/\/aflamo.shop\/wp-content\/uploads\/2025\/11\/IT-INFINITY-Funkcjonalnosc.png\" alt=\"\" width=\"1200\" height=\"1200\" srcset=\"https:\/\/aflamo.shop\/wp-content\/uploads\/2025\/11\/IT-INFINITY-Funkcjonalnosc.png 1200w, https:\/\/aflamo.shop\/wp-content\/uploads\/2025\/11\/IT-INFINITY-Funkcjonalnosc-300x300.png 300w, https:\/\/aflamo.shop\/wp-content\/uploads\/2025\/11\/IT-INFINITY-Funkcjonalnosc-100x100.png 100w, https:\/\/aflamo.shop\/wp-content\/uploads\/2025\/11\/IT-INFINITY-Funkcjonalnosc-600x600.png 600w, https:\/\/aflamo.shop\/wp-content\/uploads\/2025\/11\/IT-INFINITY-Funkcjonalnosc-1024x1024.png 1024w, https:\/\/aflamo.shop\/wp-content\/uploads\/2025\/11\/IT-INFINITY-Funkcjonalnosc-150x150.png 150w, https:\/\/aflamo.shop\/wp-content\/uploads\/2025\/11\/IT-INFINITY-Funkcjonalnosc-768x768.png 768w\" sizes=\"(max-width: 1200px) 100vw, 1200px\" \/><\/li>\n<\/ul>\n<p>&nbsp;<\/p>\n<ul>\n<li><strong>Fiamme LED colorate (3 colori):<\/strong> effetto fuoco realistico in tonalit\u00e0 calde e fredde, perfette per ogni stagione.<\/li>\n<li><strong>5 livelli di luminosit\u00e0 della fiamma: <\/strong>controllo completo sull&#8217;atmosfera e sull&#8217;intensit\u00e0 dell&#8217;effetto visivo.<\/li>\n<li><strong>Tecnologia HD Pro Flame:<\/strong> fiamme realistiche e tridimensionali con profondit\u00e0 e movimento eccezionali.<\/li>\n<li><strong>Ceppi decorativi:<\/strong> finto legno realizzato con attenzione ai dettagli, che conferisce un carattere naturale al camino.<\/li>\n<li><strong>Controllo tramite telecomando o pannello touch:<\/strong> controllo intuitivo di tutte le funzioni da qualsiasi punto della stanza.<\/li>\n<\/ul>\n<p><img decoding=\"async\" class=\"alignnone wp-image-20715 size-full\" src=\"https:\/\/aflamo.shop\/wp-content\/uploads\/2025\/11\/IT-INFINITY-Sterowanie.png\" alt=\"\" width=\"1200\" height=\"1200\" srcset=\"https:\/\/aflamo.shop\/wp-content\/uploads\/2025\/11\/IT-INFINITY-Sterowanie.png 1200w, https:\/\/aflamo.shop\/wp-content\/uploads\/2025\/11\/IT-INFINITY-Sterowanie-300x300.png 300w, https:\/\/aflamo.shop\/wp-content\/uploads\/2025\/11\/IT-INFINITY-Sterowanie-100x100.png 100w, https:\/\/aflamo.shop\/wp-content\/uploads\/2025\/11\/IT-INFINITY-Sterowanie-600x600.png 600w, https:\/\/aflamo.shop\/wp-content\/uploads\/2025\/11\/IT-INFINITY-Sterowanie-1024x1024.png 1024w, https:\/\/aflamo.shop\/wp-content\/uploads\/2025\/11\/IT-INFINITY-Sterowanie-150x150.png 150w, https:\/\/aflamo.shop\/wp-content\/uploads\/2025\/11\/IT-INFINITY-Sterowanie-768x768.png 768w\" sizes=\"(max-width: 1200px) 100vw, 1200px\" \/><\/p>\n<p>&nbsp;<\/p>\n<ul>\n<li><strong>Protezione contro il surriscaldamento:<\/strong> spegnimento automatico in caso di temperatura troppo elevata.<\/li>\n<li><strong>Vetro frontale temperato: <\/strong>durevole, resistente alle alte temperature e facile da pulire.<\/li>\n<li><strong>Kit di montaggio incluso:<\/strong> montaggio rapido e semplice senza attrezzi aggiuntivi.<\/li>\n<li><strong>Tensione: 220\u2013240 V, 50 Hz<\/strong> \u2013 compatibile con lo standard elettrico europeo.<img loading=\"lazy\" decoding=\"async\" class=\"alignnone wp-image-20721 size-full\" src=\"https:\/\/aflamo.shop\/wp-content\/uploads\/2025\/11\/IT-INFINITY-Wymiary.png\" alt=\"\" width=\"1200\" height=\"1200\" srcset=\"https:\/\/aflamo.shop\/wp-content\/uploads\/2025\/11\/IT-INFINITY-Wymiary.png 1200w, https:\/\/aflamo.shop\/wp-content\/uploads\/2025\/11\/IT-INFINITY-Wymiary-300x300.png 300w, https:\/\/aflamo.shop\/wp-content\/uploads\/2025\/11\/IT-INFINITY-Wymiary-100x100.png 100w, https:\/\/aflamo.shop\/wp-content\/uploads\/2025\/11\/IT-INFINITY-Wymiary-600x600.png 600w, https:\/\/aflamo.shop\/wp-content\/uploads\/2025\/11\/IT-INFINITY-Wymiary-1024x1024.png 1024w, https:\/\/aflamo.shop\/wp-content\/uploads\/2025\/11\/IT-INFINITY-Wymiary-150x150.png 150w, https:\/\/aflamo.shop\/wp-content\/uploads\/2025\/11\/IT-INFINITY-Wymiary-768x768.png 768w\" sizes=\"(max-width: 1200px) 100vw, 1200px\" \/><\/li>\n<\/ul>\n<p>&nbsp;<\/p>\n<h3>Perch\u00e9 ne vale la pena?<\/h3>\n<p>Emotion Flame Infinity unisce stile e tecnologia moderna. Offre un effetto fiamma realistico e un calore confortevole subito dopo l&#8217;accensione. Perfetto per soggiorni, camere da letto e uffici, crea un&#8217;atmosfera di relax e lusso senza la necessit\u00e0 di un camino tradizionale.<\/p>\n<p><strong>Emotion Flame Infinity: eleganza, comfort e calore con la semplice pressione di un pulsante.<\/strong><\/p>\n<p><img loading=\"lazy\" decoding=\"async\" class=\"alignnone wp-image-20709 size-full\" src=\"https:\/\/aflamo.shop\/wp-content\/uploads\/2025\/11\/IT-INFINITY-Niska-wysokosc.png\" alt=\"\" width=\"1200\" height=\"1200\" srcset=\"https:\/\/aflamo.shop\/wp-content\/uploads\/2025\/11\/IT-INFINITY-Niska-wysokosc.png 1200w, https:\/\/aflamo.shop\/wp-content\/uploads\/2025\/11\/IT-INFINITY-Niska-wysokosc-300x300.png 300w, https:\/\/aflamo.shop\/wp-content\/uploads\/2025\/11\/IT-INFINITY-Niska-wysokosc-100x100.png 100w, https:\/\/aflamo.shop\/wp-content\/uploads\/2025\/11\/IT-INFINITY-Niska-wysokosc-600x600.png 600w, https:\/\/aflamo.shop\/wp-content\/uploads\/2025\/11\/IT-INFINITY-Niska-wysokosc-1024x1024.png 1024w, https:\/\/aflamo.shop\/wp-content\/uploads\/2025\/11\/IT-INFINITY-Niska-wysokosc-150x150.png 150w, https:\/\/aflamo.shop\/wp-content\/uploads\/2025\/11\/IT-INFINITY-Niska-wysokosc-768x768.png 768w\" sizes=\"(max-width: 1200px) 100vw, 1200px\" \/><\/p>\n<p>&nbsp;<\/p>\n<\/section>\n<hr \/>\n<ul><strong><\/p>\n<p><a href=\"https:\/\/aflamo.shop\/wp-content\/uploads\/2025\/10\/EF-I__Infinity_EN-PL-DE-IT-ES-FR-CS-SK-NL.pdf\">Istruzioni per l&#8217;uso<\/a><\/p>\n<p><a href=\"https:\/\/aflamo.shop\/wp-content\/uploads\/2025\/10\/Sheet_Infinity.pdf\">Specifiche del prodotto<\/a><\/p>\n<p><\/strong><\/ul>\n<h3><strong>Disegni tecnici:<\/strong><\/h3>\n<p><b>Infinty 66<\/b><\/p>\n<p><img loading=\"lazy\" decoding=\"async\" class=\"alignnone wp-image-20217 size-full\" src=\"https:\/\/aflamo.shop\/wp-content\/uploads\/2025\/10\/EF-I66_dimensions.png\" alt=\"\" width=\"1113\" height=\"703\" srcset=\"https:\/\/aflamo.shop\/wp-content\/uploads\/2025\/10\/EF-I66_dimensions.png 1113w, https:\/\/aflamo.shop\/wp-content\/uploads\/2025\/10\/EF-I66_dimensions-600x379.png 600w, https:\/\/aflamo.shop\/wp-content\/uploads\/2025\/10\/EF-I66_dimensions-300x189.png 300w, https:\/\/aflamo.shop\/wp-content\/uploads\/2025\/10\/EF-I66_dimensions-1024x647.png 1024w, https:\/\/aflamo.shop\/wp-content\/uploads\/2025\/10\/EF-I66_dimensions-768x485.png 768w\" sizes=\"(max-width: 1113px) 100vw, 1113px\" \/><\/p>\n<p>&nbsp;<\/p>\n<p>&nbsp;<\/p>\n<p><b>Infinty 71<\/b><\/p>\n<p>&nbsp;<\/p>\n<p><img loading=\"lazy\" decoding=\"async\" class=\"alignnone wp-image-20223 size-full\" src=\"https:\/\/aflamo.shop\/wp-content\/uploads\/2025\/10\/EF-I71_dimensions.png\" alt=\"\" width=\"1223\" height=\"705\" srcset=\"https:\/\/aflamo.shop\/wp-content\/uploads\/2025\/10\/EF-I71_dimensions.png 1223w, https:\/\/aflamo.shop\/wp-content\/uploads\/2025\/10\/EF-I71_dimensions-600x346.png 600w, https:\/\/aflamo.shop\/wp-content\/uploads\/2025\/10\/EF-I71_dimensions-300x173.png 300w, https:\/\/aflamo.shop\/wp-content\/uploads\/2025\/10\/EF-I71_dimensions-1024x590.png 1024w, https:\/\/aflamo.shop\/wp-content\/uploads\/2025\/10\/EF-I71_dimensions-768x443.png 768w\" sizes=\"(max-width: 1223px) 100vw, 1223px\" \/><\/p>\n<p>&nbsp;<\/p>\n<p>&nbsp;<\/p>\n<p><b>Infinty 76<\/b><\/p>\n<p>&nbsp;<\/p>\n<p><img loading=\"lazy\" decoding=\"async\" class=\"alignnone wp-image-20229 size-full\" src=\"https:\/\/aflamo.shop\/wp-content\/uploads\/2025\/10\/EF-I76_dimensions.png\" alt=\"\" width=\"1205\" height=\"658\" srcset=\"https:\/\/aflamo.shop\/wp-content\/uploads\/2025\/10\/EF-I76_dimensions.png 1205w, https:\/\/aflamo.shop\/wp-content\/uploads\/2025\/10\/EF-I76_dimensions-600x328.png 600w, https:\/\/aflamo.shop\/wp-content\/uploads\/2025\/10\/EF-I76_dimensions-300x164.png 300w, https:\/\/aflamo.shop\/wp-content\/uploads\/2025\/10\/EF-I76_dimensions-1024x559.png 1024w, https:\/\/aflamo.shop\/wp-content\/uploads\/2025\/10\/EF-I76_dimensions-768x419.png 768w\" sizes=\"(max-width: 1205px) 100vw, 1205px\" \/><\/p>\n<p>&nbsp;<\/p>\n<p>&nbsp;<\/p>\n<p><b>Infinty 81<\/b><\/p>\n<p>&nbsp;<\/p>\n<p><img loading=\"lazy\" decoding=\"async\" class=\"alignnone wp-image-20235 size-full\" src=\"https:\/\/aflamo.shop\/wp-content\/uploads\/2025\/10\/EF-I81_dimensions.png\" alt=\"\" width=\"1353\" height=\"704\" srcset=\"https:\/\/aflamo.shop\/wp-content\/uploads\/2025\/10\/EF-I81_dimensions.png 1353w, https:\/\/aflamo.shop\/wp-content\/uploads\/2025\/10\/EF-I81_dimensions-600x312.png 600w, https:\/\/aflamo.shop\/wp-content\/uploads\/2025\/10\/EF-I81_dimensions-300x156.png 300w, https:\/\/aflamo.shop\/wp-content\/uploads\/2025\/10\/EF-I81_dimensions-1024x533.png 1024w, https:\/\/aflamo.shop\/wp-content\/uploads\/2025\/10\/EF-I81_dimensions-768x400.png 768w\" sizes=\"(max-width: 1353px) 100vw, 1353px\" \/><\/p>\n<p>&nbsp;<\/p>\n<p>&nbsp;<\/p>\n<p>&nbsp;<\/p>\n<p>&nbsp;<\/p>\n<p>&nbsp;<\/p>\n<hr \/>\n","protected":false},"excerpt":{"rendered":"<p>Marca: Emotion Flame<\/p>\n<p>Inserto per camino elettrico da incasso<\/p>\n<p><b>Modelli:<\/b><\/p>\n<ul>\n<li><a href=\"https:\/\/aflamo.shop\/it\/p\/emotion-flame-infinity-66-inserto-per-camino-elettrico-da-incasso\/\">66<\/a><\/li>\n<li><a href=\"https:\/\/aflamo.shop\/it\/p\/emotion-flame-infinity-71-inserto-per-camino-elettrico-da-incasso\/\">71<\/a><\/li>\n<li><a href=\"https:\/\/aflamo.shop\/it\/p\/emotion-flame-infinity-76-inserto-per-camino-elettrico-da-incasso\/\">76<\/a><\/li>\n<li><a href=\"https:\/\/aflamo.shop\/it\/p\/emotion-flame-infinity-81-inserto-per-camino-elettrico-da-incasso\/\">81<\/a><\/li>\n<\/ul>\n<p>Dimensioni: 71x50x16 cm<\/p>\n","protected":false},"featured_media":20173,"comment_status":"open","ping_status":"closed","template":"","meta":[],"product_brand":[],"product_cat":[1195,1186,1199,1203],"product_tag":[],"class_list":{"0":"post-20255","1":"product","2":"type-product","3":"status-publish","4":"has-post-thumbnail","6":"product_cat-caminetti-elettrici-da-incasso-emotion-flame","7":"product_cat-emotion-flame","8":"product_cat-emotion-flame-camini-elettrici-con-funzione-di-riscaldamento","9":"product_cat-inserti-elettrici-emotion-flame","11":"first","12":"instock","13":"shipping-taxable","14":"purchasable","15":"product-type-simple"},"yoast_head":"<!-- This site is optimized with the Yoast SEO plugin v27.1.1 - https:\/\/yoast.com\/product\/yoast-seo-wordpress\/ -->\n<title>Emotion Flame Infinity 71 \u2013 Inserto per camino elettrico da incasso - aflamo.shop - rivenditore Aflamo certificato<\/title>\n<meta name=\"description\" content=\"Emotion Flame Infinity coniuga stile e tecnologia moderna. Offre un effetto fiamma realistico e un piacevole calore subito dopo l&#039;accensione.\" \/>\n<meta name=\"robots\" content=\"index, follow, max-snippet:-1, max-image-preview:large, max-video-preview:-1\" \/>\n<link rel=\"canonical\" href=\"https:\/\/aflamo.shop\/it\/p\/emotion-flame-infinity-71-inserto-per-camino-elettrico-da-incasso\/\" \/>\n<meta property=\"og:locale\" content=\"it_IT\" \/>\n<meta property=\"og:type\" content=\"article\" \/>\n<meta property=\"og:title\" content=\"Emotion Flame Infinity 71 \u2013 Inserto per camino elettrico da incasso - aflamo.shop - rivenditore Aflamo certificato\" \/>\n<meta property=\"og:description\" content=\"Emotion Flame Infinity coniuga stile e tecnologia moderna. Offre un effetto fiamma realistico e un piacevole calore subito dopo l&#039;accensione.\" \/>\n<meta property=\"og:url\" content=\"https:\/\/aflamo.shop\/it\/p\/emotion-flame-infinity-71-inserto-per-camino-elettrico-da-incasso\/\" \/>\n<meta property=\"og:site_name\" content=\"aflamo.shop - rivenditore Aflamo certificato\" \/>\n<meta property=\"article:modified_time\" content=\"2026-03-10T13:47:12+00:00\" \/>\n<meta property=\"og:image\" content=\"https:\/\/aflamo.shop\/wp-content\/uploads\/2025\/10\/Insert_front_1-600x600-1.jpg\" \/>\n\t<meta property=\"og:image:width\" content=\"600\" \/>\n\t<meta property=\"og:image:height\" content=\"600\" \/>\n\t<meta property=\"og:image:type\" content=\"image\/jpeg\" \/>\n<meta name=\"twitter:card\" content=\"summary_large_image\" \/>\n<meta name=\"twitter:label1\" content=\"Tempo di lettura stimato\" \/>\n\t<meta name=\"twitter:data1\" content=\"4 minuti\" \/>\n<script type=\"application\/ld+json\" class=\"yoast-schema-graph\">{\"@context\":\"https:\/\/schema.org\",\"@graph\":[{\"@type\":\"WebPage\",\"@id\":\"https:\/\/aflamo.shop\/it\/p\/emotion-flame-infinity-71-inserto-per-camino-elettrico-da-incasso\/\",\"url\":\"https:\/\/aflamo.shop\/it\/p\/emotion-flame-infinity-71-inserto-per-camino-elettrico-da-incasso\/\",\"name\":\"Emotion Flame Infinity 71 \u2013 Inserto per camino elettrico da incasso - aflamo.shop - rivenditore Aflamo certificato\",\"isPartOf\":{\"@id\":\"https:\/\/aflamo.shop\/it\/#website\"},\"primaryImageOfPage\":{\"@id\":\"https:\/\/aflamo.shop\/it\/p\/emotion-flame-infinity-71-inserto-per-camino-elettrico-da-incasso\/#primaryimage\"},\"image\":{\"@id\":\"https:\/\/aflamo.shop\/it\/p\/emotion-flame-infinity-71-inserto-per-camino-elettrico-da-incasso\/#primaryimage\"},\"thumbnailUrl\":\"https:\/\/aflamo.shop\/wp-content\/uploads\/2025\/10\/Insert_front_1-600x600-1.jpg\",\"datePublished\":\"2025-10-09T11:13:48+00:00\",\"dateModified\":\"2026-03-10T13:47:12+00:00\",\"description\":\"Emotion Flame Infinity coniuga stile e tecnologia moderna. Offre un effetto fiamma realistico e un piacevole calore subito dopo l'accensione.\",\"breadcrumb\":{\"@id\":\"https:\/\/aflamo.shop\/it\/p\/emotion-flame-infinity-71-inserto-per-camino-elettrico-da-incasso\/#breadcrumb\"},\"inLanguage\":\"it-IT\",\"potentialAction\":[{\"@type\":\"ReadAction\",\"target\":[\"https:\/\/aflamo.shop\/it\/p\/emotion-flame-infinity-71-inserto-per-camino-elettrico-da-incasso\/\"]}]},{\"@type\":\"ImageObject\",\"inLanguage\":\"it-IT\",\"@id\":\"https:\/\/aflamo.shop\/it\/p\/emotion-flame-infinity-71-inserto-per-camino-elettrico-da-incasso\/#primaryimage\",\"url\":\"https:\/\/aflamo.shop\/wp-content\/uploads\/2025\/10\/Insert_front_1-600x600-1.jpg\",\"contentUrl\":\"https:\/\/aflamo.shop\/wp-content\/uploads\/2025\/10\/Insert_front_1-600x600-1.jpg\",\"width\":600,\"height\":600},{\"@type\":\"BreadcrumbList\",\"@id\":\"https:\/\/aflamo.shop\/it\/p\/emotion-flame-infinity-71-inserto-per-camino-elettrico-da-incasso\/#breadcrumb\",\"itemListElement\":[{\"@type\":\"ListItem\",\"position\":1,\"name\":\"Pagina iniziale\",\"item\":\"https:\/\/aflamo.shop\/it\/\"},{\"@type\":\"ListItem\",\"position\":2,\"name\":\"Negozio\",\"item\":\"https:\/\/aflamo.shop\/negozio\/\"},{\"@type\":\"ListItem\",\"position\":3,\"name\":\"Camini elettrici LED\",\"item\":\"https:\/\/aflamo.shop\/it\/s\/camini-elettrici-led\/\"},{\"@type\":\"ListItem\",\"position\":4,\"name\":\"Emotion Flame\",\"item\":\"https:\/\/aflamo.shop\/it\/s\/camini-elettrici-led\/emotion-flame\/\"},{\"@type\":\"ListItem\",\"position\":5,\"name\":\"Emotion Flame Infinity 71 \u2013 Inserto per camino elettrico da incasso\"}]},{\"@type\":\"WebSite\",\"@id\":\"https:\/\/aflamo.shop\/it\/#website\",\"url\":\"https:\/\/aflamo.shop\/it\/\",\"name\":\"aflamo.shop - rivenditore Aflamo certificato\",\"description\":\"Kominki elektryczne Aflamo i Emotion Flame z funkcj\u0105 grzania\",\"publisher\":{\"@id\":\"https:\/\/aflamo.shop\/it\/#organization\"},\"potentialAction\":[{\"@type\":\"SearchAction\",\"target\":{\"@type\":\"EntryPoint\",\"urlTemplate\":\"https:\/\/aflamo.shop\/it\/?s={search_term_string}\"},\"query-input\":{\"@type\":\"PropertyValueSpecification\",\"valueRequired\":true,\"valueName\":\"search_term_string\"}}],\"inLanguage\":\"it-IT\"},{\"@type\":\"Organization\",\"@id\":\"https:\/\/aflamo.shop\/it\/#organization\",\"name\":\"aflamo.shop - rivenditore Aflamo certificato\",\"url\":\"https:\/\/aflamo.shop\/it\/\",\"logo\":{\"@type\":\"ImageObject\",\"inLanguage\":\"it-IT\",\"@id\":\"https:\/\/aflamo.shop\/it\/#\/schema\/logo\/image\/\",\"url\":\"https:\/\/aflamo.shop\/wp-content\/uploads\/2019\/10\/logo2.1-1-1.svg\",\"contentUrl\":\"https:\/\/aflamo.shop\/wp-content\/uploads\/2019\/10\/logo2.1-1-1.svg\",\"caption\":\"aflamo.shop - rivenditore Aflamo certificato\"},\"image\":{\"@id\":\"https:\/\/aflamo.shop\/it\/#\/schema\/logo\/image\/\"}}]}<\/script>\n<!-- \/ Yoast SEO plugin. -->","yoast_head_json":{"title":"Emotion Flame Infinity 71 \u2013 Inserto per camino elettrico da incasso - aflamo.shop - rivenditore Aflamo certificato","description":"Emotion Flame Infinity coniuga stile e tecnologia moderna. Offre un effetto fiamma realistico e un piacevole calore subito dopo l'accensione.","robots":{"index":"index","follow":"follow","max-snippet":"max-snippet:-1","max-image-preview":"max-image-preview:large","max-video-preview":"max-video-preview:-1"},"canonical":"https:\/\/aflamo.shop\/it\/p\/emotion-flame-infinity-71-inserto-per-camino-elettrico-da-incasso\/","og_locale":"it_IT","og_type":"article","og_title":"Emotion Flame Infinity 71 \u2013 Inserto per camino elettrico da incasso - aflamo.shop - rivenditore Aflamo certificato","og_description":"Emotion Flame Infinity coniuga stile e tecnologia moderna. Offre un effetto fiamma realistico e un piacevole calore subito dopo l'accensione.","og_url":"https:\/\/aflamo.shop\/it\/p\/emotion-flame-infinity-71-inserto-per-camino-elettrico-da-incasso\/","og_site_name":"aflamo.shop - rivenditore Aflamo certificato","article_modified_time":"2026-03-10T13:47:12+00:00","og_image":[{"width":600,"height":600,"url":"https:\/\/aflamo.shop\/wp-content\/uploads\/2025\/10\/Insert_front_1-600x600-1.jpg","type":"image\/jpeg"}],"twitter_card":"summary_large_image","twitter_misc":{"Tempo di lettura stimato":"4 minuti"},"schema":{"@context":"https:\/\/schema.org","@graph":[{"@type":"WebPage","@id":"https:\/\/aflamo.shop\/it\/p\/emotion-flame-infinity-71-inserto-per-camino-elettrico-da-incasso\/","url":"https:\/\/aflamo.shop\/it\/p\/emotion-flame-infinity-71-inserto-per-camino-elettrico-da-incasso\/","name":"Emotion Flame Infinity 71 \u2013 Inserto per camino elettrico da incasso - aflamo.shop - rivenditore Aflamo certificato","isPartOf":{"@id":"https:\/\/aflamo.shop\/it\/#website"},"primaryImageOfPage":{"@id":"https:\/\/aflamo.shop\/it\/p\/emotion-flame-infinity-71-inserto-per-camino-elettrico-da-incasso\/#primaryimage"},"image":{"@id":"https:\/\/aflamo.shop\/it\/p\/emotion-flame-infinity-71-inserto-per-camino-elettrico-da-incasso\/#primaryimage"},"thumbnailUrl":"https:\/\/aflamo.shop\/wp-content\/uploads\/2025\/10\/Insert_front_1-600x600-1.jpg","datePublished":"2025-10-09T11:13:48+00:00","dateModified":"2026-03-10T13:47:12+00:00","description":"Emotion Flame Infinity coniuga stile e tecnologia moderna. Offre un effetto fiamma realistico e un piacevole calore subito dopo l'accensione.","breadcrumb":{"@id":"https:\/\/aflamo.shop\/it\/p\/emotion-flame-infinity-71-inserto-per-camino-elettrico-da-incasso\/#breadcrumb"},"inLanguage":"it-IT","potentialAction":[{"@type":"ReadAction","target":["https:\/\/aflamo.shop\/it\/p\/emotion-flame-infinity-71-inserto-per-camino-elettrico-da-incasso\/"]}]},{"@type":"ImageObject","inLanguage":"it-IT","@id":"https:\/\/aflamo.shop\/it\/p\/emotion-flame-infinity-71-inserto-per-camino-elettrico-da-incasso\/#primaryimage","url":"https:\/\/aflamo.shop\/wp-content\/uploads\/2025\/10\/Insert_front_1-600x600-1.jpg","contentUrl":"https:\/\/aflamo.shop\/wp-content\/uploads\/2025\/10\/Insert_front_1-600x600-1.jpg","width":600,"height":600},{"@type":"BreadcrumbList","@id":"https:\/\/aflamo.shop\/it\/p\/emotion-flame-infinity-71-inserto-per-camino-elettrico-da-incasso\/#breadcrumb","itemListElement":[{"@type":"ListItem","position":1,"name":"Pagina iniziale","item":"https:\/\/aflamo.shop\/it\/"},{"@type":"ListItem","position":2,"name":"Negozio","item":"https:\/\/aflamo.shop\/negozio\/"},{"@type":"ListItem","position":3,"name":"Camini elettrici LED","item":"https:\/\/aflamo.shop\/it\/s\/camini-elettrici-led\/"},{"@type":"ListItem","position":4,"name":"Emotion Flame","item":"https:\/\/aflamo.shop\/it\/s\/camini-elettrici-led\/emotion-flame\/"},{"@type":"ListItem","position":5,"name":"Emotion Flame Infinity 71 \u2013 Inserto per camino elettrico da incasso"}]},{"@type":"WebSite","@id":"https:\/\/aflamo.shop\/it\/#website","url":"https:\/\/aflamo.shop\/it\/","name":"aflamo.shop - rivenditore Aflamo certificato","description":"Kominki elektryczne Aflamo i Emotion Flame z funkcj\u0105 grzania","publisher":{"@id":"https:\/\/aflamo.shop\/it\/#organization"},"potentialAction":[{"@type":"SearchAction","target":{"@type":"EntryPoint","urlTemplate":"https:\/\/aflamo.shop\/it\/?s={search_term_string}"},"query-input":{"@type":"PropertyValueSpecification","valueRequired":true,"valueName":"search_term_string"}}],"inLanguage":"it-IT"},{"@type":"Organization","@id":"https:\/\/aflamo.shop\/it\/#organization","name":"aflamo.shop - rivenditore Aflamo certificato","url":"https:\/\/aflamo.shop\/it\/","logo":{"@type":"ImageObject","inLanguage":"it-IT","@id":"https:\/\/aflamo.shop\/it\/#\/schema\/logo\/image\/","url":"https:\/\/aflamo.shop\/wp-content\/uploads\/2019\/10\/logo2.1-1-1.svg","contentUrl":"https:\/\/aflamo.shop\/wp-content\/uploads\/2019\/10\/logo2.1-1-1.svg","caption":"aflamo.shop - rivenditore Aflamo certificato"},"image":{"@id":"https:\/\/aflamo.shop\/it\/#\/schema\/logo\/image\/"}}]}},"_links":{"self":[{"href":"https:\/\/aflamo.shop\/it\/wp-json\/wp\/v2\/product\/20255","targetHints":{"allow":["GET"]}}],"collection":[{"href":"https:\/\/aflamo.shop\/it\/wp-json\/wp\/v2\/product"}],"about":[{"href":"https:\/\/aflamo.shop\/it\/wp-json\/wp\/v2\/types\/product"}],"replies":[{"embeddable":true,"href":"https:\/\/aflamo.shop\/it\/wp-json\/wp\/v2\/comments?post=20255"}],"wp:featuredmedia":[{"embeddable":true,"href":"https:\/\/aflamo.shop\/it\/wp-json\/wp\/v2\/media\/20173"}],"wp:attachment":[{"href":"https:\/\/aflamo.shop\/it\/wp-json\/wp\/v2\/media?parent=20255"}],"wp:term":[{"taxonomy":"product_brand","embeddable":true,"href":"https:\/\/aflamo.shop\/it\/wp-json\/wp\/v2\/product_brand?post=20255"},{"taxonomy":"product_cat","embeddable":true,"href":"https:\/\/aflamo.shop\/it\/wp-json\/wp\/v2\/product_cat?post=20255"},{"taxonomy":"product_tag","embeddable":true,"href":"https:\/\/aflamo.shop\/it\/wp-json\/wp\/v2\/product_tag?post=20255"}],"curies":[{"name":"wp","href":"https:\/\/api.w.org\/{rel}","templated":true}]}}