{"id":18584,"date":"2025-04-16T08:12:35","date_gmt":"2025-04-16T08:12:35","guid":{"rendered":"https:\/\/aflamo.shop\/p\/aflamo-lares-80-biocamino-da-incasso-a-parete\/"},"modified":"2026-03-12T10:36:43","modified_gmt":"2026-03-12T10:36:43","slug":"aflamo-lares-80-biocamino-da-incasso-a-parete","status":"publish","type":"product","link":"https:\/\/aflamo.shop\/it\/p\/aflamo-lares-80-biocamino-da-incasso-a-parete\/","title":{"rendered":"Aflamo Lares 80 &#8211; biocamino da incasso a parete"},"content":{"rendered":"<section>\n<h2><strong>Biocamino da parete Lares: modernit\u00e0, stile e sicurezza in uno<\/strong><\/h2>\n<p><img fetchpriority=\"high\" decoding=\"async\" class=\"aligncenter wp-image-15656 size-full\" src=\"https:\/\/aflamo.shop\/wp-content\/uploads\/2025\/04\/Lares_aranzacja.jpg\" alt=\"\" width=\"2048\" height=\"1448\" srcset=\"https:\/\/aflamo.shop\/wp-content\/uploads\/2025\/04\/Lares_aranzacja.jpg 2048w, https:\/\/aflamo.shop\/wp-content\/uploads\/2025\/04\/Lares_aranzacja-600x424.jpg 600w, https:\/\/aflamo.shop\/wp-content\/uploads\/2025\/04\/Lares_aranzacja-300x212.jpg 300w, https:\/\/aflamo.shop\/wp-content\/uploads\/2025\/04\/Lares_aranzacja-1024x724.jpg 1024w, https:\/\/aflamo.shop\/wp-content\/uploads\/2025\/04\/Lares_aranzacja-768x543.jpg 768w, https:\/\/aflamo.shop\/wp-content\/uploads\/2025\/04\/Lares_aranzacja-1536x1086.jpg 1536w\" sizes=\"(max-width: 2048px) 100vw, 2048px\" \/><\/p>\n<h2>Caratteristiche uniche e design moderno<\/h2>\n<p><strong>Il biocamino da parete Lares<\/strong> \u00e8 un modello da incasso trifacciale che coniuga perfettamente eleganza e funzionalit\u00e0.<br \/>\nIl suo design unico rende il fuoco l&#8217;elemento centrale di ogni ambiente, visibile da tre lati grazie al vetro temperato.<br \/>\nQuesta soluzione \u00e8 stata creata per gli amanti del design moderno che danno valore sia all&#8217;estetica che al calore di una casa.<\/p>\n<p>La forma unica del biocamino consente di creare un&#8217;atmosfera accogliente e al tempo stesso esclusiva, ideale per il relax serale o per gli incontri con i propri cari.<br \/>\nLares si adatta perfettamente a diversi stili d&#8217;interni: dal minimalista all&#8217;industriale.<\/p>\n<p>Grazie al montaggio semplice e al funzionamento intuitivo, <strong>Lares \u00e8 un biocamino<\/strong> da parete che soddisfer\u00e0 anche le aspettative degli utenti pi\u00f9 esigenti.<\/p>\n<p><img decoding=\"async\" class=\"aligncenter wp-image-15662 size-full\" src=\"https:\/\/aflamo.shop\/wp-content\/uploads\/2025\/04\/Lares_right.jpg\" alt=\"\" width=\"1101\" height=\"996\" srcset=\"https:\/\/aflamo.shop\/wp-content\/uploads\/2025\/04\/Lares_right.jpg 1101w, https:\/\/aflamo.shop\/wp-content\/uploads\/2025\/04\/Lares_right-600x543.jpg 600w, https:\/\/aflamo.shop\/wp-content\/uploads\/2025\/04\/Lares_right-300x271.jpg 300w, https:\/\/aflamo.shop\/wp-content\/uploads\/2025\/04\/Lares_right-1024x926.jpg 1024w, https:\/\/aflamo.shop\/wp-content\/uploads\/2025\/04\/Lares_right-768x695.jpg 768w\" sizes=\"(max-width: 1101px) 100vw, 1101px\" \/><\/p>\n<h2>Salute e sicurezza: prendersi cura di ci\u00f2 che \u00e8 pi\u00f9 prezioso<\/h2>\n<p>La sicurezza dell&#8217;utente \u00e8 stata fondamentale durante la progettazione del biocamino Lares.<br \/>\nIl vetro temperato su tre lati garantisce un&#8217;ulteriore protezione contro le fiamme, il che \u00e8 particolarmente importante nelle case in cui vivono bambini o animali domestici.<br \/>\nCi\u00f2 significa che puoi goderti la bellezza del fuoco naturale senza preoccuparti dei pericoli.<\/p>\n<p>Il bruciatore in acciaio inox \u00e8 dotato di un inserto assorbente che impedisce la fuoriuscita accidentale di biocarburante e garantisce una combustione stabile.<br \/>\nInoltre, il set include un <strong>estintore <\/strong>che consente di spegnere la fiamma in qualsiasi momento, in modo rapido e sicuro.<\/p>\n<p><img decoding=\"async\" class=\"aligncenter wp-image-15668 size-full\" src=\"https:\/\/aflamo.shop\/wp-content\/uploads\/2025\/04\/Lares_right_flame-600x434-1.jpg\" alt=\"\" width=\"600\" height=\"434\" srcset=\"https:\/\/aflamo.shop\/wp-content\/uploads\/2025\/04\/Lares_right_flame-600x434-1.jpg 600w, https:\/\/aflamo.shop\/wp-content\/uploads\/2025\/04\/Lares_right_flame-600x434-1-300x217.jpg 300w\" sizes=\"(max-width: 600px) 100vw, 600px\" \/><\/p>\n<h2>Il set include:<\/h2>\n<ul>\n<li>Biocamino Lares<\/li>\n<li>Bruciatore in acciaio inox con inserto assorbente<\/li>\n<li>Estintore<\/li>\n<li>Imbuto di ricarica per biocarburante<\/li>\n<li>Istruzioni per l&#8217;uso e il montaggio<\/li>\n<\/ul>\n<h2>Scegli stile, sicurezza e comfort<\/h2>\n<p>Lares \u00e8 la soluzione perfetta per chi cerca soluzioni di riscaldamento moderne e sicure.<br \/>\nSe sogni un&#8217;atmosfera unica nella tua casa, senza fumo, canna fumaria e montaggio complicato, questo biocamino soddisfer\u00e0 le tue aspettative.<\/p>\n<p>&nbsp;<\/p>\n<ul><strong><\/p>\n<p><a href=\"https:\/\/aflamo.shop\/wp-content\/uploads\/2025\/04\/bio_manual_EN-PL-DE-FR-ES-IT-6.pdf\">Istruzione<\/a><\/p>\n<p><a href=\"https:\/\/aflamo.shop\/wp-content\/uploads\/2025\/04\/Safety_instructions_EN-PL-DE-IT-ES-FR-CS-SK-NL-6.pdf\">Sicurezza<\/a><\/p>\n<p><\/strong><\/ul>\n<\/section>\n<h2>Disegni tecnici<\/h2>\n<ul>\n<li style=\"list-style-type: none;\">\n<ul>\n<li>Lares 60<\/li>\n<\/ul>\n<\/li>\n<\/ul>\n<p><img loading=\"lazy\" decoding=\"async\" class=\"aligncenter wp-image-15638 size-full\" src=\"https:\/\/aflamo.shop\/wp-content\/uploads\/2025\/04\/Lares_60.png\" alt=\"\" width=\"717\" height=\"1071\" srcset=\"https:\/\/aflamo.shop\/wp-content\/uploads\/2025\/04\/Lares_60.png 717w, https:\/\/aflamo.shop\/wp-content\/uploads\/2025\/04\/Lares_60-600x896.png 600w, https:\/\/aflamo.shop\/wp-content\/uploads\/2025\/04\/Lares_60-201x300.png 201w, https:\/\/aflamo.shop\/wp-content\/uploads\/2025\/04\/Lares_60-686x1024.png 686w\" sizes=\"(max-width: 717px) 100vw, 717px\" \/><\/p>\n<ul>\n<li style=\"list-style-type: none;\">\n<ul>\n<li>Lares 80<\/li>\n<\/ul>\n<\/li>\n<\/ul>\n<p><img loading=\"lazy\" decoding=\"async\" class=\"aligncenter wp-image-15644 size-full\" src=\"https:\/\/aflamo.shop\/wp-content\/uploads\/2025\/04\/Lares_80.png\" alt=\"\" width=\"649\" height=\"1047\" srcset=\"https:\/\/aflamo.shop\/wp-content\/uploads\/2025\/04\/Lares_80.png 649w, https:\/\/aflamo.shop\/wp-content\/uploads\/2025\/04\/Lares_80-600x968.png 600w, https:\/\/aflamo.shop\/wp-content\/uploads\/2025\/04\/Lares_80-186x300.png 186w, https:\/\/aflamo.shop\/wp-content\/uploads\/2025\/04\/Lares_80-635x1024.png 635w\" sizes=\"(max-width: 649px) 100vw, 649px\" \/><\/p>\n<ul>\n<li style=\"list-style-type: none;\">\n<ul>\n<li>Lares 100<\/li>\n<\/ul>\n<\/li>\n<\/ul>\n<p><img loading=\"lazy\" decoding=\"async\" class=\"aligncenter wp-image-15650 size-full\" src=\"https:\/\/aflamo.shop\/wp-content\/uploads\/2025\/04\/Lares_100.png\" alt=\"\" width=\"719\" height=\"819\" srcset=\"https:\/\/aflamo.shop\/wp-content\/uploads\/2025\/04\/Lares_100.png 719w, https:\/\/aflamo.shop\/wp-content\/uploads\/2025\/04\/Lares_100-600x683.png 600w, https:\/\/aflamo.shop\/wp-content\/uploads\/2025\/04\/Lares_100-263x300.png 263w\" sizes=\"(max-width: 719px) 100vw, 719px\" \/><\/p>\n","protected":false},"excerpt":{"rendered":"<p>Produttore: Aflamo<\/p>\n<p>GETIN: 5908283563098<\/p>\n<p><b>Modello:<\/b><\/p>\n<ul>\n<li><a href=\"https:\/\/aflamo.shop\/it\/p\/aflamo-lares-60-biocamino-da-incasso-a-parete\/\">60<\/a><\/li>\n<li><a href=\"https:\/\/aflamo.shop\/it\/p\/aflamo-lares-80-biocamino-da-incasso-a-parete\/\">80<\/a><\/li>\n<li><a href=\"https:\/\/aflamo.shop\/it\/p\/aflamo-lares-100-biocamino-da-incasso-a-parete\/\">100<\/a><\/li>\n<\/ul>\n<p>Dimensioni: 80 x 50 x 30 cm<\/p>\n","protected":false},"featured_media":22454,"comment_status":"open","ping_status":"closed","template":"","meta":[],"product_brand":[],"product_cat":[682,175,177,930],"product_tag":[],"class_list":{"0":"post-18584","1":"product","2":"type-product","3":"status-publish","4":"has-post-thumbnail","6":"product_cat-alfamo-it","7":"product_cat-biocamini","8":"product_cat-bruciatori","9":"product_cat-muro","11":"first","12":"instock","13":"shipping-taxable","14":"purchasable","15":"product-type-simple"},"yoast_head":"<!-- This site is optimized with the Yoast SEO plugin v27.1.1 - https:\/\/yoast.com\/product\/yoast-seo-wordpress\/ -->\n<title>Aflamo Lares 80 - biocamino da incasso a parete - aflamo.shop - rivenditore Aflamo certificato<\/title>\n<meta name=\"description\" content=\"Il suo design unico rende il fuoco l&#039;elemento centrale di ogni ambiente, visibile da tre lati grazie al vetro temperato.\" \/>\n<meta name=\"robots\" content=\"index, follow, max-snippet:-1, max-image-preview:large, max-video-preview:-1\" \/>\n<link rel=\"canonical\" href=\"https:\/\/aflamo.shop\/it\/p\/aflamo-lares-80-biocamino-da-incasso-a-parete\/\" \/>\n<meta property=\"og:locale\" content=\"it_IT\" \/>\n<meta property=\"og:type\" content=\"article\" \/>\n<meta property=\"og:title\" content=\"Aflamo Lares 80 - biocamino da incasso a parete - aflamo.shop - rivenditore Aflamo certificato\" \/>\n<meta property=\"og:description\" content=\"Il suo design unico rende il fuoco l&#039;elemento centrale di ogni ambiente, visibile da tre lati grazie al vetro temperato.\" \/>\n<meta property=\"og:url\" content=\"https:\/\/aflamo.shop\/it\/p\/aflamo-lares-80-biocamino-da-incasso-a-parete\/\" \/>\n<meta property=\"og:site_name\" content=\"aflamo.shop - rivenditore Aflamo certificato\" \/>\n<meta property=\"article:modified_time\" content=\"2026-03-12T10:36:43+00:00\" \/>\n<meta property=\"og:image\" content=\"https:\/\/aflamo.shop\/wp-content\/uploads\/2025\/04\/Projekt-bez-nazwy82.png\" \/>\n\t<meta property=\"og:image:width\" content=\"2048\" \/>\n\t<meta property=\"og:image:height\" content=\"669\" \/>\n\t<meta property=\"og:image:type\" content=\"image\/png\" \/>\n<meta name=\"twitter:card\" content=\"summary_large_image\" \/>\n<meta name=\"twitter:label1\" content=\"Tempo di lettura stimato\" \/>\n\t<meta name=\"twitter:data1\" content=\"4 minuti\" \/>\n<script type=\"application\/ld+json\" class=\"yoast-schema-graph\">{\"@context\":\"https:\/\/schema.org\",\"@graph\":[{\"@type\":\"WebPage\",\"@id\":\"https:\/\/aflamo.shop\/it\/p\/aflamo-lares-80-biocamino-da-incasso-a-parete\/\",\"url\":\"https:\/\/aflamo.shop\/it\/p\/aflamo-lares-80-biocamino-da-incasso-a-parete\/\",\"name\":\"Aflamo Lares 80 - biocamino da incasso a parete - aflamo.shop - rivenditore Aflamo certificato\",\"isPartOf\":{\"@id\":\"https:\/\/aflamo.shop\/it\/#website\"},\"primaryImageOfPage\":{\"@id\":\"https:\/\/aflamo.shop\/it\/p\/aflamo-lares-80-biocamino-da-incasso-a-parete\/#primaryimage\"},\"image\":{\"@id\":\"https:\/\/aflamo.shop\/it\/p\/aflamo-lares-80-biocamino-da-incasso-a-parete\/#primaryimage\"},\"thumbnailUrl\":\"https:\/\/aflamo.shop\/wp-content\/uploads\/2025\/04\/Projekt-bez-nazwy82.png\",\"datePublished\":\"2025-04-16T08:12:35+00:00\",\"dateModified\":\"2026-03-12T10:36:43+00:00\",\"description\":\"Il suo design unico rende il fuoco l'elemento centrale di ogni ambiente, visibile da tre lati grazie al vetro temperato.\",\"breadcrumb\":{\"@id\":\"https:\/\/aflamo.shop\/it\/p\/aflamo-lares-80-biocamino-da-incasso-a-parete\/#breadcrumb\"},\"inLanguage\":\"it-IT\",\"potentialAction\":[{\"@type\":\"ReadAction\",\"target\":[\"https:\/\/aflamo.shop\/it\/p\/aflamo-lares-80-biocamino-da-incasso-a-parete\/\"]}]},{\"@type\":\"ImageObject\",\"inLanguage\":\"it-IT\",\"@id\":\"https:\/\/aflamo.shop\/it\/p\/aflamo-lares-80-biocamino-da-incasso-a-parete\/#primaryimage\",\"url\":\"https:\/\/aflamo.shop\/wp-content\/uploads\/2025\/04\/Projekt-bez-nazwy82.png\",\"contentUrl\":\"https:\/\/aflamo.shop\/wp-content\/uploads\/2025\/04\/Projekt-bez-nazwy82.png\",\"width\":2048,\"height\":669},{\"@type\":\"BreadcrumbList\",\"@id\":\"https:\/\/aflamo.shop\/it\/p\/aflamo-lares-80-biocamino-da-incasso-a-parete\/#breadcrumb\",\"itemListElement\":[{\"@type\":\"ListItem\",\"position\":1,\"name\":\"Pagina iniziale\",\"item\":\"https:\/\/aflamo.shop\/it\/\"},{\"@type\":\"ListItem\",\"position\":2,\"name\":\"Negozio\",\"item\":\"https:\/\/aflamo.shop\/negozio\/\"},{\"@type\":\"ListItem\",\"position\":3,\"name\":\"Aflamo\",\"item\":\"https:\/\/aflamo.shop\/it\/s\/alfamo-it\/\"},{\"@type\":\"ListItem\",\"position\":4,\"name\":\"Aflamo Lares 80 &#8211; biocamino da incasso a parete\"}]},{\"@type\":\"WebSite\",\"@id\":\"https:\/\/aflamo.shop\/it\/#website\",\"url\":\"https:\/\/aflamo.shop\/it\/\",\"name\":\"aflamo.shop - rivenditore Aflamo certificato\",\"description\":\"Kominki elektryczne Aflamo i Emotion Flame z funkcj\u0105 grzania\",\"publisher\":{\"@id\":\"https:\/\/aflamo.shop\/it\/#organization\"},\"potentialAction\":[{\"@type\":\"SearchAction\",\"target\":{\"@type\":\"EntryPoint\",\"urlTemplate\":\"https:\/\/aflamo.shop\/it\/?s={search_term_string}\"},\"query-input\":{\"@type\":\"PropertyValueSpecification\",\"valueRequired\":true,\"valueName\":\"search_term_string\"}}],\"inLanguage\":\"it-IT\"},{\"@type\":\"Organization\",\"@id\":\"https:\/\/aflamo.shop\/it\/#organization\",\"name\":\"aflamo.shop - rivenditore Aflamo certificato\",\"url\":\"https:\/\/aflamo.shop\/it\/\",\"logo\":{\"@type\":\"ImageObject\",\"inLanguage\":\"it-IT\",\"@id\":\"https:\/\/aflamo.shop\/it\/#\/schema\/logo\/image\/\",\"url\":\"https:\/\/aflamo.shop\/wp-content\/uploads\/2019\/10\/logo2.1-1-1.svg\",\"contentUrl\":\"https:\/\/aflamo.shop\/wp-content\/uploads\/2019\/10\/logo2.1-1-1.svg\",\"caption\":\"aflamo.shop - rivenditore Aflamo certificato\"},\"image\":{\"@id\":\"https:\/\/aflamo.shop\/it\/#\/schema\/logo\/image\/\"}}]}<\/script>\n<!-- \/ Yoast SEO plugin. -->","yoast_head_json":{"title":"Aflamo Lares 80 - biocamino da incasso a parete - aflamo.shop - rivenditore Aflamo certificato","description":"Il suo design unico rende il fuoco l'elemento centrale di ogni ambiente, visibile da tre lati grazie al vetro temperato.","robots":{"index":"index","follow":"follow","max-snippet":"max-snippet:-1","max-image-preview":"max-image-preview:large","max-video-preview":"max-video-preview:-1"},"canonical":"https:\/\/aflamo.shop\/it\/p\/aflamo-lares-80-biocamino-da-incasso-a-parete\/","og_locale":"it_IT","og_type":"article","og_title":"Aflamo Lares 80 - biocamino da incasso a parete - aflamo.shop - rivenditore Aflamo certificato","og_description":"Il suo design unico rende il fuoco l'elemento centrale di ogni ambiente, visibile da tre lati grazie al vetro temperato.","og_url":"https:\/\/aflamo.shop\/it\/p\/aflamo-lares-80-biocamino-da-incasso-a-parete\/","og_site_name":"aflamo.shop - rivenditore Aflamo certificato","article_modified_time":"2026-03-12T10:36:43+00:00","og_image":[{"width":2048,"height":669,"url":"https:\/\/aflamo.shop\/wp-content\/uploads\/2025\/04\/Projekt-bez-nazwy82.png","type":"image\/png"}],"twitter_card":"summary_large_image","twitter_misc":{"Tempo di lettura stimato":"4 minuti"},"schema":{"@context":"https:\/\/schema.org","@graph":[{"@type":"WebPage","@id":"https:\/\/aflamo.shop\/it\/p\/aflamo-lares-80-biocamino-da-incasso-a-parete\/","url":"https:\/\/aflamo.shop\/it\/p\/aflamo-lares-80-biocamino-da-incasso-a-parete\/","name":"Aflamo Lares 80 - biocamino da incasso a parete - aflamo.shop - rivenditore Aflamo certificato","isPartOf":{"@id":"https:\/\/aflamo.shop\/it\/#website"},"primaryImageOfPage":{"@id":"https:\/\/aflamo.shop\/it\/p\/aflamo-lares-80-biocamino-da-incasso-a-parete\/#primaryimage"},"image":{"@id":"https:\/\/aflamo.shop\/it\/p\/aflamo-lares-80-biocamino-da-incasso-a-parete\/#primaryimage"},"thumbnailUrl":"https:\/\/aflamo.shop\/wp-content\/uploads\/2025\/04\/Projekt-bez-nazwy82.png","datePublished":"2025-04-16T08:12:35+00:00","dateModified":"2026-03-12T10:36:43+00:00","description":"Il suo design unico rende il fuoco l'elemento centrale di ogni ambiente, visibile da tre lati grazie al vetro temperato.","breadcrumb":{"@id":"https:\/\/aflamo.shop\/it\/p\/aflamo-lares-80-biocamino-da-incasso-a-parete\/#breadcrumb"},"inLanguage":"it-IT","potentialAction":[{"@type":"ReadAction","target":["https:\/\/aflamo.shop\/it\/p\/aflamo-lares-80-biocamino-da-incasso-a-parete\/"]}]},{"@type":"ImageObject","inLanguage":"it-IT","@id":"https:\/\/aflamo.shop\/it\/p\/aflamo-lares-80-biocamino-da-incasso-a-parete\/#primaryimage","url":"https:\/\/aflamo.shop\/wp-content\/uploads\/2025\/04\/Projekt-bez-nazwy82.png","contentUrl":"https:\/\/aflamo.shop\/wp-content\/uploads\/2025\/04\/Projekt-bez-nazwy82.png","width":2048,"height":669},{"@type":"BreadcrumbList","@id":"https:\/\/aflamo.shop\/it\/p\/aflamo-lares-80-biocamino-da-incasso-a-parete\/#breadcrumb","itemListElement":[{"@type":"ListItem","position":1,"name":"Pagina iniziale","item":"https:\/\/aflamo.shop\/it\/"},{"@type":"ListItem","position":2,"name":"Negozio","item":"https:\/\/aflamo.shop\/negozio\/"},{"@type":"ListItem","position":3,"name":"Aflamo","item":"https:\/\/aflamo.shop\/it\/s\/alfamo-it\/"},{"@type":"ListItem","position":4,"name":"Aflamo Lares 80 &#8211; biocamino da incasso a parete"}]},{"@type":"WebSite","@id":"https:\/\/aflamo.shop\/it\/#website","url":"https:\/\/aflamo.shop\/it\/","name":"aflamo.shop - rivenditore Aflamo certificato","description":"Kominki elektryczne Aflamo i Emotion Flame z funkcj\u0105 grzania","publisher":{"@id":"https:\/\/aflamo.shop\/it\/#organization"},"potentialAction":[{"@type":"SearchAction","target":{"@type":"EntryPoint","urlTemplate":"https:\/\/aflamo.shop\/it\/?s={search_term_string}"},"query-input":{"@type":"PropertyValueSpecification","valueRequired":true,"valueName":"search_term_string"}}],"inLanguage":"it-IT"},{"@type":"Organization","@id":"https:\/\/aflamo.shop\/it\/#organization","name":"aflamo.shop - rivenditore Aflamo certificato","url":"https:\/\/aflamo.shop\/it\/","logo":{"@type":"ImageObject","inLanguage":"it-IT","@id":"https:\/\/aflamo.shop\/it\/#\/schema\/logo\/image\/","url":"https:\/\/aflamo.shop\/wp-content\/uploads\/2019\/10\/logo2.1-1-1.svg","contentUrl":"https:\/\/aflamo.shop\/wp-content\/uploads\/2019\/10\/logo2.1-1-1.svg","caption":"aflamo.shop - rivenditore Aflamo certificato"},"image":{"@id":"https:\/\/aflamo.shop\/it\/#\/schema\/logo\/image\/"}}]}},"_links":{"self":[{"href":"https:\/\/aflamo.shop\/it\/wp-json\/wp\/v2\/product\/18584","targetHints":{"allow":["GET"]}}],"collection":[{"href":"https:\/\/aflamo.shop\/it\/wp-json\/wp\/v2\/product"}],"about":[{"href":"https:\/\/aflamo.shop\/it\/wp-json\/wp\/v2\/types\/product"}],"replies":[{"embeddable":true,"href":"https:\/\/aflamo.shop\/it\/wp-json\/wp\/v2\/comments?post=18584"}],"wp:featuredmedia":[{"embeddable":true,"href":"https:\/\/aflamo.shop\/it\/wp-json\/wp\/v2\/media\/22454"}],"wp:attachment":[{"href":"https:\/\/aflamo.shop\/it\/wp-json\/wp\/v2\/media?parent=18584"}],"wp:term":[{"taxonomy":"product_brand","embeddable":true,"href":"https:\/\/aflamo.shop\/it\/wp-json\/wp\/v2\/product_brand?post=18584"},{"taxonomy":"product_cat","embeddable":true,"href":"https:\/\/aflamo.shop\/it\/wp-json\/wp\/v2\/product_cat?post=18584"},{"taxonomy":"product_tag","embeddable":true,"href":"https:\/\/aflamo.shop\/it\/wp-json\/wp\/v2\/product_tag?post=18584"}],"curies":[{"name":"wp","href":"https:\/\/api.w.org\/{rel}","templated":true}]}}