{"id":15020,"date":"2024-09-09T12:20:20","date_gmt":"2024-09-09T12:20:20","guid":{"rendered":"https:\/\/aflamo.shop\/p\/aflamo-honos-125-con-vetro-caminetto-da-parete-incasso\/"},"modified":"2026-03-12T14:13:16","modified_gmt":"2026-03-12T14:13:16","slug":"aflamo-honos-125-con-vetro-caminetto-da-parete-incasso","status":"publish","type":"product","link":"https:\/\/aflamo.shop\/it\/p\/aflamo-honos-125-con-vetro-caminetto-da-parete-incasso\/","title":{"rendered":"Aflamo Honos 125 con vetro &#8211; caminetto da parete\/incasso"},"content":{"rendered":"<h3><strong>Caratteristiche del caminetto<\/strong><\/h3>\n<p>&nbsp;<\/p>\n<p><b>Honos<\/b> con vetro \u00e8 un caminetto a parete dal design minimalista. Eleganza allo stato puro, senza inutili aggiunte. Honos riempir\u00e0 i tuoi interni e render\u00e0 superflui altri accessori.  <\/p>\n<p>Ora puoi goderti la bellezza di una fiamma vera in qualsiasi stanza.<\/p>\n<div class=\"more-info\">\n<div class=\"tab-content\">\n<section id=\"idTab1\" class=\"page-product-box\">\n<div class=\"rte\">\n<div class=\"row\">\n<div id=\"\" class=\"col-xs-12 col-sm-6 \">\n<div id=\"\" class=\"eds-on-scroll eds-scroll-visible animated fadeInUp duration2\">\n<ul>\n<li>Biocamino a parete<\/li>\n<li>Design unico e moderno<\/li>\n<li>Lavorazione di alta qualit\u00e0<\/li>\n<li>Bruciatore di sicurezza certificato TUV<\/li>\n<\/ul>\n<p>&nbsp;<\/p>\n<h6><strong>Alloggi  <img fetchpriority=\"high\" decoding=\"async\" class=\"alignright wp-image-10806 size-full\" src=\"https:\/\/aflamo.shop\/wp-content\/uploads\/2024\/09\/Honos_glass_right-400x288-1.jpg\" alt=\"\" width=\"400\" height=\"288\" srcset=\"https:\/\/aflamo.shop\/wp-content\/uploads\/2024\/09\/Honos_glass_right-400x288-1.jpg 400w, https:\/\/aflamo.shop\/wp-content\/uploads\/2024\/09\/Honos_glass_right-400x288-1-300x216.jpg 300w\" sizes=\"(max-width: 400px) 100vw, 400px\" \/><\/strong><\/h6>\n<ul>\n<li>colore: nero opaco<\/li>\n<li>interamente in acciaio<\/li>\n<li>qualit\u00e0 superiore grazie agli angoli saldati e rettificati<\/li>\n<li>verniciato con vernice resistente al calore e ai danni<\/li>\n<\/ul>\n<h6><\/h6>\n<h6><strong>Bruciatore<\/strong><\/h6>\n<\/div>\n<p>Il bruciatore utilizzato in questo biocamino \u00e8 realizzato in acciaio inox. Al suo interno \u00e8 presente un elemento assorbente che garantisce un utilizzo sicuro ed elimina il rischio di fuoriuscite incontrollate di biocarburante. <\/p>\n<p>In ogni set completo \u00e8 incluso uno speciale estintore che consente di spegnere le fiamme del biocamino in modo facile e veloce in qualsiasi momento.<\/p>\n<div id=\"\" class=\"eds-on-scroll eds-scroll-visible animated fadeInUp duration2\">\n<ul>\n<li>cassaforte con certificato TUV<\/li>\n<li>Il design sofisticato garantisce una combustione uniforme su tutta la larghezza<\/li>\n<li>l&#8217;inserto in ceramica riduce il rischio di fuoriuscita di biocarburante<\/li>\n<li>in acciaio inox<\/li>\n<\/ul>\n<p><img decoding=\"async\" class=\"aligncenter wp-image-10794 size-full\" src=\"https:\/\/aflamo.shop\/wp-content\/uploads\/2024\/09\/Honos_glass_front_flame-2.jpg\" alt=\"\" width=\"1900\" height=\"834\" srcset=\"https:\/\/aflamo.shop\/wp-content\/uploads\/2024\/09\/Honos_glass_front_flame-2.jpg 1900w, https:\/\/aflamo.shop\/wp-content\/uploads\/2024\/09\/Honos_glass_front_flame-2-600x263.jpg 600w, https:\/\/aflamo.shop\/wp-content\/uploads\/2024\/09\/Honos_glass_front_flame-2-300x132.jpg 300w, https:\/\/aflamo.shop\/wp-content\/uploads\/2024\/09\/Honos_glass_front_flame-2-1024x449.jpg 1024w, https:\/\/aflamo.shop\/wp-content\/uploads\/2024\/09\/Honos_glass_front_flame-2-768x337.jpg 768w, https:\/\/aflamo.shop\/wp-content\/uploads\/2024\/09\/Honos_glass_front_flame-2-1536x674.jpg 1536w\" sizes=\"(max-width: 1900px) 100vw, 1900px\" \/><\/p>\n<div class=\"flex flex-grow flex-col gap-3\">\n<div class=\"min-h-[20px] flex flex-col items-start gap-3 overflow-x-auto whitespace-pre-wrap break-words\">\n<div class=\"markdown prose w-full break-words dark:prose-invert light\">\n<p>Il biocamino da parete chiamato Honos \u00e8 un pezzo unico ed elegante che non solo porta la magica vista di un fuoco acceso in uno spazio, ma anche un&#8217;estetica minimalista.<\/p>\n<p>Honos \u00e8 un biocamino a parete che sottolinea lo stile moderno degli interni con la sua semplicit\u00e0. Il suo design minimalista lo rende non solo una fonte di calore, ma anche un&#8217;opera d&#8217;arte a s\u00e9 stante che cattura lo sguardo e crea un punto focale unico nella stanza. Senza aggiunte o ornamenti superflui, Honos emana eleganza e classe.  <\/p>\n<p>L&#8217;eleganza di Honos risiede nella sua forma pura. Ridotto agli elementi essenziali, questo biocamino permette alla fiamma di diventare la protagonista dell&#8217;arredamento. Rinunciando a decorazioni superflue, Honos riempie gli interni di autentica luminosit\u00e0 e introduce un&#8217;atmosfera di calma e relax. Pi\u00f9 che una semplice fonte di luce o di calore, \u00e8 un invito alla contemplazione e a un momento di riposo.   <\/p>\n<p>Utilizzando il biocamino Honos hai la possibilit\u00e0 di godere della bellezza di una fiamma vera in qualsiasi stanza. Senza la necessit\u00e0 di complicate installazioni o di collegamenti alle tubature del gas, Honos ti d\u00e0 la completa libert\u00e0 di posizionarlo ovunque ci sia bisogno di un accento unico. Che si tratti del soggiorno, della camera da letto o del salotto, Honos conferisce un&#8217;aura unica di calore e magia allo spazio.  <\/p>\n<p>In sintesi, il biocamino da parete Honos \u00e8 la quintessenza del minimalismo e dell&#8217;eleganza. Il suo design semplice enfatizza la vista unica di un fuoco acceso, che diventa il punto focale di ogni interno. Honos non \u00e8 solo un biocamino, ma un accento artistico che crea un&#8217;atmosfera unica, rendendo speciali i momenti quotidiani. \u00c8 disponibile anche nella variante in vetro.   <\/p>\n<ul><strong><br \/>\n<a href=\"https:\/\/aflamo.shop\/wp-content\/uploads\/2024\/09\/bio_manual_EN-PL-DE-FR-ES-IT-5.pdf\">Istruzioni per l&#8217;uso<\/a><\/p>\n<p><a href=\"https:\/\/aflamo.shop\/wp-content\/uploads\/2024\/09\/Juno_Honos_glass_installation_EN-PL-DE-FR-ES-IT-4.pdf\"><br \/>\nistruzioni per l&#8217;installazione dei vetri<\/a><\/p>\n<p><a href=\"https:\/\/aflamo.shop\/wp-content\/uploads\/2024\/09\/Juno_Honos_manual_EN-PL-DE-FR-ES-IT-2.pdf\">Istruzioni per l&#8217;installazione del biocamino<\/a><\/p>\n<p><a href=\"https:\/\/aflamo.shop\/wp-content\/uploads\/2024\/09\/Safety_instructions_EN-PL-DE-IT-ES-FR-CS-SK-NL-5.pdf\">Informazioni importanti sulla sicurezza<\/a><\/strong><\/ul>\n<\/div>\n<h3><strong>Disegno tecnico<\/strong><\/h3>\n<p>&nbsp;<\/p>\n<p><strong>Honos 65 con vetro<\/strong><\/p>\n<ul>\n<li>Bruciatore 28<\/li>\n<li>capacit\u00e0 0,35 litri<\/li>\n<li>tempo di combustione 1h<\/li>\n<\/ul>\n<p><img decoding=\"async\" class=\"alignnone wp-image-10809 size-full\" src=\"https:\/\/aflamo.shop\/wp-content\/uploads\/2024\/09\/Honos-glass_65-900x860-1.png\" alt=\"\" width=\"900\" height=\"860\" srcset=\"https:\/\/aflamo.shop\/wp-content\/uploads\/2024\/09\/Honos-glass_65-900x860-1.png 900w, https:\/\/aflamo.shop\/wp-content\/uploads\/2024\/09\/Honos-glass_65-900x860-1-600x573.png 600w, https:\/\/aflamo.shop\/wp-content\/uploads\/2024\/09\/Honos-glass_65-900x860-1-300x287.png 300w, https:\/\/aflamo.shop\/wp-content\/uploads\/2024\/09\/Honos-glass_65-900x860-1-768x734.png 768w\" sizes=\"(max-width: 900px) 100vw, 900px\" \/><\/p>\n<p>&nbsp;<\/p>\n<p><strong>Honos 90<\/strong><\/p>\n<ul>\n<li>Bruciatore 53<\/li>\n<li>capacit\u00e0 0,75 litri<\/li>\n<li>tempo di combustione 1h 20min<\/li>\n<\/ul>\n<p><img loading=\"lazy\" decoding=\"async\" class=\"alignnone wp-image-10812 size-full\" src=\"https:\/\/aflamo.shop\/wp-content\/uploads\/2024\/09\/Honos-glass_90-900x720-1.png\" alt=\"\" width=\"900\" height=\"720\" srcset=\"https:\/\/aflamo.shop\/wp-content\/uploads\/2024\/09\/Honos-glass_90-900x720-1.png 900w, https:\/\/aflamo.shop\/wp-content\/uploads\/2024\/09\/Honos-glass_90-900x720-1-600x480.png 600w, https:\/\/aflamo.shop\/wp-content\/uploads\/2024\/09\/Honos-glass_90-900x720-1-300x240.png 300w, https:\/\/aflamo.shop\/wp-content\/uploads\/2024\/09\/Honos-glass_90-900x720-1-768x614.png 768w\" sizes=\"(max-width: 900px) 100vw, 900px\" \/><\/p>\n<p>&nbsp;<\/p>\n<p><strong>Honos 125<\/strong><\/p>\n<ul>\n<li>Bruciatore 80<\/li>\n<li>capacit\u00e0 1,24 litri<\/li>\n<li>tempo di combustione 75min<\/li>\n<\/ul>\n<p><img loading=\"lazy\" decoding=\"async\" class=\"alignnone wp-image-10815 size-full\" src=\"https:\/\/aflamo.shop\/wp-content\/uploads\/2024\/09\/Honos-glass_125-900x706-1.png\" alt=\"\" width=\"900\" height=\"706\" srcset=\"https:\/\/aflamo.shop\/wp-content\/uploads\/2024\/09\/Honos-glass_125-900x706-1.png 900w, https:\/\/aflamo.shop\/wp-content\/uploads\/2024\/09\/Honos-glass_125-900x706-1-600x471.png 600w, https:\/\/aflamo.shop\/wp-content\/uploads\/2024\/09\/Honos-glass_125-900x706-1-300x235.png 300w, https:\/\/aflamo.shop\/wp-content\/uploads\/2024\/09\/Honos-glass_125-900x706-1-768x602.png 768w\" sizes=\"(max-width: 900px) 100vw, 900px\" \/><\/p>\n<p>&nbsp;<\/p>\n<p><strong>Honos 155<\/strong><\/p>\n<ul>\n<li>2 x Bruciatore 53<\/li>\n<li>capacit\u00e0 2 x 0,75 litri<\/li>\n<li>tempo di combustione 1h 20min<\/li>\n<\/ul>\n<p><img loading=\"lazy\" decoding=\"async\" class=\"alignnone wp-image-10818 size-full\" src=\"https:\/\/aflamo.shop\/wp-content\/uploads\/2024\/09\/Honos-glass_155-900x560-1.png\" alt=\"\" width=\"900\" height=\"560\" srcset=\"https:\/\/aflamo.shop\/wp-content\/uploads\/2024\/09\/Honos-glass_155-900x560-1.png 900w, https:\/\/aflamo.shop\/wp-content\/uploads\/2024\/09\/Honos-glass_155-900x560-1-600x373.png 600w, https:\/\/aflamo.shop\/wp-content\/uploads\/2024\/09\/Honos-glass_155-900x560-1-300x187.png 300w, https:\/\/aflamo.shop\/wp-content\/uploads\/2024\/09\/Honos-glass_155-900x560-1-768x478.png 768w\" sizes=\"(max-width: 900px) 100vw, 900px\" \/><\/p>\n<p>&nbsp;<\/p>\n<p><strong>Honos 185<\/strong><\/p>\n<ul>\n<li>2 x Bruciatore 80<\/li>\n<li>capacit\u00e0 2 x 1,24 litri<\/li>\n<li>tempo di combustione 75min<\/li>\n<\/ul>\n<p><img loading=\"lazy\" decoding=\"async\" class=\"alignnone wp-image-10821 size-full\" src=\"https:\/\/aflamo.shop\/wp-content\/uploads\/2024\/09\/Honos-glass_185-900x515-1.png\" alt=\"\" width=\"900\" height=\"515\" srcset=\"https:\/\/aflamo.shop\/wp-content\/uploads\/2024\/09\/Honos-glass_185-900x515-1.png 900w, https:\/\/aflamo.shop\/wp-content\/uploads\/2024\/09\/Honos-glass_185-900x515-1-600x343.png 600w, https:\/\/aflamo.shop\/wp-content\/uploads\/2024\/09\/Honos-glass_185-900x515-1-300x172.png 300w, https:\/\/aflamo.shop\/wp-content\/uploads\/2024\/09\/Honos-glass_185-900x515-1-768x439.png 768w\" sizes=\"(max-width: 900px) 100vw, 900px\" \/><\/p>\n<p>&nbsp;<\/p>\n<\/div>\n<\/div>\n<\/div>\n<\/div>\n<\/div>\n<\/div>\n<\/section>\n<\/div>\n<\/div>\n","protected":false},"excerpt":{"rendered":"<p>Produttore: Aflamo <\/p>\n<p>GETIN: 5908283562749<\/p>\n<p><b>Modello:<\/b><\/p>\n<ul>\n<li><a href=\"https:\/\/aflamo.shop\/it\/p\/aflamo-honos-65-con-vetro-caminetto-da-parete-incasso\/\">65<\/a><\/li>\n<li><a href=\"https:\/\/aflamo.shop\/it\/p\/aflamo-honos-90-con-vetro-camino-da-parete-incasso\/\">90<\/a><\/li>\n<li><a href=\"https:\/\/aflamo.shop\/it\/p\/aflamo-honos-125-con-vetro-caminetto-da-parete-incasso\/\">125<\/a><\/li>\n<li><a href=\"https:\/\/aflamo.shop\/it\/p\/aflamo-honos-155-con-biocamino-a-parete-incorporato-in-vetro\/\">155<\/a><\/li>\n<li><a href=\"https:\/\/aflamo.shop\/it\/p\/aflamo-honos-185-con-biocamino-a-parete-incorporato-in-vetro\/\">185<\/a><\/li>\n<\/ul>\n<p><a href=\"https:\/\/aflamo.shop\/it\/p\/aflamo-honos-125-biocamino-a-parete\/\"><b>Modelli senza vetro:<\/b><\/a><\/p>\n<p><b>Dimensioni:<\/b> 125 x 45 x 15 cm<\/p>\n","protected":false},"featured_media":11201,"comment_status":"open","ping_status":"closed","template":"","meta":[],"product_brand":[],"product_cat":[682,175,930],"product_tag":[],"class_list":{"0":"post-15020","1":"product","2":"type-product","3":"status-publish","4":"has-post-thumbnail","6":"product_cat-alfamo-it","7":"product_cat-biocamini","8":"product_cat-muro","10":"first","11":"outofstock","12":"shipping-taxable","13":"purchasable","14":"product-type-simple"},"yoast_head":"<!-- This site is optimized with the Yoast SEO plugin v27.1.1 - https:\/\/yoast.com\/product\/yoast-seo-wordpress\/ -->\n<title>Aflamo Honos 125 con vetro - caminetto da parete\/incasso - aflamo.shop - rivenditore Aflamo certificato<\/title>\n<meta name=\"description\" content=\"Biocamino da parete Honos con vetro - design minimalista ed eleganza. Crea un&#039;atmosfera calda, rendendo superflue altre decorazioni.\" \/>\n<meta name=\"robots\" content=\"index, follow, max-snippet:-1, max-image-preview:large, max-video-preview:-1\" \/>\n<link rel=\"canonical\" href=\"https:\/\/aflamo.shop\/it\/p\/aflamo-honos-125-con-vetro-caminetto-da-parete-incasso\/\" \/>\n<meta property=\"og:locale\" content=\"it_IT\" \/>\n<meta property=\"og:type\" content=\"article\" \/>\n<meta property=\"og:title\" content=\"Aflamo Honos 125 con vetro - caminetto da parete\/incasso - aflamo.shop - rivenditore Aflamo certificato\" \/>\n<meta property=\"og:description\" content=\"Biocamino da parete Honos con vetro - design minimalista ed eleganza. Crea un&#039;atmosfera calda, rendendo superflue altre decorazioni.\" \/>\n<meta property=\"og:url\" content=\"https:\/\/aflamo.shop\/it\/p\/aflamo-honos-125-con-vetro-caminetto-da-parete-incasso\/\" \/>\n<meta property=\"og:site_name\" content=\"aflamo.shop - rivenditore Aflamo certificato\" \/>\n<meta property=\"article:modified_time\" content=\"2026-03-12T14:13:16+00:00\" \/>\n<meta property=\"og:image\" content=\"https:\/\/aflamo.shop\/wp-content\/uploads\/2024\/09\/Honos_glass_front_flame-1praw-3.jpg\" \/>\n\t<meta property=\"og:image:width\" content=\"266\" \/>\n\t<meta property=\"og:image:height\" content=\"200\" \/>\n\t<meta property=\"og:image:type\" content=\"image\/jpeg\" \/>\n<meta name=\"twitter:card\" content=\"summary_large_image\" \/>\n<meta name=\"twitter:label1\" content=\"Tempo di lettura stimato\" \/>\n\t<meta name=\"twitter:data1\" content=\"5 minuti\" \/>\n<script type=\"application\/ld+json\" class=\"yoast-schema-graph\">{\"@context\":\"https:\/\/schema.org\",\"@graph\":[{\"@type\":\"WebPage\",\"@id\":\"https:\/\/aflamo.shop\/it\/p\/aflamo-honos-125-con-vetro-caminetto-da-parete-incasso\/\",\"url\":\"https:\/\/aflamo.shop\/it\/p\/aflamo-honos-125-con-vetro-caminetto-da-parete-incasso\/\",\"name\":\"Aflamo Honos 125 con vetro - caminetto da parete\/incasso - aflamo.shop - rivenditore Aflamo certificato\",\"isPartOf\":{\"@id\":\"https:\/\/aflamo.shop\/it\/#website\"},\"primaryImageOfPage\":{\"@id\":\"https:\/\/aflamo.shop\/it\/p\/aflamo-honos-125-con-vetro-caminetto-da-parete-incasso\/#primaryimage\"},\"image\":{\"@id\":\"https:\/\/aflamo.shop\/it\/p\/aflamo-honos-125-con-vetro-caminetto-da-parete-incasso\/#primaryimage\"},\"thumbnailUrl\":\"https:\/\/aflamo.shop\/wp-content\/uploads\/2024\/09\/Honos_glass_front_flame-1praw-3.jpg\",\"datePublished\":\"2024-09-09T12:20:20+00:00\",\"dateModified\":\"2026-03-12T14:13:16+00:00\",\"description\":\"Biocamino da parete Honos con vetro - design minimalista ed eleganza. Crea un'atmosfera calda, rendendo superflue altre decorazioni.\",\"breadcrumb\":{\"@id\":\"https:\/\/aflamo.shop\/it\/p\/aflamo-honos-125-con-vetro-caminetto-da-parete-incasso\/#breadcrumb\"},\"inLanguage\":\"it-IT\",\"potentialAction\":[{\"@type\":\"ReadAction\",\"target\":[\"https:\/\/aflamo.shop\/it\/p\/aflamo-honos-125-con-vetro-caminetto-da-parete-incasso\/\"]}]},{\"@type\":\"ImageObject\",\"inLanguage\":\"it-IT\",\"@id\":\"https:\/\/aflamo.shop\/it\/p\/aflamo-honos-125-con-vetro-caminetto-da-parete-incasso\/#primaryimage\",\"url\":\"https:\/\/aflamo.shop\/wp-content\/uploads\/2024\/09\/Honos_glass_front_flame-1praw-3.jpg\",\"contentUrl\":\"https:\/\/aflamo.shop\/wp-content\/uploads\/2024\/09\/Honos_glass_front_flame-1praw-3.jpg\",\"width\":266,\"height\":200},{\"@type\":\"BreadcrumbList\",\"@id\":\"https:\/\/aflamo.shop\/it\/p\/aflamo-honos-125-con-vetro-caminetto-da-parete-incasso\/#breadcrumb\",\"itemListElement\":[{\"@type\":\"ListItem\",\"position\":1,\"name\":\"Pagina iniziale\",\"item\":\"https:\/\/aflamo.shop\/it\/\"},{\"@type\":\"ListItem\",\"position\":2,\"name\":\"Negozio\",\"item\":\"https:\/\/aflamo.shop\/negozio\/\"},{\"@type\":\"ListItem\",\"position\":3,\"name\":\"Biocamini\",\"item\":\"https:\/\/aflamo.shop\/it\/s\/biocamini\/\"},{\"@type\":\"ListItem\",\"position\":4,\"name\":\"Aflamo Honos 125 con vetro &#8211; caminetto da parete\/incasso\"}]},{\"@type\":\"WebSite\",\"@id\":\"https:\/\/aflamo.shop\/it\/#website\",\"url\":\"https:\/\/aflamo.shop\/it\/\",\"name\":\"aflamo.shop - rivenditore Aflamo certificato\",\"description\":\"Kominki elektryczne Aflamo i Emotion Flame z funkcj\u0105 grzania\",\"publisher\":{\"@id\":\"https:\/\/aflamo.shop\/it\/#organization\"},\"potentialAction\":[{\"@type\":\"SearchAction\",\"target\":{\"@type\":\"EntryPoint\",\"urlTemplate\":\"https:\/\/aflamo.shop\/it\/?s={search_term_string}\"},\"query-input\":{\"@type\":\"PropertyValueSpecification\",\"valueRequired\":true,\"valueName\":\"search_term_string\"}}],\"inLanguage\":\"it-IT\"},{\"@type\":\"Organization\",\"@id\":\"https:\/\/aflamo.shop\/it\/#organization\",\"name\":\"aflamo.shop - rivenditore Aflamo certificato\",\"url\":\"https:\/\/aflamo.shop\/it\/\",\"logo\":{\"@type\":\"ImageObject\",\"inLanguage\":\"it-IT\",\"@id\":\"https:\/\/aflamo.shop\/it\/#\/schema\/logo\/image\/\",\"url\":\"https:\/\/aflamo.shop\/wp-content\/uploads\/2019\/10\/logo2.1-1-1.svg\",\"contentUrl\":\"https:\/\/aflamo.shop\/wp-content\/uploads\/2019\/10\/logo2.1-1-1.svg\",\"caption\":\"aflamo.shop - rivenditore Aflamo certificato\"},\"image\":{\"@id\":\"https:\/\/aflamo.shop\/it\/#\/schema\/logo\/image\/\"}}]}<\/script>\n<!-- \/ Yoast SEO plugin. -->","yoast_head_json":{"title":"Aflamo Honos 125 con vetro - caminetto da parete\/incasso - aflamo.shop - rivenditore Aflamo certificato","description":"Biocamino da parete Honos con vetro - design minimalista ed eleganza. Crea un'atmosfera calda, rendendo superflue altre decorazioni.","robots":{"index":"index","follow":"follow","max-snippet":"max-snippet:-1","max-image-preview":"max-image-preview:large","max-video-preview":"max-video-preview:-1"},"canonical":"https:\/\/aflamo.shop\/it\/p\/aflamo-honos-125-con-vetro-caminetto-da-parete-incasso\/","og_locale":"it_IT","og_type":"article","og_title":"Aflamo Honos 125 con vetro - caminetto da parete\/incasso - aflamo.shop - rivenditore Aflamo certificato","og_description":"Biocamino da parete Honos con vetro - design minimalista ed eleganza. Crea un'atmosfera calda, rendendo superflue altre decorazioni.","og_url":"https:\/\/aflamo.shop\/it\/p\/aflamo-honos-125-con-vetro-caminetto-da-parete-incasso\/","og_site_name":"aflamo.shop - rivenditore Aflamo certificato","article_modified_time":"2026-03-12T14:13:16+00:00","og_image":[{"width":266,"height":200,"url":"https:\/\/aflamo.shop\/wp-content\/uploads\/2024\/09\/Honos_glass_front_flame-1praw-3.jpg","type":"image\/jpeg"}],"twitter_card":"summary_large_image","twitter_misc":{"Tempo di lettura stimato":"5 minuti"},"schema":{"@context":"https:\/\/schema.org","@graph":[{"@type":"WebPage","@id":"https:\/\/aflamo.shop\/it\/p\/aflamo-honos-125-con-vetro-caminetto-da-parete-incasso\/","url":"https:\/\/aflamo.shop\/it\/p\/aflamo-honos-125-con-vetro-caminetto-da-parete-incasso\/","name":"Aflamo Honos 125 con vetro - caminetto da parete\/incasso - aflamo.shop - rivenditore Aflamo certificato","isPartOf":{"@id":"https:\/\/aflamo.shop\/it\/#website"},"primaryImageOfPage":{"@id":"https:\/\/aflamo.shop\/it\/p\/aflamo-honos-125-con-vetro-caminetto-da-parete-incasso\/#primaryimage"},"image":{"@id":"https:\/\/aflamo.shop\/it\/p\/aflamo-honos-125-con-vetro-caminetto-da-parete-incasso\/#primaryimage"},"thumbnailUrl":"https:\/\/aflamo.shop\/wp-content\/uploads\/2024\/09\/Honos_glass_front_flame-1praw-3.jpg","datePublished":"2024-09-09T12:20:20+00:00","dateModified":"2026-03-12T14:13:16+00:00","description":"Biocamino da parete Honos con vetro - design minimalista ed eleganza. Crea un'atmosfera calda, rendendo superflue altre decorazioni.","breadcrumb":{"@id":"https:\/\/aflamo.shop\/it\/p\/aflamo-honos-125-con-vetro-caminetto-da-parete-incasso\/#breadcrumb"},"inLanguage":"it-IT","potentialAction":[{"@type":"ReadAction","target":["https:\/\/aflamo.shop\/it\/p\/aflamo-honos-125-con-vetro-caminetto-da-parete-incasso\/"]}]},{"@type":"ImageObject","inLanguage":"it-IT","@id":"https:\/\/aflamo.shop\/it\/p\/aflamo-honos-125-con-vetro-caminetto-da-parete-incasso\/#primaryimage","url":"https:\/\/aflamo.shop\/wp-content\/uploads\/2024\/09\/Honos_glass_front_flame-1praw-3.jpg","contentUrl":"https:\/\/aflamo.shop\/wp-content\/uploads\/2024\/09\/Honos_glass_front_flame-1praw-3.jpg","width":266,"height":200},{"@type":"BreadcrumbList","@id":"https:\/\/aflamo.shop\/it\/p\/aflamo-honos-125-con-vetro-caminetto-da-parete-incasso\/#breadcrumb","itemListElement":[{"@type":"ListItem","position":1,"name":"Pagina iniziale","item":"https:\/\/aflamo.shop\/it\/"},{"@type":"ListItem","position":2,"name":"Negozio","item":"https:\/\/aflamo.shop\/negozio\/"},{"@type":"ListItem","position":3,"name":"Biocamini","item":"https:\/\/aflamo.shop\/it\/s\/biocamini\/"},{"@type":"ListItem","position":4,"name":"Aflamo Honos 125 con vetro &#8211; caminetto da parete\/incasso"}]},{"@type":"WebSite","@id":"https:\/\/aflamo.shop\/it\/#website","url":"https:\/\/aflamo.shop\/it\/","name":"aflamo.shop - rivenditore Aflamo certificato","description":"Kominki elektryczne Aflamo i Emotion Flame z funkcj\u0105 grzania","publisher":{"@id":"https:\/\/aflamo.shop\/it\/#organization"},"potentialAction":[{"@type":"SearchAction","target":{"@type":"EntryPoint","urlTemplate":"https:\/\/aflamo.shop\/it\/?s={search_term_string}"},"query-input":{"@type":"PropertyValueSpecification","valueRequired":true,"valueName":"search_term_string"}}],"inLanguage":"it-IT"},{"@type":"Organization","@id":"https:\/\/aflamo.shop\/it\/#organization","name":"aflamo.shop - rivenditore Aflamo certificato","url":"https:\/\/aflamo.shop\/it\/","logo":{"@type":"ImageObject","inLanguage":"it-IT","@id":"https:\/\/aflamo.shop\/it\/#\/schema\/logo\/image\/","url":"https:\/\/aflamo.shop\/wp-content\/uploads\/2019\/10\/logo2.1-1-1.svg","contentUrl":"https:\/\/aflamo.shop\/wp-content\/uploads\/2019\/10\/logo2.1-1-1.svg","caption":"aflamo.shop - rivenditore Aflamo certificato"},"image":{"@id":"https:\/\/aflamo.shop\/it\/#\/schema\/logo\/image\/"}}]}},"_links":{"self":[{"href":"https:\/\/aflamo.shop\/it\/wp-json\/wp\/v2\/product\/15020","targetHints":{"allow":["GET"]}}],"collection":[{"href":"https:\/\/aflamo.shop\/it\/wp-json\/wp\/v2\/product"}],"about":[{"href":"https:\/\/aflamo.shop\/it\/wp-json\/wp\/v2\/types\/product"}],"replies":[{"embeddable":true,"href":"https:\/\/aflamo.shop\/it\/wp-json\/wp\/v2\/comments?post=15020"}],"wp:featuredmedia":[{"embeddable":true,"href":"https:\/\/aflamo.shop\/it\/wp-json\/wp\/v2\/media\/11201"}],"wp:attachment":[{"href":"https:\/\/aflamo.shop\/it\/wp-json\/wp\/v2\/media?parent=15020"}],"wp:term":[{"taxonomy":"product_brand","embeddable":true,"href":"https:\/\/aflamo.shop\/it\/wp-json\/wp\/v2\/product_brand?post=15020"},{"taxonomy":"product_cat","embeddable":true,"href":"https:\/\/aflamo.shop\/it\/wp-json\/wp\/v2\/product_cat?post=15020"},{"taxonomy":"product_tag","embeddable":true,"href":"https:\/\/aflamo.shop\/it\/wp-json\/wp\/v2\/product_tag?post=15020"}],"curies":[{"name":"wp","href":"https:\/\/api.w.org\/{rel}","templated":true}]}}