{"id":12562,"date":"2025-01-14T12:02:20","date_gmt":"2025-01-14T12:02:20","guid":{"rendered":"https:\/\/aflamo.shop\/?post_type=product&#038;p=12562"},"modified":"2026-03-12T11:16:54","modified_gmt":"2026-03-12T11:16:54","slug":"aflamo-unique-nh-80-caminetto-elettrico-led-da-parete-incasso","status":"publish","type":"product","link":"https:\/\/aflamo.shop\/it\/p\/aflamo-unique-nh-80-caminetto-elettrico-led-da-parete-incasso\/","title":{"rendered":"Aflamo Unique NH 80- Caminetto elettrico LED da parete\/incasso"},"content":{"rendered":"<p><iframe title=\"Lettore video di YouTube\" src=\"https:\/\/www.youtube.com\/embed\/GMbhnINRFgQ?si=QRU0VohPHxMJXQIv\" width=\"560\" height=\"315\" frameborder=\"0\" allowfullscreen=\"allowfullscreen\"><span data-mce-type=\"bookmark\" style=\"display: inline-block; width: 0px; overflow: hidden; line-height: 0;\" class=\"mce_SELRES_start\">\ufeff<\/span><\/iframe><\/p>\n<div class=\"flex-shrink-0 flex flex-col relative items-end\">\n<div class=\"pt-0\">\n<div class=\"gizmo-shadow-stroke flex h-8 w-8 items-center justify-center overflow-hidden rounded-full\">\n<div class=\"h-full w-full\">\n<div class=\"gizmo-shadow-stroke overflow-hidden rounded-full\"><\/div>\n<\/div>\n<\/div>\n<\/div>\n<\/div>\n<div class=\"group\/conversation-turn relative flex w-full min-w-0 flex-col agent-turn\">\n<div class=\"flex-col gap-1 md:gap-3\">\n<div class=\"flex max-w-full flex-col flex-grow\">\n<div class=\"min-h-8 text-message flex w-full flex-col items-end gap-2 whitespace-normal break-words [.text-message+&amp;]:mt-5\" dir=\"auto\" data-message-author-role=\"assistant\" data-message-id=\"54d54e75-f83b-4acd-b251-aa1a7dbd0119\" data-message-model-slug=\"gpt-4o\">\n<div class=\"flex w-full flex-col gap-1 empty:hidden first:pt-[3px]\">\n<div class=\"markdown prose w-full break-words dark:prose-invert light\">\n<h3><strong>Caminetto a Parete Elettrico LED Unique NH \u2013 Bellezza e Realismo nel Tuo Spazio<\/strong><\/h3>\n<p><strong>Caminetto a parete elettrico LED Unique NH<\/strong> \u00e8 una scelta ideale per chi cerca un elemento decorativo impressionante senza funzione di riscaldamento. Grazie al suo design moderno e al focolare a tre lati, Unique NH attira l&#8217;attenzione e introduce la magia di un fuoco realistico, creando un&#8217;atmosfera unica.<\/p>\n<h4><strong>Caratteristiche:<\/strong><\/h4>\n<h4><strong>Effetto Fiamma<\/strong><\/h4>\n<p>Unique NH offre un&#8217;ampia gamma di possibilit\u00e0 visive:<\/p>\n<ul>\n<li><strong>6 colori della fiamma<\/strong> \u2013 Crea l&#8217;atmosfera desiderata grazie a diverse tonalit\u00e0 di fiamme.<\/li>\n<li><strong>11 colori di illuminazione dall&#8217;alto e del focolare<\/strong> \u2013 Gli effetti di luce arricchiscono la magia del fuoco.<\/li>\n<\/ul>\n<p><img fetchpriority=\"high\" decoding=\"async\" class=\"aligncenter wp-image-11296 size-full\" src=\"https:\/\/aflamo.shop\/wp-content\/uploads\/2023\/09\/flames_unique-nh_6.jpg\" alt=\"\" width=\"555\" height=\"425\" srcset=\"https:\/\/aflamo.shop\/wp-content\/uploads\/2023\/09\/flames_unique-nh_6.jpg 555w, https:\/\/aflamo.shop\/wp-content\/uploads\/2023\/09\/flames_unique-nh_6-300x230.jpg 300w\" sizes=\"(max-width: 555px) 100vw, 555px\" \/><\/p>\n<p>&nbsp;<\/p>\n<ul>\n<li><strong>2 tipi di focolare<\/strong> \u2013 Inclusi tronchetti e cristalli, modificabili secondo lo stile dell&#8217;ambiente.<\/li>\n<li><strong>10 colori di illuminazione del focolare<\/strong> e <strong>5 livelli di luminosit\u00e0<\/strong> \u2013 Personalizza l&#8217;effetto della fiamma secondo le tue preferenze.<\/li>\n<\/ul>\n<p><img decoding=\"async\" class=\"aligncenter wp-image-10691 size-full\" src=\"https:\/\/aflamo.shop\/wp-content\/uploads\/2024\/06\/polana_krysztaly-e1603875138523.png\" alt=\"\" width=\"413\" height=\"297\" srcset=\"https:\/\/aflamo.shop\/wp-content\/uploads\/2024\/06\/polana_krysztaly-e1603875138523.png 413w, https:\/\/aflamo.shop\/wp-content\/uploads\/2024\/06\/polana_krysztaly-e1603875138523-300x216.png 300w\" sizes=\"(max-width: 413px) 100vw, 413px\" \/><\/p>\n<p>&nbsp;<\/p>\n<ul>\n<li><strong>Tronchetti in ceramica<\/strong> \u2013 Una nuova qualit\u00e0 del focolare con tronchi in ceramica realistici che ricordano il vero legno in fiamme. Questi elementi durevoli ed estetici aggiungono autenticit\u00e0 e profondit\u00e0 all&#8217;effetto della fiamma.<\/li>\n<\/ul>\n<p><img decoding=\"async\" class=\"aligncenter wp-image-8902 size-full\" src=\"https:\/\/aflamo.shop\/wp-content\/uploads\/2023\/08\/Unique_NH_logs_closeup.jpg\" alt=\"\" width=\"492\" height=\"300\" srcset=\"https:\/\/aflamo.shop\/wp-content\/uploads\/2023\/08\/Unique_NH_logs_closeup.jpg 492w, https:\/\/aflamo.shop\/wp-content\/uploads\/2023\/08\/Unique_NH_logs_closeup-300x183.jpg 300w\" sizes=\"(max-width: 492px) 100vw, 492px\" \/><\/p>\n<ul>\n<li><strong>Disponibile in diverse dimensioni<\/strong> \u2013 Scegli la dimensione giusta per il tuo spazio: 100, 120, 140, 160 o 180 cm.<\/li>\n<\/ul>\n<p><img loading=\"lazy\" decoding=\"async\" class=\"aligncenter wp-image-8866 size-full\" src=\"https:\/\/aflamo.shop\/wp-content\/uploads\/2023\/08\/unique_unique-nh.jpg\" alt=\"\" width=\"492\" height=\"300\" srcset=\"https:\/\/aflamo.shop\/wp-content\/uploads\/2023\/08\/unique_unique-nh.jpg 492w, https:\/\/aflamo.shop\/wp-content\/uploads\/2023\/08\/unique_unique-nh-300x183.jpg 300w\" sizes=\"(max-width: 492px) 100vw, 492px\" \/><\/p>\n<h4><strong>Applicazione Mobile<\/strong><\/h4>\n<p>Il caminetto Unique NH offre opzioni di controllo avanzate:<\/p>\n<ul>\n<li><strong>App mobile<\/strong> \u2013 Disponibile per dispositivi Android e iOS, consente il controllo completo delle funzioni del caminetto tramite telefono. Scarica l&#8217;applicazione su Google Play o Apple Store cercando &#8220;AFLAMO&#8221;.<\/li>\n<li><strong>Comandi vocali<\/strong> \u2013 Accensione e spegnimento del caminetto tramite assistente Amazon Alexa, per un comodo controllo vocale.<\/li>\n<\/ul>\n<p><img loading=\"lazy\" decoding=\"async\" class=\"aligncenter wp-image-8869 size-full\" src=\"https:\/\/aflamo.shop\/wp-content\/uploads\/2023\/08\/unique_app_unique-nh.jpg\" alt=\"\" width=\"492\" height=\"300\" srcset=\"https:\/\/aflamo.shop\/wp-content\/uploads\/2023\/08\/unique_app_unique-nh.jpg 492w, https:\/\/aflamo.shop\/wp-content\/uploads\/2023\/08\/unique_app_unique-nh-300x183.jpg 300w\" sizes=\"(max-width: 492px) 100vw, 492px\" \/><\/p>\n<h4><strong>Installazione<\/strong><\/h4>\n<p>Il caminetto Unique NH pu\u00f2 essere montato in tre modi:<\/p>\n<ol>\n<li>Incorporato nella parete<\/li>\n<li>Parzialmente incassato nella parete<\/li>\n<li>Sospeso alla parete<\/li>\n<\/ol>\n<h4><strong>Riepilogo<\/strong><\/h4>\n<p><strong>Caminetto a parete elettrico LED Unique NH<\/strong> \u00e8 la scelta perfetta per chi apprezza l&#8217;estetica, l&#8217;eleganza e le tecnologie moderne. Il focolare a tre lati, i bordi sottili e i tronchetti in ceramica creano un effetto di fiamma impressionante senza necessit\u00e0 di riscaldamento. Con l&#8217;app mobile e il controllo vocale, Unique NH \u00e8 un caminetto che garantisce un controllo totale e un comfort eccezionale. \u00c8 pi\u00f9 di un caminetto \u2013 \u00e8 una bellezza che arricchisce lo spazio con la magia delle fiamme.<\/p>\n<ul><strong><\/p>\n<p><a href=\"https:\/\/aflamo.shop\/wp-content\/uploads\/2023\/09\/UNIQUE-NH_TuyaAPP_EN-PL-DE-IT-ES-FR-CS-SK-NL.pdf\">Manuale d&#8217;uso e sicurezza<\/a><\/p>\n<p><\/strong><\/ul>\n<p><strong style=\"font-size: 16px;\">Disegni Tecnici<\/strong><br \/>\nUnique NH 80<\/p>\n<p><img loading=\"lazy\" decoding=\"async\" class=\"aligncenter wp-image-12564 size-full\" src=\"https:\/\/aflamo.shop\/wp-content\/uploads\/2025\/01\/unique-80-nh.png\" alt=\"\" width=\"1430\" height=\"820\" srcset=\"https:\/\/aflamo.shop\/wp-content\/uploads\/2025\/01\/unique-80-nh.png 1430w, https:\/\/aflamo.shop\/wp-content\/uploads\/2025\/01\/unique-80-nh-600x344.png 600w, https:\/\/aflamo.shop\/wp-content\/uploads\/2025\/01\/unique-80-nh-300x172.png 300w, https:\/\/aflamo.shop\/wp-content\/uploads\/2025\/01\/unique-80-nh-1024x587.png 1024w, https:\/\/aflamo.shop\/wp-content\/uploads\/2025\/01\/unique-80-nh-768x440.png 768w\" sizes=\"(max-width: 1430px) 100vw, 1430px\" \/><br \/>\nUnique NH 100<\/p>\n<p><img loading=\"lazy\" decoding=\"async\" class=\"aligncenter wp-image-8905 size-full\" src=\"https:\/\/aflamo.shop\/wp-content\/uploads\/2023\/08\/Unique_NH_100.png\" alt=\"\" width=\"1423\" height=\"491\" srcset=\"https:\/\/aflamo.shop\/wp-content\/uploads\/2023\/08\/Unique_NH_100.png 1423w, https:\/\/aflamo.shop\/wp-content\/uploads\/2023\/08\/Unique_NH_100-600x207.png 600w, https:\/\/aflamo.shop\/wp-content\/uploads\/2023\/08\/Unique_NH_100-300x104.png 300w, https:\/\/aflamo.shop\/wp-content\/uploads\/2023\/08\/Unique_NH_100-1024x353.png 1024w, https:\/\/aflamo.shop\/wp-content\/uploads\/2023\/08\/Unique_NH_100-768x265.png 768w\" sizes=\"(max-width: 1423px) 100vw, 1423px\" \/><\/p>\n<p>Unique NH 120<\/p>\n<p><img loading=\"lazy\" decoding=\"async\" class=\"aligncenter wp-image-8908 size-full\" src=\"https:\/\/aflamo.shop\/wp-content\/uploads\/2023\/08\/Unique_NH_120.png\" alt=\"\" width=\"1463\" height=\"454\" srcset=\"https:\/\/aflamo.shop\/wp-content\/uploads\/2023\/08\/Unique_NH_120.png 1463w, https:\/\/aflamo.shop\/wp-content\/uploads\/2023\/08\/Unique_NH_120-600x186.png 600w, https:\/\/aflamo.shop\/wp-content\/uploads\/2023\/08\/Unique_NH_120-300x93.png 300w, https:\/\/aflamo.shop\/wp-content\/uploads\/2023\/08\/Unique_NH_120-1024x318.png 1024w, https:\/\/aflamo.shop\/wp-content\/uploads\/2023\/08\/Unique_NH_120-768x238.png 768w\" sizes=\"(max-width: 1463px) 100vw, 1463px\" \/><\/p>\n<p>Unique NH 140<\/p>\n<p><img loading=\"lazy\" decoding=\"async\" class=\"aligncenter wp-image-8911 size-full\" src=\"https:\/\/aflamo.shop\/wp-content\/uploads\/2023\/08\/Unique_NH_140.png\" alt=\"\" width=\"1534\" height=\"434\" srcset=\"https:\/\/aflamo.shop\/wp-content\/uploads\/2023\/08\/Unique_NH_140.png 1534w, https:\/\/aflamo.shop\/wp-content\/uploads\/2023\/08\/Unique_NH_140-600x170.png 600w, https:\/\/aflamo.shop\/wp-content\/uploads\/2023\/08\/Unique_NH_140-300x85.png 300w, https:\/\/aflamo.shop\/wp-content\/uploads\/2023\/08\/Unique_NH_140-1024x290.png 1024w, https:\/\/aflamo.shop\/wp-content\/uploads\/2023\/08\/Unique_NH_140-768x217.png 768w\" sizes=\"(max-width: 1534px) 100vw, 1534px\" \/><\/p>\n<\/div>\n<\/div>\n<\/div>\n<\/div>\n<\/div>\n<\/div>\n<p>&nbsp;<\/p>\n<p>Unique NH 160<\/p>\n<p>&nbsp;<\/p>\n<p><img loading=\"lazy\" decoding=\"async\" class=\"alignnone wp-image-8914 size-full\" src=\"https:\/\/aflamo.shop\/wp-content\/uploads\/2023\/08\/Unique_NH_160.png\" alt=\"\" width=\"1542\" height=\"399\" srcset=\"https:\/\/aflamo.shop\/wp-content\/uploads\/2023\/08\/Unique_NH_160.png 1542w, https:\/\/aflamo.shop\/wp-content\/uploads\/2023\/08\/Unique_NH_160-600x155.png 600w, https:\/\/aflamo.shop\/wp-content\/uploads\/2023\/08\/Unique_NH_160-300x78.png 300w, https:\/\/aflamo.shop\/wp-content\/uploads\/2023\/08\/Unique_NH_160-1024x265.png 1024w, https:\/\/aflamo.shop\/wp-content\/uploads\/2023\/08\/Unique_NH_160-768x199.png 768w, https:\/\/aflamo.shop\/wp-content\/uploads\/2023\/08\/Unique_NH_160-1536x397.png 1536w\" sizes=\"(max-width: 1542px) 100vw, 1542px\" \/><\/p>\n<p>&nbsp;<\/p>\n<p>Unique NH 180<\/p>\n<p><img loading=\"lazy\" decoding=\"async\" class=\"aligncenter wp-image-8917 size-full\" src=\"https:\/\/aflamo.shop\/wp-content\/uploads\/2023\/08\/Unique_NH_180.png\" alt=\"\" width=\"1559\" height=\"365\" srcset=\"https:\/\/aflamo.shop\/wp-content\/uploads\/2023\/08\/Unique_NH_180.png 1559w, https:\/\/aflamo.shop\/wp-content\/uploads\/2023\/08\/Unique_NH_180-600x140.png 600w, https:\/\/aflamo.shop\/wp-content\/uploads\/2023\/08\/Unique_NH_180-300x70.png 300w, https:\/\/aflamo.shop\/wp-content\/uploads\/2023\/08\/Unique_NH_180-1024x240.png 1024w, https:\/\/aflamo.shop\/wp-content\/uploads\/2023\/08\/Unique_NH_180-768x180.png 768w, https:\/\/aflamo.shop\/wp-content\/uploads\/2023\/08\/Unique_NH_180-1536x360.png 1536w\" sizes=\"(max-width: 1559px) 100vw, 1559px\" \/><\/p>\n<p>&nbsp;<\/p>\n","protected":false},"excerpt":{"rendered":"<p>Camino elettrico da montare\/appendere a parete senza funzione di riscaldamento<\/p>\n<p>Produttore: Aflamo<\/p>\n<p>GETIN: 5908283563326<\/p>\n<p><b>Modello:<\/b><\/p>\n<ul>\n<li><a href=\"https:\/\/aflamo.shop\/it\/p\/aflamo-unique-nh-80-caminetto-elettrico-led-da-parete-incasso\/\">80<\/a><\/li>\n<li><a href=\"https:\/\/aflamo.shop\/it\/p\/camino-elettrico-led-aflamo-unique-nh-100-da-parete-incasso\/\">100<\/a><\/li>\n<li><a href=\"https:\/\/aflamo.shop\/it\/p\/camino-elettrico-led-aflamo-unique-nh-120-da-parete-incasso\/\">120<\/a><\/li>\n<\/ul>\n<ul>\n<li><a href=\"https:\/\/aflamo.shop\/it\/p\/camino-elettrico-led-aflamo-unique-nh-140-da-parete-incasso\/\">140<\/a><\/li>\n<li><a href=\"https:\/\/aflamo.shop\/it\/p\/camino-elettrico-led-aflamo-unique-nh-160-da-parete-incasso\/\">160<\/a><\/li>\n<li><a href=\"https:\/\/aflamo.shop\/it\/p\/camino-elettrico-led-aflamo-unique-nh-180-da-parete-incasso\/\">180<\/a><\/li>\n<\/ul>\n<p><b>Dimensioni:<\/b> 80 x 46 x 23 cm<\/p>\n","protected":false},"featured_media":8876,"comment_status":"open","ping_status":"closed","template":"","meta":[],"product_brand":[],"product_cat":[682,668,182,181,686,179,183,188],"product_tag":[],"class_list":{"0":"post-12562","1":"product","2":"type-product","3":"status-publish","4":"has-post-thumbnail","6":"product_cat-alfamo-it","7":"product_cat-caminetti-elettrici-a-led-da-parete","8":"product_cat-caminetti-led-da-incasso-a-parete-a-led","9":"product_cat-caminetti-elettrici-senza-funzione-riscaldamento","10":"product_cat-camini-elettrici-con-app-mobile","11":"product_cat-camini-elettrici-led","12":"product_cat-camino-elettrico-led-trifacciale","13":"product_cat-inserti-elettrici-a-led","15":"first","16":"instock","17":"shipping-taxable","18":"purchasable","19":"product-type-simple"},"yoast_head":"<!-- This site is optimized with the Yoast SEO plugin v27.1.1 - https:\/\/yoast.com\/product\/yoast-seo-wordpress\/ -->\n<title>Aflamo Unique NH 80- Caminetto elettrico LED da parete\/incasso - aflamo.shop - rivenditore Aflamo certificato<\/title>\n<meta name=\"description\" content=\"Il camino elettrico Unique NH LED \u00e8 un elegante elemento decorativo senza funzione di riscaldamento. Il suo design moderno e il focolare a tre lati creano un effetto fuoco realistico, conferendo all&#039;ambiente interno un&#039;atmosfera unica.\" \/>\n<meta name=\"robots\" content=\"index, follow, max-snippet:-1, max-image-preview:large, max-video-preview:-1\" \/>\n<link rel=\"canonical\" href=\"https:\/\/aflamo.shop\/it\/p\/aflamo-unique-nh-80-caminetto-elettrico-led-da-parete-incasso\/\" \/>\n<meta property=\"og:locale\" content=\"it_IT\" \/>\n<meta property=\"og:type\" content=\"article\" \/>\n<meta property=\"og:title\" content=\"Aflamo Unique NH 80- Caminetto elettrico LED da parete\/incasso - aflamo.shop - rivenditore Aflamo certificato\" \/>\n<meta property=\"og:description\" content=\"Il camino elettrico Unique NH LED \u00e8 un elegante elemento decorativo senza funzione di riscaldamento. Il suo design moderno e il focolare a tre lati creano un effetto fuoco realistico, conferendo all&#039;ambiente interno un&#039;atmosfera unica.\" \/>\n<meta property=\"og:url\" content=\"https:\/\/aflamo.shop\/it\/p\/aflamo-unique-nh-80-caminetto-elettrico-led-da-parete-incasso\/\" \/>\n<meta property=\"og:site_name\" content=\"aflamo.shop - rivenditore Aflamo certificato\" \/>\n<meta property=\"article:modified_time\" content=\"2026-03-12T11:16:54+00:00\" \/>\n<meta property=\"og:image\" content=\"https:\/\/aflamo.shop\/wp-content\/uploads\/2023\/08\/Unique_NH_front_1_sq.jpg\" \/>\n\t<meta property=\"og:image:width\" content=\"2248\" \/>\n\t<meta property=\"og:image:height\" content=\"2248\" \/>\n\t<meta property=\"og:image:type\" content=\"image\/jpeg\" \/>\n<meta name=\"twitter:card\" content=\"summary_large_image\" \/>\n<meta name=\"twitter:label1\" content=\"Tempo di lettura stimato\" \/>\n\t<meta name=\"twitter:data1\" content=\"5 minuti\" \/>\n<script type=\"application\/ld+json\" class=\"yoast-schema-graph\">{\"@context\":\"https:\/\/schema.org\",\"@graph\":[{\"@type\":\"WebPage\",\"@id\":\"https:\/\/aflamo.shop\/it\/p\/aflamo-unique-nh-80-caminetto-elettrico-led-da-parete-incasso\/\",\"url\":\"https:\/\/aflamo.shop\/it\/p\/aflamo-unique-nh-80-caminetto-elettrico-led-da-parete-incasso\/\",\"name\":\"Aflamo Unique NH 80- Caminetto elettrico LED da parete\/incasso - aflamo.shop - rivenditore Aflamo certificato\",\"isPartOf\":{\"@id\":\"https:\/\/aflamo.shop\/it\/#website\"},\"primaryImageOfPage\":{\"@id\":\"https:\/\/aflamo.shop\/it\/p\/aflamo-unique-nh-80-caminetto-elettrico-led-da-parete-incasso\/#primaryimage\"},\"image\":{\"@id\":\"https:\/\/aflamo.shop\/it\/p\/aflamo-unique-nh-80-caminetto-elettrico-led-da-parete-incasso\/#primaryimage\"},\"thumbnailUrl\":\"https:\/\/aflamo.shop\/wp-content\/uploads\/2023\/08\/Unique_NH_front_1_sq.jpg\",\"datePublished\":\"2025-01-14T12:02:20+00:00\",\"dateModified\":\"2026-03-12T11:16:54+00:00\",\"description\":\"Il camino elettrico Unique NH LED \u00e8 un elegante elemento decorativo senza funzione di riscaldamento. Il suo design moderno e il focolare a tre lati creano un effetto fuoco realistico, conferendo all'ambiente interno un'atmosfera unica.\",\"breadcrumb\":{\"@id\":\"https:\/\/aflamo.shop\/it\/p\/aflamo-unique-nh-80-caminetto-elettrico-led-da-parete-incasso\/#breadcrumb\"},\"inLanguage\":\"it-IT\",\"potentialAction\":[{\"@type\":\"ReadAction\",\"target\":[\"https:\/\/aflamo.shop\/it\/p\/aflamo-unique-nh-80-caminetto-elettrico-led-da-parete-incasso\/\"]}]},{\"@type\":\"ImageObject\",\"inLanguage\":\"it-IT\",\"@id\":\"https:\/\/aflamo.shop\/it\/p\/aflamo-unique-nh-80-caminetto-elettrico-led-da-parete-incasso\/#primaryimage\",\"url\":\"https:\/\/aflamo.shop\/wp-content\/uploads\/2023\/08\/Unique_NH_front_1_sq.jpg\",\"contentUrl\":\"https:\/\/aflamo.shop\/wp-content\/uploads\/2023\/08\/Unique_NH_front_1_sq.jpg\",\"width\":2248,\"height\":2248},{\"@type\":\"BreadcrumbList\",\"@id\":\"https:\/\/aflamo.shop\/it\/p\/aflamo-unique-nh-80-caminetto-elettrico-led-da-parete-incasso\/#breadcrumb\",\"itemListElement\":[{\"@type\":\"ListItem\",\"position\":1,\"name\":\"Pagina iniziale\",\"item\":\"https:\/\/aflamo.shop\/it\/\"},{\"@type\":\"ListItem\",\"position\":2,\"name\":\"Negozio\",\"item\":\"https:\/\/aflamo.shop\/negozio\/\"},{\"@type\":\"ListItem\",\"position\":3,\"name\":\"Camini elettrici LED\",\"item\":\"https:\/\/aflamo.shop\/it\/s\/camini-elettrici-led\/\"},{\"@type\":\"ListItem\",\"position\":4,\"name\":\"Aflamo Unique NH 80- Caminetto elettrico LED da parete\/incasso\"}]},{\"@type\":\"WebSite\",\"@id\":\"https:\/\/aflamo.shop\/it\/#website\",\"url\":\"https:\/\/aflamo.shop\/it\/\",\"name\":\"aflamo.shop - rivenditore Aflamo certificato\",\"description\":\"Kominki elektryczne Aflamo i Emotion Flame z funkcj\u0105 grzania\",\"publisher\":{\"@id\":\"https:\/\/aflamo.shop\/it\/#organization\"},\"potentialAction\":[{\"@type\":\"SearchAction\",\"target\":{\"@type\":\"EntryPoint\",\"urlTemplate\":\"https:\/\/aflamo.shop\/it\/?s={search_term_string}\"},\"query-input\":{\"@type\":\"PropertyValueSpecification\",\"valueRequired\":true,\"valueName\":\"search_term_string\"}}],\"inLanguage\":\"it-IT\"},{\"@type\":\"Organization\",\"@id\":\"https:\/\/aflamo.shop\/it\/#organization\",\"name\":\"aflamo.shop - rivenditore Aflamo certificato\",\"url\":\"https:\/\/aflamo.shop\/it\/\",\"logo\":{\"@type\":\"ImageObject\",\"inLanguage\":\"it-IT\",\"@id\":\"https:\/\/aflamo.shop\/it\/#\/schema\/logo\/image\/\",\"url\":\"https:\/\/aflamo.shop\/wp-content\/uploads\/2019\/10\/logo2.1-1-1.svg\",\"contentUrl\":\"https:\/\/aflamo.shop\/wp-content\/uploads\/2019\/10\/logo2.1-1-1.svg\",\"caption\":\"aflamo.shop - rivenditore Aflamo certificato\"},\"image\":{\"@id\":\"https:\/\/aflamo.shop\/it\/#\/schema\/logo\/image\/\"}}]}<\/script>\n<!-- \/ Yoast SEO plugin. -->","yoast_head_json":{"title":"Aflamo Unique NH 80- Caminetto elettrico LED da parete\/incasso - aflamo.shop - rivenditore Aflamo certificato","description":"Il camino elettrico Unique NH LED \u00e8 un elegante elemento decorativo senza funzione di riscaldamento. Il suo design moderno e il focolare a tre lati creano un effetto fuoco realistico, conferendo all'ambiente interno un'atmosfera unica.","robots":{"index":"index","follow":"follow","max-snippet":"max-snippet:-1","max-image-preview":"max-image-preview:large","max-video-preview":"max-video-preview:-1"},"canonical":"https:\/\/aflamo.shop\/it\/p\/aflamo-unique-nh-80-caminetto-elettrico-led-da-parete-incasso\/","og_locale":"it_IT","og_type":"article","og_title":"Aflamo Unique NH 80- Caminetto elettrico LED da parete\/incasso - aflamo.shop - rivenditore Aflamo certificato","og_description":"Il camino elettrico Unique NH LED \u00e8 un elegante elemento decorativo senza funzione di riscaldamento. Il suo design moderno e il focolare a tre lati creano un effetto fuoco realistico, conferendo all'ambiente interno un'atmosfera unica.","og_url":"https:\/\/aflamo.shop\/it\/p\/aflamo-unique-nh-80-caminetto-elettrico-led-da-parete-incasso\/","og_site_name":"aflamo.shop - rivenditore Aflamo certificato","article_modified_time":"2026-03-12T11:16:54+00:00","og_image":[{"width":2248,"height":2248,"url":"https:\/\/aflamo.shop\/wp-content\/uploads\/2023\/08\/Unique_NH_front_1_sq.jpg","type":"image\/jpeg"}],"twitter_card":"summary_large_image","twitter_misc":{"Tempo di lettura stimato":"5 minuti"},"schema":{"@context":"https:\/\/schema.org","@graph":[{"@type":"WebPage","@id":"https:\/\/aflamo.shop\/it\/p\/aflamo-unique-nh-80-caminetto-elettrico-led-da-parete-incasso\/","url":"https:\/\/aflamo.shop\/it\/p\/aflamo-unique-nh-80-caminetto-elettrico-led-da-parete-incasso\/","name":"Aflamo Unique NH 80- Caminetto elettrico LED da parete\/incasso - aflamo.shop - rivenditore Aflamo certificato","isPartOf":{"@id":"https:\/\/aflamo.shop\/it\/#website"},"primaryImageOfPage":{"@id":"https:\/\/aflamo.shop\/it\/p\/aflamo-unique-nh-80-caminetto-elettrico-led-da-parete-incasso\/#primaryimage"},"image":{"@id":"https:\/\/aflamo.shop\/it\/p\/aflamo-unique-nh-80-caminetto-elettrico-led-da-parete-incasso\/#primaryimage"},"thumbnailUrl":"https:\/\/aflamo.shop\/wp-content\/uploads\/2023\/08\/Unique_NH_front_1_sq.jpg","datePublished":"2025-01-14T12:02:20+00:00","dateModified":"2026-03-12T11:16:54+00:00","description":"Il camino elettrico Unique NH LED \u00e8 un elegante elemento decorativo senza funzione di riscaldamento. Il suo design moderno e il focolare a tre lati creano un effetto fuoco realistico, conferendo all'ambiente interno un'atmosfera unica.","breadcrumb":{"@id":"https:\/\/aflamo.shop\/it\/p\/aflamo-unique-nh-80-caminetto-elettrico-led-da-parete-incasso\/#breadcrumb"},"inLanguage":"it-IT","potentialAction":[{"@type":"ReadAction","target":["https:\/\/aflamo.shop\/it\/p\/aflamo-unique-nh-80-caminetto-elettrico-led-da-parete-incasso\/"]}]},{"@type":"ImageObject","inLanguage":"it-IT","@id":"https:\/\/aflamo.shop\/it\/p\/aflamo-unique-nh-80-caminetto-elettrico-led-da-parete-incasso\/#primaryimage","url":"https:\/\/aflamo.shop\/wp-content\/uploads\/2023\/08\/Unique_NH_front_1_sq.jpg","contentUrl":"https:\/\/aflamo.shop\/wp-content\/uploads\/2023\/08\/Unique_NH_front_1_sq.jpg","width":2248,"height":2248},{"@type":"BreadcrumbList","@id":"https:\/\/aflamo.shop\/it\/p\/aflamo-unique-nh-80-caminetto-elettrico-led-da-parete-incasso\/#breadcrumb","itemListElement":[{"@type":"ListItem","position":1,"name":"Pagina iniziale","item":"https:\/\/aflamo.shop\/it\/"},{"@type":"ListItem","position":2,"name":"Negozio","item":"https:\/\/aflamo.shop\/negozio\/"},{"@type":"ListItem","position":3,"name":"Camini elettrici LED","item":"https:\/\/aflamo.shop\/it\/s\/camini-elettrici-led\/"},{"@type":"ListItem","position":4,"name":"Aflamo Unique NH 80- Caminetto elettrico LED da parete\/incasso"}]},{"@type":"WebSite","@id":"https:\/\/aflamo.shop\/it\/#website","url":"https:\/\/aflamo.shop\/it\/","name":"aflamo.shop - rivenditore Aflamo certificato","description":"Kominki elektryczne Aflamo i Emotion Flame z funkcj\u0105 grzania","publisher":{"@id":"https:\/\/aflamo.shop\/it\/#organization"},"potentialAction":[{"@type":"SearchAction","target":{"@type":"EntryPoint","urlTemplate":"https:\/\/aflamo.shop\/it\/?s={search_term_string}"},"query-input":{"@type":"PropertyValueSpecification","valueRequired":true,"valueName":"search_term_string"}}],"inLanguage":"it-IT"},{"@type":"Organization","@id":"https:\/\/aflamo.shop\/it\/#organization","name":"aflamo.shop - rivenditore Aflamo certificato","url":"https:\/\/aflamo.shop\/it\/","logo":{"@type":"ImageObject","inLanguage":"it-IT","@id":"https:\/\/aflamo.shop\/it\/#\/schema\/logo\/image\/","url":"https:\/\/aflamo.shop\/wp-content\/uploads\/2019\/10\/logo2.1-1-1.svg","contentUrl":"https:\/\/aflamo.shop\/wp-content\/uploads\/2019\/10\/logo2.1-1-1.svg","caption":"aflamo.shop - rivenditore Aflamo certificato"},"image":{"@id":"https:\/\/aflamo.shop\/it\/#\/schema\/logo\/image\/"}}]}},"_links":{"self":[{"href":"https:\/\/aflamo.shop\/it\/wp-json\/wp\/v2\/product\/12562","targetHints":{"allow":["GET"]}}],"collection":[{"href":"https:\/\/aflamo.shop\/it\/wp-json\/wp\/v2\/product"}],"about":[{"href":"https:\/\/aflamo.shop\/it\/wp-json\/wp\/v2\/types\/product"}],"replies":[{"embeddable":true,"href":"https:\/\/aflamo.shop\/it\/wp-json\/wp\/v2\/comments?post=12562"}],"wp:featuredmedia":[{"embeddable":true,"href":"https:\/\/aflamo.shop\/it\/wp-json\/wp\/v2\/media\/8876"}],"wp:attachment":[{"href":"https:\/\/aflamo.shop\/it\/wp-json\/wp\/v2\/media?parent=12562"}],"wp:term":[{"taxonomy":"product_brand","embeddable":true,"href":"https:\/\/aflamo.shop\/it\/wp-json\/wp\/v2\/product_brand?post=12562"},{"taxonomy":"product_cat","embeddable":true,"href":"https:\/\/aflamo.shop\/it\/wp-json\/wp\/v2\/product_cat?post=12562"},{"taxonomy":"product_tag","embeddable":true,"href":"https:\/\/aflamo.shop\/it\/wp-json\/wp\/v2\/product_tag?post=12562"}],"curies":[{"name":"wp","href":"https:\/\/api.w.org\/{rel}","templated":true}]}}