{"id":10658,"date":"2024-06-12T13:53:18","date_gmt":"2024-06-12T13:53:18","guid":{"rendered":"https:\/\/aflamo.shop\/p\/aflamo-majestic-pro-153\/"},"modified":"2026-04-03T07:43:17","modified_gmt":"2026-04-03T07:43:17","slug":"aflamo-majestic-pro-153-caminetto-elettrico-led-da-parete-incasso","status":"publish","type":"product","link":"https:\/\/aflamo.shop\/it\/p\/aflamo-majestic-pro-153-caminetto-elettrico-led-da-parete-incasso\/","title":{"rendered":"Aflamo Majestic PRO 153 &#8211; Caminetto elettrico LED da parete\/incasso"},"content":{"rendered":"<p><iframe title=\"YouTube video player\" src=\"https:\/\/www.youtube.com\/embed\/6EtM1fpCRZw?si=V4IYIhivLhNxDAMW\" width=\"560\" height=\"315\" frameborder=\"0\" allowfullscreen=\"allowfullscreen\"><\/iframe><\/p>\n<h2><strong>Caminetto elettrico a parete LED Majestic PRO \u2013 lusso e tecnologia nella tua casa<\/strong><\/h2>\n<p><strong>Majestic PRO<\/strong> \u00e8 un caminetto che stabilisce un nuovo standard nel mondo dei caminetti elettrici. Le sue funzioni avanzate e il realistico effetto fiamma trasformano ogni serata, alla sua luce, in un&#8217;esperienza unica. \u00c8 la perfetta combinazione di tecnologia moderna, praticit\u00e0 e un design elegante che porta un&#8217;atmosfera speciale a qualsiasi ambiente.<\/p>\n<h3><strong>Caratteristiche del prodotto:<\/strong><\/h3>\n<ul>\n<li><strong>Tecnologia Majestic PRO<\/strong> \u2013 la tecnologia avanzata di questo caminetto porta l&#8217;esperienza visiva e funzionale a un livello completamente nuovo. La <strong>fiamma AFLAMO PLUS<\/strong> \u00e8 l&#8217;effetto fiamma pi\u00f9 realistico disponibile sul mercato, diffondendo una calda luce in tutta la stanza come un vero fuoco.<\/li>\n<\/ul>\n<p><img fetchpriority=\"high\" decoding=\"async\" class=\"aligncenter wp-image-10583 size-full\" src=\"https:\/\/aflamo.shop\/wp-content\/uploads\/2024\/06\/unique_flame_majestic-pro.jpg\" alt=\"\" width=\"492\" height=\"300\" srcset=\"https:\/\/aflamo.shop\/wp-content\/uploads\/2024\/06\/unique_flame_majestic-pro.jpg 492w, https:\/\/aflamo.shop\/wp-content\/uploads\/2024\/06\/unique_flame_majestic-pro-300x183.jpg 300w\" sizes=\"(max-width: 492px) 100vw, 492px\" \/><\/p>\n<p>&nbsp;<\/p>\n<ul>\n<li><strong>Suono realistico della legna che arde<\/strong> \u2013 il caminetto \u00e8 dotato di un altoparlante integrato che riproduce il suono autentico della legna che crepita. In questo modo, non solo potrai ammirare visivamente il fuoco, ma sentirti come se fossi di fronte a un vero caminetto, ascoltando il rilassante suono del fuoco.<\/li>\n<\/ul>\n<p><img decoding=\"async\" class=\"aligncenter wp-image-10586 size-full\" src=\"https:\/\/aflamo.shop\/wp-content\/uploads\/2024\/06\/unique_sound_majestic-pro.jpg\" alt=\"\" width=\"492\" height=\"300\" srcset=\"https:\/\/aflamo.shop\/wp-content\/uploads\/2024\/06\/unique_sound_majestic-pro.jpg 492w, https:\/\/aflamo.shop\/wp-content\/uploads\/2024\/06\/unique_sound_majestic-pro-300x183.jpg 300w\" sizes=\"(max-width: 492px) 100vw, 492px\" \/><\/p>\n<ul>\n<li><strong>10 colori di fiamma e illuminazione del focolare<\/strong> \u2013 il caminetto offre la possibilit\u00e0 di scegliere tra dieci colori di fiamma e illuminazione del focolare, consentendoti di adattare l&#8217;aspetto del fuoco al tuo umore o all&#8217;arredamento della stanza.<\/li>\n<\/ul>\n<p><img decoding=\"async\" class=\"aligncenter wp-image-10595 \" src=\"https:\/\/aflamo.shop\/wp-content\/uploads\/2024\/06\/Majestic_PRO_flame_colors.jpg\" alt=\"\" width=\"515\" height=\"338\" srcset=\"https:\/\/aflamo.shop\/wp-content\/uploads\/2024\/06\/Majestic_PRO_flame_colors.jpg 637w, https:\/\/aflamo.shop\/wp-content\/uploads\/2024\/06\/Majestic_PRO_flame_colors-600x394.jpg 600w, https:\/\/aflamo.shop\/wp-content\/uploads\/2024\/06\/Majestic_PRO_flame_colors-300x197.jpg 300w\" sizes=\"(max-width: 515px) 100vw, 515px\" \/><\/p>\n<ul>\n<li><strong>2 opzioni di focolare: legna e cristalli<\/strong><\/li>\n<\/ul>\n<p><img loading=\"lazy\" decoding=\"async\" class=\"aligncenter wp-image-10692 size-full\" src=\"https:\/\/aflamo.shop\/wp-content\/uploads\/2024\/06\/polana_krysztaly-e1603875138523.png\" alt=\"\" width=\"413\" height=\"297\" srcset=\"https:\/\/aflamo.shop\/wp-content\/uploads\/2024\/06\/polana_krysztaly-e1603875138523.png 413w, https:\/\/aflamo.shop\/wp-content\/uploads\/2024\/06\/polana_krysztaly-e1603875138523-300x216.png 300w\" sizes=\"(max-width: 413px) 100vw, 413px\" \/><\/p>\n<ul>\n<li><strong>Applicazione mobile<\/strong> \u2013 controlla il caminetto da qualsiasi luogo. Grazie all&#8217;app dedicata per dispositivi Android e iOS, puoi gestire tutte le funzioni del caminetto direttamente dal tuo telefono. Supporta anche i comandi vocali tramite Amazon Alexa.<\/li>\n<\/ul>\n<p><img loading=\"lazy\" decoding=\"async\" class=\"aligncenter wp-image-10592 size-full\" src=\"https:\/\/aflamo.shop\/wp-content\/uploads\/2024\/06\/unique_app_majestic-pro.jpg\" alt=\"\" width=\"492\" height=\"300\" srcset=\"https:\/\/aflamo.shop\/wp-content\/uploads\/2024\/06\/unique_app_majestic-pro.jpg 492w, https:\/\/aflamo.shop\/wp-content\/uploads\/2024\/06\/unique_app_majestic-pro-300x183.jpg 300w\" sizes=\"(max-width: 492px) 100vw, 492px\" \/><\/p>\n<h3><strong>Riscaldamento e comfort di utilizzo:<\/strong><\/h3>\n<ul>\n<li><strong>Funzione di riscaldamento<\/strong> \u2013 Majestic PRO non solo abbellisce lo spazio, ma funge anche da efficiente fonte di calore. Con due livelli di potenza (750W e 1500W), il caminetto riscalda rapidamente l&#8217;ambiente, mentre la regolazione automatica della temperatura (da 18 a 30\u00b0C) garantisce un comfort termico ottimale.<\/li>\n<li><strong>Riscaldamento indipendente dall&#8217;effetto fiamma<\/strong> \u2013 puoi goderti l&#8217;effetto fiamma senza la necessit\u00e0 di attivare il riscaldamento, permettendoti di utilizzare il caminetto tutto l&#8217;anno, anche in estate.<\/li>\n<li><strong>Sicurezza<\/strong> \u2013 il caminetto \u00e8 dotato di protezione contro il surriscaldamento e di un sensore di finestra aperta. Queste funzioni garantiscono che il caminetto si spenga automaticamente se rileva un aumento eccessivo della temperatura o una brusca caduta della temperatura nella stanza.<\/li>\n<li><strong>Telecomando e timer<\/strong> \u2013 il caminetto include un telecomando che ti consente di controllare tutte le sue funzioni senza alzarti dal tuo posto. Inoltre, la funzione timer consente di impostare lo spegnimento automatico del caminetto dopo un tempo determinato.<\/li>\n<\/ul>\n<h3><strong>Riassunto:<\/strong><\/h3>\n<p><strong>Majestic PRO<\/strong> \u00e8 la combinazione perfetta di eleganza, tecnologia moderna e comfort. L&#8217;effetto fiamma realistico, la possibilit\u00e0 di cambiare i colori della fiamma e il suono della legna che crepita creano un&#8217;atmosfera unica che render\u00e0 ogni serata a casa calda e accogliente. Grazie alle sue avanzate funzioni di riscaldamento e al controllo remoto, questo caminetto non \u00e8 solo un elemento decorativo, ma anche un pratico dispositivo che migliora il tuo comfort quotidiano. \u00c8 la scelta ideale per chi desidera combinare stile e comodit\u00e0 con tecnologia innovativa.<\/p>\n<ul><strong><\/p>\n<p><a href=\"https:\/\/aflamo.shop\/wp-content\/uploads\/2024\/06\/Majestic-PRO_EN-PL-DE-IT-ES-FR-CS-SK-NL-4.pdf\">Manuale utente e sicurezza<\/a><\/p>\n<p><\/strong><\/ul>\n<p>&nbsp;<\/p>\n<h3><strong>Disegni tecnici<\/strong><\/h3>\n<ul><strong>Majestic PRO 107<\/strong><\/ul>\n<p><img loading=\"lazy\" decoding=\"async\" class=\"aligncenter wp-image-10597 size-full\" src=\"https:\/\/aflamo.shop\/wp-content\/uploads\/2024\/06\/Majestic_PRO_107-900x385-1.png\" alt=\"\" width=\"900\" height=\"385\" srcset=\"https:\/\/aflamo.shop\/wp-content\/uploads\/2024\/06\/Majestic_PRO_107-900x385-1.png 900w, https:\/\/aflamo.shop\/wp-content\/uploads\/2024\/06\/Majestic_PRO_107-900x385-1-600x257.png 600w, https:\/\/aflamo.shop\/wp-content\/uploads\/2024\/06\/Majestic_PRO_107-900x385-1-300x128.png 300w, https:\/\/aflamo.shop\/wp-content\/uploads\/2024\/06\/Majestic_PRO_107-900x385-1-768x329.png 768w\" sizes=\"(max-width: 900px) 100vw, 900px\" \/><\/p>\n<p>&nbsp;<\/p>\n<p><strong>Majestic PRO 128<\/strong><\/p>\n<p><img loading=\"lazy\" decoding=\"async\" class=\"aligncenter wp-image-10600 size-full\" src=\"https:\/\/aflamo.shop\/wp-content\/uploads\/2024\/06\/Majestic_PRO_128-900x371-1.png\" alt=\"\" width=\"900\" height=\"371\" srcset=\"https:\/\/aflamo.shop\/wp-content\/uploads\/2024\/06\/Majestic_PRO_128-900x371-1.png 900w, https:\/\/aflamo.shop\/wp-content\/uploads\/2024\/06\/Majestic_PRO_128-900x371-1-600x247.png 600w, https:\/\/aflamo.shop\/wp-content\/uploads\/2024\/06\/Majestic_PRO_128-900x371-1-300x124.png 300w, https:\/\/aflamo.shop\/wp-content\/uploads\/2024\/06\/Majestic_PRO_128-900x371-1-768x317.png 768w\" sizes=\"(max-width: 900px) 100vw, 900px\" \/><\/p>\n<p><strong>Majestic PRO 153<\/strong><\/p>\n<p><img loading=\"lazy\" decoding=\"async\" class=\"aligncenter wp-image-10603 size-full\" src=\"https:\/\/aflamo.shop\/wp-content\/uploads\/2024\/06\/Majestic_PRO_153-900x338-1.png\" alt=\"\" width=\"900\" height=\"338\" srcset=\"https:\/\/aflamo.shop\/wp-content\/uploads\/2024\/06\/Majestic_PRO_153-900x338-1.png 900w, https:\/\/aflamo.shop\/wp-content\/uploads\/2024\/06\/Majestic_PRO_153-900x338-1-600x225.png 600w, https:\/\/aflamo.shop\/wp-content\/uploads\/2024\/06\/Majestic_PRO_153-900x338-1-300x113.png 300w, https:\/\/aflamo.shop\/wp-content\/uploads\/2024\/06\/Majestic_PRO_153-900x338-1-768x288.png 768w\" sizes=\"(max-width: 900px) 100vw, 900px\" \/><\/p>\n<p><strong>Majestic PRO 183<\/strong><\/p>\n<p><img loading=\"lazy\" decoding=\"async\" class=\"aligncenter wp-image-10606 size-full\" src=\"https:\/\/aflamo.shop\/wp-content\/uploads\/2024\/06\/Majestic_PRO_183-900x302-1.png\" alt=\"\" width=\"900\" height=\"302\" srcset=\"https:\/\/aflamo.shop\/wp-content\/uploads\/2024\/06\/Majestic_PRO_183-900x302-1.png 900w, https:\/\/aflamo.shop\/wp-content\/uploads\/2024\/06\/Majestic_PRO_183-900x302-1-600x201.png 600w, https:\/\/aflamo.shop\/wp-content\/uploads\/2024\/06\/Majestic_PRO_183-900x302-1-300x101.png 300w, https:\/\/aflamo.shop\/wp-content\/uploads\/2024\/06\/Majestic_PRO_183-900x302-1-768x258.png 768w\" sizes=\"(max-width: 900px) 100vw, 900px\" \/><\/p>\n","protected":false},"excerpt":{"rendered":"<p>Produttore: Aflamo<\/p>\n<p>GETIN: 5908283562794<\/p>\n<p>Camino elettrico a LED da parete\/incasso<\/p>\n<p><b>Modello:<\/b><\/p>\n<ul>\n<li><a href=\"https:\/\/aflamo.shop\/it\/p\/aflamo-majestic-pro-107-caminetto-elettrico-led-da-parete-incasso\/\">107<\/a><\/li>\n<li><a href=\"https:\/\/aflamo.shop\/it\/p\/aflamo-majestic-pro-128-caminetto-elettrico-led-da-parete-incasso\/\">128<\/a><\/li>\n<li><a href=\"https:\/\/aflamo.shop\/it\/p\/aflamo-majestic-pro-153-caminetto-elettrico-led-da-parete-incasso\/\">153<\/a><\/li>\n<li><a href=\"https:\/\/aflamo.shop\/it\/p\/aflamo-majestic-pro-183-caminetto-elettrico-led-da-parete-incasso\/\">183<\/a><\/li>\n<\/ul>\n<p><b>Dimensioni:<\/b> 153 x 45 x 13 cm<\/p>\n","protected":false},"featured_media":10628,"comment_status":"open","ping_status":"closed","template":"","meta":[],"product_brand":[],"product_cat":[682,187,668,182,686,688,179,188],"product_tag":[356],"class_list":{"0":"post-10658","1":"product","2":"type-product","3":"status-publish","4":"has-post-thumbnail","6":"product_cat-alfamo-it","7":"product_cat-caminetti-da-parete-a-led-con-riscaldamento","8":"product_cat-caminetti-elettrici-a-led-da-parete","9":"product_cat-caminetti-led-da-incasso-a-parete-a-led","10":"product_cat-camini-elettrici-con-app-mobile","11":"product_cat-camini-elettrici-con-suono","12":"product_cat-camini-elettrici-led","13":"product_cat-inserti-elettrici-a-led","14":"product_tag-max-it","16":"first","17":"instock","18":"shipping-taxable","19":"purchasable","20":"product-type-simple"},"yoast_head":"<!-- This site is optimized with the Yoast SEO plugin v27.4 - https:\/\/yoast.com\/product\/yoast-seo-wordpress\/ -->\n<title>Aflamo Majestic PRO 153 - Caminetto elettrico LED da parete\/incasso - aflamo.shop - rivenditore Aflamo certificato<\/title>\n<meta name=\"description\" content=\"Caminetto Elettrico a Parete LED Majestic PRO \u2013 lusso e tecnologia. Effetto fiamma realistico e funzioni avanzate per un&#039;esperienza unica e un&#039;atmosfera elegante.\" \/>\n<meta name=\"robots\" content=\"index, follow, max-snippet:-1, max-image-preview:large, max-video-preview:-1\" \/>\n<link rel=\"canonical\" href=\"https:\/\/aflamo.shop\/it\/p\/aflamo-majestic-pro-153-caminetto-elettrico-led-da-parete-incasso\/\" \/>\n<meta property=\"og:locale\" content=\"it_IT\" \/>\n<meta property=\"og:type\" content=\"article\" \/>\n<meta property=\"og:title\" content=\"Aflamo Majestic PRO 153 - Caminetto elettrico LED da parete\/incasso - aflamo.shop - rivenditore Aflamo certificato\" \/>\n<meta property=\"og:description\" content=\"Caminetto Elettrico a Parete LED Majestic PRO \u2013 lusso e tecnologia. Effetto fiamma realistico e funzioni avanzate per un&#039;esperienza unica e un&#039;atmosfera elegante.\" \/>\n<meta property=\"og:url\" content=\"https:\/\/aflamo.shop\/it\/p\/aflamo-majestic-pro-153-caminetto-elettrico-led-da-parete-incasso\/\" \/>\n<meta property=\"og:site_name\" content=\"aflamo.shop - rivenditore Aflamo certificato\" \/>\n<meta property=\"article:modified_time\" content=\"2026-04-03T07:43:17+00:00\" \/>\n<meta property=\"og:image\" content=\"https:\/\/aflamo.shop\/wp-content\/uploads\/2024\/06\/Majestic_PRO_front_logs_5-1.jpg\" \/>\n\t<meta property=\"og:image:width\" content=\"2048\" \/>\n\t<meta property=\"og:image:height\" content=\"2048\" \/>\n\t<meta property=\"og:image:type\" content=\"image\/jpeg\" \/>\n<meta name=\"twitter:card\" content=\"summary_large_image\" \/>\n<meta name=\"twitter:label1\" content=\"Tempo di lettura stimato\" \/>\n\t<meta name=\"twitter:data1\" content=\"6 minuti\" \/>\n<script type=\"application\/ld+json\" class=\"yoast-schema-graph\">{\"@context\":\"https:\\\/\\\/schema.org\",\"@graph\":[{\"@type\":\"WebPage\",\"@id\":\"https:\\\/\\\/aflamo.shop\\\/it\\\/p\\\/aflamo-majestic-pro-153-caminetto-elettrico-led-da-parete-incasso\\\/\",\"url\":\"https:\\\/\\\/aflamo.shop\\\/it\\\/p\\\/aflamo-majestic-pro-153-caminetto-elettrico-led-da-parete-incasso\\\/\",\"name\":\"Aflamo Majestic PRO 153 - Caminetto elettrico LED da parete\\\/incasso - aflamo.shop - rivenditore Aflamo certificato\",\"isPartOf\":{\"@id\":\"https:\\\/\\\/aflamo.shop\\\/it\\\/#website\"},\"primaryImageOfPage\":{\"@id\":\"https:\\\/\\\/aflamo.shop\\\/it\\\/p\\\/aflamo-majestic-pro-153-caminetto-elettrico-led-da-parete-incasso\\\/#primaryimage\"},\"image\":{\"@id\":\"https:\\\/\\\/aflamo.shop\\\/it\\\/p\\\/aflamo-majestic-pro-153-caminetto-elettrico-led-da-parete-incasso\\\/#primaryimage\"},\"thumbnailUrl\":\"https:\\\/\\\/aflamo.shop\\\/wp-content\\\/uploads\\\/2024\\\/06\\\/Majestic_PRO_front_logs_5-1.jpg\",\"datePublished\":\"2024-06-12T13:53:18+00:00\",\"dateModified\":\"2026-04-03T07:43:17+00:00\",\"description\":\"Caminetto Elettrico a Parete LED Majestic PRO \u2013 lusso e tecnologia. Effetto fiamma realistico e funzioni avanzate per un'esperienza unica e un'atmosfera elegante.\",\"breadcrumb\":{\"@id\":\"https:\\\/\\\/aflamo.shop\\\/it\\\/p\\\/aflamo-majestic-pro-153-caminetto-elettrico-led-da-parete-incasso\\\/#breadcrumb\"},\"inLanguage\":\"it-IT\",\"potentialAction\":[{\"@type\":\"ReadAction\",\"target\":[\"https:\\\/\\\/aflamo.shop\\\/it\\\/p\\\/aflamo-majestic-pro-153-caminetto-elettrico-led-da-parete-incasso\\\/\"]}]},{\"@type\":\"ImageObject\",\"inLanguage\":\"it-IT\",\"@id\":\"https:\\\/\\\/aflamo.shop\\\/it\\\/p\\\/aflamo-majestic-pro-153-caminetto-elettrico-led-da-parete-incasso\\\/#primaryimage\",\"url\":\"https:\\\/\\\/aflamo.shop\\\/wp-content\\\/uploads\\\/2024\\\/06\\\/Majestic_PRO_front_logs_5-1.jpg\",\"contentUrl\":\"https:\\\/\\\/aflamo.shop\\\/wp-content\\\/uploads\\\/2024\\\/06\\\/Majestic_PRO_front_logs_5-1.jpg\",\"width\":2048,\"height\":2048},{\"@type\":\"BreadcrumbList\",\"@id\":\"https:\\\/\\\/aflamo.shop\\\/it\\\/p\\\/aflamo-majestic-pro-153-caminetto-elettrico-led-da-parete-incasso\\\/#breadcrumb\",\"itemListElement\":[{\"@type\":\"ListItem\",\"position\":1,\"name\":\"Pagina iniziale\",\"item\":\"https:\\\/\\\/aflamo.shop\\\/it\\\/\"},{\"@type\":\"ListItem\",\"position\":2,\"name\":\"Negozio\",\"item\":\"https:\\\/\\\/aflamo.shop\\\/negozio\\\/\"},{\"@type\":\"ListItem\",\"position\":3,\"name\":\"Camini elettrici LED\",\"item\":\"https:\\\/\\\/aflamo.shop\\\/it\\\/s\\\/camini-elettrici-led\\\/\"},{\"@type\":\"ListItem\",\"position\":4,\"name\":\"Aflamo Majestic PRO 153 &#8211; Caminetto elettrico LED da parete\\\/incasso\"}]},{\"@type\":\"WebSite\",\"@id\":\"https:\\\/\\\/aflamo.shop\\\/it\\\/#website\",\"url\":\"https:\\\/\\\/aflamo.shop\\\/it\\\/\",\"name\":\"aflamo.shop - rivenditore Aflamo certificato\",\"description\":\"Kominki elektryczne Aflamo i Emotion Flame z funkcj\u0105 grzania\",\"publisher\":{\"@id\":\"https:\\\/\\\/aflamo.shop\\\/it\\\/#organization\"},\"potentialAction\":[{\"@type\":\"SearchAction\",\"target\":{\"@type\":\"EntryPoint\",\"urlTemplate\":\"https:\\\/\\\/aflamo.shop\\\/it\\\/?s={search_term_string}\"},\"query-input\":{\"@type\":\"PropertyValueSpecification\",\"valueRequired\":true,\"valueName\":\"search_term_string\"}}],\"inLanguage\":\"it-IT\"},{\"@type\":\"Organization\",\"@id\":\"https:\\\/\\\/aflamo.shop\\\/it\\\/#organization\",\"name\":\"aflamo.shop - rivenditore Aflamo certificato\",\"url\":\"https:\\\/\\\/aflamo.shop\\\/it\\\/\",\"logo\":{\"@type\":\"ImageObject\",\"inLanguage\":\"it-IT\",\"@id\":\"https:\\\/\\\/aflamo.shop\\\/it\\\/#\\\/schema\\\/logo\\\/image\\\/\",\"url\":\"https:\\\/\\\/aflamo.shop\\\/wp-content\\\/uploads\\\/2019\\\/10\\\/logo2.1-1-1.svg\",\"contentUrl\":\"https:\\\/\\\/aflamo.shop\\\/wp-content\\\/uploads\\\/2019\\\/10\\\/logo2.1-1-1.svg\",\"caption\":\"aflamo.shop - rivenditore Aflamo certificato\"},\"image\":{\"@id\":\"https:\\\/\\\/aflamo.shop\\\/it\\\/#\\\/schema\\\/logo\\\/image\\\/\"}}]}<\/script>\n<!-- \/ Yoast SEO plugin. -->","yoast_head_json":{"title":"Aflamo Majestic PRO 153 - Caminetto elettrico LED da parete\/incasso - aflamo.shop - rivenditore Aflamo certificato","description":"Caminetto Elettrico a Parete LED Majestic PRO \u2013 lusso e tecnologia. Effetto fiamma realistico e funzioni avanzate per un'esperienza unica e un'atmosfera elegante.","robots":{"index":"index","follow":"follow","max-snippet":"max-snippet:-1","max-image-preview":"max-image-preview:large","max-video-preview":"max-video-preview:-1"},"canonical":"https:\/\/aflamo.shop\/it\/p\/aflamo-majestic-pro-153-caminetto-elettrico-led-da-parete-incasso\/","og_locale":"it_IT","og_type":"article","og_title":"Aflamo Majestic PRO 153 - Caminetto elettrico LED da parete\/incasso - aflamo.shop - rivenditore Aflamo certificato","og_description":"Caminetto Elettrico a Parete LED Majestic PRO \u2013 lusso e tecnologia. Effetto fiamma realistico e funzioni avanzate per un'esperienza unica e un'atmosfera elegante.","og_url":"https:\/\/aflamo.shop\/it\/p\/aflamo-majestic-pro-153-caminetto-elettrico-led-da-parete-incasso\/","og_site_name":"aflamo.shop - rivenditore Aflamo certificato","article_modified_time":"2026-04-03T07:43:17+00:00","og_image":[{"width":2048,"height":2048,"url":"https:\/\/aflamo.shop\/wp-content\/uploads\/2024\/06\/Majestic_PRO_front_logs_5-1.jpg","type":"image\/jpeg"}],"twitter_card":"summary_large_image","twitter_misc":{"Tempo di lettura stimato":"6 minuti"},"schema":{"@context":"https:\/\/schema.org","@graph":[{"@type":"WebPage","@id":"https:\/\/aflamo.shop\/it\/p\/aflamo-majestic-pro-153-caminetto-elettrico-led-da-parete-incasso\/","url":"https:\/\/aflamo.shop\/it\/p\/aflamo-majestic-pro-153-caminetto-elettrico-led-da-parete-incasso\/","name":"Aflamo Majestic PRO 153 - Caminetto elettrico LED da parete\/incasso - aflamo.shop - rivenditore Aflamo certificato","isPartOf":{"@id":"https:\/\/aflamo.shop\/it\/#website"},"primaryImageOfPage":{"@id":"https:\/\/aflamo.shop\/it\/p\/aflamo-majestic-pro-153-caminetto-elettrico-led-da-parete-incasso\/#primaryimage"},"image":{"@id":"https:\/\/aflamo.shop\/it\/p\/aflamo-majestic-pro-153-caminetto-elettrico-led-da-parete-incasso\/#primaryimage"},"thumbnailUrl":"https:\/\/aflamo.shop\/wp-content\/uploads\/2024\/06\/Majestic_PRO_front_logs_5-1.jpg","datePublished":"2024-06-12T13:53:18+00:00","dateModified":"2026-04-03T07:43:17+00:00","description":"Caminetto Elettrico a Parete LED Majestic PRO \u2013 lusso e tecnologia. Effetto fiamma realistico e funzioni avanzate per un'esperienza unica e un'atmosfera elegante.","breadcrumb":{"@id":"https:\/\/aflamo.shop\/it\/p\/aflamo-majestic-pro-153-caminetto-elettrico-led-da-parete-incasso\/#breadcrumb"},"inLanguage":"it-IT","potentialAction":[{"@type":"ReadAction","target":["https:\/\/aflamo.shop\/it\/p\/aflamo-majestic-pro-153-caminetto-elettrico-led-da-parete-incasso\/"]}]},{"@type":"ImageObject","inLanguage":"it-IT","@id":"https:\/\/aflamo.shop\/it\/p\/aflamo-majestic-pro-153-caminetto-elettrico-led-da-parete-incasso\/#primaryimage","url":"https:\/\/aflamo.shop\/wp-content\/uploads\/2024\/06\/Majestic_PRO_front_logs_5-1.jpg","contentUrl":"https:\/\/aflamo.shop\/wp-content\/uploads\/2024\/06\/Majestic_PRO_front_logs_5-1.jpg","width":2048,"height":2048},{"@type":"BreadcrumbList","@id":"https:\/\/aflamo.shop\/it\/p\/aflamo-majestic-pro-153-caminetto-elettrico-led-da-parete-incasso\/#breadcrumb","itemListElement":[{"@type":"ListItem","position":1,"name":"Pagina iniziale","item":"https:\/\/aflamo.shop\/it\/"},{"@type":"ListItem","position":2,"name":"Negozio","item":"https:\/\/aflamo.shop\/negozio\/"},{"@type":"ListItem","position":3,"name":"Camini elettrici LED","item":"https:\/\/aflamo.shop\/it\/s\/camini-elettrici-led\/"},{"@type":"ListItem","position":4,"name":"Aflamo Majestic PRO 153 &#8211; Caminetto elettrico LED da parete\/incasso"}]},{"@type":"WebSite","@id":"https:\/\/aflamo.shop\/it\/#website","url":"https:\/\/aflamo.shop\/it\/","name":"aflamo.shop - rivenditore Aflamo certificato","description":"Kominki elektryczne Aflamo i Emotion Flame z funkcj\u0105 grzania","publisher":{"@id":"https:\/\/aflamo.shop\/it\/#organization"},"potentialAction":[{"@type":"SearchAction","target":{"@type":"EntryPoint","urlTemplate":"https:\/\/aflamo.shop\/it\/?s={search_term_string}"},"query-input":{"@type":"PropertyValueSpecification","valueRequired":true,"valueName":"search_term_string"}}],"inLanguage":"it-IT"},{"@type":"Organization","@id":"https:\/\/aflamo.shop\/it\/#organization","name":"aflamo.shop - rivenditore Aflamo certificato","url":"https:\/\/aflamo.shop\/it\/","logo":{"@type":"ImageObject","inLanguage":"it-IT","@id":"https:\/\/aflamo.shop\/it\/#\/schema\/logo\/image\/","url":"https:\/\/aflamo.shop\/wp-content\/uploads\/2019\/10\/logo2.1-1-1.svg","contentUrl":"https:\/\/aflamo.shop\/wp-content\/uploads\/2019\/10\/logo2.1-1-1.svg","caption":"aflamo.shop - rivenditore Aflamo certificato"},"image":{"@id":"https:\/\/aflamo.shop\/it\/#\/schema\/logo\/image\/"}}]}},"_links":{"self":[{"href":"https:\/\/aflamo.shop\/it\/wp-json\/wp\/v2\/product\/10658","targetHints":{"allow":["GET"]}}],"collection":[{"href":"https:\/\/aflamo.shop\/it\/wp-json\/wp\/v2\/product"}],"about":[{"href":"https:\/\/aflamo.shop\/it\/wp-json\/wp\/v2\/types\/product"}],"replies":[{"embeddable":true,"href":"https:\/\/aflamo.shop\/it\/wp-json\/wp\/v2\/comments?post=10658"}],"wp:featuredmedia":[{"embeddable":true,"href":"https:\/\/aflamo.shop\/it\/wp-json\/wp\/v2\/media\/10628"}],"wp:attachment":[{"href":"https:\/\/aflamo.shop\/it\/wp-json\/wp\/v2\/media?parent=10658"}],"wp:term":[{"taxonomy":"product_brand","embeddable":true,"href":"https:\/\/aflamo.shop\/it\/wp-json\/wp\/v2\/product_brand?post=10658"},{"taxonomy":"product_cat","embeddable":true,"href":"https:\/\/aflamo.shop\/it\/wp-json\/wp\/v2\/product_cat?post=10658"},{"taxonomy":"product_tag","embeddable":true,"href":"https:\/\/aflamo.shop\/it\/wp-json\/wp\/v2\/product_tag?post=10658"}],"curies":[{"name":"wp","href":"https:\/\/api.w.org\/{rel}","templated":true}]}}