{"id":10317,"date":"2024-01-29T14:28:39","date_gmt":"2024-01-29T14:28:39","guid":{"rendered":"https:\/\/aflamo.shop\/p\/aflamo-inserto-bio-60\/"},"modified":"2026-03-12T13:29:04","modified_gmt":"2026-03-12T13:29:04","slug":"aflamo-inserto-bio-60","status":"publish","type":"product","link":"https:\/\/aflamo.shop\/it\/p\/aflamo-inserto-bio-60\/","title":{"rendered":"Aflamo Inserto bio 60"},"content":{"rendered":"<h3><strong>Caratteristiche del camino<\/strong><\/h3>\n<p>&nbsp;<\/p>\n<div class=\"maggiori informazioni\">\n<div class=\"tab-contenuto\">\n<section id=\"idTab1\" class=\"page-product-box\">\n<div class=\"rte\">\n<div class=\"riga\">\n<div id=\"\" class=\"col-xs-12 col-sm-6 \">\n<div id=\"\" class=\"eds-on-scroll eds-scroll-visible animato fadeInUp durata2\">\n<div id=\"\" class=\"eds-on-scroll eds-scroll-visible animato fadeInUp durata2\">\n<p>Inserto biocamino nero opaco.<\/p>\n<p>Il bruciatore del biocamino \u00e8 certificato TUV, che ti d\u00e0 fiducia e sicurezza ogni giorno.<\/p>\n<\/div>\n<div class=\"riga\">\n<div id=\"\" class=\"col-xs-12 col-sm-6 \">\n<div id=\"\" class=\"eds-on-scroll eds-scroll-visible animato fadeInUp durata2\">\n<ul>\n<li>Biocamino \/ inserto camino da incasso<\/li>\n<li>Massima qualit\u00e0 di lavorazione<\/li>\n<li>Bruciatore sicuro con certificato TUV<\/li>\n<\/ul>\n<p>&nbsp;<\/p>\n<h3><strong>Alloggio<\/strong><\/h3>\n<ul>\n<li>colore: nero opaco<\/li>\n<li>interamente realizzato in acciaio<\/li>\n<li>verniciato con vernice resistente alle alte temperature e ai danni<\/li>\n<\/ul>\n<\/div>\n<\/div>\n<\/div>\n<p>&nbsp;<\/p>\n<h6><\/h6>\n<h3><strong>Bruciatore<\/strong><\/h3>\n<ul>\n<li>cassaforte con certificato TUV<\/li>\n<li>il design raffinato garantisce una combustione uniforme su tutta la larghezza<\/li>\n<li>l&#8217;inserto in ceramica riduce il rischio di fuoriuscita di biocarburante<\/li>\n<li>realizzato in acciaio inossidabile<\/li>\n<\/ul>\n<p>&nbsp;<\/p>\n<h3><strong>Bruciatore 50 \/ 60<\/strong><\/h3>\n<ul>\n<li>Larghezza bruciatore 30,5 cm<\/li>\n<li>larghezza della linea di tiro 22 cm<\/li>\n<li>capacit\u00e0 0,9 litri<\/li>\n<li>tempo di combustione 1,5 ore<\/li>\n<\/ul>\n<p>&nbsp;<\/p>\n<h3><strong>Attrezzatura<\/strong><\/h3>\n<ul>\n<li style=\"list-style-type: none;\">\n<ul>\n<li>inserto integrato<\/li>\n<li>Bruciatore certificato TUV<\/li>\n<li>imbuto per biocarburante<\/li>\n<li>accessori di montaggio<\/li>\n<\/ul>\n<\/li>\n<\/ul>\n<\/div>\n<p>L&#8217;inserto per biocamino nero opaco \u00e8 un elemento elegante e moderno che si adatta perfettamente a vari interni, conferendo loro un carattere unico. Il suo aspetto si combina armoniosamente con le tendenze del design moderno, creando non solo una fonte di calore, ma anche un accento estetico nella stanza.<\/p>\n<p>L&#8217;alloggiamento dell&#8217;inserto \u00e8 realizzato interamente in acciaio e la sua superficie \u00e8 ricoperta da una vernice resistente alle alte temperature e ai danni. Ci\u00f2 significa che non solo il caminetto avr\u00e0 un aspetto attraente e moderno, ma manterr\u00e0 anche il suo aspetto impeccabile anche in condizioni che potrebbero essere difficili per i materiali convenzionali.<\/p>\n<p>Il colore nero opaco dell&#8217;inserto gli conferisce eleganza e nobilt\u00e0, creando un punto visivo contrastante che attira l&#8217;attenzione. Questo colore riflette perfettamente il carattere minimalista del design moderno ed \u00e8 un&#8217;ottima base per varie sistemazioni interne. L&#8217;inserto nero opaco \u00e8 neutro, ma allo stesso tempo estremamente impressionante, il che lo rende un elemento decorativo ideale.<\/p>\n<p>Un inserto per biocamini non solo offre una visione estetica del fuoco acceso, ma fornisce anche calore e intimit\u00e0, creando un&#8217;atmosfera unica nella stanza. Grazie all&#8217;utilizzo di acciaio e vernice resistente alle alte temperature e ai danni, questo inserto \u00e8 una combinazione unica di funzionalit\u00e0 e design che delizia sia l&#8217;occhio che il senso di comfort.<\/p>\n<div id=\"\" class=\"eds-on-scroll eds-scroll-visible animato fadeInUp durata2\">\n<h3><\/h3>\n<ul><strong><\/p>\n<p><a href=\"https:\/\/aflamo.shop\/wp-content\/uploads\/2024\/01\/Aflamo-BIO-40-50-60-manual.pdf\">Manuale utente e informazioni sulla sicurezza<\/a><\/p>\n<p><\/strong><\/ul>\n<h3>Disegni tecnici<\/h3>\n<\/div>\n<\/div>\n<p>&nbsp;<\/p>\n<\/div>\n<\/div>\n<p>&nbsp;<\/p>\n<\/section>\n<\/div>\n<\/div>\n<p>&nbsp;<\/p>\n<p><strong>Cartuccia Bio 50<\/strong><\/p>\n<p><img decoding=\"async\" class=\"alignnone wp-image-7127 size-full\" src=\"https:\/\/aflamo.shop\/wp-content\/uploads\/2023\/05\/BIO_50.jpg\" alt=\"\" width=\" 664\" srcset=\"https:\/\/aflamo.shop\/wp-content\/uploads\/2023\/05\/BIO_50.jpg 664w, https:\/\/aflamo.shop\/wp-content\/uploads\/2023\/05\/BIO_50-600x622.jpg 600w, https:\/\/aflamo.shop\/wp-content\/uploads\/2023\/05\/BIO_50-290x300.jpg 290w\" sizes=\"(max-width: 664px) 100vw, 664px\" \/><\/p>\n<p>&nbsp;<\/p>\n<p><strong>Cartuccia Bio 60<\/strong><\/p>\n<p><img fetchpriority=\"high\" decoding=\"async\" width=\"900\" height=\"583\" class=\"alignnone wp-image-7133 size-full\" src=\"https:\/\/aflamo.shop\/wp-content\/uploads\/2023\/05\/BIO_60-900x583-1.jpg\" alt=\" \" srcset=\"https:\/\/aflamo.shop\/wp-content\/uploads\/2023\/05\/BIO_60-900x583-1.jpg 900w, https:\/\/aflamo.shop\/wp-content\/uploads\/2023\/05\/BIO_60-900x583-1-600x389.jpg 600w, https:\/\/aflamo.shop\/wp-content\/uploads\/2023\/05\/BIO_60-900x583-1-300x194.jpg 300w, https:\/\/aflamo.shop\/wp-content\/uploads\/2023\/05\/BIO_60-900x583-1-768x497.jpg 768w\" sizes=\"(max-width: 900px) 100vw, 900px\" \/><\/p>\n","protected":false},"excerpt":{"rendered":"<p>Produttore: Aflamo<\/p>\n<p>GETIN: 5908283561612<\/p>\n<p><b>Modello:<\/b><\/p>\n<ul>\n<li><a href=\"https:\/\/aflamo.shop\/it\/p\/aflamo-inserto-bio-50\/\">50<\/a><\/li>\n<li><a href=\"https:\/\/aflamo.shop\/it\/p\/aflamo-inserto-bio-60\/\">60<\/a><\/li>\n<\/ul>\n<p><b>Dimensioni:<\/b> 61 x 52 x 19 cm<\/p>\n","protected":false},"featured_media":7148,"comment_status":"open","ping_status":"closed","template":"","meta":[],"product_brand":[],"product_cat":[682,175],"product_tag":[],"class_list":{"0":"post-10317","1":"product","2":"type-product","3":"status-publish","4":"has-post-thumbnail","6":"product_cat-alfamo-it","7":"product_cat-biocamini","9":"first","10":"outofstock","11":"shipping-taxable","12":"purchasable","13":"product-type-simple"},"yoast_head":"<!-- This site is optimized with the Yoast SEO plugin v27.1.1 - https:\/\/yoast.com\/product\/yoast-seo-wordpress\/ -->\n<title>Aflamo Inserto bio 60 - aflamo.shop - rivenditore Aflamo certificato<\/title>\n<meta name=\"robots\" content=\"index, follow, max-snippet:-1, max-image-preview:large, max-video-preview:-1\" \/>\n<link rel=\"canonical\" href=\"https:\/\/aflamo.shop\/it\/p\/aflamo-inserto-bio-60\/\" \/>\n<meta property=\"og:locale\" content=\"it_IT\" \/>\n<meta property=\"og:type\" content=\"article\" \/>\n<meta property=\"og:title\" content=\"Aflamo Inserto bio 60 - aflamo.shop - rivenditore Aflamo certificato\" \/>\n<meta property=\"og:description\" content=\"Produttore: Aflamo GETIN: 5908283561612 Modello:   50  60  Dimensioni: 61 x 52 x 19 cm\" \/>\n<meta property=\"og:url\" content=\"https:\/\/aflamo.shop\/it\/p\/aflamo-inserto-bio-60\/\" \/>\n<meta property=\"og:site_name\" content=\"aflamo.shop - rivenditore Aflamo certificato\" \/>\n<meta property=\"article:modified_time\" content=\"2026-03-12T13:29:04+00:00\" \/>\n<meta property=\"og:image\" content=\"https:\/\/aflamo.shop\/wp-content\/uploads\/2023\/05\/aflamo-bio-60-2_sq.jpg\" \/>\n\t<meta property=\"og:image:width\" content=\"1388\" \/>\n\t<meta property=\"og:image:height\" content=\"1388\" \/>\n\t<meta property=\"og:image:type\" content=\"image\/jpeg\" \/>\n<meta name=\"twitter:card\" content=\"summary_large_image\" \/>\n<meta name=\"twitter:label1\" content=\"Tempo di lettura stimato\" \/>\n\t<meta name=\"twitter:data1\" content=\"3 minuti\" \/>\n<script type=\"application\/ld+json\" class=\"yoast-schema-graph\">{\"@context\":\"https:\/\/schema.org\",\"@graph\":[{\"@type\":\"WebPage\",\"@id\":\"https:\/\/aflamo.shop\/it\/p\/aflamo-inserto-bio-60\/\",\"url\":\"https:\/\/aflamo.shop\/it\/p\/aflamo-inserto-bio-60\/\",\"name\":\"Aflamo Inserto bio 60 - aflamo.shop - rivenditore Aflamo certificato\",\"isPartOf\":{\"@id\":\"https:\/\/aflamo.shop\/it\/#website\"},\"primaryImageOfPage\":{\"@id\":\"https:\/\/aflamo.shop\/it\/p\/aflamo-inserto-bio-60\/#primaryimage\"},\"image\":{\"@id\":\"https:\/\/aflamo.shop\/it\/p\/aflamo-inserto-bio-60\/#primaryimage\"},\"thumbnailUrl\":\"https:\/\/aflamo.shop\/wp-content\/uploads\/2023\/05\/aflamo-bio-60-2_sq.jpg\",\"datePublished\":\"2024-01-29T14:28:39+00:00\",\"dateModified\":\"2026-03-12T13:29:04+00:00\",\"breadcrumb\":{\"@id\":\"https:\/\/aflamo.shop\/it\/p\/aflamo-inserto-bio-60\/#breadcrumb\"},\"inLanguage\":\"it-IT\",\"potentialAction\":[{\"@type\":\"ReadAction\",\"target\":[\"https:\/\/aflamo.shop\/it\/p\/aflamo-inserto-bio-60\/\"]}]},{\"@type\":\"ImageObject\",\"inLanguage\":\"it-IT\",\"@id\":\"https:\/\/aflamo.shop\/it\/p\/aflamo-inserto-bio-60\/#primaryimage\",\"url\":\"https:\/\/aflamo.shop\/wp-content\/uploads\/2023\/05\/aflamo-bio-60-2_sq.jpg\",\"contentUrl\":\"https:\/\/aflamo.shop\/wp-content\/uploads\/2023\/05\/aflamo-bio-60-2_sq.jpg\",\"width\":1388,\"height\":1388},{\"@type\":\"BreadcrumbList\",\"@id\":\"https:\/\/aflamo.shop\/it\/p\/aflamo-inserto-bio-60\/#breadcrumb\",\"itemListElement\":[{\"@type\":\"ListItem\",\"position\":1,\"name\":\"Pagina iniziale\",\"item\":\"https:\/\/aflamo.shop\/it\/\"},{\"@type\":\"ListItem\",\"position\":2,\"name\":\"Negozio\",\"item\":\"https:\/\/aflamo.shop\/negozio\/\"},{\"@type\":\"ListItem\",\"position\":3,\"name\":\"Biocamini\",\"item\":\"https:\/\/aflamo.shop\/it\/s\/biocamini\/\"},{\"@type\":\"ListItem\",\"position\":4,\"name\":\"Aflamo Inserto bio 60\"}]},{\"@type\":\"WebSite\",\"@id\":\"https:\/\/aflamo.shop\/it\/#website\",\"url\":\"https:\/\/aflamo.shop\/it\/\",\"name\":\"aflamo.shop - rivenditore Aflamo certificato\",\"description\":\"Kominki elektryczne Aflamo i Emotion Flame z funkcj\u0105 grzania\",\"publisher\":{\"@id\":\"https:\/\/aflamo.shop\/it\/#organization\"},\"potentialAction\":[{\"@type\":\"SearchAction\",\"target\":{\"@type\":\"EntryPoint\",\"urlTemplate\":\"https:\/\/aflamo.shop\/it\/?s={search_term_string}\"},\"query-input\":{\"@type\":\"PropertyValueSpecification\",\"valueRequired\":true,\"valueName\":\"search_term_string\"}}],\"inLanguage\":\"it-IT\"},{\"@type\":\"Organization\",\"@id\":\"https:\/\/aflamo.shop\/it\/#organization\",\"name\":\"aflamo.shop - rivenditore Aflamo certificato\",\"url\":\"https:\/\/aflamo.shop\/it\/\",\"logo\":{\"@type\":\"ImageObject\",\"inLanguage\":\"it-IT\",\"@id\":\"https:\/\/aflamo.shop\/it\/#\/schema\/logo\/image\/\",\"url\":\"https:\/\/aflamo.shop\/wp-content\/uploads\/2019\/10\/logo2.1-1-1.svg\",\"contentUrl\":\"https:\/\/aflamo.shop\/wp-content\/uploads\/2019\/10\/logo2.1-1-1.svg\",\"caption\":\"aflamo.shop - rivenditore Aflamo certificato\"},\"image\":{\"@id\":\"https:\/\/aflamo.shop\/it\/#\/schema\/logo\/image\/\"}}]}<\/script>\n<!-- \/ Yoast SEO plugin. -->","yoast_head_json":{"title":"Aflamo Inserto bio 60 - aflamo.shop - rivenditore Aflamo certificato","robots":{"index":"index","follow":"follow","max-snippet":"max-snippet:-1","max-image-preview":"max-image-preview:large","max-video-preview":"max-video-preview:-1"},"canonical":"https:\/\/aflamo.shop\/it\/p\/aflamo-inserto-bio-60\/","og_locale":"it_IT","og_type":"article","og_title":"Aflamo Inserto bio 60 - aflamo.shop - rivenditore Aflamo certificato","og_description":"Produttore: Aflamo GETIN: 5908283561612 Modello:   50  60  Dimensioni: 61 x 52 x 19 cm","og_url":"https:\/\/aflamo.shop\/it\/p\/aflamo-inserto-bio-60\/","og_site_name":"aflamo.shop - rivenditore Aflamo certificato","article_modified_time":"2026-03-12T13:29:04+00:00","og_image":[{"width":1388,"height":1388,"url":"https:\/\/aflamo.shop\/wp-content\/uploads\/2023\/05\/aflamo-bio-60-2_sq.jpg","type":"image\/jpeg"}],"twitter_card":"summary_large_image","twitter_misc":{"Tempo di lettura stimato":"3 minuti"},"schema":{"@context":"https:\/\/schema.org","@graph":[{"@type":"WebPage","@id":"https:\/\/aflamo.shop\/it\/p\/aflamo-inserto-bio-60\/","url":"https:\/\/aflamo.shop\/it\/p\/aflamo-inserto-bio-60\/","name":"Aflamo Inserto bio 60 - aflamo.shop - rivenditore Aflamo certificato","isPartOf":{"@id":"https:\/\/aflamo.shop\/it\/#website"},"primaryImageOfPage":{"@id":"https:\/\/aflamo.shop\/it\/p\/aflamo-inserto-bio-60\/#primaryimage"},"image":{"@id":"https:\/\/aflamo.shop\/it\/p\/aflamo-inserto-bio-60\/#primaryimage"},"thumbnailUrl":"https:\/\/aflamo.shop\/wp-content\/uploads\/2023\/05\/aflamo-bio-60-2_sq.jpg","datePublished":"2024-01-29T14:28:39+00:00","dateModified":"2026-03-12T13:29:04+00:00","breadcrumb":{"@id":"https:\/\/aflamo.shop\/it\/p\/aflamo-inserto-bio-60\/#breadcrumb"},"inLanguage":"it-IT","potentialAction":[{"@type":"ReadAction","target":["https:\/\/aflamo.shop\/it\/p\/aflamo-inserto-bio-60\/"]}]},{"@type":"ImageObject","inLanguage":"it-IT","@id":"https:\/\/aflamo.shop\/it\/p\/aflamo-inserto-bio-60\/#primaryimage","url":"https:\/\/aflamo.shop\/wp-content\/uploads\/2023\/05\/aflamo-bio-60-2_sq.jpg","contentUrl":"https:\/\/aflamo.shop\/wp-content\/uploads\/2023\/05\/aflamo-bio-60-2_sq.jpg","width":1388,"height":1388},{"@type":"BreadcrumbList","@id":"https:\/\/aflamo.shop\/it\/p\/aflamo-inserto-bio-60\/#breadcrumb","itemListElement":[{"@type":"ListItem","position":1,"name":"Pagina iniziale","item":"https:\/\/aflamo.shop\/it\/"},{"@type":"ListItem","position":2,"name":"Negozio","item":"https:\/\/aflamo.shop\/negozio\/"},{"@type":"ListItem","position":3,"name":"Biocamini","item":"https:\/\/aflamo.shop\/it\/s\/biocamini\/"},{"@type":"ListItem","position":4,"name":"Aflamo Inserto bio 60"}]},{"@type":"WebSite","@id":"https:\/\/aflamo.shop\/it\/#website","url":"https:\/\/aflamo.shop\/it\/","name":"aflamo.shop - rivenditore Aflamo certificato","description":"Kominki elektryczne Aflamo i Emotion Flame z funkcj\u0105 grzania","publisher":{"@id":"https:\/\/aflamo.shop\/it\/#organization"},"potentialAction":[{"@type":"SearchAction","target":{"@type":"EntryPoint","urlTemplate":"https:\/\/aflamo.shop\/it\/?s={search_term_string}"},"query-input":{"@type":"PropertyValueSpecification","valueRequired":true,"valueName":"search_term_string"}}],"inLanguage":"it-IT"},{"@type":"Organization","@id":"https:\/\/aflamo.shop\/it\/#organization","name":"aflamo.shop - rivenditore Aflamo certificato","url":"https:\/\/aflamo.shop\/it\/","logo":{"@type":"ImageObject","inLanguage":"it-IT","@id":"https:\/\/aflamo.shop\/it\/#\/schema\/logo\/image\/","url":"https:\/\/aflamo.shop\/wp-content\/uploads\/2019\/10\/logo2.1-1-1.svg","contentUrl":"https:\/\/aflamo.shop\/wp-content\/uploads\/2019\/10\/logo2.1-1-1.svg","caption":"aflamo.shop - rivenditore Aflamo certificato"},"image":{"@id":"https:\/\/aflamo.shop\/it\/#\/schema\/logo\/image\/"}}]}},"_links":{"self":[{"href":"https:\/\/aflamo.shop\/it\/wp-json\/wp\/v2\/product\/10317","targetHints":{"allow":["GET"]}}],"collection":[{"href":"https:\/\/aflamo.shop\/it\/wp-json\/wp\/v2\/product"}],"about":[{"href":"https:\/\/aflamo.shop\/it\/wp-json\/wp\/v2\/types\/product"}],"replies":[{"embeddable":true,"href":"https:\/\/aflamo.shop\/it\/wp-json\/wp\/v2\/comments?post=10317"}],"wp:featuredmedia":[{"embeddable":true,"href":"https:\/\/aflamo.shop\/it\/wp-json\/wp\/v2\/media\/7148"}],"wp:attachment":[{"href":"https:\/\/aflamo.shop\/it\/wp-json\/wp\/v2\/media?parent=10317"}],"wp:term":[{"taxonomy":"product_brand","embeddable":true,"href":"https:\/\/aflamo.shop\/it\/wp-json\/wp\/v2\/product_brand?post=10317"},{"taxonomy":"product_cat","embeddable":true,"href":"https:\/\/aflamo.shop\/it\/wp-json\/wp\/v2\/product_cat?post=10317"},{"taxonomy":"product_tag","embeddable":true,"href":"https:\/\/aflamo.shop\/it\/wp-json\/wp\/v2\/product_tag?post=10317"}],"curies":[{"name":"wp","href":"https:\/\/api.w.org\/{rel}","templated":true}]}}