{"id":10000,"date":"2023-09-17T18:14:24","date_gmt":"2023-09-17T18:14:24","guid":{"rendered":"https:\/\/aflamo.shop\/p\/camino-elettrico-led-aflamo-unique-107\/"},"modified":"2026-03-12T13:57:11","modified_gmt":"2026-03-12T13:57:11","slug":"camino-elettrico-led-aflamo-unique-107-da-parete-incasso","status":"publish","type":"product","link":"https:\/\/aflamo.shop\/it\/p\/camino-elettrico-led-aflamo-unique-107-da-parete-incasso\/","title":{"rendered":"Aflamo Unique 107 &#8211; Caminetto elettrico LED da parete\/incasso"},"content":{"rendered":"<p><iframe title=\"YouTube video player\" src=\"https:\/\/www.youtube.com\/embed\/5_aWbRuIkEU\" width=\"560\" height=\"315\" frameborder=\"0\" allowfullscreen=\"allowfullscreen\"><span style=\"display: inline-block; width: 0px; overflow: hidden; line-height: 0;\" data-mce-type=\"bookmark\" class=\"mce_SELRES_start\">\ufeff<\/span><\/iframe><\/p>\n<h2><strong>Caminetto elettrico LED Unique \u2013 focolare a tre lati, modernit\u00e0 e funzionalit\u00e0<\/strong><\/h2>\n<p><strong>Unique<\/strong> \u00e8 un caminetto con un focolare a tre lati. Il focolare a tre lati rende visibili le fiamme da tre lati, creando l&#8217;illusione che il fuoco ti circondi da ogni angolazione. Questo fa s\u00ec che il caminetto diventi letteralmente un elemento &#8220;vivo&#8221; dello spazio, pieno di movimento e luce, portando una sensazione di calore che si diffonde in tutto l&#8217;ambiente.<\/p>\n<p>Ideale come punto focale del soggiorno \u2013 il design a tre lati consente di installare il caminetto in un angolo della stanza o al centro della parete, in modo che possa essere ammirato da ogni lato. Il caminetto Unique \u00e8 una combinazione di metallo e vetro, che gli conferisce un&#8217;eleganza e un aspetto moderno.<\/p>\n<h3><strong>Caratteristiche del prodotto<\/strong><\/h3>\n<h4><\/h4>\n<h4><strong>Fiamma<\/strong><\/h4>\n<ul>\n<li>Il caminetto Unique consente la personalizzazione dell&#8217;effetto fiamma. La possibilit\u00e0 di scegliere tra 6 diversi colori di fiamma offre una vasta gamma di atmosfere, dai tradizionali toni arancioni alle fiamme moderne e colorate.<\/li>\n<li>I colori variabili permettono di adattare il caminetto a diverse occasioni: una cena romantica, una serata rilassante o un incontro con gli amici.<\/li>\n<li>Grazie a 5 livelli di luminosit\u00e0, puoi regolare l&#8217;intensit\u00e0 della fiamma in base alle tue esigenze.<\/li>\n<\/ul>\n<p><img fetchpriority=\"high\" decoding=\"async\" class=\"aligncenter wp-image-11033 \" src=\"https:\/\/aflamo.shop\/wp-content\/uploads\/2023\/09\/flames_2x3-1.jpg\" alt=\"\" width=\"462\" height=\"354\" srcset=\"https:\/\/aflamo.shop\/wp-content\/uploads\/2023\/09\/flames_2x3-1.jpg 555w, https:\/\/aflamo.shop\/wp-content\/uploads\/2023\/09\/flames_2x3-1-300x230.jpg 300w\" sizes=\"(max-width: 462px) 100vw, 462px\" \/><\/p>\n<h4><\/h4>\n<h4><strong>Focolare impressionante<\/strong><\/h4>\n<p>Sono disponibili due tipi di focolare: <strong>tronchi in ceramica<\/strong> e <strong>cristalli<\/strong>.<\/p>\n<ul>\n<li>I tronchi in ceramica sono realizzati in modo tale da imitare l&#8217;aspetto dei pezzi di legno, disponibili in diverse forme e colori, il che consente di creare composizioni varie.<\/li>\n<li>Posizionati all&#8217;interno del caminetto, i tronchi in ceramica, illuminati dal basso, creano l&#8217;illusione di legna ardente, aggiungendo autenticit\u00e0 al fuoco.<\/li>\n<\/ul>\n<p><img decoding=\"async\" class=\"aligncenter wp-image-10691 size-full\" src=\"https:\/\/aflamo.shop\/wp-content\/uploads\/2024\/06\/polana_krysztaly-e1603875138523.png\" alt=\"\" width=\"413\" height=\"297\" srcset=\"https:\/\/aflamo.shop\/wp-content\/uploads\/2024\/06\/polana_krysztaly-e1603875138523.png 413w, https:\/\/aflamo.shop\/wp-content\/uploads\/2024\/06\/polana_krysztaly-e1603875138523-300x216.png 300w\" sizes=\"(max-width: 413px) 100vw, 413px\" \/><\/p>\n<p>&nbsp;<\/p>\n<h4><strong>Varie dimensioni disponibili<\/strong><\/h4>\n<p>Il caminetto \u00e8 disponibile in diverse dimensioni: <strong>107 cm, 127 cm, 153 cm, 165 cm, 183 cm<\/strong>, il che consente di adattarlo perfettamente alle dimensioni della stanza e all&#8217;arredamento.<\/p>\n<p><img decoding=\"async\" class=\"aligncenter wp-image-11036 size-full\" src=\"https:\/\/aflamo.shop\/wp-content\/uploads\/2023\/09\/unique_unique2.jpg\" alt=\"\" width=\"492\" height=\"300\" srcset=\"https:\/\/aflamo.shop\/wp-content\/uploads\/2023\/09\/unique_unique2.jpg 492w, https:\/\/aflamo.shop\/wp-content\/uploads\/2023\/09\/unique_unique2-300x183.jpg 300w\" sizes=\"(max-width: 492px) 100vw, 492px\" \/><\/p>\n<h3><strong>Funzioni e comodit\u00e0 d&#8217;uso<\/strong><\/h3>\n<ul>\n<li><strong>App mobile:<\/strong> Controllo completo del caminetto tramite smartphone. L&#8217;app dedicata per Android e iOS consente di gestire tutte le funzioni, dall&#8217;accensione alla regolazione della fiamma e dell&#8217;illuminazione.<\/li>\n<\/ul>\n<p><img loading=\"lazy\" decoding=\"async\" class=\"aligncenter wp-image-11039 size-full\" src=\"https:\/\/aflamo.shop\/wp-content\/uploads\/2023\/09\/unique_app_unique.jpg\" alt=\"\" width=\"492\" height=\"300\" srcset=\"https:\/\/aflamo.shop\/wp-content\/uploads\/2023\/09\/unique_app_unique.jpg 492w, https:\/\/aflamo.shop\/wp-content\/uploads\/2023\/09\/unique_app_unique-300x183.jpg 300w\" sizes=\"(max-width: 492px) 100vw, 492px\" \/><\/p>\n<h3><\/h3>\n<h3><strong>Riscaldamento e sicurezza<\/strong><\/h3>\n<ul>\n<li><strong>Funzione di riscaldamento:<\/strong> Indipendente dall&#8217;effetto fiamma, il che consente di utilizzare il caminetto tutto l&#8217;anno. Due livelli di potenza (750\/1500W) e regolazione precisa della temperatura tra 18-30\u00b0C.<\/li>\n<li><strong>Sistemi di sicurezza avanzati:<\/strong> Il caminetto \u00e8 dotato di protezione contro il surriscaldamento e sensore di finestra aperta, garantendo sicurezza e comfort nell&#8217;uso.<\/li>\n<li><strong>Efficienza termica:<\/strong> L&#8217;innovativa funzione di emissione di calore consente di riscaldare rapidamente la stanza e mantenere una temperatura confortevole.<\/li>\n<\/ul>\n<h3><strong>Comfort e praticit\u00e0<\/strong><\/h3>\n<ul>\n<li><strong>Telecomando:<\/strong> Il caminetto Unique \u00e8 dotato di un telecomando che permette di controllare completamente il dispositivo senza dover avvicinarsi al caminetto.<\/li>\n<li><strong>Timer e programmatore settimanale:<\/strong> \u00c8 possibile impostare lo spegnimento automatico del caminetto dopo un periodo prestabilito. Il programmatore settimanale consente di pianificare il ciclo di lavoro del caminetto per ogni giorno della settimana, aumentando la comodit\u00e0 e il risparmio energetico.<\/li>\n<\/ul>\n<h3><strong>Riepilogo<\/strong><\/h3>\n<p>Il caminetto Unique \u00e8 pi\u00f9 di una semplice decorazione. \u00c8 un dispositivo innovativo che combina <strong>tecnologia, estetica e funzionalit\u00e0<\/strong>. Grazie alle numerose opzioni di personalizzazione della fiamma, alle moderne funzioni di riscaldamento e alla sicurezza nell&#8217;uso, Unique pu\u00f2 essere sia un elemento d&#8217;arredo che una soluzione pratica per riscaldare l&#8217;ambiente.<\/p>\n<p>Se sogni l&#8217;atmosfera di un vero caminetto senza dover avere un focolare tradizionale, Unique \u00e8 la scelta ideale \u2013 elegante, versatile e facile da installare. Questo caminetto porter\u00e0 calore, accoglienza e design moderno nella tua casa, permettendoti di goderti la magia del fuoco senza complicazioni.<\/p>\n<ul><strong><\/p>\n<p><a href=\"https:\/\/aflamo.shop\/wp-content\/uploads\/2023\/09\/UNIQUE-NH_TuyaAPP_EN-PL-DE-IT-ES-FR-CS-SK-NL.pdf\">Manuale utente e sicurezza<\/a><\/p>\n<p><\/strong><\/ul>\n<h3><strong>Disegni tecnici<\/strong><\/h3>\n<p>&nbsp;<\/p>\n<ul>\n<li><strong>Unique 90<\/strong><\/li>\n<\/ul>\n<p><img loading=\"lazy\" decoding=\"async\" class=\"aligncenter wp-image-12558 size-full\" src=\"https:\/\/aflamo.shop\/wp-content\/uploads\/2025\/01\/Unique_90.png\" alt=\"\" width=\"1215\" height=\"695\" srcset=\"https:\/\/aflamo.shop\/wp-content\/uploads\/2025\/01\/Unique_90.png 1215w, https:\/\/aflamo.shop\/wp-content\/uploads\/2025\/01\/Unique_90-600x343.png 600w, https:\/\/aflamo.shop\/wp-content\/uploads\/2025\/01\/Unique_90-300x172.png 300w, https:\/\/aflamo.shop\/wp-content\/uploads\/2025\/01\/Unique_90-1024x586.png 1024w, https:\/\/aflamo.shop\/wp-content\/uploads\/2025\/01\/Unique_90-768x439.png 768w\" sizes=\"(max-width: 1215px) 100vw, 1215px\" \/><\/p>\n<ul>\n<li><strong>Unique 107<\/strong><\/li>\n<\/ul>\n<p><img loading=\"lazy\" decoding=\"async\" class=\"aligncenter wp-image-3230 size-full\" src=\"https:\/\/aflamo.shop\/wp-content\/uploads\/2023\/05\/unique-107-12.png\" alt=\"\" width=\"1026\" height=\"514\" srcset=\"https:\/\/aflamo.shop\/wp-content\/uploads\/2023\/05\/unique-107-12.png 1026w, https:\/\/aflamo.shop\/wp-content\/uploads\/2023\/05\/unique-107-12-600x301.png 600w, https:\/\/aflamo.shop\/wp-content\/uploads\/2023\/05\/unique-107-12-300x150.png 300w, https:\/\/aflamo.shop\/wp-content\/uploads\/2023\/05\/unique-107-12-1024x513.png 1024w, https:\/\/aflamo.shop\/wp-content\/uploads\/2023\/05\/unique-107-12-768x385.png 768w\" sizes=\"(max-width: 1026px) 100vw, 1026px\" \/><\/p>\n<ul>\n<li><strong>Unique 127<\/strong><\/li>\n<\/ul>\n<p><img loading=\"lazy\" decoding=\"async\" class=\"aligncenter wp-image-3236 size-full\" src=\"https:\/\/aflamo.shop\/wp-content\/uploads\/2023\/05\/unique-127.png\" alt=\"\" width=\"1047\" height=\"497\" srcset=\"https:\/\/aflamo.shop\/wp-content\/uploads\/2023\/05\/unique-127.png 1047w, https:\/\/aflamo.shop\/wp-content\/uploads\/2023\/05\/unique-127-600x285.png 600w, https:\/\/aflamo.shop\/wp-content\/uploads\/2023\/05\/unique-127-300x142.png 300w, https:\/\/aflamo.shop\/wp-content\/uploads\/2023\/05\/unique-127-1024x486.png 1024w, https:\/\/aflamo.shop\/wp-content\/uploads\/2023\/05\/unique-127-768x365.png 768w\" sizes=\"(max-width: 1047px) 100vw, 1047px\" \/><\/p>\n<ul>\n<li><strong>Unique 153<\/strong><\/li>\n<\/ul>\n<p><img loading=\"lazy\" decoding=\"async\" class=\"aligncenter wp-image-3242 size-full\" src=\"https:\/\/aflamo.shop\/wp-content\/uploads\/2023\/05\/unique-153.png\" alt=\"\" width=\"1560\" height=\"657\" srcset=\"https:\/\/aflamo.shop\/wp-content\/uploads\/2023\/05\/unique-153.png 1560w, https:\/\/aflamo.shop\/wp-content\/uploads\/2023\/05\/unique-153-600x253.png 600w, https:\/\/aflamo.shop\/wp-content\/uploads\/2023\/05\/unique-153-300x126.png 300w, https:\/\/aflamo.shop\/wp-content\/uploads\/2023\/05\/unique-153-1024x431.png 1024w, https:\/\/aflamo.shop\/wp-content\/uploads\/2023\/05\/unique-153-768x323.png 768w, https:\/\/aflamo.shop\/wp-content\/uploads\/2023\/05\/unique-153-1536x647.png 1536w\" sizes=\"(max-width: 1560px) 100vw, 1560px\" \/><\/p>\n<ul>\n<li><strong>Unique 165<\/strong><\/li>\n<\/ul>\n<p><img loading=\"lazy\" decoding=\"async\" class=\"aligncenter wp-image-3248 size-full\" src=\"https:\/\/aflamo.shop\/wp-content\/uploads\/2023\/05\/unique-166.png\" alt=\"\" width=\"1563\" height=\"620\" srcset=\"https:\/\/aflamo.shop\/wp-content\/uploads\/2023\/05\/unique-166.png 1563w, https:\/\/aflamo.shop\/wp-content\/uploads\/2023\/05\/unique-166-600x238.png 600w, https:\/\/aflamo.shop\/wp-content\/uploads\/2023\/05\/unique-166-300x119.png 300w, https:\/\/aflamo.shop\/wp-content\/uploads\/2023\/05\/unique-166-1024x406.png 1024w, https:\/\/aflamo.shop\/wp-content\/uploads\/2023\/05\/unique-166-768x305.png 768w, https:\/\/aflamo.shop\/wp-content\/uploads\/2023\/05\/unique-166-1536x609.png 1536w\" sizes=\"(max-width: 1563px) 100vw, 1563px\" \/><\/p>\n<ul>\n<li><strong>Unique 183<\/strong><\/li>\n<\/ul>\n<p><img loading=\"lazy\" decoding=\"async\" class=\"aligncenter wp-image-3254 size-full\" src=\"https:\/\/aflamo.shop\/wp-content\/uploads\/2023\/05\/unique-183-9.png\" alt=\"\" width=\"1611\" height=\"592\" srcset=\"https:\/\/aflamo.shop\/wp-content\/uploads\/2023\/05\/unique-183-9.png 1611w, https:\/\/aflamo.shop\/wp-content\/uploads\/2023\/05\/unique-183-9-600x220.png 600w, https:\/\/aflamo.shop\/wp-content\/uploads\/2023\/05\/unique-183-9-300x110.png 300w, https:\/\/aflamo.shop\/wp-content\/uploads\/2023\/05\/unique-183-9-1024x376.png 1024w, https:\/\/aflamo.shop\/wp-content\/uploads\/2023\/05\/unique-183-9-768x282.png 768w, https:\/\/aflamo.shop\/wp-content\/uploads\/2023\/05\/unique-183-9-1536x564.png 1536w\" sizes=\"(max-width: 1611px) 100vw, 1611px\" \/><\/p>\n<p>&nbsp;<\/p>\n","protected":false},"excerpt":{"rendered":"<p>Produttore: Aflamo<\/p>\n<p>GETIN: 5908283561988<\/p>\n<p>Camino elettrico da incasso\/appeso a parete con funzione riscaldamento.<\/p>\n<p><b>Modello:<\/b><\/p>\n<ul>\n<li><a href=\"https:\/\/aflamo.shop\/it\/p\/aflamo-unique-90-caminetto-elettrico-led-da-parete-incasso\/\">90<\/a><\/li>\n<li><a href=\"https:\/\/aflamo.shop\/it\/p\/camino-elettrico-led-aflamo-unique-107-da-parete-incasso\/\">107<\/a><\/li>\n<li><a href=\"https:\/\/aflamo.shop\/it\/p\/camino-elettrico-led-aflamo-unique-127-da-parete-incasso\/\">127<\/a><\/li>\n<\/ul>\n<ul>\n<li><a href=\"https:\/\/aflamo.shop\/it\/p\/camino-elettrico-led-aflamo-unique-153-da-parete-incasso\/\">153<\/a><\/li>\n<li><a href=\"https:\/\/aflamo.shop\/it\/p\/camino-elettrico-led-aflamo-unique-165-da-parete-incasso\/\">165<\/a><\/li>\n<li><a href=\"https:\/\/aflamo.shop\/it\/p\/camino-elettrico-led-aflamo-unique-183-da-parete-incasso\/\">183<\/a><\/li>\n<\/ul>\n<p><b>Dimensioni:<\/b> 107 x 44 x 20 cm<\/p>\n","protected":false},"featured_media":20457,"comment_status":"open","ping_status":"closed","template":"","meta":[],"product_brand":[],"product_cat":[682,187,668,182,686,179,183,188],"product_tag":[356],"class_list":{"0":"post-10000","1":"product","2":"type-product","3":"status-publish","4":"has-post-thumbnail","6":"product_cat-alfamo-it","7":"product_cat-caminetti-da-parete-a-led-con-riscaldamento","8":"product_cat-caminetti-elettrici-a-led-da-parete","9":"product_cat-caminetti-led-da-incasso-a-parete-a-led","10":"product_cat-camini-elettrici-con-app-mobile","11":"product_cat-camini-elettrici-led","12":"product_cat-camino-elettrico-led-trifacciale","13":"product_cat-inserti-elettrici-a-led","14":"product_tag-max-it","16":"first","17":"instock","18":"shipping-taxable","19":"purchasable","20":"product-type-simple"},"yoast_head":"<!-- This site is optimized with the Yoast SEO plugin v27.1.1 - https:\/\/yoast.com\/product\/yoast-seo-wordpress\/ -->\n<title>Aflamo Unique 107 - Caminetto elettrico LED da parete\/incasso - aflamo.shop - rivenditore Aflamo certificato<\/title>\n<meta name=\"description\" content=\"Caminetto Unique \u2013 innovazione, estetica e funzionalit\u00e0. Con opzioni di personalizzazione della fiamma e moderne funzioni di riscaldamento, offre un&#039;atmosfera accogliente senza bisogno di un focolare tradizionale.\" \/>\n<meta name=\"robots\" content=\"index, follow, max-snippet:-1, max-image-preview:large, max-video-preview:-1\" \/>\n<link rel=\"canonical\" href=\"https:\/\/aflamo.shop\/it\/p\/camino-elettrico-led-aflamo-unique-107-da-parete-incasso\/\" \/>\n<meta property=\"og:locale\" content=\"it_IT\" \/>\n<meta property=\"og:type\" content=\"article\" \/>\n<meta property=\"og:title\" content=\"Aflamo Unique 107 - Caminetto elettrico LED da parete\/incasso - aflamo.shop - rivenditore Aflamo certificato\" \/>\n<meta property=\"og:description\" content=\"Caminetto Unique \u2013 innovazione, estetica e funzionalit\u00e0. Con opzioni di personalizzazione della fiamma e moderne funzioni di riscaldamento, offre un&#039;atmosfera accogliente senza bisogno di un focolare tradizionale.\" \/>\n<meta property=\"og:url\" content=\"https:\/\/aflamo.shop\/it\/p\/camino-elettrico-led-aflamo-unique-107-da-parete-incasso\/\" \/>\n<meta property=\"og:site_name\" content=\"aflamo.shop - rivenditore Aflamo certificato\" \/>\n<meta property=\"article:modified_time\" content=\"2026-03-12T13:57:11+00:00\" \/>\n<meta property=\"og:image\" content=\"https:\/\/aflamo.shop\/wp-content\/uploads\/2025\/01\/Unique_ceramic_logs.jpg\" \/>\n\t<meta property=\"og:image:width\" content=\"2048\" \/>\n\t<meta property=\"og:image:height\" content=\"2048\" \/>\n\t<meta property=\"og:image:type\" content=\"image\/jpeg\" \/>\n<meta name=\"twitter:card\" content=\"summary_large_image\" \/>\n<meta name=\"twitter:label1\" content=\"Tempo di lettura stimato\" \/>\n\t<meta name=\"twitter:data1\" content=\"6 minuti\" \/>\n<script type=\"application\/ld+json\" class=\"yoast-schema-graph\">{\"@context\":\"https:\/\/schema.org\",\"@graph\":[{\"@type\":\"WebPage\",\"@id\":\"https:\/\/aflamo.shop\/it\/p\/camino-elettrico-led-aflamo-unique-107-da-parete-incasso\/\",\"url\":\"https:\/\/aflamo.shop\/it\/p\/camino-elettrico-led-aflamo-unique-107-da-parete-incasso\/\",\"name\":\"Aflamo Unique 107 - Caminetto elettrico LED da parete\/incasso - aflamo.shop - rivenditore Aflamo certificato\",\"isPartOf\":{\"@id\":\"https:\/\/aflamo.shop\/it\/#website\"},\"primaryImageOfPage\":{\"@id\":\"https:\/\/aflamo.shop\/it\/p\/camino-elettrico-led-aflamo-unique-107-da-parete-incasso\/#primaryimage\"},\"image\":{\"@id\":\"https:\/\/aflamo.shop\/it\/p\/camino-elettrico-led-aflamo-unique-107-da-parete-incasso\/#primaryimage\"},\"thumbnailUrl\":\"https:\/\/aflamo.shop\/wp-content\/uploads\/2025\/01\/Unique_ceramic_logs.jpg\",\"datePublished\":\"2023-09-17T18:14:24+00:00\",\"dateModified\":\"2026-03-12T13:57:11+00:00\",\"description\":\"Caminetto Unique \u2013 innovazione, estetica e funzionalit\u00e0. Con opzioni di personalizzazione della fiamma e moderne funzioni di riscaldamento, offre un'atmosfera accogliente senza bisogno di un focolare tradizionale.\",\"breadcrumb\":{\"@id\":\"https:\/\/aflamo.shop\/it\/p\/camino-elettrico-led-aflamo-unique-107-da-parete-incasso\/#breadcrumb\"},\"inLanguage\":\"it-IT\",\"potentialAction\":[{\"@type\":\"ReadAction\",\"target\":[\"https:\/\/aflamo.shop\/it\/p\/camino-elettrico-led-aflamo-unique-107-da-parete-incasso\/\"]}]},{\"@type\":\"ImageObject\",\"inLanguage\":\"it-IT\",\"@id\":\"https:\/\/aflamo.shop\/it\/p\/camino-elettrico-led-aflamo-unique-107-da-parete-incasso\/#primaryimage\",\"url\":\"https:\/\/aflamo.shop\/wp-content\/uploads\/2025\/01\/Unique_ceramic_logs.jpg\",\"contentUrl\":\"https:\/\/aflamo.shop\/wp-content\/uploads\/2025\/01\/Unique_ceramic_logs.jpg\",\"width\":2048,\"height\":2048},{\"@type\":\"BreadcrumbList\",\"@id\":\"https:\/\/aflamo.shop\/it\/p\/camino-elettrico-led-aflamo-unique-107-da-parete-incasso\/#breadcrumb\",\"itemListElement\":[{\"@type\":\"ListItem\",\"position\":1,\"name\":\"Pagina iniziale\",\"item\":\"https:\/\/aflamo.shop\/it\/\"},{\"@type\":\"ListItem\",\"position\":2,\"name\":\"Negozio\",\"item\":\"https:\/\/aflamo.shop\/negozio\/\"},{\"@type\":\"ListItem\",\"position\":3,\"name\":\"Camini elettrici LED\",\"item\":\"https:\/\/aflamo.shop\/it\/s\/camini-elettrici-led\/\"},{\"@type\":\"ListItem\",\"position\":4,\"name\":\"Aflamo Unique 107 &#8211; Caminetto elettrico LED da parete\/incasso\"}]},{\"@type\":\"WebSite\",\"@id\":\"https:\/\/aflamo.shop\/it\/#website\",\"url\":\"https:\/\/aflamo.shop\/it\/\",\"name\":\"aflamo.shop - rivenditore Aflamo certificato\",\"description\":\"Kominki elektryczne Aflamo i Emotion Flame z funkcj\u0105 grzania\",\"publisher\":{\"@id\":\"https:\/\/aflamo.shop\/it\/#organization\"},\"potentialAction\":[{\"@type\":\"SearchAction\",\"target\":{\"@type\":\"EntryPoint\",\"urlTemplate\":\"https:\/\/aflamo.shop\/it\/?s={search_term_string}\"},\"query-input\":{\"@type\":\"PropertyValueSpecification\",\"valueRequired\":true,\"valueName\":\"search_term_string\"}}],\"inLanguage\":\"it-IT\"},{\"@type\":\"Organization\",\"@id\":\"https:\/\/aflamo.shop\/it\/#organization\",\"name\":\"aflamo.shop - rivenditore Aflamo certificato\",\"url\":\"https:\/\/aflamo.shop\/it\/\",\"logo\":{\"@type\":\"ImageObject\",\"inLanguage\":\"it-IT\",\"@id\":\"https:\/\/aflamo.shop\/it\/#\/schema\/logo\/image\/\",\"url\":\"https:\/\/aflamo.shop\/wp-content\/uploads\/2019\/10\/logo2.1-1-1.svg\",\"contentUrl\":\"https:\/\/aflamo.shop\/wp-content\/uploads\/2019\/10\/logo2.1-1-1.svg\",\"caption\":\"aflamo.shop - rivenditore Aflamo certificato\"},\"image\":{\"@id\":\"https:\/\/aflamo.shop\/it\/#\/schema\/logo\/image\/\"}}]}<\/script>\n<!-- \/ Yoast SEO plugin. -->","yoast_head_json":{"title":"Aflamo Unique 107 - Caminetto elettrico LED da parete\/incasso - aflamo.shop - rivenditore Aflamo certificato","description":"Caminetto Unique \u2013 innovazione, estetica e funzionalit\u00e0. Con opzioni di personalizzazione della fiamma e moderne funzioni di riscaldamento, offre un'atmosfera accogliente senza bisogno di un focolare tradizionale.","robots":{"index":"index","follow":"follow","max-snippet":"max-snippet:-1","max-image-preview":"max-image-preview:large","max-video-preview":"max-video-preview:-1"},"canonical":"https:\/\/aflamo.shop\/it\/p\/camino-elettrico-led-aflamo-unique-107-da-parete-incasso\/","og_locale":"it_IT","og_type":"article","og_title":"Aflamo Unique 107 - Caminetto elettrico LED da parete\/incasso - aflamo.shop - rivenditore Aflamo certificato","og_description":"Caminetto Unique \u2013 innovazione, estetica e funzionalit\u00e0. Con opzioni di personalizzazione della fiamma e moderne funzioni di riscaldamento, offre un'atmosfera accogliente senza bisogno di un focolare tradizionale.","og_url":"https:\/\/aflamo.shop\/it\/p\/camino-elettrico-led-aflamo-unique-107-da-parete-incasso\/","og_site_name":"aflamo.shop - rivenditore Aflamo certificato","article_modified_time":"2026-03-12T13:57:11+00:00","og_image":[{"width":2048,"height":2048,"url":"https:\/\/aflamo.shop\/wp-content\/uploads\/2025\/01\/Unique_ceramic_logs.jpg","type":"image\/jpeg"}],"twitter_card":"summary_large_image","twitter_misc":{"Tempo di lettura stimato":"6 minuti"},"schema":{"@context":"https:\/\/schema.org","@graph":[{"@type":"WebPage","@id":"https:\/\/aflamo.shop\/it\/p\/camino-elettrico-led-aflamo-unique-107-da-parete-incasso\/","url":"https:\/\/aflamo.shop\/it\/p\/camino-elettrico-led-aflamo-unique-107-da-parete-incasso\/","name":"Aflamo Unique 107 - Caminetto elettrico LED da parete\/incasso - aflamo.shop - rivenditore Aflamo certificato","isPartOf":{"@id":"https:\/\/aflamo.shop\/it\/#website"},"primaryImageOfPage":{"@id":"https:\/\/aflamo.shop\/it\/p\/camino-elettrico-led-aflamo-unique-107-da-parete-incasso\/#primaryimage"},"image":{"@id":"https:\/\/aflamo.shop\/it\/p\/camino-elettrico-led-aflamo-unique-107-da-parete-incasso\/#primaryimage"},"thumbnailUrl":"https:\/\/aflamo.shop\/wp-content\/uploads\/2025\/01\/Unique_ceramic_logs.jpg","datePublished":"2023-09-17T18:14:24+00:00","dateModified":"2026-03-12T13:57:11+00:00","description":"Caminetto Unique \u2013 innovazione, estetica e funzionalit\u00e0. Con opzioni di personalizzazione della fiamma e moderne funzioni di riscaldamento, offre un'atmosfera accogliente senza bisogno di un focolare tradizionale.","breadcrumb":{"@id":"https:\/\/aflamo.shop\/it\/p\/camino-elettrico-led-aflamo-unique-107-da-parete-incasso\/#breadcrumb"},"inLanguage":"it-IT","potentialAction":[{"@type":"ReadAction","target":["https:\/\/aflamo.shop\/it\/p\/camino-elettrico-led-aflamo-unique-107-da-parete-incasso\/"]}]},{"@type":"ImageObject","inLanguage":"it-IT","@id":"https:\/\/aflamo.shop\/it\/p\/camino-elettrico-led-aflamo-unique-107-da-parete-incasso\/#primaryimage","url":"https:\/\/aflamo.shop\/wp-content\/uploads\/2025\/01\/Unique_ceramic_logs.jpg","contentUrl":"https:\/\/aflamo.shop\/wp-content\/uploads\/2025\/01\/Unique_ceramic_logs.jpg","width":2048,"height":2048},{"@type":"BreadcrumbList","@id":"https:\/\/aflamo.shop\/it\/p\/camino-elettrico-led-aflamo-unique-107-da-parete-incasso\/#breadcrumb","itemListElement":[{"@type":"ListItem","position":1,"name":"Pagina iniziale","item":"https:\/\/aflamo.shop\/it\/"},{"@type":"ListItem","position":2,"name":"Negozio","item":"https:\/\/aflamo.shop\/negozio\/"},{"@type":"ListItem","position":3,"name":"Camini elettrici LED","item":"https:\/\/aflamo.shop\/it\/s\/camini-elettrici-led\/"},{"@type":"ListItem","position":4,"name":"Aflamo Unique 107 &#8211; Caminetto elettrico LED da parete\/incasso"}]},{"@type":"WebSite","@id":"https:\/\/aflamo.shop\/it\/#website","url":"https:\/\/aflamo.shop\/it\/","name":"aflamo.shop - rivenditore Aflamo certificato","description":"Kominki elektryczne Aflamo i Emotion Flame z funkcj\u0105 grzania","publisher":{"@id":"https:\/\/aflamo.shop\/it\/#organization"},"potentialAction":[{"@type":"SearchAction","target":{"@type":"EntryPoint","urlTemplate":"https:\/\/aflamo.shop\/it\/?s={search_term_string}"},"query-input":{"@type":"PropertyValueSpecification","valueRequired":true,"valueName":"search_term_string"}}],"inLanguage":"it-IT"},{"@type":"Organization","@id":"https:\/\/aflamo.shop\/it\/#organization","name":"aflamo.shop - rivenditore Aflamo certificato","url":"https:\/\/aflamo.shop\/it\/","logo":{"@type":"ImageObject","inLanguage":"it-IT","@id":"https:\/\/aflamo.shop\/it\/#\/schema\/logo\/image\/","url":"https:\/\/aflamo.shop\/wp-content\/uploads\/2019\/10\/logo2.1-1-1.svg","contentUrl":"https:\/\/aflamo.shop\/wp-content\/uploads\/2019\/10\/logo2.1-1-1.svg","caption":"aflamo.shop - rivenditore Aflamo certificato"},"image":{"@id":"https:\/\/aflamo.shop\/it\/#\/schema\/logo\/image\/"}}]}},"_links":{"self":[{"href":"https:\/\/aflamo.shop\/it\/wp-json\/wp\/v2\/product\/10000","targetHints":{"allow":["GET"]}}],"collection":[{"href":"https:\/\/aflamo.shop\/it\/wp-json\/wp\/v2\/product"}],"about":[{"href":"https:\/\/aflamo.shop\/it\/wp-json\/wp\/v2\/types\/product"}],"replies":[{"embeddable":true,"href":"https:\/\/aflamo.shop\/it\/wp-json\/wp\/v2\/comments?post=10000"}],"wp:featuredmedia":[{"embeddable":true,"href":"https:\/\/aflamo.shop\/it\/wp-json\/wp\/v2\/media\/20457"}],"wp:attachment":[{"href":"https:\/\/aflamo.shop\/it\/wp-json\/wp\/v2\/media?parent=10000"}],"wp:term":[{"taxonomy":"product_brand","embeddable":true,"href":"https:\/\/aflamo.shop\/it\/wp-json\/wp\/v2\/product_brand?post=10000"},{"taxonomy":"product_cat","embeddable":true,"href":"https:\/\/aflamo.shop\/it\/wp-json\/wp\/v2\/product_cat?post=10000"},{"taxonomy":"product_tag","embeddable":true,"href":"https:\/\/aflamo.shop\/it\/wp-json\/wp\/v2\/product_tag?post=10000"}],"curies":[{"name":"wp","href":"https:\/\/api.w.org\/{rel}","templated":true}]}}