{"id":27788,"date":"2025-12-08T12:46:03","date_gmt":"2025-12-08T12:46:03","guid":{"rendered":"https:\/\/aflamo.shop\/p\/aflamo-juno-144-bio-cheminee-murale-encastrable\/"},"modified":"2025-12-08T12:46:03","modified_gmt":"2025-12-08T12:46:03","slug":"aflamo-juno-144-bio-cheminee-murale-encastrable","status":"publish","type":"product","link":"https:\/\/aflamo.shop\/fr\/p\/aflamo-juno-144-bio-cheminee-murale-encastrable\/","title":{"rendered":"Aflamo Juno 144 &#8211; bio-chemin\u00e9e murale\/encastrable"},"content":{"rendered":"<h3><strong>Caract\u00e9ristiques de la chemin\u00e9e<\/strong><\/h3>\n<p>&nbsp;<\/p>\n<p><b>Juno<\/b> est une chemin\u00e9e murale au design minimaliste. Une \u00e9l\u00e9gance pure, sans fioritures inutiles. Juno sublimera votre int\u00e9rieur et rendra les autres accessoires superflus.<\/p>\n<p>Appr\u00e9ciez la beaut\u00e9 d&rsquo;une v\u00e9ritable flamme dans n&rsquo;importe quelle pi\u00e8ce.<\/p>\n<div class=\"more-info\">\n<div class=\"tab-content\">\n<section id=\"idTab1\" class=\"page-product-box\">\n<div class=\"rte\">\n<div class=\"row\">\n<div id=\"\" class=\"col-xs-12 col-sm-6 \">\n<div id=\"\" class=\"eds-on-scroll eds-scroll-visible animated fadeInUp duration2\">\n<ul>\n<li>Chemin\u00e9e bio murale<\/li>\n<li>Design unique et moderne<\/li>\n<li>Fabrication de tr\u00e8s haute qualit\u00e9<\/li>\n<li>Br\u00fbleur s\u00e9curis\u00e9 certifi\u00e9 T\u00dcV<\/li>\n<\/ul>\n<p><img fetchpriority=\"high\" decoding=\"async\" class=\"wp-image-21139 aligncenter\" src=\"https:\/\/aflamo.shop\/wp-content\/uploads\/2025\/12\/Juno_front_flame-1540.jpg\" alt=\"\" width=\"661\" height=\"213\" srcset=\"https:\/\/aflamo.shop\/wp-content\/uploads\/2025\/12\/Juno_front_flame-1540.jpg 540w, https:\/\/aflamo.shop\/wp-content\/uploads\/2025\/12\/Juno_front_flame-1540-300x97.jpg 300w\" sizes=\"(max-width: 661px) 100vw, 661px\" \/><\/p>\n<p>&nbsp;<\/p>\n<h6><strong>Bo\u00eetier<\/strong><\/h6>\n<p>&nbsp;<\/p>\n<ul>\n<li>Couleur\u00a0: noir mat<\/li>\n<li>Enti\u00e8rement en acier<\/li>\n<li>Qualit\u00e9 sup\u00e9rieure gr\u00e2ce \u00e0 des angles soud\u00e9s et polis<\/li>\n<li>Peinture r\u00e9sistante aux hautes temp\u00e9ratures et aux dommages<\/li>\n<\/ul>\n<h6><\/h6>\n<h6><strong>Br\u00fbleur<\/strong><\/h6>\n<\/div>\n<p>Le br\u00fbleur utilis\u00e9 dans cette bio-chemin\u00e9e est en acier inoxydable. Il est dot\u00e9 d&rsquo;un \u00e9l\u00e9ment absorbant interne, garantissant une utilisation s\u00fbre et \u00e9liminant tout risque de d\u00e9versement incontr\u00f4l\u00e9 de biocarburant.<\/p>\n<p><iframe title=\"YouTube video player\" src=\"https:\/\/www.youtube.com\/embed\/N2BoGvvJ2xo?si=Jvh9PvtIAf8vpwzH\" width=\"560\" height=\"315\" frameborder=\"0\" allowfullscreen=\"allowfullscreen\"><\/iframe><br \/>\nChaque kit complet comprend un extincteur sp\u00e9cial, vous permettant d&rsquo;\u00e9teindre facilement et rapidement les flammes de la bio-chemin\u00e9e \u00e0 tout moment.<\/p>\n<div id=\"\" class=\"eds-on-scroll eds-scroll-visible animated fadeInUp duration2\">\n<ul style=\"font-weight: 400;\">\n<li>S\u00fbr avec la certification T\u00dcV<\/li>\n<li>Une conception raffin\u00e9e assure une combustion uniforme sur toute la largeur de la surface<\/li>\n<li>L&rsquo;insert en c\u00e9ramique r\u00e9duit le risque de d\u00e9versement biocarburant<\/li>\n<li>Fabriqu\u00e9 en acier inoxydable<\/li>\n<\/ul>\n<p>&nbsp;<\/p>\n<div class=\"flex flex-grow flex-col gap-3\">\n<div class=\"min-h-[20px] flex flex-col items-start gap-3 overflow-x-auto whitespace-pre-wrap break-words\">\n<div class=\"markdown prose w-full break-words dark:prose-invert light\">\n<p>La chemin\u00e9e bio murale Juno est un \u00e9l\u00e9ment unique et \u00e9l\u00e9gant qui apporte \u00e0 l&rsquo;espace non seulement la magie d&rsquo;un feu cr\u00e9pitant, mais aussi une esth\u00e9tique minimaliste.<\/p>\n<p>Juno est une chemin\u00e9e bio murale qui souligne le style moderne de l&rsquo;int\u00e9rieur par sa simplicit\u00e9. Son design minimaliste en fait non seulement une source de chaleur, mais aussi une \u0153uvre d&rsquo;art \u00e0 part enti\u00e8re, attirant le regard et cr\u00e9ant un point focal unique dans la pi\u00e8ce. Sans fioritures ni ornements superflus, la chemin\u00e9e Juno respire l&rsquo;\u00e9l\u00e9gance et le style classique.<\/p>\n<p>L&rsquo;\u00e9l\u00e9gance de la Juno r\u00e9side dans sa puret\u00e9. R\u00e9duite \u00e0 l&rsquo;essentiel, cette chemin\u00e9e bio\u00e9thanol met la flamme au centre du design. En \u00e9liminant les ornements inutiles, la Juno baigne la pi\u00e8ce d&rsquo;une lueur authentique et cr\u00e9e une atmosph\u00e8re de paix et de d\u00e9tente. Bien plus qu&rsquo;une simple source de lumi\u00e8re ou de chaleur, c&rsquo;est une invitation \u00e0 la contemplation et un moment de r\u00e9pit.<\/p>\n<p>La chemin\u00e9e bio\u00e9thanol Juno vous permet de profiter de la beaut\u00e9 d&rsquo;une v\u00e9ritable flamme dans n&rsquo;importe quelle pi\u00e8ce. Sans installation complexe ni raccordement au gaz, la Juno vous offre une totale libert\u00e9 d&rsquo;installation, o\u00f9 que vous souhaitiez apporter une touche d&rsquo;originalit\u00e9. Salon, chambre ou salle de d\u00e9tente, la Juno diffuse une aura unique de chaleur et de magie dans chaque espace.<\/p>\n<p>En r\u00e9sum\u00e9, la chemin\u00e9e bio\u00e9thanol murale Juno incarne le minimalisme et l&rsquo;\u00e9l\u00e9gance. Son design \u00e9pur\u00e9 met en valeur le spectacle exquis d&rsquo;un feu flamboyant, qui devient le point central de tout int\u00e9rieur. Juno n&rsquo;est pas qu&rsquo;une simple chemin\u00e9e \u00e0 bio\u00e9thanol\u00a0; c&rsquo;est un \u00e9l\u00e9ment artistique qui cr\u00e9e une atmosph\u00e8re unique et sublime le quotidien. \u00c9galement disponible en version verre.<\/p>\n<\/div>\n<ul>\n<strong><\/p>\n<p><a href=\"https:\/\/aflamo.shop\/wp-content\/uploads\/2024\/09\/bio_manual_EN-PL-DE-FR-ES-IT-5.pdf\">Manuel d&rsquo;utilisation<\/a><\/p>\n<p><a href=\"https:\/\/aflamo.shop\/wp-content\/uploads\/2024\/09\/Juno_Honos_glass_installation_EN-PL-DE-FR-ES-IT-4.pdf\"><br \/>\nInstructions d&rsquo;installation du verre<\/a><\/p>\n<p><a href=\"https:\/\/aflamo.shop\/wp-content\/uploads\/2024\/09\/Juno_Honos_manual_EN-PL-DE-FR-ES-IT-2.pdf\">Instructions d&rsquo;installation de la chemin\u00e9e bio<\/a><\/p>\n<p><a href=\"https:\/\/aflamo.shop\/wp-content\/uploads\/2024\/09\/Safety_instructions_EN-PL-DE-IT-ES-FR-CS-SK-NL-5.pdf\">Informations de s\u00e9curit\u00e9<\/a><\/p>\n<p><\/strong>\n<\/ul>\n<h3><strong>Sch\u00e9ma technique<\/strong><\/h3>\n<p>&nbsp;<\/p>\n<p><strong>Juno 54<\/strong><\/p>\n<ul>\n<li>Br\u00fbleur 28<\/li>\n<li>Capacit\u00e9 0,35 litre<\/li>\n<li>Autonomie 1 heure<\/li>\n<\/ul>\n<p><img decoding=\"async\" class=\"wp-image-20970 size-full aligncenter\" src=\"https:\/\/aflamo.shop\/wp-content\/uploads\/2025\/12\/Juno_54-900x728-1.\npng\" alt=\"\" width=\"900\" height=\"728\" \/><\/p>\n<p>&nbsp;<\/p>\n<p><strong>Juno 79<\/strong><\/p>\n<ul>\n<li>Br\u00fbleur 53<\/li>\n<li>Capacit\u00e9 0,75 litre<\/li>\n<li>Dur\u00e9e de combustion 1 h 20 min<\/li>\n<\/ul>\n<p><img decoding=\"async\" class=\"aligncenter wp-image-20976 size-full\" src=\"https:\/\/aflamo.shop\/wp-content\/uploads\/2025\/12\/Juno_79-900x621-1.png\" alt=\"\" width=\"900\" height=\"621\" srcset=\"https:\/\/aflamo.shop\/wp-content\/uploads\/2025\/12\/Juno_79-900x621-1.png 900w, https:\/\/aflamo.shop\/wp-content\/uploads\/2025\/12\/Juno_79-900x621-1-600x414.png 600w, https:\/\/aflamo.shop\/wp-content\/uploads\/2025\/12\/Juno_79-900x621-1-300x207.png 300w, https:\/\/aflamo.shop\/wp-content\/uploads\/2025\/12\/Juno_79-900x621-1-768x530.png 768w\" sizes=\"(max-width: 900px) 100vw, 900px\" \/><\/p>\n<p>&nbsp;<\/p>\n<p><strong>Juno 114<\/strong><\/p>\n<ul>\n<li>Br\u00fbleur 80<\/li>\n<li>Capacit\u00e9 1,24 litres<\/li>\n<li>Dur\u00e9e de combustion 75 min<\/li>\n<\/ul>\n<p>&nbsp;<\/p>\n<p><img loading=\"lazy\" decoding=\"async\" class=\"aligncenter wp-image-20982 size-full\" src=\"https:\/\/aflamo.shop\/wp-content\/uploads\/2025\/12\/Juno_114-900x553-1.png\" alt=\"\" width=\"900\" height=\"553\" srcset=\"https:\/\/aflamo.shop\/wp-content\/uploads\/2025\/12\/Juno_114-900x553-1.png 900w, https:\/\/aflamo.shop\/wp-content\/uploads\/2025\/12\/Juno_114-900x553-1-600x369.png 600w, https:\/\/aflamo.shop\/wp-content\/uploads\/2025\/12\/Juno_114-900x553-1-300x184.png 300w, https:\/\/aflamo.shop\/wp-content\/uploads\/2025\/12\/Juno_114-900x553-1-768x472.png 768w\" sizes=\"(max-width: 900px) 100vw, 900px\" \/><\/p>\n<p>&nbsp;<\/p>\n<p><strong>Juno 144<\/strong><\/p>\n<ul>\n<li>2 x Br\u00fbleur 53<\/li>\n<li>Capacit\u00e9 2 x 0,75 litres<\/li>\n<li>Dur\u00e9e de combustion 1 h 20 min<\/li>\n<\/ul>\n<p><img loading=\"lazy\" decoding=\"async\" class=\"aligncenter wp-image-20988 size-full\" src=\"https:\/\/aflamo.shop\/wp-content\/uploads\/2025\/12\/Juno_144-900x465-1.png\" alt=\"\" width=\"900\" height=\"465\" srcset=\"https:\/\/aflamo.shop\/wp-content\/uploads\/2025\/12\/Juno_144-900x465-1.png 900w, https:\/\/aflamo.shop\/wp-content\/uploads\/2025\/12\/Juno_144-900x465-1-600x310.png 600w, https:\/\/aflamo.shop\/wp-content\/uploads\/2025\/12\/Juno_144-900x465-1-300x155.png 300w, https:\/\/aflamo.shop\/wp-content\/uploads\/2025\/12\/Juno_144-900x465-1-768x397.png 768w\" sizes=\"(max-width: 900px) 100vw, 900px\" \/><\/p>\n<p>&nbsp;<\/p>\n<p><strong>Juno 174<\/strong><\/p>\n<ul>\n<li>2 x Br\u00fbleur 80<\/li>\n<li>Capacit\u00e9 2 x 1,24 litres<\/li>\n<li>Dur\u00e9e de combustion 75 min<\/li>\n<\/ul>\n<p><img loading=\"lazy\" decoding=\"async\" width=\"900\" height=\"421\" class=\"aligncenter wp-image-20994 size-full\" src=\"https:\/\/aflamo.shop\/wp-content\/uploads\/2025\/12\/Juno_174-900x421-1.png\" alt=\"\" largeur=\"900\" hauteur=\"421\" srcset=\"https:\/\/aflamo.shop\/wp-content\/uploads\/2025\/12\/Juno_174-900x421-1.png 900w, https:\/\/aflamo.shop\/wp-content\/uploads\/2025\/12\/Juno_174-900x421-1-600x281.png 600w, https:\/\/aflamo.shop\/wp-content\/uploads\/2025\/12\/Juno_174-900x421-1-300x140.png 300w, https:\/\/aflamo.shop\/wp-content\/uploads\/2025\/12\/Juno_174-900x421-1-768x359.png 768w\" sizes=\"(max-width: 900px) 100vw, 900px\" \/><\/p>\n<p>&nbsp;<\/p>\n<\/div>\n<\/div>\n<\/div>\n<\/div>\n<\/div>\n<\/div>\n<\/section>\n<\/div>\n<\/div>\n","protected":false},"excerpt":{"rendered":"<p>Fabricant\u00a0: Aflamo<\/p>\n<p>GETIN\u00a0: 5908283563548<\/p>\n<p>Chemin\u00e9e bio murale<\/p>\n<p><b>Mod\u00e8le\u00a0:<\/b><\/p>\n<ul>\n<li><a href=\"https:\/\/aflamo.shop\/p\/aflamo-juno-54-bio-fireplace-wall-mounted\/\">54<\/a><\/li>\n<li><a href=\"https:\/\/aflamo.shop\/p\/aflamo-juno-79a-bio-fireplace-wall-mounted\/\">79<\/a><\/li>\n<li><a href=\"https:\/\/aflamo.shop\/p\/aflamo-juno-114-bio-fireplace-wall-mounted\/\">114<\/a><\/li>\n<li><a href=\"https:\/\/aflamo.shop\/p\/aflamo-juno-144-biofireplace-wall-mounted\/\">144<\/a><\/li>\n<li><a href=\"https:\/\/aflamo.shop\/p\/aflamo-juno-174-biofireplace-wall-mounted\/\">174<\/a><\/li>\n<\/ul>\n<p><a href=\"https:\/\/aflamo.shop\/p\/aflamo-juno-144-z-szyba-biofireplace-wall-do-zabudowy\/\"><b>Voir Juno avec vitre<\/b><\/a><\/p>\n<p><b>Dimensions\u00a0:<\/b> 144 x 34 x 15 cm<\/b><\/p>\n","protected":false},"featured_media":21190,"comment_status":"open","ping_status":"closed","template":"","meta":[],"product_brand":[],"product_cat":[770,1017,870],"product_tag":[],"class_list":{"0":"post-27788","1":"product","2":"type-product","3":"status-publish","4":"has-post-thumbnail","6":"product_cat-aflamo-fr","7":"product_cat-foyers-bio","8":"product_cat-les-cheminees-murales-a-lethanol","10":"first","11":"instock","12":"shipping-taxable","13":"purchasable","14":"product-type-simple"},"yoast_head":"<!-- This site is optimized with the Yoast SEO plugin v27.4 - https:\/\/yoast.com\/product\/yoast-seo-wordpress\/ -->\n<title>Aflamo Juno 144 - bio-chemin\u00e9e murale\/encastrable - aflamo.shop - revendeur aflamo certifi\u00e9<\/title>\n<meta name=\"robots\" content=\"index, follow, max-snippet:-1, max-image-preview:large, max-video-preview:-1\" \/>\n<link rel=\"canonical\" href=\"https:\/\/aflamo.shop\/fr\/p\/aflamo-juno-144-bio-cheminee-murale-encastrable\/\" \/>\n<meta property=\"og:locale\" content=\"fr_FR\" \/>\n<meta property=\"og:type\" content=\"article\" \/>\n<meta property=\"og:title\" content=\"Aflamo Juno 144 - bio-chemin\u00e9e murale\/encastrable - aflamo.shop - revendeur aflamo certifi\u00e9\" \/>\n<meta property=\"og:description\" content=\"Fabricant\u00a0: Aflamo  GETIN\u00a0: 5908283563548  Chemin\u00e9e bio murale  Mod\u00e8le\u00a0:   54 79 114 144  174    Voir Juno avec vitre  Dimensions\u00a0: 144 x 34 x 15 cm\" \/>\n<meta property=\"og:url\" content=\"https:\/\/aflamo.shop\/fr\/p\/aflamo-juno-144-bio-cheminee-murale-encastrable\/\" \/>\n<meta property=\"og:site_name\" content=\"aflamo.shop - revendeur aflamo certifi\u00e9\" \/>\n<meta property=\"og:image\" content=\"https:\/\/aflamo.shop\/wp-content\/uploads\/2025\/12\/Projekt-bez-nazwy20.png\" \/>\n\t<meta property=\"og:image:width\" content=\"2048\" \/>\n\t<meta property=\"og:image:height\" content=\"660\" \/>\n\t<meta property=\"og:image:type\" content=\"image\/png\" \/>\n<meta name=\"twitter:card\" content=\"summary_large_image\" \/>\n<meta name=\"twitter:label1\" content=\"Dur\u00e9e de lecture estim\u00e9e\" \/>\n\t<meta name=\"twitter:data1\" content=\"3 minutes\" \/>\n<script type=\"application\/ld+json\" class=\"yoast-schema-graph\">{\"@context\":\"https:\\\/\\\/schema.org\",\"@graph\":[{\"@type\":\"WebPage\",\"@id\":\"https:\\\/\\\/aflamo.shop\\\/fr\\\/p\\\/aflamo-juno-144-bio-cheminee-murale-encastrable\\\/\",\"url\":\"https:\\\/\\\/aflamo.shop\\\/fr\\\/p\\\/aflamo-juno-144-bio-cheminee-murale-encastrable\\\/\",\"name\":\"Aflamo Juno 144 - bio-chemin\u00e9e murale\\\/encastrable - aflamo.shop - revendeur aflamo certifi\u00e9\",\"isPartOf\":{\"@id\":\"https:\\\/\\\/aflamo.shop\\\/fr\\\/#website\"},\"primaryImageOfPage\":{\"@id\":\"https:\\\/\\\/aflamo.shop\\\/fr\\\/p\\\/aflamo-juno-144-bio-cheminee-murale-encastrable\\\/#primaryimage\"},\"image\":{\"@id\":\"https:\\\/\\\/aflamo.shop\\\/fr\\\/p\\\/aflamo-juno-144-bio-cheminee-murale-encastrable\\\/#primaryimage\"},\"thumbnailUrl\":\"https:\\\/\\\/aflamo.shop\\\/wp-content\\\/uploads\\\/2025\\\/12\\\/Projekt-bez-nazwy20.png\",\"datePublished\":\"2025-12-08T12:46:03+00:00\",\"breadcrumb\":{\"@id\":\"https:\\\/\\\/aflamo.shop\\\/fr\\\/p\\\/aflamo-juno-144-bio-cheminee-murale-encastrable\\\/#breadcrumb\"},\"inLanguage\":\"fr-FR\",\"potentialAction\":[{\"@type\":\"ReadAction\",\"target\":[\"https:\\\/\\\/aflamo.shop\\\/fr\\\/p\\\/aflamo-juno-144-bio-cheminee-murale-encastrable\\\/\"]}]},{\"@type\":\"ImageObject\",\"inLanguage\":\"fr-FR\",\"@id\":\"https:\\\/\\\/aflamo.shop\\\/fr\\\/p\\\/aflamo-juno-144-bio-cheminee-murale-encastrable\\\/#primaryimage\",\"url\":\"https:\\\/\\\/aflamo.shop\\\/wp-content\\\/uploads\\\/2025\\\/12\\\/Projekt-bez-nazwy20.png\",\"contentUrl\":\"https:\\\/\\\/aflamo.shop\\\/wp-content\\\/uploads\\\/2025\\\/12\\\/Projekt-bez-nazwy20.png\",\"width\":2048,\"height\":660},{\"@type\":\"BreadcrumbList\",\"@id\":\"https:\\\/\\\/aflamo.shop\\\/fr\\\/p\\\/aflamo-juno-144-bio-cheminee-murale-encastrable\\\/#breadcrumb\",\"itemListElement\":[{\"@type\":\"ListItem\",\"position\":1,\"name\":\"Page d'accueil\",\"item\":\"https:\\\/\\\/aflamo.shop\\\/fr\\\/\"},{\"@type\":\"ListItem\",\"position\":2,\"name\":\"Boutique\",\"item\":\"https:\\\/\\\/aflamo.shop\\\/boutique\\\/\"},{\"@type\":\"ListItem\",\"position\":3,\"name\":\"Foyers bio\",\"item\":\"https:\\\/\\\/aflamo.shop\\\/fr\\\/s\\\/foyers-bio\\\/\"},{\"@type\":\"ListItem\",\"position\":4,\"name\":\"Aflamo Juno 144 &#8211; bio-chemin\u00e9e murale\\\/encastrable\"}]},{\"@type\":\"WebSite\",\"@id\":\"https:\\\/\\\/aflamo.shop\\\/fr\\\/#website\",\"url\":\"https:\\\/\\\/aflamo.shop\\\/fr\\\/\",\"name\":\"aflamo.shop - revendeur aflamo certifi\u00e9\",\"description\":\"Kominki elektryczne Aflamo i Emotion Flame z funkcj\u0105 grzania\",\"publisher\":{\"@id\":\"https:\\\/\\\/aflamo.shop\\\/fr\\\/#organization\"},\"potentialAction\":[{\"@type\":\"SearchAction\",\"target\":{\"@type\":\"EntryPoint\",\"urlTemplate\":\"https:\\\/\\\/aflamo.shop\\\/fr\\\/?s={search_term_string}\"},\"query-input\":{\"@type\":\"PropertyValueSpecification\",\"valueRequired\":true,\"valueName\":\"search_term_string\"}}],\"inLanguage\":\"fr-FR\"},{\"@type\":\"Organization\",\"@id\":\"https:\\\/\\\/aflamo.shop\\\/fr\\\/#organization\",\"name\":\"aflamo.shop - revendeur aflamo certifi\u00e9\",\"url\":\"https:\\\/\\\/aflamo.shop\\\/fr\\\/\",\"logo\":{\"@type\":\"ImageObject\",\"inLanguage\":\"fr-FR\",\"@id\":\"https:\\\/\\\/aflamo.shop\\\/fr\\\/#\\\/schema\\\/logo\\\/image\\\/\",\"url\":\"https:\\\/\\\/aflamo.shop\\\/wp-content\\\/uploads\\\/2019\\\/10\\\/logo2.1-1-1.svg\",\"contentUrl\":\"https:\\\/\\\/aflamo.shop\\\/wp-content\\\/uploads\\\/2019\\\/10\\\/logo2.1-1-1.svg\",\"caption\":\"aflamo.shop - revendeur aflamo certifi\u00e9\"},\"image\":{\"@id\":\"https:\\\/\\\/aflamo.shop\\\/fr\\\/#\\\/schema\\\/logo\\\/image\\\/\"}}]}<\/script>\n<!-- \/ Yoast SEO plugin. -->","yoast_head_json":{"title":"Aflamo Juno 144 - bio-chemin\u00e9e murale\/encastrable - aflamo.shop - revendeur aflamo certifi\u00e9","robots":{"index":"index","follow":"follow","max-snippet":"max-snippet:-1","max-image-preview":"max-image-preview:large","max-video-preview":"max-video-preview:-1"},"canonical":"https:\/\/aflamo.shop\/fr\/p\/aflamo-juno-144-bio-cheminee-murale-encastrable\/","og_locale":"fr_FR","og_type":"article","og_title":"Aflamo Juno 144 - bio-chemin\u00e9e murale\/encastrable - aflamo.shop - revendeur aflamo certifi\u00e9","og_description":"Fabricant\u00a0: Aflamo  GETIN\u00a0: 5908283563548  Chemin\u00e9e bio murale  Mod\u00e8le\u00a0:   54 79 114 144  174    Voir Juno avec vitre  Dimensions\u00a0: 144 x 34 x 15 cm","og_url":"https:\/\/aflamo.shop\/fr\/p\/aflamo-juno-144-bio-cheminee-murale-encastrable\/","og_site_name":"aflamo.shop - revendeur aflamo certifi\u00e9","og_image":[{"width":2048,"height":660,"url":"https:\/\/aflamo.shop\/wp-content\/uploads\/2025\/12\/Projekt-bez-nazwy20.png","type":"image\/png"}],"twitter_card":"summary_large_image","twitter_misc":{"Dur\u00e9e de lecture estim\u00e9e":"3 minutes"},"schema":{"@context":"https:\/\/schema.org","@graph":[{"@type":"WebPage","@id":"https:\/\/aflamo.shop\/fr\/p\/aflamo-juno-144-bio-cheminee-murale-encastrable\/","url":"https:\/\/aflamo.shop\/fr\/p\/aflamo-juno-144-bio-cheminee-murale-encastrable\/","name":"Aflamo Juno 144 - bio-chemin\u00e9e murale\/encastrable - aflamo.shop - revendeur aflamo certifi\u00e9","isPartOf":{"@id":"https:\/\/aflamo.shop\/fr\/#website"},"primaryImageOfPage":{"@id":"https:\/\/aflamo.shop\/fr\/p\/aflamo-juno-144-bio-cheminee-murale-encastrable\/#primaryimage"},"image":{"@id":"https:\/\/aflamo.shop\/fr\/p\/aflamo-juno-144-bio-cheminee-murale-encastrable\/#primaryimage"},"thumbnailUrl":"https:\/\/aflamo.shop\/wp-content\/uploads\/2025\/12\/Projekt-bez-nazwy20.png","datePublished":"2025-12-08T12:46:03+00:00","breadcrumb":{"@id":"https:\/\/aflamo.shop\/fr\/p\/aflamo-juno-144-bio-cheminee-murale-encastrable\/#breadcrumb"},"inLanguage":"fr-FR","potentialAction":[{"@type":"ReadAction","target":["https:\/\/aflamo.shop\/fr\/p\/aflamo-juno-144-bio-cheminee-murale-encastrable\/"]}]},{"@type":"ImageObject","inLanguage":"fr-FR","@id":"https:\/\/aflamo.shop\/fr\/p\/aflamo-juno-144-bio-cheminee-murale-encastrable\/#primaryimage","url":"https:\/\/aflamo.shop\/wp-content\/uploads\/2025\/12\/Projekt-bez-nazwy20.png","contentUrl":"https:\/\/aflamo.shop\/wp-content\/uploads\/2025\/12\/Projekt-bez-nazwy20.png","width":2048,"height":660},{"@type":"BreadcrumbList","@id":"https:\/\/aflamo.shop\/fr\/p\/aflamo-juno-144-bio-cheminee-murale-encastrable\/#breadcrumb","itemListElement":[{"@type":"ListItem","position":1,"name":"Page d'accueil","item":"https:\/\/aflamo.shop\/fr\/"},{"@type":"ListItem","position":2,"name":"Boutique","item":"https:\/\/aflamo.shop\/boutique\/"},{"@type":"ListItem","position":3,"name":"Foyers bio","item":"https:\/\/aflamo.shop\/fr\/s\/foyers-bio\/"},{"@type":"ListItem","position":4,"name":"Aflamo Juno 144 &#8211; bio-chemin\u00e9e murale\/encastrable"}]},{"@type":"WebSite","@id":"https:\/\/aflamo.shop\/fr\/#website","url":"https:\/\/aflamo.shop\/fr\/","name":"aflamo.shop - revendeur aflamo certifi\u00e9","description":"Kominki elektryczne Aflamo i Emotion Flame z funkcj\u0105 grzania","publisher":{"@id":"https:\/\/aflamo.shop\/fr\/#organization"},"potentialAction":[{"@type":"SearchAction","target":{"@type":"EntryPoint","urlTemplate":"https:\/\/aflamo.shop\/fr\/?s={search_term_string}"},"query-input":{"@type":"PropertyValueSpecification","valueRequired":true,"valueName":"search_term_string"}}],"inLanguage":"fr-FR"},{"@type":"Organization","@id":"https:\/\/aflamo.shop\/fr\/#organization","name":"aflamo.shop - revendeur aflamo certifi\u00e9","url":"https:\/\/aflamo.shop\/fr\/","logo":{"@type":"ImageObject","inLanguage":"fr-FR","@id":"https:\/\/aflamo.shop\/fr\/#\/schema\/logo\/image\/","url":"https:\/\/aflamo.shop\/wp-content\/uploads\/2019\/10\/logo2.1-1-1.svg","contentUrl":"https:\/\/aflamo.shop\/wp-content\/uploads\/2019\/10\/logo2.1-1-1.svg","caption":"aflamo.shop - revendeur aflamo certifi\u00e9"},"image":{"@id":"https:\/\/aflamo.shop\/fr\/#\/schema\/logo\/image\/"}}]}},"_links":{"self":[{"href":"https:\/\/aflamo.shop\/fr\/wp-json\/wp\/v2\/product\/27788","targetHints":{"allow":["GET"]}}],"collection":[{"href":"https:\/\/aflamo.shop\/fr\/wp-json\/wp\/v2\/product"}],"about":[{"href":"https:\/\/aflamo.shop\/fr\/wp-json\/wp\/v2\/types\/product"}],"replies":[{"embeddable":true,"href":"https:\/\/aflamo.shop\/fr\/wp-json\/wp\/v2\/comments?post=27788"}],"wp:featuredmedia":[{"embeddable":true,"href":"https:\/\/aflamo.shop\/fr\/wp-json\/wp\/v2\/media\/21190"}],"wp:attachment":[{"href":"https:\/\/aflamo.shop\/fr\/wp-json\/wp\/v2\/media?parent=27788"}],"wp:term":[{"taxonomy":"product_brand","embeddable":true,"href":"https:\/\/aflamo.shop\/fr\/wp-json\/wp\/v2\/product_brand?post=27788"},{"taxonomy":"product_cat","embeddable":true,"href":"https:\/\/aflamo.shop\/fr\/wp-json\/wp\/v2\/product_cat?post=27788"},{"taxonomy":"product_tag","embeddable":true,"href":"https:\/\/aflamo.shop\/fr\/wp-json\/wp\/v2\/product_tag?post=27788"}],"curies":[{"name":"wp","href":"https:\/\/api.w.org\/{rel}","templated":true}]}}