{"id":21352,"date":"2026-01-12T09:36:46","date_gmt":"2026-01-12T09:36:46","guid":{"rendered":"https:\/\/aflamo.shop\/?post_type=product&#038;p=21352"},"modified":"2026-04-14T12:41:44","modified_gmt":"2026-04-14T12:41:44","slug":"emotion-flame-solis-120-cheminee-electrique-encastrable","status":"publish","type":"product","link":"https:\/\/aflamo.shop\/fr\/p\/emotion-flame-solis-120-cheminee-electrique-encastrable\/","title":{"rendered":"Emotion Flame Solis 120 &#8211; chemin\u00e9e \u00e9lectrique encastrable"},"content":{"rendered":"<p style=\"text-align: left;\"><iframe title=\"Lecteur vid\u00e9o YouTube\" src=\"https:\/\/www.youtube.com\/embed\/bktpg8g8tsI?si=HJdIH5x8fgOUEMhG\" width=\"560\" height=\"315\" frameborder=\"0\" allowfullscreen=\"allowfullscreen\"><\/iframe><\/p>\n<p><!-- SEO: Product Description for WooCommerce --><\/p>\n<h1>Chemin\u00e9e \u00e9lectrique LED Solis &#8211; chemin\u00e9e panoramique \u00e0 3 faces<\/h1>\n<p>La chemin\u00e9e <strong>\u00e9lectrique Solis LED<\/strong> est une chemin\u00e9e \u00e9lectrique moderne et panoramique<br \/>\navec une vue sur le feu sur trois c\u00f4t\u00e9s, con\u00e7ue pour les int\u00e9rieurs modernes des maisons et des appartements.<br \/>\nElle combine un effet de flamme LED r\u00e9aliste, un chauffage \u00e9conome en \u00e9nergie et un niveau de s\u00e9curit\u00e9 \u00e9lev\u00e9.<\/p>\n<p>Gr\u00e2ce \u00e0 sa conception encastr\u00e9e, la chemin\u00e9e Solis est id\u00e9ale comme<br \/>\npoint central d&rsquo;un salon, d&rsquo;une salle \u00e0 manger ou d&rsquo;un espace de vie ouvert.<br \/>\nLa vue panoramique sur le feu assure une exposition parfaite des flammes, quelle que soit la position des meubles.<\/p>\n<p><img fetchpriority=\"high\" decoding=\"async\" class=\"alignnone wp-image-21460 size-large\" src=\"https:\/\/aflamo.shop\/wp-content\/uploads\/2026\/01\/FR-SOLIS-Niska-wysokosc-1024x1024.png\" alt=\"\" width=\"1024\" height=\"1024\" srcset=\"https:\/\/aflamo.shop\/wp-content\/uploads\/2026\/01\/FR-SOLIS-Niska-wysokosc-1024x1024.png 1024w, https:\/\/aflamo.shop\/wp-content\/uploads\/2026\/01\/FR-SOLIS-Niska-wysokosc-300x300.png 300w, https:\/\/aflamo.shop\/wp-content\/uploads\/2026\/01\/FR-SOLIS-Niska-wysokosc-100x100.png 100w, https:\/\/aflamo.shop\/wp-content\/uploads\/2026\/01\/FR-SOLIS-Niska-wysokosc-600x600.png 600w, https:\/\/aflamo.shop\/wp-content\/uploads\/2026\/01\/FR-SOLIS-Niska-wysokosc-150x150.png 150w, https:\/\/aflamo.shop\/wp-content\/uploads\/2026\/01\/FR-SOLIS-Niska-wysokosc-768x768.png 768w, https:\/\/aflamo.shop\/wp-content\/uploads\/2026\/01\/FR-SOLIS-Niska-wysokosc.png 1200w\" sizes=\"(max-width: 1024px) 100vw, 1024px\" \/><\/p>\n<p>&nbsp;<\/p>\n<p>&nbsp;<\/p>\n<h2>Principales caract\u00e9ristiques de la chemin\u00e9e \u00e9lectrique Solis<\/h2>\n<h3>Chemin\u00e9e \u00e9lectrique moderne pour la maison et l&rsquo;appartement<\/h3>\n<p>La chemin\u00e9e Solis LED utilise une technologie LED avanc\u00e9e, offrant une personnalisation pouss\u00e9e de l&rsquo;effet du feu :<\/p>\n<ul>\n<li>5 niveaux de luminosit\u00e9 de la flamme<\/li>\n<li>15 couleurs LED (flamme, foyer, \u00e9clairage)<\/li>\n<li>3 vitesses de flamme<\/li>\n<\/ul>\n<p>Cela permet de cr\u00e9er l&rsquo;atmosph\u00e8re id\u00e9ale &#8211; de la lumi\u00e8re relaxante et subtile de<br \/>\n\u00e0 l&rsquo;effet dynamique et r\u00e9aliste de la chemin\u00e9e.<\/p>\n<h3>Contr\u00f4le total et facilit\u00e9 d&rsquo;utilisation<\/h3>\n<p>La commande de la chemin\u00e9e \u00e9lectrique Solis est rapide et intuitive :<\/p>\n<ul>\n<li>t\u00e9l\u00e9commande<\/li>\n<li>\u00e9cran tactile<\/li>\n<li>application mobile<\/li>\n<\/ul>\n<p>Une <strong>minuterie<\/strong> int\u00e9gr\u00e9e <strong>(0,5-8 heures<\/strong> ) permet de programmer l&rsquo;arr\u00eat automatique,<br \/>\n, ce qui augmente le confort et r\u00e9duit la consommation d&rsquo;\u00e9nergie.<\/p>\n<h3>Effet de feu r\u00e9aliste sans fum\u00e9e ni cendres<\/h3>\n<p>Le foyer de la chemin\u00e9e Solis LED est \u00e9quip\u00e9 de :<\/p>\n<ul>\n<li>cristaux r\u00e9alistes<\/li>\n<li>b\u00fbches d\u00e9coratives de style bois flott\u00e9<\/li>\n<li>effet sonore d&rsquo;un feu cr\u00e9pitant<\/li>\n<\/ul>\n<p>Un <strong>mode flamme seule (sans chauffage)<\/strong> est \u00e9galement disponible,<br \/>\nid\u00e9al pour une utilisation tout au long de l&rsquo;ann\u00e9e &#8211; m\u00eame en \u00e9t\u00e9.<\/p>\n<p><img decoding=\"async\" class=\"alignnone wp-image-21466 size-large\" src=\"https:\/\/aflamo.shop\/wp-content\/uploads\/2026\/01\/FR-SOLIS-Sterowanie-1024x1024.png\" alt=\"\" width=\"1024\" height=\"1024\" srcset=\"https:\/\/aflamo.shop\/wp-content\/uploads\/2026\/01\/FR-SOLIS-Sterowanie-1024x1024.png 1024w, https:\/\/aflamo.shop\/wp-content\/uploads\/2026\/01\/FR-SOLIS-Sterowanie-300x300.png 300w, https:\/\/aflamo.shop\/wp-content\/uploads\/2026\/01\/FR-SOLIS-Sterowanie-100x100.png 100w, https:\/\/aflamo.shop\/wp-content\/uploads\/2026\/01\/FR-SOLIS-Sterowanie-600x600.png 600w, https:\/\/aflamo.shop\/wp-content\/uploads\/2026\/01\/FR-SOLIS-Sterowanie-150x150.png 150w, https:\/\/aflamo.shop\/wp-content\/uploads\/2026\/01\/FR-SOLIS-Sterowanie-768x768.png 768w, https:\/\/aflamo.shop\/wp-content\/uploads\/2026\/01\/FR-SOLIS-Sterowanie.png 1200w\" sizes=\"(max-width: 1024px) 100vw, 1024px\" \/><\/p>\n<p>&nbsp;<\/p>\n<h2>Chauffage \u00e9lectrique efficace et silencieux<\/h2>\n<p>La chemin\u00e9e \u00e9lectrique Solis offre deux modes de chauffage :<\/p>\n<ul>\n<li>750 W &#8211; mode bas<\/li>\n<li>1500 W &#8211; mode \u00e9lev\u00e9<\/li>\n<\/ul>\n<p>Le syst\u00e8me de chauffage silencieux peut r\u00e9chauffer efficacement des pi\u00e8ces<br \/>\nde <strong>20 \u00e0 30 m\u00b2<\/strong>.<br \/>\nLa r\u00e9gulation de la temp\u00e9rature dans la plage de <strong>20 \u00e0 30\u00b0C<\/strong> assure le confort thermique<br \/>\nsans ass\u00e9cher l&rsquo;air.<\/p>\n<p><img decoding=\"async\" class=\"alignnone wp-image-21448 size-large\" src=\"https:\/\/aflamo.shop\/wp-content\/uploads\/2026\/01\/FR-SOLIS-Funkcjonalnosc-1024x1024.png\" alt=\"\" width=\"1024\" height=\"1024\" srcset=\"https:\/\/aflamo.shop\/wp-content\/uploads\/2026\/01\/FR-SOLIS-Funkcjonalnosc-1024x1024.png 1024w, https:\/\/aflamo.shop\/wp-content\/uploads\/2026\/01\/FR-SOLIS-Funkcjonalnosc-300x300.png 300w, https:\/\/aflamo.shop\/wp-content\/uploads\/2026\/01\/FR-SOLIS-Funkcjonalnosc-100x100.png 100w, https:\/\/aflamo.shop\/wp-content\/uploads\/2026\/01\/FR-SOLIS-Funkcjonalnosc-600x600.png 600w, https:\/\/aflamo.shop\/wp-content\/uploads\/2026\/01\/FR-SOLIS-Funkcjonalnosc-150x150.png 150w, https:\/\/aflamo.shop\/wp-content\/uploads\/2026\/01\/FR-SOLIS-Funkcjonalnosc-768x768.png 768w, https:\/\/aflamo.shop\/wp-content\/uploads\/2026\/01\/FR-SOLIS-Funkcjonalnosc.png 1200w\" sizes=\"(max-width: 1024px) 100vw, 1024px\" \/><\/p>\n<p>&nbsp;<\/p>\n<h2>Une chemin\u00e9e \u00e9lectrique s\u00fbre pour toute la famille<\/h2>\n<p>Le foyer Solis a \u00e9t\u00e9 con\u00e7u dans un souci de s\u00e9curit\u00e9 maximale :<\/p>\n<ul>\n<li>verrouillage parental<\/li>\n<li>protection thermique automatique<\/li>\n<li>verre frontal tremp\u00e9<\/li>\n<li>c\u00e2ble d&rsquo;alimentation 180 cm<\/li>\n<\/ul>\n<p>L&rsquo;appareil fonctionne \u00e0 <strong>220-240 V \/ 50 Hz<\/strong><br \/>\net est fourni dans un emballage certifi\u00e9 <strong>ISTA-3A<\/strong>,<br \/>\npour un transport en toute s\u00e9curit\u00e9.<\/p>\n<p><img loading=\"lazy\" decoding=\"async\" class=\"alignnone wp-image-21454 size-large\" src=\"https:\/\/aflamo.shop\/wp-content\/uploads\/2026\/01\/FR-SOLIS-Wymiary-1024x1024.png\" alt=\"\" width=\"1024\" height=\"1024\" srcset=\"https:\/\/aflamo.shop\/wp-content\/uploads\/2026\/01\/FR-SOLIS-Wymiary-1024x1024.png 1024w, https:\/\/aflamo.shop\/wp-content\/uploads\/2026\/01\/FR-SOLIS-Wymiary-300x300.png 300w, https:\/\/aflamo.shop\/wp-content\/uploads\/2026\/01\/FR-SOLIS-Wymiary-100x100.png 100w, https:\/\/aflamo.shop\/wp-content\/uploads\/2026\/01\/FR-SOLIS-Wymiary-600x600.png 600w, https:\/\/aflamo.shop\/wp-content\/uploads\/2026\/01\/FR-SOLIS-Wymiary-150x150.png 150w, https:\/\/aflamo.shop\/wp-content\/uploads\/2026\/01\/FR-SOLIS-Wymiary-768x768.png 768w, https:\/\/aflamo.shop\/wp-content\/uploads\/2026\/01\/FR-SOLIS-Wymiary.png 1200w\" sizes=\"(max-width: 1024px) 100vw, 1024px\" \/><\/p>\n<p>&nbsp;<\/p>\n<h2>Pourquoi choisir une chemin\u00e9e \u00e9lectrique LED Solis ?<\/h2>\n<ul>\n<li>\u2714 Chemin\u00e9e \u00e9lectrique panoramique \u00e0 3 faces<\/li>\n<li>\u2714 chemin\u00e9e moderne encastr\u00e9e<\/li>\n<li>\u2714 chauffage LED \u00e9conome en \u00e9nergie<\/li>\n<li>\u2714 chemin\u00e9e s\u00fbre pour la maison et l&rsquo;appartement<\/li>\n<li>\u2714 effet de feu r\u00e9aliste sans fum\u00e9e ni suie<\/li>\n<\/ul>\n<ul><strong><\/p>\n<p><a href=\"https:\/\/aflamo.shop\/wp-content\/uploads\/2026\/01\/EF-S__Solis_EN-PL-DE-IT-ES-FR-CS-SK-NL.pdf\">Instructions<\/a><\/p>\n<p><a href=\"https:\/\/aflamo.shop\/wp-content\/uploads\/2026\/01\/Sheet_Solis_PL.pdf\">Sp\u00e9cifications<\/a><\/p>\n<p><\/strong><\/ul>\n<h2>Dessins techniques<\/h2>\n<p>&nbsp;<\/p>\n<p><strong>Solis 90<\/strong><\/p>\n<p><img loading=\"lazy\" decoding=\"async\" class=\"alignnone wp-image-21342 size-large\" src=\"https:\/\/aflamo.shop\/wp-content\/uploads\/2026\/01\/EF-S90_dimensions-1024x603.png\" alt=\"\" width=\"1024\" height=\"603\" srcset=\"https:\/\/aflamo.shop\/wp-content\/uploads\/2026\/01\/EF-S90_dimensions-1024x603.png 1024w, https:\/\/aflamo.shop\/wp-content\/uploads\/2026\/01\/EF-S90_dimensions-600x353.png 600w, https:\/\/aflamo.shop\/wp-content\/uploads\/2026\/01\/EF-S90_dimensions-300x177.png 300w, https:\/\/aflamo.shop\/wp-content\/uploads\/2026\/01\/EF-S90_dimensions-768x452.png 768w, https:\/\/aflamo.shop\/wp-content\/uploads\/2026\/01\/EF-S90_dimensions-1536x904.png 1536w, https:\/\/aflamo.shop\/wp-content\/uploads\/2026\/01\/EF-S90_dimensions.png 1878w\" sizes=\"(max-width: 1024px) 100vw, 1024px\" \/><\/p>\n<p><strong>Solis 120<\/strong><\/p>\n<p><img loading=\"lazy\" decoding=\"async\" class=\"alignnone wp-image-21336 size-large\" src=\"https:\/\/aflamo.shop\/wp-content\/uploads\/2026\/01\/EF-S120_dimensions-1024x514.png\" alt=\"\" width=\"1024\" height=\"514\" srcset=\"https:\/\/aflamo.shop\/wp-content\/uploads\/2026\/01\/EF-S120_dimensions-1024x514.png 1024w, https:\/\/aflamo.shop\/wp-content\/uploads\/2026\/01\/EF-S120_dimensions-600x301.png 600w, https:\/\/aflamo.shop\/wp-content\/uploads\/2026\/01\/EF-S120_dimensions-300x151.png 300w, https:\/\/aflamo.shop\/wp-content\/uploads\/2026\/01\/EF-S120_dimensions-768x386.png 768w, https:\/\/aflamo.shop\/wp-content\/uploads\/2026\/01\/EF-S120_dimensions-1536x771.png 1536w, https:\/\/aflamo.shop\/wp-content\/uploads\/2026\/01\/EF-S120_dimensions-2048x1028.png 2048w\" sizes=\"(max-width: 1024px) 100vw, 1024px\" \/><\/p>\n<p>&nbsp;<\/p>\n<p><strong>Solis 150<\/strong><\/p>\n<p>&nbsp;<\/p>\n<p><img loading=\"lazy\" decoding=\"async\" class=\"alignnone wp-image-21330 size-large\" src=\"https:\/\/aflamo.shop\/wp-content\/uploads\/2026\/01\/EF-S150_dimensions-1024x453.png\" alt=\"\" width=\"1024\" height=\"453\" srcset=\"https:\/\/aflamo.shop\/wp-content\/uploads\/2026\/01\/EF-S150_dimensions-1024x453.png 1024w, https:\/\/aflamo.shop\/wp-content\/uploads\/2026\/01\/EF-S150_dimensions-600x265.png 600w, https:\/\/aflamo.shop\/wp-content\/uploads\/2026\/01\/EF-S150_dimensions-300x133.png 300w, https:\/\/aflamo.shop\/wp-content\/uploads\/2026\/01\/EF-S150_dimensions-768x340.png 768w, https:\/\/aflamo.shop\/wp-content\/uploads\/2026\/01\/EF-S150_dimensions-1536x679.png 1536w, https:\/\/aflamo.shop\/wp-content\/uploads\/2026\/01\/EF-S150_dimensions-2048x906.png 2048w\" sizes=\"(max-width: 1024px) 100vw, 1024px\" \/><\/p>\n<p><strong>Solis 180<\/strong><\/p>\n<p>&nbsp;<\/p>\n<p><img loading=\"lazy\" decoding=\"async\" class=\"alignnone wp-image-21324 size-large\" src=\"https:\/\/aflamo.shop\/wp-content\/uploads\/2026\/01\/EF-S180_dimensions-1024x401.png\" alt=\"\" width=\"1024\" height=\"401\" srcset=\"https:\/\/aflamo.shop\/wp-content\/uploads\/2026\/01\/EF-S180_dimensions-1024x401.png 1024w, https:\/\/aflamo.shop\/wp-content\/uploads\/2026\/01\/EF-S180_dimensions-600x235.png 600w, https:\/\/aflamo.shop\/wp-content\/uploads\/2026\/01\/EF-S180_dimensions-300x117.png 300w, https:\/\/aflamo.shop\/wp-content\/uploads\/2026\/01\/EF-S180_dimensions-768x301.png 768w, https:\/\/aflamo.shop\/wp-content\/uploads\/2026\/01\/EF-S180_dimensions-1536x601.png 1536w, https:\/\/aflamo.shop\/wp-content\/uploads\/2026\/01\/EF-S180_dimensions.png 2003w\" sizes=\"(max-width: 1024px) 100vw, 1024px\" \/><\/p>\n","protected":false},"excerpt":{"rendered":"<p>Marque : Emotion Flame<\/p>\n<p>Chemin\u00e9e \u00e9lectrique encastr\u00e9e<\/p>\n<p><b>Mod\u00e8les :<\/b><\/p>\n<ul>\n<li><a href=\"https:\/\/aflamo.shop\/fr\/p\/emotion-flame-solis-90-cheminee-electrique-encastrable\/\">90<\/a><\/li>\n<li><a href=\"https:\/\/aflamo.shop\/fr\/p\/emotion-flame-solis-120-cheminee-electrique-encastrable\/\">120<\/a><\/li>\n<li><a href=\"https:\/\/aflamo.shop\/fr\/p\/emotion-flame-solis-150-cheminee-electrique-encastrable\/\">150<\/a><\/li>\n<li><a href=\"https:\/\/aflamo.shop\/fr\/p\/emotion-flame-solis-180-cheminee-electrique-encastrable\/\">180<\/a><\/li>\n<\/ul>\n<p><b>Dimensions :<\/b> 120x46x30 cm<\/p>\n","protected":false},"featured_media":21278,"comment_status":"open","ping_status":"closed","template":"","meta":[],"product_brand":[],"product_cat":[1197,1193,1184,1201],"product_tag":[],"class_list":{"0":"post-21352","1":"product","2":"type-product","3":"status-publish","4":"has-post-thumbnail","6":"product_cat-cheminees-electriques-emotion-flame-avec-fonction-chauffage","7":"product_cat-cheminees-electriques-encastrables-emotion-flame","8":"product_cat-emotion-flame","9":"product_cat-inserts-electriques-emotion-flame","11":"first","12":"instock","13":"shipping-taxable","14":"purchasable","15":"product-type-simple"},"yoast_head":"<!-- This site is optimized with the Yoast SEO plugin v27.4 - https:\/\/yoast.com\/product\/yoast-seo-wordpress\/ -->\n<title>Emotion Flame Solis 120 - chemin\u00e9e \u00e9lectrique encastrable - aflamo.shop - revendeur aflamo certifi\u00e9<\/title>\n<meta name=\"description\" content=\"L&#039;Emotion Flame Solis est une combinaison de style et de technologie moderne. Il procure un effet de feu r\u00e9aliste et une chaleur agr\u00e9able quelques instants apr\u00e8s l&#039;allumage.\" \/>\n<meta name=\"robots\" content=\"index, follow, max-snippet:-1, max-image-preview:large, max-video-preview:-1\" \/>\n<link rel=\"canonical\" href=\"https:\/\/aflamo.shop\/fr\/p\/emotion-flame-solis-120-cheminee-electrique-encastrable\/\" \/>\n<meta property=\"og:locale\" content=\"fr_FR\" \/>\n<meta property=\"og:type\" content=\"article\" \/>\n<meta property=\"og:title\" content=\"Emotion Flame Solis 120 - chemin\u00e9e \u00e9lectrique encastrable - aflamo.shop - revendeur aflamo certifi\u00e9\" \/>\n<meta property=\"og:description\" content=\"L&#039;Emotion Flame Solis est une combinaison de style et de technologie moderne. Il procure un effet de feu r\u00e9aliste et une chaleur agr\u00e9able quelques instants apr\u00e8s l&#039;allumage.\" \/>\n<meta property=\"og:url\" content=\"https:\/\/aflamo.shop\/fr\/p\/emotion-flame-solis-120-cheminee-electrique-encastrable\/\" \/>\n<meta property=\"og:site_name\" content=\"aflamo.shop - revendeur aflamo certifi\u00e9\" \/>\n<meta property=\"article:modified_time\" content=\"2026-04-14T12:41:44+00:00\" \/>\n<meta property=\"og:image\" content=\"https:\/\/aflamo.shop\/wp-content\/uploads\/2026\/01\/Solis_front_1_main-e1770992972943.jpg\" \/>\n\t<meta property=\"og:image:width\" content=\"2048\" \/>\n\t<meta property=\"og:image:height\" content=\"2048\" \/>\n\t<meta property=\"og:image:type\" content=\"image\/jpeg\" \/>\n<meta name=\"twitter:card\" content=\"summary_large_image\" \/>\n<meta name=\"twitter:label1\" content=\"Dur\u00e9e de lecture estim\u00e9e\" \/>\n\t<meta name=\"twitter:data1\" content=\"5 minutes\" \/>\n<script type=\"application\/ld+json\" class=\"yoast-schema-graph\">{\"@context\":\"https:\\\/\\\/schema.org\",\"@graph\":[{\"@type\":\"WebPage\",\"@id\":\"https:\\\/\\\/aflamo.shop\\\/fr\\\/p\\\/emotion-flame-solis-120-cheminee-electrique-encastrable\\\/\",\"url\":\"https:\\\/\\\/aflamo.shop\\\/fr\\\/p\\\/emotion-flame-solis-120-cheminee-electrique-encastrable\\\/\",\"name\":\"Emotion Flame Solis 120 - chemin\u00e9e \u00e9lectrique encastrable - aflamo.shop - revendeur aflamo certifi\u00e9\",\"isPartOf\":{\"@id\":\"https:\\\/\\\/aflamo.shop\\\/fr\\\/#website\"},\"primaryImageOfPage\":{\"@id\":\"https:\\\/\\\/aflamo.shop\\\/fr\\\/p\\\/emotion-flame-solis-120-cheminee-electrique-encastrable\\\/#primaryimage\"},\"image\":{\"@id\":\"https:\\\/\\\/aflamo.shop\\\/fr\\\/p\\\/emotion-flame-solis-120-cheminee-electrique-encastrable\\\/#primaryimage\"},\"thumbnailUrl\":\"https:\\\/\\\/aflamo.shop\\\/wp-content\\\/uploads\\\/2026\\\/01\\\/Solis_front_1_main-e1770992972943.jpg\",\"datePublished\":\"2026-01-12T09:36:46+00:00\",\"dateModified\":\"2026-04-14T12:41:44+00:00\",\"description\":\"L'Emotion Flame Solis est une combinaison de style et de technologie moderne. Il procure un effet de feu r\u00e9aliste et une chaleur agr\u00e9able quelques instants apr\u00e8s l'allumage.\",\"breadcrumb\":{\"@id\":\"https:\\\/\\\/aflamo.shop\\\/fr\\\/p\\\/emotion-flame-solis-120-cheminee-electrique-encastrable\\\/#breadcrumb\"},\"inLanguage\":\"fr-FR\",\"potentialAction\":[{\"@type\":\"ReadAction\",\"target\":[\"https:\\\/\\\/aflamo.shop\\\/fr\\\/p\\\/emotion-flame-solis-120-cheminee-electrique-encastrable\\\/\"]}]},{\"@type\":\"ImageObject\",\"inLanguage\":\"fr-FR\",\"@id\":\"https:\\\/\\\/aflamo.shop\\\/fr\\\/p\\\/emotion-flame-solis-120-cheminee-electrique-encastrable\\\/#primaryimage\",\"url\":\"https:\\\/\\\/aflamo.shop\\\/wp-content\\\/uploads\\\/2026\\\/01\\\/Solis_front_1_main-e1770992972943.jpg\",\"contentUrl\":\"https:\\\/\\\/aflamo.shop\\\/wp-content\\\/uploads\\\/2026\\\/01\\\/Solis_front_1_main-e1770992972943.jpg\",\"width\":2048,\"height\":2048},{\"@type\":\"BreadcrumbList\",\"@id\":\"https:\\\/\\\/aflamo.shop\\\/fr\\\/p\\\/emotion-flame-solis-120-cheminee-electrique-encastrable\\\/#breadcrumb\",\"itemListElement\":[{\"@type\":\"ListItem\",\"position\":1,\"name\":\"Page d'accueil\",\"item\":\"https:\\\/\\\/aflamo.shop\\\/fr\\\/\"},{\"@type\":\"ListItem\",\"position\":2,\"name\":\"Boutique\",\"item\":\"https:\\\/\\\/aflamo.shop\\\/boutique\\\/\"},{\"@type\":\"ListItem\",\"position\":3,\"name\":\"Chemin\u00e9es \u00e9lectriques\",\"item\":\"https:\\\/\\\/aflamo.shop\\\/fr\\\/s\\\/cheminees-electriques-fr\\\/\"},{\"@type\":\"ListItem\",\"position\":4,\"name\":\"Emotion Flame\",\"item\":\"https:\\\/\\\/aflamo.shop\\\/fr\\\/s\\\/cheminees-electriques-fr\\\/emotion-flame\\\/\"},{\"@type\":\"ListItem\",\"position\":5,\"name\":\"Emotion Flame Solis 120 &#8211; chemin\u00e9e \u00e9lectrique encastrable\"}]},{\"@type\":\"WebSite\",\"@id\":\"https:\\\/\\\/aflamo.shop\\\/fr\\\/#website\",\"url\":\"https:\\\/\\\/aflamo.shop\\\/fr\\\/\",\"name\":\"aflamo.shop - revendeur aflamo certifi\u00e9\",\"description\":\"Kominki elektryczne Aflamo i Emotion Flame z funkcj\u0105 grzania\",\"publisher\":{\"@id\":\"https:\\\/\\\/aflamo.shop\\\/fr\\\/#organization\"},\"potentialAction\":[{\"@type\":\"SearchAction\",\"target\":{\"@type\":\"EntryPoint\",\"urlTemplate\":\"https:\\\/\\\/aflamo.shop\\\/fr\\\/?s={search_term_string}\"},\"query-input\":{\"@type\":\"PropertyValueSpecification\",\"valueRequired\":true,\"valueName\":\"search_term_string\"}}],\"inLanguage\":\"fr-FR\"},{\"@type\":\"Organization\",\"@id\":\"https:\\\/\\\/aflamo.shop\\\/fr\\\/#organization\",\"name\":\"aflamo.shop - revendeur aflamo certifi\u00e9\",\"url\":\"https:\\\/\\\/aflamo.shop\\\/fr\\\/\",\"logo\":{\"@type\":\"ImageObject\",\"inLanguage\":\"fr-FR\",\"@id\":\"https:\\\/\\\/aflamo.shop\\\/fr\\\/#\\\/schema\\\/logo\\\/image\\\/\",\"url\":\"https:\\\/\\\/aflamo.shop\\\/wp-content\\\/uploads\\\/2019\\\/10\\\/logo2.1-1-1.svg\",\"contentUrl\":\"https:\\\/\\\/aflamo.shop\\\/wp-content\\\/uploads\\\/2019\\\/10\\\/logo2.1-1-1.svg\",\"caption\":\"aflamo.shop - revendeur aflamo certifi\u00e9\"},\"image\":{\"@id\":\"https:\\\/\\\/aflamo.shop\\\/fr\\\/#\\\/schema\\\/logo\\\/image\\\/\"}}]}<\/script>\n<!-- \/ Yoast SEO plugin. -->","yoast_head_json":{"title":"Emotion Flame Solis 120 - chemin\u00e9e \u00e9lectrique encastrable - aflamo.shop - revendeur aflamo certifi\u00e9","description":"L'Emotion Flame Solis est une combinaison de style et de technologie moderne. Il procure un effet de feu r\u00e9aliste et une chaleur agr\u00e9able quelques instants apr\u00e8s l'allumage.","robots":{"index":"index","follow":"follow","max-snippet":"max-snippet:-1","max-image-preview":"max-image-preview:large","max-video-preview":"max-video-preview:-1"},"canonical":"https:\/\/aflamo.shop\/fr\/p\/emotion-flame-solis-120-cheminee-electrique-encastrable\/","og_locale":"fr_FR","og_type":"article","og_title":"Emotion Flame Solis 120 - chemin\u00e9e \u00e9lectrique encastrable - aflamo.shop - revendeur aflamo certifi\u00e9","og_description":"L'Emotion Flame Solis est une combinaison de style et de technologie moderne. Il procure un effet de feu r\u00e9aliste et une chaleur agr\u00e9able quelques instants apr\u00e8s l'allumage.","og_url":"https:\/\/aflamo.shop\/fr\/p\/emotion-flame-solis-120-cheminee-electrique-encastrable\/","og_site_name":"aflamo.shop - revendeur aflamo certifi\u00e9","article_modified_time":"2026-04-14T12:41:44+00:00","og_image":[{"width":2048,"height":2048,"url":"https:\/\/aflamo.shop\/wp-content\/uploads\/2026\/01\/Solis_front_1_main-e1770992972943.jpg","type":"image\/jpeg"}],"twitter_card":"summary_large_image","twitter_misc":{"Dur\u00e9e de lecture estim\u00e9e":"5 minutes"},"schema":{"@context":"https:\/\/schema.org","@graph":[{"@type":"WebPage","@id":"https:\/\/aflamo.shop\/fr\/p\/emotion-flame-solis-120-cheminee-electrique-encastrable\/","url":"https:\/\/aflamo.shop\/fr\/p\/emotion-flame-solis-120-cheminee-electrique-encastrable\/","name":"Emotion Flame Solis 120 - chemin\u00e9e \u00e9lectrique encastrable - aflamo.shop - revendeur aflamo certifi\u00e9","isPartOf":{"@id":"https:\/\/aflamo.shop\/fr\/#website"},"primaryImageOfPage":{"@id":"https:\/\/aflamo.shop\/fr\/p\/emotion-flame-solis-120-cheminee-electrique-encastrable\/#primaryimage"},"image":{"@id":"https:\/\/aflamo.shop\/fr\/p\/emotion-flame-solis-120-cheminee-electrique-encastrable\/#primaryimage"},"thumbnailUrl":"https:\/\/aflamo.shop\/wp-content\/uploads\/2026\/01\/Solis_front_1_main-e1770992972943.jpg","datePublished":"2026-01-12T09:36:46+00:00","dateModified":"2026-04-14T12:41:44+00:00","description":"L'Emotion Flame Solis est une combinaison de style et de technologie moderne. Il procure un effet de feu r\u00e9aliste et une chaleur agr\u00e9able quelques instants apr\u00e8s l'allumage.","breadcrumb":{"@id":"https:\/\/aflamo.shop\/fr\/p\/emotion-flame-solis-120-cheminee-electrique-encastrable\/#breadcrumb"},"inLanguage":"fr-FR","potentialAction":[{"@type":"ReadAction","target":["https:\/\/aflamo.shop\/fr\/p\/emotion-flame-solis-120-cheminee-electrique-encastrable\/"]}]},{"@type":"ImageObject","inLanguage":"fr-FR","@id":"https:\/\/aflamo.shop\/fr\/p\/emotion-flame-solis-120-cheminee-electrique-encastrable\/#primaryimage","url":"https:\/\/aflamo.shop\/wp-content\/uploads\/2026\/01\/Solis_front_1_main-e1770992972943.jpg","contentUrl":"https:\/\/aflamo.shop\/wp-content\/uploads\/2026\/01\/Solis_front_1_main-e1770992972943.jpg","width":2048,"height":2048},{"@type":"BreadcrumbList","@id":"https:\/\/aflamo.shop\/fr\/p\/emotion-flame-solis-120-cheminee-electrique-encastrable\/#breadcrumb","itemListElement":[{"@type":"ListItem","position":1,"name":"Page d'accueil","item":"https:\/\/aflamo.shop\/fr\/"},{"@type":"ListItem","position":2,"name":"Boutique","item":"https:\/\/aflamo.shop\/boutique\/"},{"@type":"ListItem","position":3,"name":"Chemin\u00e9es \u00e9lectriques","item":"https:\/\/aflamo.shop\/fr\/s\/cheminees-electriques-fr\/"},{"@type":"ListItem","position":4,"name":"Emotion Flame","item":"https:\/\/aflamo.shop\/fr\/s\/cheminees-electriques-fr\/emotion-flame\/"},{"@type":"ListItem","position":5,"name":"Emotion Flame Solis 120 &#8211; chemin\u00e9e \u00e9lectrique encastrable"}]},{"@type":"WebSite","@id":"https:\/\/aflamo.shop\/fr\/#website","url":"https:\/\/aflamo.shop\/fr\/","name":"aflamo.shop - revendeur aflamo certifi\u00e9","description":"Kominki elektryczne Aflamo i Emotion Flame z funkcj\u0105 grzania","publisher":{"@id":"https:\/\/aflamo.shop\/fr\/#organization"},"potentialAction":[{"@type":"SearchAction","target":{"@type":"EntryPoint","urlTemplate":"https:\/\/aflamo.shop\/fr\/?s={search_term_string}"},"query-input":{"@type":"PropertyValueSpecification","valueRequired":true,"valueName":"search_term_string"}}],"inLanguage":"fr-FR"},{"@type":"Organization","@id":"https:\/\/aflamo.shop\/fr\/#organization","name":"aflamo.shop - revendeur aflamo certifi\u00e9","url":"https:\/\/aflamo.shop\/fr\/","logo":{"@type":"ImageObject","inLanguage":"fr-FR","@id":"https:\/\/aflamo.shop\/fr\/#\/schema\/logo\/image\/","url":"https:\/\/aflamo.shop\/wp-content\/uploads\/2019\/10\/logo2.1-1-1.svg","contentUrl":"https:\/\/aflamo.shop\/wp-content\/uploads\/2019\/10\/logo2.1-1-1.svg","caption":"aflamo.shop - revendeur aflamo certifi\u00e9"},"image":{"@id":"https:\/\/aflamo.shop\/fr\/#\/schema\/logo\/image\/"}}]}},"_links":{"self":[{"href":"https:\/\/aflamo.shop\/fr\/wp-json\/wp\/v2\/product\/21352","targetHints":{"allow":["GET"]}}],"collection":[{"href":"https:\/\/aflamo.shop\/fr\/wp-json\/wp\/v2\/product"}],"about":[{"href":"https:\/\/aflamo.shop\/fr\/wp-json\/wp\/v2\/types\/product"}],"replies":[{"embeddable":true,"href":"https:\/\/aflamo.shop\/fr\/wp-json\/wp\/v2\/comments?post=21352"}],"wp:featuredmedia":[{"embeddable":true,"href":"https:\/\/aflamo.shop\/fr\/wp-json\/wp\/v2\/media\/21278"}],"wp:attachment":[{"href":"https:\/\/aflamo.shop\/fr\/wp-json\/wp\/v2\/media?parent=21352"}],"wp:term":[{"taxonomy":"product_brand","embeddable":true,"href":"https:\/\/aflamo.shop\/fr\/wp-json\/wp\/v2\/product_brand?post=21352"},{"taxonomy":"product_cat","embeddable":true,"href":"https:\/\/aflamo.shop\/fr\/wp-json\/wp\/v2\/product_cat?post=21352"},{"taxonomy":"product_tag","embeddable":true,"href":"https:\/\/aflamo.shop\/fr\/wp-json\/wp\/v2\/product_tag?post=21352"}],"curies":[{"name":"wp","href":"https:\/\/api.w.org\/{rel}","templated":true}]}}