{"id":20258,"date":"2025-10-09T11:13:48","date_gmt":"2025-10-09T11:13:48","guid":{"rendered":"https:\/\/aflamo.shop\/?post_type=product&#038;p=20258"},"modified":"2026-04-16T11:23:16","modified_gmt":"2026-04-16T11:23:16","slug":"foyer-electrique-encastrable-emotion-flame-infinity-71","status":"publish","type":"product","link":"https:\/\/aflamo.shop\/fr\/p\/foyer-electrique-encastrable-emotion-flame-infinity-71\/","title":{"rendered":"Foyer \u00e9lectrique encastrable Emotion Flame Infinity 71"},"content":{"rendered":"<header><\/header>\n<p>L&rsquo;insert de chemin\u00e9e <strong>Emotion Flame Infinity <\/strong>est une solution moderne qui allie \u00e9l\u00e9gance, fonctionnalit\u00e9 et simplicit\u00e9 d&rsquo;utilisation. Il s&rsquo;int\u00e8gre parfaitement dans un mur ou une niche, cr\u00e9ant l&rsquo;illusion d&rsquo;une v\u00e9ritable chemin\u00e9e, sans fum\u00e9e, sans cendres et sans entretien. C&rsquo;est le choix id\u00e9al pour ceux qui appr\u00e9cient la chaleur et une ambiance cosy dans un int\u00e9rieur raffin\u00e9.<\/p>\n<p><img fetchpriority=\"high\" decoding=\"async\" class=\"alignnone wp-image-20159 size-full\" src=\"https:\/\/aflamo.shop\/wp-content\/uploads\/2025\/10\/Infinity_room-shot-1-scaled.jpg\" alt=\"\" width=\"2560\" height=\"1810\" srcset=\"https:\/\/aflamo.shop\/wp-content\/uploads\/2025\/10\/Infinity_room-shot-1-scaled.jpg 2560w, https:\/\/aflamo.shop\/wp-content\/uploads\/2025\/10\/Infinity_room-shot-1-scaled-600x424.jpg 600w, https:\/\/aflamo.shop\/wp-content\/uploads\/2025\/10\/Infinity_room-shot-1-300x212.jpg 300w, https:\/\/aflamo.shop\/wp-content\/uploads\/2025\/10\/Infinity_room-shot-1-1024x724.jpg 1024w, https:\/\/aflamo.shop\/wp-content\/uploads\/2025\/10\/Infinity_room-shot-1-768x543.jpg 768w, https:\/\/aflamo.shop\/wp-content\/uploads\/2025\/10\/Infinity_room-shot-1-1536x1086.jpg 1536w, https:\/\/aflamo.shop\/wp-content\/uploads\/2025\/10\/Infinity_room-shot-1-2048x1448.jpg 2048w\" sizes=\"(max-width: 2560px) 100vw, 2560px\" \/><\/p>\n<hr \/>\n<section id=\"cechy-produktu\">\n<h3><strong>Caract\u00e9ristiques principales :<\/strong><\/h3>\n<ul>\n<li><strong>Puissance de chauffage : 1500 W <\/strong>\u2013 chauffage rapide et uniforme des pi\u00e8ces de taille moyenne.<\/li>\n<li><strong>Deux niveaux de chauffage (750W \/ 1500W) <\/strong>\u2013 r\u00e9glage facile de la temp\u00e9rature selon les besoins et les conditions m\u00e9t\u00e9orologiques.<\/li>\n<li>Minuterie 0,5\u20137,5 h \u2013 arr\u00eat automatique pour des \u00e9conomies d&rsquo;\u00e9nergie et une s\u00e9curit\u00e9 accrue.<\/li>\n<\/ul>\n<p><img decoding=\"async\" class=\"alignnone wp-image-20671 size-full\" src=\"https:\/\/aflamo.shop\/wp-content\/uploads\/2025\/10\/FR-INFINITY-Funkcjonalnosc.png\" alt=\"\" width=\"1200\" height=\"1200\" srcset=\"https:\/\/aflamo.shop\/wp-content\/uploads\/2025\/10\/FR-INFINITY-Funkcjonalnosc.png 1200w, https:\/\/aflamo.shop\/wp-content\/uploads\/2025\/10\/FR-INFINITY-Funkcjonalnosc-300x300.png 300w, https:\/\/aflamo.shop\/wp-content\/uploads\/2025\/10\/FR-INFINITY-Funkcjonalnosc-100x100.png 100w, https:\/\/aflamo.shop\/wp-content\/uploads\/2025\/10\/FR-INFINITY-Funkcjonalnosc-600x600.png 600w, https:\/\/aflamo.shop\/wp-content\/uploads\/2025\/10\/FR-INFINITY-Funkcjonalnosc-1024x1024.png 1024w, https:\/\/aflamo.shop\/wp-content\/uploads\/2025\/10\/FR-INFINITY-Funkcjonalnosc-150x150.png 150w, https:\/\/aflamo.shop\/wp-content\/uploads\/2025\/10\/FR-INFINITY-Funkcjonalnosc-768x768.png 768w\" sizes=\"(max-width: 1200px) 100vw, 1200px\" \/><\/p>\n<p>&nbsp;<\/p>\n<p>&nbsp;<\/p>\n<ul>\n<li><strong>Flammes LED color\u00e9es (3 couleurs)<\/strong> \u2013 effet de feu r\u00e9aliste dans des tons chauds et froids, parfait pour toutes les saisons.<\/li>\n<li><strong>5 niveaux de luminosit\u00e9 de la flamme <\/strong>\u2013 contr\u00f4le total sur l&rsquo;ambiance et l&rsquo;intensit\u00e9 de l&rsquo;effet visuel.<\/li>\n<li><strong>Technologie HD Pro Flame<\/strong> \u2013 des flammes r\u00e9alistes en trois dimensions d&rsquo;une profondeur et d&rsquo;un mouvement exceptionnels.<\/li>\n<li><strong>B\u00fbches d\u00e9coratives<\/strong> \u2013 imitation bois r\u00e9alis\u00e9e avec un souci du d\u00e9tail, ajoutant un caract\u00e8re naturel \u00e0 la chemin\u00e9e.<\/li>\n<li><strong>Commande \u00e0 distance ou par \u00e9cran tactile<\/strong> \u2013 utilisation intuitive de toutes les fonctions depuis n&rsquo;importe quel endroit de la pi\u00e8ce.<\/li>\n<\/ul>\n<p><img decoding=\"async\" class=\"alignnone wp-image-20683 size-full\" src=\"https:\/\/aflamo.shop\/wp-content\/uploads\/2025\/10\/FR-INFINITY-Sterowanie.png\" alt=\"\" width=\"1200\" height=\"1200\" srcset=\"https:\/\/aflamo.shop\/wp-content\/uploads\/2025\/10\/FR-INFINITY-Sterowanie.png 1200w, https:\/\/aflamo.shop\/wp-content\/uploads\/2025\/10\/FR-INFINITY-Sterowanie-300x300.png 300w, https:\/\/aflamo.shop\/wp-content\/uploads\/2025\/10\/FR-INFINITY-Sterowanie-100x100.png 100w, https:\/\/aflamo.shop\/wp-content\/uploads\/2025\/10\/FR-INFINITY-Sterowanie-600x600.png 600w, https:\/\/aflamo.shop\/wp-content\/uploads\/2025\/10\/FR-INFINITY-Sterowanie-1024x1024.png 1024w, https:\/\/aflamo.shop\/wp-content\/uploads\/2025\/10\/FR-INFINITY-Sterowanie-150x150.png 150w, https:\/\/aflamo.shop\/wp-content\/uploads\/2025\/10\/FR-INFINITY-Sterowanie-768x768.png 768w\" sizes=\"(max-width: 1200px) 100vw, 1200px\" \/><\/p>\n<p>&nbsp;<\/p>\n<ul>\n<li><strong>Protection contre la surchauffe<\/strong> \u2013 arr\u00eat automatique en cas de temp\u00e9rature trop \u00e9lev\u00e9e.<\/li>\n<li><strong>Verre tremp\u00e9 \u00e0 l&rsquo;avant \u2013<\/strong> durable, r\u00e9sistant aux temp\u00e9ratures extr\u00eames et facile \u00e0 nettoyer.<\/li>\n<li><strong>Kit de montage inclus<\/strong> \u2013 assemblage rapide et facile sans outils suppl\u00e9mentaires.<\/li>\n<li>Tension : 220\u2013240 V, 50 Hz \u2013 compatible avec la norme \u00e9lectrique europ\u00e9enne.<\/li>\n<\/ul>\n<p><img loading=\"lazy\" decoding=\"async\" class=\"alignnone wp-image-20689 size-full\" src=\"https:\/\/aflamo.shop\/wp-content\/uploads\/2025\/10\/FR-INFINITY-Wymiary.png\" alt=\"\" width=\"1200\" height=\"1200\" srcset=\"https:\/\/aflamo.shop\/wp-content\/uploads\/2025\/10\/FR-INFINITY-Wymiary.png 1200w, https:\/\/aflamo.shop\/wp-content\/uploads\/2025\/10\/FR-INFINITY-Wymiary-300x300.png 300w, https:\/\/aflamo.shop\/wp-content\/uploads\/2025\/10\/FR-INFINITY-Wymiary-100x100.png 100w, https:\/\/aflamo.shop\/wp-content\/uploads\/2025\/10\/FR-INFINITY-Wymiary-600x600.png 600w, https:\/\/aflamo.shop\/wp-content\/uploads\/2025\/10\/FR-INFINITY-Wymiary-1024x1024.png 1024w, https:\/\/aflamo.shop\/wp-content\/uploads\/2025\/10\/FR-INFINITY-Wymiary-150x150.png 150w, https:\/\/aflamo.shop\/wp-content\/uploads\/2025\/10\/FR-INFINITY-Wymiary-768x768.png 768w\" sizes=\"(max-width: 1200px) 100vw, 1200px\" \/><\/p>\n<p>&nbsp;<\/p>\n<h3>Pourquoi cela en vaut-il la peine ?<\/h3>\n<p>Emotion Flame Infinity allie style et technologie moderne. Il offre un effet de flamme r\u00e9aliste et une chaleur agr\u00e9able quelques instants apr\u00e8s son allumage. Id\u00e9al pour les salons, les chambres et les bureaux, il cr\u00e9e une ambiance de d\u00e9tente et de luxe sans n\u00e9cessiter de chemin\u00e9e traditionnelle.<\/p>\n<p><strong>Emotion Flame Infinity \u2013 \u00e9l\u00e9gance, confort et chaleur d&rsquo;une simple pression sur un bouton.<\/strong><\/p>\n<p><img loading=\"lazy\" decoding=\"async\" class=\"alignnone wp-image-20677 size-full\" src=\"https:\/\/aflamo.shop\/wp-content\/uploads\/2025\/10\/FR-INFINITY-Niska-wysokosc.png\" alt=\"\" width=\"1200\" height=\"1200\" srcset=\"https:\/\/aflamo.shop\/wp-content\/uploads\/2025\/10\/FR-INFINITY-Niska-wysokosc.png 1200w, https:\/\/aflamo.shop\/wp-content\/uploads\/2025\/10\/FR-INFINITY-Niska-wysokosc-300x300.png 300w, https:\/\/aflamo.shop\/wp-content\/uploads\/2025\/10\/FR-INFINITY-Niska-wysokosc-100x100.png 100w, https:\/\/aflamo.shop\/wp-content\/uploads\/2025\/10\/FR-INFINITY-Niska-wysokosc-600x600.png 600w, https:\/\/aflamo.shop\/wp-content\/uploads\/2025\/10\/FR-INFINITY-Niska-wysokosc-1024x1024.png 1024w, https:\/\/aflamo.shop\/wp-content\/uploads\/2025\/10\/FR-INFINITY-Niska-wysokosc-150x150.png 150w, https:\/\/aflamo.shop\/wp-content\/uploads\/2025\/10\/FR-INFINITY-Niska-wysokosc-768x768.png 768w\" sizes=\"(max-width: 1200px) 100vw, 1200px\" \/><\/p>\n<p>&nbsp;<\/p>\n<\/section>\n<hr \/>\n<ul><strong><\/p>\n<p><a href=\"https:\/\/aflamo.shop\/wp-content\/uploads\/2025\/10\/EF-I__Infinity_EN-PL-DE-IT-ES-FR-CS-SK-NL.pdf\">Mode d&#8217;emploi<\/a><\/p>\n<p><a href=\"https:\/\/aflamo.shop\/wp-content\/uploads\/2025\/10\/Sheet_Infinity.pdf\">Sp\u00e9cifications du produit<\/a><\/p>\n<p><\/strong><\/ul>\n<h3><strong>Dessins techniques :<\/strong><\/h3>\n<p><b>Infinty 66<\/b><\/p>\n<p><img loading=\"lazy\" decoding=\"async\" class=\"alignnone wp-image-20217 size-full\" src=\"https:\/\/aflamo.shop\/wp-content\/uploads\/2025\/10\/EF-I66_dimensions.png\" alt=\"\" width=\"1113\" height=\"703\" srcset=\"https:\/\/aflamo.shop\/wp-content\/uploads\/2025\/10\/EF-I66_dimensions.png 1113w, https:\/\/aflamo.shop\/wp-content\/uploads\/2025\/10\/EF-I66_dimensions-600x379.png 600w, https:\/\/aflamo.shop\/wp-content\/uploads\/2025\/10\/EF-I66_dimensions-300x189.png 300w, https:\/\/aflamo.shop\/wp-content\/uploads\/2025\/10\/EF-I66_dimensions-1024x647.png 1024w, https:\/\/aflamo.shop\/wp-content\/uploads\/2025\/10\/EF-I66_dimensions-768x485.png 768w\" sizes=\"(max-width: 1113px) 100vw, 1113px\" \/><\/p>\n<p>&nbsp;<\/p>\n<p>&nbsp;<\/p>\n<p><b>Infinty 71<\/b><\/p>\n<p>&nbsp;<\/p>\n<p><img loading=\"lazy\" decoding=\"async\" class=\"alignnone wp-image-20223 size-full\" src=\"https:\/\/aflamo.shop\/wp-content\/uploads\/2025\/10\/EF-I71_dimensions.png\" alt=\"\" width=\"1223\" height=\"705\" srcset=\"https:\/\/aflamo.shop\/wp-content\/uploads\/2025\/10\/EF-I71_dimensions.png 1223w, https:\/\/aflamo.shop\/wp-content\/uploads\/2025\/10\/EF-I71_dimensions-600x346.png 600w, https:\/\/aflamo.shop\/wp-content\/uploads\/2025\/10\/EF-I71_dimensions-300x173.png 300w, https:\/\/aflamo.shop\/wp-content\/uploads\/2025\/10\/EF-I71_dimensions-1024x590.png 1024w, https:\/\/aflamo.shop\/wp-content\/uploads\/2025\/10\/EF-I71_dimensions-768x443.png 768w\" sizes=\"(max-width: 1223px) 100vw, 1223px\" \/><\/p>\n<p>&nbsp;<\/p>\n<p>&nbsp;<\/p>\n<p><b>Infinty 76<\/b><\/p>\n<p>&nbsp;<\/p>\n<p><img loading=\"lazy\" decoding=\"async\" class=\"alignnone wp-image-20229 size-full\" src=\"https:\/\/aflamo.shop\/wp-content\/uploads\/2025\/10\/EF-I76_dimensions.png\" alt=\"\" width=\"1205\" height=\"658\" srcset=\"https:\/\/aflamo.shop\/wp-content\/uploads\/2025\/10\/EF-I76_dimensions.png 1205w, https:\/\/aflamo.shop\/wp-content\/uploads\/2025\/10\/EF-I76_dimensions-600x328.png 600w, https:\/\/aflamo.shop\/wp-content\/uploads\/2025\/10\/EF-I76_dimensions-300x164.png 300w, https:\/\/aflamo.shop\/wp-content\/uploads\/2025\/10\/EF-I76_dimensions-1024x559.png 1024w, https:\/\/aflamo.shop\/wp-content\/uploads\/2025\/10\/EF-I76_dimensions-768x419.png 768w\" sizes=\"(max-width: 1205px) 100vw, 1205px\" \/><\/p>\n<p>&nbsp;<\/p>\n<p>&nbsp;<\/p>\n<p><b>Infinty 81<\/b><\/p>\n<p>&nbsp;<\/p>\n<p><img loading=\"lazy\" decoding=\"async\" class=\"alignnone wp-image-20235 size-full\" src=\"https:\/\/aflamo.shop\/wp-content\/uploads\/2025\/10\/EF-I81_dimensions.png\" alt=\"\" width=\"1353\" height=\"704\" srcset=\"https:\/\/aflamo.shop\/wp-content\/uploads\/2025\/10\/EF-I81_dimensions.png 1353w, https:\/\/aflamo.shop\/wp-content\/uploads\/2025\/10\/EF-I81_dimensions-600x312.png 600w, https:\/\/aflamo.shop\/wp-content\/uploads\/2025\/10\/EF-I81_dimensions-300x156.png 300w, https:\/\/aflamo.shop\/wp-content\/uploads\/2025\/10\/EF-I81_dimensions-1024x533.png 1024w, https:\/\/aflamo.shop\/wp-content\/uploads\/2025\/10\/EF-I81_dimensions-768x400.png 768w\" sizes=\"(max-width: 1353px) 100vw, 1353px\" \/><\/p>\n<p>&nbsp;<\/p>\n<p>&nbsp;<\/p>\n<p>&nbsp;<\/p>\n<p>&nbsp;<\/p>\n<p>&nbsp;<\/p>\n<hr \/>\n","protected":false},"excerpt":{"rendered":"<p>Marque : Emotion Flame<\/p>\n<p>Foyer \u00e9lectrique int\u00e9gr\u00e9<\/p>\n<p><b>Mod\u00e8les :<\/b><\/p>\n<ul>\n<li><a href=\"https:\/\/aflamo.shop\/fr\/p\/foyer-electrique-encastrable-emotion-flame-infinity-66\/\">66<\/a><\/li>\n<li><a href=\"https:\/\/aflamo.shop\/fr\/p\/foyer-electrique-encastrable-emotion-flame-infinity-71\/\">71<\/a><\/li>\n<li><a href=\"https:\/\/aflamo.shop\/fr\/p\/foyer-electrique-encastrable-emotion-flame-infinity-76\/\">76<\/a><\/li>\n<li><a href=\"https:\/\/aflamo.shop\/fr\/p\/foyer-electrique-encastrable-emotion-flame-infinity-81\/\">81<\/a><\/li>\n<\/ul>\n<p><b>Dimensions :<\/b> 71 x 50 x 16 cm<\/p>\n","protected":false},"featured_media":20171,"comment_status":"open","ping_status":"closed","template":"","meta":[],"product_brand":[],"product_cat":[1197,1193,1184,1201],"product_tag":[],"class_list":{"0":"post-20258","1":"product","2":"type-product","3":"status-publish","4":"has-post-thumbnail","6":"product_cat-cheminees-electriques-emotion-flame-avec-fonction-chauffage","7":"product_cat-cheminees-electriques-encastrables-emotion-flame","8":"product_cat-emotion-flame","9":"product_cat-inserts-electriques-emotion-flame","11":"first","12":"instock","13":"shipping-taxable","14":"purchasable","15":"product-type-simple"},"yoast_head":"<!-- This site is optimized with the Yoast SEO plugin v27.4 - https:\/\/yoast.com\/product\/yoast-seo-wordpress\/ -->\n<title>Foyer \u00e9lectrique encastrable Emotion Flame Infinity 71 - aflamo.shop - revendeur aflamo certifi\u00e9<\/title>\n<meta name=\"description\" content=\"Emotion Flame Infinity allie style et technologie moderne. Elle offre un effet de flamme r\u00e9aliste et une agr\u00e9able chaleur quelques instants apr\u00e8s son allumage.\" \/>\n<meta name=\"robots\" content=\"index, follow, max-snippet:-1, max-image-preview:large, max-video-preview:-1\" \/>\n<link rel=\"canonical\" href=\"https:\/\/aflamo.shop\/fr\/p\/foyer-electrique-encastrable-emotion-flame-infinity-71\/\" \/>\n<meta property=\"og:locale\" content=\"fr_FR\" \/>\n<meta property=\"og:type\" content=\"article\" \/>\n<meta property=\"og:title\" content=\"Foyer \u00e9lectrique encastrable Emotion Flame Infinity 71 - aflamo.shop - revendeur aflamo certifi\u00e9\" \/>\n<meta property=\"og:description\" content=\"Emotion Flame Infinity allie style et technologie moderne. Elle offre un effet de flamme r\u00e9aliste et une agr\u00e9able chaleur quelques instants apr\u00e8s son allumage.\" \/>\n<meta property=\"og:url\" content=\"https:\/\/aflamo.shop\/fr\/p\/foyer-electrique-encastrable-emotion-flame-infinity-71\/\" \/>\n<meta property=\"og:site_name\" content=\"aflamo.shop - revendeur aflamo certifi\u00e9\" \/>\n<meta property=\"article:modified_time\" content=\"2026-04-16T11:23:16+00:00\" \/>\n<meta property=\"og:image\" content=\"https:\/\/aflamo.shop\/wp-content\/uploads\/2025\/10\/Insert_front_1-600x600-1.jpg\" \/>\n\t<meta property=\"og:image:width\" content=\"600\" \/>\n\t<meta property=\"og:image:height\" content=\"600\" \/>\n\t<meta property=\"og:image:type\" content=\"image\/jpeg\" \/>\n<meta name=\"twitter:card\" content=\"summary_large_image\" \/>\n<meta name=\"twitter:label1\" content=\"Dur\u00e9e de lecture estim\u00e9e\" \/>\n\t<meta name=\"twitter:data1\" content=\"4 minutes\" \/>\n<script type=\"application\/ld+json\" class=\"yoast-schema-graph\">{\"@context\":\"https:\\\/\\\/schema.org\",\"@graph\":[{\"@type\":\"WebPage\",\"@id\":\"https:\\\/\\\/aflamo.shop\\\/fr\\\/p\\\/foyer-electrique-encastrable-emotion-flame-infinity-71\\\/\",\"url\":\"https:\\\/\\\/aflamo.shop\\\/fr\\\/p\\\/foyer-electrique-encastrable-emotion-flame-infinity-71\\\/\",\"name\":\"Foyer \u00e9lectrique encastrable Emotion Flame Infinity 71 - aflamo.shop - revendeur aflamo certifi\u00e9\",\"isPartOf\":{\"@id\":\"https:\\\/\\\/aflamo.shop\\\/fr\\\/#website\"},\"primaryImageOfPage\":{\"@id\":\"https:\\\/\\\/aflamo.shop\\\/fr\\\/p\\\/foyer-electrique-encastrable-emotion-flame-infinity-71\\\/#primaryimage\"},\"image\":{\"@id\":\"https:\\\/\\\/aflamo.shop\\\/fr\\\/p\\\/foyer-electrique-encastrable-emotion-flame-infinity-71\\\/#primaryimage\"},\"thumbnailUrl\":\"https:\\\/\\\/aflamo.shop\\\/wp-content\\\/uploads\\\/2025\\\/10\\\/Insert_front_1-600x600-1.jpg\",\"datePublished\":\"2025-10-09T11:13:48+00:00\",\"dateModified\":\"2026-04-16T11:23:16+00:00\",\"description\":\"Emotion Flame Infinity allie style et technologie moderne. Elle offre un effet de flamme r\u00e9aliste et une agr\u00e9able chaleur quelques instants apr\u00e8s son allumage.\",\"breadcrumb\":{\"@id\":\"https:\\\/\\\/aflamo.shop\\\/fr\\\/p\\\/foyer-electrique-encastrable-emotion-flame-infinity-71\\\/#breadcrumb\"},\"inLanguage\":\"fr-FR\",\"potentialAction\":[{\"@type\":\"ReadAction\",\"target\":[\"https:\\\/\\\/aflamo.shop\\\/fr\\\/p\\\/foyer-electrique-encastrable-emotion-flame-infinity-71\\\/\"]}]},{\"@type\":\"ImageObject\",\"inLanguage\":\"fr-FR\",\"@id\":\"https:\\\/\\\/aflamo.shop\\\/fr\\\/p\\\/foyer-electrique-encastrable-emotion-flame-infinity-71\\\/#primaryimage\",\"url\":\"https:\\\/\\\/aflamo.shop\\\/wp-content\\\/uploads\\\/2025\\\/10\\\/Insert_front_1-600x600-1.jpg\",\"contentUrl\":\"https:\\\/\\\/aflamo.shop\\\/wp-content\\\/uploads\\\/2025\\\/10\\\/Insert_front_1-600x600-1.jpg\",\"width\":600,\"height\":600},{\"@type\":\"BreadcrumbList\",\"@id\":\"https:\\\/\\\/aflamo.shop\\\/fr\\\/p\\\/foyer-electrique-encastrable-emotion-flame-infinity-71\\\/#breadcrumb\",\"itemListElement\":[{\"@type\":\"ListItem\",\"position\":1,\"name\":\"Page d'accueil\",\"item\":\"https:\\\/\\\/aflamo.shop\\\/fr\\\/\"},{\"@type\":\"ListItem\",\"position\":2,\"name\":\"Boutique\",\"item\":\"https:\\\/\\\/aflamo.shop\\\/boutique\\\/\"},{\"@type\":\"ListItem\",\"position\":3,\"name\":\"Chemin\u00e9es \u00e9lectriques\",\"item\":\"https:\\\/\\\/aflamo.shop\\\/fr\\\/s\\\/cheminees-electriques-fr\\\/\"},{\"@type\":\"ListItem\",\"position\":4,\"name\":\"Emotion Flame\",\"item\":\"https:\\\/\\\/aflamo.shop\\\/fr\\\/s\\\/cheminees-electriques-fr\\\/emotion-flame\\\/\"},{\"@type\":\"ListItem\",\"position\":5,\"name\":\"Foyer \u00e9lectrique encastrable Emotion Flame Infinity 71\"}]},{\"@type\":\"WebSite\",\"@id\":\"https:\\\/\\\/aflamo.shop\\\/fr\\\/#website\",\"url\":\"https:\\\/\\\/aflamo.shop\\\/fr\\\/\",\"name\":\"aflamo.shop - revendeur aflamo certifi\u00e9\",\"description\":\"Kominki elektryczne Aflamo i Emotion Flame z funkcj\u0105 grzania\",\"publisher\":{\"@id\":\"https:\\\/\\\/aflamo.shop\\\/fr\\\/#organization\"},\"potentialAction\":[{\"@type\":\"SearchAction\",\"target\":{\"@type\":\"EntryPoint\",\"urlTemplate\":\"https:\\\/\\\/aflamo.shop\\\/fr\\\/?s={search_term_string}\"},\"query-input\":{\"@type\":\"PropertyValueSpecification\",\"valueRequired\":true,\"valueName\":\"search_term_string\"}}],\"inLanguage\":\"fr-FR\"},{\"@type\":\"Organization\",\"@id\":\"https:\\\/\\\/aflamo.shop\\\/fr\\\/#organization\",\"name\":\"aflamo.shop - revendeur aflamo certifi\u00e9\",\"url\":\"https:\\\/\\\/aflamo.shop\\\/fr\\\/\",\"logo\":{\"@type\":\"ImageObject\",\"inLanguage\":\"fr-FR\",\"@id\":\"https:\\\/\\\/aflamo.shop\\\/fr\\\/#\\\/schema\\\/logo\\\/image\\\/\",\"url\":\"https:\\\/\\\/aflamo.shop\\\/wp-content\\\/uploads\\\/2019\\\/10\\\/logo2.1-1-1.svg\",\"contentUrl\":\"https:\\\/\\\/aflamo.shop\\\/wp-content\\\/uploads\\\/2019\\\/10\\\/logo2.1-1-1.svg\",\"caption\":\"aflamo.shop - revendeur aflamo certifi\u00e9\"},\"image\":{\"@id\":\"https:\\\/\\\/aflamo.shop\\\/fr\\\/#\\\/schema\\\/logo\\\/image\\\/\"}}]}<\/script>\n<!-- \/ Yoast SEO plugin. -->","yoast_head_json":{"title":"Foyer \u00e9lectrique encastrable Emotion Flame Infinity 71 - aflamo.shop - revendeur aflamo certifi\u00e9","description":"Emotion Flame Infinity allie style et technologie moderne. Elle offre un effet de flamme r\u00e9aliste et une agr\u00e9able chaleur quelques instants apr\u00e8s son allumage.","robots":{"index":"index","follow":"follow","max-snippet":"max-snippet:-1","max-image-preview":"max-image-preview:large","max-video-preview":"max-video-preview:-1"},"canonical":"https:\/\/aflamo.shop\/fr\/p\/foyer-electrique-encastrable-emotion-flame-infinity-71\/","og_locale":"fr_FR","og_type":"article","og_title":"Foyer \u00e9lectrique encastrable Emotion Flame Infinity 71 - aflamo.shop - revendeur aflamo certifi\u00e9","og_description":"Emotion Flame Infinity allie style et technologie moderne. Elle offre un effet de flamme r\u00e9aliste et une agr\u00e9able chaleur quelques instants apr\u00e8s son allumage.","og_url":"https:\/\/aflamo.shop\/fr\/p\/foyer-electrique-encastrable-emotion-flame-infinity-71\/","og_site_name":"aflamo.shop - revendeur aflamo certifi\u00e9","article_modified_time":"2026-04-16T11:23:16+00:00","og_image":[{"width":600,"height":600,"url":"https:\/\/aflamo.shop\/wp-content\/uploads\/2025\/10\/Insert_front_1-600x600-1.jpg","type":"image\/jpeg"}],"twitter_card":"summary_large_image","twitter_misc":{"Dur\u00e9e de lecture estim\u00e9e":"4 minutes"},"schema":{"@context":"https:\/\/schema.org","@graph":[{"@type":"WebPage","@id":"https:\/\/aflamo.shop\/fr\/p\/foyer-electrique-encastrable-emotion-flame-infinity-71\/","url":"https:\/\/aflamo.shop\/fr\/p\/foyer-electrique-encastrable-emotion-flame-infinity-71\/","name":"Foyer \u00e9lectrique encastrable Emotion Flame Infinity 71 - aflamo.shop - revendeur aflamo certifi\u00e9","isPartOf":{"@id":"https:\/\/aflamo.shop\/fr\/#website"},"primaryImageOfPage":{"@id":"https:\/\/aflamo.shop\/fr\/p\/foyer-electrique-encastrable-emotion-flame-infinity-71\/#primaryimage"},"image":{"@id":"https:\/\/aflamo.shop\/fr\/p\/foyer-electrique-encastrable-emotion-flame-infinity-71\/#primaryimage"},"thumbnailUrl":"https:\/\/aflamo.shop\/wp-content\/uploads\/2025\/10\/Insert_front_1-600x600-1.jpg","datePublished":"2025-10-09T11:13:48+00:00","dateModified":"2026-04-16T11:23:16+00:00","description":"Emotion Flame Infinity allie style et technologie moderne. Elle offre un effet de flamme r\u00e9aliste et une agr\u00e9able chaleur quelques instants apr\u00e8s son allumage.","breadcrumb":{"@id":"https:\/\/aflamo.shop\/fr\/p\/foyer-electrique-encastrable-emotion-flame-infinity-71\/#breadcrumb"},"inLanguage":"fr-FR","potentialAction":[{"@type":"ReadAction","target":["https:\/\/aflamo.shop\/fr\/p\/foyer-electrique-encastrable-emotion-flame-infinity-71\/"]}]},{"@type":"ImageObject","inLanguage":"fr-FR","@id":"https:\/\/aflamo.shop\/fr\/p\/foyer-electrique-encastrable-emotion-flame-infinity-71\/#primaryimage","url":"https:\/\/aflamo.shop\/wp-content\/uploads\/2025\/10\/Insert_front_1-600x600-1.jpg","contentUrl":"https:\/\/aflamo.shop\/wp-content\/uploads\/2025\/10\/Insert_front_1-600x600-1.jpg","width":600,"height":600},{"@type":"BreadcrumbList","@id":"https:\/\/aflamo.shop\/fr\/p\/foyer-electrique-encastrable-emotion-flame-infinity-71\/#breadcrumb","itemListElement":[{"@type":"ListItem","position":1,"name":"Page d'accueil","item":"https:\/\/aflamo.shop\/fr\/"},{"@type":"ListItem","position":2,"name":"Boutique","item":"https:\/\/aflamo.shop\/boutique\/"},{"@type":"ListItem","position":3,"name":"Chemin\u00e9es \u00e9lectriques","item":"https:\/\/aflamo.shop\/fr\/s\/cheminees-electriques-fr\/"},{"@type":"ListItem","position":4,"name":"Emotion Flame","item":"https:\/\/aflamo.shop\/fr\/s\/cheminees-electriques-fr\/emotion-flame\/"},{"@type":"ListItem","position":5,"name":"Foyer \u00e9lectrique encastrable Emotion Flame Infinity 71"}]},{"@type":"WebSite","@id":"https:\/\/aflamo.shop\/fr\/#website","url":"https:\/\/aflamo.shop\/fr\/","name":"aflamo.shop - revendeur aflamo certifi\u00e9","description":"Kominki elektryczne Aflamo i Emotion Flame z funkcj\u0105 grzania","publisher":{"@id":"https:\/\/aflamo.shop\/fr\/#organization"},"potentialAction":[{"@type":"SearchAction","target":{"@type":"EntryPoint","urlTemplate":"https:\/\/aflamo.shop\/fr\/?s={search_term_string}"},"query-input":{"@type":"PropertyValueSpecification","valueRequired":true,"valueName":"search_term_string"}}],"inLanguage":"fr-FR"},{"@type":"Organization","@id":"https:\/\/aflamo.shop\/fr\/#organization","name":"aflamo.shop - revendeur aflamo certifi\u00e9","url":"https:\/\/aflamo.shop\/fr\/","logo":{"@type":"ImageObject","inLanguage":"fr-FR","@id":"https:\/\/aflamo.shop\/fr\/#\/schema\/logo\/image\/","url":"https:\/\/aflamo.shop\/wp-content\/uploads\/2019\/10\/logo2.1-1-1.svg","contentUrl":"https:\/\/aflamo.shop\/wp-content\/uploads\/2019\/10\/logo2.1-1-1.svg","caption":"aflamo.shop - revendeur aflamo certifi\u00e9"},"image":{"@id":"https:\/\/aflamo.shop\/fr\/#\/schema\/logo\/image\/"}}]}},"_links":{"self":[{"href":"https:\/\/aflamo.shop\/fr\/wp-json\/wp\/v2\/product\/20258","targetHints":{"allow":["GET"]}}],"collection":[{"href":"https:\/\/aflamo.shop\/fr\/wp-json\/wp\/v2\/product"}],"about":[{"href":"https:\/\/aflamo.shop\/fr\/wp-json\/wp\/v2\/types\/product"}],"replies":[{"embeddable":true,"href":"https:\/\/aflamo.shop\/fr\/wp-json\/wp\/v2\/comments?post=20258"}],"wp:featuredmedia":[{"embeddable":true,"href":"https:\/\/aflamo.shop\/fr\/wp-json\/wp\/v2\/media\/20171"}],"wp:attachment":[{"href":"https:\/\/aflamo.shop\/fr\/wp-json\/wp\/v2\/media?parent=20258"}],"wp:term":[{"taxonomy":"product_brand","embeddable":true,"href":"https:\/\/aflamo.shop\/fr\/wp-json\/wp\/v2\/product_brand?post=20258"},{"taxonomy":"product_cat","embeddable":true,"href":"https:\/\/aflamo.shop\/fr\/wp-json\/wp\/v2\/product_cat?post=20258"},{"taxonomy":"product_tag","embeddable":true,"href":"https:\/\/aflamo.shop\/fr\/wp-json\/wp\/v2\/product_tag?post=20258"}],"curies":[{"name":"wp","href":"https:\/\/api.w.org\/{rel}","templated":true}]}}