{"id":18499,"date":"2025-04-16T08:09:47","date_gmt":"2025-04-16T08:09:47","guid":{"rendered":"https:\/\/aflamo.shop\/p\/aflamo-lares-60-cheminee-bio-murale-encastrable\/"},"modified":"2026-04-16T11:37:52","modified_gmt":"2026-04-16T11:37:52","slug":"aflamo-lares-60-cheminee-bio-murale-encastrable","status":"publish","type":"product","link":"https:\/\/aflamo.shop\/fr\/p\/aflamo-lares-60-cheminee-bio-murale-encastrable\/","title":{"rendered":"Aflamo Lares 60 &#8211; chemin\u00e9e bio murale encastrable"},"content":{"rendered":"<section>\n<h2><strong>Chemin\u00e9e bio murale Lares \u2013 modernit\u00e9, style et s\u00e9curit\u00e9 r\u00e9unis<\/strong><\/h2>\n<p><img fetchpriority=\"high\" decoding=\"async\" class=\"aligncenter wp-image-15656 size-full\" src=\"https:\/\/aflamo.shop\/wp-content\/uploads\/2025\/04\/Lares_aranzacja.jpg\" alt=\"\" width=\"2048\" height=\"1448\" srcset=\"https:\/\/aflamo.shop\/wp-content\/uploads\/2025\/04\/Lares_aranzacja.jpg 2048w, https:\/\/aflamo.shop\/wp-content\/uploads\/2025\/04\/Lares_aranzacja-600x424.jpg 600w, https:\/\/aflamo.shop\/wp-content\/uploads\/2025\/04\/Lares_aranzacja-300x212.jpg 300w, https:\/\/aflamo.shop\/wp-content\/uploads\/2025\/04\/Lares_aranzacja-1024x724.jpg 1024w, https:\/\/aflamo.shop\/wp-content\/uploads\/2025\/04\/Lares_aranzacja-768x543.jpg 768w, https:\/\/aflamo.shop\/wp-content\/uploads\/2025\/04\/Lares_aranzacja-1536x1086.jpg 1536w\" sizes=\"(max-width: 2048px) 100vw, 2048px\" \/><\/p>\n<h2>Caract\u00e9ristiques uniques et design moderne<\/h2>\n<p><strong>La chemin\u00e9e bio murale Lares<\/strong> est un mod\u00e8le encastrable \u00e0 trois faces qui allie parfaitement \u00e9l\u00e9gance et fonctionnalit\u00e9.<br \/>\nSon design unique fait du feu l&rsquo;\u00e9l\u00e9ment central de tout int\u00e9rieur, visible de trois c\u00f4t\u00e9s gr\u00e2ce au verre tremp\u00e9.<br \/>\nCette solution a \u00e9t\u00e9 cr\u00e9\u00e9e pour les amateurs de design moderne qui appr\u00e9cient \u00e0 la fois l&rsquo;esth\u00e9tique et la chaleur d&rsquo;une maison.<\/p>\n<p>La forme unique de la chemin\u00e9e bio vous permet de cr\u00e9er une atmosph\u00e8re chaleureuse mais exclusive &#8211; id\u00e9ale pour la d\u00e9tente en soir\u00e9e ou les r\u00e9unions avec vos proches.<br \/>\nLares s&rsquo;int\u00e8gre parfaitement \u00e0 diff\u00e9rents styles d&rsquo;int\u00e9rieur, du minimaliste \u00e0 l&rsquo;industriel.<\/p>\n<p>Gr\u00e2ce \u00e0 un montage simple et \u00e0 un fonctionnement intuitif, Lares est une<strong> bio-chemin\u00e9e mural<\/strong>e qui r\u00e9pondra aux attentes des utilisateurs les plus exigeants.<\/p>\n<p><img decoding=\"async\" class=\"aligncenter wp-image-15662 size-full\" src=\"https:\/\/aflamo.shop\/wp-content\/uploads\/2025\/04\/Lares_right.jpg\" alt=\"\" width=\"1101\" height=\"996\" srcset=\"https:\/\/aflamo.shop\/wp-content\/uploads\/2025\/04\/Lares_right.jpg 1101w, https:\/\/aflamo.shop\/wp-content\/uploads\/2025\/04\/Lares_right-600x543.jpg 600w, https:\/\/aflamo.shop\/wp-content\/uploads\/2025\/04\/Lares_right-300x271.jpg 300w, https:\/\/aflamo.shop\/wp-content\/uploads\/2025\/04\/Lares_right-1024x926.jpg 1024w, https:\/\/aflamo.shop\/wp-content\/uploads\/2025\/04\/Lares_right-768x695.jpg 768w\" sizes=\"(max-width: 1101px) 100vw, 1101px\" \/><\/p>\n<h2>Sant\u00e9 et s\u00e9curit\u00e9 : prendre soin de ce qui a le plus de valeur<\/h2>\n<p>La s\u00e9curit\u00e9 de l\u2019utilisateur a \u00e9t\u00e9 primordiale lors de la conception de la chemin\u00e9e biologique Lares.<br \/>\nLe verre tremp\u00e9 \u00e0 trois c\u00f4t\u00e9s offre une protection suppl\u00e9mentaire contre les flammes, ce qui est particuli\u00e8rement important dans les maisons o\u00f9 vivent des enfants ou des animaux domestiques.<br \/>\nCela signifie que vous pouvez profiter de la beaut\u00e9 du feu naturel sans vous soucier du danger.<\/p>\n<p>Le br\u00fbleur en acier inoxydable est \u00e9quip\u00e9 d&rsquo;un insert absorbant qui emp\u00eache le d\u00e9versement accidentel de biocarburant et assure une combustion stable.<br \/>\nDe plus, l&rsquo;ensemble comprend <strong>un extincteur<\/strong> qui vous permet d&rsquo;\u00e9teindre rapidement et en toute s\u00e9curit\u00e9 la flamme \u00e0 tout moment.<\/p>\n<p><img decoding=\"async\" class=\"aligncenter wp-image-15668 size-full\" src=\"https:\/\/aflamo.shop\/wp-content\/uploads\/2025\/04\/Lares_right_flame-600x434-1.jpg\" alt=\"\" width=\"600\" height=\"434\" srcset=\"https:\/\/aflamo.shop\/wp-content\/uploads\/2025\/04\/Lares_right_flame-600x434-1.jpg 600w, https:\/\/aflamo.shop\/wp-content\/uploads\/2025\/04\/Lares_right_flame-600x434-1-300x217.jpg 300w\" sizes=\"(max-width: 600px) 100vw, 600px\" \/><\/p>\n<h2>L&rsquo;ensemble comprend :<\/h2>\n<ul>\n<li>Chemin\u00e9e bio Lares<\/li>\n<li>Br\u00fbleur en acier inoxydable avec insert absorbant<\/li>\n<li>Extincteur<\/li>\n<li>Entonnoir de remplissage de biocarburant<\/li>\n<li>Instructions d&rsquo;utilisation et de montage<\/li>\n<\/ul>\n<h2>Choisissez le style, la s\u00e9curit\u00e9 et le confort<\/h2>\n<p>Lares est la solution parfaite pour les personnes qui recherchent des solutions de chauffage modernes et s\u00fbres.<br \/>\nSi vous r\u00eavez d\u2019une atmosph\u00e8re unique dans votre maison \u2013 sans fum\u00e9e, sans chemin\u00e9e et sans montage compliqu\u00e9 \u2013 cette chemin\u00e9e bio r\u00e9pondra \u00e0 vos attentes.<\/p>\n<p>&nbsp;<\/p>\n<ul><strong><\/p>\n<p><a href=\"https:\/\/aflamo.shop\/wp-content\/uploads\/2025\/04\/bio_manual_EN-PL-DE-FR-ES-IT-6.pdf\">Instrukcja<\/a><\/p>\n<p><a href=\"https:\/\/aflamo.shop\/wp-content\/uploads\/2025\/04\/Safety_instructions_EN-PL-DE-IT-ES-FR-CS-SK-NL-6.pdf\">S\u00e9curit\u00e9<\/a><\/p>\n<p><\/strong><\/ul>\n<\/section>\n<h2>Dessins techniques<\/h2>\n<ul>\n<li>Lares 60<\/li>\n<p><img loading=\"lazy\" decoding=\"async\" src=\"https:\/\/aflamo.shop\/wp-content\/uploads\/2025\/04\/Lares_60-201x300.png\" alt=\"\" width=\"201\" height=\"300\" class=\"alignnone size-medium wp-image-15638\" srcset=\"https:\/\/aflamo.shop\/wp-content\/uploads\/2025\/04\/Lares_60-201x300.png 201w, https:\/\/aflamo.shop\/wp-content\/uploads\/2025\/04\/Lares_60-600x896.png 600w, https:\/\/aflamo.shop\/wp-content\/uploads\/2025\/04\/Lares_60-686x1024.png 686w, https:\/\/aflamo.shop\/wp-content\/uploads\/2025\/04\/Lares_60.png 717w\" sizes=\"(max-width: 201px) 100vw, 201px\" \/><\/p>\n<li>Lares 80<\/li>\n<p><img loading=\"lazy\" decoding=\"async\" src=\"https:\/\/aflamo.shop\/wp-content\/uploads\/2025\/04\/Lares_80-186x300.png\" alt=\"\" width=\"186\" height=\"300\" class=\"alignnone size-medium wp-image-15644\" srcset=\"https:\/\/aflamo.shop\/wp-content\/uploads\/2025\/04\/Lares_80-186x300.png 186w, https:\/\/aflamo.shop\/wp-content\/uploads\/2025\/04\/Lares_80-600x968.png 600w, https:\/\/aflamo.shop\/wp-content\/uploads\/2025\/04\/Lares_80-635x1024.png 635w, https:\/\/aflamo.shop\/wp-content\/uploads\/2025\/04\/Lares_80.png 649w\" sizes=\"(max-width: 186px) 100vw, 186px\" \/><\/p>\n<li>Lares 100<\/li>\n<p><img loading=\"lazy\" decoding=\"async\" src=\"https:\/\/aflamo.shop\/wp-content\/uploads\/2025\/04\/Lares_100-263x300.png\" alt=\"\" width=\"263\" height=\"300\" class=\"alignnone size-medium wp-image-15650\" srcset=\"https:\/\/aflamo.shop\/wp-content\/uploads\/2025\/04\/Lares_100-263x300.png 263w, https:\/\/aflamo.shop\/wp-content\/uploads\/2025\/04\/Lares_100-600x683.png 600w, https:\/\/aflamo.shop\/wp-content\/uploads\/2025\/04\/Lares_100.png 719w\" sizes=\"(max-width: 263px) 100vw, 263px\" \/><\/p>\n","protected":false},"excerpt":{"rendered":"<p>Fabricant : Aflamo<\/p>\n<p><b>Mod\u00e8le :<\/b><\/p>\n<ul>\n<li><a href=\"https:\/\/aflamo.shop\/fr\/p\/aflamo-lares-60-cheminee-bio-murale-encastrable\/\">60<\/a><\/li>\n<li><a href=\"https:\/\/aflamo.shop\/fr\/p\/aflamo-lares-80-cheminee-bio-murale-encastrable\/\">80<\/a><\/li>\n<li><a href=\"https:\/\/aflamo.shop\/fr\/p\/aflamo-lares-100-cheminee-bio-murale-encastrable\/\">100<\/a><\/li>\n<\/ul>\n<p>Dimensions : 60 x 46 x 26 cm<\/p>\n","protected":false},"featured_media":22452,"comment_status":"open","ping_status":"closed","template":"","meta":[],"product_brand":[],"product_cat":[770,1018,1017,870],"product_tag":[],"class_list":{"0":"post-18499","1":"product","2":"type-product","3":"status-publish","4":"has-post-thumbnail","6":"product_cat-aflamo-fr","7":"product_cat-bruleurs-et-inserts-bio","8":"product_cat-foyers-bio","9":"product_cat-les-cheminees-murales-a-lethanol","11":"first","12":"instock","13":"shipping-taxable","14":"purchasable","15":"product-type-simple"},"yoast_head":"<!-- This site is optimized with the Yoast SEO plugin v27.4 - https:\/\/yoast.com\/product\/yoast-seo-wordpress\/ -->\n<title>Aflamo Lares 60 - chemin\u00e9e bio murale encastrable - aflamo.shop - revendeur aflamo certifi\u00e9<\/title>\n<meta name=\"robots\" content=\"index, follow, max-snippet:-1, max-image-preview:large, max-video-preview:-1\" \/>\n<link rel=\"canonical\" href=\"https:\/\/aflamo.shop\/fr\/p\/aflamo-lares-60-cheminee-bio-murale-encastrable\/\" \/>\n<meta property=\"og:locale\" content=\"fr_FR\" \/>\n<meta property=\"og:type\" content=\"article\" \/>\n<meta property=\"og:title\" content=\"Aflamo Lares 60 - chemin\u00e9e bio murale encastrable - aflamo.shop - revendeur aflamo certifi\u00e9\" \/>\n<meta property=\"og:description\" content=\"Fabricant : Aflamo Mod\u00e8le :  60 80  100    Dimensions : 60 x 46 x 26 cm\" \/>\n<meta property=\"og:url\" content=\"https:\/\/aflamo.shop\/fr\/p\/aflamo-lares-60-cheminee-bio-murale-encastrable\/\" \/>\n<meta property=\"og:site_name\" content=\"aflamo.shop - revendeur aflamo certifi\u00e9\" \/>\n<meta property=\"article:modified_time\" content=\"2026-04-16T11:37:52+00:00\" \/>\n<meta property=\"og:image\" content=\"https:\/\/aflamo.shop\/wp-content\/uploads\/2025\/04\/Projekt-bez-nazwy82.png\" \/>\n\t<meta property=\"og:image:width\" content=\"2048\" \/>\n\t<meta property=\"og:image:height\" content=\"669\" \/>\n\t<meta property=\"og:image:type\" content=\"image\/png\" \/>\n<meta name=\"twitter:card\" content=\"summary_large_image\" \/>\n<meta name=\"twitter:label1\" content=\"Dur\u00e9e de lecture estim\u00e9e\" \/>\n\t<meta name=\"twitter:data1\" content=\"4 minutes\" \/>\n<script type=\"application\/ld+json\" class=\"yoast-schema-graph\">{\"@context\":\"https:\\\/\\\/schema.org\",\"@graph\":[{\"@type\":\"WebPage\",\"@id\":\"https:\\\/\\\/aflamo.shop\\\/fr\\\/p\\\/aflamo-lares-60-cheminee-bio-murale-encastrable\\\/\",\"url\":\"https:\\\/\\\/aflamo.shop\\\/fr\\\/p\\\/aflamo-lares-60-cheminee-bio-murale-encastrable\\\/\",\"name\":\"Aflamo Lares 60 - chemin\u00e9e bio murale encastrable - aflamo.shop - revendeur aflamo certifi\u00e9\",\"isPartOf\":{\"@id\":\"https:\\\/\\\/aflamo.shop\\\/fr\\\/#website\"},\"primaryImageOfPage\":{\"@id\":\"https:\\\/\\\/aflamo.shop\\\/fr\\\/p\\\/aflamo-lares-60-cheminee-bio-murale-encastrable\\\/#primaryimage\"},\"image\":{\"@id\":\"https:\\\/\\\/aflamo.shop\\\/fr\\\/p\\\/aflamo-lares-60-cheminee-bio-murale-encastrable\\\/#primaryimage\"},\"thumbnailUrl\":\"https:\\\/\\\/aflamo.shop\\\/wp-content\\\/uploads\\\/2025\\\/04\\\/Projekt-bez-nazwy82.png\",\"datePublished\":\"2025-04-16T08:09:47+00:00\",\"dateModified\":\"2026-04-16T11:37:52+00:00\",\"breadcrumb\":{\"@id\":\"https:\\\/\\\/aflamo.shop\\\/fr\\\/p\\\/aflamo-lares-60-cheminee-bio-murale-encastrable\\\/#breadcrumb\"},\"inLanguage\":\"fr-FR\",\"potentialAction\":[{\"@type\":\"ReadAction\",\"target\":[\"https:\\\/\\\/aflamo.shop\\\/fr\\\/p\\\/aflamo-lares-60-cheminee-bio-murale-encastrable\\\/\"]}]},{\"@type\":\"ImageObject\",\"inLanguage\":\"fr-FR\",\"@id\":\"https:\\\/\\\/aflamo.shop\\\/fr\\\/p\\\/aflamo-lares-60-cheminee-bio-murale-encastrable\\\/#primaryimage\",\"url\":\"https:\\\/\\\/aflamo.shop\\\/wp-content\\\/uploads\\\/2025\\\/04\\\/Projekt-bez-nazwy82.png\",\"contentUrl\":\"https:\\\/\\\/aflamo.shop\\\/wp-content\\\/uploads\\\/2025\\\/04\\\/Projekt-bez-nazwy82.png\",\"width\":2048,\"height\":669},{\"@type\":\"BreadcrumbList\",\"@id\":\"https:\\\/\\\/aflamo.shop\\\/fr\\\/p\\\/aflamo-lares-60-cheminee-bio-murale-encastrable\\\/#breadcrumb\",\"itemListElement\":[{\"@type\":\"ListItem\",\"position\":1,\"name\":\"Page d'accueil\",\"item\":\"https:\\\/\\\/aflamo.shop\\\/fr\\\/\"},{\"@type\":\"ListItem\",\"position\":2,\"name\":\"Boutique\",\"item\":\"https:\\\/\\\/aflamo.shop\\\/boutique\\\/\"},{\"@type\":\"ListItem\",\"position\":3,\"name\":\"Aflamo\",\"item\":\"https:\\\/\\\/aflamo.shop\\\/fr\\\/s\\\/aflamo-fr\\\/\"},{\"@type\":\"ListItem\",\"position\":4,\"name\":\"Aflamo Lares 60 &#8211; chemin\u00e9e bio murale encastrable\"}]},{\"@type\":\"WebSite\",\"@id\":\"https:\\\/\\\/aflamo.shop\\\/fr\\\/#website\",\"url\":\"https:\\\/\\\/aflamo.shop\\\/fr\\\/\",\"name\":\"aflamo.shop - revendeur aflamo certifi\u00e9\",\"description\":\"Kominki elektryczne Aflamo i Emotion Flame z funkcj\u0105 grzania\",\"publisher\":{\"@id\":\"https:\\\/\\\/aflamo.shop\\\/fr\\\/#organization\"},\"potentialAction\":[{\"@type\":\"SearchAction\",\"target\":{\"@type\":\"EntryPoint\",\"urlTemplate\":\"https:\\\/\\\/aflamo.shop\\\/fr\\\/?s={search_term_string}\"},\"query-input\":{\"@type\":\"PropertyValueSpecification\",\"valueRequired\":true,\"valueName\":\"search_term_string\"}}],\"inLanguage\":\"fr-FR\"},{\"@type\":\"Organization\",\"@id\":\"https:\\\/\\\/aflamo.shop\\\/fr\\\/#organization\",\"name\":\"aflamo.shop - revendeur aflamo certifi\u00e9\",\"url\":\"https:\\\/\\\/aflamo.shop\\\/fr\\\/\",\"logo\":{\"@type\":\"ImageObject\",\"inLanguage\":\"fr-FR\",\"@id\":\"https:\\\/\\\/aflamo.shop\\\/fr\\\/#\\\/schema\\\/logo\\\/image\\\/\",\"url\":\"https:\\\/\\\/aflamo.shop\\\/wp-content\\\/uploads\\\/2019\\\/10\\\/logo2.1-1-1.svg\",\"contentUrl\":\"https:\\\/\\\/aflamo.shop\\\/wp-content\\\/uploads\\\/2019\\\/10\\\/logo2.1-1-1.svg\",\"caption\":\"aflamo.shop - revendeur aflamo certifi\u00e9\"},\"image\":{\"@id\":\"https:\\\/\\\/aflamo.shop\\\/fr\\\/#\\\/schema\\\/logo\\\/image\\\/\"}}]}<\/script>\n<!-- \/ Yoast SEO plugin. -->","yoast_head_json":{"title":"Aflamo Lares 60 - chemin\u00e9e bio murale encastrable - aflamo.shop - revendeur aflamo certifi\u00e9","robots":{"index":"index","follow":"follow","max-snippet":"max-snippet:-1","max-image-preview":"max-image-preview:large","max-video-preview":"max-video-preview:-1"},"canonical":"https:\/\/aflamo.shop\/fr\/p\/aflamo-lares-60-cheminee-bio-murale-encastrable\/","og_locale":"fr_FR","og_type":"article","og_title":"Aflamo Lares 60 - chemin\u00e9e bio murale encastrable - aflamo.shop - revendeur aflamo certifi\u00e9","og_description":"Fabricant : Aflamo Mod\u00e8le :  60 80  100    Dimensions : 60 x 46 x 26 cm","og_url":"https:\/\/aflamo.shop\/fr\/p\/aflamo-lares-60-cheminee-bio-murale-encastrable\/","og_site_name":"aflamo.shop - revendeur aflamo certifi\u00e9","article_modified_time":"2026-04-16T11:37:52+00:00","og_image":[{"width":2048,"height":669,"url":"https:\/\/aflamo.shop\/wp-content\/uploads\/2025\/04\/Projekt-bez-nazwy82.png","type":"image\/png"}],"twitter_card":"summary_large_image","twitter_misc":{"Dur\u00e9e de lecture estim\u00e9e":"4 minutes"},"schema":{"@context":"https:\/\/schema.org","@graph":[{"@type":"WebPage","@id":"https:\/\/aflamo.shop\/fr\/p\/aflamo-lares-60-cheminee-bio-murale-encastrable\/","url":"https:\/\/aflamo.shop\/fr\/p\/aflamo-lares-60-cheminee-bio-murale-encastrable\/","name":"Aflamo Lares 60 - chemin\u00e9e bio murale encastrable - aflamo.shop - revendeur aflamo certifi\u00e9","isPartOf":{"@id":"https:\/\/aflamo.shop\/fr\/#website"},"primaryImageOfPage":{"@id":"https:\/\/aflamo.shop\/fr\/p\/aflamo-lares-60-cheminee-bio-murale-encastrable\/#primaryimage"},"image":{"@id":"https:\/\/aflamo.shop\/fr\/p\/aflamo-lares-60-cheminee-bio-murale-encastrable\/#primaryimage"},"thumbnailUrl":"https:\/\/aflamo.shop\/wp-content\/uploads\/2025\/04\/Projekt-bez-nazwy82.png","datePublished":"2025-04-16T08:09:47+00:00","dateModified":"2026-04-16T11:37:52+00:00","breadcrumb":{"@id":"https:\/\/aflamo.shop\/fr\/p\/aflamo-lares-60-cheminee-bio-murale-encastrable\/#breadcrumb"},"inLanguage":"fr-FR","potentialAction":[{"@type":"ReadAction","target":["https:\/\/aflamo.shop\/fr\/p\/aflamo-lares-60-cheminee-bio-murale-encastrable\/"]}]},{"@type":"ImageObject","inLanguage":"fr-FR","@id":"https:\/\/aflamo.shop\/fr\/p\/aflamo-lares-60-cheminee-bio-murale-encastrable\/#primaryimage","url":"https:\/\/aflamo.shop\/wp-content\/uploads\/2025\/04\/Projekt-bez-nazwy82.png","contentUrl":"https:\/\/aflamo.shop\/wp-content\/uploads\/2025\/04\/Projekt-bez-nazwy82.png","width":2048,"height":669},{"@type":"BreadcrumbList","@id":"https:\/\/aflamo.shop\/fr\/p\/aflamo-lares-60-cheminee-bio-murale-encastrable\/#breadcrumb","itemListElement":[{"@type":"ListItem","position":1,"name":"Page d'accueil","item":"https:\/\/aflamo.shop\/fr\/"},{"@type":"ListItem","position":2,"name":"Boutique","item":"https:\/\/aflamo.shop\/boutique\/"},{"@type":"ListItem","position":3,"name":"Aflamo","item":"https:\/\/aflamo.shop\/fr\/s\/aflamo-fr\/"},{"@type":"ListItem","position":4,"name":"Aflamo Lares 60 &#8211; chemin\u00e9e bio murale encastrable"}]},{"@type":"WebSite","@id":"https:\/\/aflamo.shop\/fr\/#website","url":"https:\/\/aflamo.shop\/fr\/","name":"aflamo.shop - revendeur aflamo certifi\u00e9","description":"Kominki elektryczne Aflamo i Emotion Flame z funkcj\u0105 grzania","publisher":{"@id":"https:\/\/aflamo.shop\/fr\/#organization"},"potentialAction":[{"@type":"SearchAction","target":{"@type":"EntryPoint","urlTemplate":"https:\/\/aflamo.shop\/fr\/?s={search_term_string}"},"query-input":{"@type":"PropertyValueSpecification","valueRequired":true,"valueName":"search_term_string"}}],"inLanguage":"fr-FR"},{"@type":"Organization","@id":"https:\/\/aflamo.shop\/fr\/#organization","name":"aflamo.shop - revendeur aflamo certifi\u00e9","url":"https:\/\/aflamo.shop\/fr\/","logo":{"@type":"ImageObject","inLanguage":"fr-FR","@id":"https:\/\/aflamo.shop\/fr\/#\/schema\/logo\/image\/","url":"https:\/\/aflamo.shop\/wp-content\/uploads\/2019\/10\/logo2.1-1-1.svg","contentUrl":"https:\/\/aflamo.shop\/wp-content\/uploads\/2019\/10\/logo2.1-1-1.svg","caption":"aflamo.shop - revendeur aflamo certifi\u00e9"},"image":{"@id":"https:\/\/aflamo.shop\/fr\/#\/schema\/logo\/image\/"}}]}},"_links":{"self":[{"href":"https:\/\/aflamo.shop\/fr\/wp-json\/wp\/v2\/product\/18499","targetHints":{"allow":["GET"]}}],"collection":[{"href":"https:\/\/aflamo.shop\/fr\/wp-json\/wp\/v2\/product"}],"about":[{"href":"https:\/\/aflamo.shop\/fr\/wp-json\/wp\/v2\/types\/product"}],"replies":[{"embeddable":true,"href":"https:\/\/aflamo.shop\/fr\/wp-json\/wp\/v2\/comments?post=18499"}],"wp:featuredmedia":[{"embeddable":true,"href":"https:\/\/aflamo.shop\/fr\/wp-json\/wp\/v2\/media\/22452"}],"wp:attachment":[{"href":"https:\/\/aflamo.shop\/fr\/wp-json\/wp\/v2\/media?parent=18499"}],"wp:term":[{"taxonomy":"product_brand","embeddable":true,"href":"https:\/\/aflamo.shop\/fr\/wp-json\/wp\/v2\/product_brand?post=18499"},{"taxonomy":"product_cat","embeddable":true,"href":"https:\/\/aflamo.shop\/fr\/wp-json\/wp\/v2\/product_cat?post=18499"},{"taxonomy":"product_tag","embeddable":true,"href":"https:\/\/aflamo.shop\/fr\/wp-json\/wp\/v2\/product_tag?post=18499"}],"curies":[{"name":"wp","href":"https:\/\/api.w.org\/{rel}","templated":true}]}}