{"id":18480,"date":"2025-05-14T09:12:55","date_gmt":"2025-05-14T09:12:55","guid":{"rendered":"https:\/\/aflamo.shop\/p\/aflamo-milos-black-40-cheminee-electrique-autoportante\/"},"modified":"2026-04-16T10:55:41","modified_gmt":"2026-04-16T10:55:41","slug":"aflamo-milos-black-40-cheminee-electrique-autoportante","status":"publish","type":"product","link":"https:\/\/aflamo.shop\/fr\/p\/aflamo-milos-black-40-cheminee-electrique-autoportante\/","title":{"rendered":"Aflamo Milos Black 40 &#8211; chemin\u00e9e \u00e9lectrique autoportante"},"content":{"rendered":"<p><iframe title=\"Lecteur vid\u00e9o YouTube\" src=\"https:\/\/www.youtube.com\/embed\/pWOb88Z8_do?si=3RCahxAuhGZJui9n\" width=\"560\" height=\"315\" frameborder=\"0\" allowfullscreen=\"allowfullscreen\"><\/iframe><\/p>\n<section class=\"product-description\">\n<h1><\/h1>\n<h1>Chemin\u00e9e \u00e9lectrique autoportante Milos &#8211; modernit\u00e9, style et chaleur dans votre maison<\/h1>\n<p><strong>Apportez la magie du feu dans votre int\u00e9rieur sans fum\u00e9e, cendres et responsabilit\u00e9s !<\/strong><br \/>\nLa chemin\u00e9e \u00e9lectrique autoportante Milos est une combinaison de technologie moderne, de design \u00e9l\u00e9gant et d&rsquo;un r\u00e9alisme incroyable. Avec son aide, vous pouvez cr\u00e9er une atmosph\u00e8re chaleureuse dans votre salon, votre chambre ou votre bureau \u2013 partout o\u00f9 vous souhaitez ressentir la chaleur et la lueur du feu. <\/p>\n<h2>\ud83c\udfa8 Choisissez votre style<\/h2>\n<ul>\n<li><strong>Couleurs de bo\u00eetier disponibles <\/strong>: Noir, Blanc<\/li>\n<li><strong>Variantes de taille :<\/strong> 40 \u00d7 110 \u00d7 25 cm, 60 \u00d7 110 \u00d7 25 cm<\/li>\n<li><strong>Mat\u00e9riau <\/strong>: m\u00e9tal avec rev\u00eatement en poudre<\/li>\n<\/ul>\n<p><img fetchpriority=\"high\" decoding=\"async\" class=\"aligncenter wp-image-17838 size-full\" src=\"https:\/\/aflamo.shop\/wp-content\/uploads\/2025\/05\/unique_milos.jpg\" alt=\"\" width=\"492\" height=\"300\" srcset=\"https:\/\/aflamo.shop\/wp-content\/uploads\/2025\/05\/unique_milos.jpg 492w, https:\/\/aflamo.shop\/wp-content\/uploads\/2025\/05\/unique_milos-300x183.jpg 300w\" sizes=\"(max-width: 492px) 100vw, 492px\" \/><\/p>\n<h2>\ud83d\udd25 Effet feu de camp r\u00e9el \u2013 Flamme 3D AFLAMO 3D<\/h2>\n<p>Gr\u00e2ce \u00e0 l&rsquo;insert <strong>AFLAMO PLUS 3D,<\/strong> la chemin\u00e9e \u00e9lectrique Milos impressionne par un effet de flamme extr\u00eamement r\u00e9aliste. Les b\u00fbches translucides et le foyer incandescent donnent \u00e0 la flamme un aspect r\u00e9el. <\/p>\n<p><img decoding=\"async\" class=\"aligncenter wp-image-17826 size-full\" src=\"https:\/\/aflamo.shop\/wp-content\/uploads\/2025\/05\/unique_flame_insert-3d-1.jpg\" alt=\"\" width=\"492\" height=\"300\" srcset=\"https:\/\/aflamo.shop\/wp-content\/uploads\/2025\/05\/unique_flame_insert-3d-1.jpg 492w, https:\/\/aflamo.shop\/wp-content\/uploads\/2025\/05\/unique_flame_insert-3d-1-300x183.jpg 300w\" sizes=\"(max-width: 492px) 100vw, 492px\" \/><\/p>\n<ul>\n<li>3 couleurs de flamme<\/li>\n<li>5 niveaux de luminosit\u00e9<\/li>\n<li>5 vitesses de flamme<\/li>\n<\/ul>\n<p><img decoding=\"async\" class=\"aligncenter wp-image-17814 size-full\" src=\"https:\/\/aflamo.shop\/wp-content\/uploads\/2025\/05\/Royal-3D_flame_colors-1.jpg\" alt=\"\" width=\"637\" height=\"418\" srcset=\"https:\/\/aflamo.shop\/wp-content\/uploads\/2025\/05\/Royal-3D_flame_colors-1.jpg 637w, https:\/\/aflamo.shop\/wp-content\/uploads\/2025\/05\/Royal-3D_flame_colors-1-600x394.jpg 600w, https:\/\/aflamo.shop\/wp-content\/uploads\/2025\/05\/Royal-3D_flame_colors-1-300x197.jpg 300w\" sizes=\"(max-width: 637px) 100vw, 637px\" \/><\/p>\n<ul>\n<li>13 couleurs d&rsquo;\u00e9clairage de l&rsquo;\u00e2tre<\/li>\n<li>2 types de foyers inclus : b\u00fbches et cristaux<\/li>\n<\/ul>\n<p><img loading=\"lazy\" decoding=\"async\" class=\"aligncenter wp-image-17808 size-full\" src=\"https:\/\/aflamo.shop\/wp-content\/uploads\/2025\/05\/polana_krysztaly-e1603875138523-1.png\" alt=\"\" width=\"413\" height=\"297\" srcset=\"https:\/\/aflamo.shop\/wp-content\/uploads\/2025\/05\/polana_krysztaly-e1603875138523-1.png 413w, https:\/\/aflamo.shop\/wp-content\/uploads\/2025\/05\/polana_krysztaly-e1603875138523-1-300x216.png 300w\" sizes=\"(max-width: 413px) 100vw, 413px\" \/><\/p>\n<ul>\n<li>La chemin\u00e9e Milos est livr\u00e9e avec des b\u00fbches semi-transparentes qui donnent l&rsquo;impression de bois incandescent.<\/li>\n<\/ul>\n<p><img loading=\"lazy\" decoding=\"async\" class=\"aligncenter wp-image-17832 size-full\" src=\"https:\/\/aflamo.shop\/wp-content\/uploads\/2025\/05\/unique_logs_royal-pro-1.jpg\" alt=\"\" width=\"492\" height=\"300\" srcset=\"https:\/\/aflamo.shop\/wp-content\/uploads\/2025\/05\/unique_logs_royal-pro-1.jpg 492w, https:\/\/aflamo.shop\/wp-content\/uploads\/2025\/05\/unique_logs_royal-pro-1-300x183.jpg 300w\" sizes=\"(max-width: 492px) 100vw, 492px\" \/><\/p>\n<p>&nbsp;<\/p>\n<\/section>\n<h2><\/h2>\n<section class=\"product-description\">\n<h2>\ud83c\udfb6 D\u00e9tendez-vous au son du feu<\/h2>\n<p>Fermez les yeux et d\u00e9tendez-vous au son <strong>authentique du cr\u00e9pitement du bois<\/strong>. Le haut-parleur int\u00e9gr\u00e9 vous emm\u00e8ne directement dans le monde de la d\u00e9tente et de la chaleur de la maison. <\/p>\n<\/section>\n<p><img loading=\"lazy\" decoding=\"async\" class=\"aligncenter wp-image-17874 size-full\" src=\"https:\/\/aflamo.shop\/wp-content\/uploads\/2025\/05\/unique_sound_milos-1.jpg\" alt=\"\" width=\"492\" height=\"300\" srcset=\"https:\/\/aflamo.shop\/wp-content\/uploads\/2025\/05\/unique_sound_milos-1.jpg 492w, https:\/\/aflamo.shop\/wp-content\/uploads\/2025\/05\/unique_sound_milos-1-300x183.jpg 300w\" sizes=\"(max-width: 492px) 100vw, 492px\" \/><\/p>\n<section class=\"product-description\">\n<h2>\ud83d\udcf1 Contr\u00f4le intelligent &#8211; mobile et vocal<\/h2>\n<ul>\n<li>Assistance via application mobile (Android et iOS)<\/li>\n<li>Contr\u00f4le vocal avec Amazon Alexa<\/li>\n<li>T\u00e9l\u00e9commande incluse <a href=\"https:\/\/aflamo.shop\/wp-content\/uploads\/2025\/05\/Milos.pdf\">Milos<\/a><\/li>\n<\/ul>\n<p><img loading=\"lazy\" decoding=\"async\" class=\"aligncenter wp-image-17820 size-full\" src=\"https:\/\/aflamo.shop\/wp-content\/uploads\/2025\/05\/unique_app_milos.jpg\" alt=\"\" width=\"492\" height=\"300\" srcset=\"https:\/\/aflamo.shop\/wp-content\/uploads\/2025\/05\/unique_app_milos.jpg 492w, https:\/\/aflamo.shop\/wp-content\/uploads\/2025\/05\/unique_app_milos-300x183.jpg 300w\" sizes=\"(max-width: 492px) 100vw, 492px\" \/><\/p>\n<h2>\u2668\ufe0f Fonction de chauffage &#8211; chauffez quand vous en avez besoin<\/h2>\n<ul>\n<li>2 niveaux de puissance de chauffage<\/li>\n<li>Thermostat avec plage de temp\u00e9rature : 18\u201330\u00b0C<\/li>\n<li>Minuterie \/ Minuterie de mise en veille<\/li>\n<li>Soufflage d&rsquo;air chaud<\/li>\n<li>Capteur de fen\u00eatre ouverte (\u00e9conomie d&rsquo;\u00e9nergie)<\/li>\n<li>Pas besoin de ventilation &#8211; pas de fum\u00e9e ni de salet\u00e9<\/li>\n<\/ul>\n<h2>\ud83d\udca1 Confort toute l&rsquo;ann\u00e9e<\/h2>\n<p><strong>La flamme fonctionne ind\u00e9pendamment de la fonction de chauffage<\/strong>, ce qui vous permet d&rsquo;utiliser la chemin\u00e9e \u00e9galement les jours plus chauds. Profitez de l&rsquo;ambiance toute l&rsquo;ann\u00e9e ! <\/p>\n<h2>\ud83c\udf3f \u00c9cologique et s\u00fbr<\/h2>\n<ul>\n<li>Aucune \u00e9mission de CO\u2082 ni de substances nocives<\/li>\n<li>Pas de fum\u00e9e, de poussi\u00e8re ou de cendres<\/li>\n<li>Le verre ne chauffe pas &#8211; sans danger pour les enfants et les animaux<\/li>\n<li>Capteur de s\u00e9curit\u00e9 de radiateur int\u00e9gr\u00e9<\/li>\n<\/ul>\n<h2>\ud83d\udce6 L&rsquo;ensemble comprend :<\/h2>\n<ul>\n<li>Chemin\u00e9e \u00e9lectrique Milos<\/li>\n<li>T\u00e9l\u00e9commande<\/li>\n<li>Ensemble de chemin\u00e9e (b\u00fbche + cristaux)<\/li>\n<li>Accessoires de montage<\/li>\n<li>Mode d&#8217;emploi<\/li>\n<li>Profil\u00e9s en polystyr\u00e8ne pour la protection du transport<\/li>\n<\/ul>\n<h2>\ud83d\udcb0 \u00c9conomie et \u00e9pargne<\/h2>\n<p><strong>Technologie LED = faible co\u00fbt d\u2019utilisation <\/strong>\u2013 seulement 1 \u00e0 2 centimes par heure d\u2019effet de flamme ! La chemin\u00e9e est \u00e9galement \u00e9quip\u00e9e d&rsquo;un capteur de fen\u00eatre ouverte qui \u00e9teint automatiquement le chauffage lorsque la temp\u00e9rature baisse. <\/p>\n<h2>\ud83d\udd25 R\u00e9sum\u00e9<\/h2>\n<p><strong>La chemin\u00e9e \u00e9lectrique autoportante Milos<\/strong> est la solution parfaite pour les personnes qui souhaitent allier confort, esth\u00e9tique et \u00e9cologie. Choisissez la couleur et la taille qui conviennent le mieux \u00e0 votre int\u00e9rieur \u2013 et profitez d\u2019un feu qui ne fait pas de d\u00e9g\u00e2ts ! <\/p>\n<\/section>\n<ul><strong><\/p>\n<p><a href=\"https:\/\/aflamo.shop\/wp-content\/uploads\/2025\/05\/Milos.pdf\">Instructions de montage du bo\u00eetier<\/a><\/p>\n<p><a href=\"https:\/\/aflamo.shop\/wp-content\/uploads\/2024\/11\/Insert-3D_EN-PL-DE-IT-ES-FR-CS-SK-NL-2.pdf\">Instruction et s\u00e9curit\u00e9<\/a><\/p>\n<p><\/strong><\/ul>\n<h2>Dessins techniques<\/h2>\n<p>&nbsp;<\/p>\n<p><b>Milos 40 Black<\/b><\/p>\n<p><img loading=\"lazy\" decoding=\"async\" class=\"aligncenter wp-image-17892 size-full\" src=\"https:\/\/aflamo.shop\/wp-content\/uploads\/2025\/05\/Milos_40.png\" alt=\"\" width=\"1012\" height=\"1059\" srcset=\"https:\/\/aflamo.shop\/wp-content\/uploads\/2025\/05\/Milos_40.png 1012w, https:\/\/aflamo.shop\/wp-content\/uploads\/2025\/05\/Milos_40-600x628.png 600w, https:\/\/aflamo.shop\/wp-content\/uploads\/2025\/05\/Milos_40-287x300.png 287w, https:\/\/aflamo.shop\/wp-content\/uploads\/2025\/05\/Milos_40-979x1024.png 979w, https:\/\/aflamo.shop\/wp-content\/uploads\/2025\/05\/Milos_40-768x804.png 768w\" sizes=\"(max-width: 1012px) 100vw, 1012px\" \/><\/p>\n<p><b>Milos 60<\/b><\/p>\n<p><img loading=\"lazy\" decoding=\"async\" class=\"aligncenter wp-image-17886 size-full\" src=\"https:\/\/aflamo.shop\/wp-content\/uploads\/2025\/05\/Milos_60.png\" alt=\"\" width=\"1088\" height=\"963\" srcset=\"https:\/\/aflamo.shop\/wp-content\/uploads\/2025\/05\/Milos_60.png 1088w, https:\/\/aflamo.shop\/wp-content\/uploads\/2025\/05\/Milos_60-600x531.png 600w, https:\/\/aflamo.shop\/wp-content\/uploads\/2025\/05\/Milos_60-300x266.png 300w, https:\/\/aflamo.shop\/wp-content\/uploads\/2025\/05\/Milos_60-1024x906.png 1024w, https:\/\/aflamo.shop\/wp-content\/uploads\/2025\/05\/Milos_60-768x680.png 768w\" sizes=\"(max-width: 1088px) 100vw, 1088px\" \/><\/p>\n","protected":false},"excerpt":{"rendered":"<p> Fabricant : Aflamo<\/p>\n<p> Chemin\u00e9e \u00e9lectrique autoportante<\/p>\n<p><b>Mod\u00e8le :<\/b><\/p>\n<ul>\n<li><a href=\"https:\/\/aflamo.shop\/fr\/p\/aflamo-milos-black-40-cheminee-electrique-autoportante\/\">40<\/a><\/li>\n<li><a href=\"https:\/\/aflamo.shop\/fr\/p\/aflamo-milos-black-60-cheminee-electrique-autoportante\/\">60<\/a><\/li>\n<\/ul>\n<p><b>Couleurs:<\/b><\/p>\n<ul>\n<li><a href=\"https:\/\/aflamo.shop\/fr\/p\/aflamo-milos-black-40-cheminee-electrique-autoportante\/\">Black<\/a><\/li>\n<li><a href=\"https:\/\/aflamo.shop\/fr\/p\/aflamo-milos-white-40-cheminee-electrique-autoportante\/\">White<\/a><\/li>\n<\/ul>\n<p><b>Dimensions : L 40 x H 110 x P 25 cm   <b><\/p>\n","protected":false},"featured_media":17852,"comment_status":"open","ping_status":"closed","template":"","meta":[],"product_brand":[],"product_cat":[770,827,170,772,776,775],"product_tag":[],"class_list":{"0":"post-18480","1":"product","2":"type-product","3":"status-publish","4":"has-post-thumbnail","6":"product_cat-aflamo-fr","7":"product_cat-cheminees-autoportantes-a-led","8":"product_cat-cheminees-electriques-fr","9":"product_cat-cheminees-electriques-a-led-avec-fonction-de-chauffage","10":"product_cat-cheminees-electriques-avec-application-mobile","11":"product_cat-cheminees-electriques-avec-son","13":"first","14":"instock","15":"shipping-taxable","16":"purchasable","17":"product-type-simple"},"yoast_head":"<!-- This site is optimized with the Yoast SEO plugin v27.4 - https:\/\/yoast.com\/product\/yoast-seo-wordpress\/ -->\n<title>Aflamo Milos Black 40 - chemin\u00e9e \u00e9lectrique autoportante - aflamo.shop - revendeur aflamo certifi\u00e9<\/title>\n<meta name=\"robots\" content=\"index, follow, max-snippet:-1, max-image-preview:large, max-video-preview:-1\" \/>\n<link rel=\"canonical\" href=\"https:\/\/aflamo.shop\/fr\/p\/aflamo-milos-black-40-cheminee-electrique-autoportante\/\" \/>\n<meta property=\"og:locale\" content=\"fr_FR\" \/>\n<meta property=\"og:type\" content=\"article\" \/>\n<meta property=\"og:title\" content=\"Aflamo Milos Black 40 - chemin\u00e9e \u00e9lectrique autoportante - aflamo.shop - revendeur aflamo certifi\u00e9\" \/>\n<meta property=\"og:description\" content=\"Fabricant : Aflamo  Chemin\u00e9e \u00e9lectrique autoportante Mod\u00e8le :   40     60    Couleurs:   Black     White       Dimensions : L 40 x H 110 x P 25 cm\" \/>\n<meta property=\"og:url\" content=\"https:\/\/aflamo.shop\/fr\/p\/aflamo-milos-black-40-cheminee-electrique-autoportante\/\" \/>\n<meta property=\"og:site_name\" content=\"aflamo.shop - revendeur aflamo certifi\u00e9\" \/>\n<meta property=\"article:modified_time\" content=\"2026-04-16T10:55:41+00:00\" \/>\n<meta property=\"og:image\" content=\"https:\/\/aflamo.shop\/wp-content\/uploads\/2025\/05\/Milos_40_Black_front_1-1.jpg\" \/>\n\t<meta property=\"og:image:width\" content=\"2048\" \/>\n\t<meta property=\"og:image:height\" content=\"2048\" \/>\n\t<meta property=\"og:image:type\" content=\"image\/jpeg\" \/>\n<meta name=\"twitter:card\" content=\"summary_large_image\" \/>\n<meta name=\"twitter:label1\" content=\"Dur\u00e9e de lecture estim\u00e9e\" \/>\n\t<meta name=\"twitter:data1\" content=\"5 minutes\" \/>\n<script type=\"application\/ld+json\" class=\"yoast-schema-graph\">{\"@context\":\"https:\\\/\\\/schema.org\",\"@graph\":[{\"@type\":\"WebPage\",\"@id\":\"https:\\\/\\\/aflamo.shop\\\/fr\\\/p\\\/aflamo-milos-black-40-cheminee-electrique-autoportante\\\/\",\"url\":\"https:\\\/\\\/aflamo.shop\\\/fr\\\/p\\\/aflamo-milos-black-40-cheminee-electrique-autoportante\\\/\",\"name\":\"Aflamo Milos Black 40 - chemin\u00e9e \u00e9lectrique autoportante - aflamo.shop - revendeur aflamo certifi\u00e9\",\"isPartOf\":{\"@id\":\"https:\\\/\\\/aflamo.shop\\\/fr\\\/#website\"},\"primaryImageOfPage\":{\"@id\":\"https:\\\/\\\/aflamo.shop\\\/fr\\\/p\\\/aflamo-milos-black-40-cheminee-electrique-autoportante\\\/#primaryimage\"},\"image\":{\"@id\":\"https:\\\/\\\/aflamo.shop\\\/fr\\\/p\\\/aflamo-milos-black-40-cheminee-electrique-autoportante\\\/#primaryimage\"},\"thumbnailUrl\":\"https:\\\/\\\/aflamo.shop\\\/wp-content\\\/uploads\\\/2025\\\/05\\\/Milos_40_Black_front_1-1.jpg\",\"datePublished\":\"2025-05-14T09:12:55+00:00\",\"dateModified\":\"2026-04-16T10:55:41+00:00\",\"breadcrumb\":{\"@id\":\"https:\\\/\\\/aflamo.shop\\\/fr\\\/p\\\/aflamo-milos-black-40-cheminee-electrique-autoportante\\\/#breadcrumb\"},\"inLanguage\":\"fr-FR\",\"potentialAction\":[{\"@type\":\"ReadAction\",\"target\":[\"https:\\\/\\\/aflamo.shop\\\/fr\\\/p\\\/aflamo-milos-black-40-cheminee-electrique-autoportante\\\/\"]}]},{\"@type\":\"ImageObject\",\"inLanguage\":\"fr-FR\",\"@id\":\"https:\\\/\\\/aflamo.shop\\\/fr\\\/p\\\/aflamo-milos-black-40-cheminee-electrique-autoportante\\\/#primaryimage\",\"url\":\"https:\\\/\\\/aflamo.shop\\\/wp-content\\\/uploads\\\/2025\\\/05\\\/Milos_40_Black_front_1-1.jpg\",\"contentUrl\":\"https:\\\/\\\/aflamo.shop\\\/wp-content\\\/uploads\\\/2025\\\/05\\\/Milos_40_Black_front_1-1.jpg\",\"width\":2048,\"height\":2048},{\"@type\":\"BreadcrumbList\",\"@id\":\"https:\\\/\\\/aflamo.shop\\\/fr\\\/p\\\/aflamo-milos-black-40-cheminee-electrique-autoportante\\\/#breadcrumb\",\"itemListElement\":[{\"@type\":\"ListItem\",\"position\":1,\"name\":\"Page d'accueil\",\"item\":\"https:\\\/\\\/aflamo.shop\\\/fr\\\/\"},{\"@type\":\"ListItem\",\"position\":2,\"name\":\"Boutique\",\"item\":\"https:\\\/\\\/aflamo.shop\\\/boutique\\\/\"},{\"@type\":\"ListItem\",\"position\":3,\"name\":\"Aflamo\",\"item\":\"https:\\\/\\\/aflamo.shop\\\/fr\\\/s\\\/aflamo-fr\\\/\"},{\"@type\":\"ListItem\",\"position\":4,\"name\":\"Aflamo Milos Black 40 &#8211; chemin\u00e9e \u00e9lectrique autoportante\"}]},{\"@type\":\"WebSite\",\"@id\":\"https:\\\/\\\/aflamo.shop\\\/fr\\\/#website\",\"url\":\"https:\\\/\\\/aflamo.shop\\\/fr\\\/\",\"name\":\"aflamo.shop - revendeur aflamo certifi\u00e9\",\"description\":\"Kominki elektryczne Aflamo i Emotion Flame z funkcj\u0105 grzania\",\"publisher\":{\"@id\":\"https:\\\/\\\/aflamo.shop\\\/fr\\\/#organization\"},\"potentialAction\":[{\"@type\":\"SearchAction\",\"target\":{\"@type\":\"EntryPoint\",\"urlTemplate\":\"https:\\\/\\\/aflamo.shop\\\/fr\\\/?s={search_term_string}\"},\"query-input\":{\"@type\":\"PropertyValueSpecification\",\"valueRequired\":true,\"valueName\":\"search_term_string\"}}],\"inLanguage\":\"fr-FR\"},{\"@type\":\"Organization\",\"@id\":\"https:\\\/\\\/aflamo.shop\\\/fr\\\/#organization\",\"name\":\"aflamo.shop - revendeur aflamo certifi\u00e9\",\"url\":\"https:\\\/\\\/aflamo.shop\\\/fr\\\/\",\"logo\":{\"@type\":\"ImageObject\",\"inLanguage\":\"fr-FR\",\"@id\":\"https:\\\/\\\/aflamo.shop\\\/fr\\\/#\\\/schema\\\/logo\\\/image\\\/\",\"url\":\"https:\\\/\\\/aflamo.shop\\\/wp-content\\\/uploads\\\/2019\\\/10\\\/logo2.1-1-1.svg\",\"contentUrl\":\"https:\\\/\\\/aflamo.shop\\\/wp-content\\\/uploads\\\/2019\\\/10\\\/logo2.1-1-1.svg\",\"caption\":\"aflamo.shop - revendeur aflamo certifi\u00e9\"},\"image\":{\"@id\":\"https:\\\/\\\/aflamo.shop\\\/fr\\\/#\\\/schema\\\/logo\\\/image\\\/\"}}]}<\/script>\n<!-- \/ Yoast SEO plugin. -->","yoast_head_json":{"title":"Aflamo Milos Black 40 - chemin\u00e9e \u00e9lectrique autoportante - aflamo.shop - revendeur aflamo certifi\u00e9","robots":{"index":"index","follow":"follow","max-snippet":"max-snippet:-1","max-image-preview":"max-image-preview:large","max-video-preview":"max-video-preview:-1"},"canonical":"https:\/\/aflamo.shop\/fr\/p\/aflamo-milos-black-40-cheminee-electrique-autoportante\/","og_locale":"fr_FR","og_type":"article","og_title":"Aflamo Milos Black 40 - chemin\u00e9e \u00e9lectrique autoportante - aflamo.shop - revendeur aflamo certifi\u00e9","og_description":"Fabricant : Aflamo  Chemin\u00e9e \u00e9lectrique autoportante Mod\u00e8le :   40     60    Couleurs:   Black     White       Dimensions : L 40 x H 110 x P 25 cm","og_url":"https:\/\/aflamo.shop\/fr\/p\/aflamo-milos-black-40-cheminee-electrique-autoportante\/","og_site_name":"aflamo.shop - revendeur aflamo certifi\u00e9","article_modified_time":"2026-04-16T10:55:41+00:00","og_image":[{"width":2048,"height":2048,"url":"https:\/\/aflamo.shop\/wp-content\/uploads\/2025\/05\/Milos_40_Black_front_1-1.jpg","type":"image\/jpeg"}],"twitter_card":"summary_large_image","twitter_misc":{"Dur\u00e9e de lecture estim\u00e9e":"5 minutes"},"schema":{"@context":"https:\/\/schema.org","@graph":[{"@type":"WebPage","@id":"https:\/\/aflamo.shop\/fr\/p\/aflamo-milos-black-40-cheminee-electrique-autoportante\/","url":"https:\/\/aflamo.shop\/fr\/p\/aflamo-milos-black-40-cheminee-electrique-autoportante\/","name":"Aflamo Milos Black 40 - chemin\u00e9e \u00e9lectrique autoportante - aflamo.shop - revendeur aflamo certifi\u00e9","isPartOf":{"@id":"https:\/\/aflamo.shop\/fr\/#website"},"primaryImageOfPage":{"@id":"https:\/\/aflamo.shop\/fr\/p\/aflamo-milos-black-40-cheminee-electrique-autoportante\/#primaryimage"},"image":{"@id":"https:\/\/aflamo.shop\/fr\/p\/aflamo-milos-black-40-cheminee-electrique-autoportante\/#primaryimage"},"thumbnailUrl":"https:\/\/aflamo.shop\/wp-content\/uploads\/2025\/05\/Milos_40_Black_front_1-1.jpg","datePublished":"2025-05-14T09:12:55+00:00","dateModified":"2026-04-16T10:55:41+00:00","breadcrumb":{"@id":"https:\/\/aflamo.shop\/fr\/p\/aflamo-milos-black-40-cheminee-electrique-autoportante\/#breadcrumb"},"inLanguage":"fr-FR","potentialAction":[{"@type":"ReadAction","target":["https:\/\/aflamo.shop\/fr\/p\/aflamo-milos-black-40-cheminee-electrique-autoportante\/"]}]},{"@type":"ImageObject","inLanguage":"fr-FR","@id":"https:\/\/aflamo.shop\/fr\/p\/aflamo-milos-black-40-cheminee-electrique-autoportante\/#primaryimage","url":"https:\/\/aflamo.shop\/wp-content\/uploads\/2025\/05\/Milos_40_Black_front_1-1.jpg","contentUrl":"https:\/\/aflamo.shop\/wp-content\/uploads\/2025\/05\/Milos_40_Black_front_1-1.jpg","width":2048,"height":2048},{"@type":"BreadcrumbList","@id":"https:\/\/aflamo.shop\/fr\/p\/aflamo-milos-black-40-cheminee-electrique-autoportante\/#breadcrumb","itemListElement":[{"@type":"ListItem","position":1,"name":"Page d'accueil","item":"https:\/\/aflamo.shop\/fr\/"},{"@type":"ListItem","position":2,"name":"Boutique","item":"https:\/\/aflamo.shop\/boutique\/"},{"@type":"ListItem","position":3,"name":"Aflamo","item":"https:\/\/aflamo.shop\/fr\/s\/aflamo-fr\/"},{"@type":"ListItem","position":4,"name":"Aflamo Milos Black 40 &#8211; chemin\u00e9e \u00e9lectrique autoportante"}]},{"@type":"WebSite","@id":"https:\/\/aflamo.shop\/fr\/#website","url":"https:\/\/aflamo.shop\/fr\/","name":"aflamo.shop - revendeur aflamo certifi\u00e9","description":"Kominki elektryczne Aflamo i Emotion Flame z funkcj\u0105 grzania","publisher":{"@id":"https:\/\/aflamo.shop\/fr\/#organization"},"potentialAction":[{"@type":"SearchAction","target":{"@type":"EntryPoint","urlTemplate":"https:\/\/aflamo.shop\/fr\/?s={search_term_string}"},"query-input":{"@type":"PropertyValueSpecification","valueRequired":true,"valueName":"search_term_string"}}],"inLanguage":"fr-FR"},{"@type":"Organization","@id":"https:\/\/aflamo.shop\/fr\/#organization","name":"aflamo.shop - revendeur aflamo certifi\u00e9","url":"https:\/\/aflamo.shop\/fr\/","logo":{"@type":"ImageObject","inLanguage":"fr-FR","@id":"https:\/\/aflamo.shop\/fr\/#\/schema\/logo\/image\/","url":"https:\/\/aflamo.shop\/wp-content\/uploads\/2019\/10\/logo2.1-1-1.svg","contentUrl":"https:\/\/aflamo.shop\/wp-content\/uploads\/2019\/10\/logo2.1-1-1.svg","caption":"aflamo.shop - revendeur aflamo certifi\u00e9"},"image":{"@id":"https:\/\/aflamo.shop\/fr\/#\/schema\/logo\/image\/"}}]}},"_links":{"self":[{"href":"https:\/\/aflamo.shop\/fr\/wp-json\/wp\/v2\/product\/18480","targetHints":{"allow":["GET"]}}],"collection":[{"href":"https:\/\/aflamo.shop\/fr\/wp-json\/wp\/v2\/product"}],"about":[{"href":"https:\/\/aflamo.shop\/fr\/wp-json\/wp\/v2\/types\/product"}],"replies":[{"embeddable":true,"href":"https:\/\/aflamo.shop\/fr\/wp-json\/wp\/v2\/comments?post=18480"}],"wp:featuredmedia":[{"embeddable":true,"href":"https:\/\/aflamo.shop\/fr\/wp-json\/wp\/v2\/media\/17852"}],"wp:attachment":[{"href":"https:\/\/aflamo.shop\/fr\/wp-json\/wp\/v2\/media?parent=18480"}],"wp:term":[{"taxonomy":"product_brand","embeddable":true,"href":"https:\/\/aflamo.shop\/fr\/wp-json\/wp\/v2\/product_brand?post=18480"},{"taxonomy":"product_cat","embeddable":true,"href":"https:\/\/aflamo.shop\/fr\/wp-json\/wp\/v2\/product_cat?post=18480"},{"taxonomy":"product_tag","embeddable":true,"href":"https:\/\/aflamo.shop\/fr\/wp-json\/wp\/v2\/product_tag?post=18480"}],"curies":[{"name":"wp","href":"https:\/\/api.w.org\/{rel}","templated":true}]}}