{"id":18476,"date":"2025-05-19T11:11:55","date_gmt":"2025-05-19T11:11:55","guid":{"rendered":"https:\/\/aflamo.shop\/p\/aflamo-textel-noir-cheminee-electrique-sur-pied\/"},"modified":"2026-04-16T10:44:16","modified_gmt":"2026-04-16T10:44:16","slug":"aflamo-texel-noir-cheminee-electrique-sur-pied","status":"publish","type":"product","link":"https:\/\/aflamo.shop\/fr\/p\/aflamo-texel-noir-cheminee-electrique-sur-pied\/","title":{"rendered":"Aflamo Texel noir &#8211; chemin\u00e9e \u00e9lectrique sur pied"},"content":{"rendered":"<p><iframe title=\"Lecteur vid\u00e9o YouTube\" src=\"https:\/\/www.youtube.com\/embed\/ifq3oziZr8M?si=NawC3dFiCsR94AVP\" width=\"560\" height=\"315\" frameborder=\"0\" allowfullscreen=\"allowfullscreen\"><span data-mce-type=\"bookmark\" style=\"display: inline-block; width: 0px; overflow: hidden; line-height: 0;\" class=\"mce_SELRES_start\"><\/span><\/iframe><\/p>\n<div class=\"product-description\">\n<h1>Chemin\u00e9e \u00e9lectrique autoportante Texel \u2013 modernit\u00e9 et confort r\u00e9unis<\/h1>\n<p>Vous recherchez une mani\u00e8re \u00e9l\u00e9gante et fonctionnelle de cr\u00e9er un int\u00e9rieur atmosph\u00e9rique ?<br \/>\n<strong>Le foyer \u00e9lectrique autonome Texel<\/strong> est la solution parfaite pour tous ceux qui r\u00eavent d&rsquo;un feu \u00e0 la maison sans les tracas du carburant et de la fum\u00e9e.<br \/>\nDisponible en deux variantes de couleurs \u2013 <strong>noir<\/strong> et <strong>blanc <\/strong>\u2013 vous pouvez facilement l\u2019assortir \u00e0 votre int\u00e9rieur !<\/p>\n<h2>Design minimaliste \u2013 bo\u00eetier m\u00e9tallique en deux couleurs<\/h2>\n<p>Le bo\u00eetier de chemin\u00e9e Texel est enti\u00e8rement fabriqu\u00e9 en m\u00e9tal durable avec rev\u00eatement en poudre. Vous pouvez choisir entre le classique<br \/>\n<strong>noir <\/strong>ou <strong>blanc <\/strong>\u00e9l\u00e9gant \u2013 choisissez la couleur qui correspond le mieux \u00e0 votre style.<\/p>\n<p><img fetchpriority=\"high\" decoding=\"async\" class=\"aligncenter wp-image-18316 size-full\" src=\"https:\/\/aflamo.shop\/wp-content\/uploads\/2025\/05\/unique_texel.jpg\" alt=\"Chemin\u00e9e \u00e9lectrique autoportante Texel dans le salon - Version noire\" width=\"492\" height=\"300\" srcset=\"https:\/\/aflamo.shop\/wp-content\/uploads\/2025\/05\/unique_texel.jpg 492w, https:\/\/aflamo.shop\/wp-content\/uploads\/2025\/05\/unique_texel-300x183.jpg 300w\" sizes=\"(max-width: 492px) 100vw, 492px\" \/><\/p>\n<h2>Effet de flamme 3D &#8211; comme un vrai feu<\/h2>\n<p>Le mod\u00e8le Texel avec insert <strong>Tower 46<\/strong> offre une flamme \u00e9poustouflante et r\u00e9aliste gr\u00e2ce \u00e0 la technologie <strong>AFLAMO PLUS.<\/strong><br \/>\nL&rsquo;effet de feu tridimensionnel et les b\u00fbches semi-transparentes incandescentes donnent \u00e0 la chemin\u00e9e l&rsquo;apparence d&rsquo;une chemin\u00e9e naturelle &#8211; sans fum\u00e9e ni cendres.<\/p>\n<p><img decoding=\"async\" class=\"aligncenter wp-image-18292 size-full\" src=\"https:\/\/aflamo.shop\/wp-content\/uploads\/2025\/05\/unique_flame_tower.jpg\" alt=\"Effet de flamme 3D dans une chemin\u00e9e Texel avec un insert Tower 46\" width=\"492\" height=\"300\" srcset=\"https:\/\/aflamo.shop\/wp-content\/uploads\/2025\/05\/unique_flame_tower.jpg 492w, https:\/\/aflamo.shop\/wp-content\/uploads\/2025\/05\/unique_flame_tower-300x183.jpg 300w\" sizes=\"(max-width: 492px) 100vw, 492px\" \/><\/p>\n<ul>\n<li>6 couleurs de flamme, 5 niveaux de luminosit\u00e9, 3 vitesses<\/li>\n<\/ul>\n<p><img decoding=\"async\" class=\"aligncenter wp-image-18280 size-full\" src=\"https:\/\/aflamo.shop\/wp-content\/uploads\/2025\/05\/Tower_flame_colors.jpg\" alt=\"Couleurs de flammes du foyer \u00e9lectrique Texel - Palette de 6 couleurs\" width=\"637\" height=\"418\" srcset=\"https:\/\/aflamo.shop\/wp-content\/uploads\/2025\/05\/Tower_flame_colors.jpg 637w, https:\/\/aflamo.shop\/wp-content\/uploads\/2025\/05\/Tower_flame_colors-600x394.jpg 600w, https:\/\/aflamo.shop\/wp-content\/uploads\/2025\/05\/Tower_flame_colors-300x197.jpg 300w\" sizes=\"(max-width: 637px) 100vw, 637px\" \/><\/p>\n<ul>\n<li><strong><span class=\"digit\">10 <\/span><\/strong>couleurs d&rsquo;\u00e9clairage du foyer.<br \/>\n<strong><span class=\"digit\">5 <\/span><\/strong>niveaux de luminosit\u00e9 de l&rsquo;\u00e9clairage du foyer.<\/li>\n<\/ul>\n<p><img loading=\"lazy\" decoding=\"async\" class=\"aligncenter wp-image-18298 size-full\" src=\"https:\/\/aflamo.shop\/wp-content\/uploads\/2025\/05\/unique_logs_tower-1.jpg\" alt=\"B\u00fbches translucides dans la chemin\u00e9e Texel \u2013 un foyer r\u00e9aliste\" width=\"492\" height=\"300\" srcset=\"https:\/\/aflamo.shop\/wp-content\/uploads\/2025\/05\/unique_logs_tower-1.jpg 492w, https:\/\/aflamo.shop\/wp-content\/uploads\/2025\/05\/unique_logs_tower-1-300x183.jpg 300w\" sizes=\"(max-width: 492px) 100vw, 492px\" \/><\/p>\n<h2>Effet sonore \u2013 \u00c9coutez le cr\u00e9pitement du feu<\/h2>\n<p>Gr\u00e2ce au haut-parleur int\u00e9gr\u00e9, vous entendrez <strong>le son r\u00e9aliste du bois qui br\u00fble,<\/strong> ce qui renforce l&rsquo;impression d&rsquo;une v\u00e9ritable chemin\u00e9e.<br \/>\nC&rsquo;est le d\u00e9cor id\u00e9al pour une soir\u00e9e de d\u00e9tente, un livre ou un d\u00eener romantique.<\/p>\n<p><img loading=\"lazy\" decoding=\"async\" class=\"aligncenter wp-image-18310 size-full\" src=\"https:\/\/aflamo.shop\/wp-content\/uploads\/2025\/05\/unique_sound_texel-black.jpg\" alt=\"Chemin\u00e9e Texel Black avec fonction sonore de combustion du bois\" width=\"492\" height=\"300\" srcset=\"https:\/\/aflamo.shop\/wp-content\/uploads\/2025\/05\/unique_sound_texel-black.jpg 492w, https:\/\/aflamo.shop\/wp-content\/uploads\/2025\/05\/unique_sound_texel-black-300x183.jpg 300w\" sizes=\"(max-width: 492px) 100vw, 492px\" \/><\/p>\n<h2>Contr\u00f4le via l&rsquo;application et les commandes vocales<\/h2>\n<p>Vous pouvez utiliser le foyer \u00e9lectrique autonome Texel de plusieurs mani\u00e8res :<\/p>\n<ul>\n<li><strong>T\u00e9l\u00e9commande<\/strong><\/li>\n<li><strong>Application mobile<\/strong> (Android et iOS)<\/li>\n<li><strong>Commandes vocales<\/strong> avec Amazon Alexa<\/li>\n<\/ul>\n<p><img loading=\"lazy\" decoding=\"async\" class=\"aligncenter wp-image-18286 size-full\" src=\"https:\/\/aflamo.shop\/wp-content\/uploads\/2025\/05\/unique_app_texel-black.jpg\" alt=\"Contr\u00f4ler la chemin\u00e9e Texel Black \u00e0 l'aide d'une application mobile\" width=\"492\" height=\"300\" srcset=\"https:\/\/aflamo.shop\/wp-content\/uploads\/2025\/05\/unique_app_texel-black.jpg 492w, https:\/\/aflamo.shop\/wp-content\/uploads\/2025\/05\/unique_app_texel-black-300x183.jpg 300w\" sizes=\"(max-width: 492px) 100vw, 492px\" \/><\/p>\n<h2>Fonction chauffage &#8211; confort toute l&rsquo;ann\u00e9e<\/h2>\n<p>Texel n&rsquo;est pas seulement \u00e9l\u00e9gant, il vous garde \u00e9galement <strong>au chaud <\/strong>lorsque vous en avez besoin. Il fonctionne avec deux niveaux de puissance et<br \/>\n<strong>thermostat (18\u201330\u00b0C)<\/strong>, qui chauffe rapidement la pi\u00e8ce et maintient une temp\u00e9rature confortable.<\/p>\n<ul>\n<li>Aucune ventilation requise<\/li>\n<li>Pas de suie, de fum\u00e9e ou de gaz d&rsquo;\u00e9chappement<\/li>\n<li>Possibilit\u00e9 d&rsquo;utiliser la flamme<strong> sans chauffage<\/strong> &#8211; \u00e9galement en \u00e9t\u00e9<\/li>\n<\/ul>\n<h2>S\u00e9curit\u00e9 pour les enfants et les animaux<\/h2>\n<p>Le verre de la chemin\u00e9e <strong>ne chauffe pas,<\/strong> ce qui la rend totalement s\u00fbre pour les enfants et les animaux domestiques.<br \/>\n<strong>Le capteur de s\u00e9curit\u00e9 \u00e9teindra<\/strong> automatiquement le chauffage si la sortie est couverte.<\/p>\n<h2>Choix \u00e9cologique et \u00e9conomique<\/h2>\n<p>Les chemin\u00e9es \u00e9lectriques sont <strong>\u00e0 z\u00e9ro \u00e9mission<\/strong> : elles n\u2019\u00e9mettent pas de CO\u2082 et ne produisent ni cendres ni suie.<br \/>\nGr\u00e2ce \u00e0 la technologie LED, le co\u00fbt de l\u2019effet de flamme est de seulement <strong>1 \u00e0 2 centimes par heure.<\/strong><\/p>\n<h2>Contenu du kit :<\/h2>\n<ul>\n<li>Chemin\u00e9e \u00e9lectrique autoportante Texel<\/li>\n<li>T\u00e9l\u00e9commande<\/li>\n<li>Ensemble de foyers avec b\u00fbches<\/li>\n<li>Accessoires de montage<\/li>\n<li>Instructions d&rsquo;utilisation et de montage<\/li>\n<li>Profil\u00e9s de protection en polystyr\u00e8ne<\/li>\n<\/ul>\n<h2>Pourquoi choisir une chemin\u00e9e Texel ?<\/h2>\n<ul>\n<li>Design moderne en deux couleurs<\/li>\n<li>Effets de flamme et de son r\u00e9alistes<\/li>\n<li>Chauffage et thermostat int\u00e9gr\u00e9s<\/li>\n<li>S\u00e9curit\u00e9 et \u00e9cologie<\/li>\n<li>Facile \u00e0 utiliser \u2013 t\u00e9l\u00e9commande, application, commandes vocales<\/li>\n<\/ul>\n<p><strong>La chemin\u00e9e \u00e9lectrique autonome Texel<\/strong> est une combinaison de technologie moderne et d&rsquo;atmosph\u00e8re chaleureuse.<br \/>\nS\u00fbr, \u00e9l\u00e9gant et fonctionnel \u2013 parfait pour le salon, la chambre ou le bureau.<\/p>\n<p><strong>\ud83d\uded2 Commandez maintenant et ressentez la magie du feu \u2013 sans cendres, sans fum\u00e9e et sans probl\u00e8mes !<\/strong><\/p>\n<\/div>\n<ul><strong><\/p>\n<p><a href=\"https:\/\/aflamo.shop\/wp-content\/uploads\/2025\/05\/Texel.pdf\">Assemblage du bo\u00eetier<\/a><\/p>\n<p><a href=\"https:\/\/aflamo.shop\/wp-content\/uploads\/2025\/02\/Tower_EN-PL-DE-IT-ES-FR-CS-SK-NL-1-skompresowany.pdf\">Instruction et s\u00e9curit\u00e9<\/a><\/p>\n<p><\/strong><\/ul>\n<h2>Dessin technique<\/h2>\n<p><img loading=\"lazy\" decoding=\"async\" class=\"aligncenter wp-image-18323 size-full\" src=\"https:\/\/aflamo.shop\/wp-content\/uploads\/2025\/05\/Texel.png\" alt=\"\" width=\"907\" height=\"800\" srcset=\"https:\/\/aflamo.shop\/wp-content\/uploads\/2025\/05\/Texel.png 907w, https:\/\/aflamo.shop\/wp-content\/uploads\/2025\/05\/Texel-600x529.png 600w, https:\/\/aflamo.shop\/wp-content\/uploads\/2025\/05\/Texel-300x265.png 300w, https:\/\/aflamo.shop\/wp-content\/uploads\/2025\/05\/Texel-768x677.png 768w\" sizes=\"(max-width: 907px) 100vw, 907px\" \/><\/p>\n","protected":false},"excerpt":{"rendered":"<p>Fabricant : Aflamo<\/p>\n<p>GTIN :05908283562923<\/p>\n<p>Chemin\u00e9e \u00e9lectrique autoportante<\/p>\n<p><b>Couleur<\/b><\/p>\n<ul>\n<li><a href=\"https:\/\/aflamo.shop\/fr\/p\/aflamo-texel-noir-cheminee-electrique-sur-pied\/\">Noir<\/a><\/li>\n<li><a href=\"https:\/\/aflamo.shop\/fr\/p\/aflamo-texel-blanc-cheminee-electrique-autoportante\/\">Blanc<\/a><\/li>\n<\/ul>\n<p><b>Dimensions : 60x110x33 cm<\/b><\/p>\n","protected":false},"featured_media":18216,"comment_status":"open","ping_status":"closed","template":"","meta":[],"product_brand":[],"product_cat":[770,827,170,772,776,775],"product_tag":[],"class_list":{"0":"post-18476","1":"product","2":"type-product","3":"status-publish","4":"has-post-thumbnail","6":"product_cat-aflamo-fr","7":"product_cat-cheminees-autoportantes-a-led","8":"product_cat-cheminees-electriques-fr","9":"product_cat-cheminees-electriques-a-led-avec-fonction-de-chauffage","10":"product_cat-cheminees-electriques-avec-application-mobile","11":"product_cat-cheminees-electriques-avec-son","13":"first","14":"instock","15":"shipping-taxable","16":"purchasable","17":"product-type-simple"},"yoast_head":"<!-- This site is optimized with the Yoast SEO plugin v27.4 - https:\/\/yoast.com\/product\/yoast-seo-wordpress\/ -->\n<title>Aflamo Texel noir - chemin\u00e9e \u00e9lectrique sur pied - aflamo.shop - revendeur aflamo certifi\u00e9<\/title>\n<meta name=\"description\" content=\"Le foyer \u00e9lectrique autonome Texel est la solution parfaite pour tous ceux qui r\u00eavent d&#039;un feu \u00e0 la maison sans les tracas du carburant et de la fum\u00e9e.\" \/>\n<meta name=\"robots\" content=\"index, follow, max-snippet:-1, max-image-preview:large, max-video-preview:-1\" \/>\n<link rel=\"canonical\" href=\"https:\/\/aflamo.shop\/fr\/p\/aflamo-texel-noir-cheminee-electrique-sur-pied\/\" \/>\n<meta property=\"og:locale\" content=\"fr_FR\" \/>\n<meta property=\"og:type\" content=\"article\" \/>\n<meta property=\"og:title\" content=\"Aflamo Texel noir - chemin\u00e9e \u00e9lectrique sur pied - aflamo.shop - revendeur aflamo certifi\u00e9\" \/>\n<meta property=\"og:description\" content=\"Le foyer \u00e9lectrique autonome Texel est la solution parfaite pour tous ceux qui r\u00eavent d&#039;un feu \u00e0 la maison sans les tracas du carburant et de la fum\u00e9e.\" \/>\n<meta property=\"og:url\" content=\"https:\/\/aflamo.shop\/fr\/p\/aflamo-texel-noir-cheminee-electrique-sur-pied\/\" \/>\n<meta property=\"og:site_name\" content=\"aflamo.shop - revendeur aflamo certifi\u00e9\" \/>\n<meta property=\"article:modified_time\" content=\"2026-04-16T10:44:16+00:00\" \/>\n<meta property=\"og:image\" content=\"https:\/\/aflamo.shop\/wp-content\/uploads\/2025\/05\/Texel_Black_front_1.jpg\" \/>\n\t<meta property=\"og:image:width\" content=\"2048\" \/>\n\t<meta property=\"og:image:height\" content=\"2048\" \/>\n\t<meta property=\"og:image:type\" content=\"image\/jpeg\" \/>\n<meta name=\"twitter:card\" content=\"summary_large_image\" \/>\n<meta name=\"twitter:label1\" content=\"Dur\u00e9e de lecture estim\u00e9e\" \/>\n\t<meta name=\"twitter:data1\" content=\"5 minutes\" \/>\n<script type=\"application\/ld+json\" class=\"yoast-schema-graph\">{\"@context\":\"https:\\\/\\\/schema.org\",\"@graph\":[{\"@type\":\"WebPage\",\"@id\":\"https:\\\/\\\/aflamo.shop\\\/fr\\\/p\\\/aflamo-texel-noir-cheminee-electrique-sur-pied\\\/\",\"url\":\"https:\\\/\\\/aflamo.shop\\\/fr\\\/p\\\/aflamo-texel-noir-cheminee-electrique-sur-pied\\\/\",\"name\":\"Aflamo Texel noir - chemin\u00e9e \u00e9lectrique sur pied - aflamo.shop - revendeur aflamo certifi\u00e9\",\"isPartOf\":{\"@id\":\"https:\\\/\\\/aflamo.shop\\\/fr\\\/#website\"},\"primaryImageOfPage\":{\"@id\":\"https:\\\/\\\/aflamo.shop\\\/fr\\\/p\\\/aflamo-texel-noir-cheminee-electrique-sur-pied\\\/#primaryimage\"},\"image\":{\"@id\":\"https:\\\/\\\/aflamo.shop\\\/fr\\\/p\\\/aflamo-texel-noir-cheminee-electrique-sur-pied\\\/#primaryimage\"},\"thumbnailUrl\":\"https:\\\/\\\/aflamo.shop\\\/wp-content\\\/uploads\\\/2025\\\/05\\\/Texel_Black_front_1.jpg\",\"datePublished\":\"2025-05-19T11:11:55+00:00\",\"dateModified\":\"2026-04-16T10:44:16+00:00\",\"description\":\"Le foyer \u00e9lectrique autonome Texel est la solution parfaite pour tous ceux qui r\u00eavent d'un feu \u00e0 la maison sans les tracas du carburant et de la fum\u00e9e.\",\"breadcrumb\":{\"@id\":\"https:\\\/\\\/aflamo.shop\\\/fr\\\/p\\\/aflamo-texel-noir-cheminee-electrique-sur-pied\\\/#breadcrumb\"},\"inLanguage\":\"fr-FR\",\"potentialAction\":[{\"@type\":\"ReadAction\",\"target\":[\"https:\\\/\\\/aflamo.shop\\\/fr\\\/p\\\/aflamo-texel-noir-cheminee-electrique-sur-pied\\\/\"]}]},{\"@type\":\"ImageObject\",\"inLanguage\":\"fr-FR\",\"@id\":\"https:\\\/\\\/aflamo.shop\\\/fr\\\/p\\\/aflamo-texel-noir-cheminee-electrique-sur-pied\\\/#primaryimage\",\"url\":\"https:\\\/\\\/aflamo.shop\\\/wp-content\\\/uploads\\\/2025\\\/05\\\/Texel_Black_front_1.jpg\",\"contentUrl\":\"https:\\\/\\\/aflamo.shop\\\/wp-content\\\/uploads\\\/2025\\\/05\\\/Texel_Black_front_1.jpg\",\"width\":2048,\"height\":2048},{\"@type\":\"BreadcrumbList\",\"@id\":\"https:\\\/\\\/aflamo.shop\\\/fr\\\/p\\\/aflamo-texel-noir-cheminee-electrique-sur-pied\\\/#breadcrumb\",\"itemListElement\":[{\"@type\":\"ListItem\",\"position\":1,\"name\":\"Page d'accueil\",\"item\":\"https:\\\/\\\/aflamo.shop\\\/fr\\\/\"},{\"@type\":\"ListItem\",\"position\":2,\"name\":\"Boutique\",\"item\":\"https:\\\/\\\/aflamo.shop\\\/boutique\\\/\"},{\"@type\":\"ListItem\",\"position\":3,\"name\":\"Chemin\u00e9es \u00e9lectriques\",\"item\":\"https:\\\/\\\/aflamo.shop\\\/fr\\\/s\\\/cheminees-electriques-fr\\\/\"},{\"@type\":\"ListItem\",\"position\":4,\"name\":\"Chemin\u00e9es autoportantes \u00e0 LED\",\"item\":\"https:\\\/\\\/aflamo.shop\\\/fr\\\/s\\\/cheminees-electriques-fr\\\/cheminees-autoportantes-a-led\\\/\"},{\"@type\":\"ListItem\",\"position\":5,\"name\":\"Aflamo Texel noir &#8211; chemin\u00e9e \u00e9lectrique sur pied\"}]},{\"@type\":\"WebSite\",\"@id\":\"https:\\\/\\\/aflamo.shop\\\/fr\\\/#website\",\"url\":\"https:\\\/\\\/aflamo.shop\\\/fr\\\/\",\"name\":\"aflamo.shop - revendeur aflamo certifi\u00e9\",\"description\":\"Kominki elektryczne Aflamo i Emotion Flame z funkcj\u0105 grzania\",\"publisher\":{\"@id\":\"https:\\\/\\\/aflamo.shop\\\/fr\\\/#organization\"},\"potentialAction\":[{\"@type\":\"SearchAction\",\"target\":{\"@type\":\"EntryPoint\",\"urlTemplate\":\"https:\\\/\\\/aflamo.shop\\\/fr\\\/?s={search_term_string}\"},\"query-input\":{\"@type\":\"PropertyValueSpecification\",\"valueRequired\":true,\"valueName\":\"search_term_string\"}}],\"inLanguage\":\"fr-FR\"},{\"@type\":\"Organization\",\"@id\":\"https:\\\/\\\/aflamo.shop\\\/fr\\\/#organization\",\"name\":\"aflamo.shop - revendeur aflamo certifi\u00e9\",\"url\":\"https:\\\/\\\/aflamo.shop\\\/fr\\\/\",\"logo\":{\"@type\":\"ImageObject\",\"inLanguage\":\"fr-FR\",\"@id\":\"https:\\\/\\\/aflamo.shop\\\/fr\\\/#\\\/schema\\\/logo\\\/image\\\/\",\"url\":\"https:\\\/\\\/aflamo.shop\\\/wp-content\\\/uploads\\\/2019\\\/10\\\/logo2.1-1-1.svg\",\"contentUrl\":\"https:\\\/\\\/aflamo.shop\\\/wp-content\\\/uploads\\\/2019\\\/10\\\/logo2.1-1-1.svg\",\"caption\":\"aflamo.shop - revendeur aflamo certifi\u00e9\"},\"image\":{\"@id\":\"https:\\\/\\\/aflamo.shop\\\/fr\\\/#\\\/schema\\\/logo\\\/image\\\/\"}}]}<\/script>\n<!-- \/ Yoast SEO plugin. -->","yoast_head_json":{"title":"Aflamo Texel noir - chemin\u00e9e \u00e9lectrique sur pied - aflamo.shop - revendeur aflamo certifi\u00e9","description":"Le foyer \u00e9lectrique autonome Texel est la solution parfaite pour tous ceux qui r\u00eavent d'un feu \u00e0 la maison sans les tracas du carburant et de la fum\u00e9e.","robots":{"index":"index","follow":"follow","max-snippet":"max-snippet:-1","max-image-preview":"max-image-preview:large","max-video-preview":"max-video-preview:-1"},"canonical":"https:\/\/aflamo.shop\/fr\/p\/aflamo-texel-noir-cheminee-electrique-sur-pied\/","og_locale":"fr_FR","og_type":"article","og_title":"Aflamo Texel noir - chemin\u00e9e \u00e9lectrique sur pied - aflamo.shop - revendeur aflamo certifi\u00e9","og_description":"Le foyer \u00e9lectrique autonome Texel est la solution parfaite pour tous ceux qui r\u00eavent d'un feu \u00e0 la maison sans les tracas du carburant et de la fum\u00e9e.","og_url":"https:\/\/aflamo.shop\/fr\/p\/aflamo-texel-noir-cheminee-electrique-sur-pied\/","og_site_name":"aflamo.shop - revendeur aflamo certifi\u00e9","article_modified_time":"2026-04-16T10:44:16+00:00","og_image":[{"width":2048,"height":2048,"url":"https:\/\/aflamo.shop\/wp-content\/uploads\/2025\/05\/Texel_Black_front_1.jpg","type":"image\/jpeg"}],"twitter_card":"summary_large_image","twitter_misc":{"Dur\u00e9e de lecture estim\u00e9e":"5 minutes"},"schema":{"@context":"https:\/\/schema.org","@graph":[{"@type":"WebPage","@id":"https:\/\/aflamo.shop\/fr\/p\/aflamo-texel-noir-cheminee-electrique-sur-pied\/","url":"https:\/\/aflamo.shop\/fr\/p\/aflamo-texel-noir-cheminee-electrique-sur-pied\/","name":"Aflamo Texel noir - chemin\u00e9e \u00e9lectrique sur pied - aflamo.shop - revendeur aflamo certifi\u00e9","isPartOf":{"@id":"https:\/\/aflamo.shop\/fr\/#website"},"primaryImageOfPage":{"@id":"https:\/\/aflamo.shop\/fr\/p\/aflamo-texel-noir-cheminee-electrique-sur-pied\/#primaryimage"},"image":{"@id":"https:\/\/aflamo.shop\/fr\/p\/aflamo-texel-noir-cheminee-electrique-sur-pied\/#primaryimage"},"thumbnailUrl":"https:\/\/aflamo.shop\/wp-content\/uploads\/2025\/05\/Texel_Black_front_1.jpg","datePublished":"2025-05-19T11:11:55+00:00","dateModified":"2026-04-16T10:44:16+00:00","description":"Le foyer \u00e9lectrique autonome Texel est la solution parfaite pour tous ceux qui r\u00eavent d'un feu \u00e0 la maison sans les tracas du carburant et de la fum\u00e9e.","breadcrumb":{"@id":"https:\/\/aflamo.shop\/fr\/p\/aflamo-texel-noir-cheminee-electrique-sur-pied\/#breadcrumb"},"inLanguage":"fr-FR","potentialAction":[{"@type":"ReadAction","target":["https:\/\/aflamo.shop\/fr\/p\/aflamo-texel-noir-cheminee-electrique-sur-pied\/"]}]},{"@type":"ImageObject","inLanguage":"fr-FR","@id":"https:\/\/aflamo.shop\/fr\/p\/aflamo-texel-noir-cheminee-electrique-sur-pied\/#primaryimage","url":"https:\/\/aflamo.shop\/wp-content\/uploads\/2025\/05\/Texel_Black_front_1.jpg","contentUrl":"https:\/\/aflamo.shop\/wp-content\/uploads\/2025\/05\/Texel_Black_front_1.jpg","width":2048,"height":2048},{"@type":"BreadcrumbList","@id":"https:\/\/aflamo.shop\/fr\/p\/aflamo-texel-noir-cheminee-electrique-sur-pied\/#breadcrumb","itemListElement":[{"@type":"ListItem","position":1,"name":"Page d'accueil","item":"https:\/\/aflamo.shop\/fr\/"},{"@type":"ListItem","position":2,"name":"Boutique","item":"https:\/\/aflamo.shop\/boutique\/"},{"@type":"ListItem","position":3,"name":"Chemin\u00e9es \u00e9lectriques","item":"https:\/\/aflamo.shop\/fr\/s\/cheminees-electriques-fr\/"},{"@type":"ListItem","position":4,"name":"Chemin\u00e9es autoportantes \u00e0 LED","item":"https:\/\/aflamo.shop\/fr\/s\/cheminees-electriques-fr\/cheminees-autoportantes-a-led\/"},{"@type":"ListItem","position":5,"name":"Aflamo Texel noir &#8211; chemin\u00e9e \u00e9lectrique sur pied"}]},{"@type":"WebSite","@id":"https:\/\/aflamo.shop\/fr\/#website","url":"https:\/\/aflamo.shop\/fr\/","name":"aflamo.shop - revendeur aflamo certifi\u00e9","description":"Kominki elektryczne Aflamo i Emotion Flame z funkcj\u0105 grzania","publisher":{"@id":"https:\/\/aflamo.shop\/fr\/#organization"},"potentialAction":[{"@type":"SearchAction","target":{"@type":"EntryPoint","urlTemplate":"https:\/\/aflamo.shop\/fr\/?s={search_term_string}"},"query-input":{"@type":"PropertyValueSpecification","valueRequired":true,"valueName":"search_term_string"}}],"inLanguage":"fr-FR"},{"@type":"Organization","@id":"https:\/\/aflamo.shop\/fr\/#organization","name":"aflamo.shop - revendeur aflamo certifi\u00e9","url":"https:\/\/aflamo.shop\/fr\/","logo":{"@type":"ImageObject","inLanguage":"fr-FR","@id":"https:\/\/aflamo.shop\/fr\/#\/schema\/logo\/image\/","url":"https:\/\/aflamo.shop\/wp-content\/uploads\/2019\/10\/logo2.1-1-1.svg","contentUrl":"https:\/\/aflamo.shop\/wp-content\/uploads\/2019\/10\/logo2.1-1-1.svg","caption":"aflamo.shop - revendeur aflamo certifi\u00e9"},"image":{"@id":"https:\/\/aflamo.shop\/fr\/#\/schema\/logo\/image\/"}}]}},"_links":{"self":[{"href":"https:\/\/aflamo.shop\/fr\/wp-json\/wp\/v2\/product\/18476","targetHints":{"allow":["GET"]}}],"collection":[{"href":"https:\/\/aflamo.shop\/fr\/wp-json\/wp\/v2\/product"}],"about":[{"href":"https:\/\/aflamo.shop\/fr\/wp-json\/wp\/v2\/types\/product"}],"replies":[{"embeddable":true,"href":"https:\/\/aflamo.shop\/fr\/wp-json\/wp\/v2\/comments?post=18476"}],"wp:featuredmedia":[{"embeddable":true,"href":"https:\/\/aflamo.shop\/fr\/wp-json\/wp\/v2\/media\/18216"}],"wp:attachment":[{"href":"https:\/\/aflamo.shop\/fr\/wp-json\/wp\/v2\/media?parent=18476"}],"wp:term":[{"taxonomy":"product_brand","embeddable":true,"href":"https:\/\/aflamo.shop\/fr\/wp-json\/wp\/v2\/product_brand?post=18476"},{"taxonomy":"product_cat","embeddable":true,"href":"https:\/\/aflamo.shop\/fr\/wp-json\/wp\/v2\/product_cat?post=18476"},{"taxonomy":"product_tag","embeddable":true,"href":"https:\/\/aflamo.shop\/fr\/wp-json\/wp\/v2\/product_tag?post=18476"}],"curies":[{"name":"wp","href":"https:\/\/api.w.org\/{rel}","templated":true}]}}