{"id":16276,"date":"2023-05-21T14:48:44","date_gmt":"2023-05-21T14:48:44","guid":{"rendered":"https:\/\/aflamo.shop\/p\/insert-electrique-led-aflamo-50-pro\/"},"modified":"2026-04-20T09:34:14","modified_gmt":"2026-04-20T09:34:14","slug":"insert-electrique-led-aflamo-50-pro","status":"publish","type":"product","link":"https:\/\/aflamo.shop\/fr\/p\/insert-electrique-led-aflamo-50-pro\/","title":{"rendered":"Insert \u00e9lectrique LED Aflamo 50 PRO"},"content":{"rendered":"<p><iframe title=\"Lecteur vid\u00e9o YouTube\" src=\"https:\/\/www.youtube.com\/embed\/VvBdOtan1kA\" width=\"560\" height=\"315\" frameborder=\"0\" allowfullscreen=\"allowfullscreen\"><\/iframe><\/p>\n<h6><\/h6>\n<p>&nbsp;<\/p>\n<h3><\/h3>\n<h3 style=\"text-align: left;\"><strong>Caract\u00e9ristiques de la chemin\u00e9e <\/strong><\/h3>\n<p>&nbsp;<\/p>\n<h3 style=\"text-align: left;\"><\/h3>\n<h3 style=\"text-align: left;\"><strong><img fetchpriority=\"high\" decoding=\"async\" class=\"alignright wp-image-3858 \" src=\"https:\/\/aflamo.shop\/wp-content\/uploads\/2023\/05\/led_pro_cyf-300x183.jpg\" alt=\"\" width=\"367\" height=\"224\" srcset=\"https:\/\/aflamo.shop\/wp-content\/uploads\/2023\/05\/led_pro_cyf-300x183.jpg 300w, https:\/\/aflamo.shop\/wp-content\/uploads\/2023\/05\/led_pro_cyf.jpg 492w\" sizes=\"(max-width: 367px) 100vw, 367px\" \/><\/strong><\/h3>\n<ol>\n<li>Flamme r\u00e9aliste et \u00e9conome en \u00e9nergie gr\u00e2ce \u00e0 la technologie LED PRO<\/li>\n<li>3 couleurs, 4 niveaux de luminosit\u00e9 de flamme<\/li>\n<li>3 types de feu : b\u00fbches, cristaux, pierres<\/li>\n<li>Puissance de chauffage : 750 \/ 1500 W<\/li>\n<li>Plage de contr\u00f4le de la temp\u00e9rature : 18 \u00e0 30\u00b0C<\/li>\n<li>T\u00e9l\u00e9commande<\/li>\n<li>Capteur de fen\u00eatre ouverte<\/li>\n<li>Flamme ind\u00e9pendante de la fonction de chauffage<\/li>\n<li>Protection contre la surchauffe<\/li>\n<\/ol>\n<p>&nbsp;<\/p>\n<h3 style=\"text-align: left;\"><strong>Installation<\/strong><\/h3>\n<p>&nbsp;<\/p>\n<p style=\"text-align: left;\">La chemin\u00e9e peut \u00eatre mont\u00e9e de trois mani\u00e8res<\/p>\n<p style=\"text-align: left;\"><img decoding=\"async\" class=\"aligncenter wp-image-2581 size-full\" src=\"https:\/\/aflamo.shop\/wp-content\/uploads\/2023\/05\/zamontuj-jak-chcesz-1.png\" alt=\"\" width=\"1159\" height=\"368\" srcset=\"https:\/\/aflamo.shop\/wp-content\/uploads\/2023\/05\/zamontuj-jak-chcesz-1.png 1159w, https:\/\/aflamo.shop\/wp-content\/uploads\/2023\/05\/zamontuj-jak-chcesz-1-600x191.png 600w, https:\/\/aflamo.shop\/wp-content\/uploads\/2023\/05\/zamontuj-jak-chcesz-1-300x95.png 300w, https:\/\/aflamo.shop\/wp-content\/uploads\/2023\/05\/zamontuj-jak-chcesz-1-1024x325.png 1024w, https:\/\/aflamo.shop\/wp-content\/uploads\/2023\/05\/zamontuj-jak-chcesz-1-768x244.png 768w\" sizes=\"(max-width: 1159px) 100vw, 1159px\" \/><\/p>\n<h3><\/h3>\n<p>&nbsp;<\/p>\n<h3 style=\"text-align: left;\"><strong>Flamme<\/strong><\/h3>\n<p>&nbsp;<\/p>\n<p>La flamme a :<\/p>\n<p><strong>3 <\/strong>couleurs<br \/>\n<strong><span class=\"digit\">4 <\/span><\/strong><span class=\"digit\">Luminosit\u00e9<\/span><\/p>\n<p style=\"text-align: left;\"><img decoding=\"async\" class=\"wp-image-2842 size-full alignright\" src=\"https:\/\/aflamo.shop\/wp-content\/uploads\/2023\/05\/plomien-majestic.png\" alt=\"\" width=\"510\" height=\"533\" srcset=\"https:\/\/aflamo.shop\/wp-content\/uploads\/2023\/05\/plomien-majestic.png 510w, https:\/\/aflamo.shop\/wp-content\/uploads\/2023\/05\/plomien-majestic-287x300.png 287w\" sizes=\"(max-width: 510px) 100vw, 510px\" \/><\/p>\n<h3><\/h3>\n<h3><\/h3>\n<p>&nbsp;<\/p>\n<h3 style=\"text-align: left;\"><strong>Foyer<\/strong><\/h3>\n<p>&nbsp;<\/p>\n<h3 style=\"text-align: left;\"><img loading=\"lazy\" decoding=\"async\" class=\"alignright wp-image-2836 size-full\" src=\"https:\/\/aflamo.shop\/wp-content\/uploads\/2023\/05\/palenisko-majestic.png\" alt=\"\" width=\"515\" height=\"538\" srcset=\"https:\/\/aflamo.shop\/wp-content\/uploads\/2023\/05\/palenisko-majestic.png 515w, https:\/\/aflamo.shop\/wp-content\/uploads\/2023\/05\/palenisko-majestic-287x300.png 287w\" sizes=\"(max-width: 515px) 100vw, 515px\" \/><\/h3>\n<p style=\"text-align: left;\"><span class=\"digit\"><strong>3<\/strong> types de feu inclus : b\u00fbches, cristaux et pierres.<br \/>\n<strong>3<\/strong> couleurs d&rsquo;\u00e9clairage du foyer.<br \/>\n<strong>5<\/strong> Niveaux de luminosit\u00e9.<\/span><\/p>\n<h3><\/h3>\n<p>&nbsp;<\/p>\n<h3 style=\"text-align: left;\"><strong>Chauffage<\/strong><\/h3>\n<p>&nbsp;<\/p>\n<p style=\"text-align: left;\">La fonction de chauffage est ind\u00e9pendante de l&rsquo;effet de flamme. Vous pouvez allumer ou \u00e9teindre le chauffage \u00e0 tout moment, vous permettant ainsi de vous d\u00e9tendre au coin du feu toute l&rsquo;ann\u00e9e. <\/p>\n<ul style=\"text-align: left;\">\n<li>2 niveaux de puissance de chauffage (750\/1500W)<\/li>\n<li>Le thermostat vous permet d&rsquo;atteindre et de maintenir une temp\u00e9rature confortable dans la plage de 18 \u00e0 30 \u00b0C<\/li>\n<li>Protection contre la surchauffe<\/li>\n<li>Capteur de fen\u00eatre ouverte<\/li>\n<\/ul>\n<p>&nbsp;<\/p>\n<h3 style=\"text-align: left;\"><strong>Confort et commodit\u00e9<\/strong><\/h3>\n<p>&nbsp;<\/p>\n<p style=\"text-align: left;\">Une chemin\u00e9e \u00e9lectrique, c&rsquo;est avant tout de la d\u00e9tente.<\/p>\n<div class=\"feature\">\n<ul style=\"text-align: left;\">\n<li>Chemin\u00e9e contr\u00f4l\u00e9e par t\u00e9l\u00e9commande.<\/li>\n<li>Gr\u00e2ce \u00e0 la fonction innovante de chauffage par \u00e9vacuation, vous pouvez chauffer la pi\u00e8ce tr\u00e8s rapidement et maintenir constamment une temp\u00e9rature sp\u00e9cifique.<\/li>\n<li>L&rsquo;interrupteur\/minuterie permet d&rsquo;\u00e9teindre automatiquement le foyer. Il vous suffit de r\u00e9gler l&rsquo;heure appropri\u00e9e et vous n&rsquo;aurez pas \u00e0 vous soucier du fait que l&rsquo;appareil soit allum\u00e9 en permanence. <\/li>\n<\/ul>\n<p>&nbsp;<\/p>\n<h3><strong>Donn\u00e9es techniques<\/strong><\/h3>\n<\/div>\n<p>&nbsp;<\/p>\n<table width=\"548\" cellspacing=\"0\" cellpadding=\"2\">\n<colgroup>\n<col width=\"216\">\n<col width=\"324\"><\/colgroup>\n<tbody>\n<tr>\n<td width=\"216\">\n<table width=\"548\" cellspacing=\"0\" cellpadding=\"2\">\n<colgroup>\n<col width=\"216\">\n<col width=\"324\"><\/colgroup>\n<tbody>\n<tr>\n<td width=\"216\">M\u00e9thodes d&rsquo;installation<\/td>\n<td width=\"324\">pour encastr\u00e9 \/ mural<\/td>\n<\/tr>\n<tr>\n<td width=\"216\">Caract\u00e9ristique unique\n<\/td>\n<td width=\"324\">grand, devant noir<\/td>\n<\/tr>\n<tr>\n<td width=\"216\">Effet de flamme<\/td>\n<td width=\"324\">LED<\/td>\n<\/tr>\n<tr>\n<td width=\"216\">Application mobile<\/td>\n<td width=\"324\">pas<\/td>\n<\/tr>\n<tr>\n<td width=\"216\">T\u00e9l\u00e9commande<\/td>\n<td width=\"324\">oui<\/td>\n<\/tr>\n<tr>\n<td width=\"216\">Couleur\/Finition<\/td>\n<td width=\"324\">m\u00e9tal, verre, noir<\/td>\n<\/tr>\n<tr>\n<td width=\"216\">Minuterie (timer)<\/td>\n<td width=\"324\">oui<\/td>\n<\/tr>\n<tr>\n<td width=\"216\">Programmateur hebdomadaire<\/td>\n<td width=\"324\">oui<\/td>\n<\/tr>\n<tr>\n<td width=\"216\">Fonction de chauffage<\/td>\n<td width=\"324\">oui<\/td>\n<\/tr>\n<tr>\n<td width=\"216\">Flamme ind\u00e9pendante de la fonction de chauffage<\/td>\n<td width=\"324\">oui<\/td>\n<\/tr>\n<tr>\n<td width=\"216\">Puissance de chauffage<\/td>\n<td width=\"324\">750 \/ 1500 W<\/td>\n<\/tr>\n<tr>\n<td width=\"216\">Contr\u00f4le de la temp\u00e9rature\n<\/td>\n<td width=\"324\">de 18 \u00e0 30\u00b0C<\/td>\n<\/tr>\n<tr>\n<td width=\"216\">Protection contre la surchauffe<\/td>\n<td width=\"324\">oui<\/td>\n<\/tr>\n<tr>\n<td width=\"216\">Thermostat<\/td>\n<td width=\"324\">oui<\/td>\n<\/tr>\n<tr>\n<td width=\"216\">\nCouleurs de flamme :<\/p>\n<\/td>\n<p>Foyer:<\/p>\n<td width=\"324\">3 couleurs de flammes<br \/>\n4 intensit\u00e9s de flammes3 types de foyer inclus : b\u00fbches, cristaux, pierres.<br \/>10 couleurs d&rsquo;\u00e9clairage du foyer.<br \/>5 niveaux de luminosit\u00e9 du foyer<\/td>\n<\/tr>\n<tr>\n<td width=\"216\">Garantie<\/td>\n<td width=\"324\">2 ans<\/td>\n<\/tr>\n<tr>\n<td width=\"216\">Longueur du c\u00e2ble d&rsquo;alimentation<\/td>\n<td width=\"324\">1,8 m<\/td>\n<\/tr>\n<tr>\n<td width=\"216\">Tension d&rsquo;alimentation<\/td>\n<td width=\"324\">220 V<\/td>\n<\/tr>\n<\/tbody>\n<\/table>\n<\/td>\n<\/tr>\n<\/tbody>\n<\/table>\n<h6><\/h6>\n<p>L&rsquo;insert de chemin\u00e9e \u00e9lectrique LED Aflamo 50 PRO est une v\u00e9ritable \u0153uvre d&rsquo;ing\u00e9nierie, alliant technologie de pointe, confort d&rsquo;utilisation et esth\u00e9tique. C&rsquo;est une solution parfaite pour les personnes qui souhaitent profiter de la beaut\u00e9 d&rsquo;un feu de camp sans avoir \u00e0 br\u00fbler du bois ou du charbon. <\/p>\n<p>La flamme LED r\u00e9aliste est le point central de cet insert. Gr\u00e2ce \u00e0 cette technologie innovante, la flamme appara\u00eet presque naturelle et l\u2019effet lumineux est \u00e9conome en \u00e9nergie, ce qui se traduit par des co\u00fbts d\u2019exploitation r\u00e9duits. Cela apporte le charme unique d&rsquo;une chemin\u00e9e \u00e0 n&rsquo;importe quel int\u00e9rieur.  <\/p>\n<p>L&rsquo;insert Aflamo 50 PRO offre trois couleurs de flamme et quatre niveaux de luminosit\u00e9, vous permettant d&rsquo;ajuster enti\u00e8rement l&rsquo;atmosph\u00e8re du feu de camp \u00e0 vos humeurs et besoins actuels. Il s\u2019agit d\u2019une option extraordinaire qui vous permet de cr\u00e9er une atmosph\u00e8re unique en fonction des circonstances. <\/p>\n<p>Trois types de foyers (b\u00fbches, cristaux, pierres) sont fonctionnels, ce qui ajoute de la vari\u00e9t\u00e9 et de la cr\u00e9ativit\u00e9 dans la cr\u00e9ation d&rsquo;un effet visuel. Vous pouvez personnaliser l&rsquo;apparence de la chemin\u00e9e selon vos go\u00fbts, cr\u00e9ant ainsi un effet unique qui met en valeur le caract\u00e8re de votre int\u00e9rieur. <\/p>\n<p>La puissance de chauffage de l&rsquo;insert est de 750W ou 1500W, ce qui permet d&rsquo;ajuster l&rsquo;intensit\u00e9 de la chaleur aux besoins et conditions actuels de la pi\u00e8ce. La r\u00e9gulation de la temp\u00e9rature de 18 \u00e0 30\u00b0C offre en outre un confort total et un contr\u00f4le total de la temp\u00e9rature ambiante. <\/p>\n<p>La t\u00e9l\u00e9commande est un outil pratique qui vous permet de contr\u00f4ler facilement toutes les fonctions du foyer depuis n&rsquo;importe o\u00f9 dans la pi\u00e8ce. Cela vous donne un contr\u00f4le total sur la flamme, la fonction de chauffage, la r\u00e9gulation de la temp\u00e9rature et la luminosit\u00e9. <\/p>\n<p>Le capteur de fen\u00eatre ouverte est une fonction qui assure la s\u00e9curit\u00e9 de l&rsquo;utilisateur et de l&rsquo;appareil. L&rsquo;insert s&rsquo;\u00e9teint automatiquement \u00e0 l&rsquo;ouverture de la fen\u00eatre, ce qui \u00e9vite les situations ind\u00e9sirables. <\/p>\n<p>La protection contre la surchauffe est une garantie d&rsquo;utilisation s\u00fbre et s\u00e9curis\u00e9e de l&rsquo;insert, assurant sa durabilit\u00e9 \u00e0 long terme.<\/p>\n<p>L&rsquo;insert de chemin\u00e9e \u00e9lectrique LED Aflamo 50 PRO est une combinaison de design unique, de fonctionnalit\u00e9 et de s\u00e9curit\u00e9. Sa flamme r\u00e9aliste, ses trois couleurs, son r\u00e9glage de la luminosit\u00e9, ses trois types de foyer, sa puissance de chauffage, son r\u00e9glage de la temp\u00e9rature, sa t\u00e9l\u00e9commande, son capteur de fen\u00eatre ouverte, sa flamme ind\u00e9pendante de la fonction de chauffage et sa protection contre la surchauffe cr\u00e9ent une exp\u00e9rience compl\u00e8te et satisfaisante, apportant le charme d&rsquo;une vraie chemin\u00e9e \u00e0 n&rsquo;importe quel int\u00e9rieur. <\/p>\n<p>&nbsp;<\/p>\n<div class=\"feature\">\n<ul><strong><\/p>\n<p><a href=\"https:\/\/aflamo.shop\/wp-content\/uploads\/2023\/05\/Aflamo-LED-50-70-80-PRO-manual-3.pdf\">Manuel d&rsquo;utilisation et informations de s\u00e9curit\u00e9 importantes<\/a><\/p>\n<p><\/strong><\/ul>\n<h6 style=\"text-align: left;\"><strong>Dessins techniques<\/strong><\/h6>\n<p>&nbsp;<\/p>\n<p>Insert \u00e9lectrique LED Aflamo 50 PRO<\/p>\n<p><img loading=\"lazy\" decoding=\"async\" class=\"alignnone wp-image-3876 size-full\" src=\"https:\/\/aflamo.shop\/wp-content\/uploads\/2023\/05\/fireplace-aflamo-majestic-32-led-50-pro.jpg\" alt=\"\" width=\"657\" height=\"643\" srcset=\"https:\/\/aflamo.shop\/wp-content\/uploads\/2023\/05\/fireplace-aflamo-majestic-32-led-50-pro.jpg 657w, https:\/\/aflamo.shop\/wp-content\/uploads\/2023\/05\/fireplace-aflamo-majestic-32-led-50-pro-600x587.jpg 600w, https:\/\/aflamo.shop\/wp-content\/uploads\/2023\/05\/fireplace-aflamo-majestic-32-led-50-pro-300x294.jpg 300w\" sizes=\"(max-width: 657px) 100vw, 657px\" \/><\/p>\n<p>&nbsp;<\/p>\n<p>&nbsp;<\/p>\n<\/div>\n","protected":false},"excerpt":{"rendered":"<p>pour montage encastr\u00e9\/mural avec fonction de chauffage<\/p>\n<p><b>Dimensions : 47 x 66 x 14 cm<\/b><\/p>\n","protected":false},"featured_media":3980,"comment_status":"open","ping_status":"closed","template":"","meta":[],"product_brand":[],"product_cat":[770,170,772,771,773],"product_tag":[],"class_list":{"0":"post-16276","1":"product","2":"type-product","3":"status-publish","4":"has-post-thumbnail","6":"product_cat-aflamo-fr","7":"product_cat-cheminees-electriques-fr","8":"product_cat-cheminees-electriques-a-led-avec-fonction-de-chauffage","9":"product_cat-cheminees-electriques-led-encastrees","10":"product_cat-inserts-electriques-led","12":"first","13":"instock","14":"shipping-taxable","15":"purchasable","16":"product-type-simple"},"yoast_head":"<!-- This site is optimized with the Yoast SEO plugin v27.4 - https:\/\/yoast.com\/product\/yoast-seo-wordpress\/ -->\n<title>Insert \u00e9lectrique LED Aflamo 50 PRO - aflamo.shop - revendeur aflamo certifi\u00e9<\/title>\n<meta name=\"robots\" content=\"index, follow, max-snippet:-1, max-image-preview:large, max-video-preview:-1\" \/>\n<link rel=\"canonical\" href=\"https:\/\/aflamo.shop\/fr\/p\/insert-electrique-led-aflamo-50-pro\/\" \/>\n<meta property=\"og:locale\" content=\"fr_FR\" \/>\n<meta property=\"og:type\" content=\"article\" \/>\n<meta property=\"og:title\" content=\"Insert \u00e9lectrique LED Aflamo 50 PRO - aflamo.shop - revendeur aflamo certifi\u00e9\" \/>\n<meta property=\"og:description\" content=\"pour montage encastr\u00e9\/mural avec fonction de chauffage Dimensions : 47 x 66 x 14 cm\" \/>\n<meta property=\"og:url\" content=\"https:\/\/aflamo.shop\/fr\/p\/insert-electrique-led-aflamo-50-pro\/\" \/>\n<meta property=\"og:site_name\" content=\"aflamo.shop - revendeur aflamo certifi\u00e9\" \/>\n<meta property=\"article:modified_time\" content=\"2026-04-20T09:34:14+00:00\" \/>\n<meta property=\"og:image\" content=\"https:\/\/aflamo.shop\/wp-content\/uploads\/2023\/05\/LED_50_PRO_front_1_sq.jpg\" \/>\n\t<meta property=\"og:image:width\" content=\"2248\" \/>\n\t<meta property=\"og:image:height\" content=\"2248\" \/>\n\t<meta property=\"og:image:type\" content=\"image\/jpeg\" \/>\n<meta name=\"twitter:card\" content=\"summary_large_image\" \/>\n<meta name=\"twitter:label1\" content=\"Dur\u00e9e de lecture estim\u00e9e\" \/>\n\t<meta name=\"twitter:data1\" content=\"6 minutes\" \/>\n<script type=\"application\/ld+json\" class=\"yoast-schema-graph\">{\"@context\":\"https:\\\/\\\/schema.org\",\"@graph\":[{\"@type\":\"WebPage\",\"@id\":\"https:\\\/\\\/aflamo.shop\\\/fr\\\/p\\\/insert-electrique-led-aflamo-50-pro\\\/\",\"url\":\"https:\\\/\\\/aflamo.shop\\\/fr\\\/p\\\/insert-electrique-led-aflamo-50-pro\\\/\",\"name\":\"Insert \u00e9lectrique LED Aflamo 50 PRO - aflamo.shop - revendeur aflamo certifi\u00e9\",\"isPartOf\":{\"@id\":\"https:\\\/\\\/aflamo.shop\\\/fr\\\/#website\"},\"primaryImageOfPage\":{\"@id\":\"https:\\\/\\\/aflamo.shop\\\/fr\\\/p\\\/insert-electrique-led-aflamo-50-pro\\\/#primaryimage\"},\"image\":{\"@id\":\"https:\\\/\\\/aflamo.shop\\\/fr\\\/p\\\/insert-electrique-led-aflamo-50-pro\\\/#primaryimage\"},\"thumbnailUrl\":\"https:\\\/\\\/aflamo.shop\\\/wp-content\\\/uploads\\\/2023\\\/05\\\/LED_50_PRO_front_1_sq.jpg\",\"datePublished\":\"2023-05-21T14:48:44+00:00\",\"dateModified\":\"2026-04-20T09:34:14+00:00\",\"breadcrumb\":{\"@id\":\"https:\\\/\\\/aflamo.shop\\\/fr\\\/p\\\/insert-electrique-led-aflamo-50-pro\\\/#breadcrumb\"},\"inLanguage\":\"fr-FR\",\"potentialAction\":[{\"@type\":\"ReadAction\",\"target\":[\"https:\\\/\\\/aflamo.shop\\\/fr\\\/p\\\/insert-electrique-led-aflamo-50-pro\\\/\"]}]},{\"@type\":\"ImageObject\",\"inLanguage\":\"fr-FR\",\"@id\":\"https:\\\/\\\/aflamo.shop\\\/fr\\\/p\\\/insert-electrique-led-aflamo-50-pro\\\/#primaryimage\",\"url\":\"https:\\\/\\\/aflamo.shop\\\/wp-content\\\/uploads\\\/2023\\\/05\\\/LED_50_PRO_front_1_sq.jpg\",\"contentUrl\":\"https:\\\/\\\/aflamo.shop\\\/wp-content\\\/uploads\\\/2023\\\/05\\\/LED_50_PRO_front_1_sq.jpg\",\"width\":2248,\"height\":2248},{\"@type\":\"BreadcrumbList\",\"@id\":\"https:\\\/\\\/aflamo.shop\\\/fr\\\/p\\\/insert-electrique-led-aflamo-50-pro\\\/#breadcrumb\",\"itemListElement\":[{\"@type\":\"ListItem\",\"position\":1,\"name\":\"Page d'accueil\",\"item\":\"https:\\\/\\\/aflamo.shop\\\/fr\\\/\"},{\"@type\":\"ListItem\",\"position\":2,\"name\":\"Boutique\",\"item\":\"https:\\\/\\\/aflamo.shop\\\/boutique\\\/\"},{\"@type\":\"ListItem\",\"position\":3,\"name\":\"Chemin\u00e9es \u00e9lectriques\",\"item\":\"https:\\\/\\\/aflamo.shop\\\/fr\\\/s\\\/cheminees-electriques-fr\\\/\"},{\"@type\":\"ListItem\",\"position\":4,\"name\":\"Insert \u00e9lectrique LED Aflamo 50 PRO\"}]},{\"@type\":\"WebSite\",\"@id\":\"https:\\\/\\\/aflamo.shop\\\/fr\\\/#website\",\"url\":\"https:\\\/\\\/aflamo.shop\\\/fr\\\/\",\"name\":\"aflamo.shop - revendeur aflamo certifi\u00e9\",\"description\":\"Kominki elektryczne Aflamo i Emotion Flame z funkcj\u0105 grzania\",\"publisher\":{\"@id\":\"https:\\\/\\\/aflamo.shop\\\/fr\\\/#organization\"},\"potentialAction\":[{\"@type\":\"SearchAction\",\"target\":{\"@type\":\"EntryPoint\",\"urlTemplate\":\"https:\\\/\\\/aflamo.shop\\\/fr\\\/?s={search_term_string}\"},\"query-input\":{\"@type\":\"PropertyValueSpecification\",\"valueRequired\":true,\"valueName\":\"search_term_string\"}}],\"inLanguage\":\"fr-FR\"},{\"@type\":\"Organization\",\"@id\":\"https:\\\/\\\/aflamo.shop\\\/fr\\\/#organization\",\"name\":\"aflamo.shop - revendeur aflamo certifi\u00e9\",\"url\":\"https:\\\/\\\/aflamo.shop\\\/fr\\\/\",\"logo\":{\"@type\":\"ImageObject\",\"inLanguage\":\"fr-FR\",\"@id\":\"https:\\\/\\\/aflamo.shop\\\/fr\\\/#\\\/schema\\\/logo\\\/image\\\/\",\"url\":\"https:\\\/\\\/aflamo.shop\\\/wp-content\\\/uploads\\\/2019\\\/10\\\/logo2.1-1-1.svg\",\"contentUrl\":\"https:\\\/\\\/aflamo.shop\\\/wp-content\\\/uploads\\\/2019\\\/10\\\/logo2.1-1-1.svg\",\"caption\":\"aflamo.shop - revendeur aflamo certifi\u00e9\"},\"image\":{\"@id\":\"https:\\\/\\\/aflamo.shop\\\/fr\\\/#\\\/schema\\\/logo\\\/image\\\/\"}}]}<\/script>\n<!-- \/ Yoast SEO plugin. -->","yoast_head_json":{"title":"Insert \u00e9lectrique LED Aflamo 50 PRO - aflamo.shop - revendeur aflamo certifi\u00e9","robots":{"index":"index","follow":"follow","max-snippet":"max-snippet:-1","max-image-preview":"max-image-preview:large","max-video-preview":"max-video-preview:-1"},"canonical":"https:\/\/aflamo.shop\/fr\/p\/insert-electrique-led-aflamo-50-pro\/","og_locale":"fr_FR","og_type":"article","og_title":"Insert \u00e9lectrique LED Aflamo 50 PRO - aflamo.shop - revendeur aflamo certifi\u00e9","og_description":"pour montage encastr\u00e9\/mural avec fonction de chauffage Dimensions : 47 x 66 x 14 cm","og_url":"https:\/\/aflamo.shop\/fr\/p\/insert-electrique-led-aflamo-50-pro\/","og_site_name":"aflamo.shop - revendeur aflamo certifi\u00e9","article_modified_time":"2026-04-20T09:34:14+00:00","og_image":[{"width":2248,"height":2248,"url":"https:\/\/aflamo.shop\/wp-content\/uploads\/2023\/05\/LED_50_PRO_front_1_sq.jpg","type":"image\/jpeg"}],"twitter_card":"summary_large_image","twitter_misc":{"Dur\u00e9e de lecture estim\u00e9e":"6 minutes"},"schema":{"@context":"https:\/\/schema.org","@graph":[{"@type":"WebPage","@id":"https:\/\/aflamo.shop\/fr\/p\/insert-electrique-led-aflamo-50-pro\/","url":"https:\/\/aflamo.shop\/fr\/p\/insert-electrique-led-aflamo-50-pro\/","name":"Insert \u00e9lectrique LED Aflamo 50 PRO - aflamo.shop - revendeur aflamo certifi\u00e9","isPartOf":{"@id":"https:\/\/aflamo.shop\/fr\/#website"},"primaryImageOfPage":{"@id":"https:\/\/aflamo.shop\/fr\/p\/insert-electrique-led-aflamo-50-pro\/#primaryimage"},"image":{"@id":"https:\/\/aflamo.shop\/fr\/p\/insert-electrique-led-aflamo-50-pro\/#primaryimage"},"thumbnailUrl":"https:\/\/aflamo.shop\/wp-content\/uploads\/2023\/05\/LED_50_PRO_front_1_sq.jpg","datePublished":"2023-05-21T14:48:44+00:00","dateModified":"2026-04-20T09:34:14+00:00","breadcrumb":{"@id":"https:\/\/aflamo.shop\/fr\/p\/insert-electrique-led-aflamo-50-pro\/#breadcrumb"},"inLanguage":"fr-FR","potentialAction":[{"@type":"ReadAction","target":["https:\/\/aflamo.shop\/fr\/p\/insert-electrique-led-aflamo-50-pro\/"]}]},{"@type":"ImageObject","inLanguage":"fr-FR","@id":"https:\/\/aflamo.shop\/fr\/p\/insert-electrique-led-aflamo-50-pro\/#primaryimage","url":"https:\/\/aflamo.shop\/wp-content\/uploads\/2023\/05\/LED_50_PRO_front_1_sq.jpg","contentUrl":"https:\/\/aflamo.shop\/wp-content\/uploads\/2023\/05\/LED_50_PRO_front_1_sq.jpg","width":2248,"height":2248},{"@type":"BreadcrumbList","@id":"https:\/\/aflamo.shop\/fr\/p\/insert-electrique-led-aflamo-50-pro\/#breadcrumb","itemListElement":[{"@type":"ListItem","position":1,"name":"Page d'accueil","item":"https:\/\/aflamo.shop\/fr\/"},{"@type":"ListItem","position":2,"name":"Boutique","item":"https:\/\/aflamo.shop\/boutique\/"},{"@type":"ListItem","position":3,"name":"Chemin\u00e9es \u00e9lectriques","item":"https:\/\/aflamo.shop\/fr\/s\/cheminees-electriques-fr\/"},{"@type":"ListItem","position":4,"name":"Insert \u00e9lectrique LED Aflamo 50 PRO"}]},{"@type":"WebSite","@id":"https:\/\/aflamo.shop\/fr\/#website","url":"https:\/\/aflamo.shop\/fr\/","name":"aflamo.shop - revendeur aflamo certifi\u00e9","description":"Kominki elektryczne Aflamo i Emotion Flame z funkcj\u0105 grzania","publisher":{"@id":"https:\/\/aflamo.shop\/fr\/#organization"},"potentialAction":[{"@type":"SearchAction","target":{"@type":"EntryPoint","urlTemplate":"https:\/\/aflamo.shop\/fr\/?s={search_term_string}"},"query-input":{"@type":"PropertyValueSpecification","valueRequired":true,"valueName":"search_term_string"}}],"inLanguage":"fr-FR"},{"@type":"Organization","@id":"https:\/\/aflamo.shop\/fr\/#organization","name":"aflamo.shop - revendeur aflamo certifi\u00e9","url":"https:\/\/aflamo.shop\/fr\/","logo":{"@type":"ImageObject","inLanguage":"fr-FR","@id":"https:\/\/aflamo.shop\/fr\/#\/schema\/logo\/image\/","url":"https:\/\/aflamo.shop\/wp-content\/uploads\/2019\/10\/logo2.1-1-1.svg","contentUrl":"https:\/\/aflamo.shop\/wp-content\/uploads\/2019\/10\/logo2.1-1-1.svg","caption":"aflamo.shop - revendeur aflamo certifi\u00e9"},"image":{"@id":"https:\/\/aflamo.shop\/fr\/#\/schema\/logo\/image\/"}}]}},"_links":{"self":[{"href":"https:\/\/aflamo.shop\/fr\/wp-json\/wp\/v2\/product\/16276","targetHints":{"allow":["GET"]}}],"collection":[{"href":"https:\/\/aflamo.shop\/fr\/wp-json\/wp\/v2\/product"}],"about":[{"href":"https:\/\/aflamo.shop\/fr\/wp-json\/wp\/v2\/types\/product"}],"replies":[{"embeddable":true,"href":"https:\/\/aflamo.shop\/fr\/wp-json\/wp\/v2\/comments?post=16276"}],"wp:featuredmedia":[{"embeddable":true,"href":"https:\/\/aflamo.shop\/fr\/wp-json\/wp\/v2\/media\/3980"}],"wp:attachment":[{"href":"https:\/\/aflamo.shop\/fr\/wp-json\/wp\/v2\/media?parent=16276"}],"wp:term":[{"taxonomy":"product_brand","embeddable":true,"href":"https:\/\/aflamo.shop\/fr\/wp-json\/wp\/v2\/product_brand?post=16276"},{"taxonomy":"product_cat","embeddable":true,"href":"https:\/\/aflamo.shop\/fr\/wp-json\/wp\/v2\/product_cat?post=16276"},{"taxonomy":"product_tag","embeddable":true,"href":"https:\/\/aflamo.shop\/fr\/wp-json\/wp\/v2\/product_tag?post=16276"}],"curies":[{"name":"wp","href":"https:\/\/api.w.org\/{rel}","templated":true}]}}