{"id":16275,"date":"2023-05-21T15:22:31","date_gmt":"2023-05-21T15:22:31","guid":{"rendered":"https:\/\/aflamo.shop\/p\/insert-electrique-led-aflamo-70-pro\/"},"modified":"2026-04-20T09:33:26","modified_gmt":"2026-04-20T09:33:26","slug":"insert-electrique-led-aflamo-70-pro","status":"publish","type":"product","link":"https:\/\/aflamo.shop\/fr\/p\/insert-electrique-led-aflamo-70-pro\/","title":{"rendered":"Insert \u00e9lectrique LED Aflamo 70 PRO"},"content":{"rendered":"<p><iframe title=\"Lecteur vid\u00e9o YouTube\" src=\"https:\/\/www.youtube.com\/embed\/VvBdOtan1kA\" width=\"560\" height=\"315\" frameborder=\"0\" allowfullscreen=\"allowfullscreen\"><\/iframe><\/p>\n<h6><\/h6>\n<p>&nbsp;<\/p>\n<h3><\/h3>\n<h3 style=\"text-align: left;\"><strong>Caract\u00e9ristiques de la chemin\u00e9e <\/strong><\/h3>\n<h3 style=\"text-align: left;\"><\/h3>\n<h3 style=\"text-align: left;\"><\/h3>\n<p>&nbsp;<\/p>\n<ol>\n<li>Flamme r\u00e9aliste et \u00e9conome en \u00e9nergie gr\u00e2ce \u00e0 la technologie LED PRO<\/li>\n<li>3 couleurs, 4 niveaux de luminosit\u00e9 de flamme<\/li>\n<li>3 types de feu : b\u00fbches, cristaux, pierres<\/li>\n<li>Puissance de chauffage : 750 \/ 1500 W<\/li>\n<li>Plage de contr\u00f4le de la temp\u00e9rature : 18 \u00e0 30\u00b0C<\/li>\n<li>T\u00e9l\u00e9commande<\/li>\n<li>Capteur de fen\u00eatre ouverte<\/li>\n<li>Flamme ind\u00e9pendante de la fonction de chauffage<\/li>\n<li>Protection contre la surchauffe<\/li>\n<\/ol>\n<p>&nbsp;<\/p>\n<h3 style=\"text-align: left;\"><strong>Installation<\/strong><\/h3>\n<p>&nbsp;<\/p>\n<p style=\"text-align: left;\">La chemin\u00e9e peut \u00eatre mont\u00e9e de trois mani\u00e8res<\/p>\n<p style=\"text-align: left;\"><img fetchpriority=\"high\" decoding=\"async\" class=\"aligncenter wp-image-2581 size-full\" src=\"https:\/\/aflamo.shop\/wp-content\/uploads\/2023\/05\/zamontuj-jak-chcesz-1.png\" alt=\"\" width=\"1159\" height=\"368\" srcset=\"https:\/\/aflamo.shop\/wp-content\/uploads\/2023\/05\/zamontuj-jak-chcesz-1.png 1159w, https:\/\/aflamo.shop\/wp-content\/uploads\/2023\/05\/zamontuj-jak-chcesz-1-600x191.png 600w, https:\/\/aflamo.shop\/wp-content\/uploads\/2023\/05\/zamontuj-jak-chcesz-1-300x95.png 300w, https:\/\/aflamo.shop\/wp-content\/uploads\/2023\/05\/zamontuj-jak-chcesz-1-1024x325.png 1024w, https:\/\/aflamo.shop\/wp-content\/uploads\/2023\/05\/zamontuj-jak-chcesz-1-768x244.png 768w\" sizes=\"(max-width: 1159px) 100vw, 1159px\" \/><\/p>\n<h3><\/h3>\n<p>&nbsp;<\/p>\n<h3 style=\"text-align: left;\"><strong>Flamme<\/strong><\/h3>\n<p>&nbsp;<\/p>\n<p>La flamme a :<\/p>\n<p><strong>3 <\/strong>couleurs<br \/>\n<strong><span class=\"digit\">4 <\/span><\/strong><span class=\"digit\">Luminosit\u00e9<\/span><\/p>\n<p style=\"text-align: left;\"><img decoding=\"async\" class=\"wp-image-2842 size-full alignright\" src=\"https:\/\/aflamo.shop\/wp-content\/uploads\/2023\/05\/plomien-majestic.png\" alt=\"\" width=\"510\" height=\"533\" srcset=\"https:\/\/aflamo.shop\/wp-content\/uploads\/2023\/05\/plomien-majestic.png 510w, https:\/\/aflamo.shop\/wp-content\/uploads\/2023\/05\/plomien-majestic-287x300.png 287w\" sizes=\"(max-width: 510px) 100vw, 510px\" \/><\/p>\n<h3><\/h3>\n<h3><\/h3>\n<p>&nbsp;<\/p>\n<h3 style=\"text-align: left;\"><strong>Foyer<\/strong><\/h3>\n<p>&nbsp;<\/p>\n<h3 style=\"text-align: left;\"><img decoding=\"async\" class=\"alignright wp-image-2836 size-full\" src=\"https:\/\/aflamo.shop\/wp-content\/uploads\/2023\/05\/palenisko-majestic.png\" alt=\"\" width=\"515\" height=\"538\" srcset=\"https:\/\/aflamo.shop\/wp-content\/uploads\/2023\/05\/palenisko-majestic.png 515w, https:\/\/aflamo.shop\/wp-content\/uploads\/2023\/05\/palenisko-majestic-287x300.png 287w\" sizes=\"(max-width: 515px) 100vw, 515px\" \/><\/h3>\n<p style=\"text-align: left;\"><span class=\"digit\"><strong>3<\/strong> types de feu inclus : b\u00fbches, cristaux et pierres.<br \/>\n<strong>3<\/strong> couleurs d&rsquo;\u00e9clairage du foyer.<br \/>\n<strong>5<\/strong> Niveaux de luminosit\u00e9.<\/span><\/p>\n<h3><\/h3>\n<p>&nbsp;<\/p>\n<h3 style=\"text-align: left;\"><strong>Chauffage<\/strong><\/h3>\n<p>&nbsp;<\/p>\n<p style=\"text-align: left;\">La fonction de chauffage est ind\u00e9pendante de l&rsquo;effet de flamme. Vous pouvez allumer ou \u00e9teindre le chauffage \u00e0 tout moment, vous permettant ainsi de vous d\u00e9tendre au coin du feu toute l&rsquo;ann\u00e9e. <\/p>\n<ul style=\"text-align: left;\">\n<li>2 niveaux de puissance de chauffage (750\/1500W)<\/li>\n<li>Le thermostat vous permet d&rsquo;atteindre et de maintenir une temp\u00e9rature confortable dans la plage de 18 \u00e0 30 \u00b0C<\/li>\n<li>Protection contre la surchauffe<\/li>\n<li>Capteur de fen\u00eatre ouverte<\/li>\n<\/ul>\n<p>&nbsp;<\/p>\n<h3 style=\"text-align: left;\"><strong>Confort et commodit\u00e9<\/strong><\/h3>\n<p>&nbsp;<\/p>\n<p style=\"text-align: left;\">Une chemin\u00e9e \u00e9lectrique, c&rsquo;est avant tout de la d\u00e9tente.<\/p>\n<div class=\"feature\">\n<ul style=\"text-align: left;\">\n<li>Chemin\u00e9e contr\u00f4l\u00e9e par t\u00e9l\u00e9commande.<\/li>\n<li>Gr\u00e2ce \u00e0 la fonction innovante de chauffage par \u00e9vacuation, vous pouvez chauffer la pi\u00e8ce tr\u00e8s rapidement et maintenir constamment une temp\u00e9rature sp\u00e9cifique.<\/li>\n<li>L&rsquo;interrupteur\/minuterie permet d&rsquo;\u00e9teindre automatiquement le foyer. Il vous suffit de r\u00e9gler l&rsquo;heure appropri\u00e9e et vous n&rsquo;aurez pas \u00e0 vous soucier du fait que l&rsquo;appareil soit allum\u00e9 en permanence. <\/li>\n<\/ul>\n<p>&nbsp;<\/p>\n<h3><strong>Donn\u00e9es techniques<\/strong><\/h3>\n<\/div>\n<p>&nbsp;<\/p>\n<table width=\"548\" cellspacing=\"0\" cellpadding=\"2\">\n<colgroup>\n<col width=\"216\">\n<col width=\"324\"><\/colgroup>\n<tbody>\n<tr>\n<td width=\"216\">\n<table width=\"548\" cellspacing=\"0\" cellpadding=\"2\">\n<colgroup>\n<col width=\"216\">\n<col width=\"324\"><\/colgroup>\n<tbody>\n<tr>\n<td width=\"216\">M\u00e9thodes d&rsquo;installation<\/td>\n<td width=\"324\">pour encastr\u00e9 \/ mural<\/td>\n<\/tr>\n<tr>\n<td width=\"216\">Caract\u00e9ristique unique\n<\/td>\n<td width=\"324\">grand, devant noir<\/td>\n<\/tr>\n<tr>\n<td width=\"216\">Effet de flamme<\/td>\n<td width=\"324\">LED<\/td>\n<\/tr>\n<tr>\n<td width=\"216\">Application mobile<\/td>\n<td width=\"324\">pas<\/td>\n<\/tr>\n<tr>\n<td width=\"216\">T\u00e9l\u00e9commande<\/td>\n<td width=\"324\">oui<\/td>\n<\/tr>\n<tr>\n<td width=\"216\">Couleur\/Finition<\/td>\n<td width=\"324\">m\u00e9tal, verre, noir<\/td>\n<\/tr>\n<tr>\n<td width=\"216\">Minuterie (timer)<\/td>\n<td width=\"324\">oui<\/td>\n<\/tr>\n<tr>\n<td width=\"216\">Programmateur hebdomadaire<\/td>\n<td width=\"324\">oui<\/td>\n<\/tr>\n<tr>\n<td width=\"216\">Fonction de chauffage<\/td>\n<td width=\"324\">oui<\/td>\n<\/tr>\n<tr>\n<td width=\"216\">Flamme ind\u00e9pendante de la fonction de chauffage<\/td>\n<td width=\"324\">oui<\/td>\n<\/tr>\n<tr>\n<td width=\"216\">Puissance de chauffage<\/td>\n<td width=\"324\">750 \/ 1500 W<\/td>\n<\/tr>\n<tr>\n<td width=\"216\">Contr\u00f4le de la temp\u00e9rature\n<\/td>\n<td width=\"324\">de 18 \u00e0 30\u00b0C<\/td>\n<\/tr>\n<tr>\n<td width=\"216\">Protection contre la surchauffe<\/td>\n<td width=\"324\">oui<\/td>\n<\/tr>\n<tr>\n<td width=\"216\">Thermostat<\/td>\n<td width=\"324\">oui<\/td>\n<\/tr>\n<tr>\n<td width=\"216\">\nCouleurs de flamme :<\/p>\n<\/td>\n<p>Foyer:<\/p>\n<td width=\"324\">3 couleurs de flammes<br \/>\n4 intensit\u00e9s de flammes3 types de foyer inclus : b\u00fbches, cristaux, pierres.<br \/>10 couleurs d&rsquo;\u00e9clairage du foyer.<br \/>5 niveaux de luminosit\u00e9 du foyer<\/td>\n<\/tr>\n<tr>\n<td width=\"216\">Garantie<\/td>\n<td width=\"324\">2 ans<\/td>\n<\/tr>\n<tr>\n<td width=\"216\">Longueur du c\u00e2ble d&rsquo;alimentation<\/td>\n<td width=\"324\">1,8 m<\/td>\n<\/tr>\n<tr>\n<td width=\"216\">Tension d&rsquo;alimentation<\/td>\n<td width=\"324\">220 V<\/td>\n<\/tr>\n<\/tbody>\n<\/table>\n<\/td>\n<\/tr>\n<\/tbody>\n<\/table>\n<h6><\/h6>\n<p>L&rsquo;insert de chemin\u00e9e \u00e9lectrique LED Aflamo 70 PRO est une combinaison r\u00e9volutionnaire de technologie de pointe, de fonctionnalit\u00e9 et de beaut\u00e9 de la flamme, qui introduit une atmosph\u00e8re unique de feu de camp dans votre int\u00e9rieur. Cet insert est une vision de la chemin\u00e9e du futur, offrant \u00e0 la fois une exp\u00e9rience esth\u00e9tique et un confort d&rsquo;utilisation. <\/p>\n<p>La flamme LED r\u00e9aliste est un v\u00e9ritable chef-d&rsquo;\u0153uvre qui donne vie \u00e0 l&rsquo;int\u00e9rieur et cr\u00e9e l&rsquo;illusion de br\u00fbler du bois. L&rsquo;insert Aflamo 70 PRO offre jusqu&rsquo;\u00e0 trois couleurs de flamme qui peuvent \u00eatre r\u00e9gl\u00e9es sur quatre niveaux de luminosit\u00e9. Cela vous permet d&rsquo;ajuster l&rsquo;atmosph\u00e8re en fonction de votre humeur, cr\u00e9ant ainsi un effet visuel unique.  <\/p>\n<p>Trois types de foyer diff\u00e9rents (b\u00fbches, cristaux, pierres) permettent une personnalisation et un ajustement encore plus grand de l&rsquo;insert selon vos propres pr\u00e9f\u00e9rences. Chaque type de chemin\u00e9e cr\u00e9e une aura unique, donnant \u00e0 la chemin\u00e9e un caract\u00e8re individuel. <\/p>\n<p>La puissance de chauffage de l&rsquo;insert Aflamo 70 PRO est de 750W ou 1500W, ce qui vous permet d&rsquo;ajuster l&rsquo;intensit\u00e9 de la chaleur aux besoins et conditions actuels de la pi\u00e8ce. De plus, la r\u00e9gulation de temp\u00e9rature allant de 18 \u00e0 30\u00b0C permet un r\u00e9glage pr\u00e9cis du confort thermique. <\/p>\n<p>La t\u00e9l\u00e9commande est une fonction pratique qui vous permet de contr\u00f4ler facilement la flamme, la fonction de chauffage et le r\u00e9glage de la temp\u00e9rature depuis un endroit pratique. Cela vous donne un contr\u00f4le total sur l&rsquo;atmosph\u00e8re du foyer sans avoir \u00e0 vous lever. <\/p>\n<p>Le capteur de fen\u00eatre ouverte est une fonction de s\u00e9curit\u00e9 intelligente qui \u00e9teint automatiquement l&rsquo;insert lorsqu&rsquo;une fen\u00eatre est ouverte. Cela permet non seulement d\u2019\u00e9conomiser de l\u2019\u00e9nergie, mais garantit \u00e9galement une utilisation s\u00fbre. <\/p>\n<p>La flamme ind\u00e9pendante de la fonction de chauffage vous permet de profiter de la beaut\u00e9 du feu sans avoir \u00e0 utiliser de chauffage, ce qui fait de la chemin\u00e9e Aflamo 70 PRO un choix id\u00e9al toute l&rsquo;ann\u00e9e.<\/p>\n<p>La protection contre la surchauffe est une autre caract\u00e9ristique qui garantit une utilisation s\u00fbre de l&rsquo;insert et de l&rsquo;appareil, \u00e9liminant ainsi le risque de situations dangereuses possibles.<\/p>\n<p>En r\u00e9sum\u00e9, l&rsquo;insert de chemin\u00e9e \u00e9lectrique LED Aflamo 70 PRO est une combinaison d&rsquo;excellent design, d&rsquo;efficacit\u00e9, de fonctionnalit\u00e9 et de s\u00e9curit\u00e9. Sa flamme avanc\u00e9e, ses options de foyer polyvalentes, ses deux r\u00e9glages de puissance de chauffage, son contr\u00f4le de la temp\u00e9rature, sa t\u00e9l\u00e9commande et son capteur de fen\u00eatre ouverte cr\u00e9ent une exp\u00e9rience de chemin\u00e9e compl\u00e8te. Ce n\u2019est pas seulement une source de beaut\u00e9, mais aussi de chaleur et de confort qui enrichit tout int\u00e9rieur avec l\u2019atmosph\u00e8re d\u2019une v\u00e9ritable chemin\u00e9e.  <\/p>\n<p>&nbsp;<\/p>\n<div class=\"feature\">\n<ul><strong><\/p>\n<p><a href=\"https:\/\/aflamo.shop\/wp-content\/uploads\/2023\/05\/Aflamo-LED-50-70-80-PRO-manual-3.pdf\">Manuel d&rsquo;utilisation et informations de s\u00e9curit\u00e9 importantes<\/a><\/p>\n<p><\/stronng><\/ul>\n<h6 style=\"text-align: left;\"><strong>Dessins techniques<\/strong><\/h6>\n<p>&nbsp;<\/p>\n<p>Insert \u00e9lectrique LED Aflamo 70 PRO<\/p>\n<p><img loading=\"lazy\" decoding=\"async\" class=\"alignnone wp-image-2856 size-full\" src=\"https:\/\/aflamo.shop\/wp-content\/uploads\/2023\/05\/fireplace-aflamo-majestic-26-led-70-pro.jpg\" alt=\"\" width=\"1046\" height=\"806\" srcset=\"https:\/\/aflamo.shop\/wp-content\/uploads\/2023\/05\/fireplace-aflamo-majestic-26-led-70-pro.jpg 1046w, https:\/\/aflamo.shop\/wp-content\/uploads\/2023\/05\/fireplace-aflamo-majestic-26-led-70-pro-600x462.jpg 600w, https:\/\/aflamo.shop\/wp-content\/uploads\/2023\/05\/fireplace-aflamo-majestic-26-led-70-pro-300x231.jpg 300w, https:\/\/aflamo.shop\/wp-content\/uploads\/2023\/05\/fireplace-aflamo-majestic-26-led-70-pro-1024x789.jpg 1024w, https:\/\/aflamo.shop\/wp-content\/uploads\/2023\/05\/fireplace-aflamo-majestic-26-led-70-pro-768x592.jpg 768w\" sizes=\"(max-width: 1046px) 100vw, 1046px\" \/><\/p>\n<p>&nbsp;<\/p>\n<p>&nbsp;<\/p>\n<\/div>\n","protected":false},"excerpt":{"rendered":"<p>pour montage encastr\u00e9\/mural avec fonction de chauffage<\/p>\n<p><b>Dimensions : 66 x 40 x 12 cm<\/b><\/p>\n","protected":false},"featured_media":4030,"comment_status":"open","ping_status":"closed","template":"","meta":[],"product_brand":[],"product_cat":[770,170,772,771,773],"product_tag":[],"class_list":{"0":"post-16275","1":"product","2":"type-product","3":"status-publish","4":"has-post-thumbnail","6":"product_cat-aflamo-fr","7":"product_cat-cheminees-electriques-fr","8":"product_cat-cheminees-electriques-a-led-avec-fonction-de-chauffage","9":"product_cat-cheminees-electriques-led-encastrees","10":"product_cat-inserts-electriques-led","12":"first","13":"instock","14":"shipping-taxable","15":"purchasable","16":"product-type-simple"},"yoast_head":"<!-- This site is optimized with the Yoast SEO plugin v27.4 - https:\/\/yoast.com\/product\/yoast-seo-wordpress\/ -->\n<title>Insert \u00e9lectrique LED Aflamo 70 PRO - aflamo.shop - revendeur aflamo certifi\u00e9<\/title>\n<meta name=\"robots\" content=\"index, follow, max-snippet:-1, max-image-preview:large, max-video-preview:-1\" \/>\n<link rel=\"canonical\" href=\"https:\/\/aflamo.shop\/fr\/p\/insert-electrique-led-aflamo-70-pro\/\" \/>\n<meta property=\"og:locale\" content=\"fr_FR\" \/>\n<meta property=\"og:type\" content=\"article\" \/>\n<meta property=\"og:title\" content=\"Insert \u00e9lectrique LED Aflamo 70 PRO - aflamo.shop - revendeur aflamo certifi\u00e9\" \/>\n<meta property=\"og:description\" content=\"pour montage encastr\u00e9\/mural avec fonction de chauffage Dimensions : 66 x 40 x 12 cm\" \/>\n<meta property=\"og:url\" content=\"https:\/\/aflamo.shop\/fr\/p\/insert-electrique-led-aflamo-70-pro\/\" \/>\n<meta property=\"og:site_name\" content=\"aflamo.shop - revendeur aflamo certifi\u00e9\" \/>\n<meta property=\"article:modified_time\" content=\"2026-04-20T09:33:26+00:00\" \/>\n<meta property=\"og:image\" content=\"https:\/\/aflamo.shop\/wp-content\/uploads\/2023\/05\/aflamo-led-70-pro-6.jpg\" \/>\n\t<meta property=\"og:image:width\" content=\"2048\" \/>\n\t<meta property=\"og:image:height\" content=\"2048\" \/>\n\t<meta property=\"og:image:type\" content=\"image\/jpeg\" \/>\n<meta name=\"twitter:card\" content=\"summary_large_image\" \/>\n<meta name=\"twitter:label1\" content=\"Dur\u00e9e de lecture estim\u00e9e\" \/>\n\t<meta name=\"twitter:data1\" content=\"6 minutes\" \/>\n<script type=\"application\/ld+json\" class=\"yoast-schema-graph\">{\"@context\":\"https:\\\/\\\/schema.org\",\"@graph\":[{\"@type\":\"WebPage\",\"@id\":\"https:\\\/\\\/aflamo.shop\\\/fr\\\/p\\\/insert-electrique-led-aflamo-70-pro\\\/\",\"url\":\"https:\\\/\\\/aflamo.shop\\\/fr\\\/p\\\/insert-electrique-led-aflamo-70-pro\\\/\",\"name\":\"Insert \u00e9lectrique LED Aflamo 70 PRO - aflamo.shop - revendeur aflamo certifi\u00e9\",\"isPartOf\":{\"@id\":\"https:\\\/\\\/aflamo.shop\\\/fr\\\/#website\"},\"primaryImageOfPage\":{\"@id\":\"https:\\\/\\\/aflamo.shop\\\/fr\\\/p\\\/insert-electrique-led-aflamo-70-pro\\\/#primaryimage\"},\"image\":{\"@id\":\"https:\\\/\\\/aflamo.shop\\\/fr\\\/p\\\/insert-electrique-led-aflamo-70-pro\\\/#primaryimage\"},\"thumbnailUrl\":\"https:\\\/\\\/aflamo.shop\\\/wp-content\\\/uploads\\\/2023\\\/05\\\/aflamo-led-70-pro-6.jpg\",\"datePublished\":\"2023-05-21T15:22:31+00:00\",\"dateModified\":\"2026-04-20T09:33:26+00:00\",\"breadcrumb\":{\"@id\":\"https:\\\/\\\/aflamo.shop\\\/fr\\\/p\\\/insert-electrique-led-aflamo-70-pro\\\/#breadcrumb\"},\"inLanguage\":\"fr-FR\",\"potentialAction\":[{\"@type\":\"ReadAction\",\"target\":[\"https:\\\/\\\/aflamo.shop\\\/fr\\\/p\\\/insert-electrique-led-aflamo-70-pro\\\/\"]}]},{\"@type\":\"ImageObject\",\"inLanguage\":\"fr-FR\",\"@id\":\"https:\\\/\\\/aflamo.shop\\\/fr\\\/p\\\/insert-electrique-led-aflamo-70-pro\\\/#primaryimage\",\"url\":\"https:\\\/\\\/aflamo.shop\\\/wp-content\\\/uploads\\\/2023\\\/05\\\/aflamo-led-70-pro-6.jpg\",\"contentUrl\":\"https:\\\/\\\/aflamo.shop\\\/wp-content\\\/uploads\\\/2023\\\/05\\\/aflamo-led-70-pro-6.jpg\",\"width\":2048,\"height\":2048},{\"@type\":\"BreadcrumbList\",\"@id\":\"https:\\\/\\\/aflamo.shop\\\/fr\\\/p\\\/insert-electrique-led-aflamo-70-pro\\\/#breadcrumb\",\"itemListElement\":[{\"@type\":\"ListItem\",\"position\":1,\"name\":\"Page d'accueil\",\"item\":\"https:\\\/\\\/aflamo.shop\\\/fr\\\/\"},{\"@type\":\"ListItem\",\"position\":2,\"name\":\"Boutique\",\"item\":\"https:\\\/\\\/aflamo.shop\\\/boutique\\\/\"},{\"@type\":\"ListItem\",\"position\":3,\"name\":\"Chemin\u00e9es \u00e9lectriques\",\"item\":\"https:\\\/\\\/aflamo.shop\\\/fr\\\/s\\\/cheminees-electriques-fr\\\/\"},{\"@type\":\"ListItem\",\"position\":4,\"name\":\"Insert \u00e9lectrique LED Aflamo 70 PRO\"}]},{\"@type\":\"WebSite\",\"@id\":\"https:\\\/\\\/aflamo.shop\\\/fr\\\/#website\",\"url\":\"https:\\\/\\\/aflamo.shop\\\/fr\\\/\",\"name\":\"aflamo.shop - revendeur aflamo certifi\u00e9\",\"description\":\"Kominki elektryczne Aflamo i Emotion Flame z funkcj\u0105 grzania\",\"publisher\":{\"@id\":\"https:\\\/\\\/aflamo.shop\\\/fr\\\/#organization\"},\"potentialAction\":[{\"@type\":\"SearchAction\",\"target\":{\"@type\":\"EntryPoint\",\"urlTemplate\":\"https:\\\/\\\/aflamo.shop\\\/fr\\\/?s={search_term_string}\"},\"query-input\":{\"@type\":\"PropertyValueSpecification\",\"valueRequired\":true,\"valueName\":\"search_term_string\"}}],\"inLanguage\":\"fr-FR\"},{\"@type\":\"Organization\",\"@id\":\"https:\\\/\\\/aflamo.shop\\\/fr\\\/#organization\",\"name\":\"aflamo.shop - revendeur aflamo certifi\u00e9\",\"url\":\"https:\\\/\\\/aflamo.shop\\\/fr\\\/\",\"logo\":{\"@type\":\"ImageObject\",\"inLanguage\":\"fr-FR\",\"@id\":\"https:\\\/\\\/aflamo.shop\\\/fr\\\/#\\\/schema\\\/logo\\\/image\\\/\",\"url\":\"https:\\\/\\\/aflamo.shop\\\/wp-content\\\/uploads\\\/2019\\\/10\\\/logo2.1-1-1.svg\",\"contentUrl\":\"https:\\\/\\\/aflamo.shop\\\/wp-content\\\/uploads\\\/2019\\\/10\\\/logo2.1-1-1.svg\",\"caption\":\"aflamo.shop - revendeur aflamo certifi\u00e9\"},\"image\":{\"@id\":\"https:\\\/\\\/aflamo.shop\\\/fr\\\/#\\\/schema\\\/logo\\\/image\\\/\"}}]}<\/script>\n<!-- \/ Yoast SEO plugin. -->","yoast_head_json":{"title":"Insert \u00e9lectrique LED Aflamo 70 PRO - aflamo.shop - revendeur aflamo certifi\u00e9","robots":{"index":"index","follow":"follow","max-snippet":"max-snippet:-1","max-image-preview":"max-image-preview:large","max-video-preview":"max-video-preview:-1"},"canonical":"https:\/\/aflamo.shop\/fr\/p\/insert-electrique-led-aflamo-70-pro\/","og_locale":"fr_FR","og_type":"article","og_title":"Insert \u00e9lectrique LED Aflamo 70 PRO - aflamo.shop - revendeur aflamo certifi\u00e9","og_description":"pour montage encastr\u00e9\/mural avec fonction de chauffage Dimensions : 66 x 40 x 12 cm","og_url":"https:\/\/aflamo.shop\/fr\/p\/insert-electrique-led-aflamo-70-pro\/","og_site_name":"aflamo.shop - revendeur aflamo certifi\u00e9","article_modified_time":"2026-04-20T09:33:26+00:00","og_image":[{"width":2048,"height":2048,"url":"https:\/\/aflamo.shop\/wp-content\/uploads\/2023\/05\/aflamo-led-70-pro-6.jpg","type":"image\/jpeg"}],"twitter_card":"summary_large_image","twitter_misc":{"Dur\u00e9e de lecture estim\u00e9e":"6 minutes"},"schema":{"@context":"https:\/\/schema.org","@graph":[{"@type":"WebPage","@id":"https:\/\/aflamo.shop\/fr\/p\/insert-electrique-led-aflamo-70-pro\/","url":"https:\/\/aflamo.shop\/fr\/p\/insert-electrique-led-aflamo-70-pro\/","name":"Insert \u00e9lectrique LED Aflamo 70 PRO - aflamo.shop - revendeur aflamo certifi\u00e9","isPartOf":{"@id":"https:\/\/aflamo.shop\/fr\/#website"},"primaryImageOfPage":{"@id":"https:\/\/aflamo.shop\/fr\/p\/insert-electrique-led-aflamo-70-pro\/#primaryimage"},"image":{"@id":"https:\/\/aflamo.shop\/fr\/p\/insert-electrique-led-aflamo-70-pro\/#primaryimage"},"thumbnailUrl":"https:\/\/aflamo.shop\/wp-content\/uploads\/2023\/05\/aflamo-led-70-pro-6.jpg","datePublished":"2023-05-21T15:22:31+00:00","dateModified":"2026-04-20T09:33:26+00:00","breadcrumb":{"@id":"https:\/\/aflamo.shop\/fr\/p\/insert-electrique-led-aflamo-70-pro\/#breadcrumb"},"inLanguage":"fr-FR","potentialAction":[{"@type":"ReadAction","target":["https:\/\/aflamo.shop\/fr\/p\/insert-electrique-led-aflamo-70-pro\/"]}]},{"@type":"ImageObject","inLanguage":"fr-FR","@id":"https:\/\/aflamo.shop\/fr\/p\/insert-electrique-led-aflamo-70-pro\/#primaryimage","url":"https:\/\/aflamo.shop\/wp-content\/uploads\/2023\/05\/aflamo-led-70-pro-6.jpg","contentUrl":"https:\/\/aflamo.shop\/wp-content\/uploads\/2023\/05\/aflamo-led-70-pro-6.jpg","width":2048,"height":2048},{"@type":"BreadcrumbList","@id":"https:\/\/aflamo.shop\/fr\/p\/insert-electrique-led-aflamo-70-pro\/#breadcrumb","itemListElement":[{"@type":"ListItem","position":1,"name":"Page d'accueil","item":"https:\/\/aflamo.shop\/fr\/"},{"@type":"ListItem","position":2,"name":"Boutique","item":"https:\/\/aflamo.shop\/boutique\/"},{"@type":"ListItem","position":3,"name":"Chemin\u00e9es \u00e9lectriques","item":"https:\/\/aflamo.shop\/fr\/s\/cheminees-electriques-fr\/"},{"@type":"ListItem","position":4,"name":"Insert \u00e9lectrique LED Aflamo 70 PRO"}]},{"@type":"WebSite","@id":"https:\/\/aflamo.shop\/fr\/#website","url":"https:\/\/aflamo.shop\/fr\/","name":"aflamo.shop - revendeur aflamo certifi\u00e9","description":"Kominki elektryczne Aflamo i Emotion Flame z funkcj\u0105 grzania","publisher":{"@id":"https:\/\/aflamo.shop\/fr\/#organization"},"potentialAction":[{"@type":"SearchAction","target":{"@type":"EntryPoint","urlTemplate":"https:\/\/aflamo.shop\/fr\/?s={search_term_string}"},"query-input":{"@type":"PropertyValueSpecification","valueRequired":true,"valueName":"search_term_string"}}],"inLanguage":"fr-FR"},{"@type":"Organization","@id":"https:\/\/aflamo.shop\/fr\/#organization","name":"aflamo.shop - revendeur aflamo certifi\u00e9","url":"https:\/\/aflamo.shop\/fr\/","logo":{"@type":"ImageObject","inLanguage":"fr-FR","@id":"https:\/\/aflamo.shop\/fr\/#\/schema\/logo\/image\/","url":"https:\/\/aflamo.shop\/wp-content\/uploads\/2019\/10\/logo2.1-1-1.svg","contentUrl":"https:\/\/aflamo.shop\/wp-content\/uploads\/2019\/10\/logo2.1-1-1.svg","caption":"aflamo.shop - revendeur aflamo certifi\u00e9"},"image":{"@id":"https:\/\/aflamo.shop\/fr\/#\/schema\/logo\/image\/"}}]}},"_links":{"self":[{"href":"https:\/\/aflamo.shop\/fr\/wp-json\/wp\/v2\/product\/16275","targetHints":{"allow":["GET"]}}],"collection":[{"href":"https:\/\/aflamo.shop\/fr\/wp-json\/wp\/v2\/product"}],"about":[{"href":"https:\/\/aflamo.shop\/fr\/wp-json\/wp\/v2\/types\/product"}],"replies":[{"embeddable":true,"href":"https:\/\/aflamo.shop\/fr\/wp-json\/wp\/v2\/comments?post=16275"}],"wp:featuredmedia":[{"embeddable":true,"href":"https:\/\/aflamo.shop\/fr\/wp-json\/wp\/v2\/media\/4030"}],"wp:attachment":[{"href":"https:\/\/aflamo.shop\/fr\/wp-json\/wp\/v2\/media?parent=16275"}],"wp:term":[{"taxonomy":"product_brand","embeddable":true,"href":"https:\/\/aflamo.shop\/fr\/wp-json\/wp\/v2\/product_brand?post=16275"},{"taxonomy":"product_cat","embeddable":true,"href":"https:\/\/aflamo.shop\/fr\/wp-json\/wp\/v2\/product_cat?post=16275"},{"taxonomy":"product_tag","embeddable":true,"href":"https:\/\/aflamo.shop\/fr\/wp-json\/wp\/v2\/product_tag?post=16275"}],"curies":[{"name":"wp","href":"https:\/\/api.w.org\/{rel}","templated":true}]}}