{"id":16267,"date":"2023-05-24T08:28:41","date_gmt":"2023-05-24T08:28:41","guid":{"rendered":"https:\/\/aflamo.shop\/p\/cheminee-electrique-led-aflamo-lagos-2d\/"},"modified":"2026-04-20T09:30:06","modified_gmt":"2026-04-20T09:30:06","slug":"cheminee-electrique-led-aflamo-lagos-2d","status":"publish","type":"product","link":"https:\/\/aflamo.shop\/fr\/p\/cheminee-electrique-led-aflamo-lagos-2d\/","title":{"rendered":"Chemin\u00e9e \u00e9lectrique LED Aflamo Lagos 2D"},"content":{"rendered":"<p><iframe title=\"Lecteur vid\u00e9o YouTube\" src=\"https:\/\/www.youtube.com\/embed\/OXaVpuNjxd4\" width=\"560\" height=\"315\" frameborder=\"0\" allowfullscreen=\"allowfullscreen\"><span data-mce-type=\"bookmark\" style=\"display: inline-block; width: 0px; overflow: hidden; line-height: 0;\" class=\"mce_SELRES_start\"><\/span><\/iframe><\/p>\n<h3><\/h3>\n<h3><\/h3>\n<h3><strong>Caract\u00e9ristiques de la chemin\u00e9e<\/strong><\/h3>\n<p>&nbsp;<\/p>\n<p>Bo\u00eetier blanc \u00e9l\u00e9gant. Le bo\u00eetier peut \u00eatre recouvert de panneaux d\u00e9coratifs. <\/p>\n<p>&nbsp;<\/p>\n<p><strong>Insert \u00e9lectrique LED 60 Classic <\/strong><strong> <img fetchpriority=\"high\" decoding=\"async\" class=\"alignright wp-image-4525 \" src=\"https:\/\/aflamo.shop\/wp-content\/uploads\/2023\/05\/led_60_classic_cyf-300x183.jpg\" alt=\"\" width=\"356\" height=\"217\" srcset=\"https:\/\/aflamo.shop\/wp-content\/uploads\/2023\/05\/led_60_classic_cyf-300x183.jpg 300w, https:\/\/aflamo.shop\/wp-content\/uploads\/2023\/05\/led_60_classic_cyf.jpg 492w\" sizes=\"(max-width: 356px) 100vw, 356px\" \/>                          <\/strong><\/p>\n<ol class=\"numlist\">\n<li>3 couleurs de flamme (jaune, orange, jaune-orange), 5 intensit\u00e9s de flamme<\/li>\n<li>Flamme LED r\u00e9aliste et \u00e9conome en \u00e9nergie<\/li>\n<li>2 niveaux de puissance de chauffage : 900W \/ 1800W<\/li>\n<li>Contr\u00f4le de la temp\u00e9rature de 10 \u00e0 30\u00b0C<\/li>\n<li>T\u00e9l\u00e9commande<\/li>\n<li>Capteur de fen\u00eatre ouverte<\/li>\n<li>Protection contre la surchauffe<\/li>\n<li>Flamme ind\u00e9pendante de la fonction de chauffage<\/li>\n<\/ol>\n<h3><\/h3>\n<h3><\/h3>\n<p>&nbsp;<\/p>\n<h3><\/h3>\n<h3><strong>Chauffage<\/strong><\/h3>\n<p>&nbsp;<\/p>\n<p>Le chauffage ind\u00e9pendant de la flamme vous permet d&rsquo;utiliser la chemin\u00e9e tout au long de l&rsquo;ann\u00e9e, m\u00eame par temps chaud.<br \/>\nVous pouvez allumer ou \u00e9teindre le chauffage \u00e0 tout moment.<\/p>\n<ul>\n<li>Le capteur de fen\u00eatre ouverte \u00e9teint le chauffage lorsqu&rsquo;il d\u00e9tecte une baisse soudaine de la temp\u00e9rature.<\/li>\n<li>Le radiateur dispose de 2 niveaux de puissance de chauffage 900-1800W<\/li>\n<li>Contr\u00f4le de la temp\u00e9rature de 10 \u00e0 30\u00b0C.<\/li>\n<\/ul>\n<h3><\/h3>\n<h3><\/h3>\n<h3><strong>S\u00e9curit\u00e9<\/strong><\/h3>\n<p>&nbsp;<\/p>\n<div class=\"col-12 col-md-6 cecha-col naprzemienne-txt naprzemienne-opis\">\n<ul>\n<li>La vitre de la chemin\u00e9e ne chauffe pas et est sans danger pour les enfants et les animaux domestiques.<\/li>\n<li>Le capteur de s\u00e9curit\u00e9 de l&rsquo;appareil arr\u00eate le chauffage si la sortie d&rsquo;air chaud est obstru\u00e9e.<\/li>\n<\/ul>\n<\/div>\n<h3><\/h3>\n<h3><\/h3>\n<h3><strong>Confort et commodit\u00e9<\/strong><\/h3>\n<p>&nbsp;<\/p>\n<div class=\"col-12 col-md-6 cecha-col naprzemienne-txt naprzemienne-opis\">\n<ul>\n<li>La t\u00e9l\u00e9commande permet de modifier les fonctions \u00e0 distance. Elle offre un confort d&rsquo;utilisation sans qu&rsquo;il soit n\u00e9cessaire de se lever du canap\u00e9. <\/li>\n<\/ul>\n<\/div>\n<div class=\"col-12 col-md-6 cecha-col naprzemienne-txt naprzemienne-opis\">\n<ul>\n<li>Minuterie \/ La minuterie \u00e9teindra automatiquement le foyer. Vous le r\u00e9glez et vous l&rsquo;oubliez.  Si vous vous endormez, vous n&rsquo;avez pas \u00e0 vous soucier du fait que la chemin\u00e9e reste allum\u00e9e toute la nuit.<\/li>\n<\/ul>\n<\/div>\n<div class=\"col-12 col-md-6 cecha-col naprzemienne-txt naprzemienne-opis\">\n<ul>\n<li>La fonction de chauffage rapide permet de r\u00e9chauffer instantan\u00e9ment la pi\u00e8ce et de maintenir une temp\u00e9rature confortable.<\/li>\n<\/ul>\n<\/div>\n<h3><\/h3>\n<h3><strong>Donn\u00e9es techniques<\/strong><\/h3>\n<p>&nbsp;<\/p>\n<table width=\"548\" cellspacing=\"0\" cellpadding=\"2\">\n<tbody>\n<tr>\n<td width=\"216\">Effet de flamme<\/td>\n<td width=\"324\">LED<\/td>\n<\/tr>\n<tr>\n<td width=\"216\">Application mobile<\/td>\n<td width=\"324\">pas<\/td>\n<\/tr>\n<tr>\n<td width=\"216\">T\u00e9l\u00e9commande<\/td>\n<td width=\"324\">oui<\/td>\n<\/tr>\n<tr>\n<td width=\"216\">Couleur \/ finition<\/td>\n<td width=\"324\">bo\u00eetier blanc<\/td>\n<\/tr>\n<tr>\n<td width=\"216\">Minuterie (timer)<\/td>\n<td width=\"324\">oui<\/td>\n<\/tr>\n<tr>\n<td width=\"216\">Programmateur hebdomadaire<\/td>\n<td width=\"324\">oui<\/td>\n<\/tr>\n<tr>\n<td width=\"216\">Fonction de chauffage<\/td>\n<td width=\"324\">oui<\/td>\n<\/tr>\n<tr>\n<td width=\"216\">Flamme ind\u00e9pendante de la fonction de chauffage<\/td>\n<td width=\"324\">oui<\/td>\n<\/tr>\n<tr>\n<td width=\"216\">Puissance de chauffage<\/td>\n<td width=\"324\">900 \/ 1800 W<\/td>\n<\/tr>\n<tr>\n<td width=\"216\">Contr\u00f4le de la temp\u00e9rature<\/td>\n<td width=\"324\">10 \u00e0 30\u00b0C<\/td>\n<\/tr>\n<tr>\n<td width=\"216\">Protection contre la surchauffe<\/td>\n<td width=\"324\">oui<\/td>\n<\/tr>\n<tr>\n<td width=\"216\">Thermostat<\/td>\n<td width=\"324\">oui<\/td>\n<\/tr>\n<tr>\n<td width=\"216\">Flamme<\/p>\n<p>foyer<\/td>\n<td width=\"324\">1 flamme couleur orange<\/p>\n<p>Glade<\/td>\n<\/tr>\n<tr>\n<td width=\"216\">Garantie<\/td>\n<td width=\"324\">2 ans<\/td>\n<\/tr>\n<tr>\n<td width=\"216\">Longueur du c\u00e2ble d&rsquo;alimentation<\/td>\n<td width=\"324\">1,8 m<\/td>\n<\/tr>\n<tr>\n<td width=\"216\">Tension d&rsquo;alimentation<\/td>\n<td width=\"324\">220 V<\/td>\n<\/tr>\n<\/tbody>\n<\/table>\n<p>&nbsp;<\/p>\n<p>La chemin\u00e9e \u00e9lectrique LED Lagos est une v\u00e9ritable r\u00e9f\u00e9rence d&rsquo;\u00e9l\u00e9gance et de fonctionnalit\u00e9 dans le monde des chemin\u00e9es. Son bo\u00eetier blanc et \u00e9l\u00e9gant offre une belle toile de fond pour des effets d&rsquo;\u00e9clairage uniques, tout en cr\u00e9ant le contraste parfait avec l&rsquo;environnement. C&rsquo;est cette combinaison d&rsquo;esth\u00e9tique et d&rsquo;innovation qui fait de la chemin\u00e9e Lagos un \u00e9l\u00e9ment unique de d\u00e9coration int\u00e9rieure.  <\/p>\n<p>Le bo\u00eetier de la chemin\u00e9e Lagos peut \u00eatre en outre d\u00e9cor\u00e9 de panneaux d\u00e9coratifs, vous permettant d&rsquo;adapter la chemin\u00e9e \u00e0 votre go\u00fbt et \u00e0 votre style individuels. C&rsquo;est un espace cr\u00e9atif pour exprimer votre personnalit\u00e9 et cr\u00e9er une chemin\u00e9e qui s&rsquo;harmonisera parfaitement avec le reste de votre d\u00e9coration. <\/p>\n<p>L&rsquo;insert \u00e9lectrique LED 2D est le c\u0153ur de la chemin\u00e9e Lagos, offrant des effets visuels \u00e9tonnants. Trois couleurs de flamme et cinq niveaux de luminosit\u00e9 de flamme offrent un spectre complet qui vous permet d&rsquo;ajuster l&rsquo;atmosph\u00e8re de la pi\u00e8ce en fonction de chaque occasion et de chaque humeur. La flamme LED r\u00e9aliste et \u00e9conome en \u00e9nergie apporte la v\u00e9ritable magie du feu \u00e0 votre int\u00e9rieur.  <\/p>\n<p>La chemin\u00e9e de Lagos n\u2019est pas seulement belle, mais aussi fonctionnelle. Deux puissances de chauffage (900W et 1800W) vous permettent de s\u00e9lectionner l&rsquo;intensit\u00e9 de chaleur appropri\u00e9e, en fonction de vos besoins actuels et de la temp\u00e9rature ambiante. La r\u00e9gulation de la temp\u00e9rature allant de 10 \u00e0 30\u00b0C permet de cr\u00e9er des conditions de confort thermique id\u00e9ales.  <\/p>\n<p>La t\u00e9l\u00e9commande est une option pratique qui vous permet de contr\u00f4ler votre foyer depuis un endroit confortable. Le capteur de fen\u00eatre ouverte est un autre \u00e9l\u00e9ment de s\u00e9curit\u00e9. Et la protection contre la surchauffe garantit une utilisation paisible du foyer.  <\/p>\n<p>Il convient de souligner que la flamme de la chemin\u00e9e Lagos est ind\u00e9pendante de la fonction de chauffage, vous pouvez donc profiter des effets visuels du feu sans avoir \u00e0 utiliser la fonction de chauffage. C&rsquo;est l&rsquo;option parfaite pour une ambiance de feu de camp toute l&rsquo;ann\u00e9e. <\/p>\n<p>En r\u00e9sum\u00e9, la chemin\u00e9e \u00e9lectrique LED Lagos est une harmonie de design et de technologie. Sa flamme r\u00e9aliste, ses fonctions de chauffage, son contr\u00f4le de la temp\u00e9rature, sa t\u00e9l\u00e9commande et ses fonctions de s\u00e9curit\u00e9 en font une solution polyvalente et s\u00fbre. Ce n\u2019est pas seulement une chemin\u00e9e, c\u2019est une source de beaut\u00e9 et de chaleur qui enrichit chaque int\u00e9rieur d\u2019un caract\u00e8re unique.  <\/p>\n<p>&nbsp;<\/p>\n<ul><strong><\/p>\n<p><a href=\"https:\/\/aflamo.shop\/wp-content\/uploads\/2023\/05\/Aflamo-LED-50-60-70-80-90-CLASSIC-manual_EN-PL-CZ-SK-NL-3.pdf\">Instructions d&rsquo;utilisation et informations de s\u00e9curit\u00e9<\/a><\/p>\n<p><\/strong><\/ul>\n<h6><strong>Dessin technique<\/strong><\/h6>\n<p>&nbsp;<\/p>\n<p>&nbsp;<\/p>\n<p><img decoding=\"async\" class=\"alignnone wp-image-4649 size-full\" src=\"https:\/\/aflamo.shop\/wp-content\/uploads\/2023\/05\/Lagos.png\" alt=\"\" width=\"922\" height=\"603\" srcset=\"https:\/\/aflamo.shop\/wp-content\/uploads\/2023\/05\/Lagos.png 922w, https:\/\/aflamo.shop\/wp-content\/uploads\/2023\/05\/Lagos-600x392.png 600w, https:\/\/aflamo.shop\/wp-content\/uploads\/2023\/05\/Lagos-300x196.png 300w, https:\/\/aflamo.shop\/wp-content\/uploads\/2023\/05\/Lagos-768x502.png 768w\" sizes=\"(max-width: 922px) 100vw, 922px\" \/><\/p>\n<p>&nbsp;<\/p>\n","protected":false},"excerpt":{"rendered":"<p>Fabricant : Aflamo<\/p>\n<p>GETIN:5908283562480<\/p>\n<p>Chemin\u00e9e \u00e9lectrique LED avec bo\u00eetier et fonction de chauffage.<\/p>\n<p><b>dimensions : 99 x 85 x 36 cm<\/b><\/p>\n","protected":false},"featured_media":22349,"comment_status":"open","ping_status":"closed","template":"","meta":[],"product_brand":[],"product_cat":[770,170,171],"product_tag":[],"class_list":{"0":"post-16267","1":"product","2":"type-product","3":"status-publish","4":"has-post-thumbnail","6":"product_cat-aflamo-fr","7":"product_cat-cheminees-electriques-fr","8":"product_cat-cheminees-led-avec-boitier-en-bois-fr","10":"first","11":"instock","12":"shipping-taxable","13":"purchasable","14":"product-type-simple"},"yoast_head":"<!-- This site is optimized with the Yoast SEO plugin v27.4 - https:\/\/yoast.com\/product\/yoast-seo-wordpress\/ -->\n<title>Chemin\u00e9e \u00e9lectrique LED Aflamo Lagos 2D - aflamo.shop - revendeur aflamo certifi\u00e9<\/title>\n<meta name=\"robots\" content=\"index, follow, max-snippet:-1, max-image-preview:large, max-video-preview:-1\" \/>\n<link rel=\"canonical\" href=\"https:\/\/aflamo.shop\/fr\/p\/cheminee-electrique-led-aflamo-lagos-2d\/\" \/>\n<meta property=\"og:locale\" content=\"fr_FR\" \/>\n<meta property=\"og:type\" content=\"article\" \/>\n<meta property=\"og:title\" content=\"Chemin\u00e9e \u00e9lectrique LED Aflamo Lagos 2D - aflamo.shop - revendeur aflamo certifi\u00e9\" \/>\n<meta property=\"og:description\" content=\"Fabricant : Aflamo  GETIN:5908283562480  Chemin\u00e9e \u00e9lectrique LED avec bo\u00eetier et fonction de chauffage.  dimensions : 99 x 85 x 36 cm\" \/>\n<meta property=\"og:url\" content=\"https:\/\/aflamo.shop\/fr\/p\/cheminee-electrique-led-aflamo-lagos-2d\/\" \/>\n<meta property=\"og:site_name\" content=\"aflamo.shop - revendeur aflamo certifi\u00e9\" \/>\n<meta property=\"article:modified_time\" content=\"2026-04-20T09:30:06+00:00\" \/>\n<meta property=\"og:image\" content=\"https:\/\/aflamo.shop\/wp-content\/uploads\/2023\/05\/Projekt-bez-nazwy62.png\" \/>\n\t<meta property=\"og:image:width\" content=\"2048\" \/>\n\t<meta property=\"og:image:height\" content=\"2048\" \/>\n\t<meta property=\"og:image:type\" content=\"image\/png\" \/>\n<meta name=\"twitter:card\" content=\"summary_large_image\" \/>\n<meta name=\"twitter:label1\" content=\"Dur\u00e9e de lecture estim\u00e9e\" \/>\n\t<meta name=\"twitter:data1\" content=\"5 minutes\" \/>\n<script type=\"application\/ld+json\" class=\"yoast-schema-graph\">{\"@context\":\"https:\\\/\\\/schema.org\",\"@graph\":[{\"@type\":\"WebPage\",\"@id\":\"https:\\\/\\\/aflamo.shop\\\/fr\\\/p\\\/cheminee-electrique-led-aflamo-lagos-2d\\\/\",\"url\":\"https:\\\/\\\/aflamo.shop\\\/fr\\\/p\\\/cheminee-electrique-led-aflamo-lagos-2d\\\/\",\"name\":\"Chemin\u00e9e \u00e9lectrique LED Aflamo Lagos 2D - aflamo.shop - revendeur aflamo certifi\u00e9\",\"isPartOf\":{\"@id\":\"https:\\\/\\\/aflamo.shop\\\/fr\\\/#website\"},\"primaryImageOfPage\":{\"@id\":\"https:\\\/\\\/aflamo.shop\\\/fr\\\/p\\\/cheminee-electrique-led-aflamo-lagos-2d\\\/#primaryimage\"},\"image\":{\"@id\":\"https:\\\/\\\/aflamo.shop\\\/fr\\\/p\\\/cheminee-electrique-led-aflamo-lagos-2d\\\/#primaryimage\"},\"thumbnailUrl\":\"https:\\\/\\\/aflamo.shop\\\/wp-content\\\/uploads\\\/2023\\\/05\\\/Projekt-bez-nazwy62.png\",\"datePublished\":\"2023-05-24T08:28:41+00:00\",\"dateModified\":\"2026-04-20T09:30:06+00:00\",\"breadcrumb\":{\"@id\":\"https:\\\/\\\/aflamo.shop\\\/fr\\\/p\\\/cheminee-electrique-led-aflamo-lagos-2d\\\/#breadcrumb\"},\"inLanguage\":\"fr-FR\",\"potentialAction\":[{\"@type\":\"ReadAction\",\"target\":[\"https:\\\/\\\/aflamo.shop\\\/fr\\\/p\\\/cheminee-electrique-led-aflamo-lagos-2d\\\/\"]}]},{\"@type\":\"ImageObject\",\"inLanguage\":\"fr-FR\",\"@id\":\"https:\\\/\\\/aflamo.shop\\\/fr\\\/p\\\/cheminee-electrique-led-aflamo-lagos-2d\\\/#primaryimage\",\"url\":\"https:\\\/\\\/aflamo.shop\\\/wp-content\\\/uploads\\\/2023\\\/05\\\/Projekt-bez-nazwy62.png\",\"contentUrl\":\"https:\\\/\\\/aflamo.shop\\\/wp-content\\\/uploads\\\/2023\\\/05\\\/Projekt-bez-nazwy62.png\",\"width\":2048,\"height\":2048},{\"@type\":\"BreadcrumbList\",\"@id\":\"https:\\\/\\\/aflamo.shop\\\/fr\\\/p\\\/cheminee-electrique-led-aflamo-lagos-2d\\\/#breadcrumb\",\"itemListElement\":[{\"@type\":\"ListItem\",\"position\":1,\"name\":\"Page d'accueil\",\"item\":\"https:\\\/\\\/aflamo.shop\\\/fr\\\/\"},{\"@type\":\"ListItem\",\"position\":2,\"name\":\"Boutique\",\"item\":\"https:\\\/\\\/aflamo.shop\\\/boutique\\\/\"},{\"@type\":\"ListItem\",\"position\":3,\"name\":\"Chemin\u00e9es \u00e9lectriques\",\"item\":\"https:\\\/\\\/aflamo.shop\\\/fr\\\/s\\\/cheminees-electriques-fr\\\/\"},{\"@type\":\"ListItem\",\"position\":4,\"name\":\"Chemin\u00e9e \u00e9lectrique LED Aflamo Lagos 2D\"}]},{\"@type\":\"WebSite\",\"@id\":\"https:\\\/\\\/aflamo.shop\\\/fr\\\/#website\",\"url\":\"https:\\\/\\\/aflamo.shop\\\/fr\\\/\",\"name\":\"aflamo.shop - revendeur aflamo certifi\u00e9\",\"description\":\"Kominki elektryczne Aflamo i Emotion Flame z funkcj\u0105 grzania\",\"publisher\":{\"@id\":\"https:\\\/\\\/aflamo.shop\\\/fr\\\/#organization\"},\"potentialAction\":[{\"@type\":\"SearchAction\",\"target\":{\"@type\":\"EntryPoint\",\"urlTemplate\":\"https:\\\/\\\/aflamo.shop\\\/fr\\\/?s={search_term_string}\"},\"query-input\":{\"@type\":\"PropertyValueSpecification\",\"valueRequired\":true,\"valueName\":\"search_term_string\"}}],\"inLanguage\":\"fr-FR\"},{\"@type\":\"Organization\",\"@id\":\"https:\\\/\\\/aflamo.shop\\\/fr\\\/#organization\",\"name\":\"aflamo.shop - revendeur aflamo certifi\u00e9\",\"url\":\"https:\\\/\\\/aflamo.shop\\\/fr\\\/\",\"logo\":{\"@type\":\"ImageObject\",\"inLanguage\":\"fr-FR\",\"@id\":\"https:\\\/\\\/aflamo.shop\\\/fr\\\/#\\\/schema\\\/logo\\\/image\\\/\",\"url\":\"https:\\\/\\\/aflamo.shop\\\/wp-content\\\/uploads\\\/2019\\\/10\\\/logo2.1-1-1.svg\",\"contentUrl\":\"https:\\\/\\\/aflamo.shop\\\/wp-content\\\/uploads\\\/2019\\\/10\\\/logo2.1-1-1.svg\",\"caption\":\"aflamo.shop - revendeur aflamo certifi\u00e9\"},\"image\":{\"@id\":\"https:\\\/\\\/aflamo.shop\\\/fr\\\/#\\\/schema\\\/logo\\\/image\\\/\"}}]}<\/script>\n<!-- \/ Yoast SEO plugin. -->","yoast_head_json":{"title":"Chemin\u00e9e \u00e9lectrique LED Aflamo Lagos 2D - aflamo.shop - revendeur aflamo certifi\u00e9","robots":{"index":"index","follow":"follow","max-snippet":"max-snippet:-1","max-image-preview":"max-image-preview:large","max-video-preview":"max-video-preview:-1"},"canonical":"https:\/\/aflamo.shop\/fr\/p\/cheminee-electrique-led-aflamo-lagos-2d\/","og_locale":"fr_FR","og_type":"article","og_title":"Chemin\u00e9e \u00e9lectrique LED Aflamo Lagos 2D - aflamo.shop - revendeur aflamo certifi\u00e9","og_description":"Fabricant : Aflamo  GETIN:5908283562480  Chemin\u00e9e \u00e9lectrique LED avec bo\u00eetier et fonction de chauffage.  dimensions : 99 x 85 x 36 cm","og_url":"https:\/\/aflamo.shop\/fr\/p\/cheminee-electrique-led-aflamo-lagos-2d\/","og_site_name":"aflamo.shop - revendeur aflamo certifi\u00e9","article_modified_time":"2026-04-20T09:30:06+00:00","og_image":[{"width":2048,"height":2048,"url":"https:\/\/aflamo.shop\/wp-content\/uploads\/2023\/05\/Projekt-bez-nazwy62.png","type":"image\/png"}],"twitter_card":"summary_large_image","twitter_misc":{"Dur\u00e9e de lecture estim\u00e9e":"5 minutes"},"schema":{"@context":"https:\/\/schema.org","@graph":[{"@type":"WebPage","@id":"https:\/\/aflamo.shop\/fr\/p\/cheminee-electrique-led-aflamo-lagos-2d\/","url":"https:\/\/aflamo.shop\/fr\/p\/cheminee-electrique-led-aflamo-lagos-2d\/","name":"Chemin\u00e9e \u00e9lectrique LED Aflamo Lagos 2D - aflamo.shop - revendeur aflamo certifi\u00e9","isPartOf":{"@id":"https:\/\/aflamo.shop\/fr\/#website"},"primaryImageOfPage":{"@id":"https:\/\/aflamo.shop\/fr\/p\/cheminee-electrique-led-aflamo-lagos-2d\/#primaryimage"},"image":{"@id":"https:\/\/aflamo.shop\/fr\/p\/cheminee-electrique-led-aflamo-lagos-2d\/#primaryimage"},"thumbnailUrl":"https:\/\/aflamo.shop\/wp-content\/uploads\/2023\/05\/Projekt-bez-nazwy62.png","datePublished":"2023-05-24T08:28:41+00:00","dateModified":"2026-04-20T09:30:06+00:00","breadcrumb":{"@id":"https:\/\/aflamo.shop\/fr\/p\/cheminee-electrique-led-aflamo-lagos-2d\/#breadcrumb"},"inLanguage":"fr-FR","potentialAction":[{"@type":"ReadAction","target":["https:\/\/aflamo.shop\/fr\/p\/cheminee-electrique-led-aflamo-lagos-2d\/"]}]},{"@type":"ImageObject","inLanguage":"fr-FR","@id":"https:\/\/aflamo.shop\/fr\/p\/cheminee-electrique-led-aflamo-lagos-2d\/#primaryimage","url":"https:\/\/aflamo.shop\/wp-content\/uploads\/2023\/05\/Projekt-bez-nazwy62.png","contentUrl":"https:\/\/aflamo.shop\/wp-content\/uploads\/2023\/05\/Projekt-bez-nazwy62.png","width":2048,"height":2048},{"@type":"BreadcrumbList","@id":"https:\/\/aflamo.shop\/fr\/p\/cheminee-electrique-led-aflamo-lagos-2d\/#breadcrumb","itemListElement":[{"@type":"ListItem","position":1,"name":"Page d'accueil","item":"https:\/\/aflamo.shop\/fr\/"},{"@type":"ListItem","position":2,"name":"Boutique","item":"https:\/\/aflamo.shop\/boutique\/"},{"@type":"ListItem","position":3,"name":"Chemin\u00e9es \u00e9lectriques","item":"https:\/\/aflamo.shop\/fr\/s\/cheminees-electriques-fr\/"},{"@type":"ListItem","position":4,"name":"Chemin\u00e9e \u00e9lectrique LED Aflamo Lagos 2D"}]},{"@type":"WebSite","@id":"https:\/\/aflamo.shop\/fr\/#website","url":"https:\/\/aflamo.shop\/fr\/","name":"aflamo.shop - revendeur aflamo certifi\u00e9","description":"Kominki elektryczne Aflamo i Emotion Flame z funkcj\u0105 grzania","publisher":{"@id":"https:\/\/aflamo.shop\/fr\/#organization"},"potentialAction":[{"@type":"SearchAction","target":{"@type":"EntryPoint","urlTemplate":"https:\/\/aflamo.shop\/fr\/?s={search_term_string}"},"query-input":{"@type":"PropertyValueSpecification","valueRequired":true,"valueName":"search_term_string"}}],"inLanguage":"fr-FR"},{"@type":"Organization","@id":"https:\/\/aflamo.shop\/fr\/#organization","name":"aflamo.shop - revendeur aflamo certifi\u00e9","url":"https:\/\/aflamo.shop\/fr\/","logo":{"@type":"ImageObject","inLanguage":"fr-FR","@id":"https:\/\/aflamo.shop\/fr\/#\/schema\/logo\/image\/","url":"https:\/\/aflamo.shop\/wp-content\/uploads\/2019\/10\/logo2.1-1-1.svg","contentUrl":"https:\/\/aflamo.shop\/wp-content\/uploads\/2019\/10\/logo2.1-1-1.svg","caption":"aflamo.shop - revendeur aflamo certifi\u00e9"},"image":{"@id":"https:\/\/aflamo.shop\/fr\/#\/schema\/logo\/image\/"}}]}},"_links":{"self":[{"href":"https:\/\/aflamo.shop\/fr\/wp-json\/wp\/v2\/product\/16267","targetHints":{"allow":["GET"]}}],"collection":[{"href":"https:\/\/aflamo.shop\/fr\/wp-json\/wp\/v2\/product"}],"about":[{"href":"https:\/\/aflamo.shop\/fr\/wp-json\/wp\/v2\/types\/product"}],"replies":[{"embeddable":true,"href":"https:\/\/aflamo.shop\/fr\/wp-json\/wp\/v2\/comments?post=16267"}],"wp:featuredmedia":[{"embeddable":true,"href":"https:\/\/aflamo.shop\/fr\/wp-json\/wp\/v2\/media\/22349"}],"wp:attachment":[{"href":"https:\/\/aflamo.shop\/fr\/wp-json\/wp\/v2\/media?parent=16267"}],"wp:term":[{"taxonomy":"product_brand","embeddable":true,"href":"https:\/\/aflamo.shop\/fr\/wp-json\/wp\/v2\/product_brand?post=16267"},{"taxonomy":"product_cat","embeddable":true,"href":"https:\/\/aflamo.shop\/fr\/wp-json\/wp\/v2\/product_cat?post=16267"},{"taxonomy":"product_tag","embeddable":true,"href":"https:\/\/aflamo.shop\/fr\/wp-json\/wp\/v2\/product_tag?post=16267"}],"curies":[{"name":"wp","href":"https:\/\/api.w.org\/{rel}","templated":true}]}}