{"id":16266,"date":"2023-05-24T08:45:55","date_gmt":"2023-05-24T08:45:55","guid":{"rendered":"https:\/\/aflamo.shop\/p\/cheminee-electrique-led-aflamo-lex-3d\/"},"modified":"2026-04-20T09:28:45","modified_gmt":"2026-04-20T09:28:45","slug":"cheminee-electrique-led-aflamo-lex-3d","status":"publish","type":"product","link":"https:\/\/aflamo.shop\/fr\/p\/cheminee-electrique-led-aflamo-lex-3d\/","title":{"rendered":"Chemin\u00e9e \u00e9lectrique LED Aflamo Lex 3D"},"content":{"rendered":"<p><iframe title=\"Lecteur vid\u00e9o YouTube\" src=\"https:\/\/www.youtube.com\/embed\/NicL-3pxgw8?si=X9vzCREVgTdfvtcx\" width=\"560\" height=\"315\" frameborder=\"0\" allowfullscreen=\"allowfullscreen\"><\/iframe><\/p>\n<h3><\/h3>\n<h3><\/h3>\n<h3><strong>Caract\u00e9ristiques de la chemin\u00e9e<\/strong><\/h3>\n<p>&nbsp;<\/p>\n<p>Une chemin\u00e9e blanche classique pour les personnes \u00e0 la recherche de quelque chose d&rsquo;unique.<\/p>\n<p>Il pr\u00e9sente un m\u00e9daillon sur le panneau avant de la chemin\u00e9e, les coins de la chemin\u00e9e sont stylis\u00e9s comme des ailes de cygne et les extr\u00e9mit\u00e9s de la chemin\u00e9e sont d\u00e9cor\u00e9es de feuilles d&rsquo;acanthe.<\/p>\n<p>&nbsp;<\/p>\n<p><strong>Insert \u00e9lectrique LED 60 3D <\/strong><strong> <img fetchpriority=\"high\" decoding=\"async\" class=\"alignright wp-image-4531 \" src=\"https:\/\/aflamo.shop\/wp-content\/uploads\/2023\/05\/unique_led60-3d-infografika-2-300x183.jpg\" alt=\"\" width=\"387\" height=\"236\" srcset=\"https:\/\/aflamo.shop\/wp-content\/uploads\/2023\/05\/unique_led60-3d-infografika-2-300x183.jpg 300w, https:\/\/aflamo.shop\/wp-content\/uploads\/2023\/05\/unique_led60-3d-infografika-2.jpg 492w\" sizes=\"(max-width: 387px) 100vw, 387px\" \/>                          <\/strong><\/p>\n<ol class=\"numlist\">\n<li>5 couleurs de flamme (orange, jaune, jaune-orange, violet, bleu), 5 luminosit\u00e9s de flamme, 5 vitesses de flamme<\/li>\n<li>Flamme LED 3D r\u00e9aliste et \u00e9conome en \u00e9nergie<\/li>\n<li>Fonction de chauffage utilisant la technologie infrarouge<\/li>\n<li>2 niveaux de puissance de chauffage 1800-2000 W<\/li>\n<li>Contr\u00f4le de la temp\u00e9rature de 18 \u00e0 30\u00b0C<\/li>\n<li>T\u00e9l\u00e9commande<\/li>\n<li>Capteur de fen\u00eatre ouverte<\/li>\n<li>Protection contre la surchauffe<\/li>\n<li>Flamme ind\u00e9pendante de la fonction de chauffage<\/li>\n<\/ol>\n<h3><\/h3>\n<h3><\/h3>\n<p>&nbsp;<\/p>\n<h3><\/h3>\n<h3><strong>Chauffage<\/strong><\/h3>\n<p>&nbsp;<\/p>\n<p>Le chauffage ind\u00e9pendant de la flamme vous permet d&rsquo;utiliser la chemin\u00e9e tout au long de l&rsquo;ann\u00e9e, m\u00eame par temps chaud.<br \/>\nVous pouvez allumer ou \u00e9teindre le chauffage \u00e0 tout moment.<\/p>\n<ul>\n<li>Le capteur de fen\u00eatre ouverte \u00e9teint le chauffage lorsqu&rsquo;il d\u00e9tecte une baisse soudaine de la temp\u00e9rature.<\/li>\n<li>Le radiateur dispose de 2 niveaux de puissance de chauffage 1800-2000W<\/li>\n<li>R\u00e9glage de la temp\u00e9rature de 18 \u00e0 30\u00b0C.<\/li>\n<\/ul>\n<h3><\/h3>\n<h3><\/h3>\n<h3><strong>S\u00e9curit\u00e9<\/strong><\/h3>\n<p>&nbsp;<\/p>\n<div class=\"col-12 col-md-6 cecha-col naprzemienne-txt naprzemienne-opis\">\n<ul>\n<li>La vitre de la chemin\u00e9e ne chauffe pas et est sans danger pour les enfants et les animaux domestiques.<\/li>\n<li>Le capteur de s\u00e9curit\u00e9 de l&rsquo;appareil arr\u00eate le chauffage si la sortie d&rsquo;air chaud est obstru\u00e9e.<\/li>\n<\/ul>\n<\/div>\n<h3><\/h3>\n<h3><\/h3>\n<h3><strong>Confort et commodit\u00e9<\/strong><\/h3>\n<p>&nbsp;<\/p>\n<div class=\"col-12 col-md-6 cecha-col naprzemienne-txt naprzemienne-opis\">\n<ul>\n<li>La t\u00e9l\u00e9commande permet de modifier les fonctions \u00e0 distance. Elle offre un confort d&rsquo;utilisation sans qu&rsquo;il soit n\u00e9cessaire de se lever du canap\u00e9. <\/li>\n<\/ul>\n<\/div>\n<div class=\"col-12 col-md-6 cecha-col naprzemienne-txt naprzemienne-opis\">\n<ul>\n<li>Minuterie \/ La minuterie \u00e9teindra automatiquement le foyer. Vous le r\u00e9glez et vous l&rsquo;oubliez.  Si vous vous endormez, vous n&rsquo;avez pas \u00e0 vous soucier du fait que la chemin\u00e9e reste allum\u00e9e toute la nuit.<\/li>\n<\/ul>\n<\/div>\n<div class=\"col-12 col-md-6 cecha-col naprzemienne-txt naprzemienne-opis\">\n<ul>\n<li>La fonction de chauffage rapide permet de r\u00e9chauffer instantan\u00e9ment la pi\u00e8ce et de maintenir une temp\u00e9rature confortable.<\/li>\n<\/ul>\n<\/div>\n<h3><\/h3>\n<h3><strong>Donn\u00e9es techniques<\/strong><\/h3>\n<p>&nbsp;<\/p>\n<table width=\"548\" cellspacing=\"0\" cellpadding=\"2\">\n<tbody>\n<tr>\n<td width=\"216\">Effet de flamme<\/td>\n<td width=\"324\">LED<\/td>\n<\/tr>\n<tr>\n<td width=\"216\">Application mobile<\/td>\n<td width=\"324\">pas<\/td>\n<\/tr>\n<tr>\n<td width=\"216\">T\u00e9l\u00e9commande<\/td>\n<td width=\"324\">oui<\/td>\n<\/tr>\n<tr>\n<td width=\"216\">Couleur \/ finition<\/td>\n<td width=\"324\">bo\u00eetier blanc<\/td>\n<\/tr>\n<tr>\n<td width=\"216\">Minuterie (timer)<\/td>\n<td width=\"324\">oui<\/td>\n<\/tr>\n<tr>\n<td width=\"216\">Programmateur hebdomadaire<\/td>\n<td width=\"324\">oui<\/td>\n<\/tr>\n<tr>\n<td width=\"216\">Fonction de chauffage<\/td>\n<td width=\"324\">oui<\/td>\n<\/tr>\n<tr>\n<td width=\"216\">Flamme ind\u00e9pendante de la fonction de chauffage<\/td>\n<td width=\"324\">oui<\/td>\n<\/tr>\n<tr>\n<td width=\"216\">Puissance de chauffage\n<\/td>\n<td width=\"324\">1800 \/ 2000 W<\/td>\n<\/tr>\n<tr>\n<td width=\"216\">Contr\u00f4le de la temp\u00e9rature\n<\/td>\n<td width=\"324\">de 18 \u00e0 30\u00b0C<\/td>\n<\/tr>\n<tr>\n<td width=\"216\">Protection contre la surchauffe<\/td>\n<td width=\"324\">oui<\/td>\n<\/tr>\n<tr>\n<td width=\"216\">Thermostat<\/td>\n<td width=\"324\">oui<\/td>\n<\/tr>\n<tr>\n<td width=\"216\">Flamme<br \/>\nFoyer\n<\/td>\n<td width=\"324\">5 couleurs de flamme (orange, jaune, jaune-orange, violet, bleu), 5 luminosit\u00e9s de flamme, 5 vitesses de flamme<\/p>\n<p>Clairi\u00e8re<\/td>\n<\/tr>\n<tr>\n<td width=\"216\">Garantie<\/td>\n<td width=\"324\">2 ans<\/td>\n<\/tr>\n<tr>\n<td width=\"216\">Longueur du c\u00e2ble d&rsquo;alimentation<\/td>\n<td width=\"324\">1,8 m<\/td>\n<\/tr>\n<tr>\n<td width=\"216\">Tension d&rsquo;alimentation<\/td>\n<td width=\"324\">220 V<\/td>\n<\/tr>\n<\/tbody>\n<\/table>\n<p>&nbsp;<\/p>\n<p>La chemin\u00e9e \u00e9lectrique LED avec bo\u00eetier appel\u00e9e Lex est un v\u00e9ritable bijou pour les amateurs d&rsquo;int\u00e9rieurs classiques \u00e0 la recherche de quelque chose d&rsquo;unique et d&rsquo;\u00e9l\u00e9gant. Son look classique en blanc ravit avec des d\u00e9tails qui lui conf\u00e8rent un caract\u00e8re unique. <\/p>\n<p>Le panneau avant du foyer pr\u00e9sente un charmant m\u00e9daillon qui conf\u00e8re au foyer Lex un style et une \u00e9l\u00e9gance uniques. Les coins de la chemin\u00e9e, stylis\u00e9s comme des ailes de cygne, ajoutent un charme subtil et une d\u00e9licatesse. Les embouts de chemin\u00e9e d\u00e9cor\u00e9s de motifs de feuilles d&rsquo;acanthe sont un hommage \u00e0 la tradition et au design raffin\u00e9.  <\/p>\n<p>La chemin\u00e9e Lex est un chef-d&rsquo;\u0153uvre technologique avec une flamme LED 3D r\u00e9aliste et \u00e9conome en \u00e9nergie. Cette flamme donne vie \u00e0 l&rsquo;int\u00e9rieur, cr\u00e9ant l&rsquo;illusion d&rsquo;un v\u00e9ritable feu qui peut \u00eatre personnalis\u00e9 selon les pr\u00e9f\u00e9rences individuelles. Cinq couleurs de flamme, cinq niveaux de luminosit\u00e9 de flamme et cinq vitesses de flamme vous permettent de cr\u00e9er une vari\u00e9t\u00e9 d&rsquo;atmosph\u00e8res dans la pi\u00e8ce.  <\/p>\n<p>Le foyer Lex offre une fonction de chauffage utilisant une technologie infrarouge avanc\u00e9e, ce qui le rend extr\u00eamement efficace et \u00e9conomique. Deux niveaux de puissance de chauffage (1800-2000 W) et un contr\u00f4le de temp\u00e9rature de 18 \u00e0 30\u00b0C permettent un r\u00e9glage pr\u00e9cis du confort thermique. <\/p>\n<p>La t\u00e9l\u00e9commande est un outil pratique qui permet un contr\u00f4le total du foyer depuis n&rsquo;importe o\u00f9 dans la pi\u00e8ce. De plus, le foyer Lex est \u00e9quip\u00e9 d&rsquo;un capteur de fen\u00eatre ouverte qui assure s\u00e9curit\u00e9 et \u00e9conomies d&rsquo;\u00e9nergie. <\/p>\n<p>La protection contre la surchauffe est un \u00e9l\u00e9ment suppl\u00e9mentaire qui assure la tranquillit\u00e9 et la s\u00e9curit\u00e9 lors de l&rsquo;utilisation du foyer. Et la flamme ind\u00e9pendante de la fonction chauffage vous permet de profiter de l&rsquo;ambiance chemin\u00e9e toute l&rsquo;ann\u00e9e. <\/p>\n<p>En r\u00e9sum\u00e9, le foyer \u00e9lectrique LED avec bo\u00eetier Lex est une combinaison de design classique, de technologie de pointe et d&rsquo;\u00e9l\u00e9gance exceptionnelle. Sa flamme r\u00e9aliste, sa fonction de chauffage, son contr\u00f4le de la temp\u00e9rature, sa t\u00e9l\u00e9commande et ses nombreuses fonctionnalit\u00e9s de s\u00e9curit\u00e9 cr\u00e9ent une exp\u00e9rience compl\u00e8te qui offre \u00e0 la fois beaut\u00e9 et confort. Ce n\u2019est pas seulement une chemin\u00e9e, c\u2019est un chef-d\u2019\u0153uvre de style et de fonctionnalit\u00e9 qui souligne le caract\u00e8re unique de chaque int\u00e9rieur.  <\/p>\n<p>&nbsp;<\/p>\n<ul><strong><\/p>\n<p><a href=\"https:\/\/aflamo.shop\/wp-content\/uploads\/2023\/07\/Aflamo-LED-60-3D-manual-EN-PL-NL-1.pdf\">Instructions d&rsquo;utilisation et informations de s\u00e9curit\u00e9<\/a><\/p>\n<p><\/strong><\/ul>\n<h6><strong>Dessin technique<\/strong><\/h6>\n<p>&nbsp;<\/p>\n<p>&nbsp;<\/p>\n<p><img decoding=\"async\" class=\"alignnone wp-image-4693 size-full\" src=\"https:\/\/aflamo.shop\/wp-content\/uploads\/2023\/05\/Lex1.png\" alt=\"\" width=\"1015\" height=\"971\" srcset=\"https:\/\/aflamo.shop\/wp-content\/uploads\/2023\/05\/Lex1.png 1015w, https:\/\/aflamo.shop\/wp-content\/uploads\/2023\/05\/Lex1-600x574.png 600w, https:\/\/aflamo.shop\/wp-content\/uploads\/2023\/05\/Lex1-300x287.png 300w, https:\/\/aflamo.shop\/wp-content\/uploads\/2023\/05\/Lex1-768x735.png 768w\" sizes=\"(max-width: 1015px) 100vw, 1015px\" \/><\/p>\n<p>&nbsp;<\/p>\n<p>&nbsp;<\/p>\n<p>&nbsp;<\/p>\n","protected":false},"excerpt":{"rendered":"<p>Fabricant : Aflamo<\/p>\n<p>GETIN: 5908283562503<\/p>\n<p>Chemin\u00e9e \u00e9lectrique LED avec bo\u00eetier et fonction de chauffage.<\/p>\n<p><b>Dimensions : 102 x 90 x 30 cm<\/b><\/p>\n","protected":false},"featured_media":22343,"comment_status":"open","ping_status":"closed","template":"","meta":[],"product_brand":[],"product_cat":[770,170,171],"product_tag":[],"class_list":{"0":"post-16266","1":"product","2":"type-product","3":"status-publish","4":"has-post-thumbnail","6":"product_cat-aflamo-fr","7":"product_cat-cheminees-electriques-fr","8":"product_cat-cheminees-led-avec-boitier-en-bois-fr","10":"first","11":"outofstock","12":"shipping-taxable","13":"purchasable","14":"product-type-simple"},"yoast_head":"<!-- This site is optimized with the Yoast SEO plugin v27.4 - https:\/\/yoast.com\/product\/yoast-seo-wordpress\/ -->\n<title>Chemin\u00e9e \u00e9lectrique LED Aflamo Lex 3D - aflamo.shop - revendeur aflamo certifi\u00e9<\/title>\n<meta name=\"robots\" content=\"index, follow, max-snippet:-1, max-image-preview:large, max-video-preview:-1\" \/>\n<link rel=\"canonical\" href=\"https:\/\/aflamo.shop\/fr\/p\/cheminee-electrique-led-aflamo-lex-3d\/\" \/>\n<meta property=\"og:locale\" content=\"fr_FR\" \/>\n<meta property=\"og:type\" content=\"article\" \/>\n<meta property=\"og:title\" content=\"Chemin\u00e9e \u00e9lectrique LED Aflamo Lex 3D - aflamo.shop - revendeur aflamo certifi\u00e9\" \/>\n<meta property=\"og:description\" content=\"Fabricant : Aflamo  GETIN: 5908283562503  Chemin\u00e9e \u00e9lectrique LED avec bo\u00eetier et fonction de chauffage. Dimensions : 102 x 90 x 30 cm\" \/>\n<meta property=\"og:url\" content=\"https:\/\/aflamo.shop\/fr\/p\/cheminee-electrique-led-aflamo-lex-3d\/\" \/>\n<meta property=\"og:site_name\" content=\"aflamo.shop - revendeur aflamo certifi\u00e9\" \/>\n<meta property=\"article:modified_time\" content=\"2026-04-20T09:28:45+00:00\" \/>\n<meta property=\"og:image\" content=\"https:\/\/aflamo.shop\/wp-content\/uploads\/2023\/05\/Projekt-bez-nazwy61.png\" \/>\n\t<meta property=\"og:image:width\" content=\"2048\" \/>\n\t<meta property=\"og:image:height\" content=\"2048\" \/>\n\t<meta property=\"og:image:type\" content=\"image\/png\" \/>\n<meta name=\"twitter:card\" content=\"summary_large_image\" \/>\n<meta name=\"twitter:label1\" content=\"Dur\u00e9e de lecture estim\u00e9e\" \/>\n\t<meta name=\"twitter:data1\" content=\"6 minutes\" \/>\n<script type=\"application\/ld+json\" class=\"yoast-schema-graph\">{\"@context\":\"https:\\\/\\\/schema.org\",\"@graph\":[{\"@type\":\"WebPage\",\"@id\":\"https:\\\/\\\/aflamo.shop\\\/fr\\\/p\\\/cheminee-electrique-led-aflamo-lex-3d\\\/\",\"url\":\"https:\\\/\\\/aflamo.shop\\\/fr\\\/p\\\/cheminee-electrique-led-aflamo-lex-3d\\\/\",\"name\":\"Chemin\u00e9e \u00e9lectrique LED Aflamo Lex 3D - aflamo.shop - revendeur aflamo certifi\u00e9\",\"isPartOf\":{\"@id\":\"https:\\\/\\\/aflamo.shop\\\/fr\\\/#website\"},\"primaryImageOfPage\":{\"@id\":\"https:\\\/\\\/aflamo.shop\\\/fr\\\/p\\\/cheminee-electrique-led-aflamo-lex-3d\\\/#primaryimage\"},\"image\":{\"@id\":\"https:\\\/\\\/aflamo.shop\\\/fr\\\/p\\\/cheminee-electrique-led-aflamo-lex-3d\\\/#primaryimage\"},\"thumbnailUrl\":\"https:\\\/\\\/aflamo.shop\\\/wp-content\\\/uploads\\\/2023\\\/05\\\/Projekt-bez-nazwy61.png\",\"datePublished\":\"2023-05-24T08:45:55+00:00\",\"dateModified\":\"2026-04-20T09:28:45+00:00\",\"breadcrumb\":{\"@id\":\"https:\\\/\\\/aflamo.shop\\\/fr\\\/p\\\/cheminee-electrique-led-aflamo-lex-3d\\\/#breadcrumb\"},\"inLanguage\":\"fr-FR\",\"potentialAction\":[{\"@type\":\"ReadAction\",\"target\":[\"https:\\\/\\\/aflamo.shop\\\/fr\\\/p\\\/cheminee-electrique-led-aflamo-lex-3d\\\/\"]}]},{\"@type\":\"ImageObject\",\"inLanguage\":\"fr-FR\",\"@id\":\"https:\\\/\\\/aflamo.shop\\\/fr\\\/p\\\/cheminee-electrique-led-aflamo-lex-3d\\\/#primaryimage\",\"url\":\"https:\\\/\\\/aflamo.shop\\\/wp-content\\\/uploads\\\/2023\\\/05\\\/Projekt-bez-nazwy61.png\",\"contentUrl\":\"https:\\\/\\\/aflamo.shop\\\/wp-content\\\/uploads\\\/2023\\\/05\\\/Projekt-bez-nazwy61.png\",\"width\":2048,\"height\":2048},{\"@type\":\"BreadcrumbList\",\"@id\":\"https:\\\/\\\/aflamo.shop\\\/fr\\\/p\\\/cheminee-electrique-led-aflamo-lex-3d\\\/#breadcrumb\",\"itemListElement\":[{\"@type\":\"ListItem\",\"position\":1,\"name\":\"Page d'accueil\",\"item\":\"https:\\\/\\\/aflamo.shop\\\/fr\\\/\"},{\"@type\":\"ListItem\",\"position\":2,\"name\":\"Boutique\",\"item\":\"https:\\\/\\\/aflamo.shop\\\/boutique\\\/\"},{\"@type\":\"ListItem\",\"position\":3,\"name\":\"Chemin\u00e9es \u00e9lectriques\",\"item\":\"https:\\\/\\\/aflamo.shop\\\/fr\\\/s\\\/cheminees-electriques-fr\\\/\"},{\"@type\":\"ListItem\",\"position\":4,\"name\":\"Chemin\u00e9e \u00e9lectrique LED Aflamo Lex 3D\"}]},{\"@type\":\"WebSite\",\"@id\":\"https:\\\/\\\/aflamo.shop\\\/fr\\\/#website\",\"url\":\"https:\\\/\\\/aflamo.shop\\\/fr\\\/\",\"name\":\"aflamo.shop - revendeur aflamo certifi\u00e9\",\"description\":\"Kominki elektryczne Aflamo i Emotion Flame z funkcj\u0105 grzania\",\"publisher\":{\"@id\":\"https:\\\/\\\/aflamo.shop\\\/fr\\\/#organization\"},\"potentialAction\":[{\"@type\":\"SearchAction\",\"target\":{\"@type\":\"EntryPoint\",\"urlTemplate\":\"https:\\\/\\\/aflamo.shop\\\/fr\\\/?s={search_term_string}\"},\"query-input\":{\"@type\":\"PropertyValueSpecification\",\"valueRequired\":true,\"valueName\":\"search_term_string\"}}],\"inLanguage\":\"fr-FR\"},{\"@type\":\"Organization\",\"@id\":\"https:\\\/\\\/aflamo.shop\\\/fr\\\/#organization\",\"name\":\"aflamo.shop - revendeur aflamo certifi\u00e9\",\"url\":\"https:\\\/\\\/aflamo.shop\\\/fr\\\/\",\"logo\":{\"@type\":\"ImageObject\",\"inLanguage\":\"fr-FR\",\"@id\":\"https:\\\/\\\/aflamo.shop\\\/fr\\\/#\\\/schema\\\/logo\\\/image\\\/\",\"url\":\"https:\\\/\\\/aflamo.shop\\\/wp-content\\\/uploads\\\/2019\\\/10\\\/logo2.1-1-1.svg\",\"contentUrl\":\"https:\\\/\\\/aflamo.shop\\\/wp-content\\\/uploads\\\/2019\\\/10\\\/logo2.1-1-1.svg\",\"caption\":\"aflamo.shop - revendeur aflamo certifi\u00e9\"},\"image\":{\"@id\":\"https:\\\/\\\/aflamo.shop\\\/fr\\\/#\\\/schema\\\/logo\\\/image\\\/\"}}]}<\/script>\n<!-- \/ Yoast SEO plugin. -->","yoast_head_json":{"title":"Chemin\u00e9e \u00e9lectrique LED Aflamo Lex 3D - aflamo.shop - revendeur aflamo certifi\u00e9","robots":{"index":"index","follow":"follow","max-snippet":"max-snippet:-1","max-image-preview":"max-image-preview:large","max-video-preview":"max-video-preview:-1"},"canonical":"https:\/\/aflamo.shop\/fr\/p\/cheminee-electrique-led-aflamo-lex-3d\/","og_locale":"fr_FR","og_type":"article","og_title":"Chemin\u00e9e \u00e9lectrique LED Aflamo Lex 3D - aflamo.shop - revendeur aflamo certifi\u00e9","og_description":"Fabricant : Aflamo  GETIN: 5908283562503  Chemin\u00e9e \u00e9lectrique LED avec bo\u00eetier et fonction de chauffage. Dimensions : 102 x 90 x 30 cm","og_url":"https:\/\/aflamo.shop\/fr\/p\/cheminee-electrique-led-aflamo-lex-3d\/","og_site_name":"aflamo.shop - revendeur aflamo certifi\u00e9","article_modified_time":"2026-04-20T09:28:45+00:00","og_image":[{"width":2048,"height":2048,"url":"https:\/\/aflamo.shop\/wp-content\/uploads\/2023\/05\/Projekt-bez-nazwy61.png","type":"image\/png"}],"twitter_card":"summary_large_image","twitter_misc":{"Dur\u00e9e de lecture estim\u00e9e":"6 minutes"},"schema":{"@context":"https:\/\/schema.org","@graph":[{"@type":"WebPage","@id":"https:\/\/aflamo.shop\/fr\/p\/cheminee-electrique-led-aflamo-lex-3d\/","url":"https:\/\/aflamo.shop\/fr\/p\/cheminee-electrique-led-aflamo-lex-3d\/","name":"Chemin\u00e9e \u00e9lectrique LED Aflamo Lex 3D - aflamo.shop - revendeur aflamo certifi\u00e9","isPartOf":{"@id":"https:\/\/aflamo.shop\/fr\/#website"},"primaryImageOfPage":{"@id":"https:\/\/aflamo.shop\/fr\/p\/cheminee-electrique-led-aflamo-lex-3d\/#primaryimage"},"image":{"@id":"https:\/\/aflamo.shop\/fr\/p\/cheminee-electrique-led-aflamo-lex-3d\/#primaryimage"},"thumbnailUrl":"https:\/\/aflamo.shop\/wp-content\/uploads\/2023\/05\/Projekt-bez-nazwy61.png","datePublished":"2023-05-24T08:45:55+00:00","dateModified":"2026-04-20T09:28:45+00:00","breadcrumb":{"@id":"https:\/\/aflamo.shop\/fr\/p\/cheminee-electrique-led-aflamo-lex-3d\/#breadcrumb"},"inLanguage":"fr-FR","potentialAction":[{"@type":"ReadAction","target":["https:\/\/aflamo.shop\/fr\/p\/cheminee-electrique-led-aflamo-lex-3d\/"]}]},{"@type":"ImageObject","inLanguage":"fr-FR","@id":"https:\/\/aflamo.shop\/fr\/p\/cheminee-electrique-led-aflamo-lex-3d\/#primaryimage","url":"https:\/\/aflamo.shop\/wp-content\/uploads\/2023\/05\/Projekt-bez-nazwy61.png","contentUrl":"https:\/\/aflamo.shop\/wp-content\/uploads\/2023\/05\/Projekt-bez-nazwy61.png","width":2048,"height":2048},{"@type":"BreadcrumbList","@id":"https:\/\/aflamo.shop\/fr\/p\/cheminee-electrique-led-aflamo-lex-3d\/#breadcrumb","itemListElement":[{"@type":"ListItem","position":1,"name":"Page d'accueil","item":"https:\/\/aflamo.shop\/fr\/"},{"@type":"ListItem","position":2,"name":"Boutique","item":"https:\/\/aflamo.shop\/boutique\/"},{"@type":"ListItem","position":3,"name":"Chemin\u00e9es \u00e9lectriques","item":"https:\/\/aflamo.shop\/fr\/s\/cheminees-electriques-fr\/"},{"@type":"ListItem","position":4,"name":"Chemin\u00e9e \u00e9lectrique LED Aflamo Lex 3D"}]},{"@type":"WebSite","@id":"https:\/\/aflamo.shop\/fr\/#website","url":"https:\/\/aflamo.shop\/fr\/","name":"aflamo.shop - revendeur aflamo certifi\u00e9","description":"Kominki elektryczne Aflamo i Emotion Flame z funkcj\u0105 grzania","publisher":{"@id":"https:\/\/aflamo.shop\/fr\/#organization"},"potentialAction":[{"@type":"SearchAction","target":{"@type":"EntryPoint","urlTemplate":"https:\/\/aflamo.shop\/fr\/?s={search_term_string}"},"query-input":{"@type":"PropertyValueSpecification","valueRequired":true,"valueName":"search_term_string"}}],"inLanguage":"fr-FR"},{"@type":"Organization","@id":"https:\/\/aflamo.shop\/fr\/#organization","name":"aflamo.shop - revendeur aflamo certifi\u00e9","url":"https:\/\/aflamo.shop\/fr\/","logo":{"@type":"ImageObject","inLanguage":"fr-FR","@id":"https:\/\/aflamo.shop\/fr\/#\/schema\/logo\/image\/","url":"https:\/\/aflamo.shop\/wp-content\/uploads\/2019\/10\/logo2.1-1-1.svg","contentUrl":"https:\/\/aflamo.shop\/wp-content\/uploads\/2019\/10\/logo2.1-1-1.svg","caption":"aflamo.shop - revendeur aflamo certifi\u00e9"},"image":{"@id":"https:\/\/aflamo.shop\/fr\/#\/schema\/logo\/image\/"}}]}},"_links":{"self":[{"href":"https:\/\/aflamo.shop\/fr\/wp-json\/wp\/v2\/product\/16266","targetHints":{"allow":["GET"]}}],"collection":[{"href":"https:\/\/aflamo.shop\/fr\/wp-json\/wp\/v2\/product"}],"about":[{"href":"https:\/\/aflamo.shop\/fr\/wp-json\/wp\/v2\/types\/product"}],"replies":[{"embeddable":true,"href":"https:\/\/aflamo.shop\/fr\/wp-json\/wp\/v2\/comments?post=16266"}],"wp:featuredmedia":[{"embeddable":true,"href":"https:\/\/aflamo.shop\/fr\/wp-json\/wp\/v2\/media\/22343"}],"wp:attachment":[{"href":"https:\/\/aflamo.shop\/fr\/wp-json\/wp\/v2\/media?parent=16266"}],"wp:term":[{"taxonomy":"product_brand","embeddable":true,"href":"https:\/\/aflamo.shop\/fr\/wp-json\/wp\/v2\/product_brand?post=16266"},{"taxonomy":"product_cat","embeddable":true,"href":"https:\/\/aflamo.shop\/fr\/wp-json\/wp\/v2\/product_cat?post=16266"},{"taxonomy":"product_tag","embeddable":true,"href":"https:\/\/aflamo.shop\/fr\/wp-json\/wp\/v2\/product_tag?post=16266"}],"curies":[{"name":"wp","href":"https:\/\/api.w.org\/{rel}","templated":true}]}}