{"id":16265,"date":"2023-05-24T09:18:44","date_gmt":"2023-05-24T09:18:44","guid":{"rendered":"https:\/\/aflamo.shop\/p\/cheminee-electrique-led-aflamo-poker-beton\/"},"modified":"2026-04-17T12:56:19","modified_gmt":"2026-04-17T12:56:19","slug":"cheminee-electrique-led-aflamo-poker-beton","status":"publish","type":"product","link":"https:\/\/aflamo.shop\/fr\/p\/cheminee-electrique-led-aflamo-poker-beton\/","title":{"rendered":"Chemin\u00e9e \u00e9lectrique LED Aflamo Poker b\u00e9ton"},"content":{"rendered":"<h3><strong>Caract\u00e9ristiques de la chemin\u00e9e<img fetchpriority=\"high\" decoding=\"async\" class=\"alignright wp-image-4801 size-medium\" src=\"https:\/\/aflamo.shop\/wp-content\/uploads\/2023\/05\/3beea1ed126ae1adb9c94b19243d1441-300x300.jpg\" alt=\"\" width=\"300\" height=\"300\" srcset=\"https:\/\/aflamo.shop\/wp-content\/uploads\/2023\/05\/3beea1ed126ae1adb9c94b19243d1441-300x300.jpg 300w, https:\/\/aflamo.shop\/wp-content\/uploads\/2023\/05\/3beea1ed126ae1adb9c94b19243d1441-100x100.jpg 100w, https:\/\/aflamo.shop\/wp-content\/uploads\/2023\/05\/3beea1ed126ae1adb9c94b19243d1441-600x600.jpg 600w, https:\/\/aflamo.shop\/wp-content\/uploads\/2023\/05\/3beea1ed126ae1adb9c94b19243d1441-150x150.jpg 150w, https:\/\/aflamo.shop\/wp-content\/uploads\/2023\/05\/3beea1ed126ae1adb9c94b19243d1441.jpg 720w\" sizes=\"(max-width: 300px) 100vw, 300px\" \/><\/strong><\/h3>\n<p>&nbsp;<\/p>\n<p>&nbsp;<\/p>\n<p>Bo\u00eetier de style moderne dans de nombreuses couleurs :<\/p>\n<p>blanc, b\u00e9ton, ch\u00eane et noyer.<\/p>\n<p>&nbsp;<\/p>\n<p>&nbsp;<\/p>\n<p>&nbsp;<\/p>\n<p>&nbsp;<\/p>\n<p>&nbsp;<\/p>\n<p>&nbsp;<\/p>\n<p><strong>Insert \u00e9lectrique LED 50 Classic <img decoding=\"async\" class=\"alignright wp-image-4760 size-medium\" src=\"https:\/\/aflamo.shop\/wp-content\/uploads\/2023\/05\/unique_led50-classic-8-1-300x183.jpg\" alt=\"\" width=\"300\" height=\"183\" srcset=\"https:\/\/aflamo.shop\/wp-content\/uploads\/2023\/05\/unique_led50-classic-8-1-300x183.jpg 300w, https:\/\/aflamo.shop\/wp-content\/uploads\/2023\/05\/unique_led50-classic-8-1.jpg 492w\" sizes=\"(max-width: 300px) 100vw, 300px\" \/>     <\/strong><strong>                           <\/strong><\/p>\n<ol class=\"numlist\">\n<li>Flamme orange r\u00e9aliste et \u00e9conome en \u00e9nergie<\/li>\n<li>Capteur de fen\u00eatre ouverte<\/li>\n<li>2 niveaux de puissance de chauffage : 900W \/ 1800W<\/li>\n<li>Fonction de chauffage avec r\u00e9glage de la temp\u00e9rature de 10 \u00e0 30\u00b0C<\/li>\n<li>T\u00e9l\u00e9commande<\/li>\n<\/ol>\n<h3><\/h3>\n<h3><\/h3>\n<h3><\/h3>\n<h3><\/h3>\n<h3><strong>Chauffage<\/strong><\/h3>\n<p>&nbsp;<\/p>\n<p>Le chauffage ind\u00e9pendant de la flamme vous permet d&rsquo;utiliser la chemin\u00e9e tout au long de l&rsquo;ann\u00e9e, m\u00eame par temps chaud.<br \/>\nVous pouvez allumer ou \u00e9teindre le chauffage \u00e0 tout moment.<\/p>\n<ul>\n<li>Le capteur de fen\u00eatre ouverte \u00e9teint le chauffage lorsqu&rsquo;il d\u00e9tecte une baisse soudaine de la temp\u00e9rature.<\/li>\n<li>Le radiateur dispose de 2 niveaux de puissance de chauffage 900-1800W<\/li>\n<li>Contr\u00f4le de la temp\u00e9rature de 10 \u00e0 30\u00b0C.<\/li>\n<\/ul>\n<h3><\/h3>\n<h3><\/h3>\n<h3><strong>S\u00e9curit\u00e9<\/strong><\/h3>\n<p>&nbsp;<\/p>\n<div class=\"col-12 col-md-6 cecha-col naprzemienne-txt naprzemienne-opis\">\n<ul>\n<li>La vitre de la chemin\u00e9e ne chauffe pas et est sans danger pour les enfants et les animaux domestiques.<\/li>\n<li>Le capteur de s\u00e9curit\u00e9 de l&rsquo;appareil arr\u00eate le chauffage si la sortie d&rsquo;air chaud est obstru\u00e9e.<\/li>\n<\/ul>\n<\/div>\n<h3><\/h3>\n<h3><\/h3>\n<h3><strong>Confort et commodit\u00e9<\/strong><\/h3>\n<p>&nbsp;<\/p>\n<div class=\"col-12 col-md-6 cecha-col naprzemienne-txt naprzemienne-opis\">\n<ul>\n<li>La t\u00e9l\u00e9commande permet de modifier les fonctions \u00e0 distance. Elle offre un confort d&rsquo;utilisation sans qu&rsquo;il soit n\u00e9cessaire de se lever du canap\u00e9. <\/li>\n<\/ul>\n<\/div>\n<div class=\"col-12 col-md-6 cecha-col naprzemienne-txt naprzemienne-opis\">\n<ul>\n<li>Minuterie \/ La minuterie \u00e9teindra automatiquement le foyer. Vous le r\u00e9glez et vous l&rsquo;oubliez.  Si vous vous endormez, vous n&rsquo;avez pas \u00e0 vous soucier du fait que la chemin\u00e9e reste allum\u00e9e toute la nuit.<\/li>\n<\/ul>\n<\/div>\n<div class=\"col-12 col-md-6 cecha-col naprzemienne-txt naprzemienne-opis\">\n<ul>\n<li>La fonction de chauffage rapide permet de r\u00e9chauffer instantan\u00e9ment la pi\u00e8ce et de maintenir une temp\u00e9rature confortable.<\/li>\n<\/ul>\n<\/div>\n<h3><\/h3>\n<h3><strong>Donn\u00e9es techniques<\/strong><\/h3>\n<p>&nbsp;<\/p>\n<table width=\"548\" cellspacing=\"0\" cellpadding=\"2\">\n<tbody>\n<tr>\n<td width=\"216\">Effet de flamme<\/td>\n<td width=\"324\">LED<\/td>\n<\/tr>\n<tr>\n<td width=\"216\">Application mobile<\/td>\n<td width=\"324\">pas<\/td>\n<\/tr>\n<tr>\n<td width=\"216\">T\u00e9l\u00e9commande<\/td>\n<td width=\"324\">oui<\/td>\n<\/tr>\n<tr>\n<td width=\"216\">Couleur\/Finition<\/td>\n<td width=\"324\">logements modernes<\/td>\n<\/tr>\n<tr>\n<td width=\"216\">Minuterie (timer)<\/td>\n<td width=\"324\">oui<\/td>\n<\/tr>\n<tr>\n<td width=\"216\">Programmateur hebdomadaire<\/td>\n<td width=\"324\">oui<\/td>\n<\/tr>\n<tr>\n<td width=\"216\">Fonction de chauffage<\/td>\n<td width=\"324\">oui<\/td>\n<\/tr>\n<tr>\n<td width=\"216\">Flamme ind\u00e9pendante de la fonction de chauffage<\/td>\n<td width=\"324\">oui<\/td>\n<\/tr>\n<tr>\n<td width=\"216\">Puissance de chauffage<\/td>\n<td width=\"324\">900 \/ 1800 W<\/td>\n<\/tr>\n<tr>\n<td width=\"216\">Contr\u00f4le de la temp\u00e9rature<\/td>\n<td width=\"324\">10 \u00e0 30\u00b0C<\/td>\n<\/tr>\n<tr>\n<td width=\"216\">Protection contre la surchauffe<\/td>\n<td width=\"324\">oui<\/td>\n<\/tr>\n<tr>\n<td width=\"216\">Thermostat<\/td>\n<td width=\"324\">oui<\/td>\n<\/tr>\n<tr>\n<td width=\"216\">Flamme<\/p>\n<p>foyer<\/td>\n<td width=\"324\">1 flamme couleur orange<\/p>\n<p>Glade<\/td>\n<\/tr>\n<tr>\n<td width=\"216\">Garantie<\/td>\n<td width=\"324\">2 ans<\/td>\n<\/tr>\n<tr>\n<td width=\"216\">Longueur du c\u00e2ble d&rsquo;alimentation<\/td>\n<td width=\"324\">1,8 m<\/td>\n<\/tr>\n<tr>\n<td width=\"216\">Tension d&rsquo;alimentation<\/td>\n<td width=\"324\">220 V<\/td>\n<\/tr>\n<\/tbody>\n<\/table>\n<p>&nbsp;<\/p>\n<p>La chemin\u00e9e \u00e9lectrique LED appel\u00e9e Poker est une combinaison de design moderne, d&rsquo;efficacit\u00e9 \u00e9nerg\u00e9tique et de fonctions avanc\u00e9es qui cr\u00e9ent une atmosph\u00e8re unique de chemin\u00e9e dans votre int\u00e9rieur. Son habillage couleur b\u00e9ton est une expression audacieuse du style moderne, et le choix des couleurs (blanc, b\u00e9ton, ch\u00eane et noyer) permet d&rsquo;assortir la chemin\u00e9e \u00e0 n&rsquo;importe quel int\u00e9rieur. <\/p>\n<p>Le bo\u00eetier de style Poker moderne est un \u00e9l\u00e9ment unique qui ajoute du caract\u00e8re et de l&rsquo;\u00e9l\u00e9gance \u00e0 la pi\u00e8ce. La disponibilit\u00e9 de diff\u00e9rentes couleurs permet de cr\u00e9er un espace harmonieux qui s&rsquo;harmonise avec les autres \u00e9l\u00e9ments de l&rsquo;agencement. <\/p>\n<p>Une flamme orange r\u00e9aliste est le c\u0153ur de la chemin\u00e9e Poker. Il s\u2019agit d\u2019une technologie LED qui donne vie \u00e0 l\u2019int\u00e9rieur et cr\u00e9e l\u2019illusion visuelle du bois qui br\u00fble. Associ\u00e9e au bo\u00eetier couleur b\u00e9ton, la flamme cr\u00e9e un contraste, ajoutant un charme unique \u00e0 l&rsquo;int\u00e9rieur.  <\/p>\n<p>Le capteur de fen\u00eatre ouverte est une fonctionnalit\u00e9 innovante qui garantit s\u00e9curit\u00e9 et \u00e9conomies d&rsquo;\u00e9nergie. Lorsqu&rsquo;une fen\u00eatre est ouverte, le foyer s&rsquo;\u00e9teint automatiquement, garantissant une utilisation s\u00fbre et minimisant les pertes de chaleur. <\/p>\n<p>Le Poker propose deux puissances de chauffe : 900W et 1800W. Cela vous permet d&rsquo;adapter l&rsquo;intensit\u00e9 du chauffage aux besoins et aux conditions actuelles de la pi\u00e8ce. La fonction chauffage est en outre enrichie d&rsquo;un contr\u00f4le de temp\u00e9rature de 10 \u00e0 30\u00b0C, qui permet un r\u00e9glage pr\u00e9cis du confort thermique.  <\/p>\n<p>La t\u00e9l\u00e9commande est une fonction pratique qui vous permet de contr\u00f4ler facilement votre chemin\u00e9e depuis n&rsquo;importe o\u00f9 dans la pi\u00e8ce. Cela vous donne un contr\u00f4le total sur la flamme, la fonction de chauffage et la r\u00e9gulation de la temp\u00e9rature, sans avoir \u00e0 vous lever de votre si\u00e8ge. <\/p>\n<p>En r\u00e9sum\u00e9, la chemin\u00e9e \u00e9lectrique LED Poker est une combinaison parfaite de design moderne, de fonctionnalit\u00e9 et de solutions avanc\u00e9es. Son bo\u00eetier couleur b\u00e9ton, sa flamme r\u00e9aliste, son capteur de fen\u00eatre ouverte, ses deux niveaux de puissance de chauffage, son contr\u00f4le de temp\u00e9rature et sa t\u00e9l\u00e9commande cr\u00e9ent une exp\u00e9rience de chemin\u00e9e unique. Ce n\u2019est pas seulement un \u00e9l\u00e9ment d\u00e9coratif, mais aussi une source de chaleur et de confort qui enrichit chaque int\u00e9rieur d\u2019un caract\u00e8re unique.  <\/p>\n<p>&nbsp;<\/p>\n<ul><strong><\/p>\n<p><a href=\"https:\/\/aflamo.shop\/wp-content\/uploads\/2023\/05\/Aflamo-LED-50-60-70-80-90-CLASSIC-manual_EN-PL-CZ-SK-NL-3.pdf\">Instructions d&rsquo;utilisation et informations de s\u00e9curit\u00e9<\/a><\/p>\n<p><\/strong><\/ul>\n<h3><strong>Dessin technique<\/strong><\/h3>\n<p>&nbsp;<\/p>\n<p><img decoding=\"async\" class=\"alignnone wp-image-4795 size-full\" src=\"https:\/\/aflamo.shop\/wp-content\/uploads\/2023\/05\/poker-walnut.png\" alt=\"\" width=\"1096\" height=\"1025\" srcset=\"https:\/\/aflamo.shop\/wp-content\/uploads\/2023\/05\/poker-walnut.png 1096w, https:\/\/aflamo.shop\/wp-content\/uploads\/2023\/05\/poker-walnut-600x561.png 600w, https:\/\/aflamo.shop\/wp-content\/uploads\/2023\/05\/poker-walnut-300x281.png 300w, https:\/\/aflamo.shop\/wp-content\/uploads\/2023\/05\/poker-walnut-1024x958.png 1024w, https:\/\/aflamo.shop\/wp-content\/uploads\/2023\/05\/poker-walnut-768x718.png 768w\" sizes=\"(max-width: 1096px) 100vw, 1096px\" \/><\/p>\n<h6><strong> <\/strong><\/h6>\n<p>&nbsp;<\/p>\n<p>&nbsp;<\/p>\n<p>&nbsp;<\/p>\n<p>&nbsp;<\/p>\n","protected":false},"excerpt":{"rendered":"<p>Fabricant : Aflamo<\/p>\n<p>GETIN:5908283562183<\/p>\n<p>Chemin\u00e9e \u00e9lectrique LED avec bo\u00eetier et fonction de chauffage.<\/p>\n<p><b>Couleurs disponibles :<\/b><\/p>\n<ul>\n<li class=\"kp-szary\"><a href=\"https:\/\/aflamo.shop\/fr\/p\/cheminee-electrique-led-aflamo-poker-beton\/\">beton<\/a><\/li>\n<li class=\"kp-bialy\"><a href=\"https:\/\/aflamo.shop\/fr\/p\/cheminee-electrique-a-led-blanc-aflamo-poker\/\">blanc<\/a><\/li>\n<\/ul>\n<\/ul>\n<p><b>Dimensions : 74x88x20<\/b><\/p>\n","protected":false},"featured_media":22311,"comment_status":"open","ping_status":"closed","template":"","meta":[],"product_brand":[],"product_cat":[770,170,171],"product_tag":[],"class_list":{"0":"post-16265","1":"product","2":"type-product","3":"status-publish","4":"has-post-thumbnail","6":"product_cat-aflamo-fr","7":"product_cat-cheminees-electriques-fr","8":"product_cat-cheminees-led-avec-boitier-en-bois-fr","10":"first","11":"instock","12":"shipping-taxable","13":"purchasable","14":"product-type-simple"},"yoast_head":"<!-- This site is optimized with the Yoast SEO plugin v27.4 - https:\/\/yoast.com\/product\/yoast-seo-wordpress\/ -->\n<title>Chemin\u00e9e \u00e9lectrique LED Aflamo Poker b\u00e9ton - aflamo.shop - revendeur aflamo certifi\u00e9<\/title>\n<meta name=\"robots\" content=\"index, follow, max-snippet:-1, max-image-preview:large, max-video-preview:-1\" \/>\n<link rel=\"canonical\" href=\"https:\/\/aflamo.shop\/fr\/p\/cheminee-electrique-led-aflamo-poker-beton\/\" \/>\n<meta property=\"og:locale\" content=\"fr_FR\" \/>\n<meta property=\"og:type\" content=\"article\" \/>\n<meta property=\"og:title\" content=\"Chemin\u00e9e \u00e9lectrique LED Aflamo Poker b\u00e9ton - aflamo.shop - revendeur aflamo certifi\u00e9\" \/>\n<meta property=\"og:description\" content=\"Fabricant : Aflamo GETIN:5908283562183 Chemin\u00e9e \u00e9lectrique LED avec bo\u00eetier et fonction de chauffage. Couleurs disponibles :   beton  blanc    Dimensions : 74x88x20\" \/>\n<meta property=\"og:url\" content=\"https:\/\/aflamo.shop\/fr\/p\/cheminee-electrique-led-aflamo-poker-beton\/\" \/>\n<meta property=\"og:site_name\" content=\"aflamo.shop - revendeur aflamo certifi\u00e9\" \/>\n<meta property=\"article:modified_time\" content=\"2026-04-17T12:56:19+00:00\" \/>\n<meta property=\"og:image\" content=\"https:\/\/aflamo.shop\/wp-content\/uploads\/2023\/05\/Projekt-bez-nazwy56.png\" \/>\n\t<meta property=\"og:image:width\" content=\"2048\" \/>\n\t<meta property=\"og:image:height\" content=\"2048\" \/>\n\t<meta property=\"og:image:type\" content=\"image\/png\" \/>\n<meta name=\"twitter:card\" content=\"summary_large_image\" \/>\n<meta name=\"twitter:label1\" content=\"Dur\u00e9e de lecture estim\u00e9e\" \/>\n\t<meta name=\"twitter:data1\" content=\"5 minutes\" \/>\n<script type=\"application\/ld+json\" class=\"yoast-schema-graph\">{\"@context\":\"https:\\\/\\\/schema.org\",\"@graph\":[{\"@type\":\"WebPage\",\"@id\":\"https:\\\/\\\/aflamo.shop\\\/fr\\\/p\\\/cheminee-electrique-led-aflamo-poker-beton\\\/\",\"url\":\"https:\\\/\\\/aflamo.shop\\\/fr\\\/p\\\/cheminee-electrique-led-aflamo-poker-beton\\\/\",\"name\":\"Chemin\u00e9e \u00e9lectrique LED Aflamo Poker b\u00e9ton - aflamo.shop - revendeur aflamo certifi\u00e9\",\"isPartOf\":{\"@id\":\"https:\\\/\\\/aflamo.shop\\\/fr\\\/#website\"},\"primaryImageOfPage\":{\"@id\":\"https:\\\/\\\/aflamo.shop\\\/fr\\\/p\\\/cheminee-electrique-led-aflamo-poker-beton\\\/#primaryimage\"},\"image\":{\"@id\":\"https:\\\/\\\/aflamo.shop\\\/fr\\\/p\\\/cheminee-electrique-led-aflamo-poker-beton\\\/#primaryimage\"},\"thumbnailUrl\":\"https:\\\/\\\/aflamo.shop\\\/wp-content\\\/uploads\\\/2023\\\/05\\\/Projekt-bez-nazwy56.png\",\"datePublished\":\"2023-05-24T09:18:44+00:00\",\"dateModified\":\"2026-04-17T12:56:19+00:00\",\"breadcrumb\":{\"@id\":\"https:\\\/\\\/aflamo.shop\\\/fr\\\/p\\\/cheminee-electrique-led-aflamo-poker-beton\\\/#breadcrumb\"},\"inLanguage\":\"fr-FR\",\"potentialAction\":[{\"@type\":\"ReadAction\",\"target\":[\"https:\\\/\\\/aflamo.shop\\\/fr\\\/p\\\/cheminee-electrique-led-aflamo-poker-beton\\\/\"]}]},{\"@type\":\"ImageObject\",\"inLanguage\":\"fr-FR\",\"@id\":\"https:\\\/\\\/aflamo.shop\\\/fr\\\/p\\\/cheminee-electrique-led-aflamo-poker-beton\\\/#primaryimage\",\"url\":\"https:\\\/\\\/aflamo.shop\\\/wp-content\\\/uploads\\\/2023\\\/05\\\/Projekt-bez-nazwy56.png\",\"contentUrl\":\"https:\\\/\\\/aflamo.shop\\\/wp-content\\\/uploads\\\/2023\\\/05\\\/Projekt-bez-nazwy56.png\",\"width\":2048,\"height\":2048},{\"@type\":\"BreadcrumbList\",\"@id\":\"https:\\\/\\\/aflamo.shop\\\/fr\\\/p\\\/cheminee-electrique-led-aflamo-poker-beton\\\/#breadcrumb\",\"itemListElement\":[{\"@type\":\"ListItem\",\"position\":1,\"name\":\"Page d'accueil\",\"item\":\"https:\\\/\\\/aflamo.shop\\\/fr\\\/\"},{\"@type\":\"ListItem\",\"position\":2,\"name\":\"Boutique\",\"item\":\"https:\\\/\\\/aflamo.shop\\\/boutique\\\/\"},{\"@type\":\"ListItem\",\"position\":3,\"name\":\"Chemin\u00e9es \u00e9lectriques\",\"item\":\"https:\\\/\\\/aflamo.shop\\\/fr\\\/s\\\/cheminees-electriques-fr\\\/\"},{\"@type\":\"ListItem\",\"position\":4,\"name\":\"Chemin\u00e9e \u00e9lectrique LED Aflamo Poker b\u00e9ton\"}]},{\"@type\":\"WebSite\",\"@id\":\"https:\\\/\\\/aflamo.shop\\\/fr\\\/#website\",\"url\":\"https:\\\/\\\/aflamo.shop\\\/fr\\\/\",\"name\":\"aflamo.shop - revendeur aflamo certifi\u00e9\",\"description\":\"Kominki elektryczne Aflamo i Emotion Flame z funkcj\u0105 grzania\",\"publisher\":{\"@id\":\"https:\\\/\\\/aflamo.shop\\\/fr\\\/#organization\"},\"potentialAction\":[{\"@type\":\"SearchAction\",\"target\":{\"@type\":\"EntryPoint\",\"urlTemplate\":\"https:\\\/\\\/aflamo.shop\\\/fr\\\/?s={search_term_string}\"},\"query-input\":{\"@type\":\"PropertyValueSpecification\",\"valueRequired\":true,\"valueName\":\"search_term_string\"}}],\"inLanguage\":\"fr-FR\"},{\"@type\":\"Organization\",\"@id\":\"https:\\\/\\\/aflamo.shop\\\/fr\\\/#organization\",\"name\":\"aflamo.shop - revendeur aflamo certifi\u00e9\",\"url\":\"https:\\\/\\\/aflamo.shop\\\/fr\\\/\",\"logo\":{\"@type\":\"ImageObject\",\"inLanguage\":\"fr-FR\",\"@id\":\"https:\\\/\\\/aflamo.shop\\\/fr\\\/#\\\/schema\\\/logo\\\/image\\\/\",\"url\":\"https:\\\/\\\/aflamo.shop\\\/wp-content\\\/uploads\\\/2019\\\/10\\\/logo2.1-1-1.svg\",\"contentUrl\":\"https:\\\/\\\/aflamo.shop\\\/wp-content\\\/uploads\\\/2019\\\/10\\\/logo2.1-1-1.svg\",\"caption\":\"aflamo.shop - revendeur aflamo certifi\u00e9\"},\"image\":{\"@id\":\"https:\\\/\\\/aflamo.shop\\\/fr\\\/#\\\/schema\\\/logo\\\/image\\\/\"}}]}<\/script>\n<!-- \/ Yoast SEO plugin. -->","yoast_head_json":{"title":"Chemin\u00e9e \u00e9lectrique LED Aflamo Poker b\u00e9ton - aflamo.shop - revendeur aflamo certifi\u00e9","robots":{"index":"index","follow":"follow","max-snippet":"max-snippet:-1","max-image-preview":"max-image-preview:large","max-video-preview":"max-video-preview:-1"},"canonical":"https:\/\/aflamo.shop\/fr\/p\/cheminee-electrique-led-aflamo-poker-beton\/","og_locale":"fr_FR","og_type":"article","og_title":"Chemin\u00e9e \u00e9lectrique LED Aflamo Poker b\u00e9ton - aflamo.shop - revendeur aflamo certifi\u00e9","og_description":"Fabricant : Aflamo GETIN:5908283562183 Chemin\u00e9e \u00e9lectrique LED avec bo\u00eetier et fonction de chauffage. Couleurs disponibles :   beton  blanc    Dimensions : 74x88x20","og_url":"https:\/\/aflamo.shop\/fr\/p\/cheminee-electrique-led-aflamo-poker-beton\/","og_site_name":"aflamo.shop - revendeur aflamo certifi\u00e9","article_modified_time":"2026-04-17T12:56:19+00:00","og_image":[{"width":2048,"height":2048,"url":"https:\/\/aflamo.shop\/wp-content\/uploads\/2023\/05\/Projekt-bez-nazwy56.png","type":"image\/png"}],"twitter_card":"summary_large_image","twitter_misc":{"Dur\u00e9e de lecture estim\u00e9e":"5 minutes"},"schema":{"@context":"https:\/\/schema.org","@graph":[{"@type":"WebPage","@id":"https:\/\/aflamo.shop\/fr\/p\/cheminee-electrique-led-aflamo-poker-beton\/","url":"https:\/\/aflamo.shop\/fr\/p\/cheminee-electrique-led-aflamo-poker-beton\/","name":"Chemin\u00e9e \u00e9lectrique LED Aflamo Poker b\u00e9ton - aflamo.shop - revendeur aflamo certifi\u00e9","isPartOf":{"@id":"https:\/\/aflamo.shop\/fr\/#website"},"primaryImageOfPage":{"@id":"https:\/\/aflamo.shop\/fr\/p\/cheminee-electrique-led-aflamo-poker-beton\/#primaryimage"},"image":{"@id":"https:\/\/aflamo.shop\/fr\/p\/cheminee-electrique-led-aflamo-poker-beton\/#primaryimage"},"thumbnailUrl":"https:\/\/aflamo.shop\/wp-content\/uploads\/2023\/05\/Projekt-bez-nazwy56.png","datePublished":"2023-05-24T09:18:44+00:00","dateModified":"2026-04-17T12:56:19+00:00","breadcrumb":{"@id":"https:\/\/aflamo.shop\/fr\/p\/cheminee-electrique-led-aflamo-poker-beton\/#breadcrumb"},"inLanguage":"fr-FR","potentialAction":[{"@type":"ReadAction","target":["https:\/\/aflamo.shop\/fr\/p\/cheminee-electrique-led-aflamo-poker-beton\/"]}]},{"@type":"ImageObject","inLanguage":"fr-FR","@id":"https:\/\/aflamo.shop\/fr\/p\/cheminee-electrique-led-aflamo-poker-beton\/#primaryimage","url":"https:\/\/aflamo.shop\/wp-content\/uploads\/2023\/05\/Projekt-bez-nazwy56.png","contentUrl":"https:\/\/aflamo.shop\/wp-content\/uploads\/2023\/05\/Projekt-bez-nazwy56.png","width":2048,"height":2048},{"@type":"BreadcrumbList","@id":"https:\/\/aflamo.shop\/fr\/p\/cheminee-electrique-led-aflamo-poker-beton\/#breadcrumb","itemListElement":[{"@type":"ListItem","position":1,"name":"Page d'accueil","item":"https:\/\/aflamo.shop\/fr\/"},{"@type":"ListItem","position":2,"name":"Boutique","item":"https:\/\/aflamo.shop\/boutique\/"},{"@type":"ListItem","position":3,"name":"Chemin\u00e9es \u00e9lectriques","item":"https:\/\/aflamo.shop\/fr\/s\/cheminees-electriques-fr\/"},{"@type":"ListItem","position":4,"name":"Chemin\u00e9e \u00e9lectrique LED Aflamo Poker b\u00e9ton"}]},{"@type":"WebSite","@id":"https:\/\/aflamo.shop\/fr\/#website","url":"https:\/\/aflamo.shop\/fr\/","name":"aflamo.shop - revendeur aflamo certifi\u00e9","description":"Kominki elektryczne Aflamo i Emotion Flame z funkcj\u0105 grzania","publisher":{"@id":"https:\/\/aflamo.shop\/fr\/#organization"},"potentialAction":[{"@type":"SearchAction","target":{"@type":"EntryPoint","urlTemplate":"https:\/\/aflamo.shop\/fr\/?s={search_term_string}"},"query-input":{"@type":"PropertyValueSpecification","valueRequired":true,"valueName":"search_term_string"}}],"inLanguage":"fr-FR"},{"@type":"Organization","@id":"https:\/\/aflamo.shop\/fr\/#organization","name":"aflamo.shop - revendeur aflamo certifi\u00e9","url":"https:\/\/aflamo.shop\/fr\/","logo":{"@type":"ImageObject","inLanguage":"fr-FR","@id":"https:\/\/aflamo.shop\/fr\/#\/schema\/logo\/image\/","url":"https:\/\/aflamo.shop\/wp-content\/uploads\/2019\/10\/logo2.1-1-1.svg","contentUrl":"https:\/\/aflamo.shop\/wp-content\/uploads\/2019\/10\/logo2.1-1-1.svg","caption":"aflamo.shop - revendeur aflamo certifi\u00e9"},"image":{"@id":"https:\/\/aflamo.shop\/fr\/#\/schema\/logo\/image\/"}}]}},"_links":{"self":[{"href":"https:\/\/aflamo.shop\/fr\/wp-json\/wp\/v2\/product\/16265","targetHints":{"allow":["GET"]}}],"collection":[{"href":"https:\/\/aflamo.shop\/fr\/wp-json\/wp\/v2\/product"}],"about":[{"href":"https:\/\/aflamo.shop\/fr\/wp-json\/wp\/v2\/types\/product"}],"replies":[{"embeddable":true,"href":"https:\/\/aflamo.shop\/fr\/wp-json\/wp\/v2\/comments?post=16265"}],"wp:featuredmedia":[{"embeddable":true,"href":"https:\/\/aflamo.shop\/fr\/wp-json\/wp\/v2\/media\/22311"}],"wp:attachment":[{"href":"https:\/\/aflamo.shop\/fr\/wp-json\/wp\/v2\/media?parent=16265"}],"wp:term":[{"taxonomy":"product_brand","embeddable":true,"href":"https:\/\/aflamo.shop\/fr\/wp-json\/wp\/v2\/product_brand?post=16265"},{"taxonomy":"product_cat","embeddable":true,"href":"https:\/\/aflamo.shop\/fr\/wp-json\/wp\/v2\/product_cat?post=16265"},{"taxonomy":"product_tag","embeddable":true,"href":"https:\/\/aflamo.shop\/fr\/wp-json\/wp\/v2\/product_tag?post=16265"}],"curies":[{"name":"wp","href":"https:\/\/api.w.org\/{rel}","templated":true}]}}