{"id":16263,"date":"2023-05-24T11:12:18","date_gmt":"2023-05-24T11:12:18","guid":{"rendered":"https:\/\/aflamo.shop\/p\/cheminee-electrique-led-aflamo-rivia-noyer-2d\/"},"modified":"2026-04-20T09:27:09","modified_gmt":"2026-04-20T09:27:09","slug":"cheminee-electrique-led-aflamo-rivia-noyer-2d","status":"publish","type":"product","link":"https:\/\/aflamo.shop\/fr\/p\/cheminee-electrique-led-aflamo-rivia-noyer-2d\/","title":{"rendered":"Chemin\u00e9e \u00e9lectrique LED Aflamo Rivia noyer 2D"},"content":{"rendered":"<p><iframe title=\"Lecteur vid\u00e9o YouTube\" src=\"https:\/\/www.youtube.com\/embed\/bK9oL2rGK-0\" width=\"560\" height=\"315\" frameborder=\"0\" allowfullscreen=\"allowfullscreen\"><span style=\"display: inline-block; width: 0px; overflow: hidden; line-height: 0;\" data-mce-type=\"bookmark\" class=\"mce_SELRES_start\"><\/span><\/iframe><\/p>\n<h3><\/h3>\n<h3><\/h3>\n<h3><strong>Caract\u00e9ristiques de la chemin\u00e9e <img fetchpriority=\"high\" decoding=\"async\" class=\"alignright wp-image-4870 \" src=\"https:\/\/aflamo.shop\/wp-content\/uploads\/2023\/05\/unique_rivia-300x183.jpg\" alt=\"\" width=\"558\" height=\"341\" srcset=\"https:\/\/aflamo.shop\/wp-content\/uploads\/2023\/05\/unique_rivia-300x183.jpg 300w, https:\/\/aflamo.shop\/wp-content\/uploads\/2023\/05\/unique_rivia.jpg 492w\" sizes=\"(max-width: 558px) 100vw, 558px\" \/><br \/>\n<\/strong><\/h3>\n<p>&nbsp;<\/p>\n<p>Bo\u00eetier \u00e9l\u00e9gant. Il y a des d\u00e9corations sur le devant de la chemin\u00e9e. <\/p>\n<p>La chemin\u00e9e est disponible en blanc et en noyer.<\/p>\n<p>&nbsp;<\/p>\n<p>&nbsp;<\/p>\n<p>&nbsp;<\/p>\n<p>&nbsp;<\/p>\n<p>&nbsp;<\/p>\n<p>&nbsp;<\/p>\n<p>&nbsp;<\/p>\n<p><strong>Insert \u00e9lectrique LED 60 Classic <\/strong><strong> <img decoding=\"async\" class=\"alignright wp-image-4525 \" src=\"https:\/\/aflamo.shop\/wp-content\/uploads\/2023\/05\/led_60_classic_cyf-300x183.jpg\" alt=\"\" width=\"481\" height=\"293\" srcset=\"https:\/\/aflamo.shop\/wp-content\/uploads\/2023\/05\/led_60_classic_cyf-300x183.jpg 300w, https:\/\/aflamo.shop\/wp-content\/uploads\/2023\/05\/led_60_classic_cyf.jpg 492w\" sizes=\"(max-width: 481px) 100vw, 481px\" \/>                          <\/strong><\/p>\n<ol class=\"numlist\">\n<li>3 couleurs de flamme (jaune, orange, jaune-orange), 5 intensit\u00e9s de flamme<\/li>\n<li>Flamme LED r\u00e9aliste et \u00e9conome en \u00e9nergie<\/li>\n<li>2 niveaux de puissance de chauffage : 900W \/ 1800W<\/li>\n<li>Contr\u00f4le de la temp\u00e9rature de 10 \u00e0 30\u00b0C<\/li>\n<li>T\u00e9l\u00e9commande<\/li>\n<li>Capteur de fen\u00eatre ouverte<\/li>\n<li>Protection contre la surchauffe<\/li>\n<li>Flamme ind\u00e9pendante de la fonction de chauffage<\/li>\n<\/ol>\n<h3><\/h3>\n<h3><\/h3>\n<p>&nbsp;<\/p>\n<h3><\/h3>\n<h3><strong>Chauffage<\/strong><\/h3>\n<p>&nbsp;<\/p>\n<p>Le chauffage ind\u00e9pendant de la flamme vous permet d&rsquo;utiliser la chemin\u00e9e tout au long de l&rsquo;ann\u00e9e, m\u00eame par temps chaud.<br \/>\nVous pouvez allumer ou \u00e9teindre le chauffage \u00e0 tout moment.<\/p>\n<ul>\n<li>Le capteur de fen\u00eatre ouverte \u00e9teint le chauffage lorsqu&rsquo;il d\u00e9tecte une baisse soudaine de la temp\u00e9rature.<\/li>\n<li>Le radiateur dispose de 2 niveaux de puissance de chauffage 900-1800W<\/li>\n<li>Contr\u00f4le de la temp\u00e9rature de 10 \u00e0 30\u00b0C.<\/li>\n<\/ul>\n<h3><\/h3>\n<h3><\/h3>\n<h3><strong>S\u00e9curit\u00e9<\/strong><\/h3>\n<p>&nbsp;<\/p>\n<div class=\"col-12 col-md-6 cecha-col naprzemienne-txt naprzemienne-opis\">\n<ul>\n<li>La vitre de la chemin\u00e9e ne chauffe pas et est sans danger pour les enfants et les animaux domestiques.<\/li>\n<li>Le capteur de s\u00e9curit\u00e9 de l&rsquo;appareil arr\u00eate le chauffage si la sortie d&rsquo;air chaud est obstru\u00e9e.<\/li>\n<\/ul>\n<\/div>\n<h3><\/h3>\n<h3><\/h3>\n<h3><strong>Confort et commodit\u00e9<\/strong><\/h3>\n<p>&nbsp;<\/p>\n<div class=\"col-12 col-md-6 cecha-col naprzemienne-txt naprzemienne-opis\">\n<ul>\n<li>La t\u00e9l\u00e9commande permet de modifier les fonctions \u00e0 distance. Elle offre un confort d&rsquo;utilisation sans qu&rsquo;il soit n\u00e9cessaire de se lever du canap\u00e9. <\/li>\n<\/ul>\n<\/div>\n<div class=\"col-12 col-md-6 cecha-col naprzemienne-txt naprzemienne-opis\">\n<ul>\n<li>Minuterie \/ La minuterie \u00e9teindra automatiquement le foyer. Vous le r\u00e9glez et vous l&rsquo;oubliez.  Si vous vous endormez, vous n&rsquo;avez pas \u00e0 vous soucier du fait que la chemin\u00e9e reste allum\u00e9e toute la nuit.<\/li>\n<\/ul>\n<\/div>\n<div class=\"col-12 col-md-6 cecha-col naprzemienne-txt naprzemienne-opis\">\n<ul>\n<li>La fonction de chauffage rapide permet de r\u00e9chauffer instantan\u00e9ment la pi\u00e8ce et de maintenir une temp\u00e9rature confortable.<\/li>\n<\/ul>\n<\/div>\n<h3><\/h3>\n<h3><strong>Donn\u00e9es techniques<\/strong><\/h3>\n<p>&nbsp;<\/p>\n<table width=\"548\" cellspacing=\"0\" cellpadding=\"2\">\n<tbody>\n<tr>\n<td width=\"216\">Effet de flamme<\/td>\n<td width=\"324\">LED<\/td>\n<\/tr>\n<tr>\n<td width=\"216\">Application mobile<\/td>\n<td width=\"324\">pas<\/td>\n<\/tr>\n<tr>\n<td width=\"216\">T\u00e9l\u00e9commande<\/td>\n<td width=\"324\">oui<\/td>\n<\/tr>\n<tr>\n<td width=\"216\">Couleur\/Finition\n<\/td>\n<td width=\"324\">bo\u00eetier d\u00e9cor\u00e9<\/td>\n<\/tr>\n<tr>\n<td width=\"216\">Minuterie (timer)<\/td>\n<td width=\"324\">oui<\/td>\n<\/tr>\n<tr>\n<td width=\"216\">Programmateur hebdomadaire<\/td>\n<td width=\"324\">oui<\/td>\n<\/tr>\n<tr>\n<td width=\"216\">Fonction de chauffage<\/td>\n<td width=\"324\">oui<\/td>\n<\/tr>\n<tr>\n<td width=\"216\">Flamme ind\u00e9pendante de la fonction de chauffage<\/td>\n<td width=\"324\">oui<\/td>\n<\/tr>\n<tr>\n<td width=\"216\">Puissance de chauffage<\/td>\n<td width=\"324\">900 \/ 1800 W<\/td>\n<\/tr>\n<tr>\n<td width=\"216\">Contr\u00f4le de la temp\u00e9rature<\/td>\n<td width=\"324\">10 \u00e0 30\u00b0C<\/td>\n<\/tr>\n<tr>\n<td width=\"216\">Protection contre la surchauffe<\/td>\n<td width=\"324\">oui<\/td>\n<\/tr>\n<tr>\n<td width=\"216\">Thermostat<\/td>\n<td width=\"324\">oui<\/td>\n<\/tr>\n<tr>\n<td width=\"216\">Flamme<\/p>\n<p>foyer<\/td>\n<td width=\"324\">1 flamme couleur orange<\/p>\n<p>Glade<\/td>\n<\/tr>\n<tr>\n<td width=\"216\">Garantie<\/td>\n<td width=\"324\">2 ans<\/td>\n<\/tr>\n<tr>\n<td width=\"216\">Longueur du c\u00e2ble d&rsquo;alimentation<\/td>\n<td width=\"324\">1,8 m<\/td>\n<\/tr>\n<tr>\n<td width=\"216\">Tension d&rsquo;alimentation<\/td>\n<td width=\"324\">220 V<\/td>\n<\/tr>\n<\/tbody>\n<\/table>\n<p>&nbsp;<\/p>\n<p>La chemin\u00e9e \u00e9lectrique LED Rivia est une solution extr\u00eamement \u00e9l\u00e9gante qui apporte la magie de la chemin\u00e9e \u00e0 votre int\u00e9rieur, alliant esth\u00e9tique et technologie de pointe. Son bo\u00eetier en noyer offre une base harmonieuse aux effets visuels LED qui animent l&rsquo;atmosph\u00e8re et introduisent l&rsquo;aura romantique d&rsquo;un feu br\u00fblant. <\/p>\n<p>Le rev\u00eatement de chemin\u00e9e Rivia est v\u00e9ritablement \u00e9l\u00e9gant et ses d\u00e9tails accompagnant les d\u00e9corations sur la fa\u00e7ade de la chemin\u00e9e ajoutent \u00e0 son caract\u00e8re unique. Ce n\u2019est pas seulement une source de chaleur, mais aussi un \u00e9l\u00e9ment d\u00e9coratif artistique qui introduit un style subtil et un classicisme dans l\u2019espace. <\/p>\n<p>Rivia est disponible en deux couleurs : blanc et noyer, vous permettant ainsi d&rsquo;assortir la chemin\u00e9e au reste de votre d\u00e9coration int\u00e9rieure. Les versions noyer et blanche cr\u00e9ent un contraste \u00e9l\u00e9gant avec la flamme LED r\u00e9aliste et \u00e9conome en \u00e9nergie. <\/p>\n<p>L&rsquo;insert \u00e9lectrique LED 2D Rivia offre une multitude d&rsquo;options de personnalisation. Trois couleurs de flamme et cinq niveaux de luminosit\u00e9 de flamme vous permettent de cr\u00e9er exactement l&rsquo;atmosph\u00e8re dont vous avez besoin. La flamme semble presque r\u00e9elle, tout en \u00e9tant extr\u00eamement \u00e9conome en \u00e9nergie.  <\/p>\n<p>La chemin\u00e9e Rivia est \u00e9galement une source de chaleur. Deux puissances de chauffe (900W et 1800W) vous permettent de choisir l&rsquo;intensit\u00e9 de chauffage adapt\u00e9e, et la r\u00e9gulation de la temp\u00e9rature dans une plage de 10 \u00e0 30\u00b0C assure un confort thermique adapt\u00e9 \u00e0 vos pr\u00e9f\u00e9rences. <\/p>\n<p>La t\u00e9l\u00e9commande est un ajout pratique qui vous permet de g\u00e9rer facilement votre chemin\u00e9e depuis n&rsquo;importe o\u00f9 dans la pi\u00e8ce. Le capteur de fen\u00eatre ouverte assure la s\u00e9curit\u00e9 et la protection contre la surchauffe augmente en outre le confort d&rsquo;utilisation. <\/p>\n<p>Il convient \u00e9galement de souligner que la flamme est ind\u00e9pendante de la fonction de chauffage, de sorte que la chemin\u00e9e Rivia peut \u00eatre une source de plaisir esth\u00e9tique toute l&rsquo;ann\u00e9e, quelle que soit la saison.<\/p>\n<p>En r\u00e9sum\u00e9, le foyer \u00e9lectrique LED Rivia est une combinaison d\u2019\u00e9l\u00e9gance, de technologie et de confort. Sa flamme r\u00e9aliste, ses multiples r\u00e9glages, sa temp\u00e9rature r\u00e9glable, sa t\u00e9l\u00e9commande et bien d&rsquo;autres fonctionnalit\u00e9s en font un \u00e9l\u00e9ment d&rsquo;int\u00e9rieur unique qui offre \u00e0 la fois beaut\u00e9 et chaleur pratique. Il s&rsquo;agit d&rsquo;une chemin\u00e9e qui apporte une atmosph\u00e8re de confort et de romantisme \u00e0 votre maison.  <\/p>\n<p>&nbsp;<\/p>\n<ul><strong><\/p>\n<p><a href=\"https:\/\/aflamo.shop\/wp-content\/uploads\/2023\/05\/Aflamo-LED-50-60-70-80-90-CLASSIC-manual_EN-PL-CZ-SK-NL-3.pdf\">Instructions d&rsquo;utilisation et informations de s\u00e9curit\u00e9<\/a><\/p>\n<p><\/strong><\/ul>\n<h6><strong>Dessin technique<\/strong><\/h6>\n<p>&nbsp;<\/p>\n<p>&nbsp;<\/p>\n<p><img decoding=\"async\" class=\"alignnone wp-image-4827 size-full\" src=\"https:\/\/aflamo.shop\/wp-content\/uploads\/2023\/05\/Rivia.png\" alt=\"\" width=\"2185\" height=\"1660\" srcset=\"https:\/\/aflamo.shop\/wp-content\/uploads\/2023\/05\/Rivia.png 2185w, https:\/\/aflamo.shop\/wp-content\/uploads\/2023\/05\/Rivia-600x456.png 600w, https:\/\/aflamo.shop\/wp-content\/uploads\/2023\/05\/Rivia-300x228.png 300w, https:\/\/aflamo.shop\/wp-content\/uploads\/2023\/05\/Rivia-1024x778.png 1024w, https:\/\/aflamo.shop\/wp-content\/uploads\/2023\/05\/Rivia-768x583.png 768w, https:\/\/aflamo.shop\/wp-content\/uploads\/2023\/05\/Rivia-1536x1167.png 1536w, https:\/\/aflamo.shop\/wp-content\/uploads\/2023\/05\/Rivia-2048x1556.png 2048w\" sizes=\"(max-width: 2185px) 100vw, 2185px\" \/><\/p>\n<p>&nbsp;<\/p>\n","protected":false},"excerpt":{"rendered":"<p><b>Couleurs disponibles :<\/b><\/p>\n<ul>\n<li><a href=\"https:\/\/aflamo.shop\/fr\/p\/cheminee-electrique-led-aflamo-rivia-noyer-2d\/\">noyer<\/a><\/li>\n<li><a href=\"https:\/\/aflamo.shop\/fr\/p\/cheminee-electrique-led-aflamo-rivia-blanc-2d\/\">blanc<\/a><\/li>\n<\/ul>\n<p><b>Dimensions : 102&#215;96,4&#215;29 cm<\/b><\/p>\n","protected":false},"featured_media":22331,"comment_status":"open","ping_status":"closed","template":"","meta":[],"product_brand":[],"product_cat":[770,170,171],"product_tag":[],"class_list":{"0":"post-16263","1":"product","2":"type-product","3":"status-publish","4":"has-post-thumbnail","6":"product_cat-aflamo-fr","7":"product_cat-cheminees-electriques-fr","8":"product_cat-cheminees-led-avec-boitier-en-bois-fr","10":"first","11":"instock","12":"shipping-taxable","13":"purchasable","14":"product-type-simple"},"yoast_head":"<!-- This site is optimized with the Yoast SEO plugin v27.4 - https:\/\/yoast.com\/product\/yoast-seo-wordpress\/ -->\n<title>Chemin\u00e9e \u00e9lectrique LED Aflamo Rivia noyer 2D - aflamo.shop - revendeur aflamo certifi\u00e9<\/title>\n<meta name=\"robots\" content=\"index, follow, max-snippet:-1, max-image-preview:large, max-video-preview:-1\" \/>\n<link rel=\"canonical\" href=\"https:\/\/aflamo.shop\/fr\/p\/cheminee-electrique-led-aflamo-rivia-noyer-2d\/\" \/>\n<meta property=\"og:locale\" content=\"fr_FR\" \/>\n<meta property=\"og:type\" content=\"article\" \/>\n<meta property=\"og:title\" content=\"Chemin\u00e9e \u00e9lectrique LED Aflamo Rivia noyer 2D - aflamo.shop - revendeur aflamo certifi\u00e9\" \/>\n<meta property=\"og:description\" content=\"Couleurs disponibles :   noyer  blanc   Dimensions : 102x96,4x29 cm\" \/>\n<meta property=\"og:url\" content=\"https:\/\/aflamo.shop\/fr\/p\/cheminee-electrique-led-aflamo-rivia-noyer-2d\/\" \/>\n<meta property=\"og:site_name\" content=\"aflamo.shop - revendeur aflamo certifi\u00e9\" \/>\n<meta property=\"article:modified_time\" content=\"2026-04-20T09:27:09+00:00\" \/>\n<meta property=\"og:image\" content=\"https:\/\/aflamo.shop\/wp-content\/uploads\/2023\/05\/Projekt-bez-nazwy59.png\" \/>\n\t<meta property=\"og:image:width\" content=\"2048\" \/>\n\t<meta property=\"og:image:height\" content=\"2048\" \/>\n\t<meta property=\"og:image:type\" content=\"image\/png\" \/>\n<meta name=\"twitter:card\" content=\"summary_large_image\" \/>\n<meta name=\"twitter:label1\" content=\"Dur\u00e9e de lecture estim\u00e9e\" \/>\n\t<meta name=\"twitter:data1\" content=\"6 minutes\" \/>\n<script type=\"application\/ld+json\" class=\"yoast-schema-graph\">{\"@context\":\"https:\\\/\\\/schema.org\",\"@graph\":[{\"@type\":\"WebPage\",\"@id\":\"https:\\\/\\\/aflamo.shop\\\/fr\\\/p\\\/cheminee-electrique-led-aflamo-rivia-noyer-2d\\\/\",\"url\":\"https:\\\/\\\/aflamo.shop\\\/fr\\\/p\\\/cheminee-electrique-led-aflamo-rivia-noyer-2d\\\/\",\"name\":\"Chemin\u00e9e \u00e9lectrique LED Aflamo Rivia noyer 2D - aflamo.shop - revendeur aflamo certifi\u00e9\",\"isPartOf\":{\"@id\":\"https:\\\/\\\/aflamo.shop\\\/fr\\\/#website\"},\"primaryImageOfPage\":{\"@id\":\"https:\\\/\\\/aflamo.shop\\\/fr\\\/p\\\/cheminee-electrique-led-aflamo-rivia-noyer-2d\\\/#primaryimage\"},\"image\":{\"@id\":\"https:\\\/\\\/aflamo.shop\\\/fr\\\/p\\\/cheminee-electrique-led-aflamo-rivia-noyer-2d\\\/#primaryimage\"},\"thumbnailUrl\":\"https:\\\/\\\/aflamo.shop\\\/wp-content\\\/uploads\\\/2023\\\/05\\\/Projekt-bez-nazwy59.png\",\"datePublished\":\"2023-05-24T11:12:18+00:00\",\"dateModified\":\"2026-04-20T09:27:09+00:00\",\"breadcrumb\":{\"@id\":\"https:\\\/\\\/aflamo.shop\\\/fr\\\/p\\\/cheminee-electrique-led-aflamo-rivia-noyer-2d\\\/#breadcrumb\"},\"inLanguage\":\"fr-FR\",\"potentialAction\":[{\"@type\":\"ReadAction\",\"target\":[\"https:\\\/\\\/aflamo.shop\\\/fr\\\/p\\\/cheminee-electrique-led-aflamo-rivia-noyer-2d\\\/\"]}]},{\"@type\":\"ImageObject\",\"inLanguage\":\"fr-FR\",\"@id\":\"https:\\\/\\\/aflamo.shop\\\/fr\\\/p\\\/cheminee-electrique-led-aflamo-rivia-noyer-2d\\\/#primaryimage\",\"url\":\"https:\\\/\\\/aflamo.shop\\\/wp-content\\\/uploads\\\/2023\\\/05\\\/Projekt-bez-nazwy59.png\",\"contentUrl\":\"https:\\\/\\\/aflamo.shop\\\/wp-content\\\/uploads\\\/2023\\\/05\\\/Projekt-bez-nazwy59.png\",\"width\":2048,\"height\":2048},{\"@type\":\"BreadcrumbList\",\"@id\":\"https:\\\/\\\/aflamo.shop\\\/fr\\\/p\\\/cheminee-electrique-led-aflamo-rivia-noyer-2d\\\/#breadcrumb\",\"itemListElement\":[{\"@type\":\"ListItem\",\"position\":1,\"name\":\"Page d'accueil\",\"item\":\"https:\\\/\\\/aflamo.shop\\\/fr\\\/\"},{\"@type\":\"ListItem\",\"position\":2,\"name\":\"Boutique\",\"item\":\"https:\\\/\\\/aflamo.shop\\\/boutique\\\/\"},{\"@type\":\"ListItem\",\"position\":3,\"name\":\"Chemin\u00e9es \u00e9lectriques\",\"item\":\"https:\\\/\\\/aflamo.shop\\\/fr\\\/s\\\/cheminees-electriques-fr\\\/\"},{\"@type\":\"ListItem\",\"position\":4,\"name\":\"Chemin\u00e9e \u00e9lectrique LED Aflamo Rivia noyer 2D\"}]},{\"@type\":\"WebSite\",\"@id\":\"https:\\\/\\\/aflamo.shop\\\/fr\\\/#website\",\"url\":\"https:\\\/\\\/aflamo.shop\\\/fr\\\/\",\"name\":\"aflamo.shop - revendeur aflamo certifi\u00e9\",\"description\":\"Kominki elektryczne Aflamo i Emotion Flame z funkcj\u0105 grzania\",\"publisher\":{\"@id\":\"https:\\\/\\\/aflamo.shop\\\/fr\\\/#organization\"},\"potentialAction\":[{\"@type\":\"SearchAction\",\"target\":{\"@type\":\"EntryPoint\",\"urlTemplate\":\"https:\\\/\\\/aflamo.shop\\\/fr\\\/?s={search_term_string}\"},\"query-input\":{\"@type\":\"PropertyValueSpecification\",\"valueRequired\":true,\"valueName\":\"search_term_string\"}}],\"inLanguage\":\"fr-FR\"},{\"@type\":\"Organization\",\"@id\":\"https:\\\/\\\/aflamo.shop\\\/fr\\\/#organization\",\"name\":\"aflamo.shop - revendeur aflamo certifi\u00e9\",\"url\":\"https:\\\/\\\/aflamo.shop\\\/fr\\\/\",\"logo\":{\"@type\":\"ImageObject\",\"inLanguage\":\"fr-FR\",\"@id\":\"https:\\\/\\\/aflamo.shop\\\/fr\\\/#\\\/schema\\\/logo\\\/image\\\/\",\"url\":\"https:\\\/\\\/aflamo.shop\\\/wp-content\\\/uploads\\\/2019\\\/10\\\/logo2.1-1-1.svg\",\"contentUrl\":\"https:\\\/\\\/aflamo.shop\\\/wp-content\\\/uploads\\\/2019\\\/10\\\/logo2.1-1-1.svg\",\"caption\":\"aflamo.shop - revendeur aflamo certifi\u00e9\"},\"image\":{\"@id\":\"https:\\\/\\\/aflamo.shop\\\/fr\\\/#\\\/schema\\\/logo\\\/image\\\/\"}}]}<\/script>\n<!-- \/ Yoast SEO plugin. -->","yoast_head_json":{"title":"Chemin\u00e9e \u00e9lectrique LED Aflamo Rivia noyer 2D - aflamo.shop - revendeur aflamo certifi\u00e9","robots":{"index":"index","follow":"follow","max-snippet":"max-snippet:-1","max-image-preview":"max-image-preview:large","max-video-preview":"max-video-preview:-1"},"canonical":"https:\/\/aflamo.shop\/fr\/p\/cheminee-electrique-led-aflamo-rivia-noyer-2d\/","og_locale":"fr_FR","og_type":"article","og_title":"Chemin\u00e9e \u00e9lectrique LED Aflamo Rivia noyer 2D - aflamo.shop - revendeur aflamo certifi\u00e9","og_description":"Couleurs disponibles :   noyer  blanc   Dimensions : 102x96,4x29 cm","og_url":"https:\/\/aflamo.shop\/fr\/p\/cheminee-electrique-led-aflamo-rivia-noyer-2d\/","og_site_name":"aflamo.shop - revendeur aflamo certifi\u00e9","article_modified_time":"2026-04-20T09:27:09+00:00","og_image":[{"width":2048,"height":2048,"url":"https:\/\/aflamo.shop\/wp-content\/uploads\/2023\/05\/Projekt-bez-nazwy59.png","type":"image\/png"}],"twitter_card":"summary_large_image","twitter_misc":{"Dur\u00e9e de lecture estim\u00e9e":"6 minutes"},"schema":{"@context":"https:\/\/schema.org","@graph":[{"@type":"WebPage","@id":"https:\/\/aflamo.shop\/fr\/p\/cheminee-electrique-led-aflamo-rivia-noyer-2d\/","url":"https:\/\/aflamo.shop\/fr\/p\/cheminee-electrique-led-aflamo-rivia-noyer-2d\/","name":"Chemin\u00e9e \u00e9lectrique LED Aflamo Rivia noyer 2D - aflamo.shop - revendeur aflamo certifi\u00e9","isPartOf":{"@id":"https:\/\/aflamo.shop\/fr\/#website"},"primaryImageOfPage":{"@id":"https:\/\/aflamo.shop\/fr\/p\/cheminee-electrique-led-aflamo-rivia-noyer-2d\/#primaryimage"},"image":{"@id":"https:\/\/aflamo.shop\/fr\/p\/cheminee-electrique-led-aflamo-rivia-noyer-2d\/#primaryimage"},"thumbnailUrl":"https:\/\/aflamo.shop\/wp-content\/uploads\/2023\/05\/Projekt-bez-nazwy59.png","datePublished":"2023-05-24T11:12:18+00:00","dateModified":"2026-04-20T09:27:09+00:00","breadcrumb":{"@id":"https:\/\/aflamo.shop\/fr\/p\/cheminee-electrique-led-aflamo-rivia-noyer-2d\/#breadcrumb"},"inLanguage":"fr-FR","potentialAction":[{"@type":"ReadAction","target":["https:\/\/aflamo.shop\/fr\/p\/cheminee-electrique-led-aflamo-rivia-noyer-2d\/"]}]},{"@type":"ImageObject","inLanguage":"fr-FR","@id":"https:\/\/aflamo.shop\/fr\/p\/cheminee-electrique-led-aflamo-rivia-noyer-2d\/#primaryimage","url":"https:\/\/aflamo.shop\/wp-content\/uploads\/2023\/05\/Projekt-bez-nazwy59.png","contentUrl":"https:\/\/aflamo.shop\/wp-content\/uploads\/2023\/05\/Projekt-bez-nazwy59.png","width":2048,"height":2048},{"@type":"BreadcrumbList","@id":"https:\/\/aflamo.shop\/fr\/p\/cheminee-electrique-led-aflamo-rivia-noyer-2d\/#breadcrumb","itemListElement":[{"@type":"ListItem","position":1,"name":"Page d'accueil","item":"https:\/\/aflamo.shop\/fr\/"},{"@type":"ListItem","position":2,"name":"Boutique","item":"https:\/\/aflamo.shop\/boutique\/"},{"@type":"ListItem","position":3,"name":"Chemin\u00e9es \u00e9lectriques","item":"https:\/\/aflamo.shop\/fr\/s\/cheminees-electriques-fr\/"},{"@type":"ListItem","position":4,"name":"Chemin\u00e9e \u00e9lectrique LED Aflamo Rivia noyer 2D"}]},{"@type":"WebSite","@id":"https:\/\/aflamo.shop\/fr\/#website","url":"https:\/\/aflamo.shop\/fr\/","name":"aflamo.shop - revendeur aflamo certifi\u00e9","description":"Kominki elektryczne Aflamo i Emotion Flame z funkcj\u0105 grzania","publisher":{"@id":"https:\/\/aflamo.shop\/fr\/#organization"},"potentialAction":[{"@type":"SearchAction","target":{"@type":"EntryPoint","urlTemplate":"https:\/\/aflamo.shop\/fr\/?s={search_term_string}"},"query-input":{"@type":"PropertyValueSpecification","valueRequired":true,"valueName":"search_term_string"}}],"inLanguage":"fr-FR"},{"@type":"Organization","@id":"https:\/\/aflamo.shop\/fr\/#organization","name":"aflamo.shop - revendeur aflamo certifi\u00e9","url":"https:\/\/aflamo.shop\/fr\/","logo":{"@type":"ImageObject","inLanguage":"fr-FR","@id":"https:\/\/aflamo.shop\/fr\/#\/schema\/logo\/image\/","url":"https:\/\/aflamo.shop\/wp-content\/uploads\/2019\/10\/logo2.1-1-1.svg","contentUrl":"https:\/\/aflamo.shop\/wp-content\/uploads\/2019\/10\/logo2.1-1-1.svg","caption":"aflamo.shop - revendeur aflamo certifi\u00e9"},"image":{"@id":"https:\/\/aflamo.shop\/fr\/#\/schema\/logo\/image\/"}}]}},"_links":{"self":[{"href":"https:\/\/aflamo.shop\/fr\/wp-json\/wp\/v2\/product\/16263","targetHints":{"allow":["GET"]}}],"collection":[{"href":"https:\/\/aflamo.shop\/fr\/wp-json\/wp\/v2\/product"}],"about":[{"href":"https:\/\/aflamo.shop\/fr\/wp-json\/wp\/v2\/types\/product"}],"replies":[{"embeddable":true,"href":"https:\/\/aflamo.shop\/fr\/wp-json\/wp\/v2\/comments?post=16263"}],"wp:featuredmedia":[{"embeddable":true,"href":"https:\/\/aflamo.shop\/fr\/wp-json\/wp\/v2\/media\/22331"}],"wp:attachment":[{"href":"https:\/\/aflamo.shop\/fr\/wp-json\/wp\/v2\/media?parent=16263"}],"wp:term":[{"taxonomy":"product_brand","embeddable":true,"href":"https:\/\/aflamo.shop\/fr\/wp-json\/wp\/v2\/product_brand?post=16263"},{"taxonomy":"product_cat","embeddable":true,"href":"https:\/\/aflamo.shop\/fr\/wp-json\/wp\/v2\/product_cat?post=16263"},{"taxonomy":"product_tag","embeddable":true,"href":"https:\/\/aflamo.shop\/fr\/wp-json\/wp\/v2\/product_tag?post=16263"}],"curies":[{"name":"wp","href":"https:\/\/api.w.org\/{rel}","templated":true}]}}