{"id":16260,"date":"2023-05-29T08:30:19","date_gmt":"2023-05-29T08:30:19","guid":{"rendered":"https:\/\/aflamo.shop\/p\/insert-electrique-aflamo-led-40-classic\/"},"modified":"2026-04-20T09:24:14","modified_gmt":"2026-04-20T09:24:14","slug":"insert-electrique-aflamo-led-40-classic","status":"publish","type":"product","link":"https:\/\/aflamo.shop\/fr\/p\/insert-electrique-aflamo-led-40-classic\/","title":{"rendered":"Insert \u00e9lectrique Aflamo LED 40 Classic"},"content":{"rendered":"<h3><strong>Caract\u00e9ristiques<\/strong><\/h3>\n<p>&nbsp;<\/p>\n<p><strong>Insert \u00e9lectrique LED 40 Classic <img fetchpriority=\"high\" decoding=\"async\" class=\"alignright wp-image-5799 size-medium\" src=\"https:\/\/aflamo.shop\/wp-content\/uploads\/2023\/05\/unique_led40-classic-1-1-300x183.jpg\" alt=\"\" width=\"300\" height=\"183\" srcset=\"https:\/\/aflamo.shop\/wp-content\/uploads\/2023\/05\/unique_led40-classic-1-1-300x183.jpg 300w, https:\/\/aflamo.shop\/wp-content\/uploads\/2023\/05\/unique_led40-classic-1-1.jpg 492w\" sizes=\"(max-width: 300px) 100vw, 300px\" \/>     <\/strong><strong>                           <\/strong><\/p>\n<ol class=\"numlist\">\n<li>Flamme <strong>orange<\/strong> r\u00e9aliste et \u00e9conome en \u00e9nergie<\/li>\n<li>Capteur de fen\u00eatre ouverte<\/li>\n<li>2 niveaux de puissance de chauffe : 700W \/ 1500W<\/li>\n<li>Fonction de chauffage avec r\u00e9glage de la temp\u00e9rature de 10 \u00e0 30\u00b0C<\/li>\n<li>T\u00e9l\u00e9commande<\/li>\n<\/ol>\n<h3><\/h3>\n<h3><\/h3>\n<h3><\/h3>\n<h3><strong>Chauffage<\/strong><\/h3>\n<p>&nbsp;<\/p>\n<p>Le chauffage ind\u00e9pendant de la flamme vous permet d&rsquo;utiliser la chemin\u00e9e tout au long de l&rsquo;ann\u00e9e, m\u00eame par temps chaud.<br \/>\nVous pouvez allumer ou \u00e9teindre le chauffage \u00e0 tout moment.<\/p>\n<ul>\n<li>Le capteur de fen\u00eatre ouverte \u00e9teint le chauffage lorsqu&rsquo;il d\u00e9tecte une baisse soudaine de la temp\u00e9rature.<\/li>\n<li>L&rsquo;appareil dispose de 2 niveaux de puissance de chauffe 750-1500W<\/li>\n<li>Contr\u00f4le de la temp\u00e9rature de 10 \u00e0 30\u00b0C.<\/li>\n<\/ul>\n<h3><\/h3>\n<h3><\/h3>\n<h3><strong>S\u00e9curit\u00e9<\/strong><\/h3>\n<p>&nbsp;<\/p>\n<div class=\"col-12 col-md-6 cecha-col naprzemienne-txt naprzemienne-opis\">\n<ul>\n<li>La vitre de la chemin\u00e9e ne chauffe pas et est sans danger pour les enfants et les animaux domestiques.<\/li>\n<li>Le capteur de s\u00e9curit\u00e9 de l&rsquo;appareil arr\u00eate le chauffage si la sortie d&rsquo;air chaud est obstru\u00e9e.<\/li>\n<\/ul>\n<\/div>\n<h3><\/h3>\n<h3><\/h3>\n<h3><strong>Confort et commodit\u00e9<\/strong><\/h3>\n<p>&nbsp;<\/p>\n<div class=\"col-12 col-md-6 cecha-col naprzemienne-txt naprzemienne-opis\">\n<ul>\n<li>La t\u00e9l\u00e9commande permet de modifier les fonctions \u00e0 distance. Elle offre un confort d&rsquo;utilisation sans qu&rsquo;il soit n\u00e9cessaire de se lever du canap\u00e9. <\/li>\n<\/ul>\n<\/div>\n<div class=\"col-12 col-md-6 cecha-col naprzemienne-txt naprzemienne-opis\">\n<ul>\n<li>Minuterie \/ La minuterie \u00e9teindra automatiquement le foyer. Vous le r\u00e9glez et vous l&rsquo;oubliez.  Si vous vous endormez, vous n&rsquo;avez pas \u00e0 vous soucier du fait que la chemin\u00e9e reste allum\u00e9e toute la nuit.<\/li>\n<\/ul>\n<\/div>\n<div class=\"col-12 col-md-6 cecha-col naprzemienne-txt naprzemienne-opis\">\n<ul>\n<li>La fonction de chauffage rapide permet de r\u00e9chauffer instantan\u00e9ment la pi\u00e8ce et de maintenir une temp\u00e9rature confortable.<\/li>\n<\/ul>\n<\/div>\n<h3><\/h3>\n<h3><strong>Donn\u00e9es techniques<\/strong><\/h3>\n<p>&nbsp;<\/p>\n<table width=\"548\" cellspacing=\"0\" cellpadding=\"2\">\n<tbody>\n<tr>\n<td width=\"216\">Effet de flamme<\/td>\n<td width=\"324\">LED<\/td>\n<\/tr>\n<tr>\n<td width=\"216\">Application mobile<\/td>\n<td width=\"324\">pas<\/td>\n<\/tr>\n<tr>\n<td width=\"216\">T\u00e9l\u00e9commande<\/td>\n<td width=\"324\">oui<\/td>\n<\/tr>\n<tr>\n<td width=\"216\">Couleur\/Finition<\/td>\n<td width=\"324\">noir<\/td>\n<\/tr>\n<tr>\n<td width=\"216\">Minuterie (timer)<\/td>\n<td width=\"324\">oui<\/td>\n<\/tr>\n<tr>\n<td width=\"216\">Programmateur hebdomadaire<\/td>\n<td width=\"324\">oui<\/td>\n<\/tr>\n<tr>\n<td width=\"216\">Fonction de chauffage<\/td>\n<td width=\"324\">oui<\/td>\n<\/tr>\n<tr>\n<td width=\"216\">Flamme ind\u00e9pendante de la fonction de chauffage<\/td>\n<td width=\"324\">oui<\/td>\n<\/tr>\n<tr>\n<td width=\"216\">Puissance de chauffage<\/td>\n<td width=\"324\">750 \/ 1500 W<\/td>\n<\/tr>\n<tr>\n<td width=\"216\">Contr\u00f4le de la temp\u00e9rature<\/td>\n<td width=\"324\">10 \u00e0 30\u00b0C<\/td>\n<\/tr>\n<tr>\n<td width=\"216\">Protection contre la surchauffe<\/td>\n<td width=\"324\">oui<\/td>\n<\/tr>\n<tr>\n<td width=\"216\">Thermostat<\/td>\n<td width=\"324\">oui<\/td>\n<\/tr>\n<tr>\n<td width=\"216\">Flamme<\/p>\n<p>foyer<\/td>\n<td width=\"324\">1 flamme couleur orange<\/p>\n<p>Glade<\/td>\n<\/tr>\n<tr>\n<td width=\"216\">Garantie<\/td>\n<td width=\"324\">2 ans<\/td>\n<\/tr>\n<tr>\n<td width=\"216\">Longueur du c\u00e2ble d&rsquo;alimentation<\/td>\n<td width=\"324\">1,8 m<\/td>\n<\/tr>\n<tr>\n<td width=\"216\">Tension d&rsquo;alimentation<\/td>\n<td width=\"324\">220 V<\/td>\n<\/tr>\n<\/tbody>\n<\/table>\n<h3><\/h3>\n<div class=\"flex flex-grow flex-col gap-3\">\n<div class=\"min-h-[20px] flex flex-col items-start gap-3 overflow-x-auto whitespace-pre-wrap break-words\">\n<div class=\"markdown prose w-full break-words dark:prose-invert light\">\n<p>L&rsquo;insert de chemin\u00e9e \u00e9lectrique LED Aflamo LED 40 Classic est une solution innovante qui apporte la magie d&rsquo;un feu br\u00fblant \u00e0 votre int\u00e9rieur, tout en offrant chaleur et confort. Cet insert avanc\u00e9 combine esth\u00e9tique, fonctionnalit\u00e9 et technologie moderne pour cr\u00e9er une exp\u00e9rience de chemin\u00e9e unique. <\/p>\n<p>L&rsquo;insert Aflamo LED 40 Classic pr\u00e9sente une flamme orange incroyablement r\u00e9aliste et \u00e9conome en \u00e9nergie. C&rsquo;est un chef-d&rsquo;\u0153uvre visuel qui capture la beaut\u00e9 du bois br\u00fbl\u00e9 dans sa forme la plus authentique. Il apporte une atmosph\u00e8re de chaleur et de paix, cr\u00e9ant une aura de confort autour de lui.  <\/p>\n<p>L\u2019un des \u00e9l\u00e9ments innovants de cet insert est le capteur de fen\u00eatre ouverte. Cette fonction intelligente surveille l&rsquo;\u00e9tat de la fen\u00eatre, permettant \u00e0 l&rsquo;insert de s&rsquo;\u00e9teindre automatiquement lorsque la fen\u00eatre est ouverte. Cela permet non seulement d\u2019\u00e9conomiser de l\u2019\u00e9nergie, mais garantit \u00e9galement la s\u00e9curit\u00e9 et le confort d\u2019utilisation.  <\/p>\n<p>Deux puissances de chauffage disponibles (700W et 1500W) permettent d&rsquo;ajuster l&rsquo;intensit\u00e9 de la chaleur aux besoins et conditions actuels de la pi\u00e8ce. La fonction chauffage est en outre enrichie d&rsquo;un contr\u00f4le de temp\u00e9rature de 10 \u00e0 30\u00b0C, ce qui vous permet d&rsquo;ajuster pr\u00e9cis\u00e9ment le confort thermique selon vos propres pr\u00e9f\u00e9rences. <\/p>\n<p>La t\u00e9l\u00e9commande est une fonction pratique qui vous permet de contr\u00f4ler facilement votre chemin\u00e9e depuis n&rsquo;importe o\u00f9 dans la pi\u00e8ce. Cela vous donne un contr\u00f4le total sur la flamme, la fonction de chauffage et la r\u00e9gulation de la temp\u00e9rature, sans avoir \u00e0 vous lever de votre si\u00e8ge. <\/p>\n<p>En r\u00e9sum\u00e9, l\u2019insert de chemin\u00e9e \u00e9lectrique LED Aflamo LED 40 Classic est une combinaison d\u2019esth\u00e9tique, de confort et de technologie. Sa flamme r\u00e9aliste, son capteur de fen\u00eatre ouverte, ses deux r\u00e9glages de chauffage, son contr\u00f4le de la temp\u00e9rature et sa t\u00e9l\u00e9commande cr\u00e9ent une exp\u00e9rience polyvalente. Ce n\u2019est pas seulement une source de beaut\u00e9, mais aussi de chaleur et de confort qui enrichit tout int\u00e9rieur avec l\u2019atmosph\u00e8re d\u2019une v\u00e9ritable chemin\u00e9e.  <\/p>\n<\/div>\n<\/div>\n<\/div>\n<p>&nbsp;<\/p>\n<ul><strong><\/p>\n<p><a href=\"https:\/\/aflamo.shop\/wp-content\/uploads\/2023\/05\/LED-40_EN-PL-NL-1.pdf\">Instructions d&rsquo;utilisation et informations de s\u00e9curit\u00e9<\/a><\/p>\n<p><\/strong><\/ul>\n<h3><strong>Dessin technique<\/strong><\/h3>\n<p>&nbsp;<\/p>\n<p>&nbsp;<\/p>\n<p><img decoding=\"async\" class=\"alignnone wp-image-5854 size-full\" src=\"https:\/\/aflamo.shop\/wp-content\/uploads\/2023\/05\/LED_40.png\" alt=\"\" width=\"775\" height=\"622\" srcset=\"https:\/\/aflamo.shop\/wp-content\/uploads\/2023\/05\/LED_40.png 775w, https:\/\/aflamo.shop\/wp-content\/uploads\/2023\/05\/LED_40-600x482.png 600w, https:\/\/aflamo.shop\/wp-content\/uploads\/2023\/05\/LED_40-300x241.png 300w, https:\/\/aflamo.shop\/wp-content\/uploads\/2023\/05\/LED_40-768x616.png 768w\" sizes=\"(max-width: 775px) 100vw, 775px\" \/><\/p>\n<h6><strong> <\/strong><\/h6>\n<p>&nbsp;<\/p>\n<p>&nbsp;<\/p>\n<p>&nbsp;<\/p>\n<p>&nbsp;<\/p>\n","protected":false},"excerpt":{"rendered":"<p>Dimensions : 49 x 41 x 15 cm<\/p>\n","protected":false},"featured_media":5850,"comment_status":"open","ping_status":"closed","template":"","meta":[],"product_brand":[],"product_cat":[770,170,773],"product_tag":[],"class_list":{"0":"post-16260","1":"product","2":"type-product","3":"status-publish","4":"has-post-thumbnail","6":"product_cat-aflamo-fr","7":"product_cat-cheminees-electriques-fr","8":"product_cat-inserts-electriques-led","10":"first","11":"instock","12":"shipping-taxable","13":"purchasable","14":"product-type-simple"},"yoast_head":"<!-- This site is optimized with the Yoast SEO plugin v27.4 - https:\/\/yoast.com\/product\/yoast-seo-wordpress\/ -->\n<title>Insert \u00e9lectrique Aflamo LED 40 Classic - aflamo.shop - revendeur aflamo certifi\u00e9<\/title>\n<meta name=\"robots\" content=\"index, follow, max-snippet:-1, max-image-preview:large, max-video-preview:-1\" \/>\n<link rel=\"canonical\" href=\"https:\/\/aflamo.shop\/fr\/p\/insert-electrique-aflamo-led-40-classic\/\" \/>\n<meta property=\"og:locale\" content=\"fr_FR\" \/>\n<meta property=\"og:type\" content=\"article\" \/>\n<meta property=\"og:title\" content=\"Insert \u00e9lectrique Aflamo LED 40 Classic - aflamo.shop - revendeur aflamo certifi\u00e9\" \/>\n<meta property=\"og:description\" content=\"Dimensions : 49 x 41 x 15 cm\" \/>\n<meta property=\"og:url\" content=\"https:\/\/aflamo.shop\/fr\/p\/insert-electrique-aflamo-led-40-classic\/\" \/>\n<meta property=\"og:site_name\" content=\"aflamo.shop - revendeur aflamo certifi\u00e9\" \/>\n<meta property=\"article:modified_time\" content=\"2026-04-20T09:24:14+00:00\" \/>\n<meta property=\"og:image\" content=\"https:\/\/aflamo.shop\/wp-content\/uploads\/2023\/05\/aflamo-led-40-2_sq.jpg\" \/>\n\t<meta property=\"og:image:width\" content=\"2248\" \/>\n\t<meta property=\"og:image:height\" content=\"2248\" \/>\n\t<meta property=\"og:image:type\" content=\"image\/jpeg\" \/>\n<meta name=\"twitter:card\" content=\"summary_large_image\" \/>\n<meta name=\"twitter:label1\" content=\"Dur\u00e9e de lecture estim\u00e9e\" \/>\n\t<meta name=\"twitter:data1\" content=\"5 minutes\" \/>\n<script type=\"application\/ld+json\" class=\"yoast-schema-graph\">{\"@context\":\"https:\\\/\\\/schema.org\",\"@graph\":[{\"@type\":\"WebPage\",\"@id\":\"https:\\\/\\\/aflamo.shop\\\/fr\\\/p\\\/insert-electrique-aflamo-led-40-classic\\\/\",\"url\":\"https:\\\/\\\/aflamo.shop\\\/fr\\\/p\\\/insert-electrique-aflamo-led-40-classic\\\/\",\"name\":\"Insert \u00e9lectrique Aflamo LED 40 Classic - aflamo.shop - revendeur aflamo certifi\u00e9\",\"isPartOf\":{\"@id\":\"https:\\\/\\\/aflamo.shop\\\/fr\\\/#website\"},\"primaryImageOfPage\":{\"@id\":\"https:\\\/\\\/aflamo.shop\\\/fr\\\/p\\\/insert-electrique-aflamo-led-40-classic\\\/#primaryimage\"},\"image\":{\"@id\":\"https:\\\/\\\/aflamo.shop\\\/fr\\\/p\\\/insert-electrique-aflamo-led-40-classic\\\/#primaryimage\"},\"thumbnailUrl\":\"https:\\\/\\\/aflamo.shop\\\/wp-content\\\/uploads\\\/2023\\\/05\\\/aflamo-led-40-2_sq.jpg\",\"datePublished\":\"2023-05-29T08:30:19+00:00\",\"dateModified\":\"2026-04-20T09:24:14+00:00\",\"breadcrumb\":{\"@id\":\"https:\\\/\\\/aflamo.shop\\\/fr\\\/p\\\/insert-electrique-aflamo-led-40-classic\\\/#breadcrumb\"},\"inLanguage\":\"fr-FR\",\"potentialAction\":[{\"@type\":\"ReadAction\",\"target\":[\"https:\\\/\\\/aflamo.shop\\\/fr\\\/p\\\/insert-electrique-aflamo-led-40-classic\\\/\"]}]},{\"@type\":\"ImageObject\",\"inLanguage\":\"fr-FR\",\"@id\":\"https:\\\/\\\/aflamo.shop\\\/fr\\\/p\\\/insert-electrique-aflamo-led-40-classic\\\/#primaryimage\",\"url\":\"https:\\\/\\\/aflamo.shop\\\/wp-content\\\/uploads\\\/2023\\\/05\\\/aflamo-led-40-2_sq.jpg\",\"contentUrl\":\"https:\\\/\\\/aflamo.shop\\\/wp-content\\\/uploads\\\/2023\\\/05\\\/aflamo-led-40-2_sq.jpg\",\"width\":2248,\"height\":2248},{\"@type\":\"BreadcrumbList\",\"@id\":\"https:\\\/\\\/aflamo.shop\\\/fr\\\/p\\\/insert-electrique-aflamo-led-40-classic\\\/#breadcrumb\",\"itemListElement\":[{\"@type\":\"ListItem\",\"position\":1,\"name\":\"Page d'accueil\",\"item\":\"https:\\\/\\\/aflamo.shop\\\/fr\\\/\"},{\"@type\":\"ListItem\",\"position\":2,\"name\":\"Boutique\",\"item\":\"https:\\\/\\\/aflamo.shop\\\/boutique\\\/\"},{\"@type\":\"ListItem\",\"position\":3,\"name\":\"Chemin\u00e9es \u00e9lectriques\",\"item\":\"https:\\\/\\\/aflamo.shop\\\/fr\\\/s\\\/cheminees-electriques-fr\\\/\"},{\"@type\":\"ListItem\",\"position\":4,\"name\":\"Insert \u00e9lectrique Aflamo LED 40 Classic\"}]},{\"@type\":\"WebSite\",\"@id\":\"https:\\\/\\\/aflamo.shop\\\/fr\\\/#website\",\"url\":\"https:\\\/\\\/aflamo.shop\\\/fr\\\/\",\"name\":\"aflamo.shop - revendeur aflamo certifi\u00e9\",\"description\":\"Kominki elektryczne Aflamo i Emotion Flame z funkcj\u0105 grzania\",\"publisher\":{\"@id\":\"https:\\\/\\\/aflamo.shop\\\/fr\\\/#organization\"},\"potentialAction\":[{\"@type\":\"SearchAction\",\"target\":{\"@type\":\"EntryPoint\",\"urlTemplate\":\"https:\\\/\\\/aflamo.shop\\\/fr\\\/?s={search_term_string}\"},\"query-input\":{\"@type\":\"PropertyValueSpecification\",\"valueRequired\":true,\"valueName\":\"search_term_string\"}}],\"inLanguage\":\"fr-FR\"},{\"@type\":\"Organization\",\"@id\":\"https:\\\/\\\/aflamo.shop\\\/fr\\\/#organization\",\"name\":\"aflamo.shop - revendeur aflamo certifi\u00e9\",\"url\":\"https:\\\/\\\/aflamo.shop\\\/fr\\\/\",\"logo\":{\"@type\":\"ImageObject\",\"inLanguage\":\"fr-FR\",\"@id\":\"https:\\\/\\\/aflamo.shop\\\/fr\\\/#\\\/schema\\\/logo\\\/image\\\/\",\"url\":\"https:\\\/\\\/aflamo.shop\\\/wp-content\\\/uploads\\\/2019\\\/10\\\/logo2.1-1-1.svg\",\"contentUrl\":\"https:\\\/\\\/aflamo.shop\\\/wp-content\\\/uploads\\\/2019\\\/10\\\/logo2.1-1-1.svg\",\"caption\":\"aflamo.shop - revendeur aflamo certifi\u00e9\"},\"image\":{\"@id\":\"https:\\\/\\\/aflamo.shop\\\/fr\\\/#\\\/schema\\\/logo\\\/image\\\/\"}}]}<\/script>\n<!-- \/ Yoast SEO plugin. -->","yoast_head_json":{"title":"Insert \u00e9lectrique Aflamo LED 40 Classic - aflamo.shop - revendeur aflamo certifi\u00e9","robots":{"index":"index","follow":"follow","max-snippet":"max-snippet:-1","max-image-preview":"max-image-preview:large","max-video-preview":"max-video-preview:-1"},"canonical":"https:\/\/aflamo.shop\/fr\/p\/insert-electrique-aflamo-led-40-classic\/","og_locale":"fr_FR","og_type":"article","og_title":"Insert \u00e9lectrique Aflamo LED 40 Classic - aflamo.shop - revendeur aflamo certifi\u00e9","og_description":"Dimensions : 49 x 41 x 15 cm","og_url":"https:\/\/aflamo.shop\/fr\/p\/insert-electrique-aflamo-led-40-classic\/","og_site_name":"aflamo.shop - revendeur aflamo certifi\u00e9","article_modified_time":"2026-04-20T09:24:14+00:00","og_image":[{"width":2248,"height":2248,"url":"https:\/\/aflamo.shop\/wp-content\/uploads\/2023\/05\/aflamo-led-40-2_sq.jpg","type":"image\/jpeg"}],"twitter_card":"summary_large_image","twitter_misc":{"Dur\u00e9e de lecture estim\u00e9e":"5 minutes"},"schema":{"@context":"https:\/\/schema.org","@graph":[{"@type":"WebPage","@id":"https:\/\/aflamo.shop\/fr\/p\/insert-electrique-aflamo-led-40-classic\/","url":"https:\/\/aflamo.shop\/fr\/p\/insert-electrique-aflamo-led-40-classic\/","name":"Insert \u00e9lectrique Aflamo LED 40 Classic - aflamo.shop - revendeur aflamo certifi\u00e9","isPartOf":{"@id":"https:\/\/aflamo.shop\/fr\/#website"},"primaryImageOfPage":{"@id":"https:\/\/aflamo.shop\/fr\/p\/insert-electrique-aflamo-led-40-classic\/#primaryimage"},"image":{"@id":"https:\/\/aflamo.shop\/fr\/p\/insert-electrique-aflamo-led-40-classic\/#primaryimage"},"thumbnailUrl":"https:\/\/aflamo.shop\/wp-content\/uploads\/2023\/05\/aflamo-led-40-2_sq.jpg","datePublished":"2023-05-29T08:30:19+00:00","dateModified":"2026-04-20T09:24:14+00:00","breadcrumb":{"@id":"https:\/\/aflamo.shop\/fr\/p\/insert-electrique-aflamo-led-40-classic\/#breadcrumb"},"inLanguage":"fr-FR","potentialAction":[{"@type":"ReadAction","target":["https:\/\/aflamo.shop\/fr\/p\/insert-electrique-aflamo-led-40-classic\/"]}]},{"@type":"ImageObject","inLanguage":"fr-FR","@id":"https:\/\/aflamo.shop\/fr\/p\/insert-electrique-aflamo-led-40-classic\/#primaryimage","url":"https:\/\/aflamo.shop\/wp-content\/uploads\/2023\/05\/aflamo-led-40-2_sq.jpg","contentUrl":"https:\/\/aflamo.shop\/wp-content\/uploads\/2023\/05\/aflamo-led-40-2_sq.jpg","width":2248,"height":2248},{"@type":"BreadcrumbList","@id":"https:\/\/aflamo.shop\/fr\/p\/insert-electrique-aflamo-led-40-classic\/#breadcrumb","itemListElement":[{"@type":"ListItem","position":1,"name":"Page d'accueil","item":"https:\/\/aflamo.shop\/fr\/"},{"@type":"ListItem","position":2,"name":"Boutique","item":"https:\/\/aflamo.shop\/boutique\/"},{"@type":"ListItem","position":3,"name":"Chemin\u00e9es \u00e9lectriques","item":"https:\/\/aflamo.shop\/fr\/s\/cheminees-electriques-fr\/"},{"@type":"ListItem","position":4,"name":"Insert \u00e9lectrique Aflamo LED 40 Classic"}]},{"@type":"WebSite","@id":"https:\/\/aflamo.shop\/fr\/#website","url":"https:\/\/aflamo.shop\/fr\/","name":"aflamo.shop - revendeur aflamo certifi\u00e9","description":"Kominki elektryczne Aflamo i Emotion Flame z funkcj\u0105 grzania","publisher":{"@id":"https:\/\/aflamo.shop\/fr\/#organization"},"potentialAction":[{"@type":"SearchAction","target":{"@type":"EntryPoint","urlTemplate":"https:\/\/aflamo.shop\/fr\/?s={search_term_string}"},"query-input":{"@type":"PropertyValueSpecification","valueRequired":true,"valueName":"search_term_string"}}],"inLanguage":"fr-FR"},{"@type":"Organization","@id":"https:\/\/aflamo.shop\/fr\/#organization","name":"aflamo.shop - revendeur aflamo certifi\u00e9","url":"https:\/\/aflamo.shop\/fr\/","logo":{"@type":"ImageObject","inLanguage":"fr-FR","@id":"https:\/\/aflamo.shop\/fr\/#\/schema\/logo\/image\/","url":"https:\/\/aflamo.shop\/wp-content\/uploads\/2019\/10\/logo2.1-1-1.svg","contentUrl":"https:\/\/aflamo.shop\/wp-content\/uploads\/2019\/10\/logo2.1-1-1.svg","caption":"aflamo.shop - revendeur aflamo certifi\u00e9"},"image":{"@id":"https:\/\/aflamo.shop\/fr\/#\/schema\/logo\/image\/"}}]}},"_links":{"self":[{"href":"https:\/\/aflamo.shop\/fr\/wp-json\/wp\/v2\/product\/16260","targetHints":{"allow":["GET"]}}],"collection":[{"href":"https:\/\/aflamo.shop\/fr\/wp-json\/wp\/v2\/product"}],"about":[{"href":"https:\/\/aflamo.shop\/fr\/wp-json\/wp\/v2\/types\/product"}],"replies":[{"embeddable":true,"href":"https:\/\/aflamo.shop\/fr\/wp-json\/wp\/v2\/comments?post=16260"}],"wp:featuredmedia":[{"embeddable":true,"href":"https:\/\/aflamo.shop\/fr\/wp-json\/wp\/v2\/media\/5850"}],"wp:attachment":[{"href":"https:\/\/aflamo.shop\/fr\/wp-json\/wp\/v2\/media?parent=16260"}],"wp:term":[{"taxonomy":"product_brand","embeddable":true,"href":"https:\/\/aflamo.shop\/fr\/wp-json\/wp\/v2\/product_brand?post=16260"},{"taxonomy":"product_cat","embeddable":true,"href":"https:\/\/aflamo.shop\/fr\/wp-json\/wp\/v2\/product_cat?post=16260"},{"taxonomy":"product_tag","embeddable":true,"href":"https:\/\/aflamo.shop\/fr\/wp-json\/wp\/v2\/product_tag?post=16260"}],"curies":[{"name":"wp","href":"https:\/\/api.w.org\/{rel}","templated":true}]}}