{"id":16259,"date":"2023-05-29T08:47:59","date_gmt":"2023-05-29T08:47:59","guid":{"rendered":"https:\/\/aflamo.shop\/p\/insert-electrique-aflamo-led-50-classic\/"},"modified":"2026-04-20T09:23:33","modified_gmt":"2026-04-20T09:23:33","slug":"insert-electrique-aflamo-led-50-classic","status":"publish","type":"product","link":"https:\/\/aflamo.shop\/fr\/p\/insert-electrique-aflamo-led-50-classic\/","title":{"rendered":"Insert \u00e9lectrique Aflamo LED 50 Classic"},"content":{"rendered":"<h3><\/h3>\n<h3><strong>Caract\u00e9ristiques de la chemin\u00e9e<\/strong><\/h3>\n<p>&nbsp;<\/p>\n<p><strong>Insert \u00e9lectrique LED 50 Classic <img fetchpriority=\"high\" decoding=\"async\" class=\"alignright wp-image-4760 size-medium\" src=\"https:\/\/aflamo.shop\/wp-content\/uploads\/2023\/05\/unique_led50-classic-8-1-300x183.jpg\" alt=\"\" width=\"300\" height=\"183\" srcset=\"https:\/\/aflamo.shop\/wp-content\/uploads\/2023\/05\/unique_led50-classic-8-1-300x183.jpg 300w, https:\/\/aflamo.shop\/wp-content\/uploads\/2023\/05\/unique_led50-classic-8-1.jpg 492w\" sizes=\"(max-width: 300px) 100vw, 300px\" \/>     <\/strong><strong>                           <\/strong><\/p>\n<ol class=\"numlist\">\n<li>Flamme orange r\u00e9aliste et \u00e9conome en \u00e9nergie<\/li>\n<li>Capteur de fen\u00eatre ouverte<\/li>\n<li>2 niveaux de puissance de chauffage : 900W \/ 1800W<\/li>\n<li>Fonction de chauffage avec r\u00e9glage de la temp\u00e9rature de 10 \u00e0 30\u00b0C<\/li>\n<li>T\u00e9l\u00e9commande<\/li>\n<\/ol>\n<h3><\/h3>\n<h3><\/h3>\n<h3><\/h3>\n<h3><strong>Chauffage<\/strong><\/h3>\n<p>&nbsp;<\/p>\n<p>Le chauffage ind\u00e9pendant de la flamme vous permet d&rsquo;utiliser la chemin\u00e9e tout au long de l&rsquo;ann\u00e9e, m\u00eame par temps chaud.<br \/>\nVous pouvez allumer ou \u00e9teindre le chauffage \u00e0 tout moment.<\/p>\n<ul>\n<li>Le capteur de fen\u00eatre ouverte \u00e9teint le chauffage lorsqu&rsquo;il d\u00e9tecte une baisse soudaine de la temp\u00e9rature.<\/li>\n<li>Le radiateur dispose de 2 niveaux de puissance de chauffage 900-1800W<\/li>\n<li>Contr\u00f4le de la temp\u00e9rature de 10 \u00e0 30\u00b0C.<\/li>\n<\/ul>\n<h3><\/h3>\n<h3><\/h3>\n<h3><strong>S\u00e9curit\u00e9<\/strong><\/h3>\n<p>&nbsp;<\/p>\n<div class=\"col-12 col-md-6 cecha-col naprzemienne-txt naprzemienne-opis\">\n<ul>\n<li>La vitre de la chemin\u00e9e ne chauffe pas et est sans danger pour les enfants et les animaux domestiques.<\/li>\n<li>Le capteur de s\u00e9curit\u00e9 de l&rsquo;appareil arr\u00eate le chauffage si la sortie d&rsquo;air chaud est obstru\u00e9e.<\/li>\n<\/ul>\n<\/div>\n<h3><\/h3>\n<h3><\/h3>\n<h3><strong>Confort et commodit\u00e9<\/strong><\/h3>\n<p>&nbsp;<\/p>\n<div class=\"col-12 col-md-6 cecha-col naprzemienne-txt naprzemienne-opis\">\n<ul>\n<li>La t\u00e9l\u00e9commande permet de modifier les fonctions \u00e0 distance. Elle offre un confort d&rsquo;utilisation sans qu&rsquo;il soit n\u00e9cessaire de se lever du canap\u00e9. <\/li>\n<\/ul>\n<\/div>\n<div class=\"col-12 col-md-6 cecha-col naprzemienne-txt naprzemienne-opis\">\n<ul>\n<li>Minuterie \/ La minuterie \u00e9teindra automatiquement le foyer. Vous le r\u00e9glez et vous l&rsquo;oubliez.  Si vous vous endormez, vous n&rsquo;avez pas \u00e0 vous soucier du fait que la chemin\u00e9e reste allum\u00e9e toute la nuit.<\/li>\n<\/ul>\n<\/div>\n<div class=\"col-12 col-md-6 cecha-col naprzemienne-txt naprzemienne-opis\">\n<ul>\n<li>La fonction de chauffage rapide permet de r\u00e9chauffer instantan\u00e9ment la pi\u00e8ce et de maintenir une temp\u00e9rature confortable.<\/li>\n<\/ul>\n<\/div>\n<h3><\/h3>\n<h3><strong>Donn\u00e9es techniques<\/strong><\/h3>\n<p>&nbsp;<\/p>\n<table width=\"548\" cellspacing=\"0\" cellpadding=\"2\">\n<tbody>\n<tr>\n<td width=\"216\">Effet de flamme<\/td>\n<td width=\"324\">LED<\/td>\n<\/tr>\n<tr>\n<td width=\"216\">Application mobile<\/td>\n<td width=\"324\">pas<\/td>\n<\/tr>\n<tr>\n<td width=\"216\">T\u00e9l\u00e9commande<\/td>\n<td width=\"324\">oui<\/td>\n<\/tr>\n<tr>\n<td width=\"216\">Couleur\/Finition<\/td>\n<td width=\"324\">noir<\/td>\n<\/tr>\n<tr>\n<td width=\"216\">Minuterie (timer)<\/td>\n<td width=\"324\">oui<\/td>\n<\/tr>\n<tr>\n<td width=\"216\">Programmateur hebdomadaire<\/td>\n<td width=\"324\">oui<\/td>\n<\/tr>\n<tr>\n<td width=\"216\">Fonction de chauffage<\/td>\n<td width=\"324\">oui<\/td>\n<\/tr>\n<tr>\n<td width=\"216\">Flamme ind\u00e9pendante de la fonction de chauffage<\/td>\n<td width=\"324\">oui<\/td>\n<\/tr>\n<tr>\n<td width=\"216\">Puissance de chauffage<\/td>\n<td width=\"324\">900 \/ 1800 W<\/td>\n<\/tr>\n<tr>\n<td width=\"216\">Contr\u00f4le de la temp\u00e9rature<\/td>\n<td width=\"324\">10 \u00e0 30\u00b0C<\/td>\n<\/tr>\n<tr>\n<td width=\"216\">Protection contre la surchauffe<\/td>\n<td width=\"324\">oui<\/td>\n<\/tr>\n<tr>\n<td width=\"216\">Thermostat<\/td>\n<td width=\"324\">oui<\/td>\n<\/tr>\n<tr>\n<td width=\"216\">Flamme<\/p>\n<p>foyer<\/td>\n<td width=\"324\">1 flamme couleur orange<\/p>\n<p>Glade<\/td>\n<\/tr>\n<tr>\n<td width=\"216\">Garantie<\/td>\n<td width=\"324\">2 ans<\/td>\n<\/tr>\n<tr>\n<td width=\"216\">Longueur du c\u00e2ble d&rsquo;alimentation<\/td>\n<td width=\"324\">1,8 m<\/td>\n<\/tr>\n<tr>\n<td width=\"216\">Tension d&rsquo;alimentation<\/td>\n<td width=\"324\">220 V<\/td>\n<\/tr>\n<\/tbody>\n<\/table>\n<div class=\"flex flex-grow flex-col gap-3\">\n<div class=\"min-h-[20px] flex flex-col items-start gap-3 overflow-x-auto whitespace-pre-wrap break-words\">\n<div class=\"markdown prose w-full break-words dark:prose-invert light\">\n<p>L&rsquo;insert de chemin\u00e9e \u00e9lectrique Aflamo LED 50 Classic avec fonction chauffage est une combinaison de tradition et de modernit\u00e9 qui apporte l&rsquo;atmosph\u00e8re unique d&rsquo;une vraie chemin\u00e9e \u00e0 l&rsquo;espace, quelle que soit sa nature. Cet insert offre non seulement une belle vue sur le feu flamboyant, mais fournit \u00e9galement une source de chaleur agr\u00e9able et r\u00e9glable pendant les p\u00e9riodes plus froides. <\/p>\n<p>L&rsquo;insert Aflamo LED 50 Classic pr\u00e9sente une flamme extr\u00eamement r\u00e9aliste et \u00e9conome en \u00e9nergie dans une teinte orange chaude. Ces effets LED cr\u00e9ent l\u2019illusion de b\u00fbches de bois br\u00fblantes, cr\u00e9ant une atmosph\u00e8re romantique et chaleureuse qui attire le regard et l\u2019esprit. <\/p>\n<p>Le capteur de fen\u00eatre ouverte est une fonctionnalit\u00e9 innovante de l&rsquo;insert qui garantit une utilisation efficace de l&rsquo;\u00e9nergie. Lorsque la fen\u00eatre est ouverte, l&rsquo;insert d\u00e9tecte automatiquement une baisse de temp\u00e9rature et arr\u00eate la fonction de chauffage, \u00e9conomisant ainsi de l&rsquo;\u00e9nergie et maintenant la temp\u00e9rature ambiante optimale. <\/p>\n<p>L&rsquo;insert Aflamo LED 50 Classic offre deux options de puissance de chauffage : 900W et 1800W. Cela vous permet d&rsquo;ajuster l&rsquo;intensit\u00e9 de la chaleur \u00e0 vos propres besoins et conditions actuelles, garantissant confort et d\u00e9tente dans chaque situation. De plus, la fonction de chauffage avec contr\u00f4le de la temp\u00e9rature de 10 \u00e0 30\u00b0C vous permet de contr\u00f4ler pr\u00e9cis\u00e9ment le degr\u00e9 de chaleur.  <\/p>\n<p>La t\u00e9l\u00e9commande est un outil pratique qui vous permet de r\u00e9gler la flamme, la puissance de chauffage et la temp\u00e9rature depuis un endroit pratique. Cela rend l\u2019utilisation de la chemin\u00e9e encore plus confortable et intuitive. <\/p>\n<p>En r\u00e9sum\u00e9, l&rsquo;insert de chemin\u00e9e \u00e9lectrique LED Aflamo LED 50 Classic est une combinaison de tradition et de modernit\u00e9 en un seul appareil. Sa flamme orange r\u00e9aliste, son capteur de fen\u00eatre ouverte, ses deux r\u00e9glages de puissance de chauffage, son contr\u00f4le de la temp\u00e9rature et sa t\u00e9l\u00e9commande sont les caract\u00e9ristiques qui cr\u00e9ent une exp\u00e9rience de chemin\u00e9e compl\u00e8te et personnalisable. Ce n\u2019est pas seulement une source de chaleur, mais aussi une source de magie et de d\u00e9tente qui apporte une atmosph\u00e8re unique \u00e0 chaque pi\u00e8ce.  <\/p>\n<\/div>\n<\/div>\n<\/div>\n<ul><strong><\/p>\n<p><a href=\"https:\/\/aflamo.shop\/wp-content\/uploads\/2023\/05\/Aflamo-LED-50-60-70-80-90-CLASSIC-manual_EN-PL-CZ-SK-NL-3.pdf\">Instructions d&rsquo;utilisation et de s\u00e9curit\u00e9<\/a><\/p>\n<p><\/strong><\/ul>\n<p>&nbsp;<\/p>\n<h3><strong>Dessin technique<\/strong><\/h3>\n<p>&nbsp;<\/p>\n<p>&nbsp;<\/p>\n<p><img decoding=\"async\" class=\"alignnone wp-image-5861 size-full\" src=\"https:\/\/aflamo.shop\/wp-content\/uploads\/2023\/05\/LED_50.png\" alt=\"\" width=\"747\" height=\"798\" srcset=\"https:\/\/aflamo.shop\/wp-content\/uploads\/2023\/05\/LED_50.png 747w, https:\/\/aflamo.shop\/wp-content\/uploads\/2023\/05\/LED_50-600x641.png 600w, https:\/\/aflamo.shop\/wp-content\/uploads\/2023\/05\/LED_50-281x300.png 281w\" sizes=\"(max-width: 747px) 100vw, 747px\" \/><\/p>\n<h6><strong> <\/strong><\/h6>\n<p>&nbsp;<\/p>\n<p>&nbsp;<\/p>\n<p>&nbsp;<\/p>\n<p>&nbsp;<\/p>\n","protected":false},"excerpt":{"rendered":"<p>Fabricant : Aflamo<\/p>\n<p>dimensions : 45 x 61 x 20 cm<\/p>\n","protected":false},"featured_media":22397,"comment_status":"open","ping_status":"closed","template":"","meta":[],"product_brand":[],"product_cat":[770,170,773],"product_tag":[],"class_list":{"0":"post-16259","1":"product","2":"type-product","3":"status-publish","4":"has-post-thumbnail","6":"product_cat-aflamo-fr","7":"product_cat-cheminees-electriques-fr","8":"product_cat-inserts-electriques-led","10":"first","11":"instock","12":"downloadable","13":"shipping-taxable","14":"purchasable","15":"product-type-simple"},"yoast_head":"<!-- This site is optimized with the Yoast SEO plugin v27.4 - https:\/\/yoast.com\/product\/yoast-seo-wordpress\/ -->\n<title>Insert \u00e9lectrique Aflamo LED 50 Classic - aflamo.shop - revendeur aflamo certifi\u00e9<\/title>\n<meta name=\"robots\" content=\"index, follow, max-snippet:-1, max-image-preview:large, max-video-preview:-1\" \/>\n<link rel=\"canonical\" href=\"https:\/\/aflamo.shop\/fr\/p\/insert-electrique-aflamo-led-50-classic\/\" \/>\n<meta property=\"og:locale\" content=\"fr_FR\" \/>\n<meta property=\"og:type\" content=\"article\" \/>\n<meta property=\"og:title\" content=\"Insert \u00e9lectrique Aflamo LED 50 Classic - aflamo.shop - revendeur aflamo certifi\u00e9\" \/>\n<meta property=\"og:description\" content=\"Fabricant : Aflamo dimensions : 45 x 61 x 20 cm\" \/>\n<meta property=\"og:url\" content=\"https:\/\/aflamo.shop\/fr\/p\/insert-electrique-aflamo-led-50-classic\/\" \/>\n<meta property=\"og:site_name\" content=\"aflamo.shop - revendeur aflamo certifi\u00e9\" \/>\n<meta property=\"article:modified_time\" content=\"2026-04-20T09:23:33+00:00\" \/>\n<meta property=\"og:image\" content=\"https:\/\/aflamo.shop\/wp-content\/uploads\/2023\/05\/Projekt-bez-nazwy70.png\" \/>\n\t<meta property=\"og:image:width\" content=\"2048\" \/>\n\t<meta property=\"og:image:height\" content=\"2048\" \/>\n\t<meta property=\"og:image:type\" content=\"image\/png\" \/>\n<meta name=\"twitter:card\" content=\"summary_large_image\" \/>\n<meta name=\"twitter:label1\" content=\"Dur\u00e9e de lecture estim\u00e9e\" \/>\n\t<meta name=\"twitter:data1\" content=\"5 minutes\" \/>\n<script type=\"application\/ld+json\" class=\"yoast-schema-graph\">{\"@context\":\"https:\\\/\\\/schema.org\",\"@graph\":[{\"@type\":\"WebPage\",\"@id\":\"https:\\\/\\\/aflamo.shop\\\/fr\\\/p\\\/insert-electrique-aflamo-led-50-classic\\\/\",\"url\":\"https:\\\/\\\/aflamo.shop\\\/fr\\\/p\\\/insert-electrique-aflamo-led-50-classic\\\/\",\"name\":\"Insert \u00e9lectrique Aflamo LED 50 Classic - aflamo.shop - revendeur aflamo certifi\u00e9\",\"isPartOf\":{\"@id\":\"https:\\\/\\\/aflamo.shop\\\/fr\\\/#website\"},\"primaryImageOfPage\":{\"@id\":\"https:\\\/\\\/aflamo.shop\\\/fr\\\/p\\\/insert-electrique-aflamo-led-50-classic\\\/#primaryimage\"},\"image\":{\"@id\":\"https:\\\/\\\/aflamo.shop\\\/fr\\\/p\\\/insert-electrique-aflamo-led-50-classic\\\/#primaryimage\"},\"thumbnailUrl\":\"https:\\\/\\\/aflamo.shop\\\/wp-content\\\/uploads\\\/2023\\\/05\\\/Projekt-bez-nazwy70.png\",\"datePublished\":\"2023-05-29T08:47:59+00:00\",\"dateModified\":\"2026-04-20T09:23:33+00:00\",\"breadcrumb\":{\"@id\":\"https:\\\/\\\/aflamo.shop\\\/fr\\\/p\\\/insert-electrique-aflamo-led-50-classic\\\/#breadcrumb\"},\"inLanguage\":\"fr-FR\",\"potentialAction\":[{\"@type\":\"ReadAction\",\"target\":[\"https:\\\/\\\/aflamo.shop\\\/fr\\\/p\\\/insert-electrique-aflamo-led-50-classic\\\/\"]}]},{\"@type\":\"ImageObject\",\"inLanguage\":\"fr-FR\",\"@id\":\"https:\\\/\\\/aflamo.shop\\\/fr\\\/p\\\/insert-electrique-aflamo-led-50-classic\\\/#primaryimage\",\"url\":\"https:\\\/\\\/aflamo.shop\\\/wp-content\\\/uploads\\\/2023\\\/05\\\/Projekt-bez-nazwy70.png\",\"contentUrl\":\"https:\\\/\\\/aflamo.shop\\\/wp-content\\\/uploads\\\/2023\\\/05\\\/Projekt-bez-nazwy70.png\",\"width\":2048,\"height\":2048},{\"@type\":\"BreadcrumbList\",\"@id\":\"https:\\\/\\\/aflamo.shop\\\/fr\\\/p\\\/insert-electrique-aflamo-led-50-classic\\\/#breadcrumb\",\"itemListElement\":[{\"@type\":\"ListItem\",\"position\":1,\"name\":\"Page d'accueil\",\"item\":\"https:\\\/\\\/aflamo.shop\\\/fr\\\/\"},{\"@type\":\"ListItem\",\"position\":2,\"name\":\"Boutique\",\"item\":\"https:\\\/\\\/aflamo.shop\\\/boutique\\\/\"},{\"@type\":\"ListItem\",\"position\":3,\"name\":\"Chemin\u00e9es \u00e9lectriques\",\"item\":\"https:\\\/\\\/aflamo.shop\\\/fr\\\/s\\\/cheminees-electriques-fr\\\/\"},{\"@type\":\"ListItem\",\"position\":4,\"name\":\"Insert \u00e9lectrique Aflamo LED 50 Classic\"}]},{\"@type\":\"WebSite\",\"@id\":\"https:\\\/\\\/aflamo.shop\\\/fr\\\/#website\",\"url\":\"https:\\\/\\\/aflamo.shop\\\/fr\\\/\",\"name\":\"aflamo.shop - revendeur aflamo certifi\u00e9\",\"description\":\"Kominki elektryczne Aflamo i Emotion Flame z funkcj\u0105 grzania\",\"publisher\":{\"@id\":\"https:\\\/\\\/aflamo.shop\\\/fr\\\/#organization\"},\"potentialAction\":[{\"@type\":\"SearchAction\",\"target\":{\"@type\":\"EntryPoint\",\"urlTemplate\":\"https:\\\/\\\/aflamo.shop\\\/fr\\\/?s={search_term_string}\"},\"query-input\":{\"@type\":\"PropertyValueSpecification\",\"valueRequired\":true,\"valueName\":\"search_term_string\"}}],\"inLanguage\":\"fr-FR\"},{\"@type\":\"Organization\",\"@id\":\"https:\\\/\\\/aflamo.shop\\\/fr\\\/#organization\",\"name\":\"aflamo.shop - revendeur aflamo certifi\u00e9\",\"url\":\"https:\\\/\\\/aflamo.shop\\\/fr\\\/\",\"logo\":{\"@type\":\"ImageObject\",\"inLanguage\":\"fr-FR\",\"@id\":\"https:\\\/\\\/aflamo.shop\\\/fr\\\/#\\\/schema\\\/logo\\\/image\\\/\",\"url\":\"https:\\\/\\\/aflamo.shop\\\/wp-content\\\/uploads\\\/2019\\\/10\\\/logo2.1-1-1.svg\",\"contentUrl\":\"https:\\\/\\\/aflamo.shop\\\/wp-content\\\/uploads\\\/2019\\\/10\\\/logo2.1-1-1.svg\",\"caption\":\"aflamo.shop - revendeur aflamo certifi\u00e9\"},\"image\":{\"@id\":\"https:\\\/\\\/aflamo.shop\\\/fr\\\/#\\\/schema\\\/logo\\\/image\\\/\"}}]}<\/script>\n<!-- \/ Yoast SEO plugin. -->","yoast_head_json":{"title":"Insert \u00e9lectrique Aflamo LED 50 Classic - aflamo.shop - revendeur aflamo certifi\u00e9","robots":{"index":"index","follow":"follow","max-snippet":"max-snippet:-1","max-image-preview":"max-image-preview:large","max-video-preview":"max-video-preview:-1"},"canonical":"https:\/\/aflamo.shop\/fr\/p\/insert-electrique-aflamo-led-50-classic\/","og_locale":"fr_FR","og_type":"article","og_title":"Insert \u00e9lectrique Aflamo LED 50 Classic - aflamo.shop - revendeur aflamo certifi\u00e9","og_description":"Fabricant : Aflamo dimensions : 45 x 61 x 20 cm","og_url":"https:\/\/aflamo.shop\/fr\/p\/insert-electrique-aflamo-led-50-classic\/","og_site_name":"aflamo.shop - revendeur aflamo certifi\u00e9","article_modified_time":"2026-04-20T09:23:33+00:00","og_image":[{"width":2048,"height":2048,"url":"https:\/\/aflamo.shop\/wp-content\/uploads\/2023\/05\/Projekt-bez-nazwy70.png","type":"image\/png"}],"twitter_card":"summary_large_image","twitter_misc":{"Dur\u00e9e de lecture estim\u00e9e":"5 minutes"},"schema":{"@context":"https:\/\/schema.org","@graph":[{"@type":"WebPage","@id":"https:\/\/aflamo.shop\/fr\/p\/insert-electrique-aflamo-led-50-classic\/","url":"https:\/\/aflamo.shop\/fr\/p\/insert-electrique-aflamo-led-50-classic\/","name":"Insert \u00e9lectrique Aflamo LED 50 Classic - aflamo.shop - revendeur aflamo certifi\u00e9","isPartOf":{"@id":"https:\/\/aflamo.shop\/fr\/#website"},"primaryImageOfPage":{"@id":"https:\/\/aflamo.shop\/fr\/p\/insert-electrique-aflamo-led-50-classic\/#primaryimage"},"image":{"@id":"https:\/\/aflamo.shop\/fr\/p\/insert-electrique-aflamo-led-50-classic\/#primaryimage"},"thumbnailUrl":"https:\/\/aflamo.shop\/wp-content\/uploads\/2023\/05\/Projekt-bez-nazwy70.png","datePublished":"2023-05-29T08:47:59+00:00","dateModified":"2026-04-20T09:23:33+00:00","breadcrumb":{"@id":"https:\/\/aflamo.shop\/fr\/p\/insert-electrique-aflamo-led-50-classic\/#breadcrumb"},"inLanguage":"fr-FR","potentialAction":[{"@type":"ReadAction","target":["https:\/\/aflamo.shop\/fr\/p\/insert-electrique-aflamo-led-50-classic\/"]}]},{"@type":"ImageObject","inLanguage":"fr-FR","@id":"https:\/\/aflamo.shop\/fr\/p\/insert-electrique-aflamo-led-50-classic\/#primaryimage","url":"https:\/\/aflamo.shop\/wp-content\/uploads\/2023\/05\/Projekt-bez-nazwy70.png","contentUrl":"https:\/\/aflamo.shop\/wp-content\/uploads\/2023\/05\/Projekt-bez-nazwy70.png","width":2048,"height":2048},{"@type":"BreadcrumbList","@id":"https:\/\/aflamo.shop\/fr\/p\/insert-electrique-aflamo-led-50-classic\/#breadcrumb","itemListElement":[{"@type":"ListItem","position":1,"name":"Page d'accueil","item":"https:\/\/aflamo.shop\/fr\/"},{"@type":"ListItem","position":2,"name":"Boutique","item":"https:\/\/aflamo.shop\/boutique\/"},{"@type":"ListItem","position":3,"name":"Chemin\u00e9es \u00e9lectriques","item":"https:\/\/aflamo.shop\/fr\/s\/cheminees-electriques-fr\/"},{"@type":"ListItem","position":4,"name":"Insert \u00e9lectrique Aflamo LED 50 Classic"}]},{"@type":"WebSite","@id":"https:\/\/aflamo.shop\/fr\/#website","url":"https:\/\/aflamo.shop\/fr\/","name":"aflamo.shop - revendeur aflamo certifi\u00e9","description":"Kominki elektryczne Aflamo i Emotion Flame z funkcj\u0105 grzania","publisher":{"@id":"https:\/\/aflamo.shop\/fr\/#organization"},"potentialAction":[{"@type":"SearchAction","target":{"@type":"EntryPoint","urlTemplate":"https:\/\/aflamo.shop\/fr\/?s={search_term_string}"},"query-input":{"@type":"PropertyValueSpecification","valueRequired":true,"valueName":"search_term_string"}}],"inLanguage":"fr-FR"},{"@type":"Organization","@id":"https:\/\/aflamo.shop\/fr\/#organization","name":"aflamo.shop - revendeur aflamo certifi\u00e9","url":"https:\/\/aflamo.shop\/fr\/","logo":{"@type":"ImageObject","inLanguage":"fr-FR","@id":"https:\/\/aflamo.shop\/fr\/#\/schema\/logo\/image\/","url":"https:\/\/aflamo.shop\/wp-content\/uploads\/2019\/10\/logo2.1-1-1.svg","contentUrl":"https:\/\/aflamo.shop\/wp-content\/uploads\/2019\/10\/logo2.1-1-1.svg","caption":"aflamo.shop - revendeur aflamo certifi\u00e9"},"image":{"@id":"https:\/\/aflamo.shop\/fr\/#\/schema\/logo\/image\/"}}]}},"_links":{"self":[{"href":"https:\/\/aflamo.shop\/fr\/wp-json\/wp\/v2\/product\/16259","targetHints":{"allow":["GET"]}}],"collection":[{"href":"https:\/\/aflamo.shop\/fr\/wp-json\/wp\/v2\/product"}],"about":[{"href":"https:\/\/aflamo.shop\/fr\/wp-json\/wp\/v2\/types\/product"}],"replies":[{"embeddable":true,"href":"https:\/\/aflamo.shop\/fr\/wp-json\/wp\/v2\/comments?post=16259"}],"wp:featuredmedia":[{"embeddable":true,"href":"https:\/\/aflamo.shop\/fr\/wp-json\/wp\/v2\/media\/22397"}],"wp:attachment":[{"href":"https:\/\/aflamo.shop\/fr\/wp-json\/wp\/v2\/media?parent=16259"}],"wp:term":[{"taxonomy":"product_brand","embeddable":true,"href":"https:\/\/aflamo.shop\/fr\/wp-json\/wp\/v2\/product_brand?post=16259"},{"taxonomy":"product_cat","embeddable":true,"href":"https:\/\/aflamo.shop\/fr\/wp-json\/wp\/v2\/product_cat?post=16259"},{"taxonomy":"product_tag","embeddable":true,"href":"https:\/\/aflamo.shop\/fr\/wp-json\/wp\/v2\/product_tag?post=16259"}],"curies":[{"name":"wp","href":"https:\/\/api.w.org\/{rel}","templated":true}]}}