{"id":16257,"date":"2023-05-29T09:02:06","date_gmt":"2023-05-29T09:02:06","guid":{"rendered":"https:\/\/aflamo.shop\/p\/insert-electrique-aflamo-led-60-classic\/"},"modified":"2026-04-20T09:21:55","modified_gmt":"2026-04-20T09:21:55","slug":"insert-electrique-aflamo-led-60-classic","status":"publish","type":"product","link":"https:\/\/aflamo.shop\/fr\/p\/insert-electrique-aflamo-led-60-classic\/","title":{"rendered":"Insert \u00e9lectrique Aflamo LED 60 Classic"},"content":{"rendered":"<h3><\/h3>\n<h3><\/h3>\n<h3><strong>Caract\u00e9ristiques de la chemin\u00e9e<br \/>\n<\/strong><\/h3>\n<p>&nbsp;<\/p>\n<p><strong>Insert \u00e9lectrique LED 60 Classic <\/strong><strong> <img fetchpriority=\"high\" decoding=\"async\" class=\"alignright wp-image-4525 \" src=\"https:\/\/aflamo.shop\/wp-content\/uploads\/2023\/05\/led_60_classic_cyf-300x183.jpg\" alt=\"\" width=\"356\" height=\"217\" srcset=\"https:\/\/aflamo.shop\/wp-content\/uploads\/2023\/05\/led_60_classic_cyf-300x183.jpg 300w, https:\/\/aflamo.shop\/wp-content\/uploads\/2023\/05\/led_60_classic_cyf.jpg 492w\" sizes=\"(max-width: 356px) 100vw, 356px\" \/>                          <\/strong><\/p>\n<ol class=\"numlist\">\n<li>3 couleurs de flamme (jaune, orange, jaune-orange), 5 intensit\u00e9s de flamme<\/li>\n<li>Flamme LED r\u00e9aliste et \u00e9conome en \u00e9nergie<\/li>\n<li>2 niveaux de puissance de chauffage : 900W \/ 1800W<\/li>\n<li>Contr\u00f4le de la temp\u00e9rature de 10 \u00e0 30\u00b0C<\/li>\n<li>T\u00e9l\u00e9commande<\/li>\n<li>Capteur de fen\u00eatre ouverte<\/li>\n<li>Protection contre la surchauffe<\/li>\n<li>Flamme ind\u00e9pendante de la fonction de chauffage<\/li>\n<\/ol>\n<h3><\/h3>\n<p>&nbsp;<\/p>\n<h3><\/h3>\n<h3><strong>Chauffage<\/strong><\/h3>\n<p>&nbsp;<\/p>\n<p>Le chauffage ind\u00e9pendant de la flamme vous permet d&rsquo;utiliser la chemin\u00e9e tout au long de l&rsquo;ann\u00e9e, m\u00eame par temps chaud.<br \/>\nVous pouvez allumer ou \u00e9teindre le chauffage \u00e0 tout moment.<\/p>\n<ul>\n<li>Le capteur de fen\u00eatre ouverte \u00e9teint le chauffage lorsqu&rsquo;il d\u00e9tecte une baisse soudaine de la temp\u00e9rature.<\/li>\n<li>Le radiateur dispose de 2 niveaux de puissance de chauffage 900-1800W<\/li>\n<li>Contr\u00f4le de la temp\u00e9rature de 10 \u00e0 30\u00b0C.<\/li>\n<\/ul>\n<h3><\/h3>\n<h3><\/h3>\n<h3><strong>S\u00e9curit\u00e9<\/strong><\/h3>\n<p>&nbsp;<\/p>\n<div class=\"col-12 col-md-6 cecha-col naprzemienne-txt naprzemienne-opis\">\n<ul>\n<li>La vitre de la chemin\u00e9e ne chauffe pas et est sans danger pour les enfants et les animaux domestiques.<\/li>\n<li>Le capteur de s\u00e9curit\u00e9 de l&rsquo;appareil arr\u00eate le chauffage si la sortie d&rsquo;air chaud est obstru\u00e9e.<\/li>\n<\/ul>\n<\/div>\n<h3><\/h3>\n<h3><\/h3>\n<h3><strong>Confort et commodit\u00e9<\/strong><\/h3>\n<p>&nbsp;<\/p>\n<div class=\"col-12 col-md-6 cecha-col naprzemienne-txt naprzemienne-opis\">\n<ul>\n<li>La t\u00e9l\u00e9commande permet de modifier les fonctions \u00e0 distance. Elle offre un confort d&rsquo;utilisation sans qu&rsquo;il soit n\u00e9cessaire de se lever du canap\u00e9. <\/li>\n<\/ul>\n<\/div>\n<div class=\"col-12 col-md-6 cecha-col naprzemienne-txt naprzemienne-opis\">\n<ul>\n<li>Minuterie \/ La minuterie \u00e9teindra automatiquement le foyer. Vous le r\u00e9glez et vous l&rsquo;oubliez.  Si vous vous endormez, vous n&rsquo;avez pas \u00e0 vous soucier du fait que la chemin\u00e9e reste allum\u00e9e toute la nuit.<\/li>\n<\/ul>\n<\/div>\n<div class=\"col-12 col-md-6 cecha-col naprzemienne-txt naprzemienne-opis\">\n<ul>\n<li>La fonction de chauffage rapide permet de r\u00e9chauffer instantan\u00e9ment la pi\u00e8ce et de maintenir une temp\u00e9rature confortable.<\/li>\n<\/ul>\n<\/div>\n<h3><\/h3>\n<p>&nbsp;<\/p>\n<h3><strong>Donn\u00e9es techniques<\/strong><\/h3>\n<p>&nbsp;<\/p>\n<table width=\"548\" cellspacing=\"0\" cellpadding=\"2\">\n<tbody>\n<tr>\n<td width=\"216\">Effet de flamme<\/td>\n<td width=\"324\">LED<\/td>\n<\/tr>\n<tr>\n<td width=\"216\">Application mobile<\/td>\n<td width=\"324\">pas<\/td>\n<\/tr>\n<tr>\n<td width=\"216\">T\u00e9l\u00e9commande<\/td>\n<td width=\"324\">oui<\/td>\n<\/tr>\n<tr>\n<td width=\"216\">Couleur\/Finition<\/td>\n<td width=\"324\">noir<\/td>\n<\/tr>\n<tr>\n<td width=\"216\">Minuterie (timer)<\/td>\n<td width=\"324\">oui<\/td>\n<\/tr>\n<tr>\n<td width=\"216\">Programmateur hebdomadaire<\/td>\n<td width=\"324\">oui<\/td>\n<\/tr>\n<tr>\n<td width=\"216\">Fonction de chauffage<\/td>\n<td width=\"324\">oui<\/td>\n<\/tr>\n<tr>\n<td width=\"216\">Flamme ind\u00e9pendante de la fonction de chauffage<\/td>\n<td width=\"324\">oui<\/td>\n<\/tr>\n<tr>\n<td width=\"216\">Puissance de chauffage<\/td>\n<td width=\"324\">900 \/ 1800 W<\/td>\n<\/tr>\n<tr>\n<td width=\"216\">Contr\u00f4le de la temp\u00e9rature<\/td>\n<td width=\"324\">10 \u00e0 30\u00b0C<\/td>\n<\/tr>\n<tr>\n<td width=\"216\">Protection contre la surchauffe<\/td>\n<td width=\"324\">oui<\/td>\n<\/tr>\n<tr>\n<td width=\"216\">Thermostat<\/td>\n<td width=\"324\">oui<\/td>\n<\/tr>\n<tr>\n<td width=\"216\">Flamme<\/p>\n<p>foyer<\/td>\n<td width=\"324\">1 flamme couleur orange<\/p>\n<p>Glade<\/td>\n<\/tr>\n<tr>\n<td width=\"216\">Garantie<\/td>\n<td width=\"324\">2 ans<\/td>\n<\/tr>\n<tr>\n<td width=\"216\">Longueur du c\u00e2ble d&rsquo;alimentation<\/td>\n<td width=\"324\">1,8 m<\/td>\n<\/tr>\n<tr>\n<td width=\"216\">Tension d&rsquo;alimentation<\/td>\n<td width=\"324\">220 V<\/td>\n<\/tr>\n<\/tbody>\n<\/table>\n<p>&nbsp;<\/p>\n<div class=\"flex flex-grow flex-col gap-3\">\n<div class=\"min-h-[20px] flex flex-col items-start gap-3 overflow-x-auto whitespace-pre-wrap break-words\">\n<div class=\"markdown prose w-full break-words dark:prose-invert light\">\n<p>L&rsquo;insert de chemin\u00e9e \u00e9lectrique LED Aflamo LED 60 Classic est l&rsquo;incarnation de la beaut\u00e9 et de la fonctionnalit\u00e9, apportant l&rsquo;exp\u00e9rience inoubliable d&rsquo;un feu de chemin\u00e9e \u00e0 votre int\u00e9rieur. Cet insert offre \u00e0 la fois la richesse visuelle de la flamme et le confort de la chaleur, alliant de mani\u00e8re parfaite modernit\u00e9 et tradition. <\/p>\n<p>Aflamo LED 60 Classic est une solution dot\u00e9e d&rsquo;un ensemble impressionnant de fonctions. L&rsquo;insert offre trois couleurs de flamme et cinq niveaux de luminosit\u00e9 de la flamme, ce qui vous permet d&rsquo;adapter individuellement l&rsquo;\u00e9clairage du foyer \u00e0 l&rsquo;ambiance et \u00e0 la d\u00e9coration int\u00e9rieure. La flamme LED est extr\u00eamement r\u00e9aliste et \u00e9conome en \u00e9nergie, \u00e9voquant l\u2019atmosph\u00e8re authentique de la combustion du bois.  <\/p>\n<p>L&rsquo;insert Aflamo LED 60 Classic offre deux options de puissance de chauffage : 900W et 1800W. Le contr\u00f4le de la temp\u00e9rature de 10 \u00e0 30\u00b0C vous permet d&rsquo;ajuster la chaleur selon vos propres pr\u00e9f\u00e9rences, cr\u00e9ant ainsi le climat ambiant parfait. C&rsquo;est une source de chaleur qui non seulement r\u00e9chauffe, mais cr\u00e9e \u00e9galement une atmosph\u00e8re de chemin\u00e9e unique.  <\/p>\n<p>La t\u00e9l\u00e9commande est un outil pratique qui vous donne un contr\u00f4le total sur l&rsquo;insert, vous permettant de r\u00e9gler la flamme, la luminosit\u00e9, la puissance de chauffage et la temp\u00e9rature depuis un endroit confortable. Le capteur de fen\u00eatre ouverte est une fonction innovante qui \u00e9teint automatiquement le chauffage s&rsquo;il d\u00e9tecte une fen\u00eatre ouverte, \u00e9conomisant ainsi de l&rsquo;\u00e9nergie. <\/p>\n<p>La s\u00e9curit\u00e9 d&rsquo;utilisation de l&rsquo;insert Aflamo LED 60 Classic est cruciale. La protection contre la surchauffe est une fonction qui prot\u00e8ge \u00e0 la fois l&rsquo;appareil et l&rsquo;utilisateur, \u00e9liminant ainsi le risque de situations dangereuses possibles. De plus, la flamme ind\u00e9pendante de la fonction chauffage vous permet de profiter de la belle vue du feu toute l&rsquo;ann\u00e9e.  <\/p>\n<p>En r\u00e9sum\u00e9, l\u2019insert de chemin\u00e9e \u00e9lectrique LED Aflamo LED 60 Classic est une combinaison d\u2019esth\u00e9tique, de fonctionnalit\u00e9 et de s\u00e9curit\u00e9. Ses diverses fonctions, sa flamme r\u00e9aliste, sa puissance de chauffage et sa temp\u00e9rature r\u00e9glables et sa t\u00e9l\u00e9commande pratique cr\u00e9ent une exp\u00e9rience de feu de chemin\u00e9e compl\u00e8te. Ce n\u2019est pas seulement une chemin\u00e9e, c\u2019est une source de beaut\u00e9, de chaleur et d\u2019atmosph\u00e8re unique qui ajoute du charme \u00e0 n\u2019importe quel int\u00e9rieur.  <\/p>\n<\/div>\n<\/div>\n<\/div>\n<ul><Strong><\/p>\n<p><a href=\"https:\/\/aflamo.shop\/wp-content\/uploads\/2023\/05\/Aflamo-LED-50-60-70-80-90-CLASSIC-manual_EN-PL-CZ-SK-NL-3.pdf\">Instructions d&rsquo;utilisation et informations de s\u00e9curit\u00e9<\/a><\/p>\n<p><\/strong><\/ul>\n<p>&nbsp;<\/p>\n<h6><strong>Dessin technique<\/strong><\/h6>\n<p>&nbsp;<\/p>\n<p>&nbsp;<\/p>\n<p><img decoding=\"async\" class=\"alignnone wp-image-5916 size-full\" src=\"https:\/\/aflamo.shop\/wp-content\/uploads\/2023\/05\/LED_60.png\" alt=\"\" width=\"729\" height=\"641\" srcset=\"https:\/\/aflamo.shop\/wp-content\/uploads\/2023\/05\/LED_60.png 729w, https:\/\/aflamo.shop\/wp-content\/uploads\/2023\/05\/LED_60-600x528.png 600w, https:\/\/aflamo.shop\/wp-content\/uploads\/2023\/05\/LED_60-300x264.png 300w\" sizes=\"(max-width: 729px) 100vw, 729px\" \/><\/p>\n<p>&nbsp;<\/p>\n","protected":false},"excerpt":{"rendered":"<p>Fabricant : Aflamo<\/p>\n<p>Dimensions : 60 x 51 x 22 cm<\/p>\n","protected":false},"featured_media":5924,"comment_status":"open","ping_status":"closed","template":"","meta":[],"product_brand":[],"product_cat":[770,170,773],"product_tag":[],"class_list":{"0":"post-16257","1":"product","2":"type-product","3":"status-publish","4":"has-post-thumbnail","6":"product_cat-aflamo-fr","7":"product_cat-cheminees-electriques-fr","8":"product_cat-inserts-electriques-led","10":"first","11":"instock","12":"shipping-taxable","13":"purchasable","14":"product-type-simple"},"yoast_head":"<!-- This site is optimized with the Yoast SEO plugin v27.4 - https:\/\/yoast.com\/product\/yoast-seo-wordpress\/ -->\n<title>Insert \u00e9lectrique Aflamo LED 60 Classic - aflamo.shop - revendeur aflamo certifi\u00e9<\/title>\n<meta name=\"description\" content=\"L&#039;insert de chemin\u00e9e \u00e9lectrique LED Aflamo LED Classic est une combinaison d&#039;\u00e9l\u00e9gance, de fonctionnalit\u00e9 et de s\u00e9curit\u00e9 dans votre maison.\" \/>\n<meta name=\"robots\" content=\"index, follow, max-snippet:-1, max-image-preview:large, max-video-preview:-1\" \/>\n<link rel=\"canonical\" href=\"https:\/\/aflamo.shop\/fr\/p\/insert-electrique-aflamo-led-60-classic\/\" \/>\n<meta property=\"og:locale\" content=\"fr_FR\" \/>\n<meta property=\"og:type\" content=\"article\" \/>\n<meta property=\"og:title\" content=\"Insert \u00e9lectrique Aflamo LED 60 Classic - aflamo.shop - revendeur aflamo certifi\u00e9\" \/>\n<meta property=\"og:description\" content=\"L&#039;insert de chemin\u00e9e \u00e9lectrique LED Aflamo LED Classic est une combinaison d&#039;\u00e9l\u00e9gance, de fonctionnalit\u00e9 et de s\u00e9curit\u00e9 dans votre maison.\" \/>\n<meta property=\"og:url\" content=\"https:\/\/aflamo.shop\/fr\/p\/insert-electrique-aflamo-led-60-classic\/\" \/>\n<meta property=\"og:site_name\" content=\"aflamo.shop - revendeur aflamo certifi\u00e9\" \/>\n<meta property=\"article:modified_time\" content=\"2026-04-20T09:21:55+00:00\" \/>\n<meta property=\"og:image\" content=\"https:\/\/aflamo.shop\/wp-content\/uploads\/2023\/05\/aflamo-led-60_sq.jpg\" \/>\n\t<meta property=\"og:image:width\" content=\"2248\" \/>\n\t<meta property=\"og:image:height\" content=\"2248\" \/>\n\t<meta property=\"og:image:type\" content=\"image\/jpeg\" \/>\n<meta name=\"twitter:card\" content=\"summary_large_image\" \/>\n<meta name=\"twitter:label1\" content=\"Dur\u00e9e de lecture estim\u00e9e\" \/>\n\t<meta name=\"twitter:data1\" content=\"5 minutes\" \/>\n<script type=\"application\/ld+json\" class=\"yoast-schema-graph\">{\"@context\":\"https:\\\/\\\/schema.org\",\"@graph\":[{\"@type\":\"WebPage\",\"@id\":\"https:\\\/\\\/aflamo.shop\\\/fr\\\/p\\\/insert-electrique-aflamo-led-60-classic\\\/\",\"url\":\"https:\\\/\\\/aflamo.shop\\\/fr\\\/p\\\/insert-electrique-aflamo-led-60-classic\\\/\",\"name\":\"Insert \u00e9lectrique Aflamo LED 60 Classic - aflamo.shop - revendeur aflamo certifi\u00e9\",\"isPartOf\":{\"@id\":\"https:\\\/\\\/aflamo.shop\\\/fr\\\/#website\"},\"primaryImageOfPage\":{\"@id\":\"https:\\\/\\\/aflamo.shop\\\/fr\\\/p\\\/insert-electrique-aflamo-led-60-classic\\\/#primaryimage\"},\"image\":{\"@id\":\"https:\\\/\\\/aflamo.shop\\\/fr\\\/p\\\/insert-electrique-aflamo-led-60-classic\\\/#primaryimage\"},\"thumbnailUrl\":\"https:\\\/\\\/aflamo.shop\\\/wp-content\\\/uploads\\\/2023\\\/05\\\/aflamo-led-60_sq.jpg\",\"datePublished\":\"2023-05-29T09:02:06+00:00\",\"dateModified\":\"2026-04-20T09:21:55+00:00\",\"description\":\"L'insert de chemin\u00e9e \u00e9lectrique LED Aflamo LED Classic est une combinaison d'\u00e9l\u00e9gance, de fonctionnalit\u00e9 et de s\u00e9curit\u00e9 dans votre maison.\",\"breadcrumb\":{\"@id\":\"https:\\\/\\\/aflamo.shop\\\/fr\\\/p\\\/insert-electrique-aflamo-led-60-classic\\\/#breadcrumb\"},\"inLanguage\":\"fr-FR\",\"potentialAction\":[{\"@type\":\"ReadAction\",\"target\":[\"https:\\\/\\\/aflamo.shop\\\/fr\\\/p\\\/insert-electrique-aflamo-led-60-classic\\\/\"]}]},{\"@type\":\"ImageObject\",\"inLanguage\":\"fr-FR\",\"@id\":\"https:\\\/\\\/aflamo.shop\\\/fr\\\/p\\\/insert-electrique-aflamo-led-60-classic\\\/#primaryimage\",\"url\":\"https:\\\/\\\/aflamo.shop\\\/wp-content\\\/uploads\\\/2023\\\/05\\\/aflamo-led-60_sq.jpg\",\"contentUrl\":\"https:\\\/\\\/aflamo.shop\\\/wp-content\\\/uploads\\\/2023\\\/05\\\/aflamo-led-60_sq.jpg\",\"width\":2248,\"height\":2248},{\"@type\":\"BreadcrumbList\",\"@id\":\"https:\\\/\\\/aflamo.shop\\\/fr\\\/p\\\/insert-electrique-aflamo-led-60-classic\\\/#breadcrumb\",\"itemListElement\":[{\"@type\":\"ListItem\",\"position\":1,\"name\":\"Page d'accueil\",\"item\":\"https:\\\/\\\/aflamo.shop\\\/fr\\\/\"},{\"@type\":\"ListItem\",\"position\":2,\"name\":\"Boutique\",\"item\":\"https:\\\/\\\/aflamo.shop\\\/boutique\\\/\"},{\"@type\":\"ListItem\",\"position\":3,\"name\":\"Chemin\u00e9es \u00e9lectriques\",\"item\":\"https:\\\/\\\/aflamo.shop\\\/fr\\\/s\\\/cheminees-electriques-fr\\\/\"},{\"@type\":\"ListItem\",\"position\":4,\"name\":\"Insert \u00e9lectrique Aflamo LED 60 Classic\"}]},{\"@type\":\"WebSite\",\"@id\":\"https:\\\/\\\/aflamo.shop\\\/fr\\\/#website\",\"url\":\"https:\\\/\\\/aflamo.shop\\\/fr\\\/\",\"name\":\"aflamo.shop - revendeur aflamo certifi\u00e9\",\"description\":\"Kominki elektryczne Aflamo i Emotion Flame z funkcj\u0105 grzania\",\"publisher\":{\"@id\":\"https:\\\/\\\/aflamo.shop\\\/fr\\\/#organization\"},\"potentialAction\":[{\"@type\":\"SearchAction\",\"target\":{\"@type\":\"EntryPoint\",\"urlTemplate\":\"https:\\\/\\\/aflamo.shop\\\/fr\\\/?s={search_term_string}\"},\"query-input\":{\"@type\":\"PropertyValueSpecification\",\"valueRequired\":true,\"valueName\":\"search_term_string\"}}],\"inLanguage\":\"fr-FR\"},{\"@type\":\"Organization\",\"@id\":\"https:\\\/\\\/aflamo.shop\\\/fr\\\/#organization\",\"name\":\"aflamo.shop - revendeur aflamo certifi\u00e9\",\"url\":\"https:\\\/\\\/aflamo.shop\\\/fr\\\/\",\"logo\":{\"@type\":\"ImageObject\",\"inLanguage\":\"fr-FR\",\"@id\":\"https:\\\/\\\/aflamo.shop\\\/fr\\\/#\\\/schema\\\/logo\\\/image\\\/\",\"url\":\"https:\\\/\\\/aflamo.shop\\\/wp-content\\\/uploads\\\/2019\\\/10\\\/logo2.1-1-1.svg\",\"contentUrl\":\"https:\\\/\\\/aflamo.shop\\\/wp-content\\\/uploads\\\/2019\\\/10\\\/logo2.1-1-1.svg\",\"caption\":\"aflamo.shop - revendeur aflamo certifi\u00e9\"},\"image\":{\"@id\":\"https:\\\/\\\/aflamo.shop\\\/fr\\\/#\\\/schema\\\/logo\\\/image\\\/\"}}]}<\/script>\n<!-- \/ Yoast SEO plugin. -->","yoast_head_json":{"title":"Insert \u00e9lectrique Aflamo LED 60 Classic - aflamo.shop - revendeur aflamo certifi\u00e9","description":"L'insert de chemin\u00e9e \u00e9lectrique LED Aflamo LED Classic est une combinaison d'\u00e9l\u00e9gance, de fonctionnalit\u00e9 et de s\u00e9curit\u00e9 dans votre maison.","robots":{"index":"index","follow":"follow","max-snippet":"max-snippet:-1","max-image-preview":"max-image-preview:large","max-video-preview":"max-video-preview:-1"},"canonical":"https:\/\/aflamo.shop\/fr\/p\/insert-electrique-aflamo-led-60-classic\/","og_locale":"fr_FR","og_type":"article","og_title":"Insert \u00e9lectrique Aflamo LED 60 Classic - aflamo.shop - revendeur aflamo certifi\u00e9","og_description":"L'insert de chemin\u00e9e \u00e9lectrique LED Aflamo LED Classic est une combinaison d'\u00e9l\u00e9gance, de fonctionnalit\u00e9 et de s\u00e9curit\u00e9 dans votre maison.","og_url":"https:\/\/aflamo.shop\/fr\/p\/insert-electrique-aflamo-led-60-classic\/","og_site_name":"aflamo.shop - revendeur aflamo certifi\u00e9","article_modified_time":"2026-04-20T09:21:55+00:00","og_image":[{"width":2248,"height":2248,"url":"https:\/\/aflamo.shop\/wp-content\/uploads\/2023\/05\/aflamo-led-60_sq.jpg","type":"image\/jpeg"}],"twitter_card":"summary_large_image","twitter_misc":{"Dur\u00e9e de lecture estim\u00e9e":"5 minutes"},"schema":{"@context":"https:\/\/schema.org","@graph":[{"@type":"WebPage","@id":"https:\/\/aflamo.shop\/fr\/p\/insert-electrique-aflamo-led-60-classic\/","url":"https:\/\/aflamo.shop\/fr\/p\/insert-electrique-aflamo-led-60-classic\/","name":"Insert \u00e9lectrique Aflamo LED 60 Classic - aflamo.shop - revendeur aflamo certifi\u00e9","isPartOf":{"@id":"https:\/\/aflamo.shop\/fr\/#website"},"primaryImageOfPage":{"@id":"https:\/\/aflamo.shop\/fr\/p\/insert-electrique-aflamo-led-60-classic\/#primaryimage"},"image":{"@id":"https:\/\/aflamo.shop\/fr\/p\/insert-electrique-aflamo-led-60-classic\/#primaryimage"},"thumbnailUrl":"https:\/\/aflamo.shop\/wp-content\/uploads\/2023\/05\/aflamo-led-60_sq.jpg","datePublished":"2023-05-29T09:02:06+00:00","dateModified":"2026-04-20T09:21:55+00:00","description":"L'insert de chemin\u00e9e \u00e9lectrique LED Aflamo LED Classic est une combinaison d'\u00e9l\u00e9gance, de fonctionnalit\u00e9 et de s\u00e9curit\u00e9 dans votre maison.","breadcrumb":{"@id":"https:\/\/aflamo.shop\/fr\/p\/insert-electrique-aflamo-led-60-classic\/#breadcrumb"},"inLanguage":"fr-FR","potentialAction":[{"@type":"ReadAction","target":["https:\/\/aflamo.shop\/fr\/p\/insert-electrique-aflamo-led-60-classic\/"]}]},{"@type":"ImageObject","inLanguage":"fr-FR","@id":"https:\/\/aflamo.shop\/fr\/p\/insert-electrique-aflamo-led-60-classic\/#primaryimage","url":"https:\/\/aflamo.shop\/wp-content\/uploads\/2023\/05\/aflamo-led-60_sq.jpg","contentUrl":"https:\/\/aflamo.shop\/wp-content\/uploads\/2023\/05\/aflamo-led-60_sq.jpg","width":2248,"height":2248},{"@type":"BreadcrumbList","@id":"https:\/\/aflamo.shop\/fr\/p\/insert-electrique-aflamo-led-60-classic\/#breadcrumb","itemListElement":[{"@type":"ListItem","position":1,"name":"Page d'accueil","item":"https:\/\/aflamo.shop\/fr\/"},{"@type":"ListItem","position":2,"name":"Boutique","item":"https:\/\/aflamo.shop\/boutique\/"},{"@type":"ListItem","position":3,"name":"Chemin\u00e9es \u00e9lectriques","item":"https:\/\/aflamo.shop\/fr\/s\/cheminees-electriques-fr\/"},{"@type":"ListItem","position":4,"name":"Insert \u00e9lectrique Aflamo LED 60 Classic"}]},{"@type":"WebSite","@id":"https:\/\/aflamo.shop\/fr\/#website","url":"https:\/\/aflamo.shop\/fr\/","name":"aflamo.shop - revendeur aflamo certifi\u00e9","description":"Kominki elektryczne Aflamo i Emotion Flame z funkcj\u0105 grzania","publisher":{"@id":"https:\/\/aflamo.shop\/fr\/#organization"},"potentialAction":[{"@type":"SearchAction","target":{"@type":"EntryPoint","urlTemplate":"https:\/\/aflamo.shop\/fr\/?s={search_term_string}"},"query-input":{"@type":"PropertyValueSpecification","valueRequired":true,"valueName":"search_term_string"}}],"inLanguage":"fr-FR"},{"@type":"Organization","@id":"https:\/\/aflamo.shop\/fr\/#organization","name":"aflamo.shop - revendeur aflamo certifi\u00e9","url":"https:\/\/aflamo.shop\/fr\/","logo":{"@type":"ImageObject","inLanguage":"fr-FR","@id":"https:\/\/aflamo.shop\/fr\/#\/schema\/logo\/image\/","url":"https:\/\/aflamo.shop\/wp-content\/uploads\/2019\/10\/logo2.1-1-1.svg","contentUrl":"https:\/\/aflamo.shop\/wp-content\/uploads\/2019\/10\/logo2.1-1-1.svg","caption":"aflamo.shop - revendeur aflamo certifi\u00e9"},"image":{"@id":"https:\/\/aflamo.shop\/fr\/#\/schema\/logo\/image\/"}}]}},"_links":{"self":[{"href":"https:\/\/aflamo.shop\/fr\/wp-json\/wp\/v2\/product\/16257","targetHints":{"allow":["GET"]}}],"collection":[{"href":"https:\/\/aflamo.shop\/fr\/wp-json\/wp\/v2\/product"}],"about":[{"href":"https:\/\/aflamo.shop\/fr\/wp-json\/wp\/v2\/types\/product"}],"replies":[{"embeddable":true,"href":"https:\/\/aflamo.shop\/fr\/wp-json\/wp\/v2\/comments?post=16257"}],"wp:featuredmedia":[{"embeddable":true,"href":"https:\/\/aflamo.shop\/fr\/wp-json\/wp\/v2\/media\/5924"}],"wp:attachment":[{"href":"https:\/\/aflamo.shop\/fr\/wp-json\/wp\/v2\/media?parent=16257"}],"wp:term":[{"taxonomy":"product_brand","embeddable":true,"href":"https:\/\/aflamo.shop\/fr\/wp-json\/wp\/v2\/product_brand?post=16257"},{"taxonomy":"product_cat","embeddable":true,"href":"https:\/\/aflamo.shop\/fr\/wp-json\/wp\/v2\/product_cat?post=16257"},{"taxonomy":"product_tag","embeddable":true,"href":"https:\/\/aflamo.shop\/fr\/wp-json\/wp\/v2\/product_tag?post=16257"}],"curies":[{"name":"wp","href":"https:\/\/api.w.org\/{rel}","templated":true}]}}