{"id":16236,"date":"2023-05-30T12:14:00","date_gmt":"2023-05-30T12:14:00","guid":{"rendered":"https:\/\/aflamo.shop\/p\/cheminee-led-autoportante-aflamo-cortez\/"},"modified":"2026-04-17T12:57:18","modified_gmt":"2026-04-17T12:57:18","slug":"cheminee-led-autoportante-aflamo-cortez","status":"publish","type":"product","link":"https:\/\/aflamo.shop\/fr\/p\/cheminee-led-autoportante-aflamo-cortez\/","title":{"rendered":"Chemin\u00e9e LED autoportante Aflamo Cortez"},"content":{"rendered":"<p><iframe title=\"Lecteur vid\u00e9o YouTube\" src=\"https:\/\/www.youtube.com\/embed\/LqfeKG3FuJk\" width=\"560\" height=\"315\" frameborder=\"0\" allowfullscreen=\"allowfullscreen\"><\/iframe><\/p>\n<h3><\/h3>\n<h3><strong>Caract\u00e9ristiques de la chemin\u00e9e<img fetchpriority=\"high\" decoding=\"async\" class=\"alignright wp-image-6887 \" src=\"https:\/\/aflamo.shop\/wp-content\/uploads\/2023\/05\/cortez-1-264x300.jpg\" alt=\"\" width=\"348\" height=\"395\" srcset=\"https:\/\/aflamo.shop\/wp-content\/uploads\/2023\/05\/cortez-1-264x300.jpg 264w, https:\/\/aflamo.shop\/wp-content\/uploads\/2023\/05\/cortez-1-600x683.jpg 600w, https:\/\/aflamo.shop\/wp-content\/uploads\/2023\/05\/cortez-1-900x1024.jpg 900w, https:\/\/aflamo.shop\/wp-content\/uploads\/2023\/05\/cortez-1-768x874.jpg 768w, https:\/\/aflamo.shop\/wp-content\/uploads\/2023\/05\/cortez-1-1349x1536.jpg 1349w, https:\/\/aflamo.shop\/wp-content\/uploads\/2023\/05\/cortez-1.jpg 1799w\" sizes=\"(max-width: 348px) 100vw, 348px\" \/><br \/>\n<\/strong><\/h3>\n<p>&nbsp;<\/p>\n<ul>\n<li>Chemin\u00e9e, po\u00eale autoportant<\/li>\n<li>Bo\u00eetier en acier noir<\/li>\n<\/ul>\n<h3><\/h3>\n<p>&nbsp;<\/p>\n<h3><\/h3>\n<p>&nbsp;<\/p>\n<h3><strong>Chauffage<\/strong><\/h3>\n<p>&nbsp;<\/p>\n<p>Le chauffage ind\u00e9pendant de la flamme vous permet d&rsquo;utiliser la chemin\u00e9e tout au long de l&rsquo;ann\u00e9e, m\u00eame par temps chaud.<br \/>\nVous pouvez allumer ou \u00e9teindre le chauffage \u00e0 tout moment.<\/p>\n<p>&nbsp;<\/p>\n<ul>\n<li>2 niveaux de puissance de chauffage : 750W \/ 1600W<\/li>\n<li>Protection contre la surchauffe<\/li>\n<\/ul>\n<h3><\/h3>\n<h3><\/h3>\n<div class=\"col-12 col-md-6 cecha-col naprzemienne-txt naprzemienne-opis\">\n<h6><strong>Contr\u00f4le<\/strong><br \/>\nContr\u00f4le via les boutons sur la chemin\u00e9e :<\/h6>\n<ul>\n<li>Allumer\/\u00e9teindre la chemin\u00e9e<\/li>\n<li>Allumer\/\u00e9teindre le chauffage<\/li>\n<li>S\u00e9lection du niveau de puissance de chauffage<\/li>\n<\/ul>\n<\/div>\n<h3><\/h3>\n<h3><\/h3>\n<p>&nbsp;<\/p>\n<h3><strong>Donn\u00e9es techniques<\/strong><\/h3>\n<p>&nbsp;<\/p>\n<table width=\"548\" cellspacing=\"0\" cellpadding=\"2\">\n<tbody>\n<tr>\n<td width=\"216\">Effet de flamme<\/td>\n<td width=\"324\">LED<\/td>\n<\/tr>\n<tr>\n<td width=\"216\">Application mobile<\/td>\n<td width=\"324\">pas<\/td>\n<\/tr>\n<tr>\n<td width=\"216\">T\u00e9l\u00e9commande<\/td>\n<td width=\"324\">NON<\/td>\n<\/tr>\n<tr>\n<td width=\"216\">Couleur\/Finition<\/td>\n<td width=\"324\">noir<\/td>\n<\/tr>\n<tr>\n<td width=\"216\">Minuteur<\/td>\n<td width=\"324\">non<\/td>\n<\/tr>\n<tr>\n<td width=\"216\">Programmateur hebdomadaire<\/td>\n<td width=\"324\">non<\/td>\n<\/tr>\n<tr>\n<td width=\"216\">Fonction de chauffage<\/td>\n<td width=\"324\">oui<\/td>\n<\/tr>\n<tr>\n<td width=\"216\">Flamme ind\u00e9pendante de la fonction de chauffage<\/td>\n<td width=\"324\">oui<\/td>\n<\/tr>\n<tr>\n<td width=\"216\">Puissance de chauffage<\/td>\n<td width=\"324\">750 \/ 1600 W<\/td>\n<\/tr>\n<tr>\n<td width=\"216\">Contr\u00f4le de la temp\u00e9rature<\/td>\n<td width=\"324\">&#8211;<\/td>\n<\/tr>\n<tr>\n<td width=\"216\">Protection contre la surchauffe<\/td>\n<td width=\"324\">&#8211;<\/td>\n<\/tr>\n<tr>\n<td width=\"216\">Thermostat\n<\/td>\n<td width=\"324\">&#8211;<\/td>\n<\/tr>\n<tr>\n<td width=\"216\">Flamme<\/p>\n<p>foyer<\/td>\n<td width=\"324\">1 flamme couleur orange<\/p>\n<p>Glade<\/td>\n<\/tr>\n<tr>\n<td width=\"216\">Garantie<\/td>\n<td width=\"324\">2 ans<\/td>\n<\/tr>\n<tr>\n<td width=\"216\">Longueur du c\u00e2ble d&rsquo;alimentation<\/td>\n<td width=\"324\">1,8 m<\/td>\n<\/tr>\n<tr>\n<td width=\"216\">Tension d&rsquo;alimentation<\/td>\n<td width=\"324\">220 V<\/td>\n<\/tr>\n<\/tbody>\n<\/table>\n<p>&nbsp;<\/p>\n<div class=\"flex flex-grow flex-col gap-3\">\n<div class=\"min-h-[20px] flex flex-col items-start gap-3 overflow-x-auto whitespace-pre-wrap break-words\">\n<div class=\"markdown prose w-full break-words dark:prose-invert light\">\n<p>Le foyer \u00e9lectrique LED autonome appel\u00e9 Cortez est une combinaison captivante d&rsquo;\u00e9l\u00e9gance, d&rsquo;innovation et de fonctionnalit\u00e9 qui donne \u00e0 l&rsquo;int\u00e9rieur un caract\u00e8re et un charme uniques. Son bo\u00eetier en acier noir fournit non seulement une base durable pour les \u00e9l\u00e9ments technologiques, mais ajoute \u00e9galement de la profondeur et du contraste \u00e0 l&rsquo;agencement. <\/p>\n<p>Le foyer Cortez est dot\u00e9 d&rsquo;un syst\u00e8me LED avanc\u00e9 qui cr\u00e9e des effets de flamme r\u00e9alistes. L&rsquo;ind\u00e9pendance de la flamme par rapport \u00e0 la fonction chauffage permet d&rsquo;utiliser le foyer toute l&rsquo;ann\u00e9e, quelle que soit la temp\u00e9rature ext\u00e9rieure. M\u00eame lors des journ\u00e9es chaudes, vous pouvez profiter de la beaut\u00e9 d&rsquo;un feu br\u00fblant qui cr\u00e9e une atmosph\u00e8re magique sans augmenter la temp\u00e9rature de la pi\u00e8ce.  <\/p>\n<p>Son design exprime une \u00e9l\u00e9gance minimaliste et le bo\u00eetier en acier noir lui conf\u00e8re un look sophistiqu\u00e9. Cortez devient le point central de tout int\u00e9rieur, attirant le regard par son charme et son impression extraordinaire. C&rsquo;est plus qu&rsquo;une simple chemin\u00e9e &#8211; c&rsquo;est un \u00e9l\u00e9ment artistique qui donne \u00e0 l&rsquo;espace du caract\u00e8re et une esth\u00e9tique profonde.  <\/p>\n<p>Avec une flamme ind\u00e9pendante du chauffage, Cortez vous permet de profiter du charme d&rsquo;une chemin\u00e9e sans avoir \u00e0 utiliser la fonction chauffage. Cela vous permet d&rsquo;adapter l&rsquo;atmosph\u00e8re de la pi\u00e8ce \u00e0 vos propres pr\u00e9f\u00e9rences et besoins, ce qui en fait un ajout polyvalent aux int\u00e9rieurs aussi bien par temps froid que chaud. <\/p>\n<p>En r\u00e9sum\u00e9, la chemin\u00e9e \u00e9lectrique LED Cortez est une combinaison d\u2019esth\u00e9tique, de technologie et de fonctionnalit\u00e9. Son bo\u00eetier en acier noir cr\u00e9e un contraste avec l&rsquo;effet de flamme r\u00e9aliste, et la flamme ind\u00e9pendante du chauffage vous permet d&rsquo;utiliser la chemin\u00e9e toute l&rsquo;ann\u00e9e. Ce n\u2019est pas seulement un appareil, mais aussi une source de magie et de chaleur qui attire l\u2019attention et cr\u00e9e une atmosph\u00e8re unique dans chaque int\u00e9rieur.  <\/p>\n<\/div>\n<\/div>\n<\/div>\n<ul><strong><\/p>\n<p><a href=\"https:\/\/aflamo.shop\/wp-content\/uploads\/2023\/05\/Cortez_EN-PL.pdf\">Instructions d&rsquo;utilisation et de s\u00e9curit\u00e9<\/a><\/p>\n<p><\/strong><\/ul>\n<p>&nbsp;<\/p>\n<h6><strong>Dessin technique<\/strong><\/h6>\n<p>&nbsp;<\/p>\n<p><img decoding=\"async\" class=\"alignright wp-image-6893 size-full\" src=\"https:\/\/aflamo.shop\/wp-content\/uploads\/2023\/05\/Cortez.png\" alt=\"\" width=\"1700\" height=\"1589\" srcset=\"https:\/\/aflamo.shop\/wp-content\/uploads\/2023\/05\/Cortez.png 1700w, https:\/\/aflamo.shop\/wp-content\/uploads\/2023\/05\/Cortez-600x561.png 600w, https:\/\/aflamo.shop\/wp-content\/uploads\/2023\/05\/Cortez-300x280.png 300w, https:\/\/aflamo.shop\/wp-content\/uploads\/2023\/05\/Cortez-1024x957.png 1024w, https:\/\/aflamo.shop\/wp-content\/uploads\/2023\/05\/Cortez-768x718.png 768w, https:\/\/aflamo.shop\/wp-content\/uploads\/2023\/05\/Cortez-1536x1436.png 1536w\" sizes=\"(max-width: 1700px) 100vw, 1700px\" \/><\/p>\n<p>&nbsp;<\/p>\n<p>&nbsp;<\/p>\n","protected":false},"excerpt":{"rendered":"<p>Fabricant : Aflamo<\/p>\n<p>Dimensions : 56 x 52 x 22 cm<\/p>\n","protected":false},"featured_media":22391,"comment_status":"open","ping_status":"closed","template":"","meta":[],"product_brand":[],"product_cat":[770,827,170],"product_tag":[],"class_list":{"0":"post-16236","1":"product","2":"type-product","3":"status-publish","4":"has-post-thumbnail","6":"product_cat-aflamo-fr","7":"product_cat-cheminees-autoportantes-a-led","8":"product_cat-cheminees-electriques-fr","10":"first","11":"instock","12":"shipping-taxable","13":"purchasable","14":"product-type-simple"},"yoast_head":"<!-- This site is optimized with the Yoast SEO plugin v27.4 - https:\/\/yoast.com\/product\/yoast-seo-wordpress\/ -->\n<title>Chemin\u00e9e LED autoportante Aflamo Cortez - aflamo.shop - revendeur aflamo certifi\u00e9<\/title>\n<meta name=\"robots\" content=\"index, follow, max-snippet:-1, max-image-preview:large, max-video-preview:-1\" \/>\n<link rel=\"canonical\" href=\"https:\/\/aflamo.shop\/fr\/p\/cheminee-led-autoportante-aflamo-cortez\/\" \/>\n<meta property=\"og:locale\" content=\"fr_FR\" \/>\n<meta property=\"og:type\" content=\"article\" \/>\n<meta property=\"og:title\" content=\"Chemin\u00e9e LED autoportante Aflamo Cortez - aflamo.shop - revendeur aflamo certifi\u00e9\" \/>\n<meta property=\"og:description\" content=\"Fabricant : Aflamo Dimensions : 56 x 52 x 22 cm\" \/>\n<meta property=\"og:url\" content=\"https:\/\/aflamo.shop\/fr\/p\/cheminee-led-autoportante-aflamo-cortez\/\" \/>\n<meta property=\"og:site_name\" content=\"aflamo.shop - revendeur aflamo certifi\u00e9\" \/>\n<meta property=\"article:modified_time\" content=\"2026-04-17T12:57:18+00:00\" \/>\n<meta property=\"og:image\" content=\"https:\/\/aflamo.shop\/wp-content\/uploads\/2023\/05\/Projekt-bez-nazwy69-1024x1024.png\" \/>\n\t<meta property=\"og:image:width\" content=\"1024\" \/>\n\t<meta property=\"og:image:height\" content=\"1024\" \/>\n\t<meta property=\"og:image:type\" content=\"image\/png\" \/>\n<meta name=\"twitter:card\" content=\"summary_large_image\" \/>\n<meta name=\"twitter:label1\" content=\"Dur\u00e9e de lecture estim\u00e9e\" \/>\n\t<meta name=\"twitter:data1\" content=\"4 minutes\" \/>\n<script type=\"application\/ld+json\" class=\"yoast-schema-graph\">{\"@context\":\"https:\\\/\\\/schema.org\",\"@graph\":[{\"@type\":\"WebPage\",\"@id\":\"https:\\\/\\\/aflamo.shop\\\/fr\\\/p\\\/cheminee-led-autoportante-aflamo-cortez\\\/\",\"url\":\"https:\\\/\\\/aflamo.shop\\\/fr\\\/p\\\/cheminee-led-autoportante-aflamo-cortez\\\/\",\"name\":\"Chemin\u00e9e LED autoportante Aflamo Cortez - aflamo.shop - revendeur aflamo certifi\u00e9\",\"isPartOf\":{\"@id\":\"https:\\\/\\\/aflamo.shop\\\/fr\\\/#website\"},\"primaryImageOfPage\":{\"@id\":\"https:\\\/\\\/aflamo.shop\\\/fr\\\/p\\\/cheminee-led-autoportante-aflamo-cortez\\\/#primaryimage\"},\"image\":{\"@id\":\"https:\\\/\\\/aflamo.shop\\\/fr\\\/p\\\/cheminee-led-autoportante-aflamo-cortez\\\/#primaryimage\"},\"thumbnailUrl\":\"https:\\\/\\\/aflamo.shop\\\/wp-content\\\/uploads\\\/2023\\\/05\\\/Projekt-bez-nazwy69.png\",\"datePublished\":\"2023-05-30T12:14:00+00:00\",\"dateModified\":\"2026-04-17T12:57:18+00:00\",\"breadcrumb\":{\"@id\":\"https:\\\/\\\/aflamo.shop\\\/fr\\\/p\\\/cheminee-led-autoportante-aflamo-cortez\\\/#breadcrumb\"},\"inLanguage\":\"fr-FR\",\"potentialAction\":[{\"@type\":\"ReadAction\",\"target\":[\"https:\\\/\\\/aflamo.shop\\\/fr\\\/p\\\/cheminee-led-autoportante-aflamo-cortez\\\/\"]}]},{\"@type\":\"ImageObject\",\"inLanguage\":\"fr-FR\",\"@id\":\"https:\\\/\\\/aflamo.shop\\\/fr\\\/p\\\/cheminee-led-autoportante-aflamo-cortez\\\/#primaryimage\",\"url\":\"https:\\\/\\\/aflamo.shop\\\/wp-content\\\/uploads\\\/2023\\\/05\\\/Projekt-bez-nazwy69.png\",\"contentUrl\":\"https:\\\/\\\/aflamo.shop\\\/wp-content\\\/uploads\\\/2023\\\/05\\\/Projekt-bez-nazwy69.png\",\"width\":2048,\"height\":2048},{\"@type\":\"BreadcrumbList\",\"@id\":\"https:\\\/\\\/aflamo.shop\\\/fr\\\/p\\\/cheminee-led-autoportante-aflamo-cortez\\\/#breadcrumb\",\"itemListElement\":[{\"@type\":\"ListItem\",\"position\":1,\"name\":\"Page d'accueil\",\"item\":\"https:\\\/\\\/aflamo.shop\\\/fr\\\/\"},{\"@type\":\"ListItem\",\"position\":2,\"name\":\"Boutique\",\"item\":\"https:\\\/\\\/aflamo.shop\\\/boutique\\\/\"},{\"@type\":\"ListItem\",\"position\":3,\"name\":\"Chemin\u00e9es \u00e9lectriques\",\"item\":\"https:\\\/\\\/aflamo.shop\\\/fr\\\/s\\\/cheminees-electriques-fr\\\/\"},{\"@type\":\"ListItem\",\"position\":4,\"name\":\"Chemin\u00e9e LED autoportante Aflamo Cortez\"}]},{\"@type\":\"WebSite\",\"@id\":\"https:\\\/\\\/aflamo.shop\\\/fr\\\/#website\",\"url\":\"https:\\\/\\\/aflamo.shop\\\/fr\\\/\",\"name\":\"aflamo.shop - revendeur aflamo certifi\u00e9\",\"description\":\"Kominki elektryczne Aflamo i Emotion Flame z funkcj\u0105 grzania\",\"publisher\":{\"@id\":\"https:\\\/\\\/aflamo.shop\\\/fr\\\/#organization\"},\"potentialAction\":[{\"@type\":\"SearchAction\",\"target\":{\"@type\":\"EntryPoint\",\"urlTemplate\":\"https:\\\/\\\/aflamo.shop\\\/fr\\\/?s={search_term_string}\"},\"query-input\":{\"@type\":\"PropertyValueSpecification\",\"valueRequired\":true,\"valueName\":\"search_term_string\"}}],\"inLanguage\":\"fr-FR\"},{\"@type\":\"Organization\",\"@id\":\"https:\\\/\\\/aflamo.shop\\\/fr\\\/#organization\",\"name\":\"aflamo.shop - revendeur aflamo certifi\u00e9\",\"url\":\"https:\\\/\\\/aflamo.shop\\\/fr\\\/\",\"logo\":{\"@type\":\"ImageObject\",\"inLanguage\":\"fr-FR\",\"@id\":\"https:\\\/\\\/aflamo.shop\\\/fr\\\/#\\\/schema\\\/logo\\\/image\\\/\",\"url\":\"https:\\\/\\\/aflamo.shop\\\/wp-content\\\/uploads\\\/2019\\\/10\\\/logo2.1-1-1.svg\",\"contentUrl\":\"https:\\\/\\\/aflamo.shop\\\/wp-content\\\/uploads\\\/2019\\\/10\\\/logo2.1-1-1.svg\",\"caption\":\"aflamo.shop - revendeur aflamo certifi\u00e9\"},\"image\":{\"@id\":\"https:\\\/\\\/aflamo.shop\\\/fr\\\/#\\\/schema\\\/logo\\\/image\\\/\"}}]}<\/script>\n<!-- \/ Yoast SEO plugin. -->","yoast_head_json":{"title":"Chemin\u00e9e LED autoportante Aflamo Cortez - aflamo.shop - revendeur aflamo certifi\u00e9","robots":{"index":"index","follow":"follow","max-snippet":"max-snippet:-1","max-image-preview":"max-image-preview:large","max-video-preview":"max-video-preview:-1"},"canonical":"https:\/\/aflamo.shop\/fr\/p\/cheminee-led-autoportante-aflamo-cortez\/","og_locale":"fr_FR","og_type":"article","og_title":"Chemin\u00e9e LED autoportante Aflamo Cortez - aflamo.shop - revendeur aflamo certifi\u00e9","og_description":"Fabricant : Aflamo Dimensions : 56 x 52 x 22 cm","og_url":"https:\/\/aflamo.shop\/fr\/p\/cheminee-led-autoportante-aflamo-cortez\/","og_site_name":"aflamo.shop - revendeur aflamo certifi\u00e9","article_modified_time":"2026-04-17T12:57:18+00:00","og_image":[{"width":1024,"height":1024,"url":"https:\/\/aflamo.shop\/wp-content\/uploads\/2023\/05\/Projekt-bez-nazwy69-1024x1024.png","type":"image\/png"}],"twitter_card":"summary_large_image","twitter_misc":{"Dur\u00e9e de lecture estim\u00e9e":"4 minutes"},"schema":{"@context":"https:\/\/schema.org","@graph":[{"@type":"WebPage","@id":"https:\/\/aflamo.shop\/fr\/p\/cheminee-led-autoportante-aflamo-cortez\/","url":"https:\/\/aflamo.shop\/fr\/p\/cheminee-led-autoportante-aflamo-cortez\/","name":"Chemin\u00e9e LED autoportante Aflamo Cortez - aflamo.shop - revendeur aflamo certifi\u00e9","isPartOf":{"@id":"https:\/\/aflamo.shop\/fr\/#website"},"primaryImageOfPage":{"@id":"https:\/\/aflamo.shop\/fr\/p\/cheminee-led-autoportante-aflamo-cortez\/#primaryimage"},"image":{"@id":"https:\/\/aflamo.shop\/fr\/p\/cheminee-led-autoportante-aflamo-cortez\/#primaryimage"},"thumbnailUrl":"https:\/\/aflamo.shop\/wp-content\/uploads\/2023\/05\/Projekt-bez-nazwy69.png","datePublished":"2023-05-30T12:14:00+00:00","dateModified":"2026-04-17T12:57:18+00:00","breadcrumb":{"@id":"https:\/\/aflamo.shop\/fr\/p\/cheminee-led-autoportante-aflamo-cortez\/#breadcrumb"},"inLanguage":"fr-FR","potentialAction":[{"@type":"ReadAction","target":["https:\/\/aflamo.shop\/fr\/p\/cheminee-led-autoportante-aflamo-cortez\/"]}]},{"@type":"ImageObject","inLanguage":"fr-FR","@id":"https:\/\/aflamo.shop\/fr\/p\/cheminee-led-autoportante-aflamo-cortez\/#primaryimage","url":"https:\/\/aflamo.shop\/wp-content\/uploads\/2023\/05\/Projekt-bez-nazwy69.png","contentUrl":"https:\/\/aflamo.shop\/wp-content\/uploads\/2023\/05\/Projekt-bez-nazwy69.png","width":2048,"height":2048},{"@type":"BreadcrumbList","@id":"https:\/\/aflamo.shop\/fr\/p\/cheminee-led-autoportante-aflamo-cortez\/#breadcrumb","itemListElement":[{"@type":"ListItem","position":1,"name":"Page d'accueil","item":"https:\/\/aflamo.shop\/fr\/"},{"@type":"ListItem","position":2,"name":"Boutique","item":"https:\/\/aflamo.shop\/boutique\/"},{"@type":"ListItem","position":3,"name":"Chemin\u00e9es \u00e9lectriques","item":"https:\/\/aflamo.shop\/fr\/s\/cheminees-electriques-fr\/"},{"@type":"ListItem","position":4,"name":"Chemin\u00e9e LED autoportante Aflamo Cortez"}]},{"@type":"WebSite","@id":"https:\/\/aflamo.shop\/fr\/#website","url":"https:\/\/aflamo.shop\/fr\/","name":"aflamo.shop - revendeur aflamo certifi\u00e9","description":"Kominki elektryczne Aflamo i Emotion Flame z funkcj\u0105 grzania","publisher":{"@id":"https:\/\/aflamo.shop\/fr\/#organization"},"potentialAction":[{"@type":"SearchAction","target":{"@type":"EntryPoint","urlTemplate":"https:\/\/aflamo.shop\/fr\/?s={search_term_string}"},"query-input":{"@type":"PropertyValueSpecification","valueRequired":true,"valueName":"search_term_string"}}],"inLanguage":"fr-FR"},{"@type":"Organization","@id":"https:\/\/aflamo.shop\/fr\/#organization","name":"aflamo.shop - revendeur aflamo certifi\u00e9","url":"https:\/\/aflamo.shop\/fr\/","logo":{"@type":"ImageObject","inLanguage":"fr-FR","@id":"https:\/\/aflamo.shop\/fr\/#\/schema\/logo\/image\/","url":"https:\/\/aflamo.shop\/wp-content\/uploads\/2019\/10\/logo2.1-1-1.svg","contentUrl":"https:\/\/aflamo.shop\/wp-content\/uploads\/2019\/10\/logo2.1-1-1.svg","caption":"aflamo.shop - revendeur aflamo certifi\u00e9"},"image":{"@id":"https:\/\/aflamo.shop\/fr\/#\/schema\/logo\/image\/"}}]}},"_links":{"self":[{"href":"https:\/\/aflamo.shop\/fr\/wp-json\/wp\/v2\/product\/16236","targetHints":{"allow":["GET"]}}],"collection":[{"href":"https:\/\/aflamo.shop\/fr\/wp-json\/wp\/v2\/product"}],"about":[{"href":"https:\/\/aflamo.shop\/fr\/wp-json\/wp\/v2\/types\/product"}],"replies":[{"embeddable":true,"href":"https:\/\/aflamo.shop\/fr\/wp-json\/wp\/v2\/comments?post=16236"}],"wp:featuredmedia":[{"embeddable":true,"href":"https:\/\/aflamo.shop\/fr\/wp-json\/wp\/v2\/media\/22391"}],"wp:attachment":[{"href":"https:\/\/aflamo.shop\/fr\/wp-json\/wp\/v2\/media?parent=16236"}],"wp:term":[{"taxonomy":"product_brand","embeddable":true,"href":"https:\/\/aflamo.shop\/fr\/wp-json\/wp\/v2\/product_brand?post=16236"},{"taxonomy":"product_cat","embeddable":true,"href":"https:\/\/aflamo.shop\/fr\/wp-json\/wp\/v2\/product_cat?post=16236"},{"taxonomy":"product_tag","embeddable":true,"href":"https:\/\/aflamo.shop\/fr\/wp-json\/wp\/v2\/product_tag?post=16236"}],"curies":[{"name":"wp","href":"https:\/\/api.w.org\/{rel}","templated":true}]}}