{"id":16233,"date":"2023-05-30T12:26:51","date_gmt":"2023-05-30T12:26:51","guid":{"rendered":"https:\/\/aflamo.shop\/p\/cheminee-led-autoportante-aflamo-hoover\/"},"modified":"2026-04-17T12:57:45","modified_gmt":"2026-04-17T12:57:45","slug":"cheminee-led-autoportante-aflamo-hoover","status":"publish","type":"product","link":"https:\/\/aflamo.shop\/fr\/p\/cheminee-led-autoportante-aflamo-hoover\/","title":{"rendered":"Chemin\u00e9e LED autoportante Aflamo Hoover"},"content":{"rendered":"<h3><\/h3>\n<h3><strong>Caract\u00e9ristiques de la chemin\u00e9e<img fetchpriority=\"high\" decoding=\"async\" class=\"alignright wp-image-6948 \" src=\"https:\/\/aflamo.shop\/wp-content\/uploads\/2023\/05\/hoover-1-195x300.jpg\" alt=\"\" width=\"264\" height=\"406\" srcset=\"https:\/\/aflamo.shop\/wp-content\/uploads\/2023\/05\/hoover-1-195x300.jpg 195w, https:\/\/aflamo.shop\/wp-content\/uploads\/2023\/05\/hoover-1-600x923.jpg 600w, https:\/\/aflamo.shop\/wp-content\/uploads\/2023\/05\/hoover-1.jpg 666w\" sizes=\"(max-width: 264px) 100vw, 264px\" \/><br \/>\n<\/strong><\/h3>\n<p>&nbsp;<\/p>\n<ul>\n<li>Chemin\u00e9e, po\u00eale autoportant<\/li>\n<li>Bo\u00eetier en acier noir<\/li>\n<\/ul>\n<h3><\/h3>\n<p>&nbsp;<\/p>\n<h3><strong>Chauffage<\/strong><\/h3>\n<p>&nbsp;<\/p>\n<p>Le chauffage ind\u00e9pendant de la flamme vous permet d&rsquo;utiliser la chemin\u00e9e tout au long de l&rsquo;ann\u00e9e, m\u00eame par temps chaud.<br \/>\nVous pouvez allumer ou \u00e9teindre le chauffage \u00e0 tout moment.<\/p>\n<ul>\n<li>2 niveaux de puissance de chauffage : 900W \/ 1950W<\/li>\n<li>Protection contre la surchauffe<\/li>\n<\/ul>\n<h3><\/h3>\n<h3><\/h3>\n<h3 class=\"col-12 col-md-6 cecha-col naprzemienne-txt naprzemienne-opis\"><strong>Sterowanie<\/strong><\/h3>\n<div class=\"col-12 col-md-6 cecha-col naprzemienne-txt naprzemienne-opis\">\n<p><strong>Contr\u00f4le via les boutons sur la chemin\u00e9e :<\/strong><\/p>\n<ul>\n<li>Allumer\/\u00e9teindre la chemin\u00e9e<\/li>\n<li>Allumer\/\u00e9teindre le chauffage<\/li>\n<li>S\u00e9lection du niveau de puissance de chauffage<\/li>\n<\/ul>\n<\/div>\n<h3><\/h3>\n<h3><\/h3>\n<p>&nbsp;<\/p>\n<h3><strong>Donn\u00e9es techniques<\/strong><\/h3>\n<p>&nbsp;<\/p>\n<table width=\"548\" cellspacing=\"0\" cellpadding=\"2\">\n<tbody>\n<tr>\n<td width=\"216\">Effet de flamme<\/td>\n<td width=\"324\">LED<\/td>\n<\/tr>\n<tr>\n<td width=\"216\">Application mobile<\/td>\n<td width=\"324\">pas<\/td>\n<\/tr>\n<tr>\n<td width=\"216\">T\u00e9l\u00e9commande<\/td>\n<td width=\"324\">NON<\/td>\n<\/tr>\n<tr>\n<td width=\"216\">Couleur\/Finition<\/td>\n<td width=\"324\">noir<\/td>\n<\/tr>\n<tr>\n<td width=\"216\">Minuteur<\/td>\n<td width=\"324\">non<\/td>\n<\/tr>\n<tr>\n<td width=\"216\">Programmateur hebdomadaire<\/td>\n<td width=\"324\">non<\/td>\n<\/tr>\n<tr>\n<td width=\"216\">Fonction de chauffage<\/td>\n<td width=\"324\">oui<\/td>\n<\/tr>\n<tr>\n<td width=\"216\">Flamme ind\u00e9pendante de la fonction de chauffage<\/td>\n<td width=\"324\">oui<\/td>\n<\/tr>\n<tr>\n<td width=\"216\">Puissance de chauffage<\/td>\n<td width=\"324\">900 \/ 1950 W<\/td>\n<\/tr>\n<tr>\n<td width=\"216\">Contr\u00f4le de la temp\u00e9rature<\/td>\n<td width=\"324\">&#8211;<\/td>\n<\/tr>\n<tr>\n<td width=\"216\">Protection contre la surchauffe<\/td>\n<td width=\"324\">&#8211;<\/td>\n<\/tr>\n<tr>\n<td width=\"216\">Thermostat\n<\/td>\n<td width=\"324\">&#8211;<\/td>\n<\/tr>\n<tr>\n<td width=\"216\">Flamme<\/p>\n<p>foyer<\/td>\n<td width=\"324\">1 flamme couleur orange<\/p>\n<p>Glade<\/td>\n<\/tr>\n<tr>\n<td width=\"216\">Garantie<\/td>\n<td width=\"324\">2 ans<\/td>\n<\/tr>\n<tr>\n<td width=\"216\">Longueur du c\u00e2ble d&rsquo;alimentation<\/td>\n<td width=\"324\">1,8 m<\/td>\n<\/tr>\n<tr>\n<td width=\"216\">Tension d&rsquo;alimentation<\/td>\n<td width=\"324\">220 V<\/td>\n<\/tr>\n<\/tbody>\n<\/table>\n<p>&nbsp;<\/p>\n<div class=\"flex flex-grow flex-col gap-3\">\n<div class=\"min-h-[20px] flex flex-col items-start gap-3 overflow-x-auto whitespace-pre-wrap break-words\">\n<div class=\"markdown prose w-full break-words dark:prose-invert light\">\n<p>Le foyer \u00e9lectrique LED autonome Hoover est une combinaison de fonctionnalit\u00e9 et d&rsquo;esth\u00e9tique exceptionnelle qui introduira une atmosph\u00e8re unique dans votre int\u00e9rieur. Son bo\u00eetier en acier noir lui conf\u00e8re un caract\u00e8re moderne, cr\u00e9ant un accent contrast\u00e9 et intrigant dans la pi\u00e8ce. <\/p>\n<p>La chemin\u00e9e Hoover est dot\u00e9e d&rsquo;une technologie LED innovante qui imite un feu br\u00fblant de mani\u00e8re extr\u00eamement r\u00e9aliste. Cette illusion est si convaincante que vous pouvez avoir l\u2019impression d\u2019\u00eatre devant une vraie chemin\u00e9e tout en \u00e9liminant tous les soucis qui y sont associ\u00e9s, comme la poussi\u00e8re et le combustible. La flamme est ind\u00e9pendante du chauffage, ce qui permet d&rsquo;utiliser la chemin\u00e9e toute l&rsquo;ann\u00e9e, quelle que soit la saison. M\u00eame lors des journ\u00e9es chaudes, Hoover vous permettra de profiter du charme d&rsquo;un feu sans avoir \u00e0 g\u00e9n\u00e9rer de chaleur suppl\u00e9mentaire.   <\/p>\n<p>Le bo\u00eetier en acier noir ajoute un caract\u00e8re distinctif et moderne au foyer Hoover. C&rsquo;est une combinaison parfaite de mat\u00e9riau durable et de design \u00e9l\u00e9gant, qui fait de la chemin\u00e9e le point central de l&rsquo;arrangement. La couleur noire est neutre, mais contraste parfaitement avec l&rsquo;effet visuel de la flamme, donnant \u00e0 la pi\u00e8ce un caract\u00e8re unique.  <\/p>\n<p>La chemin\u00e9e autoportante Hoover est bien plus qu\u2019une simple source de lumi\u00e8re et d\u2019atmosph\u00e8re. C&rsquo;est une invitation \u00e0 la d\u00e9tente et \u00e0 profiter de moments de paix, quel que soit le temps ext\u00e9rieur. Sa capacit\u00e9 \u00e0 cr\u00e9er l&rsquo;illusion magique du feu sans chauffage suppl\u00e9mentaire en fait le compagnon id\u00e9al toute l&rsquo;ann\u00e9e, offrant la possibilit\u00e9 de se d\u00e9tendre et de se relaxer \u00e0 tout moment.  <\/p>\n<\/div>\n<\/div>\n<\/div>\n<p>&nbsp;<\/p>\n<ul><strong><\/p>\n<p><a href=\"https:\/\/aflamo.shop\/wp-content\/uploads\/2023\/05\/Hoover_EN-PL-NL-2.pdf\">Instructions d&rsquo;utilisation et de s\u00e9curit\u00e9<\/a><\/p>\n<p><\/strong><\/ul>\n<h6><strong>Dessin technique<\/strong><\/h6>\n<p>&nbsp;<\/p>\n<p><img decoding=\"async\" class=\"alignnone wp-image-6942 size-full\" src=\"https:\/\/aflamo.shop\/wp-content\/uploads\/2023\/05\/hoover-4.jpg\" alt=\"\" width=\"656\" height=\"775\" srcset=\"https:\/\/aflamo.shop\/wp-content\/uploads\/2023\/05\/hoover-4.jpg 656w, https:\/\/aflamo.shop\/wp-content\/uploads\/2023\/05\/hoover-4-600x709.jpg 600w, https:\/\/aflamo.shop\/wp-content\/uploads\/2023\/05\/hoover-4-254x300.jpg 254w\" sizes=\"(max-width: 656px) 100vw, 656px\" \/><\/p>\n<p>&nbsp;<\/p>\n<p>&nbsp;<\/p>\n","protected":false},"excerpt":{"rendered":"<p>Fabricant : Aflamo<\/p>\n<p>Dimensions : 42 x 57 x 26 cm<\/p>\n","protected":false},"featured_media":6974,"comment_status":"closed","ping_status":"closed","template":"","meta":[],"product_brand":[],"product_cat":[770,827,170],"product_tag":[],"class_list":{"0":"post-16233","1":"product","2":"type-product","3":"status-publish","4":"has-post-thumbnail","6":"product_cat-aflamo-fr","7":"product_cat-cheminees-autoportantes-a-led","8":"product_cat-cheminees-electriques-fr","10":"first","11":"instock","12":"shipping-taxable","13":"purchasable","14":"product-type-simple"},"yoast_head":"<!-- This site is optimized with the Yoast SEO plugin v27.4 - https:\/\/yoast.com\/product\/yoast-seo-wordpress\/ -->\n<title>Chemin\u00e9e LED autoportante Aflamo Hoover - aflamo.shop - revendeur aflamo certifi\u00e9<\/title>\n<meta name=\"robots\" content=\"index, follow, max-snippet:-1, max-image-preview:large, max-video-preview:-1\" \/>\n<link rel=\"canonical\" href=\"https:\/\/aflamo.shop\/fr\/p\/cheminee-led-autoportante-aflamo-hoover\/\" \/>\n<meta property=\"og:locale\" content=\"fr_FR\" \/>\n<meta property=\"og:type\" content=\"article\" \/>\n<meta property=\"og:title\" content=\"Chemin\u00e9e LED autoportante Aflamo Hoover - aflamo.shop - revendeur aflamo certifi\u00e9\" \/>\n<meta property=\"og:description\" content=\"Fabricant : Aflamo Dimensions : 42 x 57 x 26 cm\" \/>\n<meta property=\"og:url\" content=\"https:\/\/aflamo.shop\/fr\/p\/cheminee-led-autoportante-aflamo-hoover\/\" \/>\n<meta property=\"og:site_name\" content=\"aflamo.shop - revendeur aflamo certifi\u00e9\" \/>\n<meta property=\"article:modified_time\" content=\"2026-04-17T12:57:45+00:00\" \/>\n<meta property=\"og:image\" content=\"https:\/\/aflamo.shop\/wp-content\/uploads\/2023\/05\/hoover-6_sq.jpg\" \/>\n\t<meta property=\"og:image:width\" content=\"1224\" \/>\n\t<meta property=\"og:image:height\" content=\"1224\" \/>\n\t<meta property=\"og:image:type\" content=\"image\/jpeg\" \/>\n<meta name=\"twitter:card\" content=\"summary_large_image\" \/>\n<meta name=\"twitter:label1\" content=\"Dur\u00e9e de lecture estim\u00e9e\" \/>\n\t<meta name=\"twitter:data1\" content=\"3 minutes\" \/>\n<script type=\"application\/ld+json\" class=\"yoast-schema-graph\">{\"@context\":\"https:\\\/\\\/schema.org\",\"@graph\":[{\"@type\":\"WebPage\",\"@id\":\"https:\\\/\\\/aflamo.shop\\\/fr\\\/p\\\/cheminee-led-autoportante-aflamo-hoover\\\/\",\"url\":\"https:\\\/\\\/aflamo.shop\\\/fr\\\/p\\\/cheminee-led-autoportante-aflamo-hoover\\\/\",\"name\":\"Chemin\u00e9e LED autoportante Aflamo Hoover - aflamo.shop - revendeur aflamo certifi\u00e9\",\"isPartOf\":{\"@id\":\"https:\\\/\\\/aflamo.shop\\\/fr\\\/#website\"},\"primaryImageOfPage\":{\"@id\":\"https:\\\/\\\/aflamo.shop\\\/fr\\\/p\\\/cheminee-led-autoportante-aflamo-hoover\\\/#primaryimage\"},\"image\":{\"@id\":\"https:\\\/\\\/aflamo.shop\\\/fr\\\/p\\\/cheminee-led-autoportante-aflamo-hoover\\\/#primaryimage\"},\"thumbnailUrl\":\"https:\\\/\\\/aflamo.shop\\\/wp-content\\\/uploads\\\/2023\\\/05\\\/hoover-6_sq.jpg\",\"datePublished\":\"2023-05-30T12:26:51+00:00\",\"dateModified\":\"2026-04-17T12:57:45+00:00\",\"breadcrumb\":{\"@id\":\"https:\\\/\\\/aflamo.shop\\\/fr\\\/p\\\/cheminee-led-autoportante-aflamo-hoover\\\/#breadcrumb\"},\"inLanguage\":\"fr-FR\",\"potentialAction\":[{\"@type\":\"ReadAction\",\"target\":[\"https:\\\/\\\/aflamo.shop\\\/fr\\\/p\\\/cheminee-led-autoportante-aflamo-hoover\\\/\"]}]},{\"@type\":\"ImageObject\",\"inLanguage\":\"fr-FR\",\"@id\":\"https:\\\/\\\/aflamo.shop\\\/fr\\\/p\\\/cheminee-led-autoportante-aflamo-hoover\\\/#primaryimage\",\"url\":\"https:\\\/\\\/aflamo.shop\\\/wp-content\\\/uploads\\\/2023\\\/05\\\/hoover-6_sq.jpg\",\"contentUrl\":\"https:\\\/\\\/aflamo.shop\\\/wp-content\\\/uploads\\\/2023\\\/05\\\/hoover-6_sq.jpg\",\"width\":1224,\"height\":1224},{\"@type\":\"BreadcrumbList\",\"@id\":\"https:\\\/\\\/aflamo.shop\\\/fr\\\/p\\\/cheminee-led-autoportante-aflamo-hoover\\\/#breadcrumb\",\"itemListElement\":[{\"@type\":\"ListItem\",\"position\":1,\"name\":\"Page d'accueil\",\"item\":\"https:\\\/\\\/aflamo.shop\\\/fr\\\/\"},{\"@type\":\"ListItem\",\"position\":2,\"name\":\"Boutique\",\"item\":\"https:\\\/\\\/aflamo.shop\\\/boutique\\\/\"},{\"@type\":\"ListItem\",\"position\":3,\"name\":\"Chemin\u00e9es \u00e9lectriques\",\"item\":\"https:\\\/\\\/aflamo.shop\\\/fr\\\/s\\\/cheminees-electriques-fr\\\/\"},{\"@type\":\"ListItem\",\"position\":4,\"name\":\"Chemin\u00e9e LED autoportante Aflamo Hoover\"}]},{\"@type\":\"WebSite\",\"@id\":\"https:\\\/\\\/aflamo.shop\\\/fr\\\/#website\",\"url\":\"https:\\\/\\\/aflamo.shop\\\/fr\\\/\",\"name\":\"aflamo.shop - revendeur aflamo certifi\u00e9\",\"description\":\"Kominki elektryczne Aflamo i Emotion Flame z funkcj\u0105 grzania\",\"publisher\":{\"@id\":\"https:\\\/\\\/aflamo.shop\\\/fr\\\/#organization\"},\"potentialAction\":[{\"@type\":\"SearchAction\",\"target\":{\"@type\":\"EntryPoint\",\"urlTemplate\":\"https:\\\/\\\/aflamo.shop\\\/fr\\\/?s={search_term_string}\"},\"query-input\":{\"@type\":\"PropertyValueSpecification\",\"valueRequired\":true,\"valueName\":\"search_term_string\"}}],\"inLanguage\":\"fr-FR\"},{\"@type\":\"Organization\",\"@id\":\"https:\\\/\\\/aflamo.shop\\\/fr\\\/#organization\",\"name\":\"aflamo.shop - revendeur aflamo certifi\u00e9\",\"url\":\"https:\\\/\\\/aflamo.shop\\\/fr\\\/\",\"logo\":{\"@type\":\"ImageObject\",\"inLanguage\":\"fr-FR\",\"@id\":\"https:\\\/\\\/aflamo.shop\\\/fr\\\/#\\\/schema\\\/logo\\\/image\\\/\",\"url\":\"https:\\\/\\\/aflamo.shop\\\/wp-content\\\/uploads\\\/2019\\\/10\\\/logo2.1-1-1.svg\",\"contentUrl\":\"https:\\\/\\\/aflamo.shop\\\/wp-content\\\/uploads\\\/2019\\\/10\\\/logo2.1-1-1.svg\",\"caption\":\"aflamo.shop - revendeur aflamo certifi\u00e9\"},\"image\":{\"@id\":\"https:\\\/\\\/aflamo.shop\\\/fr\\\/#\\\/schema\\\/logo\\\/image\\\/\"}}]}<\/script>\n<!-- \/ Yoast SEO plugin. -->","yoast_head_json":{"title":"Chemin\u00e9e LED autoportante Aflamo Hoover - aflamo.shop - revendeur aflamo certifi\u00e9","robots":{"index":"index","follow":"follow","max-snippet":"max-snippet:-1","max-image-preview":"max-image-preview:large","max-video-preview":"max-video-preview:-1"},"canonical":"https:\/\/aflamo.shop\/fr\/p\/cheminee-led-autoportante-aflamo-hoover\/","og_locale":"fr_FR","og_type":"article","og_title":"Chemin\u00e9e LED autoportante Aflamo Hoover - aflamo.shop - revendeur aflamo certifi\u00e9","og_description":"Fabricant : Aflamo Dimensions : 42 x 57 x 26 cm","og_url":"https:\/\/aflamo.shop\/fr\/p\/cheminee-led-autoportante-aflamo-hoover\/","og_site_name":"aflamo.shop - revendeur aflamo certifi\u00e9","article_modified_time":"2026-04-17T12:57:45+00:00","og_image":[{"width":1224,"height":1224,"url":"https:\/\/aflamo.shop\/wp-content\/uploads\/2023\/05\/hoover-6_sq.jpg","type":"image\/jpeg"}],"twitter_card":"summary_large_image","twitter_misc":{"Dur\u00e9e de lecture estim\u00e9e":"3 minutes"},"schema":{"@context":"https:\/\/schema.org","@graph":[{"@type":"WebPage","@id":"https:\/\/aflamo.shop\/fr\/p\/cheminee-led-autoportante-aflamo-hoover\/","url":"https:\/\/aflamo.shop\/fr\/p\/cheminee-led-autoportante-aflamo-hoover\/","name":"Chemin\u00e9e LED autoportante Aflamo Hoover - aflamo.shop - revendeur aflamo certifi\u00e9","isPartOf":{"@id":"https:\/\/aflamo.shop\/fr\/#website"},"primaryImageOfPage":{"@id":"https:\/\/aflamo.shop\/fr\/p\/cheminee-led-autoportante-aflamo-hoover\/#primaryimage"},"image":{"@id":"https:\/\/aflamo.shop\/fr\/p\/cheminee-led-autoportante-aflamo-hoover\/#primaryimage"},"thumbnailUrl":"https:\/\/aflamo.shop\/wp-content\/uploads\/2023\/05\/hoover-6_sq.jpg","datePublished":"2023-05-30T12:26:51+00:00","dateModified":"2026-04-17T12:57:45+00:00","breadcrumb":{"@id":"https:\/\/aflamo.shop\/fr\/p\/cheminee-led-autoportante-aflamo-hoover\/#breadcrumb"},"inLanguage":"fr-FR","potentialAction":[{"@type":"ReadAction","target":["https:\/\/aflamo.shop\/fr\/p\/cheminee-led-autoportante-aflamo-hoover\/"]}]},{"@type":"ImageObject","inLanguage":"fr-FR","@id":"https:\/\/aflamo.shop\/fr\/p\/cheminee-led-autoportante-aflamo-hoover\/#primaryimage","url":"https:\/\/aflamo.shop\/wp-content\/uploads\/2023\/05\/hoover-6_sq.jpg","contentUrl":"https:\/\/aflamo.shop\/wp-content\/uploads\/2023\/05\/hoover-6_sq.jpg","width":1224,"height":1224},{"@type":"BreadcrumbList","@id":"https:\/\/aflamo.shop\/fr\/p\/cheminee-led-autoportante-aflamo-hoover\/#breadcrumb","itemListElement":[{"@type":"ListItem","position":1,"name":"Page d'accueil","item":"https:\/\/aflamo.shop\/fr\/"},{"@type":"ListItem","position":2,"name":"Boutique","item":"https:\/\/aflamo.shop\/boutique\/"},{"@type":"ListItem","position":3,"name":"Chemin\u00e9es \u00e9lectriques","item":"https:\/\/aflamo.shop\/fr\/s\/cheminees-electriques-fr\/"},{"@type":"ListItem","position":4,"name":"Chemin\u00e9e LED autoportante Aflamo Hoover"}]},{"@type":"WebSite","@id":"https:\/\/aflamo.shop\/fr\/#website","url":"https:\/\/aflamo.shop\/fr\/","name":"aflamo.shop - revendeur aflamo certifi\u00e9","description":"Kominki elektryczne Aflamo i Emotion Flame z funkcj\u0105 grzania","publisher":{"@id":"https:\/\/aflamo.shop\/fr\/#organization"},"potentialAction":[{"@type":"SearchAction","target":{"@type":"EntryPoint","urlTemplate":"https:\/\/aflamo.shop\/fr\/?s={search_term_string}"},"query-input":{"@type":"PropertyValueSpecification","valueRequired":true,"valueName":"search_term_string"}}],"inLanguage":"fr-FR"},{"@type":"Organization","@id":"https:\/\/aflamo.shop\/fr\/#organization","name":"aflamo.shop - revendeur aflamo certifi\u00e9","url":"https:\/\/aflamo.shop\/fr\/","logo":{"@type":"ImageObject","inLanguage":"fr-FR","@id":"https:\/\/aflamo.shop\/fr\/#\/schema\/logo\/image\/","url":"https:\/\/aflamo.shop\/wp-content\/uploads\/2019\/10\/logo2.1-1-1.svg","contentUrl":"https:\/\/aflamo.shop\/wp-content\/uploads\/2019\/10\/logo2.1-1-1.svg","caption":"aflamo.shop - revendeur aflamo certifi\u00e9"},"image":{"@id":"https:\/\/aflamo.shop\/fr\/#\/schema\/logo\/image\/"}}]}},"_links":{"self":[{"href":"https:\/\/aflamo.shop\/fr\/wp-json\/wp\/v2\/product\/16233","targetHints":{"allow":["GET"]}}],"collection":[{"href":"https:\/\/aflamo.shop\/fr\/wp-json\/wp\/v2\/product"}],"about":[{"href":"https:\/\/aflamo.shop\/fr\/wp-json\/wp\/v2\/types\/product"}],"replies":[{"embeddable":true,"href":"https:\/\/aflamo.shop\/fr\/wp-json\/wp\/v2\/comments?post=16233"}],"wp:featuredmedia":[{"embeddable":true,"href":"https:\/\/aflamo.shop\/fr\/wp-json\/wp\/v2\/media\/6974"}],"wp:attachment":[{"href":"https:\/\/aflamo.shop\/fr\/wp-json\/wp\/v2\/media?parent=16233"}],"wp:term":[{"taxonomy":"product_brand","embeddable":true,"href":"https:\/\/aflamo.shop\/fr\/wp-json\/wp\/v2\/product_brand?post=16233"},{"taxonomy":"product_cat","embeddable":true,"href":"https:\/\/aflamo.shop\/fr\/wp-json\/wp\/v2\/product_cat?post=16233"},{"taxonomy":"product_tag","embeddable":true,"href":"https:\/\/aflamo.shop\/fr\/wp-json\/wp\/v2\/product_tag?post=16233"}],"curies":[{"name":"wp","href":"https:\/\/api.w.org\/{rel}","templated":true}]}}