{"id":16225,"date":"2023-06-14T11:41:21","date_gmt":"2023-06-14T11:41:21","guid":{"rendered":"https:\/\/aflamo.shop\/p\/cheminee-bio-aflamo-poker-blanche\/"},"modified":"2026-04-17T12:52:00","modified_gmt":"2026-04-17T12:52:00","slug":"cheminee-bio-aflamo-poker-blanc","status":"publish","type":"product","link":"https:\/\/aflamo.shop\/fr\/p\/cheminee-bio-aflamo-poker-blanc\/","title":{"rendered":"Chemin\u00e9e bio Aflamo Poker blanc"},"content":{"rendered":"<h3><strong>Caract\u00e9ristiques de la chemin\u00e9e<img fetchpriority=\"high\" decoding=\"async\" class=\"alignright wp-image-7515 \" src=\"https:\/\/aflamo.shop\/wp-content\/uploads\/2023\/06\/Poker_white__right_LM_BIO-300x300.jpg\" alt=\"\" width=\"383\" height=\"383\" srcset=\"https:\/\/aflamo.shop\/wp-content\/uploads\/2023\/06\/Poker_white__right_LM_BIO-300x300.jpg 300w, https:\/\/aflamo.shop\/wp-content\/uploads\/2023\/06\/Poker_white__right_LM_BIO-100x100.jpg 100w, https:\/\/aflamo.shop\/wp-content\/uploads\/2023\/06\/Poker_white__right_LM_BIO-600x600.jpg 600w, https:\/\/aflamo.shop\/wp-content\/uploads\/2023\/06\/Poker_white__right_LM_BIO-1024x1024.jpg 1024w, https:\/\/aflamo.shop\/wp-content\/uploads\/2023\/06\/Poker_white__right_LM_BIO-150x150.jpg 150w, https:\/\/aflamo.shop\/wp-content\/uploads\/2023\/06\/Poker_white__right_LM_BIO-768x768.jpg 768w, https:\/\/aflamo.shop\/wp-content\/uploads\/2023\/06\/Poker_white__right_LM_BIO-1536x1536.jpg 1536w, https:\/\/aflamo.shop\/wp-content\/uploads\/2023\/06\/Poker_white__right_LM_BIO-2048x2048.jpg 2048w\" sizes=\"(max-width: 383px) 100vw, 383px\" \/><\/strong><\/h3>\n<p>&nbsp;<\/p>\n<p>Les chemin\u00e9es bio Poker allient modernit\u00e9 et style classique. Ils conviennent aussi bien \u00e0 un salon moderne qu&rsquo;\u00e0 un bureau ou \u00e0 un int\u00e9rieur extravagant. Vous pouvez facilement am\u00e9nager n&rsquo;importe quelle pi\u00e8ce avec eux.  <\/p>\n<p>La chemin\u00e9e est disponible dans les couleurs suivantes : b\u00e9ton, blanc, ch\u00eane et noyer.<\/p>\n<p>&nbsp;<\/p>\n<div class=\"more-info\">\n<div class=\"tab-content\">\n<section id=\"idTab1\" class=\"page-product-box\">\n<div class=\"rte\">\n<div class=\"row\">\n<div id=\"\" class=\"col-xs-12 col-sm-6 \">\n<div id=\"\" class=\"eds-on-scroll eds-scroll-visible animated fadeInUp duration2\">\n<div id=\"\" class=\"eds-on-scroll eds-scroll-visible animated fadeInUp duration2\"><\/div>\n<div class=\"row\">\n<div id=\"\" class=\"col-xs-12 col-sm-6 \">\n<div id=\"\" class=\"eds-on-scroll eds-scroll-visible animated fadeInUp duration2\">\n<p>&nbsp;<\/p>\n<p>&nbsp;<\/p>\n<h3><\/h3>\n<h3><\/h3>\n<h3><\/h3>\n<h3><strong>Contribution<\/strong><\/h3>\n<p>&nbsp;<\/p>\n<ul>\n<li>couleur : noir mat<\/li>\n<li>enti\u00e8rement en acier<\/li>\n<li>peints avec une peinture r\u00e9sistante \u00e0 la chaleur et aux dommages<\/li>\n<\/ul>\n<p><strong>Br\u00fbleur<img decoding=\"async\" class=\"alignright wp-image-7489 \" src=\"https:\/\/aflamo.shop\/wp-content\/uploads\/2023\/06\/BIO_50_front-248x300.jpg\" alt=\"\" width=\"355\" height=\"430\" srcset=\"https:\/\/aflamo.shop\/wp-content\/uploads\/2023\/06\/BIO_50_front-248x300.jpg 248w, https:\/\/aflamo.shop\/wp-content\/uploads\/2023\/06\/BIO_50_front-600x725.jpg 600w, https:\/\/aflamo.shop\/wp-content\/uploads\/2023\/06\/BIO_50_front-847x1024.jpg 847w, https:\/\/aflamo.shop\/wp-content\/uploads\/2023\/06\/BIO_50_front-768x928.jpg 768w, https:\/\/aflamo.shop\/wp-content\/uploads\/2023\/06\/BIO_50_front-1271x1536.jpg 1271w, https:\/\/aflamo.shop\/wp-content\/uploads\/2023\/06\/BIO_50_front.jpg 1486w\" sizes=\"(max-width: 355px) 100vw, 355px\" \/><\/strong><\/p>\n<\/div>\n<\/div>\n<\/div>\n<ul>\n<li>s\u00fbr avec certificat TUV<\/li>\n<li>La conception sophistiqu\u00e9e assure une combustion uniforme sur toute la largeur.<\/li>\n<li>l&rsquo;insert en c\u00e9ramique r\u00e9duit le risque de d\u00e9versement de biocarburant<\/li>\n<li>en acier inoxydable<\/li>\n<li>largeur du br\u00fbleur 30,5 cm<\/li>\n<li>largeur de la ligne de tir 22 cm<\/li>\n<li>capacit\u00e9 0,9 litre<\/li>\n<li>dur\u00e9e de combustion 1,5 h<\/li>\n<\/ul>\n<p>&nbsp;<\/p>\n<h3><strong>\u00c9quipement<\/strong><\/h3>\n<p>&nbsp;<\/p>\n<ul>\n<li style=\"list-style-type: none;\">\n<ul>\n<li>insert int\u00e9gr\u00e9<\/li>\n<li>Br\u00fbleur certifi\u00e9 TUV<\/li>\n<li>entonnoir \u00e0 biocarburant<\/li>\n<li>accessoires de montage<\/li>\n<\/ul>\n<\/li>\n<\/ul>\n<\/div>\n<p>La bio-chemin\u00e9e Poker est une combinaison de modernit\u00e9 et de style classique, se distinguant par son design \u00e9l\u00e9gant et sa polyvalence. Son bo\u00eetier blanc lui conf\u00e8re un caract\u00e8re subtil qui s&rsquo;int\u00e8gre parfaitement dans divers styles de d\u00e9coration int\u00e9rieure. Poker est une chemin\u00e9e bio qui constitue un merveilleux accent d\u00e9coratif, donnant un charme unique aux salons modernes, aux bureaux et aux int\u00e9rieurs extravagants.  <\/p>\n<p>Gr\u00e2ce \u00e0 sa polyvalence, la bio-chemin\u00e9e Poker peut trouver sa place dans divers espaces. Sa capacit\u00e9 \u00e0 s&rsquo;int\u00e9grer harmonieusement dans n&rsquo;importe quel environnement en fait une solution id\u00e9ale pour ceux qui recherchent une d\u00e9coration fonctionnelle et esth\u00e9tique. Le poker cr\u00e9e une atmosph\u00e8re chaleureuse avec des flammes \u00e0 la fois frappantes et s\u00e9curitaires.  <\/p>\n<p>Si vous r\u00eavez d&rsquo;une bio-chemin\u00e9e qui refl\u00e8te parfaitement la modernit\u00e9 et le style classique, Poker en blanc est un choix exceptionnel. Sa capacit\u00e9 \u00e0 s&rsquo;adapter \u00e0 diff\u00e9rents contextes en fait un compl\u00e9ment parfait \u00e0 votre int\u00e9rieur, introduisant le charme des flammes et l&rsquo;\u00e9l\u00e9gance. <\/p>\n<div id=\"\" class=\"eds-on-scroll eds-scroll-visible animated fadeInUp duration2\">\n<h3><\/h3>\n<ul><strong><\/p>\n<p><a href=\"https:\/\/aflamo.shop\/wp-content\/uploads\/2023\/06\/BIO_manual_EN-PL-DE-FR.pdf\">Instructions d&rsquo;utilisation et de s\u00e9curit\u00e9<\/a><\/p>\n<p><\/strong><\/ul>\n<h3><strong>Dessins techniques<\/strong><\/h3>\n<\/div>\n<\/div>\n<p>&nbsp;<\/p>\n<p>&nbsp;<\/p>\n<\/div>\n<\/div>\n<\/section>\n<\/div>\n<\/div>\n<p><img decoding=\"async\" class=\"alignnone wp-image-7495 size-full\" src=\"https:\/\/aflamo.shop\/wp-content\/uploads\/2023\/06\/Poker-900x842-1.png\" alt=\"\" width=\"900\" height=\"842\" srcset=\"https:\/\/aflamo.shop\/wp-content\/uploads\/2023\/06\/Poker-900x842-1.png 900w, https:\/\/aflamo.shop\/wp-content\/uploads\/2023\/06\/Poker-900x842-1-600x561.png 600w, https:\/\/aflamo.shop\/wp-content\/uploads\/2023\/06\/Poker-900x842-1-300x281.png 300w, https:\/\/aflamo.shop\/wp-content\/uploads\/2023\/06\/Poker-900x842-1-768x719.png 768w\" sizes=\"(max-width: 900px) 100vw, 900px\" \/><\/p>\n<p>&nbsp;<\/p>\n<p><strong> <\/strong><\/p>\n<p>&nbsp;<\/p>\n<p>&nbsp;<\/p>\n<p><strong> <\/strong><\/p>\n<p>&nbsp;<\/p>\n","protected":false},"excerpt":{"rendered":"<p>Fabricant : Aflamo<\/p>\n<p><b>Couleurs disponibles :<\/b><\/p>\n<ul>\n<li class=\"kp-szary\"><a href=\"https:\/\/aflamo.shop\/fr\/p\/bio-cheminee-aflamo-poker-beton\/\">b\u00e9ton<\/a><\/li>\n<li class=\"kp-bialy\"><a href=\"https:\/\/aflamo.shop\/fr\/p\/cheminee-bio-aflamo-poker-blanc\/\">blanc<\/a><\/li>\n<\/ul>\n<p><b>Dimensions : 74x88x20<\/b><\/p>\n","protected":false},"featured_media":22161,"comment_status":"open","ping_status":"closed","template":"","meta":[],"product_brand":[],"product_cat":[770,1017],"product_tag":[],"class_list":{"0":"post-16225","1":"product","2":"type-product","3":"status-publish","4":"has-post-thumbnail","6":"product_cat-aflamo-fr","7":"product_cat-foyers-bio","9":"first","10":"instock","11":"shipping-taxable","12":"purchasable","13":"product-type-simple"},"yoast_head":"<!-- This site is optimized with the Yoast SEO plugin v27.4 - https:\/\/yoast.com\/product\/yoast-seo-wordpress\/ -->\n<title>Chemin\u00e9e bio Aflamo Poker blanc - aflamo.shop - revendeur aflamo certifi\u00e9<\/title>\n<meta name=\"robots\" content=\"index, follow, max-snippet:-1, max-image-preview:large, max-video-preview:-1\" \/>\n<link rel=\"canonical\" href=\"https:\/\/aflamo.shop\/fr\/p\/cheminee-bio-aflamo-poker-blanc\/\" \/>\n<meta property=\"og:locale\" content=\"fr_FR\" \/>\n<meta property=\"og:type\" content=\"article\" \/>\n<meta property=\"og:title\" content=\"Chemin\u00e9e bio Aflamo Poker blanc - aflamo.shop - revendeur aflamo certifi\u00e9\" \/>\n<meta property=\"og:description\" content=\"Fabricant : Aflamo Couleurs disponibles :   b\u00e9ton  blanc  Dimensions : 74x88x20\" \/>\n<meta property=\"og:url\" content=\"https:\/\/aflamo.shop\/fr\/p\/cheminee-bio-aflamo-poker-blanc\/\" \/>\n<meta property=\"og:site_name\" content=\"aflamo.shop - revendeur aflamo certifi\u00e9\" \/>\n<meta property=\"article:modified_time\" content=\"2026-04-17T12:52:00+00:00\" \/>\n<meta property=\"og:image\" content=\"https:\/\/aflamo.shop\/wp-content\/uploads\/2023\/06\/Projekt-bez-nazwy32.png\" \/>\n\t<meta property=\"og:image:width\" content=\"2048\" \/>\n\t<meta property=\"og:image:height\" content=\"2048\" \/>\n\t<meta property=\"og:image:type\" content=\"image\/png\" \/>\n<meta name=\"twitter:card\" content=\"summary_large_image\" \/>\n<meta name=\"twitter:label1\" content=\"Dur\u00e9e de lecture estim\u00e9e\" \/>\n\t<meta name=\"twitter:data1\" content=\"3 minutes\" \/>\n<script type=\"application\/ld+json\" class=\"yoast-schema-graph\">{\"@context\":\"https:\\\/\\\/schema.org\",\"@graph\":[{\"@type\":\"WebPage\",\"@id\":\"https:\\\/\\\/aflamo.shop\\\/fr\\\/p\\\/cheminee-bio-aflamo-poker-blanc\\\/\",\"url\":\"https:\\\/\\\/aflamo.shop\\\/fr\\\/p\\\/cheminee-bio-aflamo-poker-blanc\\\/\",\"name\":\"Chemin\u00e9e bio Aflamo Poker blanc - aflamo.shop - revendeur aflamo certifi\u00e9\",\"isPartOf\":{\"@id\":\"https:\\\/\\\/aflamo.shop\\\/fr\\\/#website\"},\"primaryImageOfPage\":{\"@id\":\"https:\\\/\\\/aflamo.shop\\\/fr\\\/p\\\/cheminee-bio-aflamo-poker-blanc\\\/#primaryimage\"},\"image\":{\"@id\":\"https:\\\/\\\/aflamo.shop\\\/fr\\\/p\\\/cheminee-bio-aflamo-poker-blanc\\\/#primaryimage\"},\"thumbnailUrl\":\"https:\\\/\\\/aflamo.shop\\\/wp-content\\\/uploads\\\/2023\\\/06\\\/Projekt-bez-nazwy32.png\",\"datePublished\":\"2023-06-14T11:41:21+00:00\",\"dateModified\":\"2026-04-17T12:52:00+00:00\",\"breadcrumb\":{\"@id\":\"https:\\\/\\\/aflamo.shop\\\/fr\\\/p\\\/cheminee-bio-aflamo-poker-blanc\\\/#breadcrumb\"},\"inLanguage\":\"fr-FR\",\"potentialAction\":[{\"@type\":\"ReadAction\",\"target\":[\"https:\\\/\\\/aflamo.shop\\\/fr\\\/p\\\/cheminee-bio-aflamo-poker-blanc\\\/\"]}]},{\"@type\":\"ImageObject\",\"inLanguage\":\"fr-FR\",\"@id\":\"https:\\\/\\\/aflamo.shop\\\/fr\\\/p\\\/cheminee-bio-aflamo-poker-blanc\\\/#primaryimage\",\"url\":\"https:\\\/\\\/aflamo.shop\\\/wp-content\\\/uploads\\\/2023\\\/06\\\/Projekt-bez-nazwy32.png\",\"contentUrl\":\"https:\\\/\\\/aflamo.shop\\\/wp-content\\\/uploads\\\/2023\\\/06\\\/Projekt-bez-nazwy32.png\",\"width\":2048,\"height\":2048},{\"@type\":\"BreadcrumbList\",\"@id\":\"https:\\\/\\\/aflamo.shop\\\/fr\\\/p\\\/cheminee-bio-aflamo-poker-blanc\\\/#breadcrumb\",\"itemListElement\":[{\"@type\":\"ListItem\",\"position\":1,\"name\":\"Page d'accueil\",\"item\":\"https:\\\/\\\/aflamo.shop\\\/fr\\\/\"},{\"@type\":\"ListItem\",\"position\":2,\"name\":\"Boutique\",\"item\":\"https:\\\/\\\/aflamo.shop\\\/boutique\\\/\"},{\"@type\":\"ListItem\",\"position\":3,\"name\":\"Foyers bio\",\"item\":\"https:\\\/\\\/aflamo.shop\\\/fr\\\/s\\\/foyers-bio\\\/\"},{\"@type\":\"ListItem\",\"position\":4,\"name\":\"Chemin\u00e9e bio Aflamo Poker blanc\"}]},{\"@type\":\"WebSite\",\"@id\":\"https:\\\/\\\/aflamo.shop\\\/fr\\\/#website\",\"url\":\"https:\\\/\\\/aflamo.shop\\\/fr\\\/\",\"name\":\"aflamo.shop - revendeur aflamo certifi\u00e9\",\"description\":\"Kominki elektryczne Aflamo i Emotion Flame z funkcj\u0105 grzania\",\"publisher\":{\"@id\":\"https:\\\/\\\/aflamo.shop\\\/fr\\\/#organization\"},\"potentialAction\":[{\"@type\":\"SearchAction\",\"target\":{\"@type\":\"EntryPoint\",\"urlTemplate\":\"https:\\\/\\\/aflamo.shop\\\/fr\\\/?s={search_term_string}\"},\"query-input\":{\"@type\":\"PropertyValueSpecification\",\"valueRequired\":true,\"valueName\":\"search_term_string\"}}],\"inLanguage\":\"fr-FR\"},{\"@type\":\"Organization\",\"@id\":\"https:\\\/\\\/aflamo.shop\\\/fr\\\/#organization\",\"name\":\"aflamo.shop - revendeur aflamo certifi\u00e9\",\"url\":\"https:\\\/\\\/aflamo.shop\\\/fr\\\/\",\"logo\":{\"@type\":\"ImageObject\",\"inLanguage\":\"fr-FR\",\"@id\":\"https:\\\/\\\/aflamo.shop\\\/fr\\\/#\\\/schema\\\/logo\\\/image\\\/\",\"url\":\"https:\\\/\\\/aflamo.shop\\\/wp-content\\\/uploads\\\/2019\\\/10\\\/logo2.1-1-1.svg\",\"contentUrl\":\"https:\\\/\\\/aflamo.shop\\\/wp-content\\\/uploads\\\/2019\\\/10\\\/logo2.1-1-1.svg\",\"caption\":\"aflamo.shop - revendeur aflamo certifi\u00e9\"},\"image\":{\"@id\":\"https:\\\/\\\/aflamo.shop\\\/fr\\\/#\\\/schema\\\/logo\\\/image\\\/\"}}]}<\/script>\n<!-- \/ Yoast SEO plugin. -->","yoast_head_json":{"title":"Chemin\u00e9e bio Aflamo Poker blanc - aflamo.shop - revendeur aflamo certifi\u00e9","robots":{"index":"index","follow":"follow","max-snippet":"max-snippet:-1","max-image-preview":"max-image-preview:large","max-video-preview":"max-video-preview:-1"},"canonical":"https:\/\/aflamo.shop\/fr\/p\/cheminee-bio-aflamo-poker-blanc\/","og_locale":"fr_FR","og_type":"article","og_title":"Chemin\u00e9e bio Aflamo Poker blanc - aflamo.shop - revendeur aflamo certifi\u00e9","og_description":"Fabricant : Aflamo Couleurs disponibles :   b\u00e9ton  blanc  Dimensions : 74x88x20","og_url":"https:\/\/aflamo.shop\/fr\/p\/cheminee-bio-aflamo-poker-blanc\/","og_site_name":"aflamo.shop - revendeur aflamo certifi\u00e9","article_modified_time":"2026-04-17T12:52:00+00:00","og_image":[{"width":2048,"height":2048,"url":"https:\/\/aflamo.shop\/wp-content\/uploads\/2023\/06\/Projekt-bez-nazwy32.png","type":"image\/png"}],"twitter_card":"summary_large_image","twitter_misc":{"Dur\u00e9e de lecture estim\u00e9e":"3 minutes"},"schema":{"@context":"https:\/\/schema.org","@graph":[{"@type":"WebPage","@id":"https:\/\/aflamo.shop\/fr\/p\/cheminee-bio-aflamo-poker-blanc\/","url":"https:\/\/aflamo.shop\/fr\/p\/cheminee-bio-aflamo-poker-blanc\/","name":"Chemin\u00e9e bio Aflamo Poker blanc - aflamo.shop - revendeur aflamo certifi\u00e9","isPartOf":{"@id":"https:\/\/aflamo.shop\/fr\/#website"},"primaryImageOfPage":{"@id":"https:\/\/aflamo.shop\/fr\/p\/cheminee-bio-aflamo-poker-blanc\/#primaryimage"},"image":{"@id":"https:\/\/aflamo.shop\/fr\/p\/cheminee-bio-aflamo-poker-blanc\/#primaryimage"},"thumbnailUrl":"https:\/\/aflamo.shop\/wp-content\/uploads\/2023\/06\/Projekt-bez-nazwy32.png","datePublished":"2023-06-14T11:41:21+00:00","dateModified":"2026-04-17T12:52:00+00:00","breadcrumb":{"@id":"https:\/\/aflamo.shop\/fr\/p\/cheminee-bio-aflamo-poker-blanc\/#breadcrumb"},"inLanguage":"fr-FR","potentialAction":[{"@type":"ReadAction","target":["https:\/\/aflamo.shop\/fr\/p\/cheminee-bio-aflamo-poker-blanc\/"]}]},{"@type":"ImageObject","inLanguage":"fr-FR","@id":"https:\/\/aflamo.shop\/fr\/p\/cheminee-bio-aflamo-poker-blanc\/#primaryimage","url":"https:\/\/aflamo.shop\/wp-content\/uploads\/2023\/06\/Projekt-bez-nazwy32.png","contentUrl":"https:\/\/aflamo.shop\/wp-content\/uploads\/2023\/06\/Projekt-bez-nazwy32.png","width":2048,"height":2048},{"@type":"BreadcrumbList","@id":"https:\/\/aflamo.shop\/fr\/p\/cheminee-bio-aflamo-poker-blanc\/#breadcrumb","itemListElement":[{"@type":"ListItem","position":1,"name":"Page d'accueil","item":"https:\/\/aflamo.shop\/fr\/"},{"@type":"ListItem","position":2,"name":"Boutique","item":"https:\/\/aflamo.shop\/boutique\/"},{"@type":"ListItem","position":3,"name":"Foyers bio","item":"https:\/\/aflamo.shop\/fr\/s\/foyers-bio\/"},{"@type":"ListItem","position":4,"name":"Chemin\u00e9e bio Aflamo Poker blanc"}]},{"@type":"WebSite","@id":"https:\/\/aflamo.shop\/fr\/#website","url":"https:\/\/aflamo.shop\/fr\/","name":"aflamo.shop - revendeur aflamo certifi\u00e9","description":"Kominki elektryczne Aflamo i Emotion Flame z funkcj\u0105 grzania","publisher":{"@id":"https:\/\/aflamo.shop\/fr\/#organization"},"potentialAction":[{"@type":"SearchAction","target":{"@type":"EntryPoint","urlTemplate":"https:\/\/aflamo.shop\/fr\/?s={search_term_string}"},"query-input":{"@type":"PropertyValueSpecification","valueRequired":true,"valueName":"search_term_string"}}],"inLanguage":"fr-FR"},{"@type":"Organization","@id":"https:\/\/aflamo.shop\/fr\/#organization","name":"aflamo.shop - revendeur aflamo certifi\u00e9","url":"https:\/\/aflamo.shop\/fr\/","logo":{"@type":"ImageObject","inLanguage":"fr-FR","@id":"https:\/\/aflamo.shop\/fr\/#\/schema\/logo\/image\/","url":"https:\/\/aflamo.shop\/wp-content\/uploads\/2019\/10\/logo2.1-1-1.svg","contentUrl":"https:\/\/aflamo.shop\/wp-content\/uploads\/2019\/10\/logo2.1-1-1.svg","caption":"aflamo.shop - revendeur aflamo certifi\u00e9"},"image":{"@id":"https:\/\/aflamo.shop\/fr\/#\/schema\/logo\/image\/"}}]}},"_links":{"self":[{"href":"https:\/\/aflamo.shop\/fr\/wp-json\/wp\/v2\/product\/16225","targetHints":{"allow":["GET"]}}],"collection":[{"href":"https:\/\/aflamo.shop\/fr\/wp-json\/wp\/v2\/product"}],"about":[{"href":"https:\/\/aflamo.shop\/fr\/wp-json\/wp\/v2\/types\/product"}],"replies":[{"embeddable":true,"href":"https:\/\/aflamo.shop\/fr\/wp-json\/wp\/v2\/comments?post=16225"}],"wp:featuredmedia":[{"embeddable":true,"href":"https:\/\/aflamo.shop\/fr\/wp-json\/wp\/v2\/media\/22161"}],"wp:attachment":[{"href":"https:\/\/aflamo.shop\/fr\/wp-json\/wp\/v2\/media?parent=16225"}],"wp:term":[{"taxonomy":"product_brand","embeddable":true,"href":"https:\/\/aflamo.shop\/fr\/wp-json\/wp\/v2\/product_brand?post=16225"},{"taxonomy":"product_cat","embeddable":true,"href":"https:\/\/aflamo.shop\/fr\/wp-json\/wp\/v2\/product_cat?post=16225"},{"taxonomy":"product_tag","embeddable":true,"href":"https:\/\/aflamo.shop\/fr\/wp-json\/wp\/v2\/product_tag?post=16225"}],"curies":[{"name":"wp","href":"https:\/\/api.w.org\/{rel}","templated":true}]}}