{"id":16213,"date":"2023-09-16T15:02:19","date_gmt":"2023-09-16T15:02:19","guid":{"rendered":"https:\/\/aflamo.shop\/p\/aflamo-royal-42-cheminee-electrique-led-murale-encastrable\/"},"modified":"2026-04-17T12:39:49","modified_gmt":"2026-04-17T12:39:49","slug":"aflamo-royal-42-cheminee-electrique-led-murale-encastrable","status":"publish","type":"product","link":"https:\/\/aflamo.shop\/fr\/p\/aflamo-royal-42-cheminee-electrique-led-murale-encastrable\/","title":{"rendered":"Aflamo Royal 42 &#8211; chemin\u00e9e \u00e9lectrique LED murale\/encastrable"},"content":{"rendered":"<p style=\"text-align: center;\"><iframe title=\"Lecteur vid\u00e9o YouTube\" src=\"https:\/\/www.youtube.com\/embed\/f2DyPqOBHS4\" width=\"560\" height=\"315\" frameborder=\"0\" allowfullscreen=\"allowfullscreen\"><\/iframe><\/p>\n<h2><strong>Chemin\u00e9e \u00e9lectrique Royal LED \u2013 \u00c9l\u00e9gance et confort dans un style moderne<\/strong><\/h2>\n<p><strong>La chemin\u00e9e \u00e9lectrique Royal LED<\/strong> est une expression de design moderne et de fonctionnalit\u00e9, qui enrichit l&rsquo;int\u00e9rieur de chaleur et d&rsquo;une atmosph\u00e8re unique. Les cadres minimalistes et fins mettent subtilement en valeur la zone de la flamme, cr\u00e9ant un effet visuel \u00e9l\u00e9gant qui compl\u00e8te harmonieusement tout style de d\u00e9coration int\u00e9rieure. <\/p>\n<p><strong>Caract\u00e9ristiques<\/strong><\/p>\n<p>La chemin\u00e9e Royal offre une gamme compl\u00e8te de fonctionnalit\u00e9s avanc\u00e9es qui vous permettent d&rsquo;ajuster son fonctionnement \u00e0 vos besoins individuels :<\/p>\n<p><strong>Vari\u00e9t\u00e9 d&rsquo;effets de flamme<\/strong><\/p>\n<p>Cr\u00e9ez l&rsquo;atmosph\u00e8re parfaite en choisissant parmi une vari\u00e9t\u00e9 de r\u00e9glages de flammes :<\/p>\n<ul>\n<li><strong>6 couleurs de flammes <\/strong>: des nuances froides aux nuances chaudes, pour adapter facilement l&rsquo;ambiance \u00e0 votre humeur.<\/li>\n<li><strong> 3 niveaux de vitesse de flamme :<\/strong> ajustez la dynamique du feu \u2013 des flammes douces et apaisantes au scintillement intense.<\/li>\n<li><strong>5 niveaux de luminosit\u00e9 de la flamme<\/strong> : ajustez l&rsquo;intensit\u00e9 lumineuse, d&rsquo;une lueur subtile \u00e0 une flamme saisissante.<\/li>\n<\/ul>\n<p style=\"text-align: center;\"><img fetchpriority=\"high\" decoding=\"async\" class=\"aligncenter wp-image-11269 size-full\" src=\"https:\/\/aflamo.shop\/wp-content\/uploads\/2023\/09\/flames_2x3-1-1-1.jpg\" alt=\"\" width=\"555\" height=\"425\" srcset=\"https:\/\/aflamo.shop\/wp-content\/uploads\/2023\/09\/flames_2x3-1-1-1.jpg 555w, https:\/\/aflamo.shop\/wp-content\/uploads\/2023\/09\/flames_2x3-1-1-1-300x230.jpg 300w\" sizes=\"(max-width: 555px) 100vw, 555px\" \/><\/p>\n<p><strong>Chemin\u00e9e polyvalente<\/strong><\/p>\n<p>Royal propose deux styles de foyer diff\u00e9rents pour que vous puissiez personnaliser l&rsquo;apparence de votre chemin\u00e9e :<\/p>\n<ul>\n<li><strong>B\u00fbches traditionnelles<\/strong> : ajoutent un caract\u00e8re classique et chaleureux.<\/li>\n<li><strong>Cristaux <\/strong>: un accent \u00e9l\u00e9gant et moderne pour les int\u00e9rieurs minimalistes.<\/li>\n<\/ul>\n<p style=\"text-align: center;\"><img decoding=\"async\" class=\"aligncenter wp-image-10691 size-full\" src=\"https:\/\/aflamo.shop\/wp-content\/uploads\/2024\/06\/polana_krysztaly-e1603875138523.png\" alt=\"\" width=\"413\" height=\"297\" srcset=\"https:\/\/aflamo.shop\/wp-content\/uploads\/2024\/06\/polana_krysztaly-e1603875138523.png 413w, https:\/\/aflamo.shop\/wp-content\/uploads\/2024\/06\/polana_krysztaly-e1603875138523-300x216.png 300w\" sizes=\"(max-width: 413px) 100vw, 413px\" \/><\/p>\n<p>De plus, <strong>10 couleurs d&rsquo;\u00e9clairage du foyer<\/strong> et 5 niveaux de luminosit\u00e9 permettent une personnalisation et une mise en valeur encore plus grandes du style int\u00e9rieur.<\/p>\n<p><strong>Installation simple<\/strong><\/p>\n<p>La chemin\u00e9e Royal offre des options d&rsquo;installation flexibles :<\/p>\n<ol>\n<li><strong>Montage mural<\/strong> \u2013 la chemin\u00e9e devient le point central de l\u2019am\u00e9nagement.<\/li>\n<li><strong>Partiellement int\u00e9gr\u00e9 au mur <\/strong>\u2013 pour un effet plus subtil et plus int\u00e9gr\u00e9.<\/li>\n<li><strong>Enti\u00e8rement int\u00e9gr\u00e9 au mur <\/strong>\u2013 parfait pour un look moderne et minimaliste.<\/li>\n<\/ol>\n<p>L&rsquo;ensemble comprend un <strong>support de montage <\/strong>qui facilite le processus d&rsquo;installation.<\/p>\n<p><strong>Chauffage<\/strong><\/p>\n<ul>\n<li><strong>2 niveaux de chauffage<\/strong> : choisir entre deux modes de puissance (750\/1500W) permet d&rsquo;ajuster pr\u00e9cis\u00e9ment la chaleur aux conditions et pr\u00e9f\u00e9rences.<\/li>\n<li><strong>Capteur de fen\u00eatre ouverte<\/strong> : protection intelligente qui \u00e9teint automatiquement la chemin\u00e9e lorsqu&rsquo;une fen\u00eatre est ouverte, augmentant ainsi la s\u00e9curit\u00e9 et l&rsquo;efficacit\u00e9 \u00e9nerg\u00e9tique.<\/li>\n<li><strong>Thermostat num\u00e9rique <\/strong>: assure un contr\u00f4le pr\u00e9cis de la temp\u00e9rature entre 18 et 30\u00b0C, vous permettant d&rsquo;obtenir un confort thermique optimal.<\/li>\n<li><strong>Panneau de commande et t\u00e9l\u00e9commande :<\/strong> utilisation facile de toutes les fonctions, y compris l&rsquo;intensit\u00e9 et la couleur de la flamme, \u00e0 l&rsquo;aide de la t\u00e9l\u00e9commande pratique.<\/li>\n<\/ul>\n<p><strong>Confort toute l&rsquo;ann\u00e9e<\/strong><\/p>\n<p>La fonction de chauffage est ind\u00e9pendante de l&rsquo;effet de flamme, ce qui signifie que vous pouvez utiliser la chemin\u00e9e et profiter de l&rsquo;effet visuel du feu toute l&rsquo;ann\u00e9e. De plus, <strong>la minuterie<\/strong> et <strong>le programmateur hebdomadaire<\/strong> vous permettent de programmer le foyer pour qu&rsquo;il fonctionne selon votre horaire. <\/p>\n<p><strong>La chemin\u00e9e LED Royal<\/strong> est une combinaison parfaite d&rsquo;\u00e9l\u00e9gance, de confort et de technologies modernes. Avec la r\u00e9gulation de la flamme, une vari\u00e9t\u00e9 d&rsquo;options de foyer et des fonctions de s\u00e9curit\u00e9 et de contr\u00f4le avanc\u00e9es, Royal introduit non seulement l&rsquo;atmosph\u00e8re magique d&rsquo;un feu de camp \u00e0 l&rsquo;int\u00e9rieur, mais devient \u00e9galement un \u00e9l\u00e9ment d\u00e9coratif unique. <\/p>\n<div class=\"feature\">\n<ul><strong><\/p>\n<p><a href=\"https:\/\/aflamo.shop\/wp-content\/uploads\/2023\/09\/ROYAL_EN-PL-DE-IT-ES-FR-CS-SK-NL-3.pdf\">Instructions d&rsquo;utilisation et de s\u00e9curit\u00e9<\/a><\/p>\n<p><\/strong><\/ul>\n<p style=\"text-align: left;\"><strong>Dessins techniques<\/strong><\/p>\n<p>Royal 42<\/p>\n<p style=\"text-align: center;\"><img decoding=\"async\" class=\"aligncenter wp-image-2617 size-full\" src=\"https:\/\/aflamo.shop\/wp-content\/uploads\/2023\/05\/royal-42-7-1.jpg\" alt=\"\" width=\"1244\" height=\"731\" srcset=\"https:\/\/aflamo.shop\/wp-content\/uploads\/2023\/05\/royal-42-7-1.jpg 1244w, https:\/\/aflamo.shop\/wp-content\/uploads\/2023\/05\/royal-42-7-1-600x353.jpg 600w, https:\/\/aflamo.shop\/wp-content\/uploads\/2023\/05\/royal-42-7-1-300x176.jpg 300w, https:\/\/aflamo.shop\/wp-content\/uploads\/2023\/05\/royal-42-7-1-1024x602.jpg 1024w, https:\/\/aflamo.shop\/wp-content\/uploads\/2023\/05\/royal-42-7-1-768x451.jpg 768w\" sizes=\"(max-width: 1244px) 100vw, 1244px\" \/><\/p>\n<p>Royal 50<\/p>\n<p style=\"text-align: center;\"><img loading=\"lazy\" decoding=\"async\" class=\"aligncenter wp-image-2648 size-full\" src=\"https:\/\/aflamo.shop\/wp-content\/uploads\/2023\/05\/royal-50-9-1.jpg\" alt=\"\" width=\"1332\" height=\"699\" srcset=\"https:\/\/aflamo.shop\/wp-content\/uploads\/2023\/05\/royal-50-9-1.jpg 1332w, https:\/\/aflamo.shop\/wp-content\/uploads\/2023\/05\/royal-50-9-1-600x315.jpg 600w, https:\/\/aflamo.shop\/wp-content\/uploads\/2023\/05\/royal-50-9-1-300x157.jpg 300w, https:\/\/aflamo.shop\/wp-content\/uploads\/2023\/05\/royal-50-9-1-1024x537.jpg 1024w, https:\/\/aflamo.shop\/wp-content\/uploads\/2023\/05\/royal-50-9-1-768x403.jpg 768w\" sizes=\"(max-width: 1332px) 100vw, 1332px\" \/><\/p>\n<p>Royal 60<\/p>\n<p style=\"text-align: center;\"><img loading=\"lazy\" decoding=\"async\" class=\"aligncenter wp-image-2654 size-full\" src=\"https:\/\/aflamo.shop\/wp-content\/uploads\/2023\/05\/royal-60-7-1.jpg\" alt=\"\" width=\"1369\" height=\"634\" srcset=\"https:\/\/aflamo.shop\/wp-content\/uploads\/2023\/05\/royal-60-7-1.jpg 1369w, https:\/\/aflamo.shop\/wp-content\/uploads\/2023\/05\/royal-60-7-1-600x278.jpg 600w, https:\/\/aflamo.shop\/wp-content\/uploads\/2023\/05\/royal-60-7-1-300x139.jpg 300w, https:\/\/aflamo.shop\/wp-content\/uploads\/2023\/05\/royal-60-7-1-1024x474.jpg 1024w, https:\/\/aflamo.shop\/wp-content\/uploads\/2023\/05\/royal-60-7-1-768x356.jpg 768w\" sizes=\"(max-width: 1369px) 100vw, 1369px\" \/><\/p>\n<p>Royal 65<\/p>\n<p style=\"text-align: center;\"><img loading=\"lazy\" decoding=\"async\" class=\"aligncenter wp-image-2660 size-full\" src=\"https:\/\/aflamo.shop\/wp-content\/uploads\/2023\/05\/royal-65-5-1.jpg\" alt=\"\" width=\"1346\" height=\"594\" srcset=\"https:\/\/aflamo.shop\/wp-content\/uploads\/2023\/05\/royal-65-5-1.jpg 1346w, https:\/\/aflamo.shop\/wp-content\/uploads\/2023\/05\/royal-65-5-1-600x265.jpg 600w, https:\/\/aflamo.shop\/wp-content\/uploads\/2023\/05\/royal-65-5-1-300x132.jpg 300w, https:\/\/aflamo.shop\/wp-content\/uploads\/2023\/05\/royal-65-5-1-1024x452.jpg 1024w, https:\/\/aflamo.shop\/wp-content\/uploads\/2023\/05\/royal-65-5-1-768x339.jpg 768w\" sizes=\"(max-width: 1346px) 100vw, 1346px\" \/><\/p>\n<p>Royal 72<\/p>\n<p style=\"text-align: center;\"><img loading=\"lazy\" decoding=\"async\" class=\"alignnone wp-image-2666 size-full\" src=\"https:\/\/aflamo.shop\/wp-content\/uploads\/2023\/05\/royal-72-7-1.jpg\" alt=\"\" width=\"1414\" height=\"573\" srcset=\"https:\/\/aflamo.shop\/wp-content\/uploads\/2023\/05\/royal-72-7-1.jpg 1414w, https:\/\/aflamo.shop\/wp-content\/uploads\/2023\/05\/royal-72-7-1-600x243.jpg 600w, https:\/\/aflamo.shop\/wp-content\/uploads\/2023\/05\/royal-72-7-1-300x122.jpg 300w, https:\/\/aflamo.shop\/wp-content\/uploads\/2023\/05\/royal-72-7-1-1024x415.jpg 1024w, https:\/\/aflamo.shop\/wp-content\/uploads\/2023\/05\/royal-72-7-1-768x311.jpg 768w\" sizes=\"(max-width: 1414px) 100vw, 1414px\" \/><\/p>\n<\/div>\n","protected":false},"excerpt":{"rendered":"<p>Fabricant : Aflamo<\/p>\n<p>Chemin\u00e9e \u00e9lectrique \u00e0 encastrer\/monter au mur avec fonction de chauffage.<\/p>\n<p><b>Mod\u00e8le :<\/b><\/p>\n<ul>\n<li><a href=\"https:\/\/aflamo.shop\/fr\/p\/aflamo-royal-42-cheminee-electrique-led-murale-encastrable\/\">42<\/a><\/li>\n<li><a href=\"https:\/\/aflamo.shop\/fr\/p\/aflamo-royal-50-cheminee-electrique-led-murale-encastrable\/\">50<\/a><\/li>\n<li><a href=\"https:\/\/aflamo.shop\/fr\/p\/aflamo-royal-60-cheminee-electrique-led-murale-encastrable\/\">60<\/a><\/li>\n<li><a href=\"https:\/\/aflamo.shop\/fr\/p\/aflamo-royal-65-cheminee-electrique-led-murale-encastrable\/\">65<\/a><\/li>\n<li><a href=\"https:\/\/aflamo.shop\/fr\/p\/aflamo-royal-72-cheminee-electrique-led-murale-encastrable\/\">72<\/a><\/li>\n<\/ul>\n<p><b>Dimensions <\/b>: 106x43x15 cm<\/p>\n","protected":false},"featured_media":2729,"comment_status":"open","ping_status":"closed","template":"","meta":[],"product_brand":[],"product_cat":[770,170,774,772,771,773],"product_tag":[777],"class_list":{"0":"post-16213","1":"product","2":"type-product","3":"status-publish","4":"has-post-thumbnail","6":"product_cat-aflamo-fr","7":"product_cat-cheminees-electriques-fr","8":"product_cat-cheminees-electriques-a-accrocher-au-mur","9":"product_cat-cheminees-electriques-a-led-avec-fonction-de-chauffage","10":"product_cat-cheminees-electriques-led-encastrees","11":"product_cat-inserts-electriques-led","12":"product_tag-max-fr","14":"first","15":"instock","16":"shipping-taxable","17":"purchasable","18":"product-type-simple"},"yoast_head":"<!-- This site is optimized with the Yoast SEO plugin v27.4 - https:\/\/yoast.com\/product\/yoast-seo-wordpress\/ -->\n<title>Aflamo Royal 42 - chemin\u00e9e \u00e9lectrique LED murale\/encastrable - aflamo.shop - revendeur aflamo certifi\u00e9<\/title>\n<meta name=\"description\" content=\"Chemin\u00e9e LED Royal \u2013 \u00e9l\u00e9gance, confort et technologies modernes. Le contr\u00f4le de la flamme, les options de feu et les fonctions de s\u00e9curit\u00e9 cr\u00e9ent une atmosph\u00e8re magique\" \/>\n<meta name=\"robots\" content=\"index, follow, max-snippet:-1, max-image-preview:large, max-video-preview:-1\" \/>\n<link rel=\"canonical\" href=\"https:\/\/aflamo.shop\/fr\/p\/aflamo-royal-42-cheminee-electrique-led-murale-encastrable\/\" \/>\n<meta property=\"og:locale\" content=\"fr_FR\" \/>\n<meta property=\"og:type\" content=\"article\" \/>\n<meta property=\"og:title\" content=\"Aflamo Royal 42 - chemin\u00e9e \u00e9lectrique LED murale\/encastrable - aflamo.shop - revendeur aflamo certifi\u00e9\" \/>\n<meta property=\"og:description\" content=\"Chemin\u00e9e LED Royal \u2013 \u00e9l\u00e9gance, confort et technologies modernes. Le contr\u00f4le de la flamme, les options de feu et les fonctions de s\u00e9curit\u00e9 cr\u00e9ent une atmosph\u00e8re magique\" \/>\n<meta property=\"og:url\" content=\"https:\/\/aflamo.shop\/fr\/p\/aflamo-royal-42-cheminee-electrique-led-murale-encastrable\/\" \/>\n<meta property=\"og:site_name\" content=\"aflamo.shop - revendeur aflamo certifi\u00e9\" \/>\n<meta property=\"article:modified_time\" content=\"2026-04-17T12:39:49+00:00\" \/>\n<meta property=\"og:image\" content=\"https:\/\/aflamo.shop\/wp-content\/uploads\/2023\/05\/royal-60-2_sq-1.jpg\" \/>\n\t<meta property=\"og:image:width\" content=\"2248\" \/>\n\t<meta property=\"og:image:height\" content=\"2248\" \/>\n\t<meta property=\"og:image:type\" content=\"image\/jpeg\" \/>\n<meta name=\"twitter:card\" content=\"summary_large_image\" \/>\n<meta name=\"twitter:label1\" content=\"Dur\u00e9e de lecture estim\u00e9e\" \/>\n\t<meta name=\"twitter:data1\" content=\"5 minutes\" \/>\n<script type=\"application\/ld+json\" class=\"yoast-schema-graph\">{\"@context\":\"https:\\\/\\\/schema.org\",\"@graph\":[{\"@type\":\"WebPage\",\"@id\":\"https:\\\/\\\/aflamo.shop\\\/fr\\\/p\\\/aflamo-royal-42-cheminee-electrique-led-murale-encastrable\\\/\",\"url\":\"https:\\\/\\\/aflamo.shop\\\/fr\\\/p\\\/aflamo-royal-42-cheminee-electrique-led-murale-encastrable\\\/\",\"name\":\"Aflamo Royal 42 - chemin\u00e9e \u00e9lectrique LED murale\\\/encastrable - aflamo.shop - revendeur aflamo certifi\u00e9\",\"isPartOf\":{\"@id\":\"https:\\\/\\\/aflamo.shop\\\/fr\\\/#website\"},\"primaryImageOfPage\":{\"@id\":\"https:\\\/\\\/aflamo.shop\\\/fr\\\/p\\\/aflamo-royal-42-cheminee-electrique-led-murale-encastrable\\\/#primaryimage\"},\"image\":{\"@id\":\"https:\\\/\\\/aflamo.shop\\\/fr\\\/p\\\/aflamo-royal-42-cheminee-electrique-led-murale-encastrable\\\/#primaryimage\"},\"thumbnailUrl\":\"https:\\\/\\\/aflamo.shop\\\/wp-content\\\/uploads\\\/2023\\\/05\\\/royal-60-2_sq-1.jpg\",\"datePublished\":\"2023-09-16T15:02:19+00:00\",\"dateModified\":\"2026-04-17T12:39:49+00:00\",\"description\":\"Chemin\u00e9e LED Royal \u2013 \u00e9l\u00e9gance, confort et technologies modernes. Le contr\u00f4le de la flamme, les options de feu et les fonctions de s\u00e9curit\u00e9 cr\u00e9ent une atmosph\u00e8re magique\",\"breadcrumb\":{\"@id\":\"https:\\\/\\\/aflamo.shop\\\/fr\\\/p\\\/aflamo-royal-42-cheminee-electrique-led-murale-encastrable\\\/#breadcrumb\"},\"inLanguage\":\"fr-FR\",\"potentialAction\":[{\"@type\":\"ReadAction\",\"target\":[\"https:\\\/\\\/aflamo.shop\\\/fr\\\/p\\\/aflamo-royal-42-cheminee-electrique-led-murale-encastrable\\\/\"]}]},{\"@type\":\"ImageObject\",\"inLanguage\":\"fr-FR\",\"@id\":\"https:\\\/\\\/aflamo.shop\\\/fr\\\/p\\\/aflamo-royal-42-cheminee-electrique-led-murale-encastrable\\\/#primaryimage\",\"url\":\"https:\\\/\\\/aflamo.shop\\\/wp-content\\\/uploads\\\/2023\\\/05\\\/royal-60-2_sq-1.jpg\",\"contentUrl\":\"https:\\\/\\\/aflamo.shop\\\/wp-content\\\/uploads\\\/2023\\\/05\\\/royal-60-2_sq-1.jpg\",\"width\":2248,\"height\":2248},{\"@type\":\"BreadcrumbList\",\"@id\":\"https:\\\/\\\/aflamo.shop\\\/fr\\\/p\\\/aflamo-royal-42-cheminee-electrique-led-murale-encastrable\\\/#breadcrumb\",\"itemListElement\":[{\"@type\":\"ListItem\",\"position\":1,\"name\":\"Page d'accueil\",\"item\":\"https:\\\/\\\/aflamo.shop\\\/fr\\\/\"},{\"@type\":\"ListItem\",\"position\":2,\"name\":\"Boutique\",\"item\":\"https:\\\/\\\/aflamo.shop\\\/boutique\\\/\"},{\"@type\":\"ListItem\",\"position\":3,\"name\":\"Chemin\u00e9es \u00e9lectriques\",\"item\":\"https:\\\/\\\/aflamo.shop\\\/fr\\\/s\\\/cheminees-electriques-fr\\\/\"},{\"@type\":\"ListItem\",\"position\":4,\"name\":\"Aflamo Royal 42 &#8211; chemin\u00e9e \u00e9lectrique LED murale\\\/encastrable\"}]},{\"@type\":\"WebSite\",\"@id\":\"https:\\\/\\\/aflamo.shop\\\/fr\\\/#website\",\"url\":\"https:\\\/\\\/aflamo.shop\\\/fr\\\/\",\"name\":\"aflamo.shop - revendeur aflamo certifi\u00e9\",\"description\":\"Kominki elektryczne Aflamo i Emotion Flame z funkcj\u0105 grzania\",\"publisher\":{\"@id\":\"https:\\\/\\\/aflamo.shop\\\/fr\\\/#organization\"},\"potentialAction\":[{\"@type\":\"SearchAction\",\"target\":{\"@type\":\"EntryPoint\",\"urlTemplate\":\"https:\\\/\\\/aflamo.shop\\\/fr\\\/?s={search_term_string}\"},\"query-input\":{\"@type\":\"PropertyValueSpecification\",\"valueRequired\":true,\"valueName\":\"search_term_string\"}}],\"inLanguage\":\"fr-FR\"},{\"@type\":\"Organization\",\"@id\":\"https:\\\/\\\/aflamo.shop\\\/fr\\\/#organization\",\"name\":\"aflamo.shop - revendeur aflamo certifi\u00e9\",\"url\":\"https:\\\/\\\/aflamo.shop\\\/fr\\\/\",\"logo\":{\"@type\":\"ImageObject\",\"inLanguage\":\"fr-FR\",\"@id\":\"https:\\\/\\\/aflamo.shop\\\/fr\\\/#\\\/schema\\\/logo\\\/image\\\/\",\"url\":\"https:\\\/\\\/aflamo.shop\\\/wp-content\\\/uploads\\\/2019\\\/10\\\/logo2.1-1-1.svg\",\"contentUrl\":\"https:\\\/\\\/aflamo.shop\\\/wp-content\\\/uploads\\\/2019\\\/10\\\/logo2.1-1-1.svg\",\"caption\":\"aflamo.shop - revendeur aflamo certifi\u00e9\"},\"image\":{\"@id\":\"https:\\\/\\\/aflamo.shop\\\/fr\\\/#\\\/schema\\\/logo\\\/image\\\/\"}}]}<\/script>\n<!-- \/ Yoast SEO plugin. -->","yoast_head_json":{"title":"Aflamo Royal 42 - chemin\u00e9e \u00e9lectrique LED murale\/encastrable - aflamo.shop - revendeur aflamo certifi\u00e9","description":"Chemin\u00e9e LED Royal \u2013 \u00e9l\u00e9gance, confort et technologies modernes. Le contr\u00f4le de la flamme, les options de feu et les fonctions de s\u00e9curit\u00e9 cr\u00e9ent une atmosph\u00e8re magique","robots":{"index":"index","follow":"follow","max-snippet":"max-snippet:-1","max-image-preview":"max-image-preview:large","max-video-preview":"max-video-preview:-1"},"canonical":"https:\/\/aflamo.shop\/fr\/p\/aflamo-royal-42-cheminee-electrique-led-murale-encastrable\/","og_locale":"fr_FR","og_type":"article","og_title":"Aflamo Royal 42 - chemin\u00e9e \u00e9lectrique LED murale\/encastrable - aflamo.shop - revendeur aflamo certifi\u00e9","og_description":"Chemin\u00e9e LED Royal \u2013 \u00e9l\u00e9gance, confort et technologies modernes. Le contr\u00f4le de la flamme, les options de feu et les fonctions de s\u00e9curit\u00e9 cr\u00e9ent une atmosph\u00e8re magique","og_url":"https:\/\/aflamo.shop\/fr\/p\/aflamo-royal-42-cheminee-electrique-led-murale-encastrable\/","og_site_name":"aflamo.shop - revendeur aflamo certifi\u00e9","article_modified_time":"2026-04-17T12:39:49+00:00","og_image":[{"width":2248,"height":2248,"url":"https:\/\/aflamo.shop\/wp-content\/uploads\/2023\/05\/royal-60-2_sq-1.jpg","type":"image\/jpeg"}],"twitter_card":"summary_large_image","twitter_misc":{"Dur\u00e9e de lecture estim\u00e9e":"5 minutes"},"schema":{"@context":"https:\/\/schema.org","@graph":[{"@type":"WebPage","@id":"https:\/\/aflamo.shop\/fr\/p\/aflamo-royal-42-cheminee-electrique-led-murale-encastrable\/","url":"https:\/\/aflamo.shop\/fr\/p\/aflamo-royal-42-cheminee-electrique-led-murale-encastrable\/","name":"Aflamo Royal 42 - chemin\u00e9e \u00e9lectrique LED murale\/encastrable - aflamo.shop - revendeur aflamo certifi\u00e9","isPartOf":{"@id":"https:\/\/aflamo.shop\/fr\/#website"},"primaryImageOfPage":{"@id":"https:\/\/aflamo.shop\/fr\/p\/aflamo-royal-42-cheminee-electrique-led-murale-encastrable\/#primaryimage"},"image":{"@id":"https:\/\/aflamo.shop\/fr\/p\/aflamo-royal-42-cheminee-electrique-led-murale-encastrable\/#primaryimage"},"thumbnailUrl":"https:\/\/aflamo.shop\/wp-content\/uploads\/2023\/05\/royal-60-2_sq-1.jpg","datePublished":"2023-09-16T15:02:19+00:00","dateModified":"2026-04-17T12:39:49+00:00","description":"Chemin\u00e9e LED Royal \u2013 \u00e9l\u00e9gance, confort et technologies modernes. Le contr\u00f4le de la flamme, les options de feu et les fonctions de s\u00e9curit\u00e9 cr\u00e9ent une atmosph\u00e8re magique","breadcrumb":{"@id":"https:\/\/aflamo.shop\/fr\/p\/aflamo-royal-42-cheminee-electrique-led-murale-encastrable\/#breadcrumb"},"inLanguage":"fr-FR","potentialAction":[{"@type":"ReadAction","target":["https:\/\/aflamo.shop\/fr\/p\/aflamo-royal-42-cheminee-electrique-led-murale-encastrable\/"]}]},{"@type":"ImageObject","inLanguage":"fr-FR","@id":"https:\/\/aflamo.shop\/fr\/p\/aflamo-royal-42-cheminee-electrique-led-murale-encastrable\/#primaryimage","url":"https:\/\/aflamo.shop\/wp-content\/uploads\/2023\/05\/royal-60-2_sq-1.jpg","contentUrl":"https:\/\/aflamo.shop\/wp-content\/uploads\/2023\/05\/royal-60-2_sq-1.jpg","width":2248,"height":2248},{"@type":"BreadcrumbList","@id":"https:\/\/aflamo.shop\/fr\/p\/aflamo-royal-42-cheminee-electrique-led-murale-encastrable\/#breadcrumb","itemListElement":[{"@type":"ListItem","position":1,"name":"Page d'accueil","item":"https:\/\/aflamo.shop\/fr\/"},{"@type":"ListItem","position":2,"name":"Boutique","item":"https:\/\/aflamo.shop\/boutique\/"},{"@type":"ListItem","position":3,"name":"Chemin\u00e9es \u00e9lectriques","item":"https:\/\/aflamo.shop\/fr\/s\/cheminees-electriques-fr\/"},{"@type":"ListItem","position":4,"name":"Aflamo Royal 42 &#8211; chemin\u00e9e \u00e9lectrique LED murale\/encastrable"}]},{"@type":"WebSite","@id":"https:\/\/aflamo.shop\/fr\/#website","url":"https:\/\/aflamo.shop\/fr\/","name":"aflamo.shop - revendeur aflamo certifi\u00e9","description":"Kominki elektryczne Aflamo i Emotion Flame z funkcj\u0105 grzania","publisher":{"@id":"https:\/\/aflamo.shop\/fr\/#organization"},"potentialAction":[{"@type":"SearchAction","target":{"@type":"EntryPoint","urlTemplate":"https:\/\/aflamo.shop\/fr\/?s={search_term_string}"},"query-input":{"@type":"PropertyValueSpecification","valueRequired":true,"valueName":"search_term_string"}}],"inLanguage":"fr-FR"},{"@type":"Organization","@id":"https:\/\/aflamo.shop\/fr\/#organization","name":"aflamo.shop - revendeur aflamo certifi\u00e9","url":"https:\/\/aflamo.shop\/fr\/","logo":{"@type":"ImageObject","inLanguage":"fr-FR","@id":"https:\/\/aflamo.shop\/fr\/#\/schema\/logo\/image\/","url":"https:\/\/aflamo.shop\/wp-content\/uploads\/2019\/10\/logo2.1-1-1.svg","contentUrl":"https:\/\/aflamo.shop\/wp-content\/uploads\/2019\/10\/logo2.1-1-1.svg","caption":"aflamo.shop - revendeur aflamo certifi\u00e9"},"image":{"@id":"https:\/\/aflamo.shop\/fr\/#\/schema\/logo\/image\/"}}]}},"_links":{"self":[{"href":"https:\/\/aflamo.shop\/fr\/wp-json\/wp\/v2\/product\/16213","targetHints":{"allow":["GET"]}}],"collection":[{"href":"https:\/\/aflamo.shop\/fr\/wp-json\/wp\/v2\/product"}],"about":[{"href":"https:\/\/aflamo.shop\/fr\/wp-json\/wp\/v2\/types\/product"}],"replies":[{"embeddable":true,"href":"https:\/\/aflamo.shop\/fr\/wp-json\/wp\/v2\/comments?post=16213"}],"wp:featuredmedia":[{"embeddable":true,"href":"https:\/\/aflamo.shop\/fr\/wp-json\/wp\/v2\/media\/2729"}],"wp:attachment":[{"href":"https:\/\/aflamo.shop\/fr\/wp-json\/wp\/v2\/media?parent=16213"}],"wp:term":[{"taxonomy":"product_brand","embeddable":true,"href":"https:\/\/aflamo.shop\/fr\/wp-json\/wp\/v2\/product_brand?post=16213"},{"taxonomy":"product_cat","embeddable":true,"href":"https:\/\/aflamo.shop\/fr\/wp-json\/wp\/v2\/product_cat?post=16213"},{"taxonomy":"product_tag","embeddable":true,"href":"https:\/\/aflamo.shop\/fr\/wp-json\/wp\/v2\/product_tag?post=16213"}],"curies":[{"name":"wp","href":"https:\/\/api.w.org\/{rel}","templated":true}]}}