{"id":16200,"date":"2023-09-16T15:29:23","date_gmt":"2023-09-16T15:29:23","guid":{"rendered":"https:\/\/aflamo.shop\/p\/aflamo-unique-nh-120-cheminee-electrique-led-murale-encastrable\/"},"modified":"2026-04-17T12:35:54","modified_gmt":"2026-04-17T12:35:54","slug":"aflamo-unique-nh-120-cheminee-electrique-led-murale-encastrable","status":"publish","type":"product","link":"https:\/\/aflamo.shop\/fr\/p\/aflamo-unique-nh-120-cheminee-electrique-led-murale-encastrable\/","title":{"rendered":"Aflamo Unique NH 120 &#8211; Chemin\u00e9e \u00e9lectrique LED murale\/encastrable"},"content":{"rendered":"<p><iframe title=\"Lecteur vid\u00e9o YouTube\" src=\"https:\/\/www.youtube.com\/embed\/GMbhnINRFgQ?si=QRU0VohPHxMJXQIv\" width=\"560\" height=\"315\" frameborder=\"0\" allowfullscreen=\"allowfullscreen\"><span data-mce-type=\"bookmark\" style=\"display: inline-block; width: 0px; overflow: hidden; line-height: 0;\" class=\"mce_SELRES_start\"><\/span><\/iframe><\/p>\n<div class=\"flex-shrink-0 flex flex-col relative items-end\">\n<div class=\"pt-0\">\n<div class=\"gizmo-shadow-stroke flex h-8 w-8 items-center justify-center overflow-hidden rounded-full\">\n<div class=\"h-full w-full\">\n<div class=\"gizmo-shadow-stroke overflow-hidden rounded-full\"><\/div>\n<\/div>\n<\/div>\n<\/div>\n<\/div>\n<div class=\"group\/conversation-turn relative flex w-full min-w-0 flex-col agent-turn\">\n<div class=\"flex-col gap-1 md:gap-3\">\n<div class=\"flex max-w-full flex-col flex-grow\">\n<div class=\"min-h-8 text-message flex w-full flex-col items-end gap-2 whitespace-normal break-words [.text-message+&amp;]:mt-5\" dir=\"auto\" data-message-author-role=\"assistant\" data-message-id=\"54d54e75-f83b-4acd-b251-aa1a7dbd0119\" data-message-model-slug=\"gpt-4o\">\n<div class=\"flex w-full flex-col gap-1 empty:hidden first:pt-[3px]\">\n<div class=\"markdown prose w-full break-words dark:prose-invert light\">\n<h3><strong>Chemin\u00e9e murale \u00e9lectrique \u00e0 LED Unique NH \u2013 Beaut\u00e9 et r\u00e9alisme dans votre int\u00e9rieur<\/strong><\/h3>\n<p><strong>Le foyer mural \u00e9lectrique LED Unique NH<\/strong> est un choix parfait pour ceux qui recherchent un \u00e9l\u00e9ment d\u00e9coratif accrocheur sans fonction de chauffage. Gr\u00e2ce \u00e0 son design moderne et \u00e0 son foyer \u00e0 trois c\u00f4t\u00e9s, Unique NH attire l&rsquo;attention et introduit la magie d&rsquo;un feu r\u00e9aliste \u00e0 l&rsquo;int\u00e9rieur, cr\u00e9ant une atmosph\u00e8re unique. <\/p>\n<h4><strong>Caract\u00e9ristiques :<\/strong><\/h4>\n<h4><strong>Effet de flamme<\/strong><\/h4>\n<p>Unique NH offre une gamme compl\u00e8te de possibilit\u00e9s visuelles :<\/p>\n<ul>\n<li><strong>6 couleurs de flammes <\/strong>\u2013 Cr\u00e9ez la bonne ambiance avec diff\u00e9rentes couleurs de flammes.<\/li>\n<li><strong>11 couleurs d\u2019\u00e9clairage du dessus et du foyer<\/strong> \u2013 Des effets d\u2019\u00e9clairage am\u00e9lior\u00e9s mettent en valeur la magie du feu.<\/li>\n<\/ul>\n<p><img fetchpriority=\"high\" decoding=\"async\" class=\"aligncenter wp-image-11296 size-full\" src=\"https:\/\/aflamo.shop\/wp-content\/uploads\/2023\/09\/flames_unique-nh_6.jpg\" alt=\"\" width=\"555\" height=\"425\" srcset=\"https:\/\/aflamo.shop\/wp-content\/uploads\/2023\/09\/flames_unique-nh_6.jpg 555w, https:\/\/aflamo.shop\/wp-content\/uploads\/2023\/09\/flames_unique-nh_6-300x230.jpg 300w\" sizes=\"(max-width: 555px) 100vw, 555px\" \/><\/p>\n<p>&nbsp;<\/p>\n<ul>\n<li><strong>2 types de foyer<\/strong> \u2013 L\u2019ensemble comprend des b\u00fbches et des cristaux qui peuvent \u00eatre chang\u00e9s en fonction du style de l\u2019int\u00e9rieur.<\/li>\n<li><strong>10 couleurs d\u2019\u00e9clairage du foyer<\/strong> et <strong>5 niveaux de luminosit\u00e9<\/strong> \u2013 Personnalisez l\u2019effet du feu selon vos pr\u00e9f\u00e9rences.<\/li>\n<\/ul>\n<p><img decoding=\"async\" class=\"aligncenter wp-image-10691 size-full\" src=\"https:\/\/aflamo.shop\/wp-content\/uploads\/2024\/06\/polana_krysztaly-e1603875138523.png\" alt=\"\" width=\"413\" height=\"297\" srcset=\"https:\/\/aflamo.shop\/wp-content\/uploads\/2024\/06\/polana_krysztaly-e1603875138523.png 413w, https:\/\/aflamo.shop\/wp-content\/uploads\/2024\/06\/polana_krysztaly-e1603875138523-300x216.png 300w\" sizes=\"(max-width: 413px) 100vw, 413px\" \/><\/p>\n<p>&nbsp;<\/p>\n<ul>\n<li><strong>B\u00fbches en c\u00e9ramique<\/strong> \u2013 Une nouvelle qualit\u00e9 de chemin\u00e9e gr\u00e2ce \u00e0 des b\u00fbches en c\u00e9ramique r\u00e9alistes qui ressemblent \u00e0 du vrai bois dans le feu. Ces \u00e9l\u00e9ments durables et esth\u00e9tiques ajoutent de l\u2019authenticit\u00e9 et de la profondeur \u00e0 l\u2019effet de flamme. <\/li>\n<\/ul>\n<p><img decoding=\"async\" class=\"aligncenter wp-image-8902 size-full\" src=\"https:\/\/aflamo.shop\/wp-content\/uploads\/2023\/08\/Unique_NH_logs_closeup.jpg\" alt=\"\" width=\"492\" height=\"300\" srcset=\"https:\/\/aflamo.shop\/wp-content\/uploads\/2023\/08\/Unique_NH_logs_closeup.jpg 492w, https:\/\/aflamo.shop\/wp-content\/uploads\/2023\/08\/Unique_NH_logs_closeup-300x183.jpg 300w\" sizes=\"(max-width: 492px) 100vw, 492px\" \/><\/p>\n<ul>\n<li><strong>Disponible en plusieurs tailles<\/strong> \u2013 Choisissez la taille qui convient \u00e0 votre int\u00e9rieur : 100, 120, 140, 160 ou 180 cm.<\/li>\n<\/ul>\n<p><img loading=\"lazy\" decoding=\"async\" class=\"aligncenter wp-image-8866 size-full\" src=\"https:\/\/aflamo.shop\/wp-content\/uploads\/2023\/08\/unique_unique-nh.jpg\" alt=\"\" width=\"492\" height=\"300\" srcset=\"https:\/\/aflamo.shop\/wp-content\/uploads\/2023\/08\/unique_unique-nh.jpg 492w, https:\/\/aflamo.shop\/wp-content\/uploads\/2023\/08\/unique_unique-nh-300x183.jpg 300w\" sizes=\"(max-width: 492px) 100vw, 492px\" \/><\/p>\n<h4><strong>Application mobile <\/strong><\/h4>\n<p><iframe width=\"560\" height=\"315\" src=\"https:\/\/www.youtube.com\/embed\/H9frj9fGZnY?si=YHNoy3_uQ_P_q10N\" title=\"Lecteur vid\u00e9o YouTube\" frameborder=\"0\" allow=\"accelerometer; autoplay; clipboard-write; encrypted-media; gyroscope; picture-in-picture; web-share\" referrerpolicy=\"strict-origin-when-cross-origin\" allowfullscreen=\"\"><\/iframe><br \/>\nLe foyer Unique NH offre des options de contr\u00f4le modernes :<\/p>\n<ul>\n<li><strong>Application mobile <\/strong>\u2013 Disponible pour les appareils Android et iOS, offre un contr\u00f4le total sur les fonctions du foyer via votre t\u00e9l\u00e9phone. L&rsquo;application peut \u00eatre t\u00e9l\u00e9charg\u00e9e depuis Google Play ou Apple Store en recherchant \u00ab\u00a0AFLAMO \u00ab\u00a0. <\/li>\n<li><strong>Commandes vocales <\/strong>\u2013 Allumez et \u00e9teignez votre chemin\u00e9e \u00e0 l\u2019aide d\u2019Amazon Alexa pour un contr\u00f4le vocal pratique.<\/li>\n<\/ul>\n<p><img loading=\"lazy\" decoding=\"async\" class=\"aligncenter wp-image-8869 size-full\" src=\"https:\/\/aflamo.shop\/wp-content\/uploads\/2023\/08\/unique_app_unique-nh.jpg\" alt=\"\" width=\"492\" height=\"300\" srcset=\"https:\/\/aflamo.shop\/wp-content\/uploads\/2023\/08\/unique_app_unique-nh.jpg 492w, https:\/\/aflamo.shop\/wp-content\/uploads\/2023\/08\/unique_app_unique-nh-300x183.jpg 300w\" sizes=\"(max-width: 492px) 100vw, 492px\" \/><\/p>\n<h4><strong>Installation<\/strong><\/h4>\n<p>Le foyer Unique NH peut \u00eatre install\u00e9 de trois mani\u00e8res :<\/p>\n<ol>\n<li>Pour l&rsquo;encastrement<\/li>\n<li>Partiellement int\u00e9gr\u00e9 au mur<\/li>\n<li>Accroch\u00e9 au mur<\/li>\n<\/ol>\n<h4><strong>R\u00e9sum\u00e9<\/strong><\/h4>\n<p><strong>Le foyer mural \u00e9lectrique LED Unique NH <\/strong>est le choix parfait pour les personnes qui appr\u00e9cient l&rsquo;esth\u00e9tique, l&rsquo;\u00e9l\u00e9gance et les technologies modernes. Le foyer \u00e0 trois c\u00f4t\u00e9s, les cadres fins et les b\u00fbches en c\u00e9ramique cr\u00e9ent un effet de feu impressionnant sans avoir besoin de chauffage. Gr\u00e2ce \u00e0 l&rsquo;application mobile et \u00e0 la commande vocale, Unique NH est une chemin\u00e9e qui offre un contr\u00f4le total et un confort d&rsquo;utilisation exceptionnel. C\u2019est plus qu\u2019une simple chemin\u00e9e \u2013 c\u2019est une beaut\u00e9 qui enrichit l\u2019int\u00e9rieur avec la magie des flammes.   <\/p>\n<ul><strong><\/p>\n<p><a href=\"https:\/\/aflamo.shop\/wp-content\/uploads\/2023\/09\/UNIQUE-NH_TuyaAPP_EN-PL-DE-IT-ES-FR-CS-SK-NL.pdf\">Instructions d&rsquo;utilisation et de s\u00e9curit\u00e9<\/a><\/p>\n<p><\/strong><\/ul>\n<p><strong style=\"font-size: 16px;\">Dessins techniques<\/strong><br \/>\nUnique NH 80<\/p>\n<p><img loading=\"lazy\" decoding=\"async\" class=\"aligncenter wp-image-12563 size-full\" src=\"https:\/\/aflamo.shop\/wp-content\/uploads\/2025\/01\/unique-80-nh.png\" alt=\"\" width=\"1430\" height=\"820\" srcset=\"https:\/\/aflamo.shop\/wp-content\/uploads\/2025\/01\/unique-80-nh.png 1430w, https:\/\/aflamo.shop\/wp-content\/uploads\/2025\/01\/unique-80-nh-600x344.png 600w, https:\/\/aflamo.shop\/wp-content\/uploads\/2025\/01\/unique-80-nh-300x172.png 300w, https:\/\/aflamo.shop\/wp-content\/uploads\/2025\/01\/unique-80-nh-1024x587.png 1024w, https:\/\/aflamo.shop\/wp-content\/uploads\/2025\/01\/unique-80-nh-768x440.png 768w\" sizes=\"(max-width: 1430px) 100vw, 1430px\" \/><br \/>\nUnique NH 100<\/p>\n<p><img loading=\"lazy\" decoding=\"async\" class=\"aligncenter wp-image-8905 size-full\" src=\"https:\/\/aflamo.shop\/wp-content\/uploads\/2023\/08\/Unique_NH_100.png\" alt=\"\" width=\"1423\" height=\"491\" srcset=\"https:\/\/aflamo.shop\/wp-content\/uploads\/2023\/08\/Unique_NH_100.png 1423w, https:\/\/aflamo.shop\/wp-content\/uploads\/2023\/08\/Unique_NH_100-600x207.png 600w, https:\/\/aflamo.shop\/wp-content\/uploads\/2023\/08\/Unique_NH_100-300x104.png 300w, https:\/\/aflamo.shop\/wp-content\/uploads\/2023\/08\/Unique_NH_100-1024x353.png 1024w, https:\/\/aflamo.shop\/wp-content\/uploads\/2023\/08\/Unique_NH_100-768x265.png 768w\" sizes=\"(max-width: 1423px) 100vw, 1423px\" \/><\/p>\n<p>Unique NH 120<\/p>\n<p><img loading=\"lazy\" decoding=\"async\" class=\"aligncenter wp-image-8908 size-full\" src=\"https:\/\/aflamo.shop\/wp-content\/uploads\/2023\/08\/Unique_NH_120.png\" alt=\"\" width=\"1463\" height=\"454\" srcset=\"https:\/\/aflamo.shop\/wp-content\/uploads\/2023\/08\/Unique_NH_120.png 1463w, https:\/\/aflamo.shop\/wp-content\/uploads\/2023\/08\/Unique_NH_120-600x186.png 600w, https:\/\/aflamo.shop\/wp-content\/uploads\/2023\/08\/Unique_NH_120-300x93.png 300w, https:\/\/aflamo.shop\/wp-content\/uploads\/2023\/08\/Unique_NH_120-1024x318.png 1024w, https:\/\/aflamo.shop\/wp-content\/uploads\/2023\/08\/Unique_NH_120-768x238.png 768w\" sizes=\"(max-width: 1463px) 100vw, 1463px\" \/><\/p>\n<p>Unique NH 140<\/p>\n<p><img loading=\"lazy\" decoding=\"async\" class=\"aligncenter wp-image-8911 size-full\" src=\"https:\/\/aflamo.shop\/wp-content\/uploads\/2023\/08\/Unique_NH_140.png\" alt=\"\" width=\"1534\" height=\"434\" srcset=\"https:\/\/aflamo.shop\/wp-content\/uploads\/2023\/08\/Unique_NH_140.png 1534w, https:\/\/aflamo.shop\/wp-content\/uploads\/2023\/08\/Unique_NH_140-600x170.png 600w, https:\/\/aflamo.shop\/wp-content\/uploads\/2023\/08\/Unique_NH_140-300x85.png 300w, https:\/\/aflamo.shop\/wp-content\/uploads\/2023\/08\/Unique_NH_140-1024x290.png 1024w, https:\/\/aflamo.shop\/wp-content\/uploads\/2023\/08\/Unique_NH_140-768x217.png 768w\" sizes=\"(max-width: 1534px) 100vw, 1534px\" \/><\/p>\n<\/div>\n<\/div>\n<\/div>\n<\/div>\n<\/div>\n<\/div>\n<p>&nbsp;<\/p>\n<p>Unique NH 160<\/p>\n<p>&nbsp;<\/p>\n<p><img loading=\"lazy\" decoding=\"async\" class=\"alignnone wp-image-8914 size-full\" src=\"https:\/\/aflamo.shop\/wp-content\/uploads\/2023\/08\/Unique_NH_160.png\" alt=\"\" width=\"1542\" height=\"399\" srcset=\"https:\/\/aflamo.shop\/wp-content\/uploads\/2023\/08\/Unique_NH_160.png 1542w, https:\/\/aflamo.shop\/wp-content\/uploads\/2023\/08\/Unique_NH_160-600x155.png 600w, https:\/\/aflamo.shop\/wp-content\/uploads\/2023\/08\/Unique_NH_160-300x78.png 300w, https:\/\/aflamo.shop\/wp-content\/uploads\/2023\/08\/Unique_NH_160-1024x265.png 1024w, https:\/\/aflamo.shop\/wp-content\/uploads\/2023\/08\/Unique_NH_160-768x199.png 768w, https:\/\/aflamo.shop\/wp-content\/uploads\/2023\/08\/Unique_NH_160-1536x397.png 1536w\" sizes=\"(max-width: 1542px) 100vw, 1542px\" \/><\/p>\n<p>&nbsp;<\/p>\n<p>Unique NH 180<\/p>\n<p><img loading=\"lazy\" decoding=\"async\" class=\"aligncenter wp-image-8917 size-full\" src=\"https:\/\/aflamo.shop\/wp-content\/uploads\/2023\/08\/Unique_NH_180.png\" alt=\"\" width=\"1559\" height=\"365\" srcset=\"https:\/\/aflamo.shop\/wp-content\/uploads\/2023\/08\/Unique_NH_180.png 1559w, https:\/\/aflamo.shop\/wp-content\/uploads\/2023\/08\/Unique_NH_180-600x140.png 600w, https:\/\/aflamo.shop\/wp-content\/uploads\/2023\/08\/Unique_NH_180-300x70.png 300w, https:\/\/aflamo.shop\/wp-content\/uploads\/2023\/08\/Unique_NH_180-1024x240.png 1024w, https:\/\/aflamo.shop\/wp-content\/uploads\/2023\/08\/Unique_NH_180-768x180.png 768w, https:\/\/aflamo.shop\/wp-content\/uploads\/2023\/08\/Unique_NH_180-1536x360.png 1536w\" sizes=\"(max-width: 1559px) 100vw, 1559px\" \/><\/p>\n<p>&nbsp;<\/p>\n","protected":false},"excerpt":{"rendered":"<p>Fabricant : Aflamo<\/p>\n<p>GETIN:5908283562404<\/p>\n<p>Chemin\u00e9e \u00e9lectrique \u00e0 encastrer\/montage mural sans fonction de chauffage.<\/p>\n<p><b>Mod\u00e8le :<\/b><\/p>\n<ul>\n<li><a href=\"https:\/\/aflamo.shop\/fr\/p\/aflamo-unique-nh-80-cheminee-electrique-led-murale-encastrable\/\">80<\/a><\/li>\n<li><a href=\"https:\/\/aflamo.shop\/fr\/p\/aflamo-unique-nh-100-cheminee-electrique-led-murale-encastrable\/\">100<\/a><\/li>\n<li><a href=\"https:\/\/aflamo.shop\/fr\/p\/aflamo-unique-nh-120-cheminee-electrique-led-murale-encastrable\/\">120<\/a><\/li>\n<\/ul>\n<ul>\n<li><a href=\"https:\/\/aflamo.shop\/fr\/p\/aflamo-unique-nh-140-cheminee-electrique-led-murale-encastrable\/\">140<\/a><\/li>\n<li><a href=\"https:\/\/aflamo.shop\/fr\/p\/aflamo-unique-nh-160-cheminee-electrique-led-murale-encastrable\/\">160<\/a><\/li>\n<li><a href=\"https:\/\/aflamo.shop\/fr\/p\/aflamo-unique-nh-180-cheminee-electrique-led-murale-encastrable\/\">180<\/a><\/li>\n<\/ul>\n<p><b>Dimensions <\/b>: 120 x 46 x 23 cm<\/p>\n","protected":false},"featured_media":16180,"comment_status":"open","ping_status":"closed","template":"","meta":[],"product_brand":[],"product_cat":[770,170,774,776,881,771,773],"product_tag":[],"class_list":{"0":"post-16200","1":"product","2":"type-product","3":"status-publish","4":"has-post-thumbnail","6":"product_cat-aflamo-fr","7":"product_cat-cheminees-electriques-fr","8":"product_cat-cheminees-electriques-a-accrocher-au-mur","9":"product_cat-cheminees-electriques-avec-application-mobile","10":"product_cat-cheminees-electriques-led-a-trois-faces","11":"product_cat-cheminees-electriques-led-encastrees","12":"product_cat-inserts-electriques-led","14":"first","15":"instock","16":"shipping-taxable","17":"purchasable","18":"product-type-simple"},"yoast_head":"<!-- This site is optimized with the Yoast SEO plugin v27.4 - https:\/\/yoast.com\/product\/yoast-seo-wordpress\/ -->\n<title>Aflamo Unique NH 120 - Chemin\u00e9e \u00e9lectrique LED murale\/encastrable - aflamo.shop - revendeur aflamo certifi\u00e9<\/title>\n<meta name=\"description\" content=\"Chemin\u00e9e LED NH unique \u2013 foyer \u00e0 trois c\u00f4t\u00e9s, cadres fins et b\u00fbches en c\u00e9ramique. Technologie moderne, commande mobile et effet feu sans chauffage.\" \/>\n<meta name=\"robots\" content=\"index, follow, max-snippet:-1, max-image-preview:large, max-video-preview:-1\" \/>\n<link rel=\"canonical\" href=\"https:\/\/aflamo.shop\/fr\/p\/aflamo-unique-nh-120-cheminee-electrique-led-murale-encastrable\/\" \/>\n<meta property=\"og:locale\" content=\"fr_FR\" \/>\n<meta property=\"og:type\" content=\"article\" \/>\n<meta property=\"og:title\" content=\"Aflamo Unique NH 120 - Chemin\u00e9e \u00e9lectrique LED murale\/encastrable - aflamo.shop - revendeur aflamo certifi\u00e9\" \/>\n<meta property=\"og:description\" content=\"Chemin\u00e9e LED NH unique \u2013 foyer \u00e0 trois c\u00f4t\u00e9s, cadres fins et b\u00fbches en c\u00e9ramique. Technologie moderne, commande mobile et effet feu sans chauffage.\" \/>\n<meta property=\"og:url\" content=\"https:\/\/aflamo.shop\/fr\/p\/aflamo-unique-nh-120-cheminee-electrique-led-murale-encastrable\/\" \/>\n<meta property=\"og:site_name\" content=\"aflamo.shop - revendeur aflamo certifi\u00e9\" \/>\n<meta property=\"article:modified_time\" content=\"2026-04-17T12:35:54+00:00\" \/>\n<meta property=\"og:image\" content=\"https:\/\/aflamo.shop\/wp-content\/uploads\/2023\/08\/Unique_NH_front_1_sq.jpg\" \/>\n\t<meta property=\"og:image:width\" content=\"2248\" \/>\n\t<meta property=\"og:image:height\" content=\"2248\" \/>\n\t<meta property=\"og:image:type\" content=\"image\/jpeg\" \/>\n<meta name=\"twitter:card\" content=\"summary_large_image\" \/>\n<meta name=\"twitter:label1\" content=\"Dur\u00e9e de lecture estim\u00e9e\" \/>\n\t<meta name=\"twitter:data1\" content=\"5 minutes\" \/>\n<script type=\"application\/ld+json\" class=\"yoast-schema-graph\">{\"@context\":\"https:\\\/\\\/schema.org\",\"@graph\":[{\"@type\":\"WebPage\",\"@id\":\"https:\\\/\\\/aflamo.shop\\\/fr\\\/p\\\/aflamo-unique-nh-120-cheminee-electrique-led-murale-encastrable\\\/\",\"url\":\"https:\\\/\\\/aflamo.shop\\\/fr\\\/p\\\/aflamo-unique-nh-120-cheminee-electrique-led-murale-encastrable\\\/\",\"name\":\"Aflamo Unique NH 120 - Chemin\u00e9e \u00e9lectrique LED murale\\\/encastrable - aflamo.shop - revendeur aflamo certifi\u00e9\",\"isPartOf\":{\"@id\":\"https:\\\/\\\/aflamo.shop\\\/fr\\\/#website\"},\"primaryImageOfPage\":{\"@id\":\"https:\\\/\\\/aflamo.shop\\\/fr\\\/p\\\/aflamo-unique-nh-120-cheminee-electrique-led-murale-encastrable\\\/#primaryimage\"},\"image\":{\"@id\":\"https:\\\/\\\/aflamo.shop\\\/fr\\\/p\\\/aflamo-unique-nh-120-cheminee-electrique-led-murale-encastrable\\\/#primaryimage\"},\"thumbnailUrl\":\"https:\\\/\\\/aflamo.shop\\\/wp-content\\\/uploads\\\/2023\\\/08\\\/Unique_NH_front_1_sq.jpg\",\"datePublished\":\"2023-09-16T15:29:23+00:00\",\"dateModified\":\"2026-04-17T12:35:54+00:00\",\"description\":\"Chemin\u00e9e LED NH unique \u2013 foyer \u00e0 trois c\u00f4t\u00e9s, cadres fins et b\u00fbches en c\u00e9ramique. Technologie moderne, commande mobile et effet feu sans chauffage.\",\"breadcrumb\":{\"@id\":\"https:\\\/\\\/aflamo.shop\\\/fr\\\/p\\\/aflamo-unique-nh-120-cheminee-electrique-led-murale-encastrable\\\/#breadcrumb\"},\"inLanguage\":\"fr-FR\",\"potentialAction\":[{\"@type\":\"ReadAction\",\"target\":[\"https:\\\/\\\/aflamo.shop\\\/fr\\\/p\\\/aflamo-unique-nh-120-cheminee-electrique-led-murale-encastrable\\\/\"]}]},{\"@type\":\"ImageObject\",\"inLanguage\":\"fr-FR\",\"@id\":\"https:\\\/\\\/aflamo.shop\\\/fr\\\/p\\\/aflamo-unique-nh-120-cheminee-electrique-led-murale-encastrable\\\/#primaryimage\",\"url\":\"https:\\\/\\\/aflamo.shop\\\/wp-content\\\/uploads\\\/2023\\\/08\\\/Unique_NH_front_1_sq.jpg\",\"contentUrl\":\"https:\\\/\\\/aflamo.shop\\\/wp-content\\\/uploads\\\/2023\\\/08\\\/Unique_NH_front_1_sq.jpg\",\"width\":2248,\"height\":2248},{\"@type\":\"BreadcrumbList\",\"@id\":\"https:\\\/\\\/aflamo.shop\\\/fr\\\/p\\\/aflamo-unique-nh-120-cheminee-electrique-led-murale-encastrable\\\/#breadcrumb\",\"itemListElement\":[{\"@type\":\"ListItem\",\"position\":1,\"name\":\"Page d'accueil\",\"item\":\"https:\\\/\\\/aflamo.shop\\\/fr\\\/\"},{\"@type\":\"ListItem\",\"position\":2,\"name\":\"Boutique\",\"item\":\"https:\\\/\\\/aflamo.shop\\\/boutique\\\/\"},{\"@type\":\"ListItem\",\"position\":3,\"name\":\"Chemin\u00e9es \u00e9lectriques\",\"item\":\"https:\\\/\\\/aflamo.shop\\\/fr\\\/s\\\/cheminees-electriques-fr\\\/\"},{\"@type\":\"ListItem\",\"position\":4,\"name\":\"Aflamo Unique NH 120 &#8211; Chemin\u00e9e \u00e9lectrique LED murale\\\/encastrable\"}]},{\"@type\":\"WebSite\",\"@id\":\"https:\\\/\\\/aflamo.shop\\\/fr\\\/#website\",\"url\":\"https:\\\/\\\/aflamo.shop\\\/fr\\\/\",\"name\":\"aflamo.shop - revendeur aflamo certifi\u00e9\",\"description\":\"Kominki elektryczne Aflamo i Emotion Flame z funkcj\u0105 grzania\",\"publisher\":{\"@id\":\"https:\\\/\\\/aflamo.shop\\\/fr\\\/#organization\"},\"potentialAction\":[{\"@type\":\"SearchAction\",\"target\":{\"@type\":\"EntryPoint\",\"urlTemplate\":\"https:\\\/\\\/aflamo.shop\\\/fr\\\/?s={search_term_string}\"},\"query-input\":{\"@type\":\"PropertyValueSpecification\",\"valueRequired\":true,\"valueName\":\"search_term_string\"}}],\"inLanguage\":\"fr-FR\"},{\"@type\":\"Organization\",\"@id\":\"https:\\\/\\\/aflamo.shop\\\/fr\\\/#organization\",\"name\":\"aflamo.shop - revendeur aflamo certifi\u00e9\",\"url\":\"https:\\\/\\\/aflamo.shop\\\/fr\\\/\",\"logo\":{\"@type\":\"ImageObject\",\"inLanguage\":\"fr-FR\",\"@id\":\"https:\\\/\\\/aflamo.shop\\\/fr\\\/#\\\/schema\\\/logo\\\/image\\\/\",\"url\":\"https:\\\/\\\/aflamo.shop\\\/wp-content\\\/uploads\\\/2019\\\/10\\\/logo2.1-1-1.svg\",\"contentUrl\":\"https:\\\/\\\/aflamo.shop\\\/wp-content\\\/uploads\\\/2019\\\/10\\\/logo2.1-1-1.svg\",\"caption\":\"aflamo.shop - revendeur aflamo certifi\u00e9\"},\"image\":{\"@id\":\"https:\\\/\\\/aflamo.shop\\\/fr\\\/#\\\/schema\\\/logo\\\/image\\\/\"}}]}<\/script>\n<!-- \/ Yoast SEO plugin. -->","yoast_head_json":{"title":"Aflamo Unique NH 120 - Chemin\u00e9e \u00e9lectrique LED murale\/encastrable - aflamo.shop - revendeur aflamo certifi\u00e9","description":"Chemin\u00e9e LED NH unique \u2013 foyer \u00e0 trois c\u00f4t\u00e9s, cadres fins et b\u00fbches en c\u00e9ramique. Technologie moderne, commande mobile et effet feu sans chauffage.","robots":{"index":"index","follow":"follow","max-snippet":"max-snippet:-1","max-image-preview":"max-image-preview:large","max-video-preview":"max-video-preview:-1"},"canonical":"https:\/\/aflamo.shop\/fr\/p\/aflamo-unique-nh-120-cheminee-electrique-led-murale-encastrable\/","og_locale":"fr_FR","og_type":"article","og_title":"Aflamo Unique NH 120 - Chemin\u00e9e \u00e9lectrique LED murale\/encastrable - aflamo.shop - revendeur aflamo certifi\u00e9","og_description":"Chemin\u00e9e LED NH unique \u2013 foyer \u00e0 trois c\u00f4t\u00e9s, cadres fins et b\u00fbches en c\u00e9ramique. Technologie moderne, commande mobile et effet feu sans chauffage.","og_url":"https:\/\/aflamo.shop\/fr\/p\/aflamo-unique-nh-120-cheminee-electrique-led-murale-encastrable\/","og_site_name":"aflamo.shop - revendeur aflamo certifi\u00e9","article_modified_time":"2026-04-17T12:35:54+00:00","og_image":[{"width":2248,"height":2248,"url":"https:\/\/aflamo.shop\/wp-content\/uploads\/2023\/08\/Unique_NH_front_1_sq.jpg","type":"image\/jpeg"}],"twitter_card":"summary_large_image","twitter_misc":{"Dur\u00e9e de lecture estim\u00e9e":"5 minutes"},"schema":{"@context":"https:\/\/schema.org","@graph":[{"@type":"WebPage","@id":"https:\/\/aflamo.shop\/fr\/p\/aflamo-unique-nh-120-cheminee-electrique-led-murale-encastrable\/","url":"https:\/\/aflamo.shop\/fr\/p\/aflamo-unique-nh-120-cheminee-electrique-led-murale-encastrable\/","name":"Aflamo Unique NH 120 - Chemin\u00e9e \u00e9lectrique LED murale\/encastrable - aflamo.shop - revendeur aflamo certifi\u00e9","isPartOf":{"@id":"https:\/\/aflamo.shop\/fr\/#website"},"primaryImageOfPage":{"@id":"https:\/\/aflamo.shop\/fr\/p\/aflamo-unique-nh-120-cheminee-electrique-led-murale-encastrable\/#primaryimage"},"image":{"@id":"https:\/\/aflamo.shop\/fr\/p\/aflamo-unique-nh-120-cheminee-electrique-led-murale-encastrable\/#primaryimage"},"thumbnailUrl":"https:\/\/aflamo.shop\/wp-content\/uploads\/2023\/08\/Unique_NH_front_1_sq.jpg","datePublished":"2023-09-16T15:29:23+00:00","dateModified":"2026-04-17T12:35:54+00:00","description":"Chemin\u00e9e LED NH unique \u2013 foyer \u00e0 trois c\u00f4t\u00e9s, cadres fins et b\u00fbches en c\u00e9ramique. Technologie moderne, commande mobile et effet feu sans chauffage.","breadcrumb":{"@id":"https:\/\/aflamo.shop\/fr\/p\/aflamo-unique-nh-120-cheminee-electrique-led-murale-encastrable\/#breadcrumb"},"inLanguage":"fr-FR","potentialAction":[{"@type":"ReadAction","target":["https:\/\/aflamo.shop\/fr\/p\/aflamo-unique-nh-120-cheminee-electrique-led-murale-encastrable\/"]}]},{"@type":"ImageObject","inLanguage":"fr-FR","@id":"https:\/\/aflamo.shop\/fr\/p\/aflamo-unique-nh-120-cheminee-electrique-led-murale-encastrable\/#primaryimage","url":"https:\/\/aflamo.shop\/wp-content\/uploads\/2023\/08\/Unique_NH_front_1_sq.jpg","contentUrl":"https:\/\/aflamo.shop\/wp-content\/uploads\/2023\/08\/Unique_NH_front_1_sq.jpg","width":2248,"height":2248},{"@type":"BreadcrumbList","@id":"https:\/\/aflamo.shop\/fr\/p\/aflamo-unique-nh-120-cheminee-electrique-led-murale-encastrable\/#breadcrumb","itemListElement":[{"@type":"ListItem","position":1,"name":"Page d'accueil","item":"https:\/\/aflamo.shop\/fr\/"},{"@type":"ListItem","position":2,"name":"Boutique","item":"https:\/\/aflamo.shop\/boutique\/"},{"@type":"ListItem","position":3,"name":"Chemin\u00e9es \u00e9lectriques","item":"https:\/\/aflamo.shop\/fr\/s\/cheminees-electriques-fr\/"},{"@type":"ListItem","position":4,"name":"Aflamo Unique NH 120 &#8211; Chemin\u00e9e \u00e9lectrique LED murale\/encastrable"}]},{"@type":"WebSite","@id":"https:\/\/aflamo.shop\/fr\/#website","url":"https:\/\/aflamo.shop\/fr\/","name":"aflamo.shop - revendeur aflamo certifi\u00e9","description":"Kominki elektryczne Aflamo i Emotion Flame z funkcj\u0105 grzania","publisher":{"@id":"https:\/\/aflamo.shop\/fr\/#organization"},"potentialAction":[{"@type":"SearchAction","target":{"@type":"EntryPoint","urlTemplate":"https:\/\/aflamo.shop\/fr\/?s={search_term_string}"},"query-input":{"@type":"PropertyValueSpecification","valueRequired":true,"valueName":"search_term_string"}}],"inLanguage":"fr-FR"},{"@type":"Organization","@id":"https:\/\/aflamo.shop\/fr\/#organization","name":"aflamo.shop - revendeur aflamo certifi\u00e9","url":"https:\/\/aflamo.shop\/fr\/","logo":{"@type":"ImageObject","inLanguage":"fr-FR","@id":"https:\/\/aflamo.shop\/fr\/#\/schema\/logo\/image\/","url":"https:\/\/aflamo.shop\/wp-content\/uploads\/2019\/10\/logo2.1-1-1.svg","contentUrl":"https:\/\/aflamo.shop\/wp-content\/uploads\/2019\/10\/logo2.1-1-1.svg","caption":"aflamo.shop - revendeur aflamo certifi\u00e9"},"image":{"@id":"https:\/\/aflamo.shop\/fr\/#\/schema\/logo\/image\/"}}]}},"_links":{"self":[{"href":"https:\/\/aflamo.shop\/fr\/wp-json\/wp\/v2\/product\/16200","targetHints":{"allow":["GET"]}}],"collection":[{"href":"https:\/\/aflamo.shop\/fr\/wp-json\/wp\/v2\/product"}],"about":[{"href":"https:\/\/aflamo.shop\/fr\/wp-json\/wp\/v2\/types\/product"}],"replies":[{"embeddable":true,"href":"https:\/\/aflamo.shop\/fr\/wp-json\/wp\/v2\/comments?post=16200"}],"wp:featuredmedia":[{"embeddable":true,"href":"https:\/\/aflamo.shop\/fr\/wp-json\/wp\/v2\/media\/16180"}],"wp:attachment":[{"href":"https:\/\/aflamo.shop\/fr\/wp-json\/wp\/v2\/media?parent=16200"}],"wp:term":[{"taxonomy":"product_brand","embeddable":true,"href":"https:\/\/aflamo.shop\/fr\/wp-json\/wp\/v2\/product_brand?post=16200"},{"taxonomy":"product_cat","embeddable":true,"href":"https:\/\/aflamo.shop\/fr\/wp-json\/wp\/v2\/product_cat?post=16200"},{"taxonomy":"product_tag","embeddable":true,"href":"https:\/\/aflamo.shop\/fr\/wp-json\/wp\/v2\/product_tag?post=16200"}],"curies":[{"name":"wp","href":"https:\/\/api.w.org\/{rel}","templated":true}]}}