{"id":16175,"date":"2023-09-16T19:41:50","date_gmt":"2023-09-16T19:41:50","guid":{"rendered":"https:\/\/aflamo.shop\/p\/aflamo-pride-s-127-cheminee-electrique-murale-encastrable-a-led\/"},"modified":"2026-04-17T12:31:05","modified_gmt":"2026-04-17T12:31:05","slug":"aflamo-pride-s-127-cheminee-electrique-murale-encastrable-a-led","status":"publish","type":"product","link":"https:\/\/aflamo.shop\/fr\/p\/aflamo-pride-s-127-cheminee-electrique-murale-encastrable-a-led\/","title":{"rendered":"Aflamo Pride S 127 &#8211; Chemin\u00e9e \u00e9lectrique murale\/encastrable \u00e0 LED"},"content":{"rendered":"<p><iframe title=\"Lecteur vid\u00e9o YouTube\" src=\"https:\/\/www.youtube.com\/embed\/3T4WXjnasos\" width=\"560\" height=\"315\" frameborder=\"0\" allowfullscreen=\"allowfullscreen\"><span data-mce-type=\"bookmark\" style=\"display: inline-block; width: 0px; overflow: hidden; line-height: 0;\" class=\"mce_SELRES_start\"><\/span><span style=\"display: inline-block; width: 0px; overflow: hidden; line-height: 0;\" data-mce-type=\"bookmark\" class=\"mce_SELRES_start\"><\/span><\/iframe><\/p>\n<p>&nbsp;<\/p>\n<h1>Pride S \u2013 \u00c9l\u00e9gance moderne et confort dans une seule chemin\u00e9e<\/h1>\n<p>Le foyer \u00e9lectrique mural \u00e0 LED <strong>Pride S <\/strong>est un symbole de style moderne et de fonctionnalit\u00e9 qui transformera n&rsquo;importe quel int\u00e9rieur en un espace chaleureux, plein d&rsquo;\u00e9l\u00e9gance et de sophistication. Gr\u00e2ce \u00e0 ses cadres fins et minimalistes, la chemin\u00e9e s&rsquo;int\u00e8gre parfaitement dans n&rsquo;importe quel style de d\u00e9coration int\u00e9rieure, ajoutant classe et paix \u00e0 l&rsquo;int\u00e9rieur. Parfait pour le salon, la chambre et le bureau, Pride S n&rsquo;est pas seulement un \u00e9l\u00e9ment d\u00e9coratif mais aussi une source d&rsquo;une atmosph\u00e8re agr\u00e9able et relaxante.<br \/>\n<strong>Sa profondeur est de seulement 13 cm !<\/strong><\/p>\n<p><img fetchpriority=\"high\" decoding=\"async\" class=\"aligncenter wp-image-3634 size-full\" src=\"https:\/\/aflamo.shop\/wp-content\/uploads\/2023\/05\/pride-s115-28.jpg\" alt=\"\" width=\"2048\" height=\"789\" srcset=\"https:\/\/aflamo.shop\/wp-content\/uploads\/2023\/05\/pride-s115-28.jpg 2048w, https:\/\/aflamo.shop\/wp-content\/uploads\/2023\/05\/pride-s115-28-600x231.jpg 600w, https:\/\/aflamo.shop\/wp-content\/uploads\/2023\/05\/pride-s115-28-300x116.jpg 300w, https:\/\/aflamo.shop\/wp-content\/uploads\/2023\/05\/pride-s115-28-1024x395.jpg 1024w, https:\/\/aflamo.shop\/wp-content\/uploads\/2023\/05\/pride-s115-28-768x296.jpg 768w, https:\/\/aflamo.shop\/wp-content\/uploads\/2023\/05\/pride-s115-28-1536x592.jpg 1536w\" sizes=\"(max-width: 2048px) 100vw, 2048px\" \/><\/p>\n<p>&nbsp;<\/p>\n<p>&nbsp;<\/p>\n<h2>Caract\u00e9ristiques de la chemin\u00e9e :<\/h2>\n<p>L\u2019une des caract\u00e9ristiques les plus uniques du foyer <strong>Pride S<\/strong> est sa capacit\u00e9 \u00e0 personnaliser enti\u00e8rement l\u2019effet de flamme. Vous pouvez personnaliser l&rsquo;apparence du feu pour qu&rsquo;il corresponde parfaitement \u00e0 votre humeur, \u00e0 l&rsquo;occasion ou au moment de la journ\u00e9e. Vous pouvez choisir parmi :  <\/p>\n<ul>\n<li><strong>3 couleurs de flamme <\/strong>: bleu froid et apaisant ; orange chaud et douillet; et un rouge atmosph\u00e9rique et romantique. Chacune de ces couleurs permet de cr\u00e9er une ambiance diff\u00e9rente, adapt\u00e9e \u00e0 diff\u00e9rentes situations. <\/li>\n<li><strong>4 niveaux de vitesse de flamm<\/strong>e \u2013 des flammes douces et subtiles au scintillement dynamique et intense.<\/li>\n<li><strong>5 niveaux de luminosit\u00e9 de la flamme<\/strong>, vous permettant de r\u00e9gler l&rsquo;intensit\u00e9 lumineuse, d&rsquo;une douce lueur parfaite pour se d\u00e9tendre \u00e0 une flamme vive qui donnera vie \u00e0 n&rsquo;importe quelle pi\u00e8ce.<\/li>\n<\/ul>\n<p><img decoding=\"async\" class=\"aligncenter wp-image-8872 size-full\" src=\"https:\/\/aflamo.shop\/wp-content\/uploads\/2023\/08\/flames_unique-nh.jpg\" alt=\"\" width=\"506\" height=\"531\" srcset=\"https:\/\/aflamo.shop\/wp-content\/uploads\/2023\/08\/flames_unique-nh.jpg 506w, https:\/\/aflamo.shop\/wp-content\/uploads\/2023\/08\/flames_unique-nh-286x300.jpg 286w\" sizes=\"(max-width: 506px) 100vw, 506px\" \/><\/p>\n<h2>Choisir une chemin\u00e9e :<\/h2>\n<p>Le foyer <strong>Pride S<\/strong> se distingue \u00e9galement par sa polyvalence lorsqu&rsquo;il s&rsquo;agit de choisir un foyer. L&rsquo;ensemble comprend : <\/p>\n<ul>\n<li><strong>B\u00fbches traditionnelles<\/strong> \u2013 parfaites si vous souhaitez obtenir l\u2019effet d\u2019une chemin\u00e9e authentique et classique qui rappelle la chaleur d\u2019un foyer.<\/li>\n<li><strong>Cristaux <\/strong>\u2013 des \u00e9l\u00e9ments modernes et \u00e9tincelants qui donnent \u00e0 la chemin\u00e9e un aspect \u00e9l\u00e9gant et moderne.<\/li>\n<li><strong>Galets <\/strong>\u2013 un choix naturel pour ceux qui pr\u00e9f\u00e8rent un effet plus sobre et minimaliste.<\/li>\n<\/ul>\n<p><img decoding=\"async\" class=\"aligncenter wp-image-2836 size-full\" src=\"https:\/\/aflamo.shop\/wp-content\/uploads\/2023\/05\/palenisko-majestic.png\" alt=\"\" width=\"515\" height=\"538\" srcset=\"https:\/\/aflamo.shop\/wp-content\/uploads\/2023\/05\/palenisko-majestic.png 515w, https:\/\/aflamo.shop\/wp-content\/uploads\/2023\/05\/palenisko-majestic-287x300.png 287w\" sizes=\"(max-width: 515px) 100vw, 515px\" \/><\/p>\n<p>Ces trois options de foyer vous permettent de changer compl\u00e8tement le style de votre chemin\u00e9e, en l&rsquo;adaptant au caract\u00e8re de votre int\u00e9rieur &#8211; que vous pr\u00e9f\u00e9riez la simplicit\u00e9 classique, \u00e9l\u00e9gante ou naturelle.<\/p>\n<ul>\n<li>4 niveaux de vitesse de flamme et 5 niveaux de luminosit\u00e9 : personnalisez enti\u00e8rement l&rsquo;effet de feu.<\/li>\n<\/ul>\n<h2>Installation:<\/h2>\n<p>Le foyer <strong>Pride S <\/strong>offre une installation flexible, ce qui le rend facile \u00e0 int\u00e9grer dans votre espace. Vous pouvez choisir l\u2019une des trois m\u00e9thodes de montage : <\/p>\n<ul>\n<li><strong>Accroch\u00e9e au mur &#8211; <\/strong>la chemin\u00e9e devient le point central de la pi\u00e8ce, attirant le regard et ajoutant de l\u2019\u00e9l\u00e9gance.<\/li>\n<li><strong>Partiellement int\u00e9gr\u00e9 au mur <\/strong>\u2013 id\u00e9al pour ceux qui recherchent un effet plus subtil et plus int\u00e9gr\u00e9.<\/li>\n<li><strong>Enti\u00e8rement encastr\u00e9 dans le mur<\/strong> \u2013 la chemin\u00e9e s\u2019int\u00e8gre parfaitement dans le mur, cr\u00e9ant un look moderne et minimaliste qui ajoute harmonie et coh\u00e9rence \u00e0 l\u2019int\u00e9rieur.<\/li>\n<\/ul>\n<p>L&rsquo;ensemble comprend un support de montage qui facilite le processus d&rsquo;installation. Une fois la chemin\u00e9e accroch\u00e9e, vous pourrez imm\u00e9diatement profiter de son apparence unique et de ses effets d&rsquo;\u00e9clairage. <\/p>\n<h2>Confort et commodit\u00e9 :<\/h2>\n<ul>\n<li><strong>La t\u00e9l\u00e9commande <\/strong>vous permet de g\u00e9rer facilement votre chemin\u00e9e sans avoir \u00e0 vous lever.<\/li>\n<li>La chemin\u00e9e ne n\u00e9cessite pas de ventilation, vous n&rsquo;avez donc pas besoin d&rsquo;ouvrir les fen\u00eatres et de laisser entrer l&rsquo;air froid ou le bruit ext\u00e9rieur.<\/li>\n<\/ul>\n<h2>R\u00e9sum\u00e9:<\/h2>\n<p><strong>Pride S<\/strong> est une chemin\u00e9e \u00e9l\u00e9gante qui allie design moderne, diverses options de personnalisation de la flamme et confort d&rsquo;utilisation. C&rsquo;est un excellent choix pour les personnes qui souhaitent ajouter le style et l&rsquo;atmosph\u00e8re d&rsquo;une vraie chemin\u00e9e \u00e0 leur int\u00e9rieur, sans avoir besoin d&rsquo;installer une chemin\u00e9e traditionnelle. <\/p>\n<ul><strong><\/p>\n<p><a href=\"https:\/\/aflamo.shop\/wp-content\/uploads\/2023\/09\/Pride_EN-PL-DE-IT-ES-FR-CS-SK-NL-12.pdf\">Instructions d&rsquo;utilisation et de s\u00e9curit\u00e9<\/a><\/p>\n<p><\/strong><\/ul>\n<p>&nbsp;<\/p>\n<h2>Dessins techniques<\/h2>\n<p>Pride S 92<\/p>\n<p><img loading=\"lazy\" decoding=\"async\" class=\"alignnone wp-image-3568 size-full\" src=\"https:\/\/aflamo.shop\/wp-content\/uploads\/2023\/05\/kominek-scienny-aflamo-pride-s92.png\" alt=\"\" width=\"662\" height=\"447\" srcset=\"https:\/\/aflamo.shop\/wp-content\/uploads\/2023\/05\/kominek-scienny-aflamo-pride-s92.png 662w, https:\/\/aflamo.shop\/wp-content\/uploads\/2023\/05\/kominek-scienny-aflamo-pride-s92-600x405.png 600w, https:\/\/aflamo.shop\/wp-content\/uploads\/2023\/05\/kominek-scienny-aflamo-pride-s92-300x203.png 300w\" sizes=\"(max-width: 662px) 100vw, 662px\" \/><\/p>\n<p>&nbsp;<\/p>\n<p>&nbsp;<\/p>\n<p>Pride S 115<\/p>\n<p><img loading=\"lazy\" decoding=\"async\" class=\"alignnone wp-image-3598 size-full\" src=\"https:\/\/aflamo.shop\/wp-content\/uploads\/2023\/05\/kominek-scienny-aflamo-pride-s115.png\" alt=\"\" width=\"766\" height=\"447\" srcset=\"https:\/\/aflamo.shop\/wp-content\/uploads\/2023\/05\/kominek-scienny-aflamo-pride-s115.png 766w, https:\/\/aflamo.shop\/wp-content\/uploads\/2023\/05\/kominek-scienny-aflamo-pride-s115-600x350.png 600w, https:\/\/aflamo.shop\/wp-content\/uploads\/2023\/05\/kominek-scienny-aflamo-pride-s115-300x175.png 300w\" sizes=\"(max-width: 766px) 100vw, 766px\" \/><\/p>\n<p>&nbsp;<\/p>\n<p>&nbsp;<\/p>\n<p>Pride S 127<\/p>\n<p><img loading=\"lazy\" decoding=\"async\" class=\"alignnone wp-image-3574 size-full\" src=\"https:\/\/aflamo.shop\/wp-content\/uploads\/2023\/05\/kominek-scienny-aflamo-pride-s127.png\" alt=\"\" width=\"789\" height=\"422\" srcset=\"https:\/\/aflamo.shop\/wp-content\/uploads\/2023\/05\/kominek-scienny-aflamo-pride-s127.png 789w, https:\/\/aflamo.shop\/wp-content\/uploads\/2023\/05\/kominek-scienny-aflamo-pride-s127-600x321.png 600w, https:\/\/aflamo.shop\/wp-content\/uploads\/2023\/05\/kominek-scienny-aflamo-pride-s127-300x160.png 300w, https:\/\/aflamo.shop\/wp-content\/uploads\/2023\/05\/kominek-scienny-aflamo-pride-s127-768x411.png 768w\" sizes=\"(max-width: 789px) 100vw, 789px\" \/><\/p>\n<p>&nbsp;<\/p>\n<p>&nbsp;<\/p>\n<p>Pride S 153<\/p>\n<p>&nbsp;<\/p>\n<p><img loading=\"lazy\" decoding=\"async\" class=\"alignnone wp-image-3580 size-full\" src=\"https:\/\/aflamo.shop\/wp-content\/uploads\/2023\/05\/kominek-scienny-aflamo-pride-s153.png\" alt=\"\" width=\"795\" height=\"346\" srcset=\"https:\/\/aflamo.shop\/wp-content\/uploads\/2023\/05\/kominek-scienny-aflamo-pride-s153.png 795w, https:\/\/aflamo.shop\/wp-content\/uploads\/2023\/05\/kominek-scienny-aflamo-pride-s153-600x261.png 600w, https:\/\/aflamo.shop\/wp-content\/uploads\/2023\/05\/kominek-scienny-aflamo-pride-s153-300x131.png 300w, https:\/\/aflamo.shop\/wp-content\/uploads\/2023\/05\/kominek-scienny-aflamo-pride-s153-768x334.png 768w\" sizes=\"(max-width: 795px) 100vw, 795px\" \/><\/p>\n<p>&nbsp;<\/p>\n<p>Pride S 165<\/p>\n<p>&nbsp;<\/p>\n<p><img loading=\"lazy\" decoding=\"async\" class=\"alignnone wp-image-3586 size-full\" src=\"https:\/\/aflamo.shop\/wp-content\/uploads\/2023\/05\/kominek-scienny-aflamo-pride-s165.png\" alt=\"\" width=\"800\" height=\"352\" srcset=\"https:\/\/aflamo.shop\/wp-content\/uploads\/2023\/05\/kominek-scienny-aflamo-pride-s165.png 800w, https:\/\/aflamo.shop\/wp-content\/uploads\/2023\/05\/kominek-scienny-aflamo-pride-s165-600x264.png 600w, https:\/\/aflamo.shop\/wp-content\/uploads\/2023\/05\/kominek-scienny-aflamo-pride-s165-300x132.png 300w, https:\/\/aflamo.shop\/wp-content\/uploads\/2023\/05\/kominek-scienny-aflamo-pride-s165-768x338.png 768w\" sizes=\"(max-width: 800px) 100vw, 800px\" \/><\/p>\n<p>&nbsp;<\/p>\n<p>Pride S 183<\/p>\n<p>&nbsp;<\/p>\n<p><img loading=\"lazy\" decoding=\"async\" class=\"alignnone wp-image-3592 size-full\" src=\"https:\/\/aflamo.shop\/wp-content\/uploads\/2023\/05\/kominek-scienny-aflamo-pride-s183.png\" alt=\"\" width=\"847\" height=\"332\" srcset=\"https:\/\/aflamo.shop\/wp-content\/uploads\/2023\/05\/kominek-scienny-aflamo-pride-s183.png 847w, https:\/\/aflamo.shop\/wp-content\/uploads\/2023\/05\/kominek-scienny-aflamo-pride-s183-600x235.png 600w, https:\/\/aflamo.shop\/wp-content\/uploads\/2023\/05\/kominek-scienny-aflamo-pride-s183-300x118.png 300w, https:\/\/aflamo.shop\/wp-content\/uploads\/2023\/05\/kominek-scienny-aflamo-pride-s183-768x301.png 768w\" sizes=\"(max-width: 847px) 100vw, 847px\" \/><\/p>\n<p>&nbsp;<\/p>\n<p>&nbsp;<\/p>\n<p>&nbsp;<\/p>\n","protected":false},"excerpt":{"rendered":"<p>Fabricant : Aflamo<\/p>\n<p>Chemin\u00e9e \u00e9lectrique encastrable\/murale sans fonction chauffage<\/p>\n<ul>\n<li><a href=\"https:\/\/aflamo.shop\/fr\/p\/aflamo-pride-s-92-cheminee-electrique-murale-encastrable-a-led\/\">92<\/a><\/li>\n<li><a href=\"https:\/\/aflamo.shop\/fr\/p\/aflamo-pride-s-115-cheminee-electrique-murale-encastrable-a-led\/\">115<\/a><\/li>\n<li><a href=\"https:\/\/aflamo.shop\/fr\/p\/aflamo-pride-s-127-cheminee-electrique-murale-encastrable-a-led\/\">127<\/a><\/li>\n<\/ul>\n<ul>\n<li><a href=\"https:\/\/aflamo.shop\/fr\/p\/aflamo-pride-s-153-cheminee-electrique-murale-encastrable-a-led\/\">153<\/a><\/li>\n<li><a href=\"https:\/\/aflamo.shop\/fr\/p\/aflamo-pride-s-165-cheminee-electrique-murale-encastrable-a-led\/\">165<\/a><\/li>\n<li><a href=\"https:\/\/aflamo.shop\/fr\/p\/aflamo-pride-s-183-cheminee-electrique-murale-encastrable-a-led\/\">183<\/a><\/li>\n<\/ul>\n<p><b>Dimensions <\/b>: 127 x 42 x 12,8 cm<\/p>\n","protected":false},"featured_media":3672,"comment_status":"open","ping_status":"closed","template":"","meta":[],"product_brand":[],"product_cat":[770,170,774,771,773],"product_tag":[777],"class_list":{"0":"post-16175","1":"product","2":"type-product","3":"status-publish","4":"has-post-thumbnail","6":"product_cat-aflamo-fr","7":"product_cat-cheminees-electriques-fr","8":"product_cat-cheminees-electriques-a-accrocher-au-mur","9":"product_cat-cheminees-electriques-led-encastrees","10":"product_cat-inserts-electriques-led","11":"product_tag-max-fr","13":"first","14":"instock","15":"shipping-taxable","16":"purchasable","17":"product-type-simple"},"yoast_head":"<!-- This site is optimized with the Yoast SEO plugin v27.4 - https:\/\/yoast.com\/product\/yoast-seo-wordpress\/ -->\n<title>Aflamo Pride S 127 - Chemin\u00e9e \u00e9lectrique murale\/encastrable \u00e0 LED - aflamo.shop - revendeur aflamo certifi\u00e9<\/title>\n<meta name=\"description\" content=\"Chemin\u00e9e \u00e9lectrique LED Pride S \u2013 style moderne, \u00e9l\u00e9gance et confort. Design minimaliste, parfait pour tout int\u00e9rieur, cr\u00e9e une atmosph\u00e8re chaleureuse\" \/>\n<meta name=\"robots\" content=\"index, follow, max-snippet:-1, max-image-preview:large, max-video-preview:-1\" \/>\n<link rel=\"canonical\" href=\"https:\/\/aflamo.shop\/fr\/p\/aflamo-pride-s-127-cheminee-electrique-murale-encastrable-a-led\/\" \/>\n<meta property=\"og:locale\" content=\"fr_FR\" \/>\n<meta property=\"og:type\" content=\"article\" \/>\n<meta property=\"og:title\" content=\"Aflamo Pride S 127 - Chemin\u00e9e \u00e9lectrique murale\/encastrable \u00e0 LED - aflamo.shop - revendeur aflamo certifi\u00e9\" \/>\n<meta property=\"og:description\" content=\"Chemin\u00e9e \u00e9lectrique LED Pride S \u2013 style moderne, \u00e9l\u00e9gance et confort. Design minimaliste, parfait pour tout int\u00e9rieur, cr\u00e9e une atmosph\u00e8re chaleureuse\" \/>\n<meta property=\"og:url\" content=\"https:\/\/aflamo.shop\/fr\/p\/aflamo-pride-s-127-cheminee-electrique-murale-encastrable-a-led\/\" \/>\n<meta property=\"og:site_name\" content=\"aflamo.shop - revendeur aflamo certifi\u00e9\" \/>\n<meta property=\"article:modified_time\" content=\"2026-04-17T12:31:05+00:00\" \/>\n<meta property=\"og:image\" content=\"https:\/\/aflamo.shop\/wp-content\/uploads\/2023\/05\/pride-s165-2_sq.jpg\" \/>\n\t<meta property=\"og:image:width\" content=\"2248\" \/>\n\t<meta property=\"og:image:height\" content=\"2248\" \/>\n\t<meta property=\"og:image:type\" content=\"image\/jpeg\" \/>\n<meta name=\"twitter:card\" content=\"summary_large_image\" \/>\n<meta name=\"twitter:label1\" content=\"Dur\u00e9e de lecture estim\u00e9e\" \/>\n\t<meta name=\"twitter:data1\" content=\"6 minutes\" \/>\n<script type=\"application\/ld+json\" class=\"yoast-schema-graph\">{\"@context\":\"https:\\\/\\\/schema.org\",\"@graph\":[{\"@type\":\"WebPage\",\"@id\":\"https:\\\/\\\/aflamo.shop\\\/fr\\\/p\\\/aflamo-pride-s-127-cheminee-electrique-murale-encastrable-a-led\\\/\",\"url\":\"https:\\\/\\\/aflamo.shop\\\/fr\\\/p\\\/aflamo-pride-s-127-cheminee-electrique-murale-encastrable-a-led\\\/\",\"name\":\"Aflamo Pride S 127 - Chemin\u00e9e \u00e9lectrique murale\\\/encastrable \u00e0 LED - aflamo.shop - revendeur aflamo certifi\u00e9\",\"isPartOf\":{\"@id\":\"https:\\\/\\\/aflamo.shop\\\/fr\\\/#website\"},\"primaryImageOfPage\":{\"@id\":\"https:\\\/\\\/aflamo.shop\\\/fr\\\/p\\\/aflamo-pride-s-127-cheminee-electrique-murale-encastrable-a-led\\\/#primaryimage\"},\"image\":{\"@id\":\"https:\\\/\\\/aflamo.shop\\\/fr\\\/p\\\/aflamo-pride-s-127-cheminee-electrique-murale-encastrable-a-led\\\/#primaryimage\"},\"thumbnailUrl\":\"https:\\\/\\\/aflamo.shop\\\/wp-content\\\/uploads\\\/2023\\\/05\\\/pride-s165-2_sq.jpg\",\"datePublished\":\"2023-09-16T19:41:50+00:00\",\"dateModified\":\"2026-04-17T12:31:05+00:00\",\"description\":\"Chemin\u00e9e \u00e9lectrique LED Pride S \u2013 style moderne, \u00e9l\u00e9gance et confort. Design minimaliste, parfait pour tout int\u00e9rieur, cr\u00e9e une atmosph\u00e8re chaleureuse\",\"breadcrumb\":{\"@id\":\"https:\\\/\\\/aflamo.shop\\\/fr\\\/p\\\/aflamo-pride-s-127-cheminee-electrique-murale-encastrable-a-led\\\/#breadcrumb\"},\"inLanguage\":\"fr-FR\",\"potentialAction\":[{\"@type\":\"ReadAction\",\"target\":[\"https:\\\/\\\/aflamo.shop\\\/fr\\\/p\\\/aflamo-pride-s-127-cheminee-electrique-murale-encastrable-a-led\\\/\"]}]},{\"@type\":\"ImageObject\",\"inLanguage\":\"fr-FR\",\"@id\":\"https:\\\/\\\/aflamo.shop\\\/fr\\\/p\\\/aflamo-pride-s-127-cheminee-electrique-murale-encastrable-a-led\\\/#primaryimage\",\"url\":\"https:\\\/\\\/aflamo.shop\\\/wp-content\\\/uploads\\\/2023\\\/05\\\/pride-s165-2_sq.jpg\",\"contentUrl\":\"https:\\\/\\\/aflamo.shop\\\/wp-content\\\/uploads\\\/2023\\\/05\\\/pride-s165-2_sq.jpg\",\"width\":2248,\"height\":2248},{\"@type\":\"BreadcrumbList\",\"@id\":\"https:\\\/\\\/aflamo.shop\\\/fr\\\/p\\\/aflamo-pride-s-127-cheminee-electrique-murale-encastrable-a-led\\\/#breadcrumb\",\"itemListElement\":[{\"@type\":\"ListItem\",\"position\":1,\"name\":\"Page d'accueil\",\"item\":\"https:\\\/\\\/aflamo.shop\\\/fr\\\/\"},{\"@type\":\"ListItem\",\"position\":2,\"name\":\"Boutique\",\"item\":\"https:\\\/\\\/aflamo.shop\\\/boutique\\\/\"},{\"@type\":\"ListItem\",\"position\":3,\"name\":\"Chemin\u00e9es \u00e9lectriques\",\"item\":\"https:\\\/\\\/aflamo.shop\\\/fr\\\/s\\\/cheminees-electriques-fr\\\/\"},{\"@type\":\"ListItem\",\"position\":4,\"name\":\"Aflamo Pride S 127 &#8211; Chemin\u00e9e \u00e9lectrique murale\\\/encastrable \u00e0 LED\"}]},{\"@type\":\"WebSite\",\"@id\":\"https:\\\/\\\/aflamo.shop\\\/fr\\\/#website\",\"url\":\"https:\\\/\\\/aflamo.shop\\\/fr\\\/\",\"name\":\"aflamo.shop - revendeur aflamo certifi\u00e9\",\"description\":\"Kominki elektryczne Aflamo i Emotion Flame z funkcj\u0105 grzania\",\"publisher\":{\"@id\":\"https:\\\/\\\/aflamo.shop\\\/fr\\\/#organization\"},\"potentialAction\":[{\"@type\":\"SearchAction\",\"target\":{\"@type\":\"EntryPoint\",\"urlTemplate\":\"https:\\\/\\\/aflamo.shop\\\/fr\\\/?s={search_term_string}\"},\"query-input\":{\"@type\":\"PropertyValueSpecification\",\"valueRequired\":true,\"valueName\":\"search_term_string\"}}],\"inLanguage\":\"fr-FR\"},{\"@type\":\"Organization\",\"@id\":\"https:\\\/\\\/aflamo.shop\\\/fr\\\/#organization\",\"name\":\"aflamo.shop - revendeur aflamo certifi\u00e9\",\"url\":\"https:\\\/\\\/aflamo.shop\\\/fr\\\/\",\"logo\":{\"@type\":\"ImageObject\",\"inLanguage\":\"fr-FR\",\"@id\":\"https:\\\/\\\/aflamo.shop\\\/fr\\\/#\\\/schema\\\/logo\\\/image\\\/\",\"url\":\"https:\\\/\\\/aflamo.shop\\\/wp-content\\\/uploads\\\/2019\\\/10\\\/logo2.1-1-1.svg\",\"contentUrl\":\"https:\\\/\\\/aflamo.shop\\\/wp-content\\\/uploads\\\/2019\\\/10\\\/logo2.1-1-1.svg\",\"caption\":\"aflamo.shop - revendeur aflamo certifi\u00e9\"},\"image\":{\"@id\":\"https:\\\/\\\/aflamo.shop\\\/fr\\\/#\\\/schema\\\/logo\\\/image\\\/\"}}]}<\/script>\n<!-- \/ Yoast SEO plugin. -->","yoast_head_json":{"title":"Aflamo Pride S 127 - Chemin\u00e9e \u00e9lectrique murale\/encastrable \u00e0 LED - aflamo.shop - revendeur aflamo certifi\u00e9","description":"Chemin\u00e9e \u00e9lectrique LED Pride S \u2013 style moderne, \u00e9l\u00e9gance et confort. Design minimaliste, parfait pour tout int\u00e9rieur, cr\u00e9e une atmosph\u00e8re chaleureuse","robots":{"index":"index","follow":"follow","max-snippet":"max-snippet:-1","max-image-preview":"max-image-preview:large","max-video-preview":"max-video-preview:-1"},"canonical":"https:\/\/aflamo.shop\/fr\/p\/aflamo-pride-s-127-cheminee-electrique-murale-encastrable-a-led\/","og_locale":"fr_FR","og_type":"article","og_title":"Aflamo Pride S 127 - Chemin\u00e9e \u00e9lectrique murale\/encastrable \u00e0 LED - aflamo.shop - revendeur aflamo certifi\u00e9","og_description":"Chemin\u00e9e \u00e9lectrique LED Pride S \u2013 style moderne, \u00e9l\u00e9gance et confort. Design minimaliste, parfait pour tout int\u00e9rieur, cr\u00e9e une atmosph\u00e8re chaleureuse","og_url":"https:\/\/aflamo.shop\/fr\/p\/aflamo-pride-s-127-cheminee-electrique-murale-encastrable-a-led\/","og_site_name":"aflamo.shop - revendeur aflamo certifi\u00e9","article_modified_time":"2026-04-17T12:31:05+00:00","og_image":[{"width":2248,"height":2248,"url":"https:\/\/aflamo.shop\/wp-content\/uploads\/2023\/05\/pride-s165-2_sq.jpg","type":"image\/jpeg"}],"twitter_card":"summary_large_image","twitter_misc":{"Dur\u00e9e de lecture estim\u00e9e":"6 minutes"},"schema":{"@context":"https:\/\/schema.org","@graph":[{"@type":"WebPage","@id":"https:\/\/aflamo.shop\/fr\/p\/aflamo-pride-s-127-cheminee-electrique-murale-encastrable-a-led\/","url":"https:\/\/aflamo.shop\/fr\/p\/aflamo-pride-s-127-cheminee-electrique-murale-encastrable-a-led\/","name":"Aflamo Pride S 127 - Chemin\u00e9e \u00e9lectrique murale\/encastrable \u00e0 LED - aflamo.shop - revendeur aflamo certifi\u00e9","isPartOf":{"@id":"https:\/\/aflamo.shop\/fr\/#website"},"primaryImageOfPage":{"@id":"https:\/\/aflamo.shop\/fr\/p\/aflamo-pride-s-127-cheminee-electrique-murale-encastrable-a-led\/#primaryimage"},"image":{"@id":"https:\/\/aflamo.shop\/fr\/p\/aflamo-pride-s-127-cheminee-electrique-murale-encastrable-a-led\/#primaryimage"},"thumbnailUrl":"https:\/\/aflamo.shop\/wp-content\/uploads\/2023\/05\/pride-s165-2_sq.jpg","datePublished":"2023-09-16T19:41:50+00:00","dateModified":"2026-04-17T12:31:05+00:00","description":"Chemin\u00e9e \u00e9lectrique LED Pride S \u2013 style moderne, \u00e9l\u00e9gance et confort. Design minimaliste, parfait pour tout int\u00e9rieur, cr\u00e9e une atmosph\u00e8re chaleureuse","breadcrumb":{"@id":"https:\/\/aflamo.shop\/fr\/p\/aflamo-pride-s-127-cheminee-electrique-murale-encastrable-a-led\/#breadcrumb"},"inLanguage":"fr-FR","potentialAction":[{"@type":"ReadAction","target":["https:\/\/aflamo.shop\/fr\/p\/aflamo-pride-s-127-cheminee-electrique-murale-encastrable-a-led\/"]}]},{"@type":"ImageObject","inLanguage":"fr-FR","@id":"https:\/\/aflamo.shop\/fr\/p\/aflamo-pride-s-127-cheminee-electrique-murale-encastrable-a-led\/#primaryimage","url":"https:\/\/aflamo.shop\/wp-content\/uploads\/2023\/05\/pride-s165-2_sq.jpg","contentUrl":"https:\/\/aflamo.shop\/wp-content\/uploads\/2023\/05\/pride-s165-2_sq.jpg","width":2248,"height":2248},{"@type":"BreadcrumbList","@id":"https:\/\/aflamo.shop\/fr\/p\/aflamo-pride-s-127-cheminee-electrique-murale-encastrable-a-led\/#breadcrumb","itemListElement":[{"@type":"ListItem","position":1,"name":"Page d'accueil","item":"https:\/\/aflamo.shop\/fr\/"},{"@type":"ListItem","position":2,"name":"Boutique","item":"https:\/\/aflamo.shop\/boutique\/"},{"@type":"ListItem","position":3,"name":"Chemin\u00e9es \u00e9lectriques","item":"https:\/\/aflamo.shop\/fr\/s\/cheminees-electriques-fr\/"},{"@type":"ListItem","position":4,"name":"Aflamo Pride S 127 &#8211; Chemin\u00e9e \u00e9lectrique murale\/encastrable \u00e0 LED"}]},{"@type":"WebSite","@id":"https:\/\/aflamo.shop\/fr\/#website","url":"https:\/\/aflamo.shop\/fr\/","name":"aflamo.shop - revendeur aflamo certifi\u00e9","description":"Kominki elektryczne Aflamo i Emotion Flame z funkcj\u0105 grzania","publisher":{"@id":"https:\/\/aflamo.shop\/fr\/#organization"},"potentialAction":[{"@type":"SearchAction","target":{"@type":"EntryPoint","urlTemplate":"https:\/\/aflamo.shop\/fr\/?s={search_term_string}"},"query-input":{"@type":"PropertyValueSpecification","valueRequired":true,"valueName":"search_term_string"}}],"inLanguage":"fr-FR"},{"@type":"Organization","@id":"https:\/\/aflamo.shop\/fr\/#organization","name":"aflamo.shop - revendeur aflamo certifi\u00e9","url":"https:\/\/aflamo.shop\/fr\/","logo":{"@type":"ImageObject","inLanguage":"fr-FR","@id":"https:\/\/aflamo.shop\/fr\/#\/schema\/logo\/image\/","url":"https:\/\/aflamo.shop\/wp-content\/uploads\/2019\/10\/logo2.1-1-1.svg","contentUrl":"https:\/\/aflamo.shop\/wp-content\/uploads\/2019\/10\/logo2.1-1-1.svg","caption":"aflamo.shop - revendeur aflamo certifi\u00e9"},"image":{"@id":"https:\/\/aflamo.shop\/fr\/#\/schema\/logo\/image\/"}}]}},"_links":{"self":[{"href":"https:\/\/aflamo.shop\/fr\/wp-json\/wp\/v2\/product\/16175","targetHints":{"allow":["GET"]}}],"collection":[{"href":"https:\/\/aflamo.shop\/fr\/wp-json\/wp\/v2\/product"}],"about":[{"href":"https:\/\/aflamo.shop\/fr\/wp-json\/wp\/v2\/types\/product"}],"replies":[{"embeddable":true,"href":"https:\/\/aflamo.shop\/fr\/wp-json\/wp\/v2\/comments?post=16175"}],"wp:featuredmedia":[{"embeddable":true,"href":"https:\/\/aflamo.shop\/fr\/wp-json\/wp\/v2\/media\/3672"}],"wp:attachment":[{"href":"https:\/\/aflamo.shop\/fr\/wp-json\/wp\/v2\/media?parent=16175"}],"wp:term":[{"taxonomy":"product_brand","embeddable":true,"href":"https:\/\/aflamo.shop\/fr\/wp-json\/wp\/v2\/product_brand?post=16175"},{"taxonomy":"product_cat","embeddable":true,"href":"https:\/\/aflamo.shop\/fr\/wp-json\/wp\/v2\/product_cat?post=16175"},{"taxonomy":"product_tag","embeddable":true,"href":"https:\/\/aflamo.shop\/fr\/wp-json\/wp\/v2\/product_tag?post=16175"}],"curies":[{"name":"wp","href":"https:\/\/api.w.org\/{rel}","templated":true}]}}