{"id":16163,"date":"2023-09-17T15:00:57","date_gmt":"2023-09-17T15:00:57","guid":{"rendered":"https:\/\/aflamo.shop\/p\/aflamo-majestic-50-cheminee-electrique-led-murale-encastrable\/"},"modified":"2026-04-17T12:22:13","modified_gmt":"2026-04-17T12:22:13","slug":"aflamo-majestic-50-cheminee-electrique-murale-encastrable-a-led","status":"publish","type":"product","link":"https:\/\/aflamo.shop\/fr\/p\/aflamo-majestic-50-cheminee-electrique-murale-encastrable-a-led\/","title":{"rendered":"Aflamo Majestic 50 &#8211; chemin\u00e9e \u00e9lectrique LED murale\/encastrable"},"content":{"rendered":"<p><iframe title=\"Lecteur vid\u00e9o YouTube\" src=\"https:\/\/www.youtube.com\/embed\/dABaqJ4VIMs\" width=\"560\" height=\"315\" frameborder=\"0\" allowfullscreen=\"allowfullscreen\"><\/iframe><\/p>\n<p><strong>Chemin\u00e9e \u00e9lectrique \u00e0 LED Majestic : le choix id\u00e9al pour votre int\u00e9rieur<\/strong><\/p>\n<p>La chemin\u00e9e \u00e9lectrique LED <strong>Majestic<\/strong> est l&rsquo;essence de la modernit\u00e9 et de l&rsquo;\u00e9l\u00e9gance, alliant l&rsquo;esth\u00e9tique d&rsquo;une chemin\u00e9e traditionnelle aux technologies modernes. Gr\u00e2ce \u00e0 sa fonctionnalit\u00e9 et \u00e0 son design, il deviendra non seulement une source de chaleur, mais \u00e9galement le point central de n&rsquo;importe quelle pi\u00e8ce, ajoutant un caract\u00e8re et une atmosph\u00e8re uniques. <\/p>\n<h2><strong>Caract\u00e9ristiques :<\/strong><\/h2>\n<p><strong>Design unique et finition exclusive<\/strong><\/p>\n<p>Le Majestic attire l&rsquo;attention avec son <strong>grand pare-brise en verre noir<\/strong>, qui lui conf\u00e8re un look moderne et luxueux. La fa\u00e7ade enti\u00e8rement en verre permet \u00e0 la chemin\u00e9e de s&rsquo;int\u00e9grer parfaitement dans n&rsquo;importe quel int\u00e9rieur, des espaces minimalistes aux am\u00e9nagements plus classiques. <strong>Sa profondeur de seulement 14 cm<\/strong> en fait une chemin\u00e9e au profil exceptionnellement fin, parfaite pour les pi\u00e8ces de toutes tailles. <\/p>\n<p>Gr\u00e2ce au<strong> cadre noir<\/strong> entourant le foyer, la chemin\u00e9e est \u00e9l\u00e9gante et moderne, ajoutant de l&rsquo;\u00e9l\u00e9gance et une expressivit\u00e9 subtile \u00e0 l&rsquo;int\u00e9rieur.<\/p>\n<p><img fetchpriority=\"high\" decoding=\"async\" class=\"aligncenter wp-image-11275 size-full\" src=\"https:\/\/aflamo.shop\/wp-content\/uploads\/2023\/09\/majestic-50-czarny-2.jpg\" alt=\"Majestic 50 Noir\" width=\"2048\" height=\"689\" srcset=\"https:\/\/aflamo.shop\/wp-content\/uploads\/2023\/09\/majestic-50-czarny-2.jpg 2048w, https:\/\/aflamo.shop\/wp-content\/uploads\/2023\/09\/majestic-50-czarny-2-600x202.jpg 600w, https:\/\/aflamo.shop\/wp-content\/uploads\/2023\/09\/majestic-50-czarny-2-300x101.jpg 300w, https:\/\/aflamo.shop\/wp-content\/uploads\/2023\/09\/majestic-50-czarny-2-1024x345.jpg 1024w, https:\/\/aflamo.shop\/wp-content\/uploads\/2023\/09\/majestic-50-czarny-2-768x258.jpg 768w, https:\/\/aflamo.shop\/wp-content\/uploads\/2023\/09\/majestic-50-czarny-2-1536x517.jpg 1536w\" sizes=\"(max-width: 2048px) 100vw, 2048px\" \/><\/p>\n<p><strong>Effet de flamme r\u00e9aliste<\/strong><\/p>\n<p>L\u2019une des caract\u00e9ristiques les plus importantes de la chemin\u00e9e Majestic est son<strong> effet de flamme r\u00e9aliste,<\/strong> qui peut \u00eatre personnalis\u00e9 selon vos pr\u00e9f\u00e9rences. Vous pouvez choisir parmi <strong>trois couleurs de flammes <\/strong>: orange chaud, bleu relaxant et mixte, qui imitent parfaitement le feu naturel. De plus, vous pouvez choisir parmi<strong> quatre niveaux de luminosit\u00e9<\/strong>, vous permettant de cr\u00e9er l&rsquo;atmosph\u00e8re parfaite \u2013 d&rsquo;une lueur subtile \u00e0 des flammes intenses.  <\/p>\n<p><img decoding=\"async\" class=\"aligncenter wp-image-2842 size-full\" src=\"https:\/\/aflamo.shop\/wp-content\/uploads\/2023\/05\/plomien-majestic.png\" alt=\"Effet de flamme Majestic\" width=\"510\" height=\"533\" srcset=\"https:\/\/aflamo.shop\/wp-content\/uploads\/2023\/05\/plomien-majestic.png 510w, https:\/\/aflamo.shop\/wp-content\/uploads\/2023\/05\/plomien-majestic-287x300.png 287w\" sizes=\"(max-width: 510px) 100vw, 510px\" \/><\/p>\n<p>La chemin\u00e9e propose \u00e9galement <strong>trois types de foyer<\/strong> : <strong>des b\u00fbches<\/strong> qui imitent le bois classique, <strong>des cristaux<\/strong> pour un look moderne et<strong> des pierres<\/strong> qui ajoutent une touche naturelle \u00e0 l&rsquo;int\u00e9rieur. Chacun de ces \u00e9l\u00e9ments ajoute un caract\u00e8re unique \u00e0 la chemin\u00e9e et permet de personnaliser son apparence. <\/p>\n<p><img decoding=\"async\" class=\"aligncenter wp-image-2836 size-full\" src=\"https:\/\/aflamo.shop\/wp-content\/uploads\/2023\/05\/palenisko-majestic.png\" alt=\"Types de chemin\u00e9es Majestic\" width=\"515\" height=\"538\" srcset=\"https:\/\/aflamo.shop\/wp-content\/uploads\/2023\/05\/palenisko-majestic.png 515w, https:\/\/aflamo.shop\/wp-content\/uploads\/2023\/05\/palenisko-majestic-287x300.png 287w\" sizes=\"(max-width: 515px) 100vw, 515px\" \/><\/p>\n<p><strong>Facile \u00e0 installer et polyvalent<\/strong><\/p>\n<p>Majestic est extr\u00eamement polyvalent en termes d\u2019installation. Vous pouvez le monter de trois mani\u00e8res : <\/p>\n<ol>\n<li><strong>Encastrable<\/strong>, qui permet d&rsquo;int\u00e9grer la chemin\u00e9e dans le mur, cr\u00e9ant ainsi un agencement moderne et minimaliste.<\/li>\n<li><strong>Sur le mur, <\/strong>ce qui en fait une d\u00e9coration int\u00e9rieure efficace.<\/li>\n<li><strong>Suspendu sur un cintre<\/strong> inclus dans l&rsquo;ensemble, ce qui permet une installation rapide et facile sans n\u00e9cessiter de travaux compliqu\u00e9s.<\/li>\n<\/ol>\n<p><strong>Chauffage<\/strong><\/p>\n<p>Le foyer Majestic offre <strong>deux niveaux de puissance de chauffage<\/strong> \u2013 750W et 1500W, ce qui vous permet d\u2019ajuster l\u2019intensit\u00e9 de chauffage \u00e0 vos besoins actuels. Gr\u00e2ce<strong> \u00e0 la fonction thermostat num\u00e9rique<\/strong>, vous pouvez r\u00e9gler et maintenir avec pr\u00e9cision une temp\u00e9rature confortable entre 18\u00b0C \u200b\u200bet 30\u00b0C. <\/p>\n<p><strong>L&rsquo;ind\u00e9pendance de la fonction de chauffage par rapport <\/strong>\u00e0 l&rsquo;effet de flamme vous donne la possibilit\u00e9 de profiter d&rsquo;une agr\u00e9able visualisation des flammes toute l&rsquo;ann\u00e9e, quelle que soit la m\u00e9t\u00e9o. Vous pouvez profiter de la chaleur lors des journ\u00e9es plus froides ou simplement cr\u00e9er une atmosph\u00e8re chaleureuse sans chauffage suppl\u00e9mentaire. <\/p>\n<p><strong>Le capteur de fen\u00eatre ouverte<\/strong> est une fonction intelligente qui \u00e9teint automatiquement le chauffage lorsqu&rsquo;il d\u00e9tecte une baisse de temp\u00e9rature r\u00e9sultant d&rsquo;une fen\u00eatre ouverte. Cette solution pratique permet d\u2019\u00e9conomiser de l\u2019\u00e9nergie et de garantir une utilisation s\u00fbre. <\/p>\n<p><strong>Facilit\u00e9 d&rsquo;utilisation et contr\u00f4le moderne<\/strong><\/p>\n<p>Le foyer Majestic a \u00e9t\u00e9 con\u00e7u dans un souci de confort d&rsquo;utilisation. Gr\u00e2ce \u00e0 la <strong>t\u00e9l\u00e9commande<\/strong>, vous pouvez g\u00e9rer facilement toutes les fonctions du foyer depuis n&rsquo;importe quel endroit de la pi\u00e8ce. En quelques clics, vous pouvez r\u00e9gler la luminosit\u00e9 de la flamme, changer sa couleur, allumer ou \u00e9teindre le chauffage ou r\u00e9gler la minuterie.  <\/p>\n<p><strong>Le panneau tactile<\/strong> int\u00e9gr\u00e9 \u00e0 la chemin\u00e9e est une autre innovation. Lorsqu&rsquo;il est touch\u00e9, il permet un acc\u00e8s rapide aux fonctions les plus importantes, et lorsqu&rsquo;il n&rsquo;est pas utilis\u00e9, il dispara\u00eet apr\u00e8s 10 secondes, sans perturber l&rsquo;esth\u00e9tique de l&rsquo;appareil. <\/p>\n<p><strong>R\u00e9sum\u00e9<\/strong><\/p>\n<p>Le foyer \u00e9lectrique LED Majestic est synonyme d&rsquo;\u00e9l\u00e9gance et de confort modernes. Sa fonctionnalit\u00e9, son esth\u00e9tique et sa facilit\u00e9 d&rsquo;utilisation en font une solution id\u00e9ale pour ceux qui appr\u00e9cient \u00e0 la fois la beaut\u00e9 et la praticit\u00e9. Que vous cherchiez un moyen de r\u00e9chauffer votre int\u00e9rieur ou que vous souhaitiez y ajouter une atmosph\u00e8re unique, Majestic r\u00e9pondra \u00e0 vos attentes et apportera la magie du feu \u00e0 votre maison dans une version moderne.  <\/p>\n<div class=\"feature\">\n<ul><strong><\/p>\n<p><a href=\"https:\/\/aflamo.shop\/wp-content\/uploads\/2023\/09\/Aflamo-MAJESTIC-EN-PL-DE-IT-ES-FR-CS-SK-NL-4.pdf\">Instructions d&rsquo;utilisation et de s\u00e9curit\u00e9<\/a><\/p>\n<p><\/strong><\/ul>\n<p style=\"text-align: left;\"><strong>Dessins techniques<\/strong><\/p>\n<p>Majestic 26<\/p>\n<p><img loading=\"lazy\" decoding=\"async\" class=\"alignnone wp-image-2856 size-full\" src=\"https:\/\/aflamo.shop\/wp-content\/uploads\/2023\/05\/fireplace-aflamo-majestic-26-led-70-pro.jpg\" alt=\"Majestic 26\" width=\"1046\" height=\"806\" srcset=\"https:\/\/aflamo.shop\/wp-content\/uploads\/2023\/05\/fireplace-aflamo-majestic-26-led-70-pro.jpg 1046w, https:\/\/aflamo.shop\/wp-content\/uploads\/2023\/05\/fireplace-aflamo-majestic-26-led-70-pro-600x462.jpg 600w, https:\/\/aflamo.shop\/wp-content\/uploads\/2023\/05\/fireplace-aflamo-majestic-26-led-70-pro-300x231.jpg 300w, https:\/\/aflamo.shop\/wp-content\/uploads\/2023\/05\/fireplace-aflamo-majestic-26-led-70-pro-1024x789.jpg 1024w, https:\/\/aflamo.shop\/wp-content\/uploads\/2023\/05\/fireplace-aflamo-majestic-26-led-70-pro-768x592.jpg 768w\" sizes=\"(max-width: 1046px) 100vw, 1046px\" \/><\/p>\n<p>Majestic 36<\/p>\n<p><img loading=\"lazy\" decoding=\"async\" class=\"alignnone wp-image-2862 size-full\" src=\"https:\/\/aflamo.shop\/wp-content\/uploads\/2023\/05\/fireplace-aflamo-majestic-36.jpg\" alt=\"Majestic 36\" width=\"1048\" height=\"681\" srcset=\"https:\/\/aflamo.shop\/wp-content\/uploads\/2023\/05\/fireplace-aflamo-majestic-36.jpg 1048w, https:\/\/aflamo.shop\/wp-content\/uploads\/2023\/05\/fireplace-aflamo-majestic-36-600x390.jpg 600w, https:\/\/aflamo.shop\/wp-content\/uploads\/2023\/05\/fireplace-aflamo-majestic-36-300x195.jpg 300w, https:\/\/aflamo.shop\/wp-content\/uploads\/2023\/05\/fireplace-aflamo-majestic-36-1024x665.jpg 1024w, https:\/\/aflamo.shop\/wp-content\/uploads\/2023\/05\/fireplace-aflamo-majestic-36-768x499.jpg 768w\" sizes=\"(max-width: 1048px) 100vw, 1048px\" \/><\/p>\n<p>Majestic 45<\/p>\n<p><img loading=\"lazy\" decoding=\"async\" class=\"alignnone wp-image-2868 size-full\" src=\"https:\/\/aflamo.shop\/wp-content\/uploads\/2023\/05\/fireplace-aflamo-majestic-45.jpg\" alt=\"Majestic 45\" width=\"1073\" height=\"602\" srcset=\"https:\/\/aflamo.shop\/wp-content\/uploads\/2023\/05\/fireplace-aflamo-majestic-45.jpg 1073w, https:\/\/aflamo.shop\/wp-content\/uploads\/2023\/05\/fireplace-aflamo-majestic-45-600x337.jpg 600w, https:\/\/aflamo.shop\/wp-content\/uploads\/2023\/05\/fireplace-aflamo-majestic-45-300x168.jpg 300w, https:\/\/aflamo.shop\/wp-content\/uploads\/2023\/05\/fireplace-aflamo-majestic-45-1024x575.jpg 1024w, https:\/\/aflamo.shop\/wp-content\/uploads\/2023\/05\/fireplace-aflamo-majestic-45-768x431.jpg 768w\" sizes=\"(max-width: 1073px) 100vw, 1073px\" \/><\/p>\n<p>Majestic 50<\/p>\n<p><img loading=\"lazy\" decoding=\"async\" class=\"alignnone wp-image-2874 size-full\" src=\"https:\/\/aflamo.shop\/wp-content\/uploads\/2023\/05\/fireplace-aflamo-majestic-50.jpg\" alt=\"Majestic 50\" width=\"1033\" height=\"532\" srcset=\"https:\/\/aflamo.shop\/wp-content\/uploads\/2023\/05\/fireplace-aflamo-majestic-50.jpg 1033w, https:\/\/aflamo.shop\/wp-content\/uploads\/2023\/05\/fireplace-aflamo-majestic-50-600x309.jpg 600w, https:\/\/aflamo.shop\/wp-content\/uploads\/2023\/05\/fireplace-aflamo-majestic-50-300x155.jpg 300w, https:\/\/aflamo.shop\/wp-content\/uploads\/2023\/05\/fireplace-aflamo-majestic-50-1024x527.jpg 1024w, https:\/\/aflamo.shop\/wp-content\/uploads\/2023\/05\/fireplace-aflamo-majestic-50-768x396.jpg 768w\" sizes=\"(max-width: 1033px) 100vw, 1033px\" \/><\/p>\n<p>Majestic 72<\/p>\n<p><img loading=\"lazy\" decoding=\"async\" class=\"alignnone wp-image-2892 size-full\" src=\"https:\/\/aflamo.shop\/wp-content\/uploads\/2023\/05\/fireplace-aflamo-majestic-72.jpg\" alt=\"Majestic 72\" width=\"1039\" height=\"411\" srcset=\"https:\/\/aflamo.shop\/wp-content\/uploads\/2023\/05\/fireplace-aflamo-majestic-72.jpg 1039w, https:\/\/aflamo.shop\/wp-content\/uploads\/2023\/05\/fireplace-aflamo-majestic-72-600x237.jpg 600w, https:\/\/aflamo.shop\/wp-content\/uploads\/2023\/05\/fireplace-aflamo-majestic-72-300x119.jpg 300w, https:\/\/aflamo.shop\/wp-content\/uploads\/2023\/05\/fireplace-aflamo-majestic-72-1024x405.jpg 1024w, https:\/\/aflamo.shop\/wp-content\/uploads\/2023\/05\/fireplace-aflamo-majestic-72-768x304.jpg 768w\" sizes=\"(max-width: 1039px) 100vw, 1039px\" \/><\/p>\n<\/div>\n","protected":false},"excerpt":{"rendered":"<p>Fabricant : Aflamo<\/p>\n<p>Chemin\u00e9e \u00e9lectrique \u00e0 encastrer\/monter au mur avec fonction de chauffage.<\/p>\n<p><b>Mod\u00e8le :<\/b><\/p>\n<ul>\n<li><a href=\"https:\/\/aflamo.shop\/fr\/p\/aflamo-majestic-26-cheminee-electrique-murale-encastrable-a-led\/\">26<\/a><\/li>\n<li><a href=\"https:\/\/aflamo.shop\/fr\/p\/aflamo-majestic-36-cheminee-electrique-murale-encastrable-a-led\/\">36<\/a><\/li>\n<li><a href=\"https:\/\/aflamo.shop\/fr\/p\/aflamo-majestic-45-cheminee-electrique-murale-encastrable-a-led\/\">45<\/a><\/li>\n<li><a href=\"https:\/\/aflamo.shop\/fr\/p\/aflamo-majestic-50-cheminee-electrique-murale-encastrable-a-led\/\">50<\/a><\/li>\n<\/ul>\n<p><b>Dimensions <\/b>: 128 x 54,4 x 14 cm<\/p>\n","protected":false},"featured_media":2972,"comment_status":"open","ping_status":"closed","template":"","meta":[],"product_brand":[],"product_cat":[770,170,774,772,771,773],"product_tag":[777],"class_list":{"0":"post-16163","1":"product","2":"type-product","3":"status-publish","4":"has-post-thumbnail","6":"product_cat-aflamo-fr","7":"product_cat-cheminees-electriques-fr","8":"product_cat-cheminees-electriques-a-accrocher-au-mur","9":"product_cat-cheminees-electriques-a-led-avec-fonction-de-chauffage","10":"product_cat-cheminees-electriques-led-encastrees","11":"product_cat-inserts-electriques-led","12":"product_tag-max-fr","14":"first","15":"instock","16":"shipping-taxable","17":"purchasable","18":"product-type-simple"},"yoast_head":"<!-- This site is optimized with the Yoast SEO plugin v27.4 - https:\/\/yoast.com\/product\/yoast-seo-wordpress\/ -->\n<title>Aflamo Majestic 50 - chemin\u00e9e \u00e9lectrique LED murale\/encastrable - aflamo.shop - revendeur aflamo certifi\u00e9<\/title>\n<meta name=\"description\" content=\"Chemin\u00e9e \u00e9lectrique LED Majestic \u2013 \u00e9l\u00e9gance et confort modernes. Il combine une fonction de chauffage avec une flamme d\u00e9corative, cr\u00e9ant une atmosph\u00e8re unique dans votre maison.\" \/>\n<meta name=\"robots\" content=\"index, follow, max-snippet:-1, max-image-preview:large, max-video-preview:-1\" \/>\n<link rel=\"canonical\" href=\"https:\/\/aflamo.shop\/fr\/p\/aflamo-majestic-50-cheminee-electrique-murale-encastrable-a-led\/\" \/>\n<meta property=\"og:locale\" content=\"fr_FR\" \/>\n<meta property=\"og:type\" content=\"article\" \/>\n<meta property=\"og:title\" content=\"Aflamo Majestic 50 - chemin\u00e9e \u00e9lectrique LED murale\/encastrable - aflamo.shop - revendeur aflamo certifi\u00e9\" \/>\n<meta property=\"og:description\" content=\"Chemin\u00e9e \u00e9lectrique LED Majestic \u2013 \u00e9l\u00e9gance et confort modernes. Il combine une fonction de chauffage avec une flamme d\u00e9corative, cr\u00e9ant une atmosph\u00e8re unique dans votre maison.\" \/>\n<meta property=\"og:url\" content=\"https:\/\/aflamo.shop\/fr\/p\/aflamo-majestic-50-cheminee-electrique-murale-encastrable-a-led\/\" \/>\n<meta property=\"og:site_name\" content=\"aflamo.shop - revendeur aflamo certifi\u00e9\" \/>\n<meta property=\"article:modified_time\" content=\"2026-04-17T12:22:13+00:00\" \/>\n<meta property=\"og:image\" content=\"https:\/\/aflamo.shop\/wp-content\/uploads\/2023\/05\/majestic-100-czarny-2_sq.jpg\" \/>\n\t<meta property=\"og:image:width\" content=\"2248\" \/>\n\t<meta property=\"og:image:height\" content=\"2248\" \/>\n\t<meta property=\"og:image:type\" content=\"image\/jpeg\" \/>\n<meta name=\"twitter:card\" content=\"summary_large_image\" \/>\n<meta name=\"twitter:label1\" content=\"Dur\u00e9e de lecture estim\u00e9e\" \/>\n\t<meta name=\"twitter:data1\" content=\"6 minutes\" \/>\n<script type=\"application\/ld+json\" class=\"yoast-schema-graph\">{\"@context\":\"https:\\\/\\\/schema.org\",\"@graph\":[{\"@type\":\"WebPage\",\"@id\":\"https:\\\/\\\/aflamo.shop\\\/fr\\\/p\\\/aflamo-majestic-50-cheminee-electrique-murale-encastrable-a-led\\\/\",\"url\":\"https:\\\/\\\/aflamo.shop\\\/fr\\\/p\\\/aflamo-majestic-50-cheminee-electrique-murale-encastrable-a-led\\\/\",\"name\":\"Aflamo Majestic 50 - chemin\u00e9e \u00e9lectrique LED murale\\\/encastrable - aflamo.shop - revendeur aflamo certifi\u00e9\",\"isPartOf\":{\"@id\":\"https:\\\/\\\/aflamo.shop\\\/fr\\\/#website\"},\"primaryImageOfPage\":{\"@id\":\"https:\\\/\\\/aflamo.shop\\\/fr\\\/p\\\/aflamo-majestic-50-cheminee-electrique-murale-encastrable-a-led\\\/#primaryimage\"},\"image\":{\"@id\":\"https:\\\/\\\/aflamo.shop\\\/fr\\\/p\\\/aflamo-majestic-50-cheminee-electrique-murale-encastrable-a-led\\\/#primaryimage\"},\"thumbnailUrl\":\"https:\\\/\\\/aflamo.shop\\\/wp-content\\\/uploads\\\/2023\\\/05\\\/majestic-100-czarny-2_sq.jpg\",\"datePublished\":\"2023-09-17T15:00:57+00:00\",\"dateModified\":\"2026-04-17T12:22:13+00:00\",\"description\":\"Chemin\u00e9e \u00e9lectrique LED Majestic \u2013 \u00e9l\u00e9gance et confort modernes. Il combine une fonction de chauffage avec une flamme d\u00e9corative, cr\u00e9ant une atmosph\u00e8re unique dans votre maison.\",\"breadcrumb\":{\"@id\":\"https:\\\/\\\/aflamo.shop\\\/fr\\\/p\\\/aflamo-majestic-50-cheminee-electrique-murale-encastrable-a-led\\\/#breadcrumb\"},\"inLanguage\":\"fr-FR\",\"potentialAction\":[{\"@type\":\"ReadAction\",\"target\":[\"https:\\\/\\\/aflamo.shop\\\/fr\\\/p\\\/aflamo-majestic-50-cheminee-electrique-murale-encastrable-a-led\\\/\"]}]},{\"@type\":\"ImageObject\",\"inLanguage\":\"fr-FR\",\"@id\":\"https:\\\/\\\/aflamo.shop\\\/fr\\\/p\\\/aflamo-majestic-50-cheminee-electrique-murale-encastrable-a-led\\\/#primaryimage\",\"url\":\"https:\\\/\\\/aflamo.shop\\\/wp-content\\\/uploads\\\/2023\\\/05\\\/majestic-100-czarny-2_sq.jpg\",\"contentUrl\":\"https:\\\/\\\/aflamo.shop\\\/wp-content\\\/uploads\\\/2023\\\/05\\\/majestic-100-czarny-2_sq.jpg\",\"width\":2248,\"height\":2248},{\"@type\":\"BreadcrumbList\",\"@id\":\"https:\\\/\\\/aflamo.shop\\\/fr\\\/p\\\/aflamo-majestic-50-cheminee-electrique-murale-encastrable-a-led\\\/#breadcrumb\",\"itemListElement\":[{\"@type\":\"ListItem\",\"position\":1,\"name\":\"Page d'accueil\",\"item\":\"https:\\\/\\\/aflamo.shop\\\/fr\\\/\"},{\"@type\":\"ListItem\",\"position\":2,\"name\":\"Boutique\",\"item\":\"https:\\\/\\\/aflamo.shop\\\/boutique\\\/\"},{\"@type\":\"ListItem\",\"position\":3,\"name\":\"Chemin\u00e9es \u00e9lectriques\",\"item\":\"https:\\\/\\\/aflamo.shop\\\/fr\\\/s\\\/cheminees-electriques-fr\\\/\"},{\"@type\":\"ListItem\",\"position\":4,\"name\":\"Aflamo Majestic 50 &#8211; chemin\u00e9e \u00e9lectrique LED murale\\\/encastrable\"}]},{\"@type\":\"WebSite\",\"@id\":\"https:\\\/\\\/aflamo.shop\\\/fr\\\/#website\",\"url\":\"https:\\\/\\\/aflamo.shop\\\/fr\\\/\",\"name\":\"aflamo.shop - revendeur aflamo certifi\u00e9\",\"description\":\"Kominki elektryczne Aflamo i Emotion Flame z funkcj\u0105 grzania\",\"publisher\":{\"@id\":\"https:\\\/\\\/aflamo.shop\\\/fr\\\/#organization\"},\"potentialAction\":[{\"@type\":\"SearchAction\",\"target\":{\"@type\":\"EntryPoint\",\"urlTemplate\":\"https:\\\/\\\/aflamo.shop\\\/fr\\\/?s={search_term_string}\"},\"query-input\":{\"@type\":\"PropertyValueSpecification\",\"valueRequired\":true,\"valueName\":\"search_term_string\"}}],\"inLanguage\":\"fr-FR\"},{\"@type\":\"Organization\",\"@id\":\"https:\\\/\\\/aflamo.shop\\\/fr\\\/#organization\",\"name\":\"aflamo.shop - revendeur aflamo certifi\u00e9\",\"url\":\"https:\\\/\\\/aflamo.shop\\\/fr\\\/\",\"logo\":{\"@type\":\"ImageObject\",\"inLanguage\":\"fr-FR\",\"@id\":\"https:\\\/\\\/aflamo.shop\\\/fr\\\/#\\\/schema\\\/logo\\\/image\\\/\",\"url\":\"https:\\\/\\\/aflamo.shop\\\/wp-content\\\/uploads\\\/2019\\\/10\\\/logo2.1-1-1.svg\",\"contentUrl\":\"https:\\\/\\\/aflamo.shop\\\/wp-content\\\/uploads\\\/2019\\\/10\\\/logo2.1-1-1.svg\",\"caption\":\"aflamo.shop - revendeur aflamo certifi\u00e9\"},\"image\":{\"@id\":\"https:\\\/\\\/aflamo.shop\\\/fr\\\/#\\\/schema\\\/logo\\\/image\\\/\"}}]}<\/script>\n<!-- \/ Yoast SEO plugin. -->","yoast_head_json":{"title":"Aflamo Majestic 50 - chemin\u00e9e \u00e9lectrique LED murale\/encastrable - aflamo.shop - revendeur aflamo certifi\u00e9","description":"Chemin\u00e9e \u00e9lectrique LED Majestic \u2013 \u00e9l\u00e9gance et confort modernes. Il combine une fonction de chauffage avec une flamme d\u00e9corative, cr\u00e9ant une atmosph\u00e8re unique dans votre maison.","robots":{"index":"index","follow":"follow","max-snippet":"max-snippet:-1","max-image-preview":"max-image-preview:large","max-video-preview":"max-video-preview:-1"},"canonical":"https:\/\/aflamo.shop\/fr\/p\/aflamo-majestic-50-cheminee-electrique-murale-encastrable-a-led\/","og_locale":"fr_FR","og_type":"article","og_title":"Aflamo Majestic 50 - chemin\u00e9e \u00e9lectrique LED murale\/encastrable - aflamo.shop - revendeur aflamo certifi\u00e9","og_description":"Chemin\u00e9e \u00e9lectrique LED Majestic \u2013 \u00e9l\u00e9gance et confort modernes. Il combine une fonction de chauffage avec une flamme d\u00e9corative, cr\u00e9ant une atmosph\u00e8re unique dans votre maison.","og_url":"https:\/\/aflamo.shop\/fr\/p\/aflamo-majestic-50-cheminee-electrique-murale-encastrable-a-led\/","og_site_name":"aflamo.shop - revendeur aflamo certifi\u00e9","article_modified_time":"2026-04-17T12:22:13+00:00","og_image":[{"width":2248,"height":2248,"url":"https:\/\/aflamo.shop\/wp-content\/uploads\/2023\/05\/majestic-100-czarny-2_sq.jpg","type":"image\/jpeg"}],"twitter_card":"summary_large_image","twitter_misc":{"Dur\u00e9e de lecture estim\u00e9e":"6 minutes"},"schema":{"@context":"https:\/\/schema.org","@graph":[{"@type":"WebPage","@id":"https:\/\/aflamo.shop\/fr\/p\/aflamo-majestic-50-cheminee-electrique-murale-encastrable-a-led\/","url":"https:\/\/aflamo.shop\/fr\/p\/aflamo-majestic-50-cheminee-electrique-murale-encastrable-a-led\/","name":"Aflamo Majestic 50 - chemin\u00e9e \u00e9lectrique LED murale\/encastrable - aflamo.shop - revendeur aflamo certifi\u00e9","isPartOf":{"@id":"https:\/\/aflamo.shop\/fr\/#website"},"primaryImageOfPage":{"@id":"https:\/\/aflamo.shop\/fr\/p\/aflamo-majestic-50-cheminee-electrique-murale-encastrable-a-led\/#primaryimage"},"image":{"@id":"https:\/\/aflamo.shop\/fr\/p\/aflamo-majestic-50-cheminee-electrique-murale-encastrable-a-led\/#primaryimage"},"thumbnailUrl":"https:\/\/aflamo.shop\/wp-content\/uploads\/2023\/05\/majestic-100-czarny-2_sq.jpg","datePublished":"2023-09-17T15:00:57+00:00","dateModified":"2026-04-17T12:22:13+00:00","description":"Chemin\u00e9e \u00e9lectrique LED Majestic \u2013 \u00e9l\u00e9gance et confort modernes. Il combine une fonction de chauffage avec une flamme d\u00e9corative, cr\u00e9ant une atmosph\u00e8re unique dans votre maison.","breadcrumb":{"@id":"https:\/\/aflamo.shop\/fr\/p\/aflamo-majestic-50-cheminee-electrique-murale-encastrable-a-led\/#breadcrumb"},"inLanguage":"fr-FR","potentialAction":[{"@type":"ReadAction","target":["https:\/\/aflamo.shop\/fr\/p\/aflamo-majestic-50-cheminee-electrique-murale-encastrable-a-led\/"]}]},{"@type":"ImageObject","inLanguage":"fr-FR","@id":"https:\/\/aflamo.shop\/fr\/p\/aflamo-majestic-50-cheminee-electrique-murale-encastrable-a-led\/#primaryimage","url":"https:\/\/aflamo.shop\/wp-content\/uploads\/2023\/05\/majestic-100-czarny-2_sq.jpg","contentUrl":"https:\/\/aflamo.shop\/wp-content\/uploads\/2023\/05\/majestic-100-czarny-2_sq.jpg","width":2248,"height":2248},{"@type":"BreadcrumbList","@id":"https:\/\/aflamo.shop\/fr\/p\/aflamo-majestic-50-cheminee-electrique-murale-encastrable-a-led\/#breadcrumb","itemListElement":[{"@type":"ListItem","position":1,"name":"Page d'accueil","item":"https:\/\/aflamo.shop\/fr\/"},{"@type":"ListItem","position":2,"name":"Boutique","item":"https:\/\/aflamo.shop\/boutique\/"},{"@type":"ListItem","position":3,"name":"Chemin\u00e9es \u00e9lectriques","item":"https:\/\/aflamo.shop\/fr\/s\/cheminees-electriques-fr\/"},{"@type":"ListItem","position":4,"name":"Aflamo Majestic 50 &#8211; chemin\u00e9e \u00e9lectrique LED murale\/encastrable"}]},{"@type":"WebSite","@id":"https:\/\/aflamo.shop\/fr\/#website","url":"https:\/\/aflamo.shop\/fr\/","name":"aflamo.shop - revendeur aflamo certifi\u00e9","description":"Kominki elektryczne Aflamo i Emotion Flame z funkcj\u0105 grzania","publisher":{"@id":"https:\/\/aflamo.shop\/fr\/#organization"},"potentialAction":[{"@type":"SearchAction","target":{"@type":"EntryPoint","urlTemplate":"https:\/\/aflamo.shop\/fr\/?s={search_term_string}"},"query-input":{"@type":"PropertyValueSpecification","valueRequired":true,"valueName":"search_term_string"}}],"inLanguage":"fr-FR"},{"@type":"Organization","@id":"https:\/\/aflamo.shop\/fr\/#organization","name":"aflamo.shop - revendeur aflamo certifi\u00e9","url":"https:\/\/aflamo.shop\/fr\/","logo":{"@type":"ImageObject","inLanguage":"fr-FR","@id":"https:\/\/aflamo.shop\/fr\/#\/schema\/logo\/image\/","url":"https:\/\/aflamo.shop\/wp-content\/uploads\/2019\/10\/logo2.1-1-1.svg","contentUrl":"https:\/\/aflamo.shop\/wp-content\/uploads\/2019\/10\/logo2.1-1-1.svg","caption":"aflamo.shop - revendeur aflamo certifi\u00e9"},"image":{"@id":"https:\/\/aflamo.shop\/fr\/#\/schema\/logo\/image\/"}}]}},"_links":{"self":[{"href":"https:\/\/aflamo.shop\/fr\/wp-json\/wp\/v2\/product\/16163","targetHints":{"allow":["GET"]}}],"collection":[{"href":"https:\/\/aflamo.shop\/fr\/wp-json\/wp\/v2\/product"}],"about":[{"href":"https:\/\/aflamo.shop\/fr\/wp-json\/wp\/v2\/types\/product"}],"replies":[{"embeddable":true,"href":"https:\/\/aflamo.shop\/fr\/wp-json\/wp\/v2\/comments?post=16163"}],"wp:featuredmedia":[{"embeddable":true,"href":"https:\/\/aflamo.shop\/fr\/wp-json\/wp\/v2\/media\/2972"}],"wp:attachment":[{"href":"https:\/\/aflamo.shop\/fr\/wp-json\/wp\/v2\/media?parent=16163"}],"wp:term":[{"taxonomy":"product_brand","embeddable":true,"href":"https:\/\/aflamo.shop\/fr\/wp-json\/wp\/v2\/product_brand?post=16163"},{"taxonomy":"product_cat","embeddable":true,"href":"https:\/\/aflamo.shop\/fr\/wp-json\/wp\/v2\/product_cat?post=16163"},{"taxonomy":"product_tag","embeddable":true,"href":"https:\/\/aflamo.shop\/fr\/wp-json\/wp\/v2\/product_tag?post=16163"}],"curies":[{"name":"wp","href":"https:\/\/api.w.org\/{rel}","templated":true}]}}