{"id":16100,"date":"2023-09-17T18:47:15","date_gmt":"2023-09-17T18:47:15","guid":{"rendered":"https:\/\/aflamo.shop\/p\/aflamo-unique-183-cheminee-electrique-murale-encastrable-a-led\/"},"modified":"2026-04-17T11:43:05","modified_gmt":"2026-04-17T11:43:05","slug":"aflamo-unique-183-cheminee-electrique-murale-encastrable-a-led","status":"publish","type":"product","link":"https:\/\/aflamo.shop\/fr\/p\/aflamo-unique-183-cheminee-electrique-murale-encastrable-a-led\/","title":{"rendered":"Aflamo Unique 183-chemin\u00e9e \u00e9lectrique murale\/encastrable \u00e0 LED"},"content":{"rendered":"<p><iframe title=\"Lecteur vid\u00e9o YouTube\" src=\"https:\/\/www.youtube.com\/embed\/5_aWbRuIkEU\" width=\"560\" height=\"315\" frameborder=\"0\" allowfullscreen=\"allowfullscreen\"><span style=\"display: inline-block; width: 0px; overflow: hidden; line-height: 0;\" data-mce-type=\"bookmark\" class=\"mce_SELRES_start\"><\/span><\/iframe><\/p>\n<h2><strong>Chemin\u00e9e \u00e9lectrique LED \u00e0 trois faces Unique \u2013 modernit\u00e9, design et fonctionnalit\u00e9<\/strong><\/h2>\n<p><strong>La chemin\u00e9e \u00e9lectrique Unique<\/strong> est un appareil moderne dot\u00e9 d&rsquo;un<strong> foyer \u00e0 trois<\/strong> c\u00f4t\u00e9s qui vous permet d&rsquo;admirer les flammes sous trois perspectives diff\u00e9rentes. Gr\u00e2ce \u00e0 cela, il devient le point central de tout int\u00e9rieur \u2013 il d\u00e9gage de la lumi\u00e8re, du mouvement et de la chaleur, cr\u00e9ant une atmosph\u00e8re unique. <\/p>\n<p>La conception \u00e0 trois c\u00f4t\u00e9s permet d&rsquo;installer le foyer aussi bien dans un coin qu&rsquo;au milieu d&rsquo;un mur. La combinaison unique du verre et du m\u00e9tal lui conf\u00e8re \u00e9l\u00e9gance et caract\u00e8re futuriste. <\/p>\n<h3><strong>Caract\u00e9ristiques du foyer \u00e9lectrique unique \u00e0 trois faces<\/strong><\/h3>\n<h4><strong>Effet de flamme<\/strong><\/h4>\n<ul>\n<li>6 couleurs de flammes \u2013 de l\u2019orange classique aux effets modernes et color\u00e9s.<\/li>\n<li>5 niveaux de luminosit\u00e9 \u2013 ajustez l\u2019intensit\u00e9 en fonction de votre humeur.<\/li>\n<li>Effet de feu r\u00e9aliste \u2013 sans besoin de bois ni de chemin\u00e9e.<\/li>\n<\/ul>\n<p><img fetchpriority=\"high\" decoding=\"async\" class=\"aligncenter\" src=\"https:\/\/aflamo.shop\/wp-content\/uploads\/2023\/09\/flames_2x3-1.jpg\" alt=\"Effet de flamme dans la chemin\u00e9e \u00e9lectrique Unique\" width=\"462\" height=\"354\"><\/p>\n<h4><strong>Un foyer impressionnant<\/strong><\/h4>\n<p>Vous pouvez choisir entre deux variantes :<\/p>\n<ul>\n<li><strong>B\u00fbches en c\u00e9ramique<\/strong> \u2013 reproduction r\u00e9aliste du bois, disponibles en diff\u00e9rentes formes.<\/li>\n<li><strong>Cristaux d\u00e9coratifs<\/strong> \u2013 pour un effet lumineux moderne et \u00e9l\u00e9gant.<\/li>\n<\/ul>\n<p><img decoding=\"async\" class=\"aligncenter\" src=\"https:\/\/aflamo.shop\/wp-content\/uploads\/2024\/06\/polana_krysztaly-e1603875138523.png\" alt=\"Chemin\u00e9e avec b\u00fbches et cristaux\" width=\"413\" height=\"297\"><\/p>\n<h4><strong>Variantes de taille<\/strong><\/h4>\n<p>Longueurs de chemin\u00e9e disponibles : <strong>107 cm, 127 cm, 153 cm, 165 cm, 183 cm.<\/strong> Cela signifie que vous pouvez l&rsquo;adapter parfaitement \u00e0 n&rsquo;importe quel int\u00e9rieur, des petits salons aux lofts spacieux. <\/p>\n<p><img decoding=\"async\" class=\"aligncenter\" src=\"https:\/\/aflamo.shop\/wp-content\/uploads\/2023\/09\/unique_unique2.jpg\" alt=\"Visualisation de la chemin\u00e9e Unique\" width=\"492\" height=\"300\"><\/p>\n<h3><strong>Fonctions et commodit\u00e9<\/strong><\/h3>\n<ul>\n<li><strong>Application mobile<\/strong> \u2013 contr\u00f4le total via smartphone (Android\/iOS).<\/li>\n<li><strong>Interface intuitive<\/strong> \u2013 contr\u00f4le simple de la flamme, de la temp\u00e9rature, de la lumi\u00e8re.<\/li>\n<\/ul>\n<p><iframe title=\"Pr\u00e9sentation de la chemin\u00e9e Unique\" src=\"https:\/\/www.youtube.com\/embed\/H9frj9fGZnY?si=YHNoy3_uQ_P_q10N\" width=\"560\" height=\"315\" frameborder=\"0\" allowfullscreen=\"allowfullscreen\"><\/iframe><br \/>\n<img loading=\"lazy\" decoding=\"async\" class=\"aligncenter\" src=\"https:\/\/aflamo.shop\/wp-content\/uploads\/2023\/09\/unique_app_unique.jpg\" alt=\"Application mobile de chemin\u00e9e unique\" width=\"492\" height=\"300\"><\/p>\n<div class=\"montaz-opis\">\n<h3>\ud83d\udee0\ufe0f <strong>M\u00e9thodes d&rsquo;installation<\/strong><\/h3>\n<ol>\n<li><strong>#1 Enti\u00e8rement encastr\u00e9 \u2013<\/strong> id\u00e9al pour une installation dans un mur, une plaque de pl\u00e2tre ou un panneau de meuble. Possibilit\u00e9 de finition avec carrelage, panneaux, pl\u00e2tre \u2013 la seule limite est votre imagination ! <\/li>\n<li><strong>#2 Partiellement dans le mur.<\/strong><\/li>\n<li><strong>#3 Sur le mur<\/strong> \u2013 installation directement sur le mur, aucune installation n\u00e9cessaire. Rapide, facile, efficace. <\/li>\n<\/ol>\n<\/div>\n<h3><strong>Chauffage et s\u00e9curit\u00e9<\/strong><\/h3>\n<ul>\n<li><strong>Deux modes de chauffage : <\/strong>750 W et 1 500 W \u2013 parfait pour toutes les saisons.<\/li>\n<li><strong>Plage de temp\u00e9rature <\/strong>: r\u00e9glable de 18\u00b0C \u200b\u200b\u00e0 30\u00b0C.<\/li>\n<li><strong>Protection contre la surchauffe<\/strong> et capteur de fen\u00eatre ouverte \u2013 pour une s\u00e9curit\u00e9 totale.<\/li>\n<li><strong>Aucune ventilation suppl\u00e9mentaire n&rsquo;est n\u00e9cessaire.<\/strong><\/li>\n<\/ul>\n<h3><strong>Confort d&rsquo;utilisation<\/strong><\/h3>\n<ul>\n<li><strong>T\u00e9l\u00e9commande<\/strong> \u2013 contr\u00f4lez sans quitter le canap\u00e9.<\/li>\n<li><strong>Minuterie et programmateur hebdomadaire<\/strong> \u2013 r\u00e9glez la chemin\u00e9e selon votre rythme quotidien et hebdomadaire.<\/li>\n<\/ul>\n<h3><strong>R\u00e9sum\u00e9 \u2013 Chemin\u00e9e \u00e9lectrique unique \u00e0 trois faces<\/strong><\/h3>\n<p><strong>La chemin\u00e9e Uni<\/strong>que est une<strong> chemin\u00e9e \u00e9lectrique \u00e0 trois faces<\/strong> moderne, \u00e9l\u00e9gante et fonctionnelle qui s&rsquo;int\u00e8gre parfaitement dans n&rsquo;importe quel int\u00e9rieur. Ses fonctionnalit\u00e9s innovantes, son design \u00e9l\u00e9gant et son design personnalisable en font plus qu\u2019une simple d\u00e9coration \u2013 c\u2019est le v\u00e9ritable c\u0153ur de la maison. <\/p>\n<p>Si vous r\u00eavez de la chaleur d&rsquo;une chemin\u00e9e, mais que vous ne voulez pas vous soucier du bois, de la suie et de la fum\u00e9e, la<strong> chemin\u00e9e \u00e9lectrique \u00e0 trois c\u00f4t\u00e9s Unique <\/strong>est le choix parfait. L&rsquo;installation est simple, l&rsquo;utilisation est pratique et l&rsquo;effet est spectaculaire. <\/p>\n<ul><strong><\/p>\n<p><a href=\"https:\/\/aflamo.shop\/wp-content\/uploads\/2023\/09\/UNIQUE_TuyaAPP_EN-PL-DE-IT-ES-FR-CS-SK-NL.pdf\">Instructions d&rsquo;utilisation et de s\u00e9curit\u00e9<\/a><\/p>\n<p><\/strong><\/ul>\n<h3><strong>Dessins techniques<\/strong><\/h3>\n<p>&nbsp;<\/p>\n<ul>\n<li><strong>Unique 90<\/strong><\/li>\n<\/ul>\n<p><img loading=\"lazy\" decoding=\"async\" class=\"aligncenter wp-image-12557 size-full\" src=\"https:\/\/aflamo.shop\/wp-content\/uploads\/2025\/01\/Unique_90.png\" alt=\"\" width=\"1215\" height=\"695\" srcset=\"https:\/\/aflamo.shop\/wp-content\/uploads\/2025\/01\/Unique_90.png 1215w, https:\/\/aflamo.shop\/wp-content\/uploads\/2025\/01\/Unique_90-600x343.png 600w, https:\/\/aflamo.shop\/wp-content\/uploads\/2025\/01\/Unique_90-300x172.png 300w, https:\/\/aflamo.shop\/wp-content\/uploads\/2025\/01\/Unique_90-1024x586.png 1024w, https:\/\/aflamo.shop\/wp-content\/uploads\/2025\/01\/Unique_90-768x439.png 768w\" sizes=\"(max-width: 1215px) 100vw, 1215px\" \/><\/p>\n<ul>\n<li><strong>Unique 107<\/strong><\/li>\n<\/ul>\n<p><img loading=\"lazy\" decoding=\"async\" class=\"aligncenter wp-image-3230 size-full\" src=\"https:\/\/aflamo.shop\/wp-content\/uploads\/2023\/05\/unique-107-12.png\" alt=\"\" width=\"1026\" height=\"514\" srcset=\"https:\/\/aflamo.shop\/wp-content\/uploads\/2023\/05\/unique-107-12.png 1026w, https:\/\/aflamo.shop\/wp-content\/uploads\/2023\/05\/unique-107-12-600x301.png 600w, https:\/\/aflamo.shop\/wp-content\/uploads\/2023\/05\/unique-107-12-300x150.png 300w, https:\/\/aflamo.shop\/wp-content\/uploads\/2023\/05\/unique-107-12-1024x513.png 1024w, https:\/\/aflamo.shop\/wp-content\/uploads\/2023\/05\/unique-107-12-768x385.png 768w\" sizes=\"(max-width: 1026px) 100vw, 1026px\" \/><\/p>\n<ul>\n<li><strong>Unique 127<\/strong><\/li>\n<\/ul>\n<p><img loading=\"lazy\" decoding=\"async\" class=\"aligncenter wp-image-3236 size-full\" src=\"https:\/\/aflamo.shop\/wp-content\/uploads\/2023\/05\/unique-127.png\" alt=\"\" width=\"1047\" height=\"497\" srcset=\"https:\/\/aflamo.shop\/wp-content\/uploads\/2023\/05\/unique-127.png 1047w, https:\/\/aflamo.shop\/wp-content\/uploads\/2023\/05\/unique-127-600x285.png 600w, https:\/\/aflamo.shop\/wp-content\/uploads\/2023\/05\/unique-127-300x142.png 300w, https:\/\/aflamo.shop\/wp-content\/uploads\/2023\/05\/unique-127-1024x486.png 1024w, https:\/\/aflamo.shop\/wp-content\/uploads\/2023\/05\/unique-127-768x365.png 768w\" sizes=\"(max-width: 1047px) 100vw, 1047px\" \/><\/p>\n<ul>\n<li><strong>Unique 153<\/strong><\/li>\n<\/ul>\n<p><img loading=\"lazy\" decoding=\"async\" class=\"aligncenter wp-image-3242 size-full\" src=\"https:\/\/aflamo.shop\/wp-content\/uploads\/2023\/05\/unique-153.png\" alt=\"\" width=\"1560\" height=\"657\" srcset=\"https:\/\/aflamo.shop\/wp-content\/uploads\/2023\/05\/unique-153.png 1560w, https:\/\/aflamo.shop\/wp-content\/uploads\/2023\/05\/unique-153-600x253.png 600w, https:\/\/aflamo.shop\/wp-content\/uploads\/2023\/05\/unique-153-300x126.png 300w, https:\/\/aflamo.shop\/wp-content\/uploads\/2023\/05\/unique-153-1024x431.png 1024w, https:\/\/aflamo.shop\/wp-content\/uploads\/2023\/05\/unique-153-768x323.png 768w, https:\/\/aflamo.shop\/wp-content\/uploads\/2023\/05\/unique-153-1536x647.png 1536w\" sizes=\"(max-width: 1560px) 100vw, 1560px\" \/><\/p>\n<ul>\n<li><strong>Unique 165<\/strong><\/li>\n<\/ul>\n<p><img loading=\"lazy\" decoding=\"async\" class=\"aligncenter wp-image-3248 size-full\" src=\"https:\/\/aflamo.shop\/wp-content\/uploads\/2023\/05\/unique-166.png\" alt=\"\" width=\"1563\" height=\"620\" srcset=\"https:\/\/aflamo.shop\/wp-content\/uploads\/2023\/05\/unique-166.png 1563w, https:\/\/aflamo.shop\/wp-content\/uploads\/2023\/05\/unique-166-600x238.png 600w, https:\/\/aflamo.shop\/wp-content\/uploads\/2023\/05\/unique-166-300x119.png 300w, https:\/\/aflamo.shop\/wp-content\/uploads\/2023\/05\/unique-166-1024x406.png 1024w, https:\/\/aflamo.shop\/wp-content\/uploads\/2023\/05\/unique-166-768x305.png 768w, https:\/\/aflamo.shop\/wp-content\/uploads\/2023\/05\/unique-166-1536x609.png 1536w\" sizes=\"(max-width: 1563px) 100vw, 1563px\" \/><\/p>\n<ul>\n<li><strong>Unique 183<\/strong><\/li>\n<\/ul>\n<p><img loading=\"lazy\" decoding=\"async\" class=\"aligncenter wp-image-3254 size-full\" src=\"https:\/\/aflamo.shop\/wp-content\/uploads\/2023\/05\/unique-183-9.png\" alt=\"\" width=\"1611\" height=\"592\" srcset=\"https:\/\/aflamo.shop\/wp-content\/uploads\/2023\/05\/unique-183-9.png 1611w, https:\/\/aflamo.shop\/wp-content\/uploads\/2023\/05\/unique-183-9-600x220.png 600w, https:\/\/aflamo.shop\/wp-content\/uploads\/2023\/05\/unique-183-9-300x110.png 300w, https:\/\/aflamo.shop\/wp-content\/uploads\/2023\/05\/unique-183-9-1024x376.png 1024w, https:\/\/aflamo.shop\/wp-content\/uploads\/2023\/05\/unique-183-9-768x282.png 768w, https:\/\/aflamo.shop\/wp-content\/uploads\/2023\/05\/unique-183-9-1536x564.png 1536w\" sizes=\"(max-width: 1611px) 100vw, 1611px\" \/><\/p>\n<p>&nbsp;<\/p>\n","protected":false},"excerpt":{"rendered":"<p>Fabricant : Aflamo<\/p>\n<p>Chemin\u00e9e \u00e9lectrique \u00e0 encastrer\/monter au mur avec fonction de chauffage.<\/p>\n<p><b>Mod\u00e8le :<\/b><\/p>\n<ul>\n<li><a href=\"https:\/\/aflamo.shop\/fr\/p\/aflamo-unique-90-cheminee-electrique-murale-encastrable-a-led\/\">90<\/a><\/li>\n<li><a href=\"https:\/\/aflamo.shop\/fr\/p\/aflamo-unique-107-cheminee-electrique-murale-encastrable-a-led\/\">107<\/a><\/li>\n<li><a href=\"https:\/\/aflamo.shop\/fr\/p\/aflamo-unique-127-cheminee-electrique-murale-encastrable-a-led\/\">127<\/a><\/li>\n<\/ul>\n<ul>\n<li><a href=\"https:\/\/aflamo.shop\/fr\/p\/aflamo-unique-153-cheminee-electrique-murale-encastrable-a-led\/\">153<\/a><\/li>\n<li><a href=\"https:\/\/aflamo.shop\/fr\/p\/aflamo-unique-166-cheminee-electrique-murale-encastrable-a-led\/\">166<\/a><\/li>\n<li><a href=\"https:\/\/aflamo.shop\/fr\/p\/aflamo-unique-183-cheminee-electrique-murale-encastrable-a-led\/\">183<\/a><\/li>\n<\/ul>\n<p><b>Dimensions <\/b>: 183 x 44 x 20 cm<\/p>\n","protected":false},"featured_media":20455,"comment_status":"open","ping_status":"closed","template":"","meta":[],"product_brand":[],"product_cat":[770,170,774,772,776,881,771,773],"product_tag":[777],"class_list":{"0":"post-16100","1":"product","2":"type-product","3":"status-publish","4":"has-post-thumbnail","6":"product_cat-aflamo-fr","7":"product_cat-cheminees-electriques-fr","8":"product_cat-cheminees-electriques-a-accrocher-au-mur","9":"product_cat-cheminees-electriques-a-led-avec-fonction-de-chauffage","10":"product_cat-cheminees-electriques-avec-application-mobile","11":"product_cat-cheminees-electriques-led-a-trois-faces","12":"product_cat-cheminees-electriques-led-encastrees","13":"product_cat-inserts-electriques-led","14":"product_tag-max-fr","16":"first","17":"instock","18":"shipping-taxable","19":"purchasable","20":"product-type-simple"},"yoast_head":"<!-- This site is optimized with the Yoast SEO plugin v27.4 - https:\/\/yoast.com\/product\/yoast-seo-wordpress\/ -->\n<title>Aflamo Unique 183-chemin\u00e9e \u00e9lectrique murale\/encastrable \u00e0 LED - aflamo.shop - revendeur aflamo certifi\u00e9<\/title>\n<meta name=\"description\" content=\"Chemin\u00e9e unique \u2013 style, fonctionnalit\u00e9 et chaleur. Personnalisation de la flamme, fonction de chauffage et design moderne \u2013 la magie du feu sans complications.\" \/>\n<meta name=\"robots\" content=\"index, follow, max-snippet:-1, max-image-preview:large, max-video-preview:-1\" \/>\n<link rel=\"canonical\" href=\"https:\/\/aflamo.shop\/fr\/p\/aflamo-unique-183-cheminee-electrique-murale-encastrable-a-led\/\" \/>\n<meta property=\"og:locale\" content=\"fr_FR\" \/>\n<meta property=\"og:type\" content=\"article\" \/>\n<meta property=\"og:title\" content=\"Aflamo Unique 183-chemin\u00e9e \u00e9lectrique murale\/encastrable \u00e0 LED - aflamo.shop - revendeur aflamo certifi\u00e9\" \/>\n<meta property=\"og:description\" content=\"Chemin\u00e9e unique \u2013 style, fonctionnalit\u00e9 et chaleur. Personnalisation de la flamme, fonction de chauffage et design moderne \u2013 la magie du feu sans complications.\" \/>\n<meta property=\"og:url\" content=\"https:\/\/aflamo.shop\/fr\/p\/aflamo-unique-183-cheminee-electrique-murale-encastrable-a-led\/\" \/>\n<meta property=\"og:site_name\" content=\"aflamo.shop - revendeur aflamo certifi\u00e9\" \/>\n<meta property=\"article:modified_time\" content=\"2026-04-17T11:43:05+00:00\" \/>\n<meta property=\"og:image\" content=\"https:\/\/aflamo.shop\/wp-content\/uploads\/2025\/01\/Unique_ceramic_logs.jpg\" \/>\n\t<meta property=\"og:image:width\" content=\"2048\" \/>\n\t<meta property=\"og:image:height\" content=\"2048\" \/>\n\t<meta property=\"og:image:type\" content=\"image\/jpeg\" \/>\n<meta name=\"twitter:card\" content=\"summary_large_image\" \/>\n<meta name=\"twitter:label1\" content=\"Dur\u00e9e de lecture estim\u00e9e\" \/>\n\t<meta name=\"twitter:data1\" content=\"5 minutes\" \/>\n<script type=\"application\/ld+json\" class=\"yoast-schema-graph\">{\"@context\":\"https:\\\/\\\/schema.org\",\"@graph\":[{\"@type\":\"WebPage\",\"@id\":\"https:\\\/\\\/aflamo.shop\\\/fr\\\/p\\\/aflamo-unique-183-cheminee-electrique-murale-encastrable-a-led\\\/\",\"url\":\"https:\\\/\\\/aflamo.shop\\\/fr\\\/p\\\/aflamo-unique-183-cheminee-electrique-murale-encastrable-a-led\\\/\",\"name\":\"Aflamo Unique 183-chemin\u00e9e \u00e9lectrique murale\\\/encastrable \u00e0 LED - aflamo.shop - revendeur aflamo certifi\u00e9\",\"isPartOf\":{\"@id\":\"https:\\\/\\\/aflamo.shop\\\/fr\\\/#website\"},\"primaryImageOfPage\":{\"@id\":\"https:\\\/\\\/aflamo.shop\\\/fr\\\/p\\\/aflamo-unique-183-cheminee-electrique-murale-encastrable-a-led\\\/#primaryimage\"},\"image\":{\"@id\":\"https:\\\/\\\/aflamo.shop\\\/fr\\\/p\\\/aflamo-unique-183-cheminee-electrique-murale-encastrable-a-led\\\/#primaryimage\"},\"thumbnailUrl\":\"https:\\\/\\\/aflamo.shop\\\/wp-content\\\/uploads\\\/2025\\\/01\\\/Unique_ceramic_logs.jpg\",\"datePublished\":\"2023-09-17T18:47:15+00:00\",\"dateModified\":\"2026-04-17T11:43:05+00:00\",\"description\":\"Chemin\u00e9e unique \u2013 style, fonctionnalit\u00e9 et chaleur. Personnalisation de la flamme, fonction de chauffage et design moderne \u2013 la magie du feu sans complications.\",\"breadcrumb\":{\"@id\":\"https:\\\/\\\/aflamo.shop\\\/fr\\\/p\\\/aflamo-unique-183-cheminee-electrique-murale-encastrable-a-led\\\/#breadcrumb\"},\"inLanguage\":\"fr-FR\",\"potentialAction\":[{\"@type\":\"ReadAction\",\"target\":[\"https:\\\/\\\/aflamo.shop\\\/fr\\\/p\\\/aflamo-unique-183-cheminee-electrique-murale-encastrable-a-led\\\/\"]}]},{\"@type\":\"ImageObject\",\"inLanguage\":\"fr-FR\",\"@id\":\"https:\\\/\\\/aflamo.shop\\\/fr\\\/p\\\/aflamo-unique-183-cheminee-electrique-murale-encastrable-a-led\\\/#primaryimage\",\"url\":\"https:\\\/\\\/aflamo.shop\\\/wp-content\\\/uploads\\\/2025\\\/01\\\/Unique_ceramic_logs.jpg\",\"contentUrl\":\"https:\\\/\\\/aflamo.shop\\\/wp-content\\\/uploads\\\/2025\\\/01\\\/Unique_ceramic_logs.jpg\",\"width\":2048,\"height\":2048},{\"@type\":\"BreadcrumbList\",\"@id\":\"https:\\\/\\\/aflamo.shop\\\/fr\\\/p\\\/aflamo-unique-183-cheminee-electrique-murale-encastrable-a-led\\\/#breadcrumb\",\"itemListElement\":[{\"@type\":\"ListItem\",\"position\":1,\"name\":\"Page d'accueil\",\"item\":\"https:\\\/\\\/aflamo.shop\\\/fr\\\/\"},{\"@type\":\"ListItem\",\"position\":2,\"name\":\"Boutique\",\"item\":\"https:\\\/\\\/aflamo.shop\\\/boutique\\\/\"},{\"@type\":\"ListItem\",\"position\":3,\"name\":\"Chemin\u00e9es \u00e9lectriques\",\"item\":\"https:\\\/\\\/aflamo.shop\\\/fr\\\/s\\\/cheminees-electriques-fr\\\/\"},{\"@type\":\"ListItem\",\"position\":4,\"name\":\"Aflamo Unique 183-chemin\u00e9e \u00e9lectrique murale\\\/encastrable \u00e0 LED\"}]},{\"@type\":\"WebSite\",\"@id\":\"https:\\\/\\\/aflamo.shop\\\/fr\\\/#website\",\"url\":\"https:\\\/\\\/aflamo.shop\\\/fr\\\/\",\"name\":\"aflamo.shop - revendeur aflamo certifi\u00e9\",\"description\":\"Kominki elektryczne Aflamo i Emotion Flame z funkcj\u0105 grzania\",\"publisher\":{\"@id\":\"https:\\\/\\\/aflamo.shop\\\/fr\\\/#organization\"},\"potentialAction\":[{\"@type\":\"SearchAction\",\"target\":{\"@type\":\"EntryPoint\",\"urlTemplate\":\"https:\\\/\\\/aflamo.shop\\\/fr\\\/?s={search_term_string}\"},\"query-input\":{\"@type\":\"PropertyValueSpecification\",\"valueRequired\":true,\"valueName\":\"search_term_string\"}}],\"inLanguage\":\"fr-FR\"},{\"@type\":\"Organization\",\"@id\":\"https:\\\/\\\/aflamo.shop\\\/fr\\\/#organization\",\"name\":\"aflamo.shop - revendeur aflamo certifi\u00e9\",\"url\":\"https:\\\/\\\/aflamo.shop\\\/fr\\\/\",\"logo\":{\"@type\":\"ImageObject\",\"inLanguage\":\"fr-FR\",\"@id\":\"https:\\\/\\\/aflamo.shop\\\/fr\\\/#\\\/schema\\\/logo\\\/image\\\/\",\"url\":\"https:\\\/\\\/aflamo.shop\\\/wp-content\\\/uploads\\\/2019\\\/10\\\/logo2.1-1-1.svg\",\"contentUrl\":\"https:\\\/\\\/aflamo.shop\\\/wp-content\\\/uploads\\\/2019\\\/10\\\/logo2.1-1-1.svg\",\"caption\":\"aflamo.shop - revendeur aflamo certifi\u00e9\"},\"image\":{\"@id\":\"https:\\\/\\\/aflamo.shop\\\/fr\\\/#\\\/schema\\\/logo\\\/image\\\/\"}}]}<\/script>\n<!-- \/ Yoast SEO plugin. -->","yoast_head_json":{"title":"Aflamo Unique 183-chemin\u00e9e \u00e9lectrique murale\/encastrable \u00e0 LED - aflamo.shop - revendeur aflamo certifi\u00e9","description":"Chemin\u00e9e unique \u2013 style, fonctionnalit\u00e9 et chaleur. Personnalisation de la flamme, fonction de chauffage et design moderne \u2013 la magie du feu sans complications.","robots":{"index":"index","follow":"follow","max-snippet":"max-snippet:-1","max-image-preview":"max-image-preview:large","max-video-preview":"max-video-preview:-1"},"canonical":"https:\/\/aflamo.shop\/fr\/p\/aflamo-unique-183-cheminee-electrique-murale-encastrable-a-led\/","og_locale":"fr_FR","og_type":"article","og_title":"Aflamo Unique 183-chemin\u00e9e \u00e9lectrique murale\/encastrable \u00e0 LED - aflamo.shop - revendeur aflamo certifi\u00e9","og_description":"Chemin\u00e9e unique \u2013 style, fonctionnalit\u00e9 et chaleur. Personnalisation de la flamme, fonction de chauffage et design moderne \u2013 la magie du feu sans complications.","og_url":"https:\/\/aflamo.shop\/fr\/p\/aflamo-unique-183-cheminee-electrique-murale-encastrable-a-led\/","og_site_name":"aflamo.shop - revendeur aflamo certifi\u00e9","article_modified_time":"2026-04-17T11:43:05+00:00","og_image":[{"width":2048,"height":2048,"url":"https:\/\/aflamo.shop\/wp-content\/uploads\/2025\/01\/Unique_ceramic_logs.jpg","type":"image\/jpeg"}],"twitter_card":"summary_large_image","twitter_misc":{"Dur\u00e9e de lecture estim\u00e9e":"5 minutes"},"schema":{"@context":"https:\/\/schema.org","@graph":[{"@type":"WebPage","@id":"https:\/\/aflamo.shop\/fr\/p\/aflamo-unique-183-cheminee-electrique-murale-encastrable-a-led\/","url":"https:\/\/aflamo.shop\/fr\/p\/aflamo-unique-183-cheminee-electrique-murale-encastrable-a-led\/","name":"Aflamo Unique 183-chemin\u00e9e \u00e9lectrique murale\/encastrable \u00e0 LED - aflamo.shop - revendeur aflamo certifi\u00e9","isPartOf":{"@id":"https:\/\/aflamo.shop\/fr\/#website"},"primaryImageOfPage":{"@id":"https:\/\/aflamo.shop\/fr\/p\/aflamo-unique-183-cheminee-electrique-murale-encastrable-a-led\/#primaryimage"},"image":{"@id":"https:\/\/aflamo.shop\/fr\/p\/aflamo-unique-183-cheminee-electrique-murale-encastrable-a-led\/#primaryimage"},"thumbnailUrl":"https:\/\/aflamo.shop\/wp-content\/uploads\/2025\/01\/Unique_ceramic_logs.jpg","datePublished":"2023-09-17T18:47:15+00:00","dateModified":"2026-04-17T11:43:05+00:00","description":"Chemin\u00e9e unique \u2013 style, fonctionnalit\u00e9 et chaleur. Personnalisation de la flamme, fonction de chauffage et design moderne \u2013 la magie du feu sans complications.","breadcrumb":{"@id":"https:\/\/aflamo.shop\/fr\/p\/aflamo-unique-183-cheminee-electrique-murale-encastrable-a-led\/#breadcrumb"},"inLanguage":"fr-FR","potentialAction":[{"@type":"ReadAction","target":["https:\/\/aflamo.shop\/fr\/p\/aflamo-unique-183-cheminee-electrique-murale-encastrable-a-led\/"]}]},{"@type":"ImageObject","inLanguage":"fr-FR","@id":"https:\/\/aflamo.shop\/fr\/p\/aflamo-unique-183-cheminee-electrique-murale-encastrable-a-led\/#primaryimage","url":"https:\/\/aflamo.shop\/wp-content\/uploads\/2025\/01\/Unique_ceramic_logs.jpg","contentUrl":"https:\/\/aflamo.shop\/wp-content\/uploads\/2025\/01\/Unique_ceramic_logs.jpg","width":2048,"height":2048},{"@type":"BreadcrumbList","@id":"https:\/\/aflamo.shop\/fr\/p\/aflamo-unique-183-cheminee-electrique-murale-encastrable-a-led\/#breadcrumb","itemListElement":[{"@type":"ListItem","position":1,"name":"Page d'accueil","item":"https:\/\/aflamo.shop\/fr\/"},{"@type":"ListItem","position":2,"name":"Boutique","item":"https:\/\/aflamo.shop\/boutique\/"},{"@type":"ListItem","position":3,"name":"Chemin\u00e9es \u00e9lectriques","item":"https:\/\/aflamo.shop\/fr\/s\/cheminees-electriques-fr\/"},{"@type":"ListItem","position":4,"name":"Aflamo Unique 183-chemin\u00e9e \u00e9lectrique murale\/encastrable \u00e0 LED"}]},{"@type":"WebSite","@id":"https:\/\/aflamo.shop\/fr\/#website","url":"https:\/\/aflamo.shop\/fr\/","name":"aflamo.shop - revendeur aflamo certifi\u00e9","description":"Kominki elektryczne Aflamo i Emotion Flame z funkcj\u0105 grzania","publisher":{"@id":"https:\/\/aflamo.shop\/fr\/#organization"},"potentialAction":[{"@type":"SearchAction","target":{"@type":"EntryPoint","urlTemplate":"https:\/\/aflamo.shop\/fr\/?s={search_term_string}"},"query-input":{"@type":"PropertyValueSpecification","valueRequired":true,"valueName":"search_term_string"}}],"inLanguage":"fr-FR"},{"@type":"Organization","@id":"https:\/\/aflamo.shop\/fr\/#organization","name":"aflamo.shop - revendeur aflamo certifi\u00e9","url":"https:\/\/aflamo.shop\/fr\/","logo":{"@type":"ImageObject","inLanguage":"fr-FR","@id":"https:\/\/aflamo.shop\/fr\/#\/schema\/logo\/image\/","url":"https:\/\/aflamo.shop\/wp-content\/uploads\/2019\/10\/logo2.1-1-1.svg","contentUrl":"https:\/\/aflamo.shop\/wp-content\/uploads\/2019\/10\/logo2.1-1-1.svg","caption":"aflamo.shop - revendeur aflamo certifi\u00e9"},"image":{"@id":"https:\/\/aflamo.shop\/fr\/#\/schema\/logo\/image\/"}}]}},"_links":{"self":[{"href":"https:\/\/aflamo.shop\/fr\/wp-json\/wp\/v2\/product\/16100","targetHints":{"allow":["GET"]}}],"collection":[{"href":"https:\/\/aflamo.shop\/fr\/wp-json\/wp\/v2\/product"}],"about":[{"href":"https:\/\/aflamo.shop\/fr\/wp-json\/wp\/v2\/types\/product"}],"replies":[{"embeddable":true,"href":"https:\/\/aflamo.shop\/fr\/wp-json\/wp\/v2\/comments?post=16100"}],"wp:featuredmedia":[{"embeddable":true,"href":"https:\/\/aflamo.shop\/fr\/wp-json\/wp\/v2\/media\/20455"}],"wp:attachment":[{"href":"https:\/\/aflamo.shop\/fr\/wp-json\/wp\/v2\/media?parent=16100"}],"wp:term":[{"taxonomy":"product_brand","embeddable":true,"href":"https:\/\/aflamo.shop\/fr\/wp-json\/wp\/v2\/product_brand?post=16100"},{"taxonomy":"product_cat","embeddable":true,"href":"https:\/\/aflamo.shop\/fr\/wp-json\/wp\/v2\/product_cat?post=16100"},{"taxonomy":"product_tag","embeddable":true,"href":"https:\/\/aflamo.shop\/fr\/wp-json\/wp\/v2\/product_tag?post=16100"}],"curies":[{"name":"wp","href":"https:\/\/api.w.org\/{rel}","templated":true}]}}