{"id":16099,"date":"2023-09-18T06:47:23","date_gmt":"2023-09-18T06:47:23","guid":{"rendered":"https:\/\/aflamo.shop\/p\/aflamo-pride-b-140-cheminee-electrique-led-murale-encastrable-sans-fonction-de-chauffage\/"},"modified":"2026-04-17T11:29:34","modified_gmt":"2026-04-17T11:29:34","slug":"aflamo-pride-b-140-cheminee-electrique-led-murale-encastrable-sans-fonction-de-chauffage","status":"publish","type":"product","link":"https:\/\/aflamo.shop\/fr\/p\/aflamo-pride-b-140-cheminee-electrique-led-murale-encastrable-sans-fonction-de-chauffage\/","title":{"rendered":"Aflamo Pride B 140 &#8211; Chemin\u00e9e \u00e9lectrique LED murale\/encastrable sans fonction de chauffage"},"content":{"rendered":"<p><iframe title=\"Lecteur vid\u00e9o YouTube\" src=\"https:\/\/www.youtube.com\/embed\/voY5_e4aL_4\" width=\"560\" height=\"315\" frameborder=\"0\" allowfullscreen=\"allowfullscreen\"><\/iframe><\/p>\n<h1><strong>Pride B<\/strong><\/h1>\n<p>La chemin\u00e9e murale LED <strong>Pride B sans fonction de chauffage <\/strong>est la quintessence du design moderne, apportant l&rsquo;\u00e9l\u00e9gance et l&rsquo;atmosph\u00e8re d&rsquo;un v\u00e9ritable feu de camp \u00e0 l&rsquo;int\u00e9rieur. Gr\u00e2ce \u00e0 ses cadres sym\u00e9triques, la chemin\u00e9e s&rsquo;int\u00e8gre harmonieusement dans n&rsquo;importe quelle pi\u00e8ce, lui conf\u00e9rant un caract\u00e8re unique plein de paix et de classe. <\/p>\n<p>&lt;h2<strong>caract\u00e9ristiques:<\/strong> &lt;\/h2<br \/>\n<strong>Flamme:<\/strong><br \/>\nLa chemin\u00e9e poss\u00e8de :<\/p>\n<ul>\n<li><strong>3 couleurs de flammes,<\/strong><\/li>\n<li><strong>5 niveaux de luminosit\u00e9,<\/strong><\/li>\n<li><strong>4 vitesses de flamme<\/strong> vous donnant un contr\u00f4le total sur l&rsquo;effet visuel.<\/li>\n<\/ul>\n<p><img fetchpriority=\"high\" decoding=\"async\" class=\"aligncenter\" src=\"https:\/\/aflamo.shop\/wp-content\/uploads\/2023\/08\/flames_unique-nh.jpg\" alt=\"Flamme de chemin\u00e9e Pride B\" width=\"506\" height=\"531\"><\/p>\n<h2>Fourneau :<\/h2>\n<p>L&rsquo;ensemble comprend <strong>3 types de foyer<\/strong> : b\u00fbches, cristaux et pierres, vous permettant ainsi de choisir le look qui convient le mieux \u00e0 votre int\u00e9rieur.<\/p>\n<p><img decoding=\"async\" class=\"aligncenter\" src=\"https:\/\/aflamo.shop\/wp-content\/uploads\/2023\/05\/palenisko-majestic.png\" alt=\"Foyer Pride B\" width=\"515\" height=\"538\"><\/p>\n<h2>Installation:<\/h2>\n<p>Le foyer Pride B offre une installation flexible \u2013 il peut \u00eatre mont\u00e9 de trois mani\u00e8res diff\u00e9rentes :<\/p>\n<ul>\n<li>sur le mur,<\/li>\n<li>partiellement int\u00e9gr\u00e9 au mur,<\/li>\n<li>enti\u00e8rement int\u00e9gr\u00e9 au mur.<\/li>\n<\/ul>\n<h2>Confort et commodit\u00e9 :<\/h2>\n<p>Pride B est la solution parfaite pour les personnes qui appr\u00e9cient la d\u00e9tente. Le foyer ne n\u00e9cessite pas de ventilation suppl\u00e9mentaire, ce qui \u00e9limine le besoin d&rsquo;ouvrir la fen\u00eatre et de laisser entrer le bruit ext\u00e9rieur. Gr\u00e2ce \u00e0 la t\u00e9l\u00e9commande, contr\u00f4ler votre chemin\u00e9e est rapide et pratique.  <\/p>\n<p>En r\u00e9sum\u00e9, <strong>la chemin\u00e9e Pride B<\/strong> est une combinaison d\u2019\u00e9l\u00e9gance, de modernit\u00e9 et de confort. Trois couleurs de flamme, quatre niveaux de vitesse et cinq niveaux de luminosit\u00e9 permettent une personnalisation compl\u00e8te, tandis que la vari\u00e9t\u00e9 des foyers garantit que la chemin\u00e9e s&rsquo;int\u00e9grera dans n&rsquo;importe quel int\u00e9rieur. C&rsquo;est un choix id\u00e9al pour les personnes qui souhaitent profiter des plaisirs des flammes sans avoir besoin d&rsquo;installer une chemin\u00e9e traditionnelle.  <\/p>\n<ul><strong><\/p>\n<p><a href=\"https:\/\/aflamo.shop\/wp-content\/uploads\/2023\/09\/Pride_EN-PL-DE-IT-ES-FR-CS-SK-NL-12.pdf\">Manuel d&rsquo;utilisation et informations de s\u00e9curit\u00e9 importantes<\/a><\/p>\n<p><\/strong><\/ul>\n<h3>Dessins techniques :<\/h3>\n<p><strong>Pride B 140<\/strong><br \/>\n<img decoding=\"async\" class=\"alignnone\" src=\"https:\/\/aflamo.shop\/wp-content\/uploads\/2023\/05\/Pride_B140-1.png\" alt=\"Pride B 140\" width=\"885\" height=\"504\"><\/p>\n<p><strong>Pride B 166<\/strong><br \/>\n<img loading=\"lazy\" decoding=\"async\" class=\"alignnone\" src=\"https:\/\/aflamo.shop\/wp-content\/uploads\/2023\/05\/Pride_B166-1.png\" alt=\"Pride B 166\" width=\"873\" height=\"460\"><\/p>\n<p><strong>Pride B 176<\/strong><br \/>\n<img loading=\"lazy\" decoding=\"async\" class=\"alignnone\" src=\"https:\/\/aflamo.shop\/wp-content\/uploads\/2023\/05\/Pride_B178-1.png\" alt=\"Pride B 176\" width=\"824\" height=\"431\"><\/p>\n<p>&nbsp;<\/p>\n","protected":false},"excerpt":{"rendered":"<p>Fabricant : Aflamo<\/p>\n<p>GETIN:5908283561742<\/p>\n<p>Chemin\u00e9e \u00e9lectrique \u00e0 encastrer\/montage mural sans fonction de chauffage.<\/p>\n<p><b>Mod\u00e8le :<\/b><\/p>\n<ul>\n<li><a href=\"https:\/\/aflamo.shop\/fr\/p\/aflamo-pride-b-140-cheminee-electrique-led-murale-encastrable-sans-fonction-de-chauffage\/\">140<\/a><\/li>\n<li><a href=\"https:\/\/aflamo.shop\/fr\/p\/aflamo-pride-b-166-cheminee-electrique-led-murale-encastrable-sans-fonction-de-chauffage\/\">166<\/a><\/li>\n<li><a href=\"https:\/\/aflamo.shop\/fr\/p\/aflamo-pride-b-178-cheminee-electrique-led-murale-encastrable-sans-fonction-de-chauffage\/\">178<\/a><\/li>\n<\/ul>\n<p><b>Dimensions <\/b>: 140 x 55 x 13 cm<\/b><\/p>\n","protected":false},"featured_media":3835,"comment_status":"open","ping_status":"closed","template":"","meta":[],"product_brand":[],"product_cat":[770,170,774,771,773],"product_tag":[],"class_list":{"0":"post-16099","1":"product","2":"type-product","3":"status-publish","4":"has-post-thumbnail","6":"product_cat-aflamo-fr","7":"product_cat-cheminees-electriques-fr","8":"product_cat-cheminees-electriques-a-accrocher-au-mur","9":"product_cat-cheminees-electriques-led-encastrees","10":"product_cat-inserts-electriques-led","12":"first","13":"instock","14":"shipping-taxable","15":"purchasable","16":"product-type-simple"},"yoast_head":"<!-- This site is optimized with the Yoast SEO plugin v27.4 - https:\/\/yoast.com\/product\/yoast-seo-wordpress\/ -->\n<title>Aflamo Pride B 140 - Chemin\u00e9e \u00e9lectrique LED murale\/encastrable sans fonction de chauffage - aflamo.shop - revendeur aflamo certifi\u00e9<\/title>\n<meta name=\"description\" content=\"Chemin\u00e9e Pride B \u2013 \u00e9l\u00e9gance et modernit\u00e9. R\u00e9glage de la couleur, de la luminosit\u00e9 et de la vitesse de la flamme, diff\u00e9rents foyers \u2013 parfait pour tout int\u00e9rieur.\" \/>\n<meta name=\"robots\" content=\"index, follow, max-snippet:-1, max-image-preview:large, max-video-preview:-1\" \/>\n<link rel=\"canonical\" href=\"https:\/\/aflamo.shop\/fr\/p\/aflamo-pride-b-140-cheminee-electrique-led-murale-encastrable-sans-fonction-de-chauffage\/\" \/>\n<meta property=\"og:locale\" content=\"fr_FR\" \/>\n<meta property=\"og:type\" content=\"article\" \/>\n<meta property=\"og:title\" content=\"Aflamo Pride B 140 - Chemin\u00e9e \u00e9lectrique LED murale\/encastrable sans fonction de chauffage - aflamo.shop - revendeur aflamo certifi\u00e9\" \/>\n<meta property=\"og:description\" content=\"Chemin\u00e9e Pride B \u2013 \u00e9l\u00e9gance et modernit\u00e9. R\u00e9glage de la couleur, de la luminosit\u00e9 et de la vitesse de la flamme, diff\u00e9rents foyers \u2013 parfait pour tout int\u00e9rieur.\" \/>\n<meta property=\"og:url\" content=\"https:\/\/aflamo.shop\/fr\/p\/aflamo-pride-b-140-cheminee-electrique-led-murale-encastrable-sans-fonction-de-chauffage\/\" \/>\n<meta property=\"og:site_name\" content=\"aflamo.shop - revendeur aflamo certifi\u00e9\" \/>\n<meta property=\"article:modified_time\" content=\"2026-04-17T11:29:34+00:00\" \/>\n<meta property=\"og:image\" content=\"https:\/\/aflamo.shop\/wp-content\/uploads\/2023\/05\/pride-b178-5_sq-1.jpg\" \/>\n\t<meta property=\"og:image:width\" content=\"2248\" \/>\n\t<meta property=\"og:image:height\" content=\"2248\" \/>\n\t<meta property=\"og:image:type\" content=\"image\/jpeg\" \/>\n<meta name=\"twitter:card\" content=\"summary_large_image\" \/>\n<meta name=\"twitter:label1\" content=\"Dur\u00e9e de lecture estim\u00e9e\" \/>\n\t<meta name=\"twitter:data1\" content=\"3 minutes\" \/>\n<script type=\"application\/ld+json\" class=\"yoast-schema-graph\">{\"@context\":\"https:\\\/\\\/schema.org\",\"@graph\":[{\"@type\":\"WebPage\",\"@id\":\"https:\\\/\\\/aflamo.shop\\\/fr\\\/p\\\/aflamo-pride-b-140-cheminee-electrique-led-murale-encastrable-sans-fonction-de-chauffage\\\/\",\"url\":\"https:\\\/\\\/aflamo.shop\\\/fr\\\/p\\\/aflamo-pride-b-140-cheminee-electrique-led-murale-encastrable-sans-fonction-de-chauffage\\\/\",\"name\":\"Aflamo Pride B 140 - Chemin\u00e9e \u00e9lectrique LED murale\\\/encastrable sans fonction de chauffage - aflamo.shop - revendeur aflamo certifi\u00e9\",\"isPartOf\":{\"@id\":\"https:\\\/\\\/aflamo.shop\\\/fr\\\/#website\"},\"primaryImageOfPage\":{\"@id\":\"https:\\\/\\\/aflamo.shop\\\/fr\\\/p\\\/aflamo-pride-b-140-cheminee-electrique-led-murale-encastrable-sans-fonction-de-chauffage\\\/#primaryimage\"},\"image\":{\"@id\":\"https:\\\/\\\/aflamo.shop\\\/fr\\\/p\\\/aflamo-pride-b-140-cheminee-electrique-led-murale-encastrable-sans-fonction-de-chauffage\\\/#primaryimage\"},\"thumbnailUrl\":\"https:\\\/\\\/aflamo.shop\\\/wp-content\\\/uploads\\\/2023\\\/05\\\/pride-b178-5_sq-1.jpg\",\"datePublished\":\"2023-09-18T06:47:23+00:00\",\"dateModified\":\"2026-04-17T11:29:34+00:00\",\"description\":\"Chemin\u00e9e Pride B \u2013 \u00e9l\u00e9gance et modernit\u00e9. R\u00e9glage de la couleur, de la luminosit\u00e9 et de la vitesse de la flamme, diff\u00e9rents foyers \u2013 parfait pour tout int\u00e9rieur.\",\"breadcrumb\":{\"@id\":\"https:\\\/\\\/aflamo.shop\\\/fr\\\/p\\\/aflamo-pride-b-140-cheminee-electrique-led-murale-encastrable-sans-fonction-de-chauffage\\\/#breadcrumb\"},\"inLanguage\":\"fr-FR\",\"potentialAction\":[{\"@type\":\"ReadAction\",\"target\":[\"https:\\\/\\\/aflamo.shop\\\/fr\\\/p\\\/aflamo-pride-b-140-cheminee-electrique-led-murale-encastrable-sans-fonction-de-chauffage\\\/\"]}]},{\"@type\":\"ImageObject\",\"inLanguage\":\"fr-FR\",\"@id\":\"https:\\\/\\\/aflamo.shop\\\/fr\\\/p\\\/aflamo-pride-b-140-cheminee-electrique-led-murale-encastrable-sans-fonction-de-chauffage\\\/#primaryimage\",\"url\":\"https:\\\/\\\/aflamo.shop\\\/wp-content\\\/uploads\\\/2023\\\/05\\\/pride-b178-5_sq-1.jpg\",\"contentUrl\":\"https:\\\/\\\/aflamo.shop\\\/wp-content\\\/uploads\\\/2023\\\/05\\\/pride-b178-5_sq-1.jpg\",\"width\":2248,\"height\":2248},{\"@type\":\"BreadcrumbList\",\"@id\":\"https:\\\/\\\/aflamo.shop\\\/fr\\\/p\\\/aflamo-pride-b-140-cheminee-electrique-led-murale-encastrable-sans-fonction-de-chauffage\\\/#breadcrumb\",\"itemListElement\":[{\"@type\":\"ListItem\",\"position\":1,\"name\":\"Page d'accueil\",\"item\":\"https:\\\/\\\/aflamo.shop\\\/fr\\\/\"},{\"@type\":\"ListItem\",\"position\":2,\"name\":\"Boutique\",\"item\":\"https:\\\/\\\/aflamo.shop\\\/boutique\\\/\"},{\"@type\":\"ListItem\",\"position\":3,\"name\":\"Chemin\u00e9es \u00e9lectriques\",\"item\":\"https:\\\/\\\/aflamo.shop\\\/fr\\\/s\\\/cheminees-electriques-fr\\\/\"},{\"@type\":\"ListItem\",\"position\":4,\"name\":\"Aflamo Pride B 140 &#8211; Chemin\u00e9e \u00e9lectrique LED murale\\\/encastrable sans fonction de chauffage\"}]},{\"@type\":\"WebSite\",\"@id\":\"https:\\\/\\\/aflamo.shop\\\/fr\\\/#website\",\"url\":\"https:\\\/\\\/aflamo.shop\\\/fr\\\/\",\"name\":\"aflamo.shop - revendeur aflamo certifi\u00e9\",\"description\":\"Kominki elektryczne Aflamo i Emotion Flame z funkcj\u0105 grzania\",\"publisher\":{\"@id\":\"https:\\\/\\\/aflamo.shop\\\/fr\\\/#organization\"},\"potentialAction\":[{\"@type\":\"SearchAction\",\"target\":{\"@type\":\"EntryPoint\",\"urlTemplate\":\"https:\\\/\\\/aflamo.shop\\\/fr\\\/?s={search_term_string}\"},\"query-input\":{\"@type\":\"PropertyValueSpecification\",\"valueRequired\":true,\"valueName\":\"search_term_string\"}}],\"inLanguage\":\"fr-FR\"},{\"@type\":\"Organization\",\"@id\":\"https:\\\/\\\/aflamo.shop\\\/fr\\\/#organization\",\"name\":\"aflamo.shop - revendeur aflamo certifi\u00e9\",\"url\":\"https:\\\/\\\/aflamo.shop\\\/fr\\\/\",\"logo\":{\"@type\":\"ImageObject\",\"inLanguage\":\"fr-FR\",\"@id\":\"https:\\\/\\\/aflamo.shop\\\/fr\\\/#\\\/schema\\\/logo\\\/image\\\/\",\"url\":\"https:\\\/\\\/aflamo.shop\\\/wp-content\\\/uploads\\\/2019\\\/10\\\/logo2.1-1-1.svg\",\"contentUrl\":\"https:\\\/\\\/aflamo.shop\\\/wp-content\\\/uploads\\\/2019\\\/10\\\/logo2.1-1-1.svg\",\"caption\":\"aflamo.shop - revendeur aflamo certifi\u00e9\"},\"image\":{\"@id\":\"https:\\\/\\\/aflamo.shop\\\/fr\\\/#\\\/schema\\\/logo\\\/image\\\/\"}}]}<\/script>\n<!-- \/ Yoast SEO plugin. -->","yoast_head_json":{"title":"Aflamo Pride B 140 - Chemin\u00e9e \u00e9lectrique LED murale\/encastrable sans fonction de chauffage - aflamo.shop - revendeur aflamo certifi\u00e9","description":"Chemin\u00e9e Pride B \u2013 \u00e9l\u00e9gance et modernit\u00e9. R\u00e9glage de la couleur, de la luminosit\u00e9 et de la vitesse de la flamme, diff\u00e9rents foyers \u2013 parfait pour tout int\u00e9rieur.","robots":{"index":"index","follow":"follow","max-snippet":"max-snippet:-1","max-image-preview":"max-image-preview:large","max-video-preview":"max-video-preview:-1"},"canonical":"https:\/\/aflamo.shop\/fr\/p\/aflamo-pride-b-140-cheminee-electrique-led-murale-encastrable-sans-fonction-de-chauffage\/","og_locale":"fr_FR","og_type":"article","og_title":"Aflamo Pride B 140 - Chemin\u00e9e \u00e9lectrique LED murale\/encastrable sans fonction de chauffage - aflamo.shop - revendeur aflamo certifi\u00e9","og_description":"Chemin\u00e9e Pride B \u2013 \u00e9l\u00e9gance et modernit\u00e9. R\u00e9glage de la couleur, de la luminosit\u00e9 et de la vitesse de la flamme, diff\u00e9rents foyers \u2013 parfait pour tout int\u00e9rieur.","og_url":"https:\/\/aflamo.shop\/fr\/p\/aflamo-pride-b-140-cheminee-electrique-led-murale-encastrable-sans-fonction-de-chauffage\/","og_site_name":"aflamo.shop - revendeur aflamo certifi\u00e9","article_modified_time":"2026-04-17T11:29:34+00:00","og_image":[{"width":2248,"height":2248,"url":"https:\/\/aflamo.shop\/wp-content\/uploads\/2023\/05\/pride-b178-5_sq-1.jpg","type":"image\/jpeg"}],"twitter_card":"summary_large_image","twitter_misc":{"Dur\u00e9e de lecture estim\u00e9e":"3 minutes"},"schema":{"@context":"https:\/\/schema.org","@graph":[{"@type":"WebPage","@id":"https:\/\/aflamo.shop\/fr\/p\/aflamo-pride-b-140-cheminee-electrique-led-murale-encastrable-sans-fonction-de-chauffage\/","url":"https:\/\/aflamo.shop\/fr\/p\/aflamo-pride-b-140-cheminee-electrique-led-murale-encastrable-sans-fonction-de-chauffage\/","name":"Aflamo Pride B 140 - Chemin\u00e9e \u00e9lectrique LED murale\/encastrable sans fonction de chauffage - aflamo.shop - revendeur aflamo certifi\u00e9","isPartOf":{"@id":"https:\/\/aflamo.shop\/fr\/#website"},"primaryImageOfPage":{"@id":"https:\/\/aflamo.shop\/fr\/p\/aflamo-pride-b-140-cheminee-electrique-led-murale-encastrable-sans-fonction-de-chauffage\/#primaryimage"},"image":{"@id":"https:\/\/aflamo.shop\/fr\/p\/aflamo-pride-b-140-cheminee-electrique-led-murale-encastrable-sans-fonction-de-chauffage\/#primaryimage"},"thumbnailUrl":"https:\/\/aflamo.shop\/wp-content\/uploads\/2023\/05\/pride-b178-5_sq-1.jpg","datePublished":"2023-09-18T06:47:23+00:00","dateModified":"2026-04-17T11:29:34+00:00","description":"Chemin\u00e9e Pride B \u2013 \u00e9l\u00e9gance et modernit\u00e9. R\u00e9glage de la couleur, de la luminosit\u00e9 et de la vitesse de la flamme, diff\u00e9rents foyers \u2013 parfait pour tout int\u00e9rieur.","breadcrumb":{"@id":"https:\/\/aflamo.shop\/fr\/p\/aflamo-pride-b-140-cheminee-electrique-led-murale-encastrable-sans-fonction-de-chauffage\/#breadcrumb"},"inLanguage":"fr-FR","potentialAction":[{"@type":"ReadAction","target":["https:\/\/aflamo.shop\/fr\/p\/aflamo-pride-b-140-cheminee-electrique-led-murale-encastrable-sans-fonction-de-chauffage\/"]}]},{"@type":"ImageObject","inLanguage":"fr-FR","@id":"https:\/\/aflamo.shop\/fr\/p\/aflamo-pride-b-140-cheminee-electrique-led-murale-encastrable-sans-fonction-de-chauffage\/#primaryimage","url":"https:\/\/aflamo.shop\/wp-content\/uploads\/2023\/05\/pride-b178-5_sq-1.jpg","contentUrl":"https:\/\/aflamo.shop\/wp-content\/uploads\/2023\/05\/pride-b178-5_sq-1.jpg","width":2248,"height":2248},{"@type":"BreadcrumbList","@id":"https:\/\/aflamo.shop\/fr\/p\/aflamo-pride-b-140-cheminee-electrique-led-murale-encastrable-sans-fonction-de-chauffage\/#breadcrumb","itemListElement":[{"@type":"ListItem","position":1,"name":"Page d'accueil","item":"https:\/\/aflamo.shop\/fr\/"},{"@type":"ListItem","position":2,"name":"Boutique","item":"https:\/\/aflamo.shop\/boutique\/"},{"@type":"ListItem","position":3,"name":"Chemin\u00e9es \u00e9lectriques","item":"https:\/\/aflamo.shop\/fr\/s\/cheminees-electriques-fr\/"},{"@type":"ListItem","position":4,"name":"Aflamo Pride B 140 &#8211; Chemin\u00e9e \u00e9lectrique LED murale\/encastrable sans fonction de chauffage"}]},{"@type":"WebSite","@id":"https:\/\/aflamo.shop\/fr\/#website","url":"https:\/\/aflamo.shop\/fr\/","name":"aflamo.shop - revendeur aflamo certifi\u00e9","description":"Kominki elektryczne Aflamo i Emotion Flame z funkcj\u0105 grzania","publisher":{"@id":"https:\/\/aflamo.shop\/fr\/#organization"},"potentialAction":[{"@type":"SearchAction","target":{"@type":"EntryPoint","urlTemplate":"https:\/\/aflamo.shop\/fr\/?s={search_term_string}"},"query-input":{"@type":"PropertyValueSpecification","valueRequired":true,"valueName":"search_term_string"}}],"inLanguage":"fr-FR"},{"@type":"Organization","@id":"https:\/\/aflamo.shop\/fr\/#organization","name":"aflamo.shop - revendeur aflamo certifi\u00e9","url":"https:\/\/aflamo.shop\/fr\/","logo":{"@type":"ImageObject","inLanguage":"fr-FR","@id":"https:\/\/aflamo.shop\/fr\/#\/schema\/logo\/image\/","url":"https:\/\/aflamo.shop\/wp-content\/uploads\/2019\/10\/logo2.1-1-1.svg","contentUrl":"https:\/\/aflamo.shop\/wp-content\/uploads\/2019\/10\/logo2.1-1-1.svg","caption":"aflamo.shop - revendeur aflamo certifi\u00e9"},"image":{"@id":"https:\/\/aflamo.shop\/fr\/#\/schema\/logo\/image\/"}}]}},"_links":{"self":[{"href":"https:\/\/aflamo.shop\/fr\/wp-json\/wp\/v2\/product\/16099","targetHints":{"allow":["GET"]}}],"collection":[{"href":"https:\/\/aflamo.shop\/fr\/wp-json\/wp\/v2\/product"}],"about":[{"href":"https:\/\/aflamo.shop\/fr\/wp-json\/wp\/v2\/types\/product"}],"replies":[{"embeddable":true,"href":"https:\/\/aflamo.shop\/fr\/wp-json\/wp\/v2\/comments?post=16099"}],"wp:featuredmedia":[{"embeddable":true,"href":"https:\/\/aflamo.shop\/fr\/wp-json\/wp\/v2\/media\/3835"}],"wp:attachment":[{"href":"https:\/\/aflamo.shop\/fr\/wp-json\/wp\/v2\/media?parent=16099"}],"wp:term":[{"taxonomy":"product_brand","embeddable":true,"href":"https:\/\/aflamo.shop\/fr\/wp-json\/wp\/v2\/product_brand?post=16099"},{"taxonomy":"product_cat","embeddable":true,"href":"https:\/\/aflamo.shop\/fr\/wp-json\/wp\/v2\/product_cat?post=16099"},{"taxonomy":"product_tag","embeddable":true,"href":"https:\/\/aflamo.shop\/fr\/wp-json\/wp\/v2\/product_tag?post=16099"}],"curies":[{"name":"wp","href":"https:\/\/api.w.org\/{rel}","templated":true}]}}