{"id":16092,"date":"2023-09-18T07:03:46","date_gmt":"2023-09-18T07:03:46","guid":{"rendered":"https:\/\/aflamo.shop\/p\/aflamo-diamond-128-cheminee-electrique-led-encastrable\/"},"modified":"2026-04-17T11:21:31","modified_gmt":"2026-04-17T11:21:31","slug":"aflamo-diamond-128-cheminee-electrique-led-encastrable","status":"publish","type":"product","link":"https:\/\/aflamo.shop\/fr\/p\/aflamo-diamond-128-cheminee-electrique-led-encastrable\/","title":{"rendered":"Aflamo Diamond 128 &#8211; chemin\u00e9e \u00e9lectrique LED encastrable"},"content":{"rendered":"<p><iframe title=\"Lecteur vid\u00e9o YouTube\" src=\"https:\/\/www.youtube.com\/embed\/dUqi2OBJZIg\" width=\"560\" height=\"315\" frameborder=\"0\" allowfullscreen=\"allowfullscreen\"><span data-mce-type=\"bookmark\" style=\"display: inline-block; width: 0px; overflow: hidden; line-height: 0;\" class=\"mce_SELRES_start\"><\/span><\/iframe><\/p>\n<h2><strong>Chemin\u00e9e \u00e9lectrique LED Diamond \u2013 modernit\u00e9, foyer profond et fonctionnalit\u00e9 compl\u00e8te<\/strong><\/h2>\n<p><strong>Diamond <\/strong>est une chemin\u00e9e \u00e9l\u00e9gante avec un foyer profond, con\u00e7ue pour devenir le point central de tout int\u00e9rieur. Gr\u00e2ce \u00e0 son cadre amovible, il peut \u00eatre enti\u00e8rement encastr\u00e9 dans le mur, cr\u00e9ant ainsi un look minimaliste et sans cadre. C&rsquo;est une combinaison parfaite de technologies innovantes, d&rsquo;esth\u00e9tique et de fonctionnalit\u00e9 qui fait de <strong>Diamond<\/strong> un choix parfait pour tous ceux qui appr\u00e9cient l&rsquo;\u00e9l\u00e9gance et le confort.  <\/p>\n<h3><strong>Caract\u00e9ristiques :<\/strong><\/h3>\n<h4><strong>Flamme<\/strong><\/h4>\n<ul>\n<li>La possibilit\u00e9 de choisir parmi 3 couleurs de flamme vous permet d&rsquo;ajuster l&rsquo;atmosph\u00e8re de l&rsquo;int\u00e9rieur &#8211; des tons classiques et chauds aux effets d&rsquo;\u00e9clairage plus modernes et expressifs.<\/li>\n<li>3 niveaux de vitesse de flamme vous permettent de contr\u00f4ler la dynamique de l&rsquo;effet, en adaptant le mouvement de la flamme \u00e0 votre humeur pr\u00e9f\u00e9r\u00e9e &#8211; relaxation calme ou sensations plus intenses.<\/li>\n<\/ul>\n<p><img fetchpriority=\"high\" decoding=\"async\" class=\"aligncenter wp-image-2842 size-full\" src=\"https:\/\/aflamo.shop\/wp-content\/uploads\/2023\/05\/plomien-majestic.png\" alt=\"\" width=\"510\" height=\"533\" srcset=\"https:\/\/aflamo.shop\/wp-content\/uploads\/2023\/05\/plomien-majestic.png 510w, https:\/\/aflamo.shop\/wp-content\/uploads\/2023\/05\/plomien-majestic-287x300.png 287w\" sizes=\"(max-width: 510px) 100vw, 510px\" \/><\/p>\n<h4><strong>Un foyer impressionnant<\/strong><\/h4>\n<p>La chemin\u00e9e <strong>Diamond<\/strong> propose deux types de foyer au choix : des b\u00fbches en c\u00e9ramique qui imitent le bois authentique ou des cristaux \u00e9l\u00e9gants qui illuminent l&rsquo;int\u00e9rieur d&rsquo;une lueur unique. De plus, gr\u00e2ce aux 10 couleurs d&rsquo;\u00e9clairage du foyer, vous avez un contr\u00f4le total sur l&rsquo;effet visuel du foyer. <\/p>\n<p><img decoding=\"async\" class=\"aligncenter wp-image-10691 size-full\" src=\"https:\/\/aflamo.shop\/wp-content\/uploads\/2024\/06\/polana_krysztaly-e1603875138523.png\" alt=\"\" width=\"413\" height=\"297\" srcset=\"https:\/\/aflamo.shop\/wp-content\/uploads\/2024\/06\/polana_krysztaly-e1603875138523.png 413w, https:\/\/aflamo.shop\/wp-content\/uploads\/2024\/06\/polana_krysztaly-e1603875138523-300x216.png 300w\" sizes=\"(max-width: 413px) 100vw, 413px\" \/><\/p>\n<h4><strong>Nombreuses variantes de taille<\/strong><\/h4>\n<p>Diamond est disponible en plusieurs tailles :<strong> 115 cm, 128 cm, 153 cm, 165 cm, 183 cm,<\/strong> ce qui permet \u00e0 la chemin\u00e9e de s&rsquo;int\u00e9grer parfaitement dans n&rsquo;importe quel int\u00e9rieur et espace. Quelle que soit la taille de la pi\u00e8ce, cette chemin\u00e9e offre un look \u00e9l\u00e9gant et une excellente fonctionnalit\u00e9. <\/p>\n<p><img decoding=\"async\" class=\"aligncenter wp-image-11042 size-full\" src=\"https:\/\/aflamo.shop\/wp-content\/uploads\/2023\/09\/unique_diamond2.jpg\" alt=\"\" width=\"492\" height=\"300\" srcset=\"https:\/\/aflamo.shop\/wp-content\/uploads\/2023\/09\/unique_diamond2.jpg 492w, https:\/\/aflamo.shop\/wp-content\/uploads\/2023\/09\/unique_diamond2-300x183.jpg 300w\" sizes=\"(max-width: 492px) 100vw, 492px\" \/><\/p>\n<h3><strong>Fonctions et commodit\u00e9<\/strong><\/h3>\n<p><iframe title=\"Lecteur vid\u00e9o YouTube\" src=\"https:\/\/www.youtube.com\/embed\/H9frj9fGZnY?si=YHNoy3_uQ_P_q10N\" width=\"560\" height=\"315\" frameborder=\"0\" allowfullscreen=\"allowfullscreen\"><\/iframe><\/p>\n<ul>\n<li><strong>Application mobile<\/strong> : Contr\u00f4le total de votre chemin\u00e9e depuis votre smartphone. Gr\u00e2ce \u00e0 l&rsquo;application disponible pour Android et iOS, vous pouvez r\u00e9gler la flamme, la luminosit\u00e9 et l&rsquo;\u00e9clairage du foyer, o\u00f9 que vous soyez. <\/li>\n<\/ul>\n<p><img loading=\"lazy\" decoding=\"async\" class=\"aligncenter wp-image-3370 size-full\" src=\"https:\/\/aflamo.shop\/wp-content\/uploads\/2023\/05\/unique_app_diamond.jpg\" alt=\"\" width=\"492\" height=\"300\" srcset=\"https:\/\/aflamo.shop\/wp-content\/uploads\/2023\/05\/unique_app_diamond.jpg 492w, https:\/\/aflamo.shop\/wp-content\/uploads\/2023\/05\/unique_app_diamond-300x183.jpg 300w\" sizes=\"(max-width: 492px) 100vw, 492px\" \/><\/p>\n<h3><strong>Chauffage et s\u00e9curit\u00e9<\/strong><\/h3>\n<ul>\n<li><strong>Fonction chauffage <\/strong>: La chemin\u00e9e Diamond dispose de deux niveaux de puissance de chauffage (750W et 1500W), gr\u00e2ce auxquels vous pouvez ajuster l&rsquo;intensit\u00e9 de la chaleur selon vos besoins. Vous pouvez \u00e9galement utiliser la chemin\u00e9e sans chauffage, vous permettant ainsi de profiter du spectacle des flammes toute l&rsquo;ann\u00e9e. <\/li>\n<li><strong>Fonctions de s\u00e9curit\u00e9 avanc\u00e9es : <\/strong>les fonctions de s\u00e9curit\u00e9 int\u00e9gr\u00e9es telles que la protection contre la surchauffe et un capteur de fen\u00eatre ouverte garantissent une utilisation s\u00fbre en \u00e9teignant le chauffage lorsque cela est n\u00e9cessaire.<\/li>\n<li><strong>Efficacit\u00e9 thermique <\/strong>: La fonction innovante de soufflage de chaleur permet de chauffer rapidement la pi\u00e8ce, tandis que le thermostat maintient une temp\u00e9rature stable et confortable entre 18\u00b0C \u200b\u200bet 30\u00b0C.<\/li>\n<\/ul>\n<h3><strong>Confort et commodit\u00e9<\/strong><\/h3>\n<ul>\n<li><strong>T\u00e9l\u00e9commande :<\/strong> L&rsquo;ensemble comprend une t\u00e9l\u00e9commande qui permet un contr\u00f4le total du foyer sans avoir \u00e0 s&rsquo;approcher de l&rsquo;appareil.<\/li>\n<li><strong>Minuterie et programmateur hebdomadaire : <\/strong>Possibilit\u00e9 de programmer l&rsquo;allumage et l&rsquo;extinction automatique du foyer pour chaque jour de la semaine, garantissant confort et \u00e9conomies d&rsquo;\u00e9nergie.<\/li>\n<\/ul>\n<h3><strong>R\u00e9sum\u00e9<\/strong><\/h3>\n<p>La chemin\u00e9e <strong>Diamond<\/strong> est bien plus qu\u2019une simple d\u00e9coration. C&rsquo;est un appareil moderne et innovant qui allie fonctionnalit\u00e9, esth\u00e9tique et s\u00e9curit\u00e9. Avec de nombreuses options de personnalisation de la flamme et de l&rsquo;\u00e9clairage, des fonctions de chauffage avanc\u00e9es et des fonctions de s\u00e9curit\u00e9 modernes, <strong>Diamond <\/strong>est le choix parfait pour les int\u00e9rieurs \u00e9l\u00e9gants et plus avant-gardistes. Si vous r\u00eavez d&rsquo;une chemin\u00e9e chaleureuse offrant une technologie moderne et un design \u00e9l\u00e9gant, <strong>Diamond <\/strong>r\u00e9pondra \u00e0 toutes ces attentes.   <\/p>\n<ul><strong><\/p>\n<p><a href=\"https:\/\/aflamo.shop\/wp-content\/uploads\/2023\/09\/DIAMOND_TuyaAPP_EN-PL-DE-IT-ES-FR-CS-SK-NL.pdf\">Instructions d&rsquo;utilisation et de s\u00e9curit\u00e9<\/a><\/p>\n<p><\/strong><\/ul>\n<h3><strong>Dessins techniques<\/strong><\/h3>\n<p><strong>Diamond 115<\/strong><\/p>\n<p><img loading=\"lazy\" decoding=\"async\" class=\"alignnone wp-image-3424 size-full\" src=\"https:\/\/aflamo.shop\/wp-content\/uploads\/2023\/05\/diamond-115rys.png\" alt=\"\" width=\"1563\" height=\"750\" srcset=\"https:\/\/aflamo.shop\/wp-content\/uploads\/2023\/05\/diamond-115rys.png 1563w, https:\/\/aflamo.shop\/wp-content\/uploads\/2023\/05\/diamond-115rys-600x288.png 600w, https:\/\/aflamo.shop\/wp-content\/uploads\/2023\/05\/diamond-115rys-300x144.png 300w, https:\/\/aflamo.shop\/wp-content\/uploads\/2023\/05\/diamond-115rys-1024x491.png 1024w, https:\/\/aflamo.shop\/wp-content\/uploads\/2023\/05\/diamond-115rys-768x369.png 768w, https:\/\/aflamo.shop\/wp-content\/uploads\/2023\/05\/diamond-115rys-1536x737.png 1536w\" sizes=\"(max-width: 1563px) 100vw, 1563px\" \/><\/p>\n<p>&nbsp;<\/p>\n<p><strong>Diamond 128<\/strong><\/p>\n<p><img loading=\"lazy\" decoding=\"async\" class=\"alignnone wp-image-3430 size-full\" src=\"https:\/\/aflamo.shop\/wp-content\/uploads\/2023\/05\/diamond-128-rys.png\" alt=\"\" width=\"1662\" height=\"753\" srcset=\"https:\/\/aflamo.shop\/wp-content\/uploads\/2023\/05\/diamond-128-rys.png 1662w, https:\/\/aflamo.shop\/wp-content\/uploads\/2023\/05\/diamond-128-rys-600x272.png 600w, https:\/\/aflamo.shop\/wp-content\/uploads\/2023\/05\/diamond-128-rys-300x136.png 300w, https:\/\/aflamo.shop\/wp-content\/uploads\/2023\/05\/diamond-128-rys-1024x464.png 1024w, https:\/\/aflamo.shop\/wp-content\/uploads\/2023\/05\/diamond-128-rys-768x348.png 768w, https:\/\/aflamo.shop\/wp-content\/uploads\/2023\/05\/diamond-128-rys-1536x696.png 1536w\" sizes=\"(max-width: 1662px) 100vw, 1662px\" \/><\/p>\n<p>&nbsp;<\/p>\n<p>&nbsp;<\/p>\n<p><strong>Diamond 153<\/strong><\/p>\n<p><img loading=\"lazy\" decoding=\"async\" class=\"alignnone wp-image-3436 size-full\" src=\"https:\/\/aflamo.shop\/wp-content\/uploads\/2023\/05\/diamond-153-rys.png\" alt=\"\" width=\"1663\" height=\"675\" srcset=\"https:\/\/aflamo.shop\/wp-content\/uploads\/2023\/05\/diamond-153-rys.png 1663w, https:\/\/aflamo.shop\/wp-content\/uploads\/2023\/05\/diamond-153-rys-600x244.png 600w, https:\/\/aflamo.shop\/wp-content\/uploads\/2023\/05\/diamond-153-rys-300x122.png 300w, https:\/\/aflamo.shop\/wp-content\/uploads\/2023\/05\/diamond-153-rys-1024x416.png 1024w, https:\/\/aflamo.shop\/wp-content\/uploads\/2023\/05\/diamond-153-rys-768x312.png 768w, https:\/\/aflamo.shop\/wp-content\/uploads\/2023\/05\/diamond-153-rys-1536x623.png 1536w\" sizes=\"(max-width: 1663px) 100vw, 1663px\" \/><\/p>\n<p>&nbsp;<\/p>\n<p><strong>Diamond 165<\/strong><\/p>\n<p>&nbsp;<\/p>\n<p><img loading=\"lazy\" decoding=\"async\" class=\"alignnone wp-image-3442 size-full\" src=\"https:\/\/aflamo.shop\/wp-content\/uploads\/2023\/05\/diamond-165-rys.png\" alt=\"\" width=\"1644\" height=\"624\" srcset=\"https:\/\/aflamo.shop\/wp-content\/uploads\/2023\/05\/diamond-165-rys.png 1644w, https:\/\/aflamo.shop\/wp-content\/uploads\/2023\/05\/diamond-165-rys-600x228.png 600w, https:\/\/aflamo.shop\/wp-content\/uploads\/2023\/05\/diamond-165-rys-300x114.png 300w, https:\/\/aflamo.shop\/wp-content\/uploads\/2023\/05\/diamond-165-rys-1024x389.png 1024w, https:\/\/aflamo.shop\/wp-content\/uploads\/2023\/05\/diamond-165-rys-768x292.png 768w, https:\/\/aflamo.shop\/wp-content\/uploads\/2023\/05\/diamond-165-rys-1536x583.png 1536w\" sizes=\"(max-width: 1644px) 100vw, 1644px\" \/><\/p>\n<p>&nbsp;<\/p>\n<p><strong>Diamond 183<\/strong><\/p>\n<p><img loading=\"lazy\" decoding=\"async\" class=\"alignnone wp-image-3448 size-full\" src=\"https:\/\/aflamo.shop\/wp-content\/uploads\/2023\/05\/diamond-183-rys.png\" alt=\"\" width=\"1604\" height=\"570\" srcset=\"https:\/\/aflamo.shop\/wp-content\/uploads\/2023\/05\/diamond-183-rys.png 1604w, https:\/\/aflamo.shop\/wp-content\/uploads\/2023\/05\/diamond-183-rys-600x213.png 600w, https:\/\/aflamo.shop\/wp-content\/uploads\/2023\/05\/diamond-183-rys-300x107.png 300w, https:\/\/aflamo.shop\/wp-content\/uploads\/2023\/05\/diamond-183-rys-1024x364.png 1024w, https:\/\/aflamo.shop\/wp-content\/uploads\/2023\/05\/diamond-183-rys-768x273.png 768w, https:\/\/aflamo.shop\/wp-content\/uploads\/2023\/05\/diamond-183-rys-1536x546.png 1536w\" sizes=\"(max-width: 1604px) 100vw, 1604px\" \/><\/p>\n<p>&nbsp;<\/p>\n<p>&nbsp;<\/p>\n","protected":false},"excerpt":{"rendered":"<p>Fabricant : Aflamo<\/p>\n<p>Chemin\u00e9e \u00e9lectrique LED encastr\u00e9e<\/p>\n<p><b>Mod\u00e8le :<\/b><\/p>\n<ul>\n<li><a href=\"https:\/\/aflamo.shop\/fr\/p\/aflamo-diamond-128-cheminee-electrique-led-encastrable\/\">128<\/a><\/li>\n<li><a href=\"https:\/\/aflamo.shop\/fr\/p\/aflamo-diamond-153-cheminee-electrique-led-encastrable\/\">153<\/a><\/li>\n<li><a href=\"https:\/\/aflamo.shop\/fr\/p\/aflamo-diamond-165-cheminee-electrique-led-encastrable\/\">165<\/a><\/li>\n<\/ul>\n<p><b>Dimensions <\/b>: 128 x 45 x 17 cm<\/p>\n","protected":false},"featured_media":3486,"comment_status":"open","ping_status":"closed","template":"","meta":[],"product_brand":[],"product_cat":[770,170,772,776,771,773],"product_tag":[777],"class_list":{"0":"post-16092","1":"product","2":"type-product","3":"status-publish","4":"has-post-thumbnail","6":"product_cat-aflamo-fr","7":"product_cat-cheminees-electriques-fr","8":"product_cat-cheminees-electriques-a-led-avec-fonction-de-chauffage","9":"product_cat-cheminees-electriques-avec-application-mobile","10":"product_cat-cheminees-electriques-led-encastrees","11":"product_cat-inserts-electriques-led","12":"product_tag-max-fr","14":"first","15":"instock","16":"shipping-taxable","17":"purchasable","18":"product-type-simple"},"yoast_head":"<!-- This site is optimized with the Yoast SEO plugin v27.4 - https:\/\/yoast.com\/product\/yoast-seo-wordpress\/ -->\n<title>Aflamo Diamond 128 - chemin\u00e9e \u00e9lectrique LED encastrable - aflamo.shop - revendeur aflamo certifi\u00e9<\/title>\n<meta name=\"description\" content=\"La chemin\u00e9e Diamond est bien plus qu\u2019une simple d\u00e9coration. C&#039;est un appareil moderne et innovant qui allie fonctionnalit\u00e9, esth\u00e9tique et s\u00e9curit\u00e9.\" \/>\n<meta name=\"robots\" content=\"index, follow, max-snippet:-1, max-image-preview:large, max-video-preview:-1\" \/>\n<link rel=\"canonical\" href=\"https:\/\/aflamo.shop\/fr\/p\/aflamo-diamond-128-cheminee-electrique-led-encastrable\/\" \/>\n<meta property=\"og:locale\" content=\"fr_FR\" \/>\n<meta property=\"og:type\" content=\"article\" \/>\n<meta property=\"og:title\" content=\"Aflamo Diamond 128 - chemin\u00e9e \u00e9lectrique LED encastrable - aflamo.shop - revendeur aflamo certifi\u00e9\" \/>\n<meta property=\"og:description\" content=\"La chemin\u00e9e Diamond est bien plus qu\u2019une simple d\u00e9coration. C&#039;est un appareil moderne et innovant qui allie fonctionnalit\u00e9, esth\u00e9tique et s\u00e9curit\u00e9.\" \/>\n<meta property=\"og:url\" content=\"https:\/\/aflamo.shop\/fr\/p\/aflamo-diamond-128-cheminee-electrique-led-encastrable\/\" \/>\n<meta property=\"og:site_name\" content=\"aflamo.shop - revendeur aflamo certifi\u00e9\" \/>\n<meta property=\"article:modified_time\" content=\"2026-04-17T11:21:31+00:00\" \/>\n<meta property=\"og:image\" content=\"https:\/\/aflamo.shop\/wp-content\/uploads\/2023\/05\/diamond-115-3_sq-1.jpg\" \/>\n\t<meta property=\"og:image:width\" content=\"2248\" \/>\n\t<meta property=\"og:image:height\" content=\"2248\" \/>\n\t<meta property=\"og:image:type\" content=\"image\/jpeg\" \/>\n<meta name=\"twitter:card\" content=\"summary_large_image\" \/>\n<meta name=\"twitter:label1\" content=\"Dur\u00e9e de lecture estim\u00e9e\" \/>\n\t<meta name=\"twitter:data1\" content=\"6 minutes\" \/>\n<script type=\"application\/ld+json\" class=\"yoast-schema-graph\">{\"@context\":\"https:\\\/\\\/schema.org\",\"@graph\":[{\"@type\":\"WebPage\",\"@id\":\"https:\\\/\\\/aflamo.shop\\\/fr\\\/p\\\/aflamo-diamond-128-cheminee-electrique-led-encastrable\\\/\",\"url\":\"https:\\\/\\\/aflamo.shop\\\/fr\\\/p\\\/aflamo-diamond-128-cheminee-electrique-led-encastrable\\\/\",\"name\":\"Aflamo Diamond 128 - chemin\u00e9e \u00e9lectrique LED encastrable - aflamo.shop - revendeur aflamo certifi\u00e9\",\"isPartOf\":{\"@id\":\"https:\\\/\\\/aflamo.shop\\\/fr\\\/#website\"},\"primaryImageOfPage\":{\"@id\":\"https:\\\/\\\/aflamo.shop\\\/fr\\\/p\\\/aflamo-diamond-128-cheminee-electrique-led-encastrable\\\/#primaryimage\"},\"image\":{\"@id\":\"https:\\\/\\\/aflamo.shop\\\/fr\\\/p\\\/aflamo-diamond-128-cheminee-electrique-led-encastrable\\\/#primaryimage\"},\"thumbnailUrl\":\"https:\\\/\\\/aflamo.shop\\\/wp-content\\\/uploads\\\/2023\\\/05\\\/diamond-115-3_sq-1.jpg\",\"datePublished\":\"2023-09-18T07:03:46+00:00\",\"dateModified\":\"2026-04-17T11:21:31+00:00\",\"description\":\"La chemin\u00e9e Diamond est bien plus qu\u2019une simple d\u00e9coration. C'est un appareil moderne et innovant qui allie fonctionnalit\u00e9, esth\u00e9tique et s\u00e9curit\u00e9.\",\"breadcrumb\":{\"@id\":\"https:\\\/\\\/aflamo.shop\\\/fr\\\/p\\\/aflamo-diamond-128-cheminee-electrique-led-encastrable\\\/#breadcrumb\"},\"inLanguage\":\"fr-FR\",\"potentialAction\":[{\"@type\":\"ReadAction\",\"target\":[\"https:\\\/\\\/aflamo.shop\\\/fr\\\/p\\\/aflamo-diamond-128-cheminee-electrique-led-encastrable\\\/\"]}]},{\"@type\":\"ImageObject\",\"inLanguage\":\"fr-FR\",\"@id\":\"https:\\\/\\\/aflamo.shop\\\/fr\\\/p\\\/aflamo-diamond-128-cheminee-electrique-led-encastrable\\\/#primaryimage\",\"url\":\"https:\\\/\\\/aflamo.shop\\\/wp-content\\\/uploads\\\/2023\\\/05\\\/diamond-115-3_sq-1.jpg\",\"contentUrl\":\"https:\\\/\\\/aflamo.shop\\\/wp-content\\\/uploads\\\/2023\\\/05\\\/diamond-115-3_sq-1.jpg\",\"width\":2248,\"height\":2248},{\"@type\":\"BreadcrumbList\",\"@id\":\"https:\\\/\\\/aflamo.shop\\\/fr\\\/p\\\/aflamo-diamond-128-cheminee-electrique-led-encastrable\\\/#breadcrumb\",\"itemListElement\":[{\"@type\":\"ListItem\",\"position\":1,\"name\":\"Page d'accueil\",\"item\":\"https:\\\/\\\/aflamo.shop\\\/fr\\\/\"},{\"@type\":\"ListItem\",\"position\":2,\"name\":\"Boutique\",\"item\":\"https:\\\/\\\/aflamo.shop\\\/boutique\\\/\"},{\"@type\":\"ListItem\",\"position\":3,\"name\":\"Chemin\u00e9es \u00e9lectriques\",\"item\":\"https:\\\/\\\/aflamo.shop\\\/fr\\\/s\\\/cheminees-electriques-fr\\\/\"},{\"@type\":\"ListItem\",\"position\":4,\"name\":\"Aflamo Diamond 128 &#8211; chemin\u00e9e \u00e9lectrique LED encastrable\"}]},{\"@type\":\"WebSite\",\"@id\":\"https:\\\/\\\/aflamo.shop\\\/fr\\\/#website\",\"url\":\"https:\\\/\\\/aflamo.shop\\\/fr\\\/\",\"name\":\"aflamo.shop - revendeur aflamo certifi\u00e9\",\"description\":\"Kominki elektryczne Aflamo i Emotion Flame z funkcj\u0105 grzania\",\"publisher\":{\"@id\":\"https:\\\/\\\/aflamo.shop\\\/fr\\\/#organization\"},\"potentialAction\":[{\"@type\":\"SearchAction\",\"target\":{\"@type\":\"EntryPoint\",\"urlTemplate\":\"https:\\\/\\\/aflamo.shop\\\/fr\\\/?s={search_term_string}\"},\"query-input\":{\"@type\":\"PropertyValueSpecification\",\"valueRequired\":true,\"valueName\":\"search_term_string\"}}],\"inLanguage\":\"fr-FR\"},{\"@type\":\"Organization\",\"@id\":\"https:\\\/\\\/aflamo.shop\\\/fr\\\/#organization\",\"name\":\"aflamo.shop - revendeur aflamo certifi\u00e9\",\"url\":\"https:\\\/\\\/aflamo.shop\\\/fr\\\/\",\"logo\":{\"@type\":\"ImageObject\",\"inLanguage\":\"fr-FR\",\"@id\":\"https:\\\/\\\/aflamo.shop\\\/fr\\\/#\\\/schema\\\/logo\\\/image\\\/\",\"url\":\"https:\\\/\\\/aflamo.shop\\\/wp-content\\\/uploads\\\/2019\\\/10\\\/logo2.1-1-1.svg\",\"contentUrl\":\"https:\\\/\\\/aflamo.shop\\\/wp-content\\\/uploads\\\/2019\\\/10\\\/logo2.1-1-1.svg\",\"caption\":\"aflamo.shop - revendeur aflamo certifi\u00e9\"},\"image\":{\"@id\":\"https:\\\/\\\/aflamo.shop\\\/fr\\\/#\\\/schema\\\/logo\\\/image\\\/\"}}]}<\/script>\n<!-- \/ Yoast SEO plugin. -->","yoast_head_json":{"title":"Aflamo Diamond 128 - chemin\u00e9e \u00e9lectrique LED encastrable - aflamo.shop - revendeur aflamo certifi\u00e9","description":"La chemin\u00e9e Diamond est bien plus qu\u2019une simple d\u00e9coration. C'est un appareil moderne et innovant qui allie fonctionnalit\u00e9, esth\u00e9tique et s\u00e9curit\u00e9.","robots":{"index":"index","follow":"follow","max-snippet":"max-snippet:-1","max-image-preview":"max-image-preview:large","max-video-preview":"max-video-preview:-1"},"canonical":"https:\/\/aflamo.shop\/fr\/p\/aflamo-diamond-128-cheminee-electrique-led-encastrable\/","og_locale":"fr_FR","og_type":"article","og_title":"Aflamo Diamond 128 - chemin\u00e9e \u00e9lectrique LED encastrable - aflamo.shop - revendeur aflamo certifi\u00e9","og_description":"La chemin\u00e9e Diamond est bien plus qu\u2019une simple d\u00e9coration. C'est un appareil moderne et innovant qui allie fonctionnalit\u00e9, esth\u00e9tique et s\u00e9curit\u00e9.","og_url":"https:\/\/aflamo.shop\/fr\/p\/aflamo-diamond-128-cheminee-electrique-led-encastrable\/","og_site_name":"aflamo.shop - revendeur aflamo certifi\u00e9","article_modified_time":"2026-04-17T11:21:31+00:00","og_image":[{"width":2248,"height":2248,"url":"https:\/\/aflamo.shop\/wp-content\/uploads\/2023\/05\/diamond-115-3_sq-1.jpg","type":"image\/jpeg"}],"twitter_card":"summary_large_image","twitter_misc":{"Dur\u00e9e de lecture estim\u00e9e":"6 minutes"},"schema":{"@context":"https:\/\/schema.org","@graph":[{"@type":"WebPage","@id":"https:\/\/aflamo.shop\/fr\/p\/aflamo-diamond-128-cheminee-electrique-led-encastrable\/","url":"https:\/\/aflamo.shop\/fr\/p\/aflamo-diamond-128-cheminee-electrique-led-encastrable\/","name":"Aflamo Diamond 128 - chemin\u00e9e \u00e9lectrique LED encastrable - aflamo.shop - revendeur aflamo certifi\u00e9","isPartOf":{"@id":"https:\/\/aflamo.shop\/fr\/#website"},"primaryImageOfPage":{"@id":"https:\/\/aflamo.shop\/fr\/p\/aflamo-diamond-128-cheminee-electrique-led-encastrable\/#primaryimage"},"image":{"@id":"https:\/\/aflamo.shop\/fr\/p\/aflamo-diamond-128-cheminee-electrique-led-encastrable\/#primaryimage"},"thumbnailUrl":"https:\/\/aflamo.shop\/wp-content\/uploads\/2023\/05\/diamond-115-3_sq-1.jpg","datePublished":"2023-09-18T07:03:46+00:00","dateModified":"2026-04-17T11:21:31+00:00","description":"La chemin\u00e9e Diamond est bien plus qu\u2019une simple d\u00e9coration. C'est un appareil moderne et innovant qui allie fonctionnalit\u00e9, esth\u00e9tique et s\u00e9curit\u00e9.","breadcrumb":{"@id":"https:\/\/aflamo.shop\/fr\/p\/aflamo-diamond-128-cheminee-electrique-led-encastrable\/#breadcrumb"},"inLanguage":"fr-FR","potentialAction":[{"@type":"ReadAction","target":["https:\/\/aflamo.shop\/fr\/p\/aflamo-diamond-128-cheminee-electrique-led-encastrable\/"]}]},{"@type":"ImageObject","inLanguage":"fr-FR","@id":"https:\/\/aflamo.shop\/fr\/p\/aflamo-diamond-128-cheminee-electrique-led-encastrable\/#primaryimage","url":"https:\/\/aflamo.shop\/wp-content\/uploads\/2023\/05\/diamond-115-3_sq-1.jpg","contentUrl":"https:\/\/aflamo.shop\/wp-content\/uploads\/2023\/05\/diamond-115-3_sq-1.jpg","width":2248,"height":2248},{"@type":"BreadcrumbList","@id":"https:\/\/aflamo.shop\/fr\/p\/aflamo-diamond-128-cheminee-electrique-led-encastrable\/#breadcrumb","itemListElement":[{"@type":"ListItem","position":1,"name":"Page d'accueil","item":"https:\/\/aflamo.shop\/fr\/"},{"@type":"ListItem","position":2,"name":"Boutique","item":"https:\/\/aflamo.shop\/boutique\/"},{"@type":"ListItem","position":3,"name":"Chemin\u00e9es \u00e9lectriques","item":"https:\/\/aflamo.shop\/fr\/s\/cheminees-electriques-fr\/"},{"@type":"ListItem","position":4,"name":"Aflamo Diamond 128 &#8211; chemin\u00e9e \u00e9lectrique LED encastrable"}]},{"@type":"WebSite","@id":"https:\/\/aflamo.shop\/fr\/#website","url":"https:\/\/aflamo.shop\/fr\/","name":"aflamo.shop - revendeur aflamo certifi\u00e9","description":"Kominki elektryczne Aflamo i Emotion Flame z funkcj\u0105 grzania","publisher":{"@id":"https:\/\/aflamo.shop\/fr\/#organization"},"potentialAction":[{"@type":"SearchAction","target":{"@type":"EntryPoint","urlTemplate":"https:\/\/aflamo.shop\/fr\/?s={search_term_string}"},"query-input":{"@type":"PropertyValueSpecification","valueRequired":true,"valueName":"search_term_string"}}],"inLanguage":"fr-FR"},{"@type":"Organization","@id":"https:\/\/aflamo.shop\/fr\/#organization","name":"aflamo.shop - revendeur aflamo certifi\u00e9","url":"https:\/\/aflamo.shop\/fr\/","logo":{"@type":"ImageObject","inLanguage":"fr-FR","@id":"https:\/\/aflamo.shop\/fr\/#\/schema\/logo\/image\/","url":"https:\/\/aflamo.shop\/wp-content\/uploads\/2019\/10\/logo2.1-1-1.svg","contentUrl":"https:\/\/aflamo.shop\/wp-content\/uploads\/2019\/10\/logo2.1-1-1.svg","caption":"aflamo.shop - revendeur aflamo certifi\u00e9"},"image":{"@id":"https:\/\/aflamo.shop\/fr\/#\/schema\/logo\/image\/"}}]}},"_links":{"self":[{"href":"https:\/\/aflamo.shop\/fr\/wp-json\/wp\/v2\/product\/16092","targetHints":{"allow":["GET"]}}],"collection":[{"href":"https:\/\/aflamo.shop\/fr\/wp-json\/wp\/v2\/product"}],"about":[{"href":"https:\/\/aflamo.shop\/fr\/wp-json\/wp\/v2\/types\/product"}],"replies":[{"embeddable":true,"href":"https:\/\/aflamo.shop\/fr\/wp-json\/wp\/v2\/comments?post=16092"}],"wp:featuredmedia":[{"embeddable":true,"href":"https:\/\/aflamo.shop\/fr\/wp-json\/wp\/v2\/media\/3486"}],"wp:attachment":[{"href":"https:\/\/aflamo.shop\/fr\/wp-json\/wp\/v2\/media?parent=16092"}],"wp:term":[{"taxonomy":"product_brand","embeddable":true,"href":"https:\/\/aflamo.shop\/fr\/wp-json\/wp\/v2\/product_brand?post=16092"},{"taxonomy":"product_cat","embeddable":true,"href":"https:\/\/aflamo.shop\/fr\/wp-json\/wp\/v2\/product_cat?post=16092"},{"taxonomy":"product_tag","embeddable":true,"href":"https:\/\/aflamo.shop\/fr\/wp-json\/wp\/v2\/product_tag?post=16092"}],"curies":[{"name":"wp","href":"https:\/\/api.w.org\/{rel}","templated":true}]}}