{"id":16085,"date":"2023-09-18T07:28:40","date_gmt":"2023-09-18T07:28:40","guid":{"rendered":"https:\/\/aflamo.shop\/p\/cheminee-murale-electrique-a-led-aflamo-albion-nh-36-sans-fonction-de-chauffage\/"},"modified":"2026-04-17T11:16:54","modified_gmt":"2026-04-17T11:16:54","slug":"cheminee-murale-electrique-a-led-aflamo-albion-nh-36-sans-fonction-de-chauffage","status":"publish","type":"product","link":"https:\/\/aflamo.shop\/fr\/p\/cheminee-murale-electrique-a-led-aflamo-albion-nh-36-sans-fonction-de-chauffage\/","title":{"rendered":"Chemin\u00e9e murale \u00e9lectrique \u00e0 LED Aflamo Albion NH 36 sans fonction de chauffage"},"content":{"rendered":"<p><iframe title=\"Lecteur vid\u00e9o YouTube\" src=\"https:\/\/www.youtube.com\/embed\/EiwW_cf_13g\" width=\"560\" height=\"315\" frameborder=\"0\" allowfullscreen=\"allowfullscreen\"><span style=\"display: inline-block; width: 0px; overflow: hidden; line-height: 0;\" data-mce-type=\"bookmark\" class=\"mce_SELRES_start\"><\/span><\/iframe><\/p>\n<h6><\/h6>\n<p>&nbsp;<\/p>\n<h3><\/h3>\n<h3 style=\"text-align: left;\"><strong>Caract\u00e9ristiques de la chemin\u00e9e<\/strong><\/h3>\n<p>&nbsp;<\/p>\n<p>Design moderne.<\/p>\n<p>Le panneau avant est enti\u00e8rement en verre.<br \/>\nLe grand cadre noir autour du feu souligne son caract\u00e8re exclusif.<\/p>\n<p>La profondeur de la chemin\u00e9e est de seulement <strong>14 cm<\/strong><\/p>\n<h3 style=\"text-align: left;\"><\/h3>\n<p>&nbsp;<\/p>\n<h3 style=\"text-align: left;\"><strong>Installation<\/strong><\/h3>\n<p>&nbsp;<\/p>\n<p style=\"text-align: left;\">La chemin\u00e9e peut \u00eatre mont\u00e9e de trois mani\u00e8res<\/p>\n<p style=\"text-align: left;\"><img fetchpriority=\"high\" decoding=\"async\" class=\"aligncenter wp-image-2581 size-full\" src=\"https:\/\/aflamo.shop\/wp-content\/uploads\/2023\/05\/zamontuj-jak-chcesz-1.png\" alt=\"\" width=\"1159\" height=\"368\" srcset=\"https:\/\/aflamo.shop\/wp-content\/uploads\/2023\/05\/zamontuj-jak-chcesz-1.png 1159w, https:\/\/aflamo.shop\/wp-content\/uploads\/2023\/05\/zamontuj-jak-chcesz-1-600x191.png 600w, https:\/\/aflamo.shop\/wp-content\/uploads\/2023\/05\/zamontuj-jak-chcesz-1-300x95.png 300w, https:\/\/aflamo.shop\/wp-content\/uploads\/2023\/05\/zamontuj-jak-chcesz-1-1024x325.png 1024w, https:\/\/aflamo.shop\/wp-content\/uploads\/2023\/05\/zamontuj-jak-chcesz-1-768x244.png 768w\" sizes=\"(max-width: 1159px) 100vw, 1159px\" \/><\/p>\n<p>&nbsp;<\/p>\n<p>&nbsp;<\/p>\n<p>&nbsp;<\/p>\n<h3 style=\"text-align: left;\"><strong>Installation d&rsquo;une chemin\u00e9e <\/strong><\/h3>\n<h3 style=\"text-align: left;\"><strong>  <\/strong><\/h3>\n<div class=\"naprzemienne-opis\" style=\"text-align: left;\">\n<ol>\n<li>Installer le support inclus dans le kit<\/li>\n<li>Accrocher la chemin\u00e9e<\/li>\n<li>Profitez de votre chemin\u00e9e<\/li>\n<\/ol>\n<\/div>\n<p>&nbsp;<\/p>\n<h3 style=\"text-align: left;\"><strong>Flamme<\/strong><\/h3>\n<p>La flamme a :<\/p>\n<p><span class=\"digit\">1 couleur<\/span><\/p>\n<p style=\"text-align: left;\"><img decoding=\"async\" class=\"wp-image-4266 size-full alignright\" src=\"https:\/\/aflamo.shop\/wp-content\/uploads\/2023\/05\/plomien-albion-1.jpg\" alt=\"\" width=\"413\" height=\"144\" srcset=\"https:\/\/aflamo.shop\/wp-content\/uploads\/2023\/05\/plomien-albion-1.jpg 413w, https:\/\/aflamo.shop\/wp-content\/uploads\/2023\/05\/plomien-albion-1-300x105.jpg 300w\" sizes=\"(max-width: 413px) 100vw, 413px\" \/><\/p>\n<h3><\/h3>\n<h3><\/h3>\n<p>&nbsp;<\/p>\n<p>&nbsp;<\/p>\n<h3 style=\"text-align: left;\"><strong>Foyer<img decoding=\"async\" class=\"alignright wp-image-4272 size-full\" src=\"https:\/\/aflamo.shop\/wp-content\/uploads\/2023\/05\/albion_polana-1.jpg\" alt=\"\" width=\"400\" height=\"133\" srcset=\"https:\/\/aflamo.shop\/wp-content\/uploads\/2023\/05\/albion_polana-1.jpg 400w, https:\/\/aflamo.shop\/wp-content\/uploads\/2023\/05\/albion_polana-1-300x100.jpg 300w\" sizes=\"(max-width: 400px) 100vw, 400px\" \/><\/strong><\/h3>\n<p>1 chemin\u00e9e : b\u00fbche<\/p>\n<p style=\"text-align: left;\"><span class=\"digit\"> <\/span><\/p>\n<h3><\/h3>\n<p>&nbsp;<\/p>\n<h3 style=\"text-align: left;\"><strong>Confort et commodit\u00e9<\/strong><\/h3>\n<p style=\"text-align: left;\">Une chemin\u00e9e \u00e9lectrique, c&rsquo;est avant tout de la d\u00e9tente.<\/p>\n<div class=\"feature\">\n<ul style=\"text-align: left;\">\n<li>Chemin\u00e9e contr\u00f4l\u00e9e par t\u00e9l\u00e9commande.<\/li>\n<li>Ne n\u00e9cessite pas de ventilation suppl\u00e9mentaire. Il n\u2019est pas n\u00e9cessaire d\u2019a\u00e9rer la pi\u00e8ce et en m\u00eame temps de laisser entrer de l\u2019air froid ou humide. Pas besoin d&rsquo;ouvrir la fen\u00eatre et de laisser entrer le bruit ext\u00e9rieur.  <\/li>\n<\/ul>\n<p>&nbsp;<\/p>\n<h3>Donn\u00e9es techniques<\/h3>\n<\/div>\n<p>&nbsp;<\/p>\n<table width=\"548\" cellspacing=\"0\" cellpadding=\"2\">\n<colgroup>\n<col width=\"216\">\n<col width=\"324\"><\/colgroup>\n<tbody>\n<tr>\n<td width=\"216\">\n<table width=\"548\" cellspacing=\"0\" cellpadding=\"2\">\n<colgroup>\n<col width=\"216\">\n<col width=\"324\"><\/colgroup>\n<tbody>\n<tr>\n<td width=\"216\">M\u00e9thodes d&rsquo;installation<\/td>\n<td width=\"324\">pour encastr\u00e9 \/ mural<\/td>\n<\/tr>\n<tr>\n<td width=\"216\">Caract\u00e9ristique unique<\/td>\n<td width=\"324\">Le panneau avant est enti\u00e8rement en verre.<\/td>\n<\/tr>\n<tr>\n<td width=\"216\">Effet de flamme<\/td>\n<td width=\"324\">LED<\/td>\n<\/tr>\n<tr>\n<td width=\"216\">Application mobile<\/td>\n<td width=\"324\">pas<\/td>\n<\/tr>\n<tr>\n<td width=\"216\">T\u00e9l\u00e9commande<\/td>\n<td width=\"324\">oui<\/td>\n<\/tr>\n<tr>\n<td width=\"216\">Couleur\/Finition<\/td>\n<td width=\"324\">m\u00e9tal, verre, noir<\/td>\n<\/tr>\n<tr>\n<td width=\"216\">Minuteur<\/td>\n<td width=\"324\">non<\/td>\n<\/tr>\n<tr>\n<td width=\"216\">Programmateur hebdomadaire<\/td>\n<td width=\"324\">non<\/td>\n<\/tr>\n<tr>\n<td width=\"216\">Fonction de chauffage<\/td>\n<td width=\"324\">non<\/td>\n<\/tr>\n<tr>\n<td width=\"216\">Flamme ind\u00e9pendante de la fonction de chauffage<\/td>\n<td width=\"324\">&#8211;<\/td>\n<\/tr>\n<tr>\n<td width=\"216\">Puissance de chauffage<\/td>\n<td width=\"324\">&#8211;<\/td>\n<\/tr>\n<tr>\n<td width=\"216\">Contr\u00f4le de la temp\u00e9rature<\/td>\n<td width=\"324\">&#8211;<\/td>\n<\/tr>\n<tr>\n<td width=\"216\">Protection contre la surchauffe<\/td>\n<td width=\"324\">&#8211;<\/td>\n<\/tr>\n<tr>\n<td width=\"216\">Thermostat\n<\/td>\n<td width=\"324\">&#8211;<\/td>\n<\/tr>\n<tr>\n<td width=\"216\">Couleurs de flamme :<\/p>\n<p>&nbsp;<\/p>\n<p>Foyer:<\/td>\n<td width=\"324\"><span class=\"digit\">1<\/span> couleur<br \/>\nfoyers inclus : b\u00fbche.<\/td>\n<\/tr>\n<tr>\n<td width=\"216\">Garantie<\/td>\n<td width=\"324\">2 ans<\/td>\n<\/tr>\n<tr>\n<td width=\"216\">Longueur du c\u00e2ble d&rsquo;alimentation<\/td>\n<td width=\"324\">1,8 m<\/td>\n<\/tr>\n<tr>\n<td width=\"216\">Tension d&rsquo;alimentation<\/td>\n<td width=\"324\">220 V<\/td>\n<\/tr>\n<\/tbody>\n<\/table>\n<\/td>\n<\/tr>\n<\/tbody>\n<\/table>\n<p>&nbsp;<\/p>\n<div class=\"flex flex-grow flex-col gap-3\">\n<div class=\"min-h-[20px] flex flex-col items-start gap-3 overflow-x-auto whitespace-pre-wrap break-words\">\n<div class=\"markdown prose w-full break-words dark:prose-invert light\">\n<p>La chemin\u00e9e \u00e9lectrique murale \u00e0 LED appel\u00e9e Albion NH est une combinaison de design moderne et de technologie de pointe, qui cr\u00e9e une merveilleuse d\u00e9coration de l&rsquo;espace mural. Son design minimaliste et ses d\u00e9tails extraordinaires font d&rsquo;Albion NH un \u00e9l\u00e9ment unique de tout int\u00e9rieur. <\/p>\n<p>La chemin\u00e9e Albion NH est con\u00e7ue pour \u00eatre accroch\u00e9e au mur, donnant l&rsquo;effet d&rsquo;un \u00ab feu suspendu \u00bb et cr\u00e9ant l&rsquo;impression que la flamme fait partie int\u00e9grante de l&rsquo;architecture. Cette solution innovante diversifie non seulement esth\u00e9tiquement l\u2019espace, mais lui ajoute \u00e9galement un charme unique. <\/p>\n<p>La fa\u00e7ade de la chemin\u00e9e est enti\u00e8rement en verre, ce qui lui conf\u00e8re subtilit\u00e9 et \u00e9l\u00e9gance. La surface en verre cr\u00e9e la toile de fond parfaite pour l&rsquo;effet de flamme LED, qui est le point central de cet appareil. La flamme r\u00e9aliste, disponible en plusieurs couleurs, cr\u00e9e une atmosph\u00e8re unique, offrant une exp\u00e9rience visuelle similaire \u00e0 celle d&rsquo;une vraie chemin\u00e9e.  <\/p>\n<p>Le grand cadre noir autour du foyer ajoute du contraste et un caract\u00e8re exclusif \u00e0 la chemin\u00e9e. Cette finition subtile met en valeur son caract\u00e8re unique et fait d&rsquo;Albion NH un \u00e9l\u00e9ment distinctif de l&rsquo;agencement. <\/p>\n<p>La faible profondeur du foyer (seulement 14 cm) en fait une solution peu encombrante, id\u00e9ale pour les petites pi\u00e8ces ou lorsque chaque centim\u00e8tre d&rsquo;espace compte.<\/p>\n<p>En r\u00e9sum\u00e9, le foyer \u00e9lectrique mural LED Albion NH est une combinaison de minimalisme, de modernit\u00e9 et d\u2019un effet visuel unique. Sa surface en verre, son cadre noir contrast\u00e9 et sa faible profondeur cr\u00e9ent une atmosph\u00e8re merveilleuse qui attire le regard et ajoute un caract\u00e8re unique \u00e0 la pi\u00e8ce. Il s&rsquo;agit d&rsquo;une chemin\u00e9e qui non seulement d\u00e9core le mur, mais cr\u00e9e \u00e9galement la magie de la flamme, sans avoir besoin d&rsquo;une fonction de chauffage.  <\/p>\n<\/div>\n<\/div>\n<\/div>\n<p>&nbsp;<\/p>\n<div class=\"feature\">\n<ul><strong><\/p>\n<p><a href=\"https:\/\/aflamo.shop\/wp-content\/uploads\/2023\/09\/Aflamo-ALBION-36-42-50-NH_EN-PL-DE-IT-ES-FR-CS-SK-NL-1.pdf\">Instructions d&rsquo;utilisation et informations de s\u00e9curit\u00e9<\/a><\/p>\n<p><\/strong><\/ul>\n<p style=\"text-align: left;\">Dessins techniques<\/p>\n<p>Albion 36 NH<\/p>\n<p>&nbsp;<\/p>\n<p><img loading=\"lazy\" decoding=\"async\" class=\"alignnone wp-image-4290 size-full\" src=\"https:\/\/aflamo.shop\/wp-content\/uploads\/2023\/05\/Albion_36.png\" alt=\"\" width=\"1424\" height=\"791\" srcset=\"https:\/\/aflamo.shop\/wp-content\/uploads\/2023\/05\/Albion_36.png 1424w, https:\/\/aflamo.shop\/wp-content\/uploads\/2023\/05\/Albion_36-600x333.png 600w, https:\/\/aflamo.shop\/wp-content\/uploads\/2023\/05\/Albion_36-300x167.png 300w, https:\/\/aflamo.shop\/wp-content\/uploads\/2023\/05\/Albion_36-1024x569.png 1024w, https:\/\/aflamo.shop\/wp-content\/uploads\/2023\/05\/Albion_36-768x427.png 768w\" sizes=\"(max-width: 1424px) 100vw, 1424px\" \/><\/p>\n<p>&nbsp;<\/p>\n<p>Albion 42NH<\/p>\n<p><img loading=\"lazy\" decoding=\"async\" class=\"alignnone wp-image-4278 size-full\" src=\"https:\/\/aflamo.shop\/wp-content\/uploads\/2023\/05\/Albion_42.png\" alt=\"\" width=\"1431\" height=\"865\" srcset=\"https:\/\/aflamo.shop\/wp-content\/uploads\/2023\/05\/Albion_42.png 1431w, https:\/\/aflamo.shop\/wp-content\/uploads\/2023\/05\/Albion_42-600x363.png 600w, https:\/\/aflamo.shop\/wp-content\/uploads\/2023\/05\/Albion_42-300x181.png 300w, https:\/\/aflamo.shop\/wp-content\/uploads\/2023\/05\/Albion_42-1024x619.png 1024w, https:\/\/aflamo.shop\/wp-content\/uploads\/2023\/05\/Albion_42-768x464.png 768w\" sizes=\"(max-width: 1431px) 100vw, 1431px\" \/><\/p>\n<p>&nbsp;<\/p>\n<\/div>\n<p>&nbsp;<\/p>\n<p>Albion 50 NH<\/p>\n<p><img loading=\"lazy\" decoding=\"async\" class=\"alignnone wp-image-4284 size-full\" src=\"https:\/\/aflamo.shop\/wp-content\/uploads\/2023\/05\/Albion_50.png\" alt=\"\" width=\"1048\" height=\"574\" srcset=\"https:\/\/aflamo.shop\/wp-content\/uploads\/2023\/05\/Albion_50.png 1048w, https:\/\/aflamo.shop\/wp-content\/uploads\/2023\/05\/Albion_50-600x329.png 600w, https:\/\/aflamo.shop\/wp-content\/uploads\/2023\/05\/Albion_50-300x164.png 300w, https:\/\/aflamo.shop\/wp-content\/uploads\/2023\/05\/Albion_50-1024x561.png 1024w, https:\/\/aflamo.shop\/wp-content\/uploads\/2023\/05\/Albion_50-768x421.png 768w\" sizes=\"(max-width: 1048px) 100vw, 1048px\" \/><\/p>\n<p>&nbsp;<\/p>\n<p>&nbsp;<\/p>\n<p>&nbsp;<\/p>\n<p>&nbsp;<\/p>\n","protected":false},"excerpt":{"rendered":"<p>Fabricant : Aflamo<\/p>\n<p>GETIN:5908283561803<\/p>\n<p>Chemin\u00e9e \u00e9lectrique \u00e0 encastrer\/montage mural sans fonction de chauffage.<\/p>\n<p><b>Mod\u00e8le :<\/b><\/p>\n<ul>\n<li><a href=\"https:\/\/aflamo.shop\/fr\/p\/cheminee-murale-electrique-a-led-aflamo-albion-nh-36-sans-fonction-de-chauffage\/\">36<\/a><\/li>\n<li><a href=\"https:\/\/aflamo.shop\/fr\/p\/cheminee-murale-electrique-a-led-aflamo-albion-nh-42-sans-fonction-de-chauffage\/\">42<\/a><\/li>\n<\/ul>\n<p><b>Dimensions :<\/b> 90 x 42 x 14 cm<\/p>\n","protected":false},"featured_media":16077,"comment_status":"open","ping_status":"closed","template":"","meta":[],"product_brand":[],"product_cat":[770,170,774,771,773],"product_tag":[],"class_list":{"0":"post-16085","1":"product","2":"type-product","3":"status-publish","4":"has-post-thumbnail","6":"product_cat-aflamo-fr","7":"product_cat-cheminees-electriques-fr","8":"product_cat-cheminees-electriques-a-accrocher-au-mur","9":"product_cat-cheminees-electriques-led-encastrees","10":"product_cat-inserts-electriques-led","12":"first","13":"instock","14":"shipping-taxable","15":"purchasable","16":"product-type-simple"},"yoast_head":"<!-- This site is optimized with the Yoast SEO plugin v27.4 - https:\/\/yoast.com\/product\/yoast-seo-wordpress\/ -->\n<title>Chemin\u00e9e murale \u00e9lectrique \u00e0 LED Aflamo Albion NH 36 sans fonction de chauffage - aflamo.shop - revendeur aflamo certifi\u00e9<\/title>\n<meta name=\"description\" content=\"Chemin\u00e9e murale LED Albion NH \u2013 design moderne, surface en verre et cadre noir. Cr\u00e9e un effet de flamme sans la fonction de chauffage.\" \/>\n<meta name=\"robots\" content=\"index, follow, max-snippet:-1, max-image-preview:large, max-video-preview:-1\" \/>\n<link rel=\"canonical\" href=\"https:\/\/aflamo.shop\/fr\/p\/cheminee-murale-electrique-a-led-aflamo-albion-nh-36-sans-fonction-de-chauffage\/\" \/>\n<meta property=\"og:locale\" content=\"fr_FR\" \/>\n<meta property=\"og:type\" content=\"article\" \/>\n<meta property=\"og:title\" content=\"Chemin\u00e9e murale \u00e9lectrique \u00e0 LED Aflamo Albion NH 36 sans fonction de chauffage - aflamo.shop - revendeur aflamo certifi\u00e9\" \/>\n<meta property=\"og:description\" content=\"Chemin\u00e9e murale LED Albion NH \u2013 design moderne, surface en verre et cadre noir. Cr\u00e9e un effet de flamme sans la fonction de chauffage.\" \/>\n<meta property=\"og:url\" content=\"https:\/\/aflamo.shop\/fr\/p\/cheminee-murale-electrique-a-led-aflamo-albion-nh-36-sans-fonction-de-chauffage\/\" \/>\n<meta property=\"og:site_name\" content=\"aflamo.shop - revendeur aflamo certifi\u00e9\" \/>\n<meta property=\"article:modified_time\" content=\"2026-04-17T11:16:54+00:00\" \/>\n<meta property=\"og:image\" content=\"https:\/\/aflamo.shop\/wp-content\/uploads\/2023\/09\/albion-95-czarny_sq.jpg\" \/>\n\t<meta property=\"og:image:width\" content=\"2248\" \/>\n\t<meta property=\"og:image:height\" content=\"2248\" \/>\n\t<meta property=\"og:image:type\" content=\"image\/jpeg\" \/>\n<meta name=\"twitter:card\" content=\"summary_large_image\" \/>\n<meta name=\"twitter:label1\" content=\"Dur\u00e9e de lecture estim\u00e9e\" \/>\n\t<meta name=\"twitter:data1\" content=\"5 minutes\" \/>\n<script type=\"application\/ld+json\" class=\"yoast-schema-graph\">{\"@context\":\"https:\\\/\\\/schema.org\",\"@graph\":[{\"@type\":\"WebPage\",\"@id\":\"https:\\\/\\\/aflamo.shop\\\/fr\\\/p\\\/cheminee-murale-electrique-a-led-aflamo-albion-nh-36-sans-fonction-de-chauffage\\\/\",\"url\":\"https:\\\/\\\/aflamo.shop\\\/fr\\\/p\\\/cheminee-murale-electrique-a-led-aflamo-albion-nh-36-sans-fonction-de-chauffage\\\/\",\"name\":\"Chemin\u00e9e murale \u00e9lectrique \u00e0 LED Aflamo Albion NH 36 sans fonction de chauffage - aflamo.shop - revendeur aflamo certifi\u00e9\",\"isPartOf\":{\"@id\":\"https:\\\/\\\/aflamo.shop\\\/fr\\\/#website\"},\"primaryImageOfPage\":{\"@id\":\"https:\\\/\\\/aflamo.shop\\\/fr\\\/p\\\/cheminee-murale-electrique-a-led-aflamo-albion-nh-36-sans-fonction-de-chauffage\\\/#primaryimage\"},\"image\":{\"@id\":\"https:\\\/\\\/aflamo.shop\\\/fr\\\/p\\\/cheminee-murale-electrique-a-led-aflamo-albion-nh-36-sans-fonction-de-chauffage\\\/#primaryimage\"},\"thumbnailUrl\":\"https:\\\/\\\/aflamo.shop\\\/wp-content\\\/uploads\\\/2023\\\/09\\\/albion-95-czarny_sq.jpg\",\"datePublished\":\"2023-09-18T07:28:40+00:00\",\"dateModified\":\"2026-04-17T11:16:54+00:00\",\"description\":\"Chemin\u00e9e murale LED Albion NH \u2013 design moderne, surface en verre et cadre noir. Cr\u00e9e un effet de flamme sans la fonction de chauffage.\",\"breadcrumb\":{\"@id\":\"https:\\\/\\\/aflamo.shop\\\/fr\\\/p\\\/cheminee-murale-electrique-a-led-aflamo-albion-nh-36-sans-fonction-de-chauffage\\\/#breadcrumb\"},\"inLanguage\":\"fr-FR\",\"potentialAction\":[{\"@type\":\"ReadAction\",\"target\":[\"https:\\\/\\\/aflamo.shop\\\/fr\\\/p\\\/cheminee-murale-electrique-a-led-aflamo-albion-nh-36-sans-fonction-de-chauffage\\\/\"]}]},{\"@type\":\"ImageObject\",\"inLanguage\":\"fr-FR\",\"@id\":\"https:\\\/\\\/aflamo.shop\\\/fr\\\/p\\\/cheminee-murale-electrique-a-led-aflamo-albion-nh-36-sans-fonction-de-chauffage\\\/#primaryimage\",\"url\":\"https:\\\/\\\/aflamo.shop\\\/wp-content\\\/uploads\\\/2023\\\/09\\\/albion-95-czarny_sq.jpg\",\"contentUrl\":\"https:\\\/\\\/aflamo.shop\\\/wp-content\\\/uploads\\\/2023\\\/09\\\/albion-95-czarny_sq.jpg\",\"width\":2248,\"height\":2248},{\"@type\":\"BreadcrumbList\",\"@id\":\"https:\\\/\\\/aflamo.shop\\\/fr\\\/p\\\/cheminee-murale-electrique-a-led-aflamo-albion-nh-36-sans-fonction-de-chauffage\\\/#breadcrumb\",\"itemListElement\":[{\"@type\":\"ListItem\",\"position\":1,\"name\":\"Page d'accueil\",\"item\":\"https:\\\/\\\/aflamo.shop\\\/fr\\\/\"},{\"@type\":\"ListItem\",\"position\":2,\"name\":\"Boutique\",\"item\":\"https:\\\/\\\/aflamo.shop\\\/boutique\\\/\"},{\"@type\":\"ListItem\",\"position\":3,\"name\":\"Chemin\u00e9es \u00e9lectriques\",\"item\":\"https:\\\/\\\/aflamo.shop\\\/fr\\\/s\\\/cheminees-electriques-fr\\\/\"},{\"@type\":\"ListItem\",\"position\":4,\"name\":\"Chemin\u00e9e murale \u00e9lectrique \u00e0 LED Aflamo Albion NH 36 sans fonction de chauffage\"}]},{\"@type\":\"WebSite\",\"@id\":\"https:\\\/\\\/aflamo.shop\\\/fr\\\/#website\",\"url\":\"https:\\\/\\\/aflamo.shop\\\/fr\\\/\",\"name\":\"aflamo.shop - revendeur aflamo certifi\u00e9\",\"description\":\"Kominki elektryczne Aflamo i Emotion Flame z funkcj\u0105 grzania\",\"publisher\":{\"@id\":\"https:\\\/\\\/aflamo.shop\\\/fr\\\/#organization\"},\"potentialAction\":[{\"@type\":\"SearchAction\",\"target\":{\"@type\":\"EntryPoint\",\"urlTemplate\":\"https:\\\/\\\/aflamo.shop\\\/fr\\\/?s={search_term_string}\"},\"query-input\":{\"@type\":\"PropertyValueSpecification\",\"valueRequired\":true,\"valueName\":\"search_term_string\"}}],\"inLanguage\":\"fr-FR\"},{\"@type\":\"Organization\",\"@id\":\"https:\\\/\\\/aflamo.shop\\\/fr\\\/#organization\",\"name\":\"aflamo.shop - revendeur aflamo certifi\u00e9\",\"url\":\"https:\\\/\\\/aflamo.shop\\\/fr\\\/\",\"logo\":{\"@type\":\"ImageObject\",\"inLanguage\":\"fr-FR\",\"@id\":\"https:\\\/\\\/aflamo.shop\\\/fr\\\/#\\\/schema\\\/logo\\\/image\\\/\",\"url\":\"https:\\\/\\\/aflamo.shop\\\/wp-content\\\/uploads\\\/2019\\\/10\\\/logo2.1-1-1.svg\",\"contentUrl\":\"https:\\\/\\\/aflamo.shop\\\/wp-content\\\/uploads\\\/2019\\\/10\\\/logo2.1-1-1.svg\",\"caption\":\"aflamo.shop - revendeur aflamo certifi\u00e9\"},\"image\":{\"@id\":\"https:\\\/\\\/aflamo.shop\\\/fr\\\/#\\\/schema\\\/logo\\\/image\\\/\"}}]}<\/script>\n<!-- \/ Yoast SEO plugin. -->","yoast_head_json":{"title":"Chemin\u00e9e murale \u00e9lectrique \u00e0 LED Aflamo Albion NH 36 sans fonction de chauffage - aflamo.shop - revendeur aflamo certifi\u00e9","description":"Chemin\u00e9e murale LED Albion NH \u2013 design moderne, surface en verre et cadre noir. Cr\u00e9e un effet de flamme sans la fonction de chauffage.","robots":{"index":"index","follow":"follow","max-snippet":"max-snippet:-1","max-image-preview":"max-image-preview:large","max-video-preview":"max-video-preview:-1"},"canonical":"https:\/\/aflamo.shop\/fr\/p\/cheminee-murale-electrique-a-led-aflamo-albion-nh-36-sans-fonction-de-chauffage\/","og_locale":"fr_FR","og_type":"article","og_title":"Chemin\u00e9e murale \u00e9lectrique \u00e0 LED Aflamo Albion NH 36 sans fonction de chauffage - aflamo.shop - revendeur aflamo certifi\u00e9","og_description":"Chemin\u00e9e murale LED Albion NH \u2013 design moderne, surface en verre et cadre noir. Cr\u00e9e un effet de flamme sans la fonction de chauffage.","og_url":"https:\/\/aflamo.shop\/fr\/p\/cheminee-murale-electrique-a-led-aflamo-albion-nh-36-sans-fonction-de-chauffage\/","og_site_name":"aflamo.shop - revendeur aflamo certifi\u00e9","article_modified_time":"2026-04-17T11:16:54+00:00","og_image":[{"width":2248,"height":2248,"url":"https:\/\/aflamo.shop\/wp-content\/uploads\/2023\/09\/albion-95-czarny_sq.jpg","type":"image\/jpeg"}],"twitter_card":"summary_large_image","twitter_misc":{"Dur\u00e9e de lecture estim\u00e9e":"5 minutes"},"schema":{"@context":"https:\/\/schema.org","@graph":[{"@type":"WebPage","@id":"https:\/\/aflamo.shop\/fr\/p\/cheminee-murale-electrique-a-led-aflamo-albion-nh-36-sans-fonction-de-chauffage\/","url":"https:\/\/aflamo.shop\/fr\/p\/cheminee-murale-electrique-a-led-aflamo-albion-nh-36-sans-fonction-de-chauffage\/","name":"Chemin\u00e9e murale \u00e9lectrique \u00e0 LED Aflamo Albion NH 36 sans fonction de chauffage - aflamo.shop - revendeur aflamo certifi\u00e9","isPartOf":{"@id":"https:\/\/aflamo.shop\/fr\/#website"},"primaryImageOfPage":{"@id":"https:\/\/aflamo.shop\/fr\/p\/cheminee-murale-electrique-a-led-aflamo-albion-nh-36-sans-fonction-de-chauffage\/#primaryimage"},"image":{"@id":"https:\/\/aflamo.shop\/fr\/p\/cheminee-murale-electrique-a-led-aflamo-albion-nh-36-sans-fonction-de-chauffage\/#primaryimage"},"thumbnailUrl":"https:\/\/aflamo.shop\/wp-content\/uploads\/2023\/09\/albion-95-czarny_sq.jpg","datePublished":"2023-09-18T07:28:40+00:00","dateModified":"2026-04-17T11:16:54+00:00","description":"Chemin\u00e9e murale LED Albion NH \u2013 design moderne, surface en verre et cadre noir. Cr\u00e9e un effet de flamme sans la fonction de chauffage.","breadcrumb":{"@id":"https:\/\/aflamo.shop\/fr\/p\/cheminee-murale-electrique-a-led-aflamo-albion-nh-36-sans-fonction-de-chauffage\/#breadcrumb"},"inLanguage":"fr-FR","potentialAction":[{"@type":"ReadAction","target":["https:\/\/aflamo.shop\/fr\/p\/cheminee-murale-electrique-a-led-aflamo-albion-nh-36-sans-fonction-de-chauffage\/"]}]},{"@type":"ImageObject","inLanguage":"fr-FR","@id":"https:\/\/aflamo.shop\/fr\/p\/cheminee-murale-electrique-a-led-aflamo-albion-nh-36-sans-fonction-de-chauffage\/#primaryimage","url":"https:\/\/aflamo.shop\/wp-content\/uploads\/2023\/09\/albion-95-czarny_sq.jpg","contentUrl":"https:\/\/aflamo.shop\/wp-content\/uploads\/2023\/09\/albion-95-czarny_sq.jpg","width":2248,"height":2248},{"@type":"BreadcrumbList","@id":"https:\/\/aflamo.shop\/fr\/p\/cheminee-murale-electrique-a-led-aflamo-albion-nh-36-sans-fonction-de-chauffage\/#breadcrumb","itemListElement":[{"@type":"ListItem","position":1,"name":"Page d'accueil","item":"https:\/\/aflamo.shop\/fr\/"},{"@type":"ListItem","position":2,"name":"Boutique","item":"https:\/\/aflamo.shop\/boutique\/"},{"@type":"ListItem","position":3,"name":"Chemin\u00e9es \u00e9lectriques","item":"https:\/\/aflamo.shop\/fr\/s\/cheminees-electriques-fr\/"},{"@type":"ListItem","position":4,"name":"Chemin\u00e9e murale \u00e9lectrique \u00e0 LED Aflamo Albion NH 36 sans fonction de chauffage"}]},{"@type":"WebSite","@id":"https:\/\/aflamo.shop\/fr\/#website","url":"https:\/\/aflamo.shop\/fr\/","name":"aflamo.shop - revendeur aflamo certifi\u00e9","description":"Kominki elektryczne Aflamo i Emotion Flame z funkcj\u0105 grzania","publisher":{"@id":"https:\/\/aflamo.shop\/fr\/#organization"},"potentialAction":[{"@type":"SearchAction","target":{"@type":"EntryPoint","urlTemplate":"https:\/\/aflamo.shop\/fr\/?s={search_term_string}"},"query-input":{"@type":"PropertyValueSpecification","valueRequired":true,"valueName":"search_term_string"}}],"inLanguage":"fr-FR"},{"@type":"Organization","@id":"https:\/\/aflamo.shop\/fr\/#organization","name":"aflamo.shop - revendeur aflamo certifi\u00e9","url":"https:\/\/aflamo.shop\/fr\/","logo":{"@type":"ImageObject","inLanguage":"fr-FR","@id":"https:\/\/aflamo.shop\/fr\/#\/schema\/logo\/image\/","url":"https:\/\/aflamo.shop\/wp-content\/uploads\/2019\/10\/logo2.1-1-1.svg","contentUrl":"https:\/\/aflamo.shop\/wp-content\/uploads\/2019\/10\/logo2.1-1-1.svg","caption":"aflamo.shop - revendeur aflamo certifi\u00e9"},"image":{"@id":"https:\/\/aflamo.shop\/fr\/#\/schema\/logo\/image\/"}}]}},"_links":{"self":[{"href":"https:\/\/aflamo.shop\/fr\/wp-json\/wp\/v2\/product\/16085","targetHints":{"allow":["GET"]}}],"collection":[{"href":"https:\/\/aflamo.shop\/fr\/wp-json\/wp\/v2\/product"}],"about":[{"href":"https:\/\/aflamo.shop\/fr\/wp-json\/wp\/v2\/types\/product"}],"replies":[{"embeddable":true,"href":"https:\/\/aflamo.shop\/fr\/wp-json\/wp\/v2\/comments?post=16085"}],"wp:featuredmedia":[{"embeddable":true,"href":"https:\/\/aflamo.shop\/fr\/wp-json\/wp\/v2\/media\/16077"}],"wp:attachment":[{"href":"https:\/\/aflamo.shop\/fr\/wp-json\/wp\/v2\/media?parent=16085"}],"wp:term":[{"taxonomy":"product_brand","embeddable":true,"href":"https:\/\/aflamo.shop\/fr\/wp-json\/wp\/v2\/product_brand?post=16085"},{"taxonomy":"product_cat","embeddable":true,"href":"https:\/\/aflamo.shop\/fr\/wp-json\/wp\/v2\/product_cat?post=16085"},{"taxonomy":"product_tag","embeddable":true,"href":"https:\/\/aflamo.shop\/fr\/wp-json\/wp\/v2\/product_tag?post=16085"}],"curies":[{"name":"wp","href":"https:\/\/api.w.org\/{rel}","templated":true}]}}