{"id":16025,"date":"2023-09-18T10:49:27","date_gmt":"2023-09-18T10:49:27","guid":{"rendered":"https:\/\/aflamo.shop\/p\/aflamo-superb-60-cheminee-electrique-led-encastrable\/"},"modified":"2026-04-17T11:03:54","modified_gmt":"2026-04-17T11:03:54","slug":"aflamo-superb-60-cheminee-electrique-led-encastrable","status":"publish","type":"product","link":"https:\/\/aflamo.shop\/fr\/p\/aflamo-superb-60-cheminee-electrique-led-encastrable\/","title":{"rendered":"Aflamo Superb 60 &#8211; chemin\u00e9e \u00e9lectrique LED encastrable"},"content":{"rendered":"<p><iframe title=\"Lecteur vid\u00e9o YouTube\" src=\"https:\/\/www.youtube.com\/embed\/-60M7hiGr3g\" width=\"560\" height=\"315\" frameborder=\"0\" allowfullscreen=\"allowfullscreen\"><span data-mce-type=\"bookmark\" style=\"display: inline-block; width: 0px; overflow: hidden; line-height: 0;\" class=\"mce_SELRES_start\"><\/span><\/iframe><\/p>\n<h1>Superbe chemin\u00e9e &#8211; \u00e9l\u00e9gance, fonctionnalit\u00e9 et confort en un<\/h1>\n<p>Si vous recherchez une chemin\u00e9e qui non seulement cr\u00e9era une atmosph\u00e8re chaleureuse dans votre maison, mais deviendra \u00e9galement le point central de l&rsquo;int\u00e9rieur, la chemin\u00e9e Superb r\u00e9pondra plus que largement \u00e0 ces attentes. Son foyer \u00e0 <strong>trois faces<\/strong> est plus qu\u2019une simple chemin\u00e9e classique : c\u2019est une \u0153uvre d\u2019art moderne qui attire l\u2019attention sous tous les angles. La possibilit\u00e9 de choisir entre un d\u00e9veloppement sur un ou deux c\u00f4t\u00e9s en fait un \u00e9l\u00e9ment de design extr\u00eamement flexible, s&rsquo;adaptant parfaitement \u00e0 divers am\u00e9nagements int\u00e9rieurs.  <\/p>\n<h2>Caract\u00e9ristiques :<\/h2>\n<ul>\n<li><strong>Chemin\u00e9e \u00e0 trois faces : <\/strong>fait une impression impressionnante, s&rsquo;int\u00e9grant parfaitement dans le design int\u00e9rieur moderne.<\/li>\n<li><strong>Encastrable sur <\/strong>un ou deux c\u00f4t\u00e9s gr\u00e2ce \u00e0 des capuchons sp\u00e9ciaux inclus avec l&rsquo;insert, vous permettant d&rsquo;adapter le foyer \u00e0 votre espace.<\/li>\n<li><strong>Disponible dans de nombreuses tailles <\/strong>: 84 cm, 104 cm, 127 cm, 153 cm \u2013 choisissez le mod\u00e8le parfait pour votre int\u00e9rieur.<\/li>\n<\/ul>\n<p><img fetchpriority=\"high\" decoding=\"async\" class=\"aligncenter\" src=\"https:\/\/aflamo.shop\/wp-content\/uploads\/2023\/09\/Superb_33-40_right_1.jpg\" alt=\"Superbe chemin\u00e9e - Vue de droite\" width=\"383\" height=\"266\"><\/p>\n<h2>Installation:<\/h2>\n<ul>\n<li><strong>Le foyer est destin\u00e9 \u00e0 \u00eatre install\u00e9 uniquement en encastr\u00e9.<\/strong><\/li>\n<\/ul>\n<h2>Flamme :<\/h2>\n<ul>\n<li><strong>5 couleurs de flammes<\/strong> que vous pouvez changer librement, cr\u00e9ant une atmosph\u00e8re unique pour chaque occasion. Que vous pr\u00e9f\u00e9riez des tons de feu chauds et classiques ou des teintes plus modernes et froides, Superb vous permet d&rsquo;ajuster la flamme en fonction de votre humeur et de votre environnement. <\/li>\n<\/ul>\n<p><img decoding=\"async\" class=\"aligncenter\" src=\"https:\/\/aflamo.shop\/wp-content\/uploads\/2023\/05\/flames_superb.jpg\" alt=\"Superbe effet de flamme de chemin\u00e9e\" width=\"555\" height=\"425\"><\/p>\n<h2>Fourneau :<\/h2>\n<ul>\n<li><strong>Nouvelle qualit\u00e9 de la chemin\u00e9e :<\/strong>\n<ul>\n<li>Le foyer de la chemin\u00e9e est rempli de <strong>b\u00fbches en c\u00e9ramique <\/strong>qui ressemblent \u00e0 de vraies b\u00fbches de bois.<\/li>\n<\/ul>\n<\/li>\n<\/ul>\n<p><img decoding=\"async\" class=\"aligncenter\" src=\"https:\/\/aflamo.shop\/wp-content\/uploads\/2023\/09\/Superb_logs_closeup.jpg\" alt=\"Gros plan du foyer de la superbe chemin\u00e9e\" width=\"492\" height=\"300\"><\/p>\n<ul>\n<li><strong>L&rsquo;ensemble comprend 2 types de foyer :<\/strong> b\u00fbches d&rsquo;aspect naturel ou cristaux modernes.<\/li>\n<\/ul>\n<p><img loading=\"lazy\" decoding=\"async\" class=\"aligncenter\" src=\"https:\/\/aflamo.shop\/wp-content\/uploads\/2024\/06\/polana_krysztaly-e1603875138523.png\" alt=\"B\u00fbche et cristaux dans la superbe chemin\u00e9e\" width=\"413\" height=\"297\"><\/p>\n<ul>\n<li><strong>5 couleurs d&rsquo;\u00e9clairage du foyer<\/strong> permettent une personnalisation encore plus grande de l&rsquo;effet visuel.<\/li>\n<\/ul>\n<h2>Chauffage:<\/h2>\n<ul>\n<li><strong>Fonction de chauffage ind\u00e9pendante <\/strong>\u2013 l\u2019effet de flamme fonctionne ind\u00e9pendamment du chauffage, vous permettant d\u2019utiliser la chemin\u00e9e toute l\u2019ann\u00e9e.<\/li>\n<li><strong>Deux niveaux de puissance de chauffage :<\/strong> 750W et 1500W.<\/li>\n<li><strong>Thermostat <\/strong>avec temp\u00e9rature r\u00e9glable de 18\u00b0C \u200b\u200b\u00e0 30\u00b0C.<\/li>\n<li><strong>Une protection contre la surchauffe<\/strong> et <strong>un capteur de fen\u00eatre ouverte garantissent <\/strong>une s\u00e9curit\u00e9 d&rsquo;utilisation totale.<\/li>\n<\/ul>\n<h2>Confort et commodit\u00e9 :<\/h2>\n<ul>\n<li><strong>La chemin\u00e9e est contr\u00f4l\u00e9e par une t\u00e9l\u00e9commande<\/strong>, ce qui rend son utilisation extr\u00eamement simple.<\/li>\n<li>La fonction moderne <strong>d&rsquo;\u00e9vacuation de la chaleur<\/strong> vous permet de chauffer rapidement la pi\u00e8ce et de maintenir une temp\u00e9rature confortable.<\/li>\n<li><strong>La minuterie vous permet<\/strong> d&rsquo;\u00e9teindre automatiquement le foyer \u2013 r\u00e9glez l&rsquo;heure appropri\u00e9e et profitez du calme et de la tranquillit\u00e9.<\/li>\n<\/ul>\n<p>La chemin\u00e9e Superb est une combinaison parfaite de design moderne, de confort et de fonctionnalit\u00e9 qui ajoutera chaleur et style \u00e0 n&rsquo;importe quel int\u00e9rieur.<\/p>\n<ul><strong><\/p>\n<p><a href=\"https:\/\/aflamo.shop\/wp-content\/uploads\/2024\/11\/Aflamo-SUPERB-manual_EN-PL-NL-3.pdf\">Manuel d&rsquo;utilisation et documents de s\u00e9curit\u00e9<\/a><\/p>\n<p><\/strong><\/ul>\n<h2>Dessins techniques :<\/h2>\n<p><strong>Superb 33<\/strong><\/p>\n<p><img loading=\"lazy\" decoding=\"async\" class=\"aligncenter wp-image-11110 size-full\" src=\"https:\/\/aflamo.shop\/wp-content\/uploads\/2023\/09\/firefox_7MO15kWc9v.png\" alt=\"\" width=\"1721\" height=\"1220\" srcset=\"https:\/\/aflamo.shop\/wp-content\/uploads\/2023\/09\/firefox_7MO15kWc9v.png 1721w, https:\/\/aflamo.shop\/wp-content\/uploads\/2023\/09\/firefox_7MO15kWc9v-600x425.png 600w, https:\/\/aflamo.shop\/wp-content\/uploads\/2023\/09\/firefox_7MO15kWc9v-300x213.png 300w, https:\/\/aflamo.shop\/wp-content\/uploads\/2023\/09\/firefox_7MO15kWc9v-1024x726.png 1024w, https:\/\/aflamo.shop\/wp-content\/uploads\/2023\/09\/firefox_7MO15kWc9v-768x544.png 768w, https:\/\/aflamo.shop\/wp-content\/uploads\/2023\/09\/firefox_7MO15kWc9v-1536x1089.png 1536w\" sizes=\"(max-width: 1721px) 100vw, 1721px\" \/><\/p>\n<p><strong>Superb 40<\/strong><\/p>\n<p><img loading=\"lazy\" decoding=\"async\" class=\"aligncenter wp-image-11113 size-full\" src=\"https:\/\/aflamo.shop\/wp-content\/uploads\/2023\/09\/firefox_yTV5uPUkPu.png\" alt=\"\" width=\"1723\" height=\"1215\" srcset=\"https:\/\/aflamo.shop\/wp-content\/uploads\/2023\/09\/firefox_yTV5uPUkPu.png 1723w, https:\/\/aflamo.shop\/wp-content\/uploads\/2023\/09\/firefox_yTV5uPUkPu-600x423.png 600w, https:\/\/aflamo.shop\/wp-content\/uploads\/2023\/09\/firefox_yTV5uPUkPu-300x212.png 300w, https:\/\/aflamo.shop\/wp-content\/uploads\/2023\/09\/firefox_yTV5uPUkPu-1024x722.png 1024w, https:\/\/aflamo.shop\/wp-content\/uploads\/2023\/09\/firefox_yTV5uPUkPu-768x542.png 768w, https:\/\/aflamo.shop\/wp-content\/uploads\/2023\/09\/firefox_yTV5uPUkPu-1536x1083.png 1536w\" sizes=\"(max-width: 1723px) 100vw, 1723px\" \/><\/p>\n<p>&nbsp;<\/p>\n<p><strong>Superb 50<\/strong><\/p>\n<p><img loading=\"lazy\" decoding=\"async\" class=\"aligncenter wp-image-11116 size-full\" src=\"https:\/\/aflamo.shop\/wp-content\/uploads\/2023\/09\/Superb_50.png\" alt=\"\" width=\"1306\" height=\"820\" srcset=\"https:\/\/aflamo.shop\/wp-content\/uploads\/2023\/09\/Superb_50.png 1306w, https:\/\/aflamo.shop\/wp-content\/uploads\/2023\/09\/Superb_50-600x377.png 600w, https:\/\/aflamo.shop\/wp-content\/uploads\/2023\/09\/Superb_50-300x188.png 300w, https:\/\/aflamo.shop\/wp-content\/uploads\/2023\/09\/Superb_50-1024x643.png 1024w, https:\/\/aflamo.shop\/wp-content\/uploads\/2023\/09\/Superb_50-768x482.png 768w\" sizes=\"(max-width: 1306px) 100vw, 1306px\" \/><\/p>\n<p><strong>Superb 60<\/strong><\/p>\n<p><img loading=\"lazy\" decoding=\"async\" class=\"aligncenter wp-image-11107 size-full\" src=\"https:\/\/aflamo.shop\/wp-content\/uploads\/2023\/09\/Superb_60.png\" alt=\"\" width=\"1306\" height=\"693\" srcset=\"https:\/\/aflamo.shop\/wp-content\/uploads\/2023\/09\/Superb_60.png 1306w, https:\/\/aflamo.shop\/wp-content\/uploads\/2023\/09\/Superb_60-600x318.png 600w, https:\/\/aflamo.shop\/wp-content\/uploads\/2023\/09\/Superb_60-300x159.png 300w, https:\/\/aflamo.shop\/wp-content\/uploads\/2023\/09\/Superb_60-1024x543.png 1024w, https:\/\/aflamo.shop\/wp-content\/uploads\/2023\/09\/Superb_60-768x408.png 768w\" sizes=\"(max-width: 1306px) 100vw, 1306px\" \/><\/p>\n<p>&nbsp;<\/p>\n","protected":false},"excerpt":{"rendered":"<p>Fabricant : Aflamo<\/p>\n<p>GETIN: 5908283562084<\/p>\n<p>Chemin\u00e9e \u00e9lectrique LED encastr\u00e9e<\/p>\n<p><b>Mod\u00e8le :<\/b><\/p>\n<ul>\n<li><a href=\"https:\/\/aflamo.shop\/fr\/p\/aflamo-superb-33-cheminee-electrique-led-encastrable\/\">33<\/a><\/li>\n<li><a href=\"https:\/\/aflamo.shop\/fr\/p\/aflamo-superb-40-cheminee-electrique-led-encastrable\/\">40<\/a><\/li>\n<li><a href=\"https:\/\/aflamo.shop\/fr\/p\/aflamo-superb-50-cheminee-electrique-led-encastrable\/\">50<\/a><\/li>\n<li><a href=\"https:\/\/aflamo.shop\/fr\/p\/aflamo-superb-60-cheminee-electrique-led-encastrable\/\">60<\/a><\/li>\n<\/ul>\n<p><b>Dimensions <\/b>: 152 x 54 x 33 cm<\/b><\/p>\n","protected":false},"featured_media":16026,"comment_status":"open","ping_status":"closed","template":"","meta":[],"product_brand":[],"product_cat":[770,170,772,881,771,773],"product_tag":[],"class_list":{"0":"post-16025","1":"product","2":"type-product","3":"status-publish","4":"has-post-thumbnail","6":"product_cat-aflamo-fr","7":"product_cat-cheminees-electriques-fr","8":"product_cat-cheminees-electriques-a-led-avec-fonction-de-chauffage","9":"product_cat-cheminees-electriques-led-a-trois-faces","10":"product_cat-cheminees-electriques-led-encastrees","11":"product_cat-inserts-electriques-led","13":"first","14":"instock","15":"shipping-taxable","16":"purchasable","17":"product-type-simple"},"yoast_head":"<!-- This site is optimized with the Yoast SEO plugin v27.4 - https:\/\/yoast.com\/product\/yoast-seo-wordpress\/ -->\n<title>Aflamo Superb 60 - chemin\u00e9e \u00e9lectrique LED encastrable - aflamo.shop - revendeur aflamo certifi\u00e9<\/title>\n<meta name=\"description\" content=\"Superbe chemin\u00e9e \u2013 \u00e9l\u00e9gance, fonctionnalit\u00e9 et confort. Chemin\u00e9e \u00e0 trois faces, construction flexible et design moderne, parfaite pour tout int\u00e9rieur.\" \/>\n<meta name=\"robots\" content=\"index, follow, max-snippet:-1, max-image-preview:large, max-video-preview:-1\" \/>\n<link rel=\"canonical\" href=\"https:\/\/aflamo.shop\/fr\/p\/aflamo-superb-60-cheminee-electrique-led-encastrable\/\" \/>\n<meta property=\"og:locale\" content=\"fr_FR\" \/>\n<meta property=\"og:type\" content=\"article\" \/>\n<meta property=\"og:title\" content=\"Aflamo Superb 60 - chemin\u00e9e \u00e9lectrique LED encastrable - aflamo.shop - revendeur aflamo certifi\u00e9\" \/>\n<meta property=\"og:description\" content=\"Superbe chemin\u00e9e \u2013 \u00e9l\u00e9gance, fonctionnalit\u00e9 et confort. Chemin\u00e9e \u00e0 trois faces, construction flexible et design moderne, parfaite pour tout int\u00e9rieur.\" \/>\n<meta property=\"og:url\" content=\"https:\/\/aflamo.shop\/fr\/p\/aflamo-superb-60-cheminee-electrique-led-encastrable\/\" \/>\n<meta property=\"og:site_name\" content=\"aflamo.shop - revendeur aflamo certifi\u00e9\" \/>\n<meta property=\"article:modified_time\" content=\"2026-04-17T11:03:54+00:00\" \/>\n<meta property=\"og:image\" content=\"https:\/\/aflamo.shop\/wp-content\/uploads\/2023\/09\/resize_9654f5a4ab8add5ddb1aca0b2488feab-5.jpg\" \/>\n\t<meta property=\"og:image:width\" content=\"265\" \/>\n\t<meta property=\"og:image:height\" content=\"200\" \/>\n\t<meta property=\"og:image:type\" content=\"image\/jpeg\" \/>\n<meta name=\"twitter:card\" content=\"summary_large_image\" \/>\n<meta name=\"twitter:label1\" content=\"Dur\u00e9e de lecture estim\u00e9e\" \/>\n\t<meta name=\"twitter:data1\" content=\"5 minutes\" \/>\n<script type=\"application\/ld+json\" class=\"yoast-schema-graph\">{\"@context\":\"https:\\\/\\\/schema.org\",\"@graph\":[{\"@type\":\"WebPage\",\"@id\":\"https:\\\/\\\/aflamo.shop\\\/fr\\\/p\\\/aflamo-superb-60-cheminee-electrique-led-encastrable\\\/\",\"url\":\"https:\\\/\\\/aflamo.shop\\\/fr\\\/p\\\/aflamo-superb-60-cheminee-electrique-led-encastrable\\\/\",\"name\":\"Aflamo Superb 60 - chemin\u00e9e \u00e9lectrique LED encastrable - aflamo.shop - revendeur aflamo certifi\u00e9\",\"isPartOf\":{\"@id\":\"https:\\\/\\\/aflamo.shop\\\/fr\\\/#website\"},\"primaryImageOfPage\":{\"@id\":\"https:\\\/\\\/aflamo.shop\\\/fr\\\/p\\\/aflamo-superb-60-cheminee-electrique-led-encastrable\\\/#primaryimage\"},\"image\":{\"@id\":\"https:\\\/\\\/aflamo.shop\\\/fr\\\/p\\\/aflamo-superb-60-cheminee-electrique-led-encastrable\\\/#primaryimage\"},\"thumbnailUrl\":\"https:\\\/\\\/aflamo.shop\\\/wp-content\\\/uploads\\\/2023\\\/09\\\/resize_9654f5a4ab8add5ddb1aca0b2488feab-5.jpg\",\"datePublished\":\"2023-09-18T10:49:27+00:00\",\"dateModified\":\"2026-04-17T11:03:54+00:00\",\"description\":\"Superbe chemin\u00e9e \u2013 \u00e9l\u00e9gance, fonctionnalit\u00e9 et confort. Chemin\u00e9e \u00e0 trois faces, construction flexible et design moderne, parfaite pour tout int\u00e9rieur.\",\"breadcrumb\":{\"@id\":\"https:\\\/\\\/aflamo.shop\\\/fr\\\/p\\\/aflamo-superb-60-cheminee-electrique-led-encastrable\\\/#breadcrumb\"},\"inLanguage\":\"fr-FR\",\"potentialAction\":[{\"@type\":\"ReadAction\",\"target\":[\"https:\\\/\\\/aflamo.shop\\\/fr\\\/p\\\/aflamo-superb-60-cheminee-electrique-led-encastrable\\\/\"]}]},{\"@type\":\"ImageObject\",\"inLanguage\":\"fr-FR\",\"@id\":\"https:\\\/\\\/aflamo.shop\\\/fr\\\/p\\\/aflamo-superb-60-cheminee-electrique-led-encastrable\\\/#primaryimage\",\"url\":\"https:\\\/\\\/aflamo.shop\\\/wp-content\\\/uploads\\\/2023\\\/09\\\/resize_9654f5a4ab8add5ddb1aca0b2488feab-5.jpg\",\"contentUrl\":\"https:\\\/\\\/aflamo.shop\\\/wp-content\\\/uploads\\\/2023\\\/09\\\/resize_9654f5a4ab8add5ddb1aca0b2488feab-5.jpg\",\"width\":265,\"height\":200},{\"@type\":\"BreadcrumbList\",\"@id\":\"https:\\\/\\\/aflamo.shop\\\/fr\\\/p\\\/aflamo-superb-60-cheminee-electrique-led-encastrable\\\/#breadcrumb\",\"itemListElement\":[{\"@type\":\"ListItem\",\"position\":1,\"name\":\"Page d'accueil\",\"item\":\"https:\\\/\\\/aflamo.shop\\\/fr\\\/\"},{\"@type\":\"ListItem\",\"position\":2,\"name\":\"Boutique\",\"item\":\"https:\\\/\\\/aflamo.shop\\\/boutique\\\/\"},{\"@type\":\"ListItem\",\"position\":3,\"name\":\"Chemin\u00e9es \u00e9lectriques\",\"item\":\"https:\\\/\\\/aflamo.shop\\\/fr\\\/s\\\/cheminees-electriques-fr\\\/\"},{\"@type\":\"ListItem\",\"position\":4,\"name\":\"Aflamo Superb 60 &#8211; chemin\u00e9e \u00e9lectrique LED encastrable\"}]},{\"@type\":\"WebSite\",\"@id\":\"https:\\\/\\\/aflamo.shop\\\/fr\\\/#website\",\"url\":\"https:\\\/\\\/aflamo.shop\\\/fr\\\/\",\"name\":\"aflamo.shop - revendeur aflamo certifi\u00e9\",\"description\":\"Kominki elektryczne Aflamo i Emotion Flame z funkcj\u0105 grzania\",\"publisher\":{\"@id\":\"https:\\\/\\\/aflamo.shop\\\/fr\\\/#organization\"},\"potentialAction\":[{\"@type\":\"SearchAction\",\"target\":{\"@type\":\"EntryPoint\",\"urlTemplate\":\"https:\\\/\\\/aflamo.shop\\\/fr\\\/?s={search_term_string}\"},\"query-input\":{\"@type\":\"PropertyValueSpecification\",\"valueRequired\":true,\"valueName\":\"search_term_string\"}}],\"inLanguage\":\"fr-FR\"},{\"@type\":\"Organization\",\"@id\":\"https:\\\/\\\/aflamo.shop\\\/fr\\\/#organization\",\"name\":\"aflamo.shop - revendeur aflamo certifi\u00e9\",\"url\":\"https:\\\/\\\/aflamo.shop\\\/fr\\\/\",\"logo\":{\"@type\":\"ImageObject\",\"inLanguage\":\"fr-FR\",\"@id\":\"https:\\\/\\\/aflamo.shop\\\/fr\\\/#\\\/schema\\\/logo\\\/image\\\/\",\"url\":\"https:\\\/\\\/aflamo.shop\\\/wp-content\\\/uploads\\\/2019\\\/10\\\/logo2.1-1-1.svg\",\"contentUrl\":\"https:\\\/\\\/aflamo.shop\\\/wp-content\\\/uploads\\\/2019\\\/10\\\/logo2.1-1-1.svg\",\"caption\":\"aflamo.shop - revendeur aflamo certifi\u00e9\"},\"image\":{\"@id\":\"https:\\\/\\\/aflamo.shop\\\/fr\\\/#\\\/schema\\\/logo\\\/image\\\/\"}}]}<\/script>\n<!-- \/ Yoast SEO plugin. -->","yoast_head_json":{"title":"Aflamo Superb 60 - chemin\u00e9e \u00e9lectrique LED encastrable - aflamo.shop - revendeur aflamo certifi\u00e9","description":"Superbe chemin\u00e9e \u2013 \u00e9l\u00e9gance, fonctionnalit\u00e9 et confort. Chemin\u00e9e \u00e0 trois faces, construction flexible et design moderne, parfaite pour tout int\u00e9rieur.","robots":{"index":"index","follow":"follow","max-snippet":"max-snippet:-1","max-image-preview":"max-image-preview:large","max-video-preview":"max-video-preview:-1"},"canonical":"https:\/\/aflamo.shop\/fr\/p\/aflamo-superb-60-cheminee-electrique-led-encastrable\/","og_locale":"fr_FR","og_type":"article","og_title":"Aflamo Superb 60 - chemin\u00e9e \u00e9lectrique LED encastrable - aflamo.shop - revendeur aflamo certifi\u00e9","og_description":"Superbe chemin\u00e9e \u2013 \u00e9l\u00e9gance, fonctionnalit\u00e9 et confort. Chemin\u00e9e \u00e0 trois faces, construction flexible et design moderne, parfaite pour tout int\u00e9rieur.","og_url":"https:\/\/aflamo.shop\/fr\/p\/aflamo-superb-60-cheminee-electrique-led-encastrable\/","og_site_name":"aflamo.shop - revendeur aflamo certifi\u00e9","article_modified_time":"2026-04-17T11:03:54+00:00","og_image":[{"width":265,"height":200,"url":"https:\/\/aflamo.shop\/wp-content\/uploads\/2023\/09\/resize_9654f5a4ab8add5ddb1aca0b2488feab-5.jpg","type":"image\/jpeg"}],"twitter_card":"summary_large_image","twitter_misc":{"Dur\u00e9e de lecture estim\u00e9e":"5 minutes"},"schema":{"@context":"https:\/\/schema.org","@graph":[{"@type":"WebPage","@id":"https:\/\/aflamo.shop\/fr\/p\/aflamo-superb-60-cheminee-electrique-led-encastrable\/","url":"https:\/\/aflamo.shop\/fr\/p\/aflamo-superb-60-cheminee-electrique-led-encastrable\/","name":"Aflamo Superb 60 - chemin\u00e9e \u00e9lectrique LED encastrable - aflamo.shop - revendeur aflamo certifi\u00e9","isPartOf":{"@id":"https:\/\/aflamo.shop\/fr\/#website"},"primaryImageOfPage":{"@id":"https:\/\/aflamo.shop\/fr\/p\/aflamo-superb-60-cheminee-electrique-led-encastrable\/#primaryimage"},"image":{"@id":"https:\/\/aflamo.shop\/fr\/p\/aflamo-superb-60-cheminee-electrique-led-encastrable\/#primaryimage"},"thumbnailUrl":"https:\/\/aflamo.shop\/wp-content\/uploads\/2023\/09\/resize_9654f5a4ab8add5ddb1aca0b2488feab-5.jpg","datePublished":"2023-09-18T10:49:27+00:00","dateModified":"2026-04-17T11:03:54+00:00","description":"Superbe chemin\u00e9e \u2013 \u00e9l\u00e9gance, fonctionnalit\u00e9 et confort. Chemin\u00e9e \u00e0 trois faces, construction flexible et design moderne, parfaite pour tout int\u00e9rieur.","breadcrumb":{"@id":"https:\/\/aflamo.shop\/fr\/p\/aflamo-superb-60-cheminee-electrique-led-encastrable\/#breadcrumb"},"inLanguage":"fr-FR","potentialAction":[{"@type":"ReadAction","target":["https:\/\/aflamo.shop\/fr\/p\/aflamo-superb-60-cheminee-electrique-led-encastrable\/"]}]},{"@type":"ImageObject","inLanguage":"fr-FR","@id":"https:\/\/aflamo.shop\/fr\/p\/aflamo-superb-60-cheminee-electrique-led-encastrable\/#primaryimage","url":"https:\/\/aflamo.shop\/wp-content\/uploads\/2023\/09\/resize_9654f5a4ab8add5ddb1aca0b2488feab-5.jpg","contentUrl":"https:\/\/aflamo.shop\/wp-content\/uploads\/2023\/09\/resize_9654f5a4ab8add5ddb1aca0b2488feab-5.jpg","width":265,"height":200},{"@type":"BreadcrumbList","@id":"https:\/\/aflamo.shop\/fr\/p\/aflamo-superb-60-cheminee-electrique-led-encastrable\/#breadcrumb","itemListElement":[{"@type":"ListItem","position":1,"name":"Page d'accueil","item":"https:\/\/aflamo.shop\/fr\/"},{"@type":"ListItem","position":2,"name":"Boutique","item":"https:\/\/aflamo.shop\/boutique\/"},{"@type":"ListItem","position":3,"name":"Chemin\u00e9es \u00e9lectriques","item":"https:\/\/aflamo.shop\/fr\/s\/cheminees-electriques-fr\/"},{"@type":"ListItem","position":4,"name":"Aflamo Superb 60 &#8211; chemin\u00e9e \u00e9lectrique LED encastrable"}]},{"@type":"WebSite","@id":"https:\/\/aflamo.shop\/fr\/#website","url":"https:\/\/aflamo.shop\/fr\/","name":"aflamo.shop - revendeur aflamo certifi\u00e9","description":"Kominki elektryczne Aflamo i Emotion Flame z funkcj\u0105 grzania","publisher":{"@id":"https:\/\/aflamo.shop\/fr\/#organization"},"potentialAction":[{"@type":"SearchAction","target":{"@type":"EntryPoint","urlTemplate":"https:\/\/aflamo.shop\/fr\/?s={search_term_string}"},"query-input":{"@type":"PropertyValueSpecification","valueRequired":true,"valueName":"search_term_string"}}],"inLanguage":"fr-FR"},{"@type":"Organization","@id":"https:\/\/aflamo.shop\/fr\/#organization","name":"aflamo.shop - revendeur aflamo certifi\u00e9","url":"https:\/\/aflamo.shop\/fr\/","logo":{"@type":"ImageObject","inLanguage":"fr-FR","@id":"https:\/\/aflamo.shop\/fr\/#\/schema\/logo\/image\/","url":"https:\/\/aflamo.shop\/wp-content\/uploads\/2019\/10\/logo2.1-1-1.svg","contentUrl":"https:\/\/aflamo.shop\/wp-content\/uploads\/2019\/10\/logo2.1-1-1.svg","caption":"aflamo.shop - revendeur aflamo certifi\u00e9"},"image":{"@id":"https:\/\/aflamo.shop\/fr\/#\/schema\/logo\/image\/"}}]}},"_links":{"self":[{"href":"https:\/\/aflamo.shop\/fr\/wp-json\/wp\/v2\/product\/16025","targetHints":{"allow":["GET"]}}],"collection":[{"href":"https:\/\/aflamo.shop\/fr\/wp-json\/wp\/v2\/product"}],"about":[{"href":"https:\/\/aflamo.shop\/fr\/wp-json\/wp\/v2\/types\/product"}],"replies":[{"embeddable":true,"href":"https:\/\/aflamo.shop\/fr\/wp-json\/wp\/v2\/comments?post=16025"}],"wp:featuredmedia":[{"embeddable":true,"href":"https:\/\/aflamo.shop\/fr\/wp-json\/wp\/v2\/media\/16026"}],"wp:attachment":[{"href":"https:\/\/aflamo.shop\/fr\/wp-json\/wp\/v2\/media?parent=16025"}],"wp:term":[{"taxonomy":"product_brand","embeddable":true,"href":"https:\/\/aflamo.shop\/fr\/wp-json\/wp\/v2\/product_brand?post=16025"},{"taxonomy":"product_cat","embeddable":true,"href":"https:\/\/aflamo.shop\/fr\/wp-json\/wp\/v2\/product_cat?post=16025"},{"taxonomy":"product_tag","embeddable":true,"href":"https:\/\/aflamo.shop\/fr\/wp-json\/wp\/v2\/product_tag?post=16025"}],"curies":[{"name":"wp","href":"https:\/\/api.w.org\/{rel}","templated":true}]}}