{"id":15994,"date":"2023-09-28T10:37:51","date_gmt":"2023-09-28T10:37:51","guid":{"rendered":"https:\/\/aflamo.shop\/p\/aflamo-dame-noir-cheminee-electrique-led-murale-encastrable-avec-fonction-chauffage\/"},"modified":"2026-04-17T10:59:26","modified_gmt":"2026-04-17T10:59:26","slug":"aflamo-dame-noir-cheminee-electrique-led-murale-encastrable-avec-fonction-chauffage","status":"publish","type":"product","link":"https:\/\/aflamo.shop\/fr\/p\/aflamo-dame-noir-cheminee-electrique-led-murale-encastrable-avec-fonction-chauffage\/","title":{"rendered":"Aflamo Dame noir &#8211; chemin\u00e9e \u00e9lectrique LED murale\/encastrable avec fonction chauffage"},"content":{"rendered":"<p><iframe title=\"Lecteur vid\u00e9o YouTube\" src=\"https:\/\/www.youtube.com\/embed\/pcFJI3Lg2cw?si=U5TPiJshVTzytwTN\" width=\"560\" height=\"315\" frameborder=\"0\" allowfullscreen=\"allowfullscreen\"><span data-mce-type=\"bookmark\" style=\"display: inline-block; width: 0px; overflow: hidden; line-height: 0;\" class=\"mce_SELRES_start\"><\/span><\/iframe><\/p>\n<h3><strong>Chemin\u00e9e \u00e9lectrique \u00e0 LED Dame \u2013 Modernit\u00e9 et \u00e9l\u00e9gance dans votre maison<\/strong><\/h3>\n<p><strong>La chemin\u00e9e \u00e9lectrique \u00e0 LED Dame<\/strong> est un choix unique pour ceux qui souhaitent combiner design moderne, fonctionnalit\u00e9 et confort. Cette chemin\u00e9e murale verticale \u00e0 trois c\u00f4t\u00e9s deviendra le point central de tout int\u00e9rieur, offrant chaleur et atmosph\u00e8re unique. <\/p>\n<h4><strong>Caract\u00e9ristiques :<\/strong><\/h4>\n<h4><strong>Effet de flamme et chemin\u00e9e :<\/strong><\/h4>\n<ul>\n<li><strong>7 couleurs de flamme<\/strong> : adaptez l&rsquo;\u00e9clairage \u00e0 votre humeur.<\/li>\n<li><strong>13 couleurs d&rsquo;\u00e9clairage de chemin\u00e9e<\/strong> : une vari\u00e9t\u00e9 d&rsquo;effets d&rsquo;\u00e9clairage qui ajoutent de la profondeur et du charme.<\/li>\n<li><strong>5 niveaux de luminosit\u00e9 <\/strong>: de la lueur subtile aux flammes intenses.<\/li>\n<\/ul>\n<p><img fetchpriority=\"high\" decoding=\"async\" class=\"aligncenter wp-image-11269 size-full\" src=\"https:\/\/aflamo.shop\/wp-content\/uploads\/2023\/09\/flames_2x3-1-1-1.jpg\" alt=\"Effet de flamme\" width=\"555\" height=\"425\" srcset=\"https:\/\/aflamo.shop\/wp-content\/uploads\/2023\/09\/flames_2x3-1-1-1.jpg 555w, https:\/\/aflamo.shop\/wp-content\/uploads\/2023\/09\/flames_2x3-1-1-1-300x230.jpg 300w\" sizes=\"(max-width: 555px) 100vw, 555px\" \/><\/p>\n<ul>\n<li><strong>2 types de chemin\u00e9e inclus<\/strong> : B\u00fbche et cristaux \u2013 choisissez le style qui convient le mieux \u00e0 votre int\u00e9rieur.<\/li>\n<\/ul>\n<p><img decoding=\"async\" class=\"aligncenter wp-image-10691 size-full\" src=\"https:\/\/aflamo.shop\/wp-content\/uploads\/2024\/06\/polana_krysztaly-e1603875138523.png\" alt=\"Chemin\u00e9e - Clairi\u00e8re et Cristaux\" width=\"413\" height=\"297\" srcset=\"https:\/\/aflamo.shop\/wp-content\/uploads\/2024\/06\/polana_krysztaly-e1603875138523.png 413w, https:\/\/aflamo.shop\/wp-content\/uploads\/2024\/06\/polana_krysztaly-e1603875138523-300x216.png 300w\" sizes=\"(max-width: 413px) 100vw, 413px\" \/><\/p>\n<ul>\n<li><strong>Foyer \u00e0 trois c\u00f4t\u00e9s<\/strong> : Permet de profiter de la vue des flammes sous diff\u00e9rents angles, cr\u00e9ant une atmosph\u00e8re efficace et chaleureuse.<\/li>\n<li><strong>B\u00fbches en c\u00e9ramique <\/strong>: R\u00e9alistes, durables et esth\u00e9tiques, elles ajoutent un look authentique \u00e0 votre chemin\u00e9e.<\/li>\n<\/ul>\n<p><img decoding=\"async\" class=\"aligncenter wp-image-8902 size-full\" src=\"https:\/\/aflamo.shop\/wp-content\/uploads\/2023\/08\/Unique_NH_logs_closeup.jpg\" alt=\"Ceramiczne polana\" width=\"492\" height=\"300\" srcset=\"https:\/\/aflamo.shop\/wp-content\/uploads\/2023\/08\/Unique_NH_logs_closeup.jpg 492w, https:\/\/aflamo.shop\/wp-content\/uploads\/2023\/08\/Unique_NH_logs_closeup-300x183.jpg 300w\" sizes=\"(max-width: 492px) 100vw, 492px\" \/><\/p>\n<ul>\n<li><strong>Couleurs disponibles<\/strong> : L&rsquo;\u00e9l\u00e9gance classique du noir et la fra\u00eecheur moderne du blanc.<\/li>\n<\/ul>\n<p><img loading=\"lazy\" decoding=\"async\" class=\"aligncenter wp-image-9921 size-full\" src=\"https:\/\/aflamo.shop\/wp-content\/uploads\/2023\/09\/unique_Dame_black-white.jpg\" alt=\"Couleurs disponibles\" width=\"700\" height=\"700\" srcset=\"https:\/\/aflamo.shop\/wp-content\/uploads\/2023\/09\/unique_Dame_black-white.jpg 700w, https:\/\/aflamo.shop\/wp-content\/uploads\/2023\/09\/unique_Dame_black-white-300x300.jpg 300w, https:\/\/aflamo.shop\/wp-content\/uploads\/2023\/09\/unique_Dame_black-white-100x100.jpg 100w, https:\/\/aflamo.shop\/wp-content\/uploads\/2023\/09\/unique_Dame_black-white-600x600.jpg 600w, https:\/\/aflamo.shop\/wp-content\/uploads\/2023\/09\/unique_Dame_black-white-150x150.jpg 150w\" sizes=\"(max-width: 700px) 100vw, 700px\" \/><\/p>\n<h4><strong>Montage facile :<\/strong><\/h4>\n<ol>\n<li>Montez le cintre sur le mur.<\/li>\n<li>Accrocher la chemin\u00e9e.<\/li>\n<li>Profitez de son atmosph\u00e8re unique \u00e0 tout moment.<\/li>\n<\/ol>\n<h4><strong>Fonctions de chauffage :<\/strong><\/h4>\n<ul>\n<li><strong>Deux niveaux de puissance de chauffage <\/strong>: 750W et 1500W, pour un confort thermique total.<\/li>\n<li><strong>Thermostat num\u00e9rique<\/strong> : R\u00e9glage de la temp\u00e9rature de 18\u00b0C \u200b\u200b\u00e0 27\u00b0C.<\/li>\n<li><strong>Capteur de fen\u00eatre ouverte : <\/strong>s&rsquo;\u00e9teint automatiquement lorsqu&rsquo;il d\u00e9tecte une baisse de temp\u00e9rature caus\u00e9e par l&rsquo;ouverture d&rsquo;une fen\u00eatre.<\/li>\n<li><strong>Protection contre la surchauffe <\/strong>: S\u00e9curit\u00e9 garantie.<\/li>\n<\/ul>\n<h4><strong>Confort et commodit\u00e9 :<\/strong><\/h4>\n<ul>\n<li><strong>T\u00e9l\u00e9commande :<\/strong> contr\u00f4lez facilement votre chemin\u00e9e depuis n&rsquo;importe o\u00f9 dans la pi\u00e8ce.<\/li>\n<li><strong>Fonction minute<\/strong>rie : r\u00e9glez l&rsquo;arr\u00eat automatique pour \u00e9conomiser de l&rsquo;\u00e9nergie.<\/li>\n<li><strong>Programmateur hebdomadaire : <\/strong>Personnalisez le fonctionnement de votre chemin\u00e9e selon votre emploi du temps.<\/li>\n<\/ul>\n<h3><strong>R\u00e9sum\u00e9<\/strong><\/h3>\n<p>Le foyer \u00e9lectrique \u00e0 LED <strong>Dame<\/strong> est une combinaison harmonieuse de style, de confort et de s\u00e9curit\u00e9. Gr\u00e2ce \u00e0<strong> la chemin\u00e9e \u00e0 trois faces<\/strong> et <strong>aux b\u00fbches en c\u00e9ramique<\/strong>, il apporte une atmosph\u00e8re et une \u00e9l\u00e9gance uniques \u00e0 l&rsquo;int\u00e9rieur. Parfait pour les personnes qui souhaitent donner \u00e0 leur maison un caract\u00e8re moderne sans renoncer \u00e0 la chaleur et au confort. C&rsquo;est un excellent moyen de cr\u00e9er une atmosph\u00e8re de feu de camp magique dans n&rsquo;importe quelle maison.   <\/p>\n<ul><strong><\/p>\n<p><a href=\"https:\/\/aflamo.shop\/wp-content\/uploads\/2023\/09\/DAME_EN-PL-DE-IT-ES-FR-CS-SK-NL-5.pdf\">Manuel d&rsquo;utilisation et informations de s\u00e9curit\u00e9 importantes<\/a><\/p>\n<p><\/strong><\/ul>\n<h3><strong>Dessin technique :<\/strong><\/h3>\n<p><img loading=\"lazy\" decoding=\"async\" class=\"alignnone wp-image-9852 size-full\" src=\"https:\/\/aflamo.shop\/wp-content\/uploads\/2023\/09\/Dame.png\" alt=\"Dessin technique\" width=\"939\" height=\"827\" srcset=\"https:\/\/aflamo.shop\/wp-content\/uploads\/2023\/09\/Dame.png 939w, https:\/\/aflamo.shop\/wp-content\/uploads\/2023\/09\/Dame-600x528.png 600w, https:\/\/aflamo.shop\/wp-content\/uploads\/2023\/09\/Dame-300x264.png 300w, https:\/\/aflamo.shop\/wp-content\/uploads\/2023\/09\/Dame-768x676.png 768w\" sizes=\"(max-width: 939px) 100vw, 939px\" \/><\/p>\n","protected":false},"excerpt":{"rendered":"<p>Fabricant : Aflamo<\/p>\n<p>GETIN: 5908283562459<\/p>\n<p>Chemin\u00e9e \u00e9lectrique murale<\/p>\n<p><b>Couleurs disponibles :<\/b><\/p>\n<ul>\n<li class=\"kp-bialy\"><a href=\"https:\/\/aflamo.shop\/fr\/p\/aflamo-dame-blanc-cheminee-electrique-led-murale-encastrable-avec-fonction-chauffage\/\">Blanc<\/a><\/li>\n<li class=\"kp-czarny\"><a href=\"https:\/\/aflamo.shop\/fr\/p\/aflamo-dame-noir-cheminee-electrique-led-murale-encastrable-avec-fonction-chauffage\/\">Noir<\/a><\/li>\n<\/ul>\n<p><b>Dimensions <\/b>: 73 x 83 x 24 cm<\/b><\/p>\n","protected":false},"featured_media":22367,"comment_status":"open","ping_status":"closed","template":"","meta":[],"product_brand":[],"product_cat":[770,170,774,772,881,771],"product_tag":[],"class_list":{"0":"post-15994","1":"product","2":"type-product","3":"status-publish","4":"has-post-thumbnail","6":"product_cat-aflamo-fr","7":"product_cat-cheminees-electriques-fr","8":"product_cat-cheminees-electriques-a-accrocher-au-mur","9":"product_cat-cheminees-electriques-a-led-avec-fonction-de-chauffage","10":"product_cat-cheminees-electriques-led-a-trois-faces","11":"product_cat-cheminees-electriques-led-encastrees","13":"first","14":"instock","15":"shipping-taxable","16":"purchasable","17":"product-type-simple"},"yoast_head":"<!-- This site is optimized with the Yoast SEO plugin v27.4 - https:\/\/yoast.com\/product\/yoast-seo-wordpress\/ -->\n<title>Aflamo Dame noir - chemin\u00e9e \u00e9lectrique LED murale\/encastrable avec fonction chauffage - aflamo.shop - revendeur aflamo certifi\u00e9<\/title>\n<meta name=\"description\" content=\"Chemin\u00e9e \u00e9lectrique \u00e0 DEL Dame \u2013 style, confort et s\u00e9curit\u00e9. Le foyer \u00e0 trois c\u00f4t\u00e9s avec b\u00fbches en c\u00e9ramique cr\u00e9e une atmosph\u00e8re chaleureuse et \u00e9l\u00e9gante dans votre maison.\" \/>\n<meta name=\"robots\" content=\"index, follow, max-snippet:-1, max-image-preview:large, max-video-preview:-1\" \/>\n<link rel=\"canonical\" href=\"https:\/\/aflamo.shop\/fr\/p\/aflamo-dame-noir-cheminee-electrique-led-murale-encastrable-avec-fonction-chauffage\/\" \/>\n<meta property=\"og:locale\" content=\"fr_FR\" \/>\n<meta property=\"og:type\" content=\"article\" \/>\n<meta property=\"og:title\" content=\"Aflamo Dame noir - chemin\u00e9e \u00e9lectrique LED murale\/encastrable avec fonction chauffage - aflamo.shop - revendeur aflamo certifi\u00e9\" \/>\n<meta property=\"og:description\" content=\"Chemin\u00e9e \u00e9lectrique \u00e0 DEL Dame \u2013 style, confort et s\u00e9curit\u00e9. Le foyer \u00e0 trois c\u00f4t\u00e9s avec b\u00fbches en c\u00e9ramique cr\u00e9e une atmosph\u00e8re chaleureuse et \u00e9l\u00e9gante dans votre maison.\" \/>\n<meta property=\"og:url\" content=\"https:\/\/aflamo.shop\/fr\/p\/aflamo-dame-noir-cheminee-electrique-led-murale-encastrable-avec-fonction-chauffage\/\" \/>\n<meta property=\"og:site_name\" content=\"aflamo.shop - revendeur aflamo certifi\u00e9\" \/>\n<meta property=\"article:modified_time\" content=\"2026-04-17T10:59:26+00:00\" \/>\n<meta property=\"og:image\" content=\"https:\/\/aflamo.shop\/wp-content\/uploads\/2023\/09\/Projekt-bez-nazwy65.png\" \/>\n\t<meta property=\"og:image:width\" content=\"2048\" \/>\n\t<meta property=\"og:image:height\" content=\"2048\" \/>\n\t<meta property=\"og:image:type\" content=\"image\/png\" \/>\n<meta name=\"twitter:card\" content=\"summary_large_image\" \/>\n<meta name=\"twitter:label1\" content=\"Dur\u00e9e de lecture estim\u00e9e\" \/>\n\t<meta name=\"twitter:data1\" content=\"4 minutes\" \/>\n<script type=\"application\/ld+json\" class=\"yoast-schema-graph\">{\"@context\":\"https:\\\/\\\/schema.org\",\"@graph\":[{\"@type\":\"WebPage\",\"@id\":\"https:\\\/\\\/aflamo.shop\\\/fr\\\/p\\\/aflamo-dame-noir-cheminee-electrique-led-murale-encastrable-avec-fonction-chauffage\\\/\",\"url\":\"https:\\\/\\\/aflamo.shop\\\/fr\\\/p\\\/aflamo-dame-noir-cheminee-electrique-led-murale-encastrable-avec-fonction-chauffage\\\/\",\"name\":\"Aflamo Dame noir - chemin\u00e9e \u00e9lectrique LED murale\\\/encastrable avec fonction chauffage - aflamo.shop - revendeur aflamo certifi\u00e9\",\"isPartOf\":{\"@id\":\"https:\\\/\\\/aflamo.shop\\\/fr\\\/#website\"},\"primaryImageOfPage\":{\"@id\":\"https:\\\/\\\/aflamo.shop\\\/fr\\\/p\\\/aflamo-dame-noir-cheminee-electrique-led-murale-encastrable-avec-fonction-chauffage\\\/#primaryimage\"},\"image\":{\"@id\":\"https:\\\/\\\/aflamo.shop\\\/fr\\\/p\\\/aflamo-dame-noir-cheminee-electrique-led-murale-encastrable-avec-fonction-chauffage\\\/#primaryimage\"},\"thumbnailUrl\":\"https:\\\/\\\/aflamo.shop\\\/wp-content\\\/uploads\\\/2023\\\/09\\\/Projekt-bez-nazwy65.png\",\"datePublished\":\"2023-09-28T10:37:51+00:00\",\"dateModified\":\"2026-04-17T10:59:26+00:00\",\"description\":\"Chemin\u00e9e \u00e9lectrique \u00e0 DEL Dame \u2013 style, confort et s\u00e9curit\u00e9. Le foyer \u00e0 trois c\u00f4t\u00e9s avec b\u00fbches en c\u00e9ramique cr\u00e9e une atmosph\u00e8re chaleureuse et \u00e9l\u00e9gante dans votre maison.\",\"breadcrumb\":{\"@id\":\"https:\\\/\\\/aflamo.shop\\\/fr\\\/p\\\/aflamo-dame-noir-cheminee-electrique-led-murale-encastrable-avec-fonction-chauffage\\\/#breadcrumb\"},\"inLanguage\":\"fr-FR\",\"potentialAction\":[{\"@type\":\"ReadAction\",\"target\":[\"https:\\\/\\\/aflamo.shop\\\/fr\\\/p\\\/aflamo-dame-noir-cheminee-electrique-led-murale-encastrable-avec-fonction-chauffage\\\/\"]}]},{\"@type\":\"ImageObject\",\"inLanguage\":\"fr-FR\",\"@id\":\"https:\\\/\\\/aflamo.shop\\\/fr\\\/p\\\/aflamo-dame-noir-cheminee-electrique-led-murale-encastrable-avec-fonction-chauffage\\\/#primaryimage\",\"url\":\"https:\\\/\\\/aflamo.shop\\\/wp-content\\\/uploads\\\/2023\\\/09\\\/Projekt-bez-nazwy65.png\",\"contentUrl\":\"https:\\\/\\\/aflamo.shop\\\/wp-content\\\/uploads\\\/2023\\\/09\\\/Projekt-bez-nazwy65.png\",\"width\":2048,\"height\":2048},{\"@type\":\"BreadcrumbList\",\"@id\":\"https:\\\/\\\/aflamo.shop\\\/fr\\\/p\\\/aflamo-dame-noir-cheminee-electrique-led-murale-encastrable-avec-fonction-chauffage\\\/#breadcrumb\",\"itemListElement\":[{\"@type\":\"ListItem\",\"position\":1,\"name\":\"Page d'accueil\",\"item\":\"https:\\\/\\\/aflamo.shop\\\/fr\\\/\"},{\"@type\":\"ListItem\",\"position\":2,\"name\":\"Boutique\",\"item\":\"https:\\\/\\\/aflamo.shop\\\/boutique\\\/\"},{\"@type\":\"ListItem\",\"position\":3,\"name\":\"Chemin\u00e9es \u00e9lectriques\",\"item\":\"https:\\\/\\\/aflamo.shop\\\/fr\\\/s\\\/cheminees-electriques-fr\\\/\"},{\"@type\":\"ListItem\",\"position\":4,\"name\":\"Aflamo Dame noir &#8211; chemin\u00e9e \u00e9lectrique LED murale\\\/encastrable avec fonction chauffage\"}]},{\"@type\":\"WebSite\",\"@id\":\"https:\\\/\\\/aflamo.shop\\\/fr\\\/#website\",\"url\":\"https:\\\/\\\/aflamo.shop\\\/fr\\\/\",\"name\":\"aflamo.shop - revendeur aflamo certifi\u00e9\",\"description\":\"Kominki elektryczne Aflamo i Emotion Flame z funkcj\u0105 grzania\",\"publisher\":{\"@id\":\"https:\\\/\\\/aflamo.shop\\\/fr\\\/#organization\"},\"potentialAction\":[{\"@type\":\"SearchAction\",\"target\":{\"@type\":\"EntryPoint\",\"urlTemplate\":\"https:\\\/\\\/aflamo.shop\\\/fr\\\/?s={search_term_string}\"},\"query-input\":{\"@type\":\"PropertyValueSpecification\",\"valueRequired\":true,\"valueName\":\"search_term_string\"}}],\"inLanguage\":\"fr-FR\"},{\"@type\":\"Organization\",\"@id\":\"https:\\\/\\\/aflamo.shop\\\/fr\\\/#organization\",\"name\":\"aflamo.shop - revendeur aflamo certifi\u00e9\",\"url\":\"https:\\\/\\\/aflamo.shop\\\/fr\\\/\",\"logo\":{\"@type\":\"ImageObject\",\"inLanguage\":\"fr-FR\",\"@id\":\"https:\\\/\\\/aflamo.shop\\\/fr\\\/#\\\/schema\\\/logo\\\/image\\\/\",\"url\":\"https:\\\/\\\/aflamo.shop\\\/wp-content\\\/uploads\\\/2019\\\/10\\\/logo2.1-1-1.svg\",\"contentUrl\":\"https:\\\/\\\/aflamo.shop\\\/wp-content\\\/uploads\\\/2019\\\/10\\\/logo2.1-1-1.svg\",\"caption\":\"aflamo.shop - revendeur aflamo certifi\u00e9\"},\"image\":{\"@id\":\"https:\\\/\\\/aflamo.shop\\\/fr\\\/#\\\/schema\\\/logo\\\/image\\\/\"}}]}<\/script>\n<!-- \/ Yoast SEO plugin. -->","yoast_head_json":{"title":"Aflamo Dame noir - chemin\u00e9e \u00e9lectrique LED murale\/encastrable avec fonction chauffage - aflamo.shop - revendeur aflamo certifi\u00e9","description":"Chemin\u00e9e \u00e9lectrique \u00e0 DEL Dame \u2013 style, confort et s\u00e9curit\u00e9. Le foyer \u00e0 trois c\u00f4t\u00e9s avec b\u00fbches en c\u00e9ramique cr\u00e9e une atmosph\u00e8re chaleureuse et \u00e9l\u00e9gante dans votre maison.","robots":{"index":"index","follow":"follow","max-snippet":"max-snippet:-1","max-image-preview":"max-image-preview:large","max-video-preview":"max-video-preview:-1"},"canonical":"https:\/\/aflamo.shop\/fr\/p\/aflamo-dame-noir-cheminee-electrique-led-murale-encastrable-avec-fonction-chauffage\/","og_locale":"fr_FR","og_type":"article","og_title":"Aflamo Dame noir - chemin\u00e9e \u00e9lectrique LED murale\/encastrable avec fonction chauffage - aflamo.shop - revendeur aflamo certifi\u00e9","og_description":"Chemin\u00e9e \u00e9lectrique \u00e0 DEL Dame \u2013 style, confort et s\u00e9curit\u00e9. Le foyer \u00e0 trois c\u00f4t\u00e9s avec b\u00fbches en c\u00e9ramique cr\u00e9e une atmosph\u00e8re chaleureuse et \u00e9l\u00e9gante dans votre maison.","og_url":"https:\/\/aflamo.shop\/fr\/p\/aflamo-dame-noir-cheminee-electrique-led-murale-encastrable-avec-fonction-chauffage\/","og_site_name":"aflamo.shop - revendeur aflamo certifi\u00e9","article_modified_time":"2026-04-17T10:59:26+00:00","og_image":[{"width":2048,"height":2048,"url":"https:\/\/aflamo.shop\/wp-content\/uploads\/2023\/09\/Projekt-bez-nazwy65.png","type":"image\/png"}],"twitter_card":"summary_large_image","twitter_misc":{"Dur\u00e9e de lecture estim\u00e9e":"4 minutes"},"schema":{"@context":"https:\/\/schema.org","@graph":[{"@type":"WebPage","@id":"https:\/\/aflamo.shop\/fr\/p\/aflamo-dame-noir-cheminee-electrique-led-murale-encastrable-avec-fonction-chauffage\/","url":"https:\/\/aflamo.shop\/fr\/p\/aflamo-dame-noir-cheminee-electrique-led-murale-encastrable-avec-fonction-chauffage\/","name":"Aflamo Dame noir - chemin\u00e9e \u00e9lectrique LED murale\/encastrable avec fonction chauffage - aflamo.shop - revendeur aflamo certifi\u00e9","isPartOf":{"@id":"https:\/\/aflamo.shop\/fr\/#website"},"primaryImageOfPage":{"@id":"https:\/\/aflamo.shop\/fr\/p\/aflamo-dame-noir-cheminee-electrique-led-murale-encastrable-avec-fonction-chauffage\/#primaryimage"},"image":{"@id":"https:\/\/aflamo.shop\/fr\/p\/aflamo-dame-noir-cheminee-electrique-led-murale-encastrable-avec-fonction-chauffage\/#primaryimage"},"thumbnailUrl":"https:\/\/aflamo.shop\/wp-content\/uploads\/2023\/09\/Projekt-bez-nazwy65.png","datePublished":"2023-09-28T10:37:51+00:00","dateModified":"2026-04-17T10:59:26+00:00","description":"Chemin\u00e9e \u00e9lectrique \u00e0 DEL Dame \u2013 style, confort et s\u00e9curit\u00e9. Le foyer \u00e0 trois c\u00f4t\u00e9s avec b\u00fbches en c\u00e9ramique cr\u00e9e une atmosph\u00e8re chaleureuse et \u00e9l\u00e9gante dans votre maison.","breadcrumb":{"@id":"https:\/\/aflamo.shop\/fr\/p\/aflamo-dame-noir-cheminee-electrique-led-murale-encastrable-avec-fonction-chauffage\/#breadcrumb"},"inLanguage":"fr-FR","potentialAction":[{"@type":"ReadAction","target":["https:\/\/aflamo.shop\/fr\/p\/aflamo-dame-noir-cheminee-electrique-led-murale-encastrable-avec-fonction-chauffage\/"]}]},{"@type":"ImageObject","inLanguage":"fr-FR","@id":"https:\/\/aflamo.shop\/fr\/p\/aflamo-dame-noir-cheminee-electrique-led-murale-encastrable-avec-fonction-chauffage\/#primaryimage","url":"https:\/\/aflamo.shop\/wp-content\/uploads\/2023\/09\/Projekt-bez-nazwy65.png","contentUrl":"https:\/\/aflamo.shop\/wp-content\/uploads\/2023\/09\/Projekt-bez-nazwy65.png","width":2048,"height":2048},{"@type":"BreadcrumbList","@id":"https:\/\/aflamo.shop\/fr\/p\/aflamo-dame-noir-cheminee-electrique-led-murale-encastrable-avec-fonction-chauffage\/#breadcrumb","itemListElement":[{"@type":"ListItem","position":1,"name":"Page d'accueil","item":"https:\/\/aflamo.shop\/fr\/"},{"@type":"ListItem","position":2,"name":"Boutique","item":"https:\/\/aflamo.shop\/boutique\/"},{"@type":"ListItem","position":3,"name":"Chemin\u00e9es \u00e9lectriques","item":"https:\/\/aflamo.shop\/fr\/s\/cheminees-electriques-fr\/"},{"@type":"ListItem","position":4,"name":"Aflamo Dame noir &#8211; chemin\u00e9e \u00e9lectrique LED murale\/encastrable avec fonction chauffage"}]},{"@type":"WebSite","@id":"https:\/\/aflamo.shop\/fr\/#website","url":"https:\/\/aflamo.shop\/fr\/","name":"aflamo.shop - revendeur aflamo certifi\u00e9","description":"Kominki elektryczne Aflamo i Emotion Flame z funkcj\u0105 grzania","publisher":{"@id":"https:\/\/aflamo.shop\/fr\/#organization"},"potentialAction":[{"@type":"SearchAction","target":{"@type":"EntryPoint","urlTemplate":"https:\/\/aflamo.shop\/fr\/?s={search_term_string}"},"query-input":{"@type":"PropertyValueSpecification","valueRequired":true,"valueName":"search_term_string"}}],"inLanguage":"fr-FR"},{"@type":"Organization","@id":"https:\/\/aflamo.shop\/fr\/#organization","name":"aflamo.shop - revendeur aflamo certifi\u00e9","url":"https:\/\/aflamo.shop\/fr\/","logo":{"@type":"ImageObject","inLanguage":"fr-FR","@id":"https:\/\/aflamo.shop\/fr\/#\/schema\/logo\/image\/","url":"https:\/\/aflamo.shop\/wp-content\/uploads\/2019\/10\/logo2.1-1-1.svg","contentUrl":"https:\/\/aflamo.shop\/wp-content\/uploads\/2019\/10\/logo2.1-1-1.svg","caption":"aflamo.shop - revendeur aflamo certifi\u00e9"},"image":{"@id":"https:\/\/aflamo.shop\/fr\/#\/schema\/logo\/image\/"}}]}},"_links":{"self":[{"href":"https:\/\/aflamo.shop\/fr\/wp-json\/wp\/v2\/product\/15994","targetHints":{"allow":["GET"]}}],"collection":[{"href":"https:\/\/aflamo.shop\/fr\/wp-json\/wp\/v2\/product"}],"about":[{"href":"https:\/\/aflamo.shop\/fr\/wp-json\/wp\/v2\/types\/product"}],"replies":[{"embeddable":true,"href":"https:\/\/aflamo.shop\/fr\/wp-json\/wp\/v2\/comments?post=15994"}],"wp:featuredmedia":[{"embeddable":true,"href":"https:\/\/aflamo.shop\/fr\/wp-json\/wp\/v2\/media\/22367"}],"wp:attachment":[{"href":"https:\/\/aflamo.shop\/fr\/wp-json\/wp\/v2\/media?parent=15994"}],"wp:term":[{"taxonomy":"product_brand","embeddable":true,"href":"https:\/\/aflamo.shop\/fr\/wp-json\/wp\/v2\/product_brand?post=15994"},{"taxonomy":"product_cat","embeddable":true,"href":"https:\/\/aflamo.shop\/fr\/wp-json\/wp\/v2\/product_cat?post=15994"},{"taxonomy":"product_tag","embeddable":true,"href":"https:\/\/aflamo.shop\/fr\/wp-json\/wp\/v2\/product_tag?post=15994"}],"curies":[{"name":"wp","href":"https:\/\/api.w.org\/{rel}","templated":true}]}}