{"id":15992,"date":"2024-01-29T14:28:39","date_gmt":"2024-01-29T14:28:39","guid":{"rendered":"https:\/\/aflamo.shop\/p\/insert-bio-aflamo-60\/"},"modified":"2026-04-17T10:51:57","modified_gmt":"2026-04-17T10:51:57","slug":"insert-bio-aflamo-60","status":"publish","type":"product","link":"https:\/\/aflamo.shop\/fr\/p\/insert-bio-aflamo-60\/","title":{"rendered":"Insert bio Aflamo 60"},"content":{"rendered":"<h3><strong>Caract\u00e9ristiques de la chemin\u00e9e<\/strong><\/h3>\n<div class=\"more-info\">\n<div class=\"tab-content\">\n<section id=\"idTab1\" class=\"page-product-box\">\n<div class=\"rte\">\n<div class=\"row\">\n<div id=\"\" class=\"col-xs-12 col-sm-6 \">\n<div id=\"\" class=\"eds-on-scroll eds-scroll-visible animated fadeInUp duration2\">\n<div id=\"\" class=\"eds-on-scroll eds-scroll-visible animated fadeInUp duration2\"><\/div>\n<p>Insert bio-chemin\u00e9e en noir mat.<\/p>\n<\/div>\n<p>Le br\u00fbleur de la chemin\u00e9e biologique est certifi\u00e9 TUV, ce qui vous donne confiance et s\u00e9curit\u00e9 au quotidien.<\/p>\n<\/div>\n<div class=\"row\">\n<div id=\"\" class=\"col-xs-12 col-sm-6 \">\n<div id=\"\" class=\"eds-on-scroll eds-scroll-visible animated fadeInUp duration2\">\n<ul>\n<li>Bio-chemin\u00e9e \/ insert de chemin\u00e9e encastrable<\/li>\n<li>Un travail de qualit\u00e9<\/li>\n<li>Br\u00fbleur de s\u00e9curit\u00e9 certifi\u00e9 TUV<\/li>\n<\/ul>\n<\/div>\n<h3><strong>Logement<\/strong><\/h3>\n<ul>\n<li>couleur : noir mat<\/li>\n<li>enti\u00e8rement en acier<\/li>\n<li>peint avec une peinture r\u00e9sistante aux temp\u00e9ratures \u00e9lev\u00e9es et aux dommages<\/li>\n<\/ul>\n<\/div>\n<h6><\/h6>\n<h3><strong>Br\u00fbleur<\/strong><\/h3>\n<ul>\n<li>s\u00fbr avec certificat TUV<\/li>\n<li>La conception sophistiqu\u00e9e assure une combustion uniforme sur toute la largeur.<\/li>\n<li>l&rsquo;insert en c\u00e9ramique r\u00e9duit le risque de d\u00e9versement de biocarburant<\/li>\n<li>en acier inoxydable<\/li>\n<\/ul>\n<\/div>\n<h3><strong>Br\u00fbleur 50\/60<\/strong><\/h3>\n<ul>\n<li>largeur du br\u00fbleur 30,5 cm<\/li>\n<li>largeur de la ligne de tir 22 cm<\/li>\n<li>capacit\u00e9 0,9 litre<\/li>\n<li>dur\u00e9e de combustion 1,5 h<\/li>\n<\/ul>\n<\/div>\n<h3><strong>\u00c9quipement<\/strong><\/h3>\n<ul>\n<li style=\"list-style-type: none;\">\n<ul>\n<li>insert int\u00e9gr\u00e9<\/li>\n<li>Br\u00fbleur certifi\u00e9 TUV<\/li>\n<li>entonnoir \u00e0 biocarburant<\/li>\n<li>accessoires de montage<\/li>\n<\/ul>\n<\/li>\n<\/ul>\n<\/div>\n<p>L&rsquo;insert bio-chemin\u00e9e noir mat est un \u00e9l\u00e9ment \u00e9l\u00e9gant et moderne qui s&rsquo;int\u00e8gre parfaitement dans divers int\u00e9rieurs, leur conf\u00e9rant un caract\u00e8re unique. Son apparence se combine harmonieusement avec les tendances du design moderne, cr\u00e9ant non seulement une source de chaleur mais aussi un accent esth\u00e9tique dans la pi\u00e8ce. <\/p>\n<p>Le bo\u00eetier de l&rsquo;insert est enti\u00e8rement en acier et sa surface est recouverte d&rsquo;une peinture r\u00e9sistante aux temp\u00e9ratures \u00e9lev\u00e9es et aux dommages. Cela signifie que non seulement la chemin\u00e9e aura un aspect attrayant et moderne, mais qu&rsquo;elle conservera \u00e9galement son aspect impeccable m\u00eame dans des conditions qui peuvent \u00eatre \u00e9prouvantes pour les mat\u00e9riaux conventionnels. <\/p>\n<p>La couleur noire mate de l&rsquo;insert lui conf\u00e8re \u00e9l\u00e9gance et noblesse, cr\u00e9ant un point visuel contrast\u00e9 qui attire l&rsquo;attention. Cette couleur refl\u00e8te parfaitement le caract\u00e8re minimaliste du design moderne et constitue une excellente base pour une vari\u00e9t\u00e9 de designs d&rsquo;int\u00e9rieur. L&rsquo;insert noir mat est neutre, mais en m\u00eame temps extr\u00eamement efficace, ce qui en fait un \u00e9l\u00e9ment d\u00e9coratif id\u00e9al.  <\/p>\n<p>Un insert pour chemin\u00e9e bio offre non seulement une vue esth\u00e9tique d&rsquo;un feu br\u00fblant, mais apporte \u00e9galement chaleur et confort, cr\u00e9ant une atmosph\u00e8re unique dans la pi\u00e8ce. Gr\u00e2ce \u00e0 l&rsquo;utilisation d&rsquo;acier et de peinture r\u00e9sistants aux temp\u00e9ratures \u00e9lev\u00e9es et aux dommages, cet insert est une combinaison unique de fonctionnalit\u00e9 et de design qui ravit \u00e0 la fois l&rsquo;\u0153il et la sensation de confort. <\/p>\n<div id=\"\" class=\"eds-on-scroll eds-scroll-visible animated fadeInUp duration2\">\n<h3><\/h3>\n<ul><strong><\/p>\n<ul><strong><\/p>\n<p><a href=\"https:\/\/aflamo.shop\/wp-content\/uploads\/2024\/09\/bio_manual_EN-PL-DE-FR-ES-IT-5.pdf\">Mode d&#8217;emploi<\/a><\/p>\n<p><a href=\"https:\/\/aflamo.shop\/wp-content\/uploads\/2024\/01\/Aflamo-BIO-40-50-60-manual-1.pdf\">Instructions pour l&rsquo;installation du bio-foyer<\/a><\/p>\n<p><a href=\"https:\/\/aflamo.shop\/wp-content\/uploads\/2024\/09\/Safety_instructions_EN-PL-DE-IT-ES-FR-CS-SK-NL-5.pdf\">Informations importantes en mati\u00e8re de s\u00e9curit\u00e9<\/a><\/p>\n<p><\/a><\/strong><\/ul>\n<h3><strong>Dessins techniques<\/strong><\/h3>\n<\/div>\n<\/section>\n<\/div>\n<p><strong>Insert Bio 50<\/strong><\/p>\n<p><img fetchpriority=\"high\" decoding=\"async\" class=\"alignnone wp-image-7127 size-full\" src=\"https:\/\/aflamo.shop\/wp-content\/uploads\/2023\/05\/BIO_50.jpg\" alt=\"\" width=\"664\" height=\"688\" srcset=\"https:\/\/aflamo.shop\/wp-content\/uploads\/2023\/05\/BIO_50.jpg 664w, https:\/\/aflamo.shop\/wp-content\/uploads\/2023\/05\/BIO_50-600x622.jpg 600w, https:\/\/aflamo.shop\/wp-content\/uploads\/2023\/05\/BIO_50-290x300.jpg 290w\" sizes=\"(max-width: 664px) 100vw, 664px\" \/><\/p>\n<\/div>\n<p><strong>Insert Bio 60<\/strong><\/p>\n<p><img decoding=\"async\" class=\"alignnone wp-image-7133 size-full\" src=\"https:\/\/aflamo.shop\/wp-content\/uploads\/2023\/05\/BIO_60-900x583-1.jpg\" alt=\"\" width=\"900\" height=\"583\" srcset=\"https:\/\/aflamo.shop\/wp-content\/uploads\/2023\/05\/BIO_60-900x583-1.jpg 900w, https:\/\/aflamo.shop\/wp-content\/uploads\/2023\/05\/BIO_60-900x583-1-600x389.jpg 600w, https:\/\/aflamo.shop\/wp-content\/uploads\/2023\/05\/BIO_60-900x583-1-300x194.jpg 300w, https:\/\/aflamo.shop\/wp-content\/uploads\/2023\/05\/BIO_60-900x583-1-768x497.jpg 768w\" sizes=\"(max-width: 900px) 100vw, 900px\" \/><\/p>\n","protected":false},"excerpt":{"rendered":"<p>Fabricant : Aflamo<\/p>\n<p>GETIN: 5908283561612<\/p>\n<p><b>Mod\u00e8le :<\/b><\/p>\n<ul>\n<li><a href=\"https:\/\/aflamo.shop\/fr\/p\/insert-bio-aflamo-60\/\">60<\/a><\/li>\n<li><a href=\"https:\/\/aflamo.shop\/fr\/p\/insert-bio-aflamo-50\/\">50<\/a><\/li>\n<\/ul>\n<\/li>\n<\/ul>\n<\/li>\n<\/ul>\n<\/li>\n<\/ul>\n<p><b>Dimensions <\/b>: 61 x 52 x 19 cm<\/p>\n","protected":false},"featured_media":7147,"comment_status":"open","ping_status":"closed","template":"","meta":[],"product_brand":[],"product_cat":[770,1017],"product_tag":[],"class_list":{"0":"post-15992","1":"product","2":"type-product","3":"status-publish","4":"has-post-thumbnail","6":"product_cat-aflamo-fr","7":"product_cat-foyers-bio","9":"first","10":"outofstock","11":"shipping-taxable","12":"purchasable","13":"product-type-simple"},"yoast_head":"<!-- This site is optimized with the Yoast SEO plugin v27.4 - https:\/\/yoast.com\/product\/yoast-seo-wordpress\/ -->\n<title>Insert bio Aflamo 60 - aflamo.shop - revendeur aflamo certifi\u00e9<\/title>\n<meta name=\"robots\" content=\"index, follow, max-snippet:-1, max-image-preview:large, max-video-preview:-1\" \/>\n<link rel=\"canonical\" href=\"https:\/\/aflamo.shop\/fr\/p\/insert-bio-aflamo-60\/\" \/>\n<meta property=\"og:locale\" content=\"fr_FR\" \/>\n<meta property=\"og:type\" content=\"article\" \/>\n<meta property=\"og:title\" content=\"Insert bio Aflamo 60 - aflamo.shop - revendeur aflamo certifi\u00e9\" \/>\n<meta property=\"og:description\" content=\"Fabricant : Aflamo  GETIN: 5908283561612  Mod\u00e8le :   60  50        Dimensions : 61 x 52 x 19 cm\" \/>\n<meta property=\"og:url\" content=\"https:\/\/aflamo.shop\/fr\/p\/insert-bio-aflamo-60\/\" \/>\n<meta property=\"og:site_name\" content=\"aflamo.shop - revendeur aflamo certifi\u00e9\" \/>\n<meta property=\"article:modified_time\" content=\"2026-04-17T10:51:57+00:00\" \/>\n<meta property=\"og:image\" content=\"https:\/\/aflamo.shop\/wp-content\/uploads\/2023\/05\/aflamo-bio-60-2_sq.jpg\" \/>\n\t<meta property=\"og:image:width\" content=\"1388\" \/>\n\t<meta property=\"og:image:height\" content=\"1388\" \/>\n\t<meta property=\"og:image:type\" content=\"image\/jpeg\" \/>\n<meta name=\"twitter:card\" content=\"summary_large_image\" \/>\n<meta name=\"twitter:label1\" content=\"Dur\u00e9e de lecture estim\u00e9e\" \/>\n\t<meta name=\"twitter:data1\" content=\"3 minutes\" \/>\n<script type=\"application\/ld+json\" class=\"yoast-schema-graph\">{\"@context\":\"https:\\\/\\\/schema.org\",\"@graph\":[{\"@type\":\"WebPage\",\"@id\":\"https:\\\/\\\/aflamo.shop\\\/fr\\\/p\\\/insert-bio-aflamo-60\\\/\",\"url\":\"https:\\\/\\\/aflamo.shop\\\/fr\\\/p\\\/insert-bio-aflamo-60\\\/\",\"name\":\"Insert bio Aflamo 60 - aflamo.shop - revendeur aflamo certifi\u00e9\",\"isPartOf\":{\"@id\":\"https:\\\/\\\/aflamo.shop\\\/fr\\\/#website\"},\"primaryImageOfPage\":{\"@id\":\"https:\\\/\\\/aflamo.shop\\\/fr\\\/p\\\/insert-bio-aflamo-60\\\/#primaryimage\"},\"image\":{\"@id\":\"https:\\\/\\\/aflamo.shop\\\/fr\\\/p\\\/insert-bio-aflamo-60\\\/#primaryimage\"},\"thumbnailUrl\":\"https:\\\/\\\/aflamo.shop\\\/wp-content\\\/uploads\\\/2023\\\/05\\\/aflamo-bio-60-2_sq.jpg\",\"datePublished\":\"2024-01-29T14:28:39+00:00\",\"dateModified\":\"2026-04-17T10:51:57+00:00\",\"breadcrumb\":{\"@id\":\"https:\\\/\\\/aflamo.shop\\\/fr\\\/p\\\/insert-bio-aflamo-60\\\/#breadcrumb\"},\"inLanguage\":\"fr-FR\",\"potentialAction\":[{\"@type\":\"ReadAction\",\"target\":[\"https:\\\/\\\/aflamo.shop\\\/fr\\\/p\\\/insert-bio-aflamo-60\\\/\"]}]},{\"@type\":\"ImageObject\",\"inLanguage\":\"fr-FR\",\"@id\":\"https:\\\/\\\/aflamo.shop\\\/fr\\\/p\\\/insert-bio-aflamo-60\\\/#primaryimage\",\"url\":\"https:\\\/\\\/aflamo.shop\\\/wp-content\\\/uploads\\\/2023\\\/05\\\/aflamo-bio-60-2_sq.jpg\",\"contentUrl\":\"https:\\\/\\\/aflamo.shop\\\/wp-content\\\/uploads\\\/2023\\\/05\\\/aflamo-bio-60-2_sq.jpg\",\"width\":1388,\"height\":1388},{\"@type\":\"BreadcrumbList\",\"@id\":\"https:\\\/\\\/aflamo.shop\\\/fr\\\/p\\\/insert-bio-aflamo-60\\\/#breadcrumb\",\"itemListElement\":[{\"@type\":\"ListItem\",\"position\":1,\"name\":\"Page d'accueil\",\"item\":\"https:\\\/\\\/aflamo.shop\\\/fr\\\/\"},{\"@type\":\"ListItem\",\"position\":2,\"name\":\"Boutique\",\"item\":\"https:\\\/\\\/aflamo.shop\\\/boutique\\\/\"},{\"@type\":\"ListItem\",\"position\":3,\"name\":\"Foyers bio\",\"item\":\"https:\\\/\\\/aflamo.shop\\\/fr\\\/s\\\/foyers-bio\\\/\"},{\"@type\":\"ListItem\",\"position\":4,\"name\":\"Insert bio Aflamo 60\"}]},{\"@type\":\"WebSite\",\"@id\":\"https:\\\/\\\/aflamo.shop\\\/fr\\\/#website\",\"url\":\"https:\\\/\\\/aflamo.shop\\\/fr\\\/\",\"name\":\"aflamo.shop - revendeur aflamo certifi\u00e9\",\"description\":\"Kominki elektryczne Aflamo i Emotion Flame z funkcj\u0105 grzania\",\"publisher\":{\"@id\":\"https:\\\/\\\/aflamo.shop\\\/fr\\\/#organization\"},\"potentialAction\":[{\"@type\":\"SearchAction\",\"target\":{\"@type\":\"EntryPoint\",\"urlTemplate\":\"https:\\\/\\\/aflamo.shop\\\/fr\\\/?s={search_term_string}\"},\"query-input\":{\"@type\":\"PropertyValueSpecification\",\"valueRequired\":true,\"valueName\":\"search_term_string\"}}],\"inLanguage\":\"fr-FR\"},{\"@type\":\"Organization\",\"@id\":\"https:\\\/\\\/aflamo.shop\\\/fr\\\/#organization\",\"name\":\"aflamo.shop - revendeur aflamo certifi\u00e9\",\"url\":\"https:\\\/\\\/aflamo.shop\\\/fr\\\/\",\"logo\":{\"@type\":\"ImageObject\",\"inLanguage\":\"fr-FR\",\"@id\":\"https:\\\/\\\/aflamo.shop\\\/fr\\\/#\\\/schema\\\/logo\\\/image\\\/\",\"url\":\"https:\\\/\\\/aflamo.shop\\\/wp-content\\\/uploads\\\/2019\\\/10\\\/logo2.1-1-1.svg\",\"contentUrl\":\"https:\\\/\\\/aflamo.shop\\\/wp-content\\\/uploads\\\/2019\\\/10\\\/logo2.1-1-1.svg\",\"caption\":\"aflamo.shop - revendeur aflamo certifi\u00e9\"},\"image\":{\"@id\":\"https:\\\/\\\/aflamo.shop\\\/fr\\\/#\\\/schema\\\/logo\\\/image\\\/\"}}]}<\/script>\n<!-- \/ Yoast SEO plugin. -->","yoast_head_json":{"title":"Insert bio Aflamo 60 - aflamo.shop - revendeur aflamo certifi\u00e9","robots":{"index":"index","follow":"follow","max-snippet":"max-snippet:-1","max-image-preview":"max-image-preview:large","max-video-preview":"max-video-preview:-1"},"canonical":"https:\/\/aflamo.shop\/fr\/p\/insert-bio-aflamo-60\/","og_locale":"fr_FR","og_type":"article","og_title":"Insert bio Aflamo 60 - aflamo.shop - revendeur aflamo certifi\u00e9","og_description":"Fabricant : Aflamo  GETIN: 5908283561612  Mod\u00e8le :   60  50        Dimensions : 61 x 52 x 19 cm","og_url":"https:\/\/aflamo.shop\/fr\/p\/insert-bio-aflamo-60\/","og_site_name":"aflamo.shop - revendeur aflamo certifi\u00e9","article_modified_time":"2026-04-17T10:51:57+00:00","og_image":[{"width":1388,"height":1388,"url":"https:\/\/aflamo.shop\/wp-content\/uploads\/2023\/05\/aflamo-bio-60-2_sq.jpg","type":"image\/jpeg"}],"twitter_card":"summary_large_image","twitter_misc":{"Dur\u00e9e de lecture estim\u00e9e":"3 minutes"},"schema":{"@context":"https:\/\/schema.org","@graph":[{"@type":"WebPage","@id":"https:\/\/aflamo.shop\/fr\/p\/insert-bio-aflamo-60\/","url":"https:\/\/aflamo.shop\/fr\/p\/insert-bio-aflamo-60\/","name":"Insert bio Aflamo 60 - aflamo.shop - revendeur aflamo certifi\u00e9","isPartOf":{"@id":"https:\/\/aflamo.shop\/fr\/#website"},"primaryImageOfPage":{"@id":"https:\/\/aflamo.shop\/fr\/p\/insert-bio-aflamo-60\/#primaryimage"},"image":{"@id":"https:\/\/aflamo.shop\/fr\/p\/insert-bio-aflamo-60\/#primaryimage"},"thumbnailUrl":"https:\/\/aflamo.shop\/wp-content\/uploads\/2023\/05\/aflamo-bio-60-2_sq.jpg","datePublished":"2024-01-29T14:28:39+00:00","dateModified":"2026-04-17T10:51:57+00:00","breadcrumb":{"@id":"https:\/\/aflamo.shop\/fr\/p\/insert-bio-aflamo-60\/#breadcrumb"},"inLanguage":"fr-FR","potentialAction":[{"@type":"ReadAction","target":["https:\/\/aflamo.shop\/fr\/p\/insert-bio-aflamo-60\/"]}]},{"@type":"ImageObject","inLanguage":"fr-FR","@id":"https:\/\/aflamo.shop\/fr\/p\/insert-bio-aflamo-60\/#primaryimage","url":"https:\/\/aflamo.shop\/wp-content\/uploads\/2023\/05\/aflamo-bio-60-2_sq.jpg","contentUrl":"https:\/\/aflamo.shop\/wp-content\/uploads\/2023\/05\/aflamo-bio-60-2_sq.jpg","width":1388,"height":1388},{"@type":"BreadcrumbList","@id":"https:\/\/aflamo.shop\/fr\/p\/insert-bio-aflamo-60\/#breadcrumb","itemListElement":[{"@type":"ListItem","position":1,"name":"Page d'accueil","item":"https:\/\/aflamo.shop\/fr\/"},{"@type":"ListItem","position":2,"name":"Boutique","item":"https:\/\/aflamo.shop\/boutique\/"},{"@type":"ListItem","position":3,"name":"Foyers bio","item":"https:\/\/aflamo.shop\/fr\/s\/foyers-bio\/"},{"@type":"ListItem","position":4,"name":"Insert bio Aflamo 60"}]},{"@type":"WebSite","@id":"https:\/\/aflamo.shop\/fr\/#website","url":"https:\/\/aflamo.shop\/fr\/","name":"aflamo.shop - revendeur aflamo certifi\u00e9","description":"Kominki elektryczne Aflamo i Emotion Flame z funkcj\u0105 grzania","publisher":{"@id":"https:\/\/aflamo.shop\/fr\/#organization"},"potentialAction":[{"@type":"SearchAction","target":{"@type":"EntryPoint","urlTemplate":"https:\/\/aflamo.shop\/fr\/?s={search_term_string}"},"query-input":{"@type":"PropertyValueSpecification","valueRequired":true,"valueName":"search_term_string"}}],"inLanguage":"fr-FR"},{"@type":"Organization","@id":"https:\/\/aflamo.shop\/fr\/#organization","name":"aflamo.shop - revendeur aflamo certifi\u00e9","url":"https:\/\/aflamo.shop\/fr\/","logo":{"@type":"ImageObject","inLanguage":"fr-FR","@id":"https:\/\/aflamo.shop\/fr\/#\/schema\/logo\/image\/","url":"https:\/\/aflamo.shop\/wp-content\/uploads\/2019\/10\/logo2.1-1-1.svg","contentUrl":"https:\/\/aflamo.shop\/wp-content\/uploads\/2019\/10\/logo2.1-1-1.svg","caption":"aflamo.shop - revendeur aflamo certifi\u00e9"},"image":{"@id":"https:\/\/aflamo.shop\/fr\/#\/schema\/logo\/image\/"}}]}},"_links":{"self":[{"href":"https:\/\/aflamo.shop\/fr\/wp-json\/wp\/v2\/product\/15992","targetHints":{"allow":["GET"]}}],"collection":[{"href":"https:\/\/aflamo.shop\/fr\/wp-json\/wp\/v2\/product"}],"about":[{"href":"https:\/\/aflamo.shop\/fr\/wp-json\/wp\/v2\/types\/product"}],"replies":[{"embeddable":true,"href":"https:\/\/aflamo.shop\/fr\/wp-json\/wp\/v2\/comments?post=15992"}],"wp:featuredmedia":[{"embeddable":true,"href":"https:\/\/aflamo.shop\/fr\/wp-json\/wp\/v2\/media\/7147"}],"wp:attachment":[{"href":"https:\/\/aflamo.shop\/fr\/wp-json\/wp\/v2\/media?parent=15992"}],"wp:term":[{"taxonomy":"product_brand","embeddable":true,"href":"https:\/\/aflamo.shop\/fr\/wp-json\/wp\/v2\/product_brand?post=15992"},{"taxonomy":"product_cat","embeddable":true,"href":"https:\/\/aflamo.shop\/fr\/wp-json\/wp\/v2\/product_cat?post=15992"},{"taxonomy":"product_tag","embeddable":true,"href":"https:\/\/aflamo.shop\/fr\/wp-json\/wp\/v2\/product_tag?post=15992"}],"curies":[{"name":"wp","href":"https:\/\/api.w.org\/{rel}","templated":true}]}}