{"id":15984,"date":"2024-05-11T13:29:46","date_gmt":"2024-05-11T13:29:46","guid":{"rendered":"https:\/\/aflamo.shop\/p\/cheminee-bio-murale-encastrable-aflamo-honos-90\/"},"modified":"2026-04-17T10:33:37","modified_gmt":"2026-04-17T10:33:37","slug":"aflamo-honos-90-cheminee-bio-murale-encastrable","status":"publish","type":"product","link":"https:\/\/aflamo.shop\/fr\/p\/aflamo-honos-90-cheminee-bio-murale-encastrable\/","title":{"rendered":"Chemin\u00e9e bio murale\/encastrable Aflamo Honos 90"},"content":{"rendered":"<h3><strong>Caract\u00e9ristiques de la chemin\u00e9e<\/strong><\/h3>\n<p>&nbsp;<\/p>\n<p><b>Honos<\/b> est une chemin\u00e9e murale au design minimaliste. L&rsquo;\u00e9l\u00e9gance \u00e0 l&rsquo;\u00e9tat pur, sans ajouts superflus. Honos remplira votre int\u00e9rieur et rendra les autres accessoires superflus.  <\/p>\n<p>Vous pouvez d\u00e9sormais profiter de la beaut\u00e9 d&rsquo;une vraie flamme dans n&rsquo;importe quelle pi\u00e8ce.<\/p>\n<div class=\"more-info\">\n<div class=\"tab-content\">\n<section id=\"idTab1\" class=\"page-product-box\">\n<div class=\"rte\">\n<div class=\"row\">\n<div id=\"\" class=\"col-xs-12 col-sm-6 \">\n<div id=\"\" class=\"eds-on-scroll eds-scroll-visible animated fadeInUp duration2\">\n<ul>\n<li>Chemin\u00e9e bio murale<\/li>\n<li>Design unique et moderne<\/li>\n<li>Un travail de qualit\u00e9<\/li>\n<li>Br\u00fbleur de s\u00e9curit\u00e9 certifi\u00e9 TUV<\/li>\n<\/ul>\n<p>&nbsp;<\/p>\n<h6><strong>Logement<\/strong><\/h6>\n<ul>\n<li>couleur : noir mat<\/li>\n<li>enti\u00e8rement en acier<\/li>\n<li>qualit\u00e9 sup\u00e9rieure gr\u00e2ce aux angles soud\u00e9s et rectifi\u00e9s<\/li>\n<li>peints avec une peinture r\u00e9sistante \u00e0 la chaleur et aux dommages<\/li>\n<\/ul>\n<h6><\/h6>\n<h6><strong>Br\u00fbleur<\/strong><\/h6>\n<\/div>\n<p>Le br\u00fbleur utilis\u00e9 dans cette bio-foyer est en acier inoxydable. Il est \u00e9quip\u00e9 d&rsquo;un \u00e9l\u00e9ment absorbant qui garantit une utilisation s\u00fbre et \u00e9limine le risque de d\u00e9versement incontr\u00f4l\u00e9 de biocarburant. <\/p>\n<p>Un extincteur sp\u00e9cial est inclus dans chaque kit complet, ce qui permet d&rsquo;\u00e9teindre facilement et rapidement les flammes du bio-foyer \u00e0 tout moment.<\/p>\n<div id=\"\" class=\"eds-on-scroll eds-scroll-visible animated fadeInUp duration2\">\n<ul>\n<li>s\u00fbr avec certificat TUV<\/li>\n<li>La conception sophistiqu\u00e9e assure une combustion uniforme sur toute la largeur.<\/li>\n<li>l&rsquo;insert en c\u00e9ramique r\u00e9duit le risque de d\u00e9versement de biocarburant<\/li>\n<li>en acier inoxydable<\/li>\n<li>Br\u00fbleur 53<\/li>\n<li>capacit\u00e9 0,75 litres<\/li>\n<li>Dur\u00e9e de combustion 1h 20min<\/li>\n<\/ul>\n<div class=\"flex flex-grow flex-col gap-3\">\n<div class=\"min-h-[20px] flex flex-col items-start gap-3 overflow-x-auto whitespace-pre-wrap break-words\">\n<div class=\"markdown prose w-full break-words dark:prose-invert light\">\n<p>Le bio-foyer mural Honos est une pi\u00e8ce unique et \u00e9l\u00e9gante qui apporte non seulement la vue magique d&rsquo;un feu br\u00fblant dans un espace, mais aussi une esth\u00e9tique minimaliste.<\/p>\n<p>Honos est une chemin\u00e9e bio murale qui souligne par sa simplicit\u00e9 le style d&rsquo;un int\u00e9rieur moderne. Son design minimaliste en fait non seulement une source de chaleur, mais aussi une \u0153uvre d&rsquo;art \u00e0 part enti\u00e8re qui attire le regard et cr\u00e9e un point focal unique dans la pi\u00e8ce. Sans ajouts ni ornements superflus, Honos respire l&rsquo;\u00e9l\u00e9gance et la classe.  <\/p>\n<p>L&rsquo;\u00e9l\u00e9gance de Honos r\u00e9side dans sa forme pure. R\u00e9duite \u00e0 l&rsquo;essentiel, cette bio-chemin\u00e9e permet \u00e0 la flamme de devenir la star du d\u00e9cor. En s&rsquo;interdisant toute d\u00e9coration superflue, Honos emplit l&rsquo;int\u00e9rieur d&rsquo;un rayonnement authentique et introduit une atmosph\u00e8re de calme et de d\u00e9tente. Plus qu&rsquo;une simple source de lumi\u00e8re ou de chaleur, c&rsquo;est une invitation \u00e0 la contemplation et \u00e0 un moment de repos.   <\/p>\n<p>L&rsquo;utilisation du bio-foyer Honos vous permet de profiter de la beaut\u00e9 d&rsquo;une vraie flamme dans n&rsquo;importe quelle pi\u00e8ce. Sans n\u00e9cessiter d&rsquo;installations compliqu\u00e9es ou de raccordement \u00e0 des conduites de gaz, Honos vous donne la libert\u00e9 totale de le placer partout o\u00f9 il a besoin d&rsquo;un accent unique. Qu&rsquo;il s&rsquo;agisse du salon, de la chambre \u00e0 coucher ou de la salle de s\u00e9jour, Honos apporte une aura unique de chaleur et de magie \u00e0 l&rsquo;espace.  <\/p>\n<p>Dans l&rsquo;ensemble, la chemin\u00e9e murale Honos est la quintessence du minimalisme et de l&rsquo;\u00e9l\u00e9gance. Son design simple met en valeur le spectacle unique d&rsquo;un feu br\u00fblant, qui devient le point central de tout int\u00e9rieur. Honos n&rsquo;est pas seulement une chemin\u00e9e bio, c&rsquo;est un accent artistique qui cr\u00e9e une ambiance unique, rendant les moments quotidiens sp\u00e9ciaux. Il est \u00e9galement disponible en version verre.   <\/p>\n<\/div>\n<ul><strong><\/p>\n<p><a href=\"https:\/\/aflamo.shop\/wp-content\/uploads\/2024\/09\/bio_manual_EN-PL-DE-FR-ES-IT-5.pdf\">Mode d&#8217;emploi<\/a><\/p>\n<p><a href=\"https:\/\/aflamo.shop\/wp-content\/uploads\/2024\/09\/Juno_Honos_manual_EN-PL-DE-FR-ES-IT-2.pdf\">Instructions pour l&rsquo;installation du bio-foyer<\/a><\/p>\n<p><a href=\"https:\/\/aflamo.shop\/wp-content\/uploads\/2024\/09\/Safety_instructions_EN-PL-DE-IT-ES-FR-CS-SK-NL-5.pdf\">Informations importantes en mati\u00e8re de s\u00e9curit\u00e9<\/a><\/p>\n<p><\/strong><\/ul>\n<h3><strong>Dessin technique<\/strong><\/h3>\n<p>&nbsp;<\/p>\n<p><strong>Honos 65<\/strong><\/p>\n<ul>\n<li>Br\u00fbleur 28<\/li>\n<li>capacit\u00e9 0,35 litres<\/li>\n<li>dur\u00e9e de combustion 1h<\/li>\n<\/ul>\n<p>&nbsp;<\/p>\n<p><img fetchpriority=\"high\" decoding=\"async\" class=\"alignnone wp-image-10527 size-full\" src=\"https:\/\/aflamo.shop\/wp-content\/uploads\/2024\/05\/Honos_65-900x839-1.png\" alt=\"\" width=\"900\" height=\"839\" srcset=\"https:\/\/aflamo.shop\/wp-content\/uploads\/2024\/05\/Honos_65-900x839-1.png 900w, https:\/\/aflamo.shop\/wp-content\/uploads\/2024\/05\/Honos_65-900x839-1-600x559.png 600w, https:\/\/aflamo.shop\/wp-content\/uploads\/2024\/05\/Honos_65-900x839-1-300x280.png 300w, https:\/\/aflamo.shop\/wp-content\/uploads\/2024\/05\/Honos_65-900x839-1-768x716.png 768w\" sizes=\"(max-width: 900px) 100vw, 900px\" \/><\/p>\n<p><strong>Honos 90<\/strong><\/p>\n<ul>\n<li>Br\u00fbleur 53<\/li>\n<li>capacit\u00e9 0,75 litres<\/li>\n<li>Dur\u00e9e de combustion 1h 20min<\/li>\n<\/ul>\n<p><img decoding=\"async\" class=\"alignnone wp-image-10530 size-full\" src=\"https:\/\/aflamo.shop\/wp-content\/uploads\/2024\/05\/Honos_90-900x726-1.png\" alt=\"\" width=\"900\" height=\"726\" srcset=\"https:\/\/aflamo.shop\/wp-content\/uploads\/2024\/05\/Honos_90-900x726-1.png 900w, https:\/\/aflamo.shop\/wp-content\/uploads\/2024\/05\/Honos_90-900x726-1-600x484.png 600w, https:\/\/aflamo.shop\/wp-content\/uploads\/2024\/05\/Honos_90-900x726-1-300x242.png 300w, https:\/\/aflamo.shop\/wp-content\/uploads\/2024\/05\/Honos_90-900x726-1-768x620.png 768w\" sizes=\"(max-width: 900px) 100vw, 900px\" \/><\/p>\n<p><strong>Honos 125<\/strong><\/p>\n<ul>\n<li>Br\u00fbleur 80<\/li>\n<li>capacit\u00e9 1,24 litres<\/li>\n<li>dur\u00e9e de combustion 75min<\/li>\n<\/ul>\n<p><img decoding=\"async\" class=\"alignnone wp-image-10533 size-full\" src=\"https:\/\/aflamo.shop\/wp-content\/uploads\/2024\/05\/Honos_125-900x698-1.png\" alt=\"\" width=\"900\" height=\"698\" srcset=\"https:\/\/aflamo.shop\/wp-content\/uploads\/2024\/05\/Honos_125-900x698-1.png 900w, https:\/\/aflamo.shop\/wp-content\/uploads\/2024\/05\/Honos_125-900x698-1-600x465.png 600w, https:\/\/aflamo.shop\/wp-content\/uploads\/2024\/05\/Honos_125-900x698-1-300x233.png 300w, https:\/\/aflamo.shop\/wp-content\/uploads\/2024\/05\/Honos_125-900x698-1-768x596.png 768w\" sizes=\"(max-width: 900px) 100vw, 900px\" \/><\/p>\n<p><strong>Honos 155<\/strong><\/p>\n<ul>\n<li>2 x br\u00fbleur 53<\/li>\n<li>capacit\u00e9 2 x 0,75 litres<\/li>\n<li>Dur\u00e9e de combustion 1h 20min<\/li>\n<\/ul>\n<p><img loading=\"lazy\" decoding=\"async\" class=\"alignnone wp-image-10536 size-full\" src=\"https:\/\/aflamo.shop\/wp-content\/uploads\/2024\/05\/Honos_155-900x555-1.png\" alt=\"\" width=\"900\" height=\"555\" srcset=\"https:\/\/aflamo.shop\/wp-content\/uploads\/2024\/05\/Honos_155-900x555-1.png 900w, https:\/\/aflamo.shop\/wp-content\/uploads\/2024\/05\/Honos_155-900x555-1-600x370.png 600w, https:\/\/aflamo.shop\/wp-content\/uploads\/2024\/05\/Honos_155-900x555-1-300x185.png 300w, https:\/\/aflamo.shop\/wp-content\/uploads\/2024\/05\/Honos_155-900x555-1-768x474.png 768w\" sizes=\"(max-width: 900px) 100vw, 900px\" \/><\/p>\n<p><strong>Honos 185<\/strong><\/p>\n<ul>\n<li>2 x br\u00fbleur 80<\/li>\n<li>capacit\u00e9 2 x 1,24 litres<\/li>\n<li>dur\u00e9e de combustion 75min<\/li>\n<\/ul>\n<p><img loading=\"lazy\" decoding=\"async\" class=\"alignnone wp-image-10539 size-full\" src=\"https:\/\/aflamo.shop\/wp-content\/uploads\/2024\/05\/Honos_185-900x508-1.png\" alt=\"\" width=\"900\" height=\"508\" srcset=\"https:\/\/aflamo.shop\/wp-content\/uploads\/2024\/05\/Honos_185-900x508-1.png 900w, https:\/\/aflamo.shop\/wp-content\/uploads\/2024\/05\/Honos_185-900x508-1-600x339.png 600w, https:\/\/aflamo.shop\/wp-content\/uploads\/2024\/05\/Honos_185-900x508-1-300x169.png 300w, https:\/\/aflamo.shop\/wp-content\/uploads\/2024\/05\/Honos_185-900x508-1-768x433.png 768w\" sizes=\"(max-width: 900px) 100vw, 900px\" \/><\/p>\n<p>&nbsp;<\/p>\n<\/div>\n<\/div>\n<\/div>\n<\/div>\n<\/div>\n<\/div>\n<\/section>\n<\/div>\n<\/div>\n","protected":false},"excerpt":{"rendered":"<p><b>Mod\u00e8le :<\/b><\/p>\n<ul>\n<li><a href=\"https:\/\/aflamo.shop\/fr\/p\/aflamo-honos-65-cheminee-bio-murale-encastrable\/\">65<\/a><\/li>\n<li><a href=\"https:\/\/aflamo.shop\/fr\/p\/aflamo-honos-90-cheminee-bio-murale-encastrable\/\">90<\/a><\/li>\n<li><a href=\"https:\/\/aflamo.shop\/fr\/p\/aflamo-honos-125-cheminee-bio-murale-encastrable\/\">125<\/a><\/li>\n<li><a href=\"https:\/\/aflamo.shop\/fr\/p\/aflamo-honos-155-cheminee-bio-murale-encastrable\/\">155<\/a><\/li>\n<li><a href=\"https:\/\/aflamo.shop\/fr\/p\/aflamo-honos-185-cheminee-bio-murale-encastrable\/\">185<\/a><\/li>\n<\/ul>\n<p><a href=\"https:\/\/aflamo.shop\/fr\/p\/aflamo-honos-90-avec-verre-cheminee-murale-encastree\/\"><b>Mod\u00e8les avec verre :<\/b><\/a><\/p>\n<p><b>Dimensions :<\/b> 90 x 40 x 12 cm<\/b><\/p>\n","protected":false},"featured_media":15493,"comment_status":"open","ping_status":"closed","template":"","meta":[],"product_brand":[],"product_cat":[770,1017,870],"product_tag":[],"class_list":{"0":"post-15984","1":"product","2":"type-product","3":"status-publish","4":"has-post-thumbnail","6":"product_cat-aflamo-fr","7":"product_cat-foyers-bio","8":"product_cat-les-cheminees-murales-a-lethanol","10":"first","11":"instock","12":"shipping-taxable","13":"purchasable","14":"product-type-simple"},"yoast_head":"<!-- This site is optimized with the Yoast SEO plugin v27.4 - https:\/\/yoast.com\/product\/yoast-seo-wordpress\/ -->\n<title>Chemin\u00e9e bio murale\/encastrable Aflamo Honos 90 - aflamo.shop - revendeur aflamo certifi\u00e9<\/title>\n<meta name=\"description\" content=\"Chemin\u00e9e bio murale Honos - minimalisme et \u00e9l\u00e9gance. Le design simple met en valeur le feu qui br\u00fble, cr\u00e9ant ainsi un point focal pour l&#039;int\u00e9rieur. \u00c9galement disponible avec verre.\" \/>\n<meta name=\"robots\" content=\"index, follow, max-snippet:-1, max-image-preview:large, max-video-preview:-1\" \/>\n<link rel=\"canonical\" href=\"https:\/\/aflamo.shop\/fr\/p\/aflamo-honos-90-cheminee-bio-murale-encastrable\/\" \/>\n<meta property=\"og:locale\" content=\"fr_FR\" \/>\n<meta property=\"og:type\" content=\"article\" \/>\n<meta property=\"og:title\" content=\"Chemin\u00e9e bio murale\/encastrable Aflamo Honos 90 - aflamo.shop - revendeur aflamo certifi\u00e9\" \/>\n<meta property=\"og:description\" content=\"Chemin\u00e9e bio murale Honos - minimalisme et \u00e9l\u00e9gance. Le design simple met en valeur le feu qui br\u00fble, cr\u00e9ant ainsi un point focal pour l&#039;int\u00e9rieur. \u00c9galement disponible avec verre.\" \/>\n<meta property=\"og:url\" content=\"https:\/\/aflamo.shop\/fr\/p\/aflamo-honos-90-cheminee-bio-murale-encastrable\/\" \/>\n<meta property=\"og:site_name\" content=\"aflamo.shop - revendeur aflamo certifi\u00e9\" \/>\n<meta property=\"article:modified_time\" content=\"2026-04-17T10:33:37+00:00\" \/>\n<meta property=\"og:image\" content=\"https:\/\/aflamo.shop\/wp-content\/uploads\/2024\/05\/Honos_front_flame-pra.jpg\" \/>\n\t<meta property=\"og:image:width\" content=\"260\" \/>\n\t<meta property=\"og:image:height\" content=\"200\" \/>\n\t<meta property=\"og:image:type\" content=\"image\/jpeg\" \/>\n<meta name=\"twitter:card\" content=\"summary_large_image\" \/>\n<meta name=\"twitter:label1\" content=\"Dur\u00e9e de lecture estim\u00e9e\" \/>\n\t<meta name=\"twitter:data1\" content=\"5 minutes\" \/>\n<script type=\"application\/ld+json\" class=\"yoast-schema-graph\">{\"@context\":\"https:\\\/\\\/schema.org\",\"@graph\":[{\"@type\":\"WebPage\",\"@id\":\"https:\\\/\\\/aflamo.shop\\\/fr\\\/p\\\/aflamo-honos-90-cheminee-bio-murale-encastrable\\\/\",\"url\":\"https:\\\/\\\/aflamo.shop\\\/fr\\\/p\\\/aflamo-honos-90-cheminee-bio-murale-encastrable\\\/\",\"name\":\"Chemin\u00e9e bio murale\\\/encastrable Aflamo Honos 90 - aflamo.shop - revendeur aflamo certifi\u00e9\",\"isPartOf\":{\"@id\":\"https:\\\/\\\/aflamo.shop\\\/fr\\\/#website\"},\"primaryImageOfPage\":{\"@id\":\"https:\\\/\\\/aflamo.shop\\\/fr\\\/p\\\/aflamo-honos-90-cheminee-bio-murale-encastrable\\\/#primaryimage\"},\"image\":{\"@id\":\"https:\\\/\\\/aflamo.shop\\\/fr\\\/p\\\/aflamo-honos-90-cheminee-bio-murale-encastrable\\\/#primaryimage\"},\"thumbnailUrl\":\"https:\\\/\\\/aflamo.shop\\\/wp-content\\\/uploads\\\/2024\\\/05\\\/Honos_front_flame-pra.jpg\",\"datePublished\":\"2024-05-11T13:29:46+00:00\",\"dateModified\":\"2026-04-17T10:33:37+00:00\",\"description\":\"Chemin\u00e9e bio murale Honos - minimalisme et \u00e9l\u00e9gance. Le design simple met en valeur le feu qui br\u00fble, cr\u00e9ant ainsi un point focal pour l'int\u00e9rieur. \u00c9galement disponible avec verre.\",\"breadcrumb\":{\"@id\":\"https:\\\/\\\/aflamo.shop\\\/fr\\\/p\\\/aflamo-honos-90-cheminee-bio-murale-encastrable\\\/#breadcrumb\"},\"inLanguage\":\"fr-FR\",\"potentialAction\":[{\"@type\":\"ReadAction\",\"target\":[\"https:\\\/\\\/aflamo.shop\\\/fr\\\/p\\\/aflamo-honos-90-cheminee-bio-murale-encastrable\\\/\"]}]},{\"@type\":\"ImageObject\",\"inLanguage\":\"fr-FR\",\"@id\":\"https:\\\/\\\/aflamo.shop\\\/fr\\\/p\\\/aflamo-honos-90-cheminee-bio-murale-encastrable\\\/#primaryimage\",\"url\":\"https:\\\/\\\/aflamo.shop\\\/wp-content\\\/uploads\\\/2024\\\/05\\\/Honos_front_flame-pra.jpg\",\"contentUrl\":\"https:\\\/\\\/aflamo.shop\\\/wp-content\\\/uploads\\\/2024\\\/05\\\/Honos_front_flame-pra.jpg\",\"width\":260,\"height\":200},{\"@type\":\"BreadcrumbList\",\"@id\":\"https:\\\/\\\/aflamo.shop\\\/fr\\\/p\\\/aflamo-honos-90-cheminee-bio-murale-encastrable\\\/#breadcrumb\",\"itemListElement\":[{\"@type\":\"ListItem\",\"position\":1,\"name\":\"Page d'accueil\",\"item\":\"https:\\\/\\\/aflamo.shop\\\/fr\\\/\"},{\"@type\":\"ListItem\",\"position\":2,\"name\":\"Boutique\",\"item\":\"https:\\\/\\\/aflamo.shop\\\/boutique\\\/\"},{\"@type\":\"ListItem\",\"position\":3,\"name\":\"Foyers bio\",\"item\":\"https:\\\/\\\/aflamo.shop\\\/fr\\\/s\\\/foyers-bio\\\/\"},{\"@type\":\"ListItem\",\"position\":4,\"name\":\"Chemin\u00e9e bio murale\\\/encastrable Aflamo Honos 90\"}]},{\"@type\":\"WebSite\",\"@id\":\"https:\\\/\\\/aflamo.shop\\\/fr\\\/#website\",\"url\":\"https:\\\/\\\/aflamo.shop\\\/fr\\\/\",\"name\":\"aflamo.shop - revendeur aflamo certifi\u00e9\",\"description\":\"Kominki elektryczne Aflamo i Emotion Flame z funkcj\u0105 grzania\",\"publisher\":{\"@id\":\"https:\\\/\\\/aflamo.shop\\\/fr\\\/#organization\"},\"potentialAction\":[{\"@type\":\"SearchAction\",\"target\":{\"@type\":\"EntryPoint\",\"urlTemplate\":\"https:\\\/\\\/aflamo.shop\\\/fr\\\/?s={search_term_string}\"},\"query-input\":{\"@type\":\"PropertyValueSpecification\",\"valueRequired\":true,\"valueName\":\"search_term_string\"}}],\"inLanguage\":\"fr-FR\"},{\"@type\":\"Organization\",\"@id\":\"https:\\\/\\\/aflamo.shop\\\/fr\\\/#organization\",\"name\":\"aflamo.shop - revendeur aflamo certifi\u00e9\",\"url\":\"https:\\\/\\\/aflamo.shop\\\/fr\\\/\",\"logo\":{\"@type\":\"ImageObject\",\"inLanguage\":\"fr-FR\",\"@id\":\"https:\\\/\\\/aflamo.shop\\\/fr\\\/#\\\/schema\\\/logo\\\/image\\\/\",\"url\":\"https:\\\/\\\/aflamo.shop\\\/wp-content\\\/uploads\\\/2019\\\/10\\\/logo2.1-1-1.svg\",\"contentUrl\":\"https:\\\/\\\/aflamo.shop\\\/wp-content\\\/uploads\\\/2019\\\/10\\\/logo2.1-1-1.svg\",\"caption\":\"aflamo.shop - revendeur aflamo certifi\u00e9\"},\"image\":{\"@id\":\"https:\\\/\\\/aflamo.shop\\\/fr\\\/#\\\/schema\\\/logo\\\/image\\\/\"}}]}<\/script>\n<!-- \/ Yoast SEO plugin. -->","yoast_head_json":{"title":"Chemin\u00e9e bio murale\/encastrable Aflamo Honos 90 - aflamo.shop - revendeur aflamo certifi\u00e9","description":"Chemin\u00e9e bio murale Honos - minimalisme et \u00e9l\u00e9gance. Le design simple met en valeur le feu qui br\u00fble, cr\u00e9ant ainsi un point focal pour l'int\u00e9rieur. \u00c9galement disponible avec verre.","robots":{"index":"index","follow":"follow","max-snippet":"max-snippet:-1","max-image-preview":"max-image-preview:large","max-video-preview":"max-video-preview:-1"},"canonical":"https:\/\/aflamo.shop\/fr\/p\/aflamo-honos-90-cheminee-bio-murale-encastrable\/","og_locale":"fr_FR","og_type":"article","og_title":"Chemin\u00e9e bio murale\/encastrable Aflamo Honos 90 - aflamo.shop - revendeur aflamo certifi\u00e9","og_description":"Chemin\u00e9e bio murale Honos - minimalisme et \u00e9l\u00e9gance. Le design simple met en valeur le feu qui br\u00fble, cr\u00e9ant ainsi un point focal pour l'int\u00e9rieur. \u00c9galement disponible avec verre.","og_url":"https:\/\/aflamo.shop\/fr\/p\/aflamo-honos-90-cheminee-bio-murale-encastrable\/","og_site_name":"aflamo.shop - revendeur aflamo certifi\u00e9","article_modified_time":"2026-04-17T10:33:37+00:00","og_image":[{"width":260,"height":200,"url":"https:\/\/aflamo.shop\/wp-content\/uploads\/2024\/05\/Honos_front_flame-pra.jpg","type":"image\/jpeg"}],"twitter_card":"summary_large_image","twitter_misc":{"Dur\u00e9e de lecture estim\u00e9e":"5 minutes"},"schema":{"@context":"https:\/\/schema.org","@graph":[{"@type":"WebPage","@id":"https:\/\/aflamo.shop\/fr\/p\/aflamo-honos-90-cheminee-bio-murale-encastrable\/","url":"https:\/\/aflamo.shop\/fr\/p\/aflamo-honos-90-cheminee-bio-murale-encastrable\/","name":"Chemin\u00e9e bio murale\/encastrable Aflamo Honos 90 - aflamo.shop - revendeur aflamo certifi\u00e9","isPartOf":{"@id":"https:\/\/aflamo.shop\/fr\/#website"},"primaryImageOfPage":{"@id":"https:\/\/aflamo.shop\/fr\/p\/aflamo-honos-90-cheminee-bio-murale-encastrable\/#primaryimage"},"image":{"@id":"https:\/\/aflamo.shop\/fr\/p\/aflamo-honos-90-cheminee-bio-murale-encastrable\/#primaryimage"},"thumbnailUrl":"https:\/\/aflamo.shop\/wp-content\/uploads\/2024\/05\/Honos_front_flame-pra.jpg","datePublished":"2024-05-11T13:29:46+00:00","dateModified":"2026-04-17T10:33:37+00:00","description":"Chemin\u00e9e bio murale Honos - minimalisme et \u00e9l\u00e9gance. Le design simple met en valeur le feu qui br\u00fble, cr\u00e9ant ainsi un point focal pour l'int\u00e9rieur. \u00c9galement disponible avec verre.","breadcrumb":{"@id":"https:\/\/aflamo.shop\/fr\/p\/aflamo-honos-90-cheminee-bio-murale-encastrable\/#breadcrumb"},"inLanguage":"fr-FR","potentialAction":[{"@type":"ReadAction","target":["https:\/\/aflamo.shop\/fr\/p\/aflamo-honos-90-cheminee-bio-murale-encastrable\/"]}]},{"@type":"ImageObject","inLanguage":"fr-FR","@id":"https:\/\/aflamo.shop\/fr\/p\/aflamo-honos-90-cheminee-bio-murale-encastrable\/#primaryimage","url":"https:\/\/aflamo.shop\/wp-content\/uploads\/2024\/05\/Honos_front_flame-pra.jpg","contentUrl":"https:\/\/aflamo.shop\/wp-content\/uploads\/2024\/05\/Honos_front_flame-pra.jpg","width":260,"height":200},{"@type":"BreadcrumbList","@id":"https:\/\/aflamo.shop\/fr\/p\/aflamo-honos-90-cheminee-bio-murale-encastrable\/#breadcrumb","itemListElement":[{"@type":"ListItem","position":1,"name":"Page d'accueil","item":"https:\/\/aflamo.shop\/fr\/"},{"@type":"ListItem","position":2,"name":"Boutique","item":"https:\/\/aflamo.shop\/boutique\/"},{"@type":"ListItem","position":3,"name":"Foyers bio","item":"https:\/\/aflamo.shop\/fr\/s\/foyers-bio\/"},{"@type":"ListItem","position":4,"name":"Chemin\u00e9e bio murale\/encastrable Aflamo Honos 90"}]},{"@type":"WebSite","@id":"https:\/\/aflamo.shop\/fr\/#website","url":"https:\/\/aflamo.shop\/fr\/","name":"aflamo.shop - revendeur aflamo certifi\u00e9","description":"Kominki elektryczne Aflamo i Emotion Flame z funkcj\u0105 grzania","publisher":{"@id":"https:\/\/aflamo.shop\/fr\/#organization"},"potentialAction":[{"@type":"SearchAction","target":{"@type":"EntryPoint","urlTemplate":"https:\/\/aflamo.shop\/fr\/?s={search_term_string}"},"query-input":{"@type":"PropertyValueSpecification","valueRequired":true,"valueName":"search_term_string"}}],"inLanguage":"fr-FR"},{"@type":"Organization","@id":"https:\/\/aflamo.shop\/fr\/#organization","name":"aflamo.shop - revendeur aflamo certifi\u00e9","url":"https:\/\/aflamo.shop\/fr\/","logo":{"@type":"ImageObject","inLanguage":"fr-FR","@id":"https:\/\/aflamo.shop\/fr\/#\/schema\/logo\/image\/","url":"https:\/\/aflamo.shop\/wp-content\/uploads\/2019\/10\/logo2.1-1-1.svg","contentUrl":"https:\/\/aflamo.shop\/wp-content\/uploads\/2019\/10\/logo2.1-1-1.svg","caption":"aflamo.shop - revendeur aflamo certifi\u00e9"},"image":{"@id":"https:\/\/aflamo.shop\/fr\/#\/schema\/logo\/image\/"}}]}},"_links":{"self":[{"href":"https:\/\/aflamo.shop\/fr\/wp-json\/wp\/v2\/product\/15984","targetHints":{"allow":["GET"]}}],"collection":[{"href":"https:\/\/aflamo.shop\/fr\/wp-json\/wp\/v2\/product"}],"about":[{"href":"https:\/\/aflamo.shop\/fr\/wp-json\/wp\/v2\/types\/product"}],"replies":[{"embeddable":true,"href":"https:\/\/aflamo.shop\/fr\/wp-json\/wp\/v2\/comments?post=15984"}],"wp:featuredmedia":[{"embeddable":true,"href":"https:\/\/aflamo.shop\/fr\/wp-json\/wp\/v2\/media\/15493"}],"wp:attachment":[{"href":"https:\/\/aflamo.shop\/fr\/wp-json\/wp\/v2\/media?parent=15984"}],"wp:term":[{"taxonomy":"product_brand","embeddable":true,"href":"https:\/\/aflamo.shop\/fr\/wp-json\/wp\/v2\/product_brand?post=15984"},{"taxonomy":"product_cat","embeddable":true,"href":"https:\/\/aflamo.shop\/fr\/wp-json\/wp\/v2\/product_cat?post=15984"},{"taxonomy":"product_tag","embeddable":true,"href":"https:\/\/aflamo.shop\/fr\/wp-json\/wp\/v2\/product_tag?post=15984"}],"curies":[{"name":"wp","href":"https:\/\/api.w.org\/{rel}","templated":true}]}}