{"id":15970,"date":"2024-06-12T13:45:08","date_gmt":"2024-06-12T13:45:08","guid":{"rendered":"https:\/\/aflamo.shop\/p\/aflamo-majestic-pro-128-cheminee-electrique-led-murale-encastrable\/"},"modified":"2026-04-17T10:21:17","modified_gmt":"2026-04-17T10:21:17","slug":"aflamo-majestic-pro-128-cheminee-electrique-led-murale-encastrable","status":"publish","type":"product","link":"https:\/\/aflamo.shop\/fr\/p\/aflamo-majestic-pro-128-cheminee-electrique-led-murale-encastrable\/","title":{"rendered":"Aflamo Majestic PRO 128 &#8211; chemin\u00e9e \u00e9lectrique LED murale\/encastrable"},"content":{"rendered":"<p><iframe title=\"Lecteur vid\u00e9o YouTube\" src=\"https:\/\/www.youtube.com\/embed\/6EtM1fpCRZw?si=V4IYIhivLhNxDAMW\" width=\"560\" height=\"315\" frameborder=\"0\" allowfullscreen=\"allowfullscreen\"><span data-mce-type=\"bookmark\" style=\"display: inline-block; width: 0px; overflow: hidden; line-height: 0;\" class=\"mce_SELRES_start\"><\/span><\/iframe><\/p>\n<h2><strong>Chemin\u00e9e \u00e9lectrique murale \u00e0 LED Majestic PRO : luxe et technologie dans votre maison<\/strong><\/h2>\n<p><strong>Majestic PRO <\/strong>est un foyer qui apporte un tout nouveau standard au monde des foyers \u00e9lectriques. Ses fonctionnalit\u00e9s avanc\u00e9es et son effet de flamme incroyablement r\u00e9aliste rendent chaque soir\u00e9e pass\u00e9e dans sa lueur exceptionnelle. C&rsquo;est une combinaison parfaite de technologie moderne, de confort d&rsquo;utilisation et de design \u00e9l\u00e9gant, qui donne \u00e0 l&rsquo;int\u00e9rieur une atmosph\u00e8re unique.<\/p>\n<h3><strong>Caract\u00e9ristiques :<\/strong><\/h3>\n<ul>\n<li><strong>Technologie Majestic PRO<\/strong> \u2013 la technologie moderne utilis\u00e9e dans ce foyer \u00e9l\u00e8ve l\u2019exp\u00e9rience visuelle et fonctionnelle \u00e0 un tout autre niveau.<strong> La flamme AFLAMO PLUS<\/strong> est l&rsquo;effet de flamme le plus r\u00e9aliste disponible sur le march\u00e9, ressemblant presque \u00e0 un vrai feu, dispersant une lumi\u00e8re chaude dans toute la pi\u00e8ce.<\/li>\n<\/ul>\n<p><img fetchpriority=\"high\" decoding=\"async\" class=\"aligncenter wp-image-10582 size-full\" src=\"https:\/\/aflamo.shop\/wp-content\/uploads\/2024\/06\/unique_flame_majestic-pro.jpg\" alt=\"\" width=\"492\" height=\"300\" srcset=\"https:\/\/aflamo.shop\/wp-content\/uploads\/2024\/06\/unique_flame_majestic-pro.jpg 492w, https:\/\/aflamo.shop\/wp-content\/uploads\/2024\/06\/unique_flame_majestic-pro-300x183.jpg 300w\" sizes=\"(max-width: 492px) 100vw, 492px\" \/><\/p>\n<ul>\n<li><strong>Son r\u00e9aliste du bois qui br\u00fble <\/strong>\u2013 la chemin\u00e9e est \u00e9quip\u00e9e d\u2019un haut-parleur int\u00e9gr\u00e9 qui reproduit le son authentique du cr\u00e9pitement du bois. Gr\u00e2ce \u00e0 cela, vous pouvez non seulement admirer le feu, mais aussi avoir l\u2019impression d\u2019\u00eatre assis pr\u00e8s d\u2019une chemin\u00e9e traditionnelle.<\/li>\n<\/ul>\n<p><img decoding=\"async\" class=\"aligncenter wp-image-10585 size-full\" src=\"https:\/\/aflamo.shop\/wp-content\/uploads\/2024\/06\/unique_sound_majestic-pro.jpg\" alt=\"\" width=\"492\" height=\"300\" srcset=\"https:\/\/aflamo.shop\/wp-content\/uploads\/2024\/06\/unique_sound_majestic-pro.jpg 492w, https:\/\/aflamo.shop\/wp-content\/uploads\/2024\/06\/unique_sound_majestic-pro-300x183.jpg 300w\" sizes=\"(max-width: 492px) 100vw, 492px\" \/><\/p>\n<p>&nbsp;<\/p>\n<ul>\n<li><strong>10 couleurs d&rsquo;\u00e9clairage de flamme et de foyer <\/strong>\u2013 la chemin\u00e9e offre un choix allant jusqu&rsquo;\u00e0 dix couleurs diff\u00e9rentes d&rsquo;\u00e9clairage de flamme et de foyer, vous permettant d&rsquo;adapter l&rsquo;apparence du feu \u00e0 votre humeur ou \u00e0 votre d\u00e9coration int\u00e9rieure.<\/li>\n<\/ul>\n<p><img decoding=\"async\" class=\"aligncenter wp-image-11011 \" src=\"https:\/\/aflamo.shop\/wp-content\/uploads\/2024\/06\/Royal_PRO_flame_colors-2.jpg\" alt=\"\" width=\"504\" height=\"331\" srcset=\"https:\/\/aflamo.shop\/wp-content\/uploads\/2024\/06\/Royal_PRO_flame_colors-2.jpg 637w, https:\/\/aflamo.shop\/wp-content\/uploads\/2024\/06\/Royal_PRO_flame_colors-2-600x394.jpg 600w, https:\/\/aflamo.shop\/wp-content\/uploads\/2024\/06\/Royal_PRO_flame_colors-2-300x197.jpg 300w\" sizes=\"(max-width: 504px) 100vw, 504px\" \/><\/p>\n<ul>\n<li><strong>2 options de chemin\u00e9e : b\u00fbches et cristaux<\/strong><\/li>\n<\/ul>\n<p><img loading=\"lazy\" decoding=\"async\" class=\"aligncenter wp-image-9924 size-full\" src=\"https:\/\/aflamo.shop\/wp-content\/uploads\/2023\/09\/polana_krysztaly-e1603875138523.png\" alt=\"\" width=\"413\" height=\"297\" srcset=\"https:\/\/aflamo.shop\/wp-content\/uploads\/2023\/09\/polana_krysztaly-e1603875138523.png 413w, https:\/\/aflamo.shop\/wp-content\/uploads\/2023\/09\/polana_krysztaly-e1603875138523-300x216.png 300w\" sizes=\"(max-width: 413px) 100vw, 413px\" \/><\/p>\n<ul>\n<li style=\"list-style-type: none;\">\n<ul>\n<li><strong>Application mobile<\/strong><\/li>\n<\/ul>\n<\/li>\n<\/ul>\n<p><iframe title=\"Lecteur vid\u00e9o YouTube\" src=\"https:\/\/www.youtube.com\/embed\/H9frj9fGZnY?si=YHNoy3_uQ_P_q10N\" width=\"560\" height=\"315\" frameborder=\"0\" allowfullscreen=\"allowfullscreen\"><\/iframe><\/p>\n<p>Contr\u00f4le total de votre chemin\u00e9e, o\u00f9 que vous soyez ! Gr\u00e2ce \u00e0 l&rsquo;application d\u00e9di\u00e9e aux appareils Android et iOS, vous pouvez contr\u00f4ler toutes les fonctions de la chemin\u00e9e depuis votre t\u00e9l\u00e9phone. La chemin\u00e9e prend \u00e9galement en charge les commandes vocales via Amazon Alexa.<\/p>\n<p><img loading=\"lazy\" decoding=\"async\" class=\"aligncenter wp-image-10591 size-full\" src=\"https:\/\/aflamo.shop\/wp-content\/uploads\/2024\/06\/unique_app_majestic-pro.jpg\" alt=\"\" width=\"492\" height=\"300\" srcset=\"https:\/\/aflamo.shop\/wp-content\/uploads\/2024\/06\/unique_app_majestic-pro.jpg 492w, https:\/\/aflamo.shop\/wp-content\/uploads\/2024\/06\/unique_app_majestic-pro-300x183.jpg 300w\" sizes=\"(max-width: 492px) 100vw, 492px\" \/><\/p>\n<p>&nbsp;<\/p>\n<h3><strong>Chauffage et confort d&rsquo;utilisation :<\/strong><\/h3>\n<ul>\n<li><strong>Fonction chauffage <\/strong>\u2013 Majestic PRO est une source de chaleur efficace. Dot\u00e9e de deux niveaux de puissance de chauffage (750W et 1500W), la chemin\u00e9e permet de chauffer rapidement la pi\u00e8ce, et la fonction de contr\u00f4le automatique de la temp\u00e9rature (de 18 \u00e0 30\u00b0C) assure un confort thermique.<\/li>\n<li><strong>Chauffage ind\u00e9pendant de l&rsquo;effet flamme<\/strong> \u2013 la chemin\u00e9e permet d&rsquo;utiliser la flamme ind\u00e9pendamment de la fonction chauffage. Vous pouvez profiter du magnifique effet de feu toute l&rsquo;ann\u00e9e, m\u00eame en \u00e9t\u00e9.<\/li>\n<li><strong>S\u00e9curit\u00e9<\/strong> \u2013 le foyer est \u00e9quip\u00e9 d\u2019une protection contre la surchauffe et d\u2019un capteur de fen\u00eatre ouverte. Ces fonctions prot\u00e8gent contre un \u00e9chauffement dangereux de l&rsquo;appareil et d\u00e9tectent une baisse soudaine de la temp\u00e9rature ambiante.<\/li>\n<li><strong>T\u00e9l\u00e9commande et minuterie <\/strong>\u2013 la chemin\u00e9e est livr\u00e9e avec une t\u00e9l\u00e9commande qui vous permet de contr\u00f4ler facilement toutes les fonctions de l&rsquo;appareil. De plus, la fonction minuterie vous permet de r\u00e9gler le foyer pour qu&rsquo;il s&rsquo;\u00e9teigne automatiquement apr\u00e8s une p\u00e9riode de temps sp\u00e9cifi\u00e9e.<\/li>\n<\/ul>\n<h3><strong>R\u00e9sum\u00e9:<\/strong><\/h3>\n<p><strong>Majestic PRO <\/strong>est une combinaison parfaite d&rsquo;\u00e9l\u00e9gance, de technologie moderne et de confort. L&rsquo;effet de flamme r\u00e9aliste, la possibilit\u00e9 de changer ses couleurs et le son du bois cr\u00e9pitant cr\u00e9ent une atmosph\u00e8re unique qui donne \u00e0 chaque soir\u00e9e une atmosph\u00e8re chaleureuse et familiale. Gr\u00e2ce \u00e0 des fonctions de chauffage avanc\u00e9es et des options de t\u00e9l\u00e9commande, cette chemin\u00e9e n&rsquo;est pas seulement une d\u00e9coration, mais aussi un appareil pratique qui augmentera votre confort au quotidien. C&rsquo;est le choix parfait pour ceux qui souhaitent combiner style et confort avec une technologie innovante.<\/p>\n<ul><strong><\/p>\n<p><a href=\"https:\/\/aflamo.shop\/wp-content\/uploads\/2024\/06\/Majestic-PRO_EN-PL-DE-IT-ES-FR-CS-SK-NL-4.pdf\">Manuel d&rsquo;utilisation et de s\u00e9curit\u00e9<\/a><\/p>\n<p><\/strong><\/ul>\n<p>&nbsp;<\/p>\n<h3><strong>Dessins techniques<\/strong><\/h3>\n<p><strong>Majestic PRO 107<\/strong><\/p>\n<p><img loading=\"lazy\" decoding=\"async\" class=\"aligncenter wp-image-10597 size-full\" src=\"https:\/\/aflamo.shop\/wp-content\/uploads\/2024\/06\/Majestic_PRO_107-900x385-1.png\" alt=\"\" width=\"900\" height=\"385\" srcset=\"https:\/\/aflamo.shop\/wp-content\/uploads\/2024\/06\/Majestic_PRO_107-900x385-1.png 900w, https:\/\/aflamo.shop\/wp-content\/uploads\/2024\/06\/Majestic_PRO_107-900x385-1-600x257.png 600w, https:\/\/aflamo.shop\/wp-content\/uploads\/2024\/06\/Majestic_PRO_107-900x385-1-300x128.png 300w, https:\/\/aflamo.shop\/wp-content\/uploads\/2024\/06\/Majestic_PRO_107-900x385-1-768x329.png 768w\" sizes=\"(max-width: 900px) 100vw, 900px\" \/><\/p>\n<p>&nbsp;<\/p>\n<p><strong>Majestic PRO 128<\/strong><\/p>\n<p><img loading=\"lazy\" decoding=\"async\" class=\"aligncenter wp-image-10600 size-full\" src=\"https:\/\/aflamo.shop\/wp-content\/uploads\/2024\/06\/Majestic_PRO_128-900x371-1.png\" alt=\"\" width=\"900\" height=\"371\" srcset=\"https:\/\/aflamo.shop\/wp-content\/uploads\/2024\/06\/Majestic_PRO_128-900x371-1.png 900w, https:\/\/aflamo.shop\/wp-content\/uploads\/2024\/06\/Majestic_PRO_128-900x371-1-600x247.png 600w, https:\/\/aflamo.shop\/wp-content\/uploads\/2024\/06\/Majestic_PRO_128-900x371-1-300x124.png 300w, https:\/\/aflamo.shop\/wp-content\/uploads\/2024\/06\/Majestic_PRO_128-900x371-1-768x317.png 768w\" sizes=\"(max-width: 900px) 100vw, 900px\" \/><\/p>\n<p><strong>Majestic PRO 153<\/strong><\/p>\n<p><img loading=\"lazy\" decoding=\"async\" class=\"aligncenter wp-image-10603 size-full\" src=\"https:\/\/aflamo.shop\/wp-content\/uploads\/2024\/06\/Majestic_PRO_153-900x338-1.png\" alt=\"\" width=\"900\" height=\"338\" srcset=\"https:\/\/aflamo.shop\/wp-content\/uploads\/2024\/06\/Majestic_PRO_153-900x338-1.png 900w, https:\/\/aflamo.shop\/wp-content\/uploads\/2024\/06\/Majestic_PRO_153-900x338-1-600x225.png 600w, https:\/\/aflamo.shop\/wp-content\/uploads\/2024\/06\/Majestic_PRO_153-900x338-1-300x113.png 300w, https:\/\/aflamo.shop\/wp-content\/uploads\/2024\/06\/Majestic_PRO_153-900x338-1-768x288.png 768w\" sizes=\"(max-width: 900px) 100vw, 900px\" \/><\/p>\n<p><strong>Majestic PRO 183<\/strong><\/p>\n<p><img loading=\"lazy\" decoding=\"async\" class=\"aligncenter wp-image-10606 size-full\" src=\"https:\/\/aflamo.shop\/wp-content\/uploads\/2024\/06\/Majestic_PRO_183-900x302-1.png\" alt=\"\" width=\"900\" height=\"302\" srcset=\"https:\/\/aflamo.shop\/wp-content\/uploads\/2024\/06\/Majestic_PRO_183-900x302-1.png 900w, https:\/\/aflamo.shop\/wp-content\/uploads\/2024\/06\/Majestic_PRO_183-900x302-1-600x201.png 600w, https:\/\/aflamo.shop\/wp-content\/uploads\/2024\/06\/Majestic_PRO_183-900x302-1-300x101.png 300w, https:\/\/aflamo.shop\/wp-content\/uploads\/2024\/06\/Majestic_PRO_183-900x302-1-768x258.png 768w\" sizes=\"(max-width: 900px) 100vw, 900px\" \/><\/p>\n","protected":false},"excerpt":{"rendered":"<p>Fabricant : Aflamo<\/p>\n<p>Chemin\u00e9e \u00e9lectrique LED murale\/encastr\u00e9e<\/p>\n<p><b>Mod\u00e8le :<\/b><\/p>\n<ul>\n<li><a href=\"https:\/\/aflamo.shop\/fr\/p\/aflamo-majestic-pro-107-cheminee-electrique-led-murale-encastrable\/\">107<\/a><\/li>\n<li><a href=\"https:\/\/aflamo.shop\/fr\/p\/aflamo-majestic-pro-128-cheminee-electrique-led-murale-encastrable\/\">128<\/a><\/li>\n<li><a href=\"https:\/\/aflamo.shop\/fr\/p\/aflamo-majestic-pro-153-cheminee-electrique-led-murale-encastrable\/\">153<\/a><\/li>\n<li><a href=\"https:\/\/aflamo.shop\/fr\/p\/aflamo-majestic-pro-183-cheminee-electrique-led-murale-encastrable\/\">183<\/a><\/li>\n<\/ul>\n<p><b>Dimensions <\/b>: 128 x 45 x 13 cm<\/p>\n","protected":false},"featured_media":15952,"comment_status":"open","ping_status":"closed","template":"","meta":[],"product_brand":[],"product_cat":[770,170,774,772,776,775,771,773],"product_tag":[777],"class_list":{"0":"post-15970","1":"product","2":"type-product","3":"status-publish","4":"has-post-thumbnail","6":"product_cat-aflamo-fr","7":"product_cat-cheminees-electriques-fr","8":"product_cat-cheminees-electriques-a-accrocher-au-mur","9":"product_cat-cheminees-electriques-a-led-avec-fonction-de-chauffage","10":"product_cat-cheminees-electriques-avec-application-mobile","11":"product_cat-cheminees-electriques-avec-son","12":"product_cat-cheminees-electriques-led-encastrees","13":"product_cat-inserts-electriques-led","14":"product_tag-max-fr","16":"first","17":"instock","18":"shipping-taxable","19":"purchasable","20":"product-type-simple"},"yoast_head":"<!-- This site is optimized with the Yoast SEO plugin v27.4 - https:\/\/yoast.com\/product\/yoast-seo-wordpress\/ -->\n<title>Aflamo Majestic PRO 128 - chemin\u00e9e \u00e9lectrique LED murale\/encastrable - aflamo.shop - revendeur aflamo certifi\u00e9<\/title>\n<meta name=\"description\" content=\"Chemin\u00e9e Majestic PRO \u2013 \u00e9l\u00e9gance et technologie moderne. Flamme r\u00e9aliste, changement de couleur, bruit de bois cr\u00e9pitant et fonction de chauffage.\" \/>\n<meta name=\"robots\" content=\"index, follow, max-snippet:-1, max-image-preview:large, max-video-preview:-1\" \/>\n<link rel=\"canonical\" href=\"https:\/\/aflamo.shop\/fr\/p\/aflamo-majestic-pro-128-cheminee-electrique-led-murale-encastrable\/\" \/>\n<meta property=\"og:locale\" content=\"fr_FR\" \/>\n<meta property=\"og:type\" content=\"article\" \/>\n<meta property=\"og:title\" content=\"Aflamo Majestic PRO 128 - chemin\u00e9e \u00e9lectrique LED murale\/encastrable - aflamo.shop - revendeur aflamo certifi\u00e9\" \/>\n<meta property=\"og:description\" content=\"Chemin\u00e9e Majestic PRO \u2013 \u00e9l\u00e9gance et technologie moderne. Flamme r\u00e9aliste, changement de couleur, bruit de bois cr\u00e9pitant et fonction de chauffage.\" \/>\n<meta property=\"og:url\" content=\"https:\/\/aflamo.shop\/fr\/p\/aflamo-majestic-pro-128-cheminee-electrique-led-murale-encastrable\/\" \/>\n<meta property=\"og:site_name\" content=\"aflamo.shop - revendeur aflamo certifi\u00e9\" \/>\n<meta property=\"article:modified_time\" content=\"2026-04-17T10:21:17+00:00\" \/>\n<meta property=\"og:image\" content=\"https:\/\/aflamo.shop\/wp-content\/uploads\/2024\/06\/Majestic_PRO_front_logs_5-1.jpg\" \/>\n\t<meta property=\"og:image:width\" content=\"2048\" \/>\n\t<meta property=\"og:image:height\" content=\"2048\" \/>\n\t<meta property=\"og:image:type\" content=\"image\/jpeg\" \/>\n<meta name=\"twitter:card\" content=\"summary_large_image\" \/>\n<meta name=\"twitter:label1\" content=\"Dur\u00e9e de lecture estim\u00e9e\" \/>\n\t<meta name=\"twitter:data1\" content=\"6 minutes\" \/>\n<script type=\"application\/ld+json\" class=\"yoast-schema-graph\">{\"@context\":\"https:\\\/\\\/schema.org\",\"@graph\":[{\"@type\":\"WebPage\",\"@id\":\"https:\\\/\\\/aflamo.shop\\\/fr\\\/p\\\/aflamo-majestic-pro-128-cheminee-electrique-led-murale-encastrable\\\/\",\"url\":\"https:\\\/\\\/aflamo.shop\\\/fr\\\/p\\\/aflamo-majestic-pro-128-cheminee-electrique-led-murale-encastrable\\\/\",\"name\":\"Aflamo Majestic PRO 128 - chemin\u00e9e \u00e9lectrique LED murale\\\/encastrable - aflamo.shop - revendeur aflamo certifi\u00e9\",\"isPartOf\":{\"@id\":\"https:\\\/\\\/aflamo.shop\\\/fr\\\/#website\"},\"primaryImageOfPage\":{\"@id\":\"https:\\\/\\\/aflamo.shop\\\/fr\\\/p\\\/aflamo-majestic-pro-128-cheminee-electrique-led-murale-encastrable\\\/#primaryimage\"},\"image\":{\"@id\":\"https:\\\/\\\/aflamo.shop\\\/fr\\\/p\\\/aflamo-majestic-pro-128-cheminee-electrique-led-murale-encastrable\\\/#primaryimage\"},\"thumbnailUrl\":\"https:\\\/\\\/aflamo.shop\\\/wp-content\\\/uploads\\\/2024\\\/06\\\/Majestic_PRO_front_logs_5-1.jpg\",\"datePublished\":\"2024-06-12T13:45:08+00:00\",\"dateModified\":\"2026-04-17T10:21:17+00:00\",\"description\":\"Chemin\u00e9e Majestic PRO \u2013 \u00e9l\u00e9gance et technologie moderne. Flamme r\u00e9aliste, changement de couleur, bruit de bois cr\u00e9pitant et fonction de chauffage.\",\"breadcrumb\":{\"@id\":\"https:\\\/\\\/aflamo.shop\\\/fr\\\/p\\\/aflamo-majestic-pro-128-cheminee-electrique-led-murale-encastrable\\\/#breadcrumb\"},\"inLanguage\":\"fr-FR\",\"potentialAction\":[{\"@type\":\"ReadAction\",\"target\":[\"https:\\\/\\\/aflamo.shop\\\/fr\\\/p\\\/aflamo-majestic-pro-128-cheminee-electrique-led-murale-encastrable\\\/\"]}]},{\"@type\":\"ImageObject\",\"inLanguage\":\"fr-FR\",\"@id\":\"https:\\\/\\\/aflamo.shop\\\/fr\\\/p\\\/aflamo-majestic-pro-128-cheminee-electrique-led-murale-encastrable\\\/#primaryimage\",\"url\":\"https:\\\/\\\/aflamo.shop\\\/wp-content\\\/uploads\\\/2024\\\/06\\\/Majestic_PRO_front_logs_5-1.jpg\",\"contentUrl\":\"https:\\\/\\\/aflamo.shop\\\/wp-content\\\/uploads\\\/2024\\\/06\\\/Majestic_PRO_front_logs_5-1.jpg\",\"width\":2048,\"height\":2048},{\"@type\":\"BreadcrumbList\",\"@id\":\"https:\\\/\\\/aflamo.shop\\\/fr\\\/p\\\/aflamo-majestic-pro-128-cheminee-electrique-led-murale-encastrable\\\/#breadcrumb\",\"itemListElement\":[{\"@type\":\"ListItem\",\"position\":1,\"name\":\"Page d'accueil\",\"item\":\"https:\\\/\\\/aflamo.shop\\\/fr\\\/\"},{\"@type\":\"ListItem\",\"position\":2,\"name\":\"Boutique\",\"item\":\"https:\\\/\\\/aflamo.shop\\\/boutique\\\/\"},{\"@type\":\"ListItem\",\"position\":3,\"name\":\"Chemin\u00e9es \u00e9lectriques\",\"item\":\"https:\\\/\\\/aflamo.shop\\\/fr\\\/s\\\/cheminees-electriques-fr\\\/\"},{\"@type\":\"ListItem\",\"position\":4,\"name\":\"Aflamo Majestic PRO 128 &#8211; chemin\u00e9e \u00e9lectrique LED murale\\\/encastrable\"}]},{\"@type\":\"WebSite\",\"@id\":\"https:\\\/\\\/aflamo.shop\\\/fr\\\/#website\",\"url\":\"https:\\\/\\\/aflamo.shop\\\/fr\\\/\",\"name\":\"aflamo.shop - revendeur aflamo certifi\u00e9\",\"description\":\"Kominki elektryczne Aflamo i Emotion Flame z funkcj\u0105 grzania\",\"publisher\":{\"@id\":\"https:\\\/\\\/aflamo.shop\\\/fr\\\/#organization\"},\"potentialAction\":[{\"@type\":\"SearchAction\",\"target\":{\"@type\":\"EntryPoint\",\"urlTemplate\":\"https:\\\/\\\/aflamo.shop\\\/fr\\\/?s={search_term_string}\"},\"query-input\":{\"@type\":\"PropertyValueSpecification\",\"valueRequired\":true,\"valueName\":\"search_term_string\"}}],\"inLanguage\":\"fr-FR\"},{\"@type\":\"Organization\",\"@id\":\"https:\\\/\\\/aflamo.shop\\\/fr\\\/#organization\",\"name\":\"aflamo.shop - revendeur aflamo certifi\u00e9\",\"url\":\"https:\\\/\\\/aflamo.shop\\\/fr\\\/\",\"logo\":{\"@type\":\"ImageObject\",\"inLanguage\":\"fr-FR\",\"@id\":\"https:\\\/\\\/aflamo.shop\\\/fr\\\/#\\\/schema\\\/logo\\\/image\\\/\",\"url\":\"https:\\\/\\\/aflamo.shop\\\/wp-content\\\/uploads\\\/2019\\\/10\\\/logo2.1-1-1.svg\",\"contentUrl\":\"https:\\\/\\\/aflamo.shop\\\/wp-content\\\/uploads\\\/2019\\\/10\\\/logo2.1-1-1.svg\",\"caption\":\"aflamo.shop - revendeur aflamo certifi\u00e9\"},\"image\":{\"@id\":\"https:\\\/\\\/aflamo.shop\\\/fr\\\/#\\\/schema\\\/logo\\\/image\\\/\"}}]}<\/script>\n<!-- \/ Yoast SEO plugin. -->","yoast_head_json":{"title":"Aflamo Majestic PRO 128 - chemin\u00e9e \u00e9lectrique LED murale\/encastrable - aflamo.shop - revendeur aflamo certifi\u00e9","description":"Chemin\u00e9e Majestic PRO \u2013 \u00e9l\u00e9gance et technologie moderne. Flamme r\u00e9aliste, changement de couleur, bruit de bois cr\u00e9pitant et fonction de chauffage.","robots":{"index":"index","follow":"follow","max-snippet":"max-snippet:-1","max-image-preview":"max-image-preview:large","max-video-preview":"max-video-preview:-1"},"canonical":"https:\/\/aflamo.shop\/fr\/p\/aflamo-majestic-pro-128-cheminee-electrique-led-murale-encastrable\/","og_locale":"fr_FR","og_type":"article","og_title":"Aflamo Majestic PRO 128 - chemin\u00e9e \u00e9lectrique LED murale\/encastrable - aflamo.shop - revendeur aflamo certifi\u00e9","og_description":"Chemin\u00e9e Majestic PRO \u2013 \u00e9l\u00e9gance et technologie moderne. Flamme r\u00e9aliste, changement de couleur, bruit de bois cr\u00e9pitant et fonction de chauffage.","og_url":"https:\/\/aflamo.shop\/fr\/p\/aflamo-majestic-pro-128-cheminee-electrique-led-murale-encastrable\/","og_site_name":"aflamo.shop - revendeur aflamo certifi\u00e9","article_modified_time":"2026-04-17T10:21:17+00:00","og_image":[{"width":2048,"height":2048,"url":"https:\/\/aflamo.shop\/wp-content\/uploads\/2024\/06\/Majestic_PRO_front_logs_5-1.jpg","type":"image\/jpeg"}],"twitter_card":"summary_large_image","twitter_misc":{"Dur\u00e9e de lecture estim\u00e9e":"6 minutes"},"schema":{"@context":"https:\/\/schema.org","@graph":[{"@type":"WebPage","@id":"https:\/\/aflamo.shop\/fr\/p\/aflamo-majestic-pro-128-cheminee-electrique-led-murale-encastrable\/","url":"https:\/\/aflamo.shop\/fr\/p\/aflamo-majestic-pro-128-cheminee-electrique-led-murale-encastrable\/","name":"Aflamo Majestic PRO 128 - chemin\u00e9e \u00e9lectrique LED murale\/encastrable - aflamo.shop - revendeur aflamo certifi\u00e9","isPartOf":{"@id":"https:\/\/aflamo.shop\/fr\/#website"},"primaryImageOfPage":{"@id":"https:\/\/aflamo.shop\/fr\/p\/aflamo-majestic-pro-128-cheminee-electrique-led-murale-encastrable\/#primaryimage"},"image":{"@id":"https:\/\/aflamo.shop\/fr\/p\/aflamo-majestic-pro-128-cheminee-electrique-led-murale-encastrable\/#primaryimage"},"thumbnailUrl":"https:\/\/aflamo.shop\/wp-content\/uploads\/2024\/06\/Majestic_PRO_front_logs_5-1.jpg","datePublished":"2024-06-12T13:45:08+00:00","dateModified":"2026-04-17T10:21:17+00:00","description":"Chemin\u00e9e Majestic PRO \u2013 \u00e9l\u00e9gance et technologie moderne. Flamme r\u00e9aliste, changement de couleur, bruit de bois cr\u00e9pitant et fonction de chauffage.","breadcrumb":{"@id":"https:\/\/aflamo.shop\/fr\/p\/aflamo-majestic-pro-128-cheminee-electrique-led-murale-encastrable\/#breadcrumb"},"inLanguage":"fr-FR","potentialAction":[{"@type":"ReadAction","target":["https:\/\/aflamo.shop\/fr\/p\/aflamo-majestic-pro-128-cheminee-electrique-led-murale-encastrable\/"]}]},{"@type":"ImageObject","inLanguage":"fr-FR","@id":"https:\/\/aflamo.shop\/fr\/p\/aflamo-majestic-pro-128-cheminee-electrique-led-murale-encastrable\/#primaryimage","url":"https:\/\/aflamo.shop\/wp-content\/uploads\/2024\/06\/Majestic_PRO_front_logs_5-1.jpg","contentUrl":"https:\/\/aflamo.shop\/wp-content\/uploads\/2024\/06\/Majestic_PRO_front_logs_5-1.jpg","width":2048,"height":2048},{"@type":"BreadcrumbList","@id":"https:\/\/aflamo.shop\/fr\/p\/aflamo-majestic-pro-128-cheminee-electrique-led-murale-encastrable\/#breadcrumb","itemListElement":[{"@type":"ListItem","position":1,"name":"Page d'accueil","item":"https:\/\/aflamo.shop\/fr\/"},{"@type":"ListItem","position":2,"name":"Boutique","item":"https:\/\/aflamo.shop\/boutique\/"},{"@type":"ListItem","position":3,"name":"Chemin\u00e9es \u00e9lectriques","item":"https:\/\/aflamo.shop\/fr\/s\/cheminees-electriques-fr\/"},{"@type":"ListItem","position":4,"name":"Aflamo Majestic PRO 128 &#8211; chemin\u00e9e \u00e9lectrique LED murale\/encastrable"}]},{"@type":"WebSite","@id":"https:\/\/aflamo.shop\/fr\/#website","url":"https:\/\/aflamo.shop\/fr\/","name":"aflamo.shop - revendeur aflamo certifi\u00e9","description":"Kominki elektryczne Aflamo i Emotion Flame z funkcj\u0105 grzania","publisher":{"@id":"https:\/\/aflamo.shop\/fr\/#organization"},"potentialAction":[{"@type":"SearchAction","target":{"@type":"EntryPoint","urlTemplate":"https:\/\/aflamo.shop\/fr\/?s={search_term_string}"},"query-input":{"@type":"PropertyValueSpecification","valueRequired":true,"valueName":"search_term_string"}}],"inLanguage":"fr-FR"},{"@type":"Organization","@id":"https:\/\/aflamo.shop\/fr\/#organization","name":"aflamo.shop - revendeur aflamo certifi\u00e9","url":"https:\/\/aflamo.shop\/fr\/","logo":{"@type":"ImageObject","inLanguage":"fr-FR","@id":"https:\/\/aflamo.shop\/fr\/#\/schema\/logo\/image\/","url":"https:\/\/aflamo.shop\/wp-content\/uploads\/2019\/10\/logo2.1-1-1.svg","contentUrl":"https:\/\/aflamo.shop\/wp-content\/uploads\/2019\/10\/logo2.1-1-1.svg","caption":"aflamo.shop - revendeur aflamo certifi\u00e9"},"image":{"@id":"https:\/\/aflamo.shop\/fr\/#\/schema\/logo\/image\/"}}]}},"_links":{"self":[{"href":"https:\/\/aflamo.shop\/fr\/wp-json\/wp\/v2\/product\/15970","targetHints":{"allow":["GET"]}}],"collection":[{"href":"https:\/\/aflamo.shop\/fr\/wp-json\/wp\/v2\/product"}],"about":[{"href":"https:\/\/aflamo.shop\/fr\/wp-json\/wp\/v2\/types\/product"}],"replies":[{"embeddable":true,"href":"https:\/\/aflamo.shop\/fr\/wp-json\/wp\/v2\/comments?post=15970"}],"wp:featuredmedia":[{"embeddable":true,"href":"https:\/\/aflamo.shop\/fr\/wp-json\/wp\/v2\/media\/15952"}],"wp:attachment":[{"href":"https:\/\/aflamo.shop\/fr\/wp-json\/wp\/v2\/media?parent=15970"}],"wp:term":[{"taxonomy":"product_brand","embeddable":true,"href":"https:\/\/aflamo.shop\/fr\/wp-json\/wp\/v2\/product_brand?post=15970"},{"taxonomy":"product_cat","embeddable":true,"href":"https:\/\/aflamo.shop\/fr\/wp-json\/wp\/v2\/product_cat?post=15970"},{"taxonomy":"product_tag","embeddable":true,"href":"https:\/\/aflamo.shop\/fr\/wp-json\/wp\/v2\/product_tag?post=15970"}],"curies":[{"name":"wp","href":"https:\/\/api.w.org\/{rel}","templated":true}]}}