{"id":15109,"date":"2024-06-26T11:05:08","date_gmt":"2024-06-26T11:05:08","guid":{"rendered":"https:\/\/aflamo.shop\/p\/aflamo-royal-pro-120-cheminee-electrique-led-encastrable-murale\/"},"modified":"2026-04-17T09:42:07","modified_gmt":"2026-04-17T09:42:07","slug":"aflamo-royal-pro-120-cheminee-electrique-led-murale-encastrable","status":"publish","type":"product","link":"https:\/\/aflamo.shop\/fr\/p\/aflamo-royal-pro-120-cheminee-electrique-led-murale-encastrable\/","title":{"rendered":"Aflamo Royal PRO 120 &#8211; chemin\u00e9e \u00e9lectrique LED murale\/encastrable"},"content":{"rendered":"<p><iframe title=\"Lecteur vid\u00e9o YouTube\" src=\"https:\/\/www.youtube.com\/embed\/IQ_nRpZMrtg?si=1Q9m6BK5E2DoDL_D\" width=\"560\" height=\"315\" frameborder=\"0\" allowfullscreen=\"allowfullscreen\"><span data-mce-type=\"bookmark\" style=\"display: inline-block; width: 0px; overflow: hidden; line-height: 0;\" class=\"mce_SELRES_start\"><\/span><\/iframe><\/p>\n<h2><strong>Chemin\u00e9e \u00e9lectrique murale Royal PRO LED &#8211; \u00e9l\u00e9gance, technologie et confort \u00e0 la fois<\/strong><\/h2>\n<p><strong>Le<\/strong> foyer <strong>Royal PRO<\/strong> est un exemple de la technologie la plus r\u00e9cente dans le domaine des foyers \u00e9lectriques. Avec son effet de flamme <strong>AFLAMO PLUS<\/strong> r\u00e9aliste, ce mod\u00e8le impressionne par son aspect de feu naturel et l&rsquo;\u00e9clairage unique de l&rsquo;\u00e2tre. Con\u00e7u pour les int\u00e9rieurs \u00e9l\u00e9gants, il cr\u00e9e une atmosph\u00e8re chaleureuse tout en offrant confort et fonctionnalit\u00e9.  <\/p>\n<h3><strong>Caract\u00e9ristiques :<\/strong><\/h3>\n<ul>\n<li><strong>Nouvelle qualit\u00e9 de flamme<\/strong>: La chemin\u00e9e Royal PRO utilise la technologie <strong>AFLAMO PLUS<\/strong>, qui offre un effet de flamme r\u00e9aliste. Vous avez le choix entre 3 couleurs de flammes et 13 couleurs d&rsquo;\u00e9clairage du foyer, ce qui vous permet d&rsquo;adapter parfaitement l&rsquo;effet visuel \u00e0 votre humeur et \u00e0 votre d\u00e9coration int\u00e9rieure. <\/li>\n<\/ul>\n<p><img fetchpriority=\"high\" decoding=\"async\" class=\"aligncenter wp-image-10748 size-full\" src=\"https:\/\/aflamo.shop\/wp-content\/uploads\/2024\/06\/unique_flame_royal-pro.jpg\" alt=\"\" width=\"492\" height=\"300\" srcset=\"https:\/\/aflamo.shop\/wp-content\/uploads\/2024\/06\/unique_flame_royal-pro.jpg 492w, https:\/\/aflamo.shop\/wp-content\/uploads\/2024\/06\/unique_flame_royal-pro-300x183.jpg 300w\" sizes=\"(max-width: 492px) 100vw, 492px\" \/><\/p>\n<p>&nbsp;<\/p>\n<ul>\n<li><strong>Un foyer impressionnant<\/strong>: Le Royal PRO est \u00e9quip\u00e9 de b\u00fbches translucides qui ressemblent \u00e0 du bois incandescent, ce qui renforce l&rsquo;impression d&rsquo;un foyer naturel. L&rsquo;effet est encore plus r\u00e9aliste et agr\u00e9able \u00e0 l&rsquo;\u0153il. <\/li>\n<\/ul>\n<p><img decoding=\"async\" class=\"aligncenter wp-image-10761 size-full\" src=\"https:\/\/aflamo.shop\/wp-content\/uploads\/2024\/06\/unique_logs_royal-pro-2.jpg\" alt=\"\" width=\"492\" height=\"300\" srcset=\"https:\/\/aflamo.shop\/wp-content\/uploads\/2024\/06\/unique_logs_royal-pro-2.jpg 492w, https:\/\/aflamo.shop\/wp-content\/uploads\/2024\/06\/unique_logs_royal-pro-2-300x183.jpg 300w\" sizes=\"(max-width: 492px) 100vw, 492px\" \/><\/p>\n<ul>\n<li><strong>Une exp\u00e9rience plus r\u00e9aliste<\/strong>: Le haut-parleur int\u00e9gr\u00e9 \u00e9met des sons authentiques de bois cr\u00e9pitant pour enrichir l&rsquo;exp\u00e9rience de la chemin\u00e9e. Vous cr\u00e9ez ainsi une atmosph\u00e8re chaleureuse, id\u00e9ale pour vous d\u00e9tendre apr\u00e8s une longue journ\u00e9e. <\/li>\n<\/ul>\n<p><img decoding=\"async\" class=\"aligncenter wp-image-10757 size-full\" src=\"https:\/\/aflamo.shop\/wp-content\/uploads\/2024\/06\/unique_sound_royal-pro-1.jpg\" alt=\"\" width=\"492\" height=\"300\" srcset=\"https:\/\/aflamo.shop\/wp-content\/uploads\/2024\/06\/unique_sound_royal-pro-1.jpg 492w, https:\/\/aflamo.shop\/wp-content\/uploads\/2024\/06\/unique_sound_royal-pro-1-300x183.jpg 300w\" sizes=\"(max-width: 492px) 100vw, 492px\" \/><\/p>\n<ul>\n<li><strong>Nombreuses variantes de taille<\/strong>: La chemin\u00e9e est disponible en plusieurs tailles : 100, 120, 140, 160, 180 cm, ce qui permet de l&rsquo;adapter parfaitement \u00e0 la taille de la pi\u00e8ce et \u00e0 la d\u00e9coration int\u00e9rieure.<\/li>\n<\/ul>\n<p><img loading=\"lazy\" decoding=\"async\" class=\"aligncenter wp-image-10754 size-full\" src=\"https:\/\/aflamo.shop\/wp-content\/uploads\/2024\/06\/unique_royal-pro.jpg\" alt=\"\" width=\"492\" height=\"300\" srcset=\"https:\/\/aflamo.shop\/wp-content\/uploads\/2024\/06\/unique_royal-pro.jpg 492w, https:\/\/aflamo.shop\/wp-content\/uploads\/2024\/06\/unique_royal-pro-300x183.jpg 300w\" sizes=\"(max-width: 492px) 100vw, 492px\" \/><\/p>\n<ul>\n<li style=\"list-style-type: none;\">\n<ul>\n<li><strong>Application mobile<\/strong><\/li>\n<\/ul>\n<\/li>\n<\/ul>\n<p><iframe title=\"Lecteur vid\u00e9o YouTube\" src=\"https:\/\/www.youtube.com\/embed\/H9frj9fGZnY?si=YHNoy3_uQ_P_q10N\" width=\"560\" height=\"315\" frameborder=\"0\" allowfullscreen=\"allowfullscreen\"><\/iframe><\/p>\n<ul>\n<li>Contr\u00f4le total de la chemin\u00e9e depuis votre smartphone. Une application d\u00e9di\u00e9e pour Android et iOS vous permet de tout contr\u00f4ler, de l&rsquo;allumage au r\u00e9glage de la flamme et de l&rsquo;\u00e9clairage. La chemin\u00e9e est \u00e9galement compatible avec les commandes vocales via Amazon Alexa.  <\/li>\n<\/ul>\n<p><img loading=\"lazy\" decoding=\"async\" class=\"aligncenter wp-image-10745 size-full\" src=\"https:\/\/aflamo.shop\/wp-content\/uploads\/2024\/06\/unique_app_royal-pro-1.jpg\" alt=\"\" width=\"492\" height=\"300\" srcset=\"https:\/\/aflamo.shop\/wp-content\/uploads\/2024\/06\/unique_app_royal-pro-1.jpg 492w, https:\/\/aflamo.shop\/wp-content\/uploads\/2024\/06\/unique_app_royal-pro-1-300x183.jpg 300w\" sizes=\"(max-width: 492px) 100vw, 492px\" \/><\/p>\n<ul>\n<li><strong>Une flamme aux multiples options de personnalisation<\/strong>: Le Royal PRO offre 3 couleurs de flamme, 5 niveaux de luminosit\u00e9 et 3 vitesses de flamme, ce qui vous permet de personnaliser l&rsquo;apparence de la flamme en fonction de vos pr\u00e9f\u00e9rences personnelles.<\/li>\n<\/ul>\n<p><img loading=\"lazy\" decoding=\"async\" class=\"aligncenter wp-image-10715 \" src=\"https:\/\/aflamo.shop\/wp-content\/uploads\/2024\/06\/Royal_PRO_flame_colors-1.jpg\" alt=\"\" width=\"478\" height=\"314\" srcset=\"https:\/\/aflamo.shop\/wp-content\/uploads\/2024\/06\/Royal_PRO_flame_colors-1.jpg 637w, https:\/\/aflamo.shop\/wp-content\/uploads\/2024\/06\/Royal_PRO_flame_colors-1-600x394.jpg 600w, https:\/\/aflamo.shop\/wp-content\/uploads\/2024\/06\/Royal_PRO_flame_colors-1-300x197.jpg 300w\" sizes=\"(max-width: 478px) 100vw, 478px\" \/><\/p>\n<ul>\n<li><strong>Foyer \u00e9l\u00e9gant<\/strong>: Il est livr\u00e9 avec deux types de foyer &#8211; b\u00fbches et cristaux &#8211; et vous pouvez choisir parmi 13 couleurs d&rsquo;\u00e9clairage du foyer et 5 niveaux de luminosit\u00e9 pour ajouter une touche unique \u00e0 votre int\u00e9rieur.<\/li>\n<\/ul>\n<p><img loading=\"lazy\" decoding=\"async\" class=\"aligncenter wp-image-10691 size-full\" src=\"https:\/\/aflamo.shop\/wp-content\/uploads\/2024\/06\/polana_krysztaly-e1603875138523.png\" alt=\"\" width=\"413\" height=\"297\" srcset=\"https:\/\/aflamo.shop\/wp-content\/uploads\/2024\/06\/polana_krysztaly-e1603875138523.png 413w, https:\/\/aflamo.shop\/wp-content\/uploads\/2024\/06\/polana_krysztaly-e1603875138523-300x216.png 300w\" sizes=\"(max-width: 413px) 100vw, 413px\" \/><\/p>\n<h3><strong>Chauffage et s\u00e9curit\u00e9<\/strong><\/h3>\n<ul>\n<li><strong>Fonction de chauffage<\/strong>: ind\u00e9pendante de l&rsquo;effet de flamme, ce qui permet d&rsquo;utiliser la chemin\u00e9e toute l&rsquo;ann\u00e9e. Deux niveaux de puissance de chauffe peuvent \u00eatre r\u00e9gl\u00e9s (750\/1500W) et la temp\u00e9rature peut \u00eatre r\u00e9gl\u00e9e avec pr\u00e9cision entre 20 et 30\u00b0C. <\/li>\n<li><strong>Fonctions de s\u00e9curit\u00e9 avanc\u00e9es<\/strong>: La chemin\u00e9e est \u00e9quip\u00e9e d&rsquo;une protection contre la surchauffe et d&rsquo;un capteur de fen\u00eatre ouverte pour garantir la s\u00e9curit\u00e9 et le confort.<\/li>\n<li><strong>Efficacit\u00e9 thermique<\/strong>: la fonction innovante de soufflage de chaleur vous permet de r\u00e9chauffer rapidement la pi\u00e8ce et de maintenir une temp\u00e9rature constante et confortable.<\/li>\n<\/ul>\n<h3><strong>Confort et commodit\u00e9<\/strong><\/h3>\n<ul>\n<li><strong>T\u00e9l\u00e9commande<\/strong>: le Royal PRO est \u00e9quip\u00e9 d&rsquo;une t\u00e9l\u00e9commande qui permet de contr\u00f4ler enti\u00e8rement l&rsquo;appareil sans avoir \u00e0 se rendre au foyer.<\/li>\n<li><strong>Minuterie et programmateur hebdomadaire<\/strong>: la fonction minuterie vous permet de programmer l&rsquo;extinction automatique de la chemin\u00e9e apr\u00e8s un certain temps. Le programmateur hebdomadaire vous permet de programmer le cycle du foyer pour chaque jour de la semaine, pour plus de confort et d&rsquo;\u00e9conomies d&rsquo;\u00e9nergie. <\/li>\n<\/ul>\n<h3><\/h3>\n<h3><strong>R\u00e9sum\u00e9<\/strong><\/h3>\n<p><strong>Le Royal PRO<\/strong> est une chemin\u00e9e qui allie un design \u00e9l\u00e9gant, une technologie de pointe et un confort total. Avec ses flammes r\u00e9alistes, ses multiples options de personnalisation et ses fonctions de chauffage, ce mod\u00e8le servira \u00e0 la fois de d\u00e9coration et de source de chaleur pratique que vous pourrez personnaliser tout au long de l&rsquo;ann\u00e9e. <\/p>\n<h3><\/h3>\n<ul><strong><\/p>\n<p><a href=\"https:\/\/aflamo.shop\/wp-content\/uploads\/2024\/06\/Royal-PRO_EN-PL-DE-IT-ES-FR-CS-SK-NL-7.pdf\">Instructions d&rsquo;utilisation et de s\u00e9curit\u00e9<\/a><\/p>\n<p><\/strong><\/ul>\n<h3><strong>Dessins techniques<\/strong><\/h3>\n<p><strong>Royal PRO 100<\/strong><\/p>\n<p><img loading=\"lazy\" decoding=\"async\" class=\"aligncenter wp-image-10696 size-full\" src=\"https:\/\/aflamo.shop\/wp-content\/uploads\/2024\/06\/Royal_PRO_100.png\" alt=\"\" width=\"1031\" height=\"515\" srcset=\"https:\/\/aflamo.shop\/wp-content\/uploads\/2024\/06\/Royal_PRO_100.png 1031w, https:\/\/aflamo.shop\/wp-content\/uploads\/2024\/06\/Royal_PRO_100-600x300.png 600w, https:\/\/aflamo.shop\/wp-content\/uploads\/2024\/06\/Royal_PRO_100-300x150.png 300w, https:\/\/aflamo.shop\/wp-content\/uploads\/2024\/06\/Royal_PRO_100-1024x512.png 1024w, https:\/\/aflamo.shop\/wp-content\/uploads\/2024\/06\/Royal_PRO_100-768x384.png 768w\" sizes=\"(max-width: 1031px) 100vw, 1031px\" \/><\/p>\n<p>&nbsp;<\/p>\n<p>&nbsp;<\/p>\n<p><strong>Royal PRO 120<\/strong><\/p>\n<p><img loading=\"lazy\" decoding=\"async\" class=\"aligncenter wp-image-10699 size-full\" src=\"https:\/\/aflamo.shop\/wp-content\/uploads\/2024\/06\/Royal_PRO_120.png\" alt=\"\" width=\"1340\" height=\"597\" srcset=\"https:\/\/aflamo.shop\/wp-content\/uploads\/2024\/06\/Royal_PRO_120.png 1340w, https:\/\/aflamo.shop\/wp-content\/uploads\/2024\/06\/Royal_PRO_120-600x267.png 600w, https:\/\/aflamo.shop\/wp-content\/uploads\/2024\/06\/Royal_PRO_120-300x134.png 300w, https:\/\/aflamo.shop\/wp-content\/uploads\/2024\/06\/Royal_PRO_120-1024x456.png 1024w, https:\/\/aflamo.shop\/wp-content\/uploads\/2024\/06\/Royal_PRO_120-768x342.png 768w\" sizes=\"(max-width: 1340px) 100vw, 1340px\" \/><\/p>\n<p><strong>Royal PRO 140<\/strong><\/p>\n<p><img loading=\"lazy\" decoding=\"async\" class=\"aligncenter wp-image-10702 size-full\" src=\"https:\/\/aflamo.shop\/wp-content\/uploads\/2024\/06\/Royal_PRO_140.png\" alt=\"\" width=\"1340\" height=\"536\" srcset=\"https:\/\/aflamo.shop\/wp-content\/uploads\/2024\/06\/Royal_PRO_140.png 1340w, https:\/\/aflamo.shop\/wp-content\/uploads\/2024\/06\/Royal_PRO_140-600x240.png 600w, https:\/\/aflamo.shop\/wp-content\/uploads\/2024\/06\/Royal_PRO_140-300x120.png 300w, https:\/\/aflamo.shop\/wp-content\/uploads\/2024\/06\/Royal_PRO_140-1024x410.png 1024w, https:\/\/aflamo.shop\/wp-content\/uploads\/2024\/06\/Royal_PRO_140-768x307.png 768w\" sizes=\"(max-width: 1340px) 100vw, 1340px\" \/><\/p>\n<p><strong>Royal PRO 160<\/strong><\/p>\n<p><img loading=\"lazy\" decoding=\"async\" class=\"aligncenter wp-image-10705 size-full\" src=\"https:\/\/aflamo.shop\/wp-content\/uploads\/2024\/06\/Royal_PRO_160.png\" alt=\"\" width=\"1325\" height=\"487\" srcset=\"https:\/\/aflamo.shop\/wp-content\/uploads\/2024\/06\/Royal_PRO_160.png 1325w, https:\/\/aflamo.shop\/wp-content\/uploads\/2024\/06\/Royal_PRO_160-600x221.png 600w, https:\/\/aflamo.shop\/wp-content\/uploads\/2024\/06\/Royal_PRO_160-300x110.png 300w, https:\/\/aflamo.shop\/wp-content\/uploads\/2024\/06\/Royal_PRO_160-1024x376.png 1024w, https:\/\/aflamo.shop\/wp-content\/uploads\/2024\/06\/Royal_PRO_160-768x282.png 768w\" sizes=\"(max-width: 1325px) 100vw, 1325px\" \/><\/p>\n<p><strong>Royal PRO 180<\/strong><\/p>\n<p><img loading=\"lazy\" decoding=\"async\" class=\"aligncenter wp-image-10708 size-full\" src=\"https:\/\/aflamo.shop\/wp-content\/uploads\/2024\/06\/Royal_PRO_180-1.png\" alt=\"\" width=\"1345\" height=\"454\" srcset=\"https:\/\/aflamo.shop\/wp-content\/uploads\/2024\/06\/Royal_PRO_180-1.png 1345w, https:\/\/aflamo.shop\/wp-content\/uploads\/2024\/06\/Royal_PRO_180-1-600x203.png 600w, https:\/\/aflamo.shop\/wp-content\/uploads\/2024\/06\/Royal_PRO_180-1-300x101.png 300w, https:\/\/aflamo.shop\/wp-content\/uploads\/2024\/06\/Royal_PRO_180-1-1024x346.png 1024w, https:\/\/aflamo.shop\/wp-content\/uploads\/2024\/06\/Royal_PRO_180-1-768x259.png 768w\" sizes=\"(max-width: 1345px) 100vw, 1345px\" \/><\/p>\n","protected":false},"excerpt":{"rendered":"<p>Fabricant : Aflamo<\/p>\n<p>Chemin\u00e9e \u00e9lectrique LED murale\/encastr\u00e9e<\/p>\n<p><b>Mod\u00e8le :<\/b><\/p>\n<ul>\n<li><a href=\"https:\/\/aflamo.shop\/fr\/p\/aflamo-royal-pro-100-cheminee-electrique-led-murale-encastrable\/\">100<\/a><\/li>\n<li><a href=\"https:\/\/aflamo.shop\/fr\/p\/aflamo-royal-pro-120-cheminee-electrique-led-murale-encastrable\/\">120<\/a><\/li>\n<li><a href=\"https:\/\/aflamo.shop\/fr\/p\/aflamo-royal-pro-140-cheminee-electrique-led-murale-encastrable\/\">140<\/a><\/li>\n<li><a href=\"https:\/\/aflamo.shop\/fr\/p\/aflamo-royal-pro-160-cheminee-electrique-led-murale-encastrable\/\">160<\/a><\/li>\n<li><a href=\"https:\/\/aflamo.shop\/fr\/p\/aflamo-royal-pro-180-cheminee-electrique-led-murale-encastrable\/\">180<\/a><\/li>\n<\/ul>\n<p><b>Dimensions :<\/b> 120 x 38 x 16 cm<\/p>\n","protected":false},"featured_media":15079,"comment_status":"open","ping_status":"closed","template":"","meta":[],"product_brand":[],"product_cat":[770,170,774,772,776,775,771,773],"product_tag":[777],"class_list":{"0":"post-15109","1":"product","2":"type-product","3":"status-publish","4":"has-post-thumbnail","6":"product_cat-aflamo-fr","7":"product_cat-cheminees-electriques-fr","8":"product_cat-cheminees-electriques-a-accrocher-au-mur","9":"product_cat-cheminees-electriques-a-led-avec-fonction-de-chauffage","10":"product_cat-cheminees-electriques-avec-application-mobile","11":"product_cat-cheminees-electriques-avec-son","12":"product_cat-cheminees-electriques-led-encastrees","13":"product_cat-inserts-electriques-led","14":"product_tag-max-fr","16":"first","17":"instock","18":"shipping-taxable","19":"purchasable","20":"product-type-simple"},"yoast_head":"<!-- This site is optimized with the Yoast SEO plugin v27.4 - https:\/\/yoast.com\/product\/yoast-seo-wordpress\/ -->\n<title>Aflamo Royal PRO 120 - chemin\u00e9e \u00e9lectrique LED murale\/encastrable - aflamo.shop - revendeur aflamo certifi\u00e9<\/title>\n<meta name=\"description\" content=\"Chemin\u00e9e Royal PRO - design \u00e9l\u00e9gant, flammes r\u00e9alistes et fonction de chauffage. Technologie de pointe et personnalisation pour un confort tout au long de l&#039;ann\u00e9e.\" \/>\n<meta name=\"robots\" content=\"index, follow, max-snippet:-1, max-image-preview:large, max-video-preview:-1\" \/>\n<link rel=\"canonical\" href=\"https:\/\/aflamo.shop\/fr\/p\/aflamo-royal-pro-120-cheminee-electrique-led-murale-encastrable\/\" \/>\n<meta property=\"og:locale\" content=\"fr_FR\" \/>\n<meta property=\"og:type\" content=\"article\" \/>\n<meta property=\"og:title\" content=\"Aflamo Royal PRO 120 - chemin\u00e9e \u00e9lectrique LED murale\/encastrable - aflamo.shop - revendeur aflamo certifi\u00e9\" \/>\n<meta property=\"og:description\" content=\"Chemin\u00e9e Royal PRO - design \u00e9l\u00e9gant, flammes r\u00e9alistes et fonction de chauffage. Technologie de pointe et personnalisation pour un confort tout au long de l&#039;ann\u00e9e.\" \/>\n<meta property=\"og:url\" content=\"https:\/\/aflamo.shop\/fr\/p\/aflamo-royal-pro-120-cheminee-electrique-led-murale-encastrable\/\" \/>\n<meta property=\"og:site_name\" content=\"aflamo.shop - revendeur aflamo certifi\u00e9\" \/>\n<meta property=\"article:modified_time\" content=\"2026-04-17T09:42:07+00:00\" \/>\n<meta property=\"og:image\" content=\"https:\/\/aflamo.shop\/wp-content\/uploads\/2024\/06\/Royal_PRO_front_1.jpg\" \/>\n\t<meta property=\"og:image:width\" content=\"2048\" \/>\n\t<meta property=\"og:image:height\" content=\"2048\" \/>\n\t<meta property=\"og:image:type\" content=\"image\/jpeg\" \/>\n<meta name=\"twitter:card\" content=\"summary_large_image\" \/>\n<meta name=\"twitter:label1\" content=\"Dur\u00e9e de lecture estim\u00e9e\" \/>\n\t<meta name=\"twitter:data1\" content=\"7 minutes\" \/>\n<script type=\"application\/ld+json\" class=\"yoast-schema-graph\">{\"@context\":\"https:\\\/\\\/schema.org\",\"@graph\":[{\"@type\":\"WebPage\",\"@id\":\"https:\\\/\\\/aflamo.shop\\\/fr\\\/p\\\/aflamo-royal-pro-120-cheminee-electrique-led-murale-encastrable\\\/\",\"url\":\"https:\\\/\\\/aflamo.shop\\\/fr\\\/p\\\/aflamo-royal-pro-120-cheminee-electrique-led-murale-encastrable\\\/\",\"name\":\"Aflamo Royal PRO 120 - chemin\u00e9e \u00e9lectrique LED murale\\\/encastrable - aflamo.shop - revendeur aflamo certifi\u00e9\",\"isPartOf\":{\"@id\":\"https:\\\/\\\/aflamo.shop\\\/fr\\\/#website\"},\"primaryImageOfPage\":{\"@id\":\"https:\\\/\\\/aflamo.shop\\\/fr\\\/p\\\/aflamo-royal-pro-120-cheminee-electrique-led-murale-encastrable\\\/#primaryimage\"},\"image\":{\"@id\":\"https:\\\/\\\/aflamo.shop\\\/fr\\\/p\\\/aflamo-royal-pro-120-cheminee-electrique-led-murale-encastrable\\\/#primaryimage\"},\"thumbnailUrl\":\"https:\\\/\\\/aflamo.shop\\\/wp-content\\\/uploads\\\/2024\\\/06\\\/Royal_PRO_front_1.jpg\",\"datePublished\":\"2024-06-26T11:05:08+00:00\",\"dateModified\":\"2026-04-17T09:42:07+00:00\",\"description\":\"Chemin\u00e9e Royal PRO - design \u00e9l\u00e9gant, flammes r\u00e9alistes et fonction de chauffage. Technologie de pointe et personnalisation pour un confort tout au long de l'ann\u00e9e.\",\"breadcrumb\":{\"@id\":\"https:\\\/\\\/aflamo.shop\\\/fr\\\/p\\\/aflamo-royal-pro-120-cheminee-electrique-led-murale-encastrable\\\/#breadcrumb\"},\"inLanguage\":\"fr-FR\",\"potentialAction\":[{\"@type\":\"ReadAction\",\"target\":[\"https:\\\/\\\/aflamo.shop\\\/fr\\\/p\\\/aflamo-royal-pro-120-cheminee-electrique-led-murale-encastrable\\\/\"]}]},{\"@type\":\"ImageObject\",\"inLanguage\":\"fr-FR\",\"@id\":\"https:\\\/\\\/aflamo.shop\\\/fr\\\/p\\\/aflamo-royal-pro-120-cheminee-electrique-led-murale-encastrable\\\/#primaryimage\",\"url\":\"https:\\\/\\\/aflamo.shop\\\/wp-content\\\/uploads\\\/2024\\\/06\\\/Royal_PRO_front_1.jpg\",\"contentUrl\":\"https:\\\/\\\/aflamo.shop\\\/wp-content\\\/uploads\\\/2024\\\/06\\\/Royal_PRO_front_1.jpg\",\"width\":2048,\"height\":2048},{\"@type\":\"BreadcrumbList\",\"@id\":\"https:\\\/\\\/aflamo.shop\\\/fr\\\/p\\\/aflamo-royal-pro-120-cheminee-electrique-led-murale-encastrable\\\/#breadcrumb\",\"itemListElement\":[{\"@type\":\"ListItem\",\"position\":1,\"name\":\"Page d'accueil\",\"item\":\"https:\\\/\\\/aflamo.shop\\\/fr\\\/\"},{\"@type\":\"ListItem\",\"position\":2,\"name\":\"Boutique\",\"item\":\"https:\\\/\\\/aflamo.shop\\\/boutique\\\/\"},{\"@type\":\"ListItem\",\"position\":3,\"name\":\"Chemin\u00e9es \u00e9lectriques\",\"item\":\"https:\\\/\\\/aflamo.shop\\\/fr\\\/s\\\/cheminees-electriques-fr\\\/\"},{\"@type\":\"ListItem\",\"position\":4,\"name\":\"Aflamo Royal PRO 120 &#8211; chemin\u00e9e \u00e9lectrique LED murale\\\/encastrable\"}]},{\"@type\":\"WebSite\",\"@id\":\"https:\\\/\\\/aflamo.shop\\\/fr\\\/#website\",\"url\":\"https:\\\/\\\/aflamo.shop\\\/fr\\\/\",\"name\":\"aflamo.shop - revendeur aflamo certifi\u00e9\",\"description\":\"Kominki elektryczne Aflamo i Emotion Flame z funkcj\u0105 grzania\",\"publisher\":{\"@id\":\"https:\\\/\\\/aflamo.shop\\\/fr\\\/#organization\"},\"potentialAction\":[{\"@type\":\"SearchAction\",\"target\":{\"@type\":\"EntryPoint\",\"urlTemplate\":\"https:\\\/\\\/aflamo.shop\\\/fr\\\/?s={search_term_string}\"},\"query-input\":{\"@type\":\"PropertyValueSpecification\",\"valueRequired\":true,\"valueName\":\"search_term_string\"}}],\"inLanguage\":\"fr-FR\"},{\"@type\":\"Organization\",\"@id\":\"https:\\\/\\\/aflamo.shop\\\/fr\\\/#organization\",\"name\":\"aflamo.shop - revendeur aflamo certifi\u00e9\",\"url\":\"https:\\\/\\\/aflamo.shop\\\/fr\\\/\",\"logo\":{\"@type\":\"ImageObject\",\"inLanguage\":\"fr-FR\",\"@id\":\"https:\\\/\\\/aflamo.shop\\\/fr\\\/#\\\/schema\\\/logo\\\/image\\\/\",\"url\":\"https:\\\/\\\/aflamo.shop\\\/wp-content\\\/uploads\\\/2019\\\/10\\\/logo2.1-1-1.svg\",\"contentUrl\":\"https:\\\/\\\/aflamo.shop\\\/wp-content\\\/uploads\\\/2019\\\/10\\\/logo2.1-1-1.svg\",\"caption\":\"aflamo.shop - revendeur aflamo certifi\u00e9\"},\"image\":{\"@id\":\"https:\\\/\\\/aflamo.shop\\\/fr\\\/#\\\/schema\\\/logo\\\/image\\\/\"}}]}<\/script>\n<!-- \/ Yoast SEO plugin. -->","yoast_head_json":{"title":"Aflamo Royal PRO 120 - chemin\u00e9e \u00e9lectrique LED murale\/encastrable - aflamo.shop - revendeur aflamo certifi\u00e9","description":"Chemin\u00e9e Royal PRO - design \u00e9l\u00e9gant, flammes r\u00e9alistes et fonction de chauffage. Technologie de pointe et personnalisation pour un confort tout au long de l'ann\u00e9e.","robots":{"index":"index","follow":"follow","max-snippet":"max-snippet:-1","max-image-preview":"max-image-preview:large","max-video-preview":"max-video-preview:-1"},"canonical":"https:\/\/aflamo.shop\/fr\/p\/aflamo-royal-pro-120-cheminee-electrique-led-murale-encastrable\/","og_locale":"fr_FR","og_type":"article","og_title":"Aflamo Royal PRO 120 - chemin\u00e9e \u00e9lectrique LED murale\/encastrable - aflamo.shop - revendeur aflamo certifi\u00e9","og_description":"Chemin\u00e9e Royal PRO - design \u00e9l\u00e9gant, flammes r\u00e9alistes et fonction de chauffage. Technologie de pointe et personnalisation pour un confort tout au long de l'ann\u00e9e.","og_url":"https:\/\/aflamo.shop\/fr\/p\/aflamo-royal-pro-120-cheminee-electrique-led-murale-encastrable\/","og_site_name":"aflamo.shop - revendeur aflamo certifi\u00e9","article_modified_time":"2026-04-17T09:42:07+00:00","og_image":[{"width":2048,"height":2048,"url":"https:\/\/aflamo.shop\/wp-content\/uploads\/2024\/06\/Royal_PRO_front_1.jpg","type":"image\/jpeg"}],"twitter_card":"summary_large_image","twitter_misc":{"Dur\u00e9e de lecture estim\u00e9e":"7 minutes"},"schema":{"@context":"https:\/\/schema.org","@graph":[{"@type":"WebPage","@id":"https:\/\/aflamo.shop\/fr\/p\/aflamo-royal-pro-120-cheminee-electrique-led-murale-encastrable\/","url":"https:\/\/aflamo.shop\/fr\/p\/aflamo-royal-pro-120-cheminee-electrique-led-murale-encastrable\/","name":"Aflamo Royal PRO 120 - chemin\u00e9e \u00e9lectrique LED murale\/encastrable - aflamo.shop - revendeur aflamo certifi\u00e9","isPartOf":{"@id":"https:\/\/aflamo.shop\/fr\/#website"},"primaryImageOfPage":{"@id":"https:\/\/aflamo.shop\/fr\/p\/aflamo-royal-pro-120-cheminee-electrique-led-murale-encastrable\/#primaryimage"},"image":{"@id":"https:\/\/aflamo.shop\/fr\/p\/aflamo-royal-pro-120-cheminee-electrique-led-murale-encastrable\/#primaryimage"},"thumbnailUrl":"https:\/\/aflamo.shop\/wp-content\/uploads\/2024\/06\/Royal_PRO_front_1.jpg","datePublished":"2024-06-26T11:05:08+00:00","dateModified":"2026-04-17T09:42:07+00:00","description":"Chemin\u00e9e Royal PRO - design \u00e9l\u00e9gant, flammes r\u00e9alistes et fonction de chauffage. Technologie de pointe et personnalisation pour un confort tout au long de l'ann\u00e9e.","breadcrumb":{"@id":"https:\/\/aflamo.shop\/fr\/p\/aflamo-royal-pro-120-cheminee-electrique-led-murale-encastrable\/#breadcrumb"},"inLanguage":"fr-FR","potentialAction":[{"@type":"ReadAction","target":["https:\/\/aflamo.shop\/fr\/p\/aflamo-royal-pro-120-cheminee-electrique-led-murale-encastrable\/"]}]},{"@type":"ImageObject","inLanguage":"fr-FR","@id":"https:\/\/aflamo.shop\/fr\/p\/aflamo-royal-pro-120-cheminee-electrique-led-murale-encastrable\/#primaryimage","url":"https:\/\/aflamo.shop\/wp-content\/uploads\/2024\/06\/Royal_PRO_front_1.jpg","contentUrl":"https:\/\/aflamo.shop\/wp-content\/uploads\/2024\/06\/Royal_PRO_front_1.jpg","width":2048,"height":2048},{"@type":"BreadcrumbList","@id":"https:\/\/aflamo.shop\/fr\/p\/aflamo-royal-pro-120-cheminee-electrique-led-murale-encastrable\/#breadcrumb","itemListElement":[{"@type":"ListItem","position":1,"name":"Page d'accueil","item":"https:\/\/aflamo.shop\/fr\/"},{"@type":"ListItem","position":2,"name":"Boutique","item":"https:\/\/aflamo.shop\/boutique\/"},{"@type":"ListItem","position":3,"name":"Chemin\u00e9es \u00e9lectriques","item":"https:\/\/aflamo.shop\/fr\/s\/cheminees-electriques-fr\/"},{"@type":"ListItem","position":4,"name":"Aflamo Royal PRO 120 &#8211; chemin\u00e9e \u00e9lectrique LED murale\/encastrable"}]},{"@type":"WebSite","@id":"https:\/\/aflamo.shop\/fr\/#website","url":"https:\/\/aflamo.shop\/fr\/","name":"aflamo.shop - revendeur aflamo certifi\u00e9","description":"Kominki elektryczne Aflamo i Emotion Flame z funkcj\u0105 grzania","publisher":{"@id":"https:\/\/aflamo.shop\/fr\/#organization"},"potentialAction":[{"@type":"SearchAction","target":{"@type":"EntryPoint","urlTemplate":"https:\/\/aflamo.shop\/fr\/?s={search_term_string}"},"query-input":{"@type":"PropertyValueSpecification","valueRequired":true,"valueName":"search_term_string"}}],"inLanguage":"fr-FR"},{"@type":"Organization","@id":"https:\/\/aflamo.shop\/fr\/#organization","name":"aflamo.shop - revendeur aflamo certifi\u00e9","url":"https:\/\/aflamo.shop\/fr\/","logo":{"@type":"ImageObject","inLanguage":"fr-FR","@id":"https:\/\/aflamo.shop\/fr\/#\/schema\/logo\/image\/","url":"https:\/\/aflamo.shop\/wp-content\/uploads\/2019\/10\/logo2.1-1-1.svg","contentUrl":"https:\/\/aflamo.shop\/wp-content\/uploads\/2019\/10\/logo2.1-1-1.svg","caption":"aflamo.shop - revendeur aflamo certifi\u00e9"},"image":{"@id":"https:\/\/aflamo.shop\/fr\/#\/schema\/logo\/image\/"}}]}},"_links":{"self":[{"href":"https:\/\/aflamo.shop\/fr\/wp-json\/wp\/v2\/product\/15109","targetHints":{"allow":["GET"]}}],"collection":[{"href":"https:\/\/aflamo.shop\/fr\/wp-json\/wp\/v2\/product"}],"about":[{"href":"https:\/\/aflamo.shop\/fr\/wp-json\/wp\/v2\/types\/product"}],"replies":[{"embeddable":true,"href":"https:\/\/aflamo.shop\/fr\/wp-json\/wp\/v2\/comments?post=15109"}],"wp:featuredmedia":[{"embeddable":true,"href":"https:\/\/aflamo.shop\/fr\/wp-json\/wp\/v2\/media\/15079"}],"wp:attachment":[{"href":"https:\/\/aflamo.shop\/fr\/wp-json\/wp\/v2\/media?parent=15109"}],"wp:term":[{"taxonomy":"product_brand","embeddable":true,"href":"https:\/\/aflamo.shop\/fr\/wp-json\/wp\/v2\/product_brand?post=15109"},{"taxonomy":"product_cat","embeddable":true,"href":"https:\/\/aflamo.shop\/fr\/wp-json\/wp\/v2\/product_cat?post=15109"},{"taxonomy":"product_tag","embeddable":true,"href":"https:\/\/aflamo.shop\/fr\/wp-json\/wp\/v2\/product_tag?post=15109"}],"curies":[{"name":"wp","href":"https:\/\/api.w.org\/{rel}","templated":true}]}}