{"id":15049,"date":"2024-09-09T10:37:20","date_gmt":"2024-09-09T10:37:20","guid":{"rendered":"https:\/\/aflamo.shop\/p\/aflamo-honos-185-avec-mur-en-verre-cheminee-bio-encastree\/"},"modified":"2026-04-17T09:29:21","modified_gmt":"2026-04-17T09:29:21","slug":"aflamo-honos-185-avec-verre-cheminee-murale-encastree","status":"publish","type":"product","link":"https:\/\/aflamo.shop\/fr\/p\/aflamo-honos-185-avec-verre-cheminee-murale-encastree\/","title":{"rendered":"Aflamo Honos 185 avec mur en verre\/chemin\u00e9e bio encastr\u00e9e"},"content":{"rendered":"<h3><strong>Caract\u00e9ristiques de la chemin\u00e9e<\/strong><\/h3>\n<p>&nbsp;<\/p>\n<p><b>Honos<\/b> with glass est une chemin\u00e9e murale au design minimaliste. L&rsquo;\u00e9l\u00e9gance \u00e0 l&rsquo;\u00e9tat pur, sans ajouts superflus. Honos remplira votre int\u00e9rieur et rendra les autres accessoires superflus.  <\/p>\n<p>Vous pouvez d\u00e9sormais profiter de la beaut\u00e9 d&rsquo;une vraie flamme dans n&rsquo;importe quelle pi\u00e8ce.<\/p>\n<div class=\"more-info\">\n<div class=\"tab-content\">\n<section id=\"idTab1\" class=\"page-product-box\">\n<div class=\"rte\">\n<div class=\"row\">\n<div id=\"\" class=\"col-xs-12 col-sm-6 \">\n<div id=\"\" class=\"eds-on-scroll eds-scroll-visible animated fadeInUp duration2\">\n<ul>\n<li>Chemin\u00e9e bio murale<\/li>\n<li>Design unique et moderne<\/li>\n<li>Un travail de qualit\u00e9<\/li>\n<li>Br\u00fbleur de s\u00e9curit\u00e9 certifi\u00e9 TUV<\/li>\n<\/ul>\n<p>&nbsp;<\/p>\n<h6><strong>Logement  <img fetchpriority=\"high\" decoding=\"async\" class=\"alignright wp-image-10806 size-full\" src=\"https:\/\/aflamo.shop\/wp-content\/uploads\/2024\/09\/Honos_glass_right-400x288-1.jpg\" alt=\"\" width=\"400\" height=\"288\" srcset=\"https:\/\/aflamo.shop\/wp-content\/uploads\/2024\/09\/Honos_glass_right-400x288-1.jpg 400w, https:\/\/aflamo.shop\/wp-content\/uploads\/2024\/09\/Honos_glass_right-400x288-1-300x216.jpg 300w\" sizes=\"(max-width: 400px) 100vw, 400px\" \/><\/strong><\/h6>\n<ul>\n<li>couleur : noir mat<\/li>\n<li>enti\u00e8rement en acier<\/li>\n<li>qualit\u00e9 sup\u00e9rieure gr\u00e2ce aux angles soud\u00e9s et rectifi\u00e9s<\/li>\n<li>peints avec une peinture r\u00e9sistante \u00e0 la chaleur et aux dommages<\/li>\n<\/ul>\n<h6><\/h6>\n<h6><strong>Br\u00fbleur<\/strong><\/h6>\n<\/div>\n<p>Le br\u00fbleur utilis\u00e9 dans cette bio-foyer est en acier inoxydable. Il est \u00e9quip\u00e9 d&rsquo;un \u00e9l\u00e9ment absorbant qui garantit une utilisation s\u00fbre et \u00e9limine le risque de d\u00e9versement incontr\u00f4l\u00e9 de biocarburant. <\/p>\n<p>Un extincteur sp\u00e9cial est inclus dans chaque kit complet, ce qui permet d&rsquo;\u00e9teindre facilement et rapidement les flammes du bio-foyer \u00e0 tout moment.<\/p>\n<div id=\"\" class=\"eds-on-scroll eds-scroll-visible animated fadeInUp duration2\">\n<ul>\n<li>s\u00fbr avec certificat TUV<\/li>\n<li>La conception sophistiqu\u00e9e assure une combustion uniforme sur toute la largeur.<\/li>\n<li>l&rsquo;insert en c\u00e9ramique r\u00e9duit le risque de d\u00e9versement de biocarburant<\/li>\n<li>en acier inoxydable<\/li>\n<\/ul>\n<p><img decoding=\"async\" class=\"aligncenter wp-image-10794 size-full\" src=\"https:\/\/aflamo.shop\/wp-content\/uploads\/2024\/09\/Honos_glass_front_flame-2.jpg\" alt=\"\" width=\"1900\" height=\"834\" srcset=\"https:\/\/aflamo.shop\/wp-content\/uploads\/2024\/09\/Honos_glass_front_flame-2.jpg 1900w, https:\/\/aflamo.shop\/wp-content\/uploads\/2024\/09\/Honos_glass_front_flame-2-600x263.jpg 600w, https:\/\/aflamo.shop\/wp-content\/uploads\/2024\/09\/Honos_glass_front_flame-2-300x132.jpg 300w, https:\/\/aflamo.shop\/wp-content\/uploads\/2024\/09\/Honos_glass_front_flame-2-1024x449.jpg 1024w, https:\/\/aflamo.shop\/wp-content\/uploads\/2024\/09\/Honos_glass_front_flame-2-768x337.jpg 768w, https:\/\/aflamo.shop\/wp-content\/uploads\/2024\/09\/Honos_glass_front_flame-2-1536x674.jpg 1536w\" sizes=\"(max-width: 1900px) 100vw, 1900px\" \/><\/p>\n<div class=\"flex flex-grow flex-col gap-3\">\n<div class=\"min-h-[20px] flex flex-col items-start gap-3 overflow-x-auto whitespace-pre-wrap break-words\">\n<div class=\"markdown prose w-full break-words dark:prose-invert light\">\n<p>Le bio-foyer mural Honos est une pi\u00e8ce unique et \u00e9l\u00e9gante qui apporte non seulement la vue magique d&rsquo;un feu br\u00fblant dans un espace, mais aussi une esth\u00e9tique minimaliste.<\/p>\n<p>Honos est une chemin\u00e9e bio murale qui souligne par sa simplicit\u00e9 le style d&rsquo;un int\u00e9rieur moderne. Son design minimaliste en fait non seulement une source de chaleur, mais aussi une \u0153uvre d&rsquo;art \u00e0 part enti\u00e8re qui attire le regard et cr\u00e9e un point focal unique dans la pi\u00e8ce. Sans ajouts ni ornements superflus, Honos respire l&rsquo;\u00e9l\u00e9gance et la classe.  <\/p>\n<p>L&rsquo;\u00e9l\u00e9gance de Honos r\u00e9side dans sa forme pure. R\u00e9duite \u00e0 l&rsquo;essentiel, cette bio-chemin\u00e9e permet \u00e0 la flamme de devenir la star du d\u00e9cor. En s&rsquo;interdisant toute d\u00e9coration superflue, Honos emplit l&rsquo;int\u00e9rieur d&rsquo;un rayonnement authentique et introduit une atmosph\u00e8re de calme et de d\u00e9tente. Plus qu&rsquo;une simple source de lumi\u00e8re ou de chaleur, c&rsquo;est une invitation \u00e0 la contemplation et \u00e0 un moment de repos.   <\/p>\n<p>L&rsquo;utilisation du bio-foyer Honos vous permet de profiter de la beaut\u00e9 d&rsquo;une vraie flamme dans n&rsquo;importe quelle pi\u00e8ce. Sans n\u00e9cessiter d&rsquo;installations compliqu\u00e9es ou de raccordement \u00e0 des conduites de gaz, Honos vous donne la libert\u00e9 totale de le placer partout o\u00f9 il a besoin d&rsquo;un accent unique. Qu&rsquo;il s&rsquo;agisse du salon, de la chambre \u00e0 coucher ou de la salle de s\u00e9jour, Honos apporte une aura unique de chaleur et de magie \u00e0 l&rsquo;espace.  <\/p>\n<p>Dans l&rsquo;ensemble, la chemin\u00e9e murale Honos est la quintessence du minimalisme et de l&rsquo;\u00e9l\u00e9gance. Son design simple met en valeur le spectacle unique d&rsquo;un feu br\u00fblant, qui devient le point central de tout int\u00e9rieur. Honos n&rsquo;est pas seulement une chemin\u00e9e bio, c&rsquo;est un accent artistique qui cr\u00e9e une ambiance unique, rendant les moments quotidiens sp\u00e9ciaux. Il est \u00e9galement disponible en version verre.   <\/p>\n<\/div>\n<ul><strong><\/p>\n<p><a href=\"https:\/\/aflamo.shop\/wp-content\/uploads\/2024\/09\/bio_manual_EN-PL-DE-FR-ES-IT-5.pdf\">Mode d&#8217;emploi<\/a><\/p>\n<p><a href=\"https:\/\/aflamo.shop\/wp-content\/uploads\/2024\/09\/Juno_Honos_glass_installation_EN-PL-DE-FR-ES-IT-4.pdf\"><br \/>\ninstructions d&rsquo;installation du vitrage<\/a><\/p>\n<p><a href=\"https:\/\/aflamo.shop\/wp-content\/uploads\/2024\/09\/Juno_Honos_manual_EN-PL-DE-FR-ES-IT-2.pdf\">Instructions pour l&rsquo;installation du bio-foyer<\/a><\/p>\n<p><a href=\"https:\/\/aflamo.shop\/wp-content\/uploads\/2024\/09\/Safety_instructions_EN-PL-DE-IT-ES-FR-CS-SK-NL-5.pdf\">Informations importantes en mati\u00e8re de s\u00e9curit\u00e9<\/a><\/p>\n<p><\/strong><\/ul>\n<h3><strong>Dessin technique<\/strong><\/h3>\n<p>&nbsp;<\/p>\n<p><strong>Honos 65 avec verre<\/strong><\/p>\n<ul>\n<li>Br\u00fbleur 28<\/li>\n<li>capacit\u00e9 0,35 litres<\/li>\n<li>dur\u00e9e de combustion 1h<\/li>\n<\/ul>\n<p><img decoding=\"async\" class=\"alignnone wp-image-10809 size-full\" src=\"https:\/\/aflamo.shop\/wp-content\/uploads\/2024\/09\/Honos-glass_65-900x860-1.png\" alt=\"\" width=\"900\" height=\"860\" srcset=\"https:\/\/aflamo.shop\/wp-content\/uploads\/2024\/09\/Honos-glass_65-900x860-1.png 900w, https:\/\/aflamo.shop\/wp-content\/uploads\/2024\/09\/Honos-glass_65-900x860-1-600x573.png 600w, https:\/\/aflamo.shop\/wp-content\/uploads\/2024\/09\/Honos-glass_65-900x860-1-300x287.png 300w, https:\/\/aflamo.shop\/wp-content\/uploads\/2024\/09\/Honos-glass_65-900x860-1-768x734.png 768w\" sizes=\"(max-width: 900px) 100vw, 900px\" \/><\/p>\n<p>&nbsp;<\/p>\n<p><strong>Honos 90<\/strong><\/p>\n<ul>\n<li>Br\u00fbleur 53<\/li>\n<li>capacit\u00e9 0,75 litres<\/li>\n<li>Dur\u00e9e de combustion 1h 20min<\/li>\n<\/ul>\n<p><img loading=\"lazy\" decoding=\"async\" class=\"alignnone wp-image-10812 size-full\" src=\"https:\/\/aflamo.shop\/wp-content\/uploads\/2024\/09\/Honos-glass_90-900x720-1.png\" alt=\"\" width=\"900\" height=\"720\" srcset=\"https:\/\/aflamo.shop\/wp-content\/uploads\/2024\/09\/Honos-glass_90-900x720-1.png 900w, https:\/\/aflamo.shop\/wp-content\/uploads\/2024\/09\/Honos-glass_90-900x720-1-600x480.png 600w, https:\/\/aflamo.shop\/wp-content\/uploads\/2024\/09\/Honos-glass_90-900x720-1-300x240.png 300w, https:\/\/aflamo.shop\/wp-content\/uploads\/2024\/09\/Honos-glass_90-900x720-1-768x614.png 768w\" sizes=\"(max-width: 900px) 100vw, 900px\" \/><\/p>\n<p>&nbsp;<\/p>\n<p><strong>Honos 125<\/strong><\/p>\n<ul>\n<li>Br\u00fbleur 80<\/li>\n<li>capacit\u00e9 1,24 litres<\/li>\n<li>dur\u00e9e de combustion 75min<\/li>\n<\/ul>\n<p><img loading=\"lazy\" decoding=\"async\" class=\"alignnone wp-image-10815 size-full\" src=\"https:\/\/aflamo.shop\/wp-content\/uploads\/2024\/09\/Honos-glass_125-900x706-1.png\" alt=\"\" width=\"900\" height=\"706\" srcset=\"https:\/\/aflamo.shop\/wp-content\/uploads\/2024\/09\/Honos-glass_125-900x706-1.png 900w, https:\/\/aflamo.shop\/wp-content\/uploads\/2024\/09\/Honos-glass_125-900x706-1-600x471.png 600w, https:\/\/aflamo.shop\/wp-content\/uploads\/2024\/09\/Honos-glass_125-900x706-1-300x235.png 300w, https:\/\/aflamo.shop\/wp-content\/uploads\/2024\/09\/Honos-glass_125-900x706-1-768x602.png 768w\" sizes=\"(max-width: 900px) 100vw, 900px\" \/><\/p>\n<p>&nbsp;<\/p>\n<p><strong>Honos 155<\/strong><\/p>\n<ul>\n<li>2 x br\u00fbleur 53<\/li>\n<li>capacit\u00e9 2 x 0,75 litres<\/li>\n<li>Dur\u00e9e de combustion 1h 20min<\/li>\n<\/ul>\n<p><img loading=\"lazy\" decoding=\"async\" class=\"alignnone wp-image-10818 size-full\" src=\"https:\/\/aflamo.shop\/wp-content\/uploads\/2024\/09\/Honos-glass_155-900x560-1.png\" alt=\"\" width=\"900\" height=\"560\" srcset=\"https:\/\/aflamo.shop\/wp-content\/uploads\/2024\/09\/Honos-glass_155-900x560-1.png 900w, https:\/\/aflamo.shop\/wp-content\/uploads\/2024\/09\/Honos-glass_155-900x560-1-600x373.png 600w, https:\/\/aflamo.shop\/wp-content\/uploads\/2024\/09\/Honos-glass_155-900x560-1-300x187.png 300w, https:\/\/aflamo.shop\/wp-content\/uploads\/2024\/09\/Honos-glass_155-900x560-1-768x478.png 768w\" sizes=\"(max-width: 900px) 100vw, 900px\" \/><\/p>\n<p>&nbsp;<\/p>\n<p><strong>Honos 185<\/strong><\/p>\n<ul>\n<li>2 x br\u00fbleur 80<\/li>\n<li>capacit\u00e9 2 x 1,24 litres<\/li>\n<li>dur\u00e9e de combustion 75min<\/li>\n<\/ul>\n<p><img loading=\"lazy\" decoding=\"async\" class=\"alignnone wp-image-10821 size-full\" src=\"https:\/\/aflamo.shop\/wp-content\/uploads\/2024\/09\/Honos-glass_185-900x515-1.png\" alt=\"\" width=\"900\" height=\"515\" srcset=\"https:\/\/aflamo.shop\/wp-content\/uploads\/2024\/09\/Honos-glass_185-900x515-1.png 900w, https:\/\/aflamo.shop\/wp-content\/uploads\/2024\/09\/Honos-glass_185-900x515-1-600x343.png 600w, https:\/\/aflamo.shop\/wp-content\/uploads\/2024\/09\/Honos-glass_185-900x515-1-300x172.png 300w, https:\/\/aflamo.shop\/wp-content\/uploads\/2024\/09\/Honos-glass_185-900x515-1-768x439.png 768w\" sizes=\"(max-width: 900px) 100vw, 900px\" \/><\/p>\n<p>&nbsp;<\/p>\n<\/div>\n<\/div>\n<\/div>\n<\/div>\n<\/div>\n<\/div>\n<\/section>\n<\/div>\n<\/div>\n","protected":false},"excerpt":{"rendered":"<p><b>Mod\u00e8le :<\/b><\/p>\n<ul>\n<li><a href=\"https:\/\/aflamo.shop\/fr\/p\/aflamo-honos-65-avec-verre-cheminee-murale-encastree\/\">65<\/a><\/li>\n<li><a href=\"https:\/\/aflamo.shop\/fr\/p\/aflamo-honos-90-avec-verre-cheminee-murale-encastree\/\">90<\/a><\/li>\n<li><a href=\"https:\/\/aflamo.shop\/fr\/p\/aflamo-honos-125-avec-verre-cheminee-murale-encastree\/\">125<\/a><\/li>\n<li><a href=\"https:\/\/aflamo.shop\/fr\/p\/aflamo-honos-155-avec-verre-cheminee-murale-encastree\/\">155<\/a><\/li>\n<li><a href=\"https:\/\/aflamo.shop\/fr\/p\/aflamo-honos-185-avec-verre-cheminee-murale-encastree\/\">185<\/a><\/li>\n<\/ul>\n<p><a href=\"https:\/\/aflamo.shop\/fr\/p\/cheminee-murale-encastree-aflamo-honos-185\/\"><b>Mod\u00e8les sans verre :<\/b><\/a><\/p>\n<p><b>Dimensions :<\/b> 185 x 45 x 15 cm<b><\/p>\n","protected":false},"featured_media":14982,"comment_status":"open","ping_status":"closed","template":"","meta":[],"product_brand":[],"product_cat":[770,1017,870],"product_tag":[],"class_list":{"0":"post-15049","1":"product","2":"type-product","3":"status-publish","4":"has-post-thumbnail","6":"product_cat-aflamo-fr","7":"product_cat-foyers-bio","8":"product_cat-les-cheminees-murales-a-lethanol","10":"first","11":"outofstock","12":"shipping-taxable","13":"purchasable","14":"product-type-simple"},"yoast_head":"<!-- This site is optimized with the Yoast SEO plugin v27.4 - https:\/\/yoast.com\/product\/yoast-seo-wordpress\/ -->\n<title>Aflamo Honos 185 avec mur en verre\/chemin\u00e9e bio encastr\u00e9e - aflamo.shop - revendeur aflamo certifi\u00e9<\/title>\n<meta name=\"description\" content=\"Chemin\u00e9e bio murale Honos en verre - design minimaliste et \u00e9l\u00e9gance. Cr\u00e9e une atmosph\u00e8re chaleureuse, rendant les autres d\u00e9corations superflues.\" \/>\n<meta name=\"robots\" content=\"index, follow, max-snippet:-1, max-image-preview:large, max-video-preview:-1\" \/>\n<link rel=\"canonical\" href=\"https:\/\/aflamo.shop\/fr\/p\/aflamo-honos-185-avec-verre-cheminee-murale-encastree\/\" \/>\n<meta property=\"og:locale\" content=\"fr_FR\" \/>\n<meta property=\"og:type\" content=\"article\" \/>\n<meta property=\"og:title\" content=\"Aflamo Honos 185 avec mur en verre\/chemin\u00e9e bio encastr\u00e9e - aflamo.shop - revendeur aflamo certifi\u00e9\" \/>\n<meta property=\"og:description\" content=\"Chemin\u00e9e bio murale Honos en verre - design minimaliste et \u00e9l\u00e9gance. Cr\u00e9e une atmosph\u00e8re chaleureuse, rendant les autres d\u00e9corations superflues.\" \/>\n<meta property=\"og:url\" content=\"https:\/\/aflamo.shop\/fr\/p\/aflamo-honos-185-avec-verre-cheminee-murale-encastree\/\" \/>\n<meta property=\"og:site_name\" content=\"aflamo.shop - revendeur aflamo certifi\u00e9\" \/>\n<meta property=\"article:modified_time\" content=\"2026-04-17T09:29:21+00:00\" \/>\n<meta property=\"og:image\" content=\"https:\/\/aflamo.shop\/wp-content\/uploads\/2024\/09\/Honos_glass_front_flame-1praw-3.jpg\" \/>\n\t<meta property=\"og:image:width\" content=\"266\" \/>\n\t<meta property=\"og:image:height\" content=\"200\" \/>\n\t<meta property=\"og:image:type\" content=\"image\/jpeg\" \/>\n<meta name=\"twitter:card\" content=\"summary_large_image\" \/>\n<meta name=\"twitter:label1\" content=\"Dur\u00e9e de lecture estim\u00e9e\" \/>\n\t<meta name=\"twitter:data1\" content=\"5 minutes\" \/>\n<script type=\"application\/ld+json\" class=\"yoast-schema-graph\">{\"@context\":\"https:\\\/\\\/schema.org\",\"@graph\":[{\"@type\":\"WebPage\",\"@id\":\"https:\\\/\\\/aflamo.shop\\\/fr\\\/p\\\/aflamo-honos-185-avec-verre-cheminee-murale-encastree\\\/\",\"url\":\"https:\\\/\\\/aflamo.shop\\\/fr\\\/p\\\/aflamo-honos-185-avec-verre-cheminee-murale-encastree\\\/\",\"name\":\"Aflamo Honos 185 avec mur en verre\\\/chemin\u00e9e bio encastr\u00e9e - aflamo.shop - revendeur aflamo certifi\u00e9\",\"isPartOf\":{\"@id\":\"https:\\\/\\\/aflamo.shop\\\/fr\\\/#website\"},\"primaryImageOfPage\":{\"@id\":\"https:\\\/\\\/aflamo.shop\\\/fr\\\/p\\\/aflamo-honos-185-avec-verre-cheminee-murale-encastree\\\/#primaryimage\"},\"image\":{\"@id\":\"https:\\\/\\\/aflamo.shop\\\/fr\\\/p\\\/aflamo-honos-185-avec-verre-cheminee-murale-encastree\\\/#primaryimage\"},\"thumbnailUrl\":\"https:\\\/\\\/aflamo.shop\\\/wp-content\\\/uploads\\\/2024\\\/09\\\/Honos_glass_front_flame-1praw-3.jpg\",\"datePublished\":\"2024-09-09T10:37:20+00:00\",\"dateModified\":\"2026-04-17T09:29:21+00:00\",\"description\":\"Chemin\u00e9e bio murale Honos en verre - design minimaliste et \u00e9l\u00e9gance. Cr\u00e9e une atmosph\u00e8re chaleureuse, rendant les autres d\u00e9corations superflues.\",\"breadcrumb\":{\"@id\":\"https:\\\/\\\/aflamo.shop\\\/fr\\\/p\\\/aflamo-honos-185-avec-verre-cheminee-murale-encastree\\\/#breadcrumb\"},\"inLanguage\":\"fr-FR\",\"potentialAction\":[{\"@type\":\"ReadAction\",\"target\":[\"https:\\\/\\\/aflamo.shop\\\/fr\\\/p\\\/aflamo-honos-185-avec-verre-cheminee-murale-encastree\\\/\"]}]},{\"@type\":\"ImageObject\",\"inLanguage\":\"fr-FR\",\"@id\":\"https:\\\/\\\/aflamo.shop\\\/fr\\\/p\\\/aflamo-honos-185-avec-verre-cheminee-murale-encastree\\\/#primaryimage\",\"url\":\"https:\\\/\\\/aflamo.shop\\\/wp-content\\\/uploads\\\/2024\\\/09\\\/Honos_glass_front_flame-1praw-3.jpg\",\"contentUrl\":\"https:\\\/\\\/aflamo.shop\\\/wp-content\\\/uploads\\\/2024\\\/09\\\/Honos_glass_front_flame-1praw-3.jpg\",\"width\":266,\"height\":200},{\"@type\":\"BreadcrumbList\",\"@id\":\"https:\\\/\\\/aflamo.shop\\\/fr\\\/p\\\/aflamo-honos-185-avec-verre-cheminee-murale-encastree\\\/#breadcrumb\",\"itemListElement\":[{\"@type\":\"ListItem\",\"position\":1,\"name\":\"Page d'accueil\",\"item\":\"https:\\\/\\\/aflamo.shop\\\/fr\\\/\"},{\"@type\":\"ListItem\",\"position\":2,\"name\":\"Boutique\",\"item\":\"https:\\\/\\\/aflamo.shop\\\/boutique\\\/\"},{\"@type\":\"ListItem\",\"position\":3,\"name\":\"Foyers bio\",\"item\":\"https:\\\/\\\/aflamo.shop\\\/fr\\\/s\\\/foyers-bio\\\/\"},{\"@type\":\"ListItem\",\"position\":4,\"name\":\"Aflamo Honos 185 avec mur en verre\\\/chemin\u00e9e bio encastr\u00e9e\"}]},{\"@type\":\"WebSite\",\"@id\":\"https:\\\/\\\/aflamo.shop\\\/fr\\\/#website\",\"url\":\"https:\\\/\\\/aflamo.shop\\\/fr\\\/\",\"name\":\"aflamo.shop - revendeur aflamo certifi\u00e9\",\"description\":\"Kominki elektryczne Aflamo i Emotion Flame z funkcj\u0105 grzania\",\"publisher\":{\"@id\":\"https:\\\/\\\/aflamo.shop\\\/fr\\\/#organization\"},\"potentialAction\":[{\"@type\":\"SearchAction\",\"target\":{\"@type\":\"EntryPoint\",\"urlTemplate\":\"https:\\\/\\\/aflamo.shop\\\/fr\\\/?s={search_term_string}\"},\"query-input\":{\"@type\":\"PropertyValueSpecification\",\"valueRequired\":true,\"valueName\":\"search_term_string\"}}],\"inLanguage\":\"fr-FR\"},{\"@type\":\"Organization\",\"@id\":\"https:\\\/\\\/aflamo.shop\\\/fr\\\/#organization\",\"name\":\"aflamo.shop - revendeur aflamo certifi\u00e9\",\"url\":\"https:\\\/\\\/aflamo.shop\\\/fr\\\/\",\"logo\":{\"@type\":\"ImageObject\",\"inLanguage\":\"fr-FR\",\"@id\":\"https:\\\/\\\/aflamo.shop\\\/fr\\\/#\\\/schema\\\/logo\\\/image\\\/\",\"url\":\"https:\\\/\\\/aflamo.shop\\\/wp-content\\\/uploads\\\/2019\\\/10\\\/logo2.1-1-1.svg\",\"contentUrl\":\"https:\\\/\\\/aflamo.shop\\\/wp-content\\\/uploads\\\/2019\\\/10\\\/logo2.1-1-1.svg\",\"caption\":\"aflamo.shop - revendeur aflamo certifi\u00e9\"},\"image\":{\"@id\":\"https:\\\/\\\/aflamo.shop\\\/fr\\\/#\\\/schema\\\/logo\\\/image\\\/\"}}]}<\/script>\n<!-- \/ Yoast SEO plugin. -->","yoast_head_json":{"title":"Aflamo Honos 185 avec mur en verre\/chemin\u00e9e bio encastr\u00e9e - aflamo.shop - revendeur aflamo certifi\u00e9","description":"Chemin\u00e9e bio murale Honos en verre - design minimaliste et \u00e9l\u00e9gance. Cr\u00e9e une atmosph\u00e8re chaleureuse, rendant les autres d\u00e9corations superflues.","robots":{"index":"index","follow":"follow","max-snippet":"max-snippet:-1","max-image-preview":"max-image-preview:large","max-video-preview":"max-video-preview:-1"},"canonical":"https:\/\/aflamo.shop\/fr\/p\/aflamo-honos-185-avec-verre-cheminee-murale-encastree\/","og_locale":"fr_FR","og_type":"article","og_title":"Aflamo Honos 185 avec mur en verre\/chemin\u00e9e bio encastr\u00e9e - aflamo.shop - revendeur aflamo certifi\u00e9","og_description":"Chemin\u00e9e bio murale Honos en verre - design minimaliste et \u00e9l\u00e9gance. Cr\u00e9e une atmosph\u00e8re chaleureuse, rendant les autres d\u00e9corations superflues.","og_url":"https:\/\/aflamo.shop\/fr\/p\/aflamo-honos-185-avec-verre-cheminee-murale-encastree\/","og_site_name":"aflamo.shop - revendeur aflamo certifi\u00e9","article_modified_time":"2026-04-17T09:29:21+00:00","og_image":[{"width":266,"height":200,"url":"https:\/\/aflamo.shop\/wp-content\/uploads\/2024\/09\/Honos_glass_front_flame-1praw-3.jpg","type":"image\/jpeg"}],"twitter_card":"summary_large_image","twitter_misc":{"Dur\u00e9e de lecture estim\u00e9e":"5 minutes"},"schema":{"@context":"https:\/\/schema.org","@graph":[{"@type":"WebPage","@id":"https:\/\/aflamo.shop\/fr\/p\/aflamo-honos-185-avec-verre-cheminee-murale-encastree\/","url":"https:\/\/aflamo.shop\/fr\/p\/aflamo-honos-185-avec-verre-cheminee-murale-encastree\/","name":"Aflamo Honos 185 avec mur en verre\/chemin\u00e9e bio encastr\u00e9e - aflamo.shop - revendeur aflamo certifi\u00e9","isPartOf":{"@id":"https:\/\/aflamo.shop\/fr\/#website"},"primaryImageOfPage":{"@id":"https:\/\/aflamo.shop\/fr\/p\/aflamo-honos-185-avec-verre-cheminee-murale-encastree\/#primaryimage"},"image":{"@id":"https:\/\/aflamo.shop\/fr\/p\/aflamo-honos-185-avec-verre-cheminee-murale-encastree\/#primaryimage"},"thumbnailUrl":"https:\/\/aflamo.shop\/wp-content\/uploads\/2024\/09\/Honos_glass_front_flame-1praw-3.jpg","datePublished":"2024-09-09T10:37:20+00:00","dateModified":"2026-04-17T09:29:21+00:00","description":"Chemin\u00e9e bio murale Honos en verre - design minimaliste et \u00e9l\u00e9gance. Cr\u00e9e une atmosph\u00e8re chaleureuse, rendant les autres d\u00e9corations superflues.","breadcrumb":{"@id":"https:\/\/aflamo.shop\/fr\/p\/aflamo-honos-185-avec-verre-cheminee-murale-encastree\/#breadcrumb"},"inLanguage":"fr-FR","potentialAction":[{"@type":"ReadAction","target":["https:\/\/aflamo.shop\/fr\/p\/aflamo-honos-185-avec-verre-cheminee-murale-encastree\/"]}]},{"@type":"ImageObject","inLanguage":"fr-FR","@id":"https:\/\/aflamo.shop\/fr\/p\/aflamo-honos-185-avec-verre-cheminee-murale-encastree\/#primaryimage","url":"https:\/\/aflamo.shop\/wp-content\/uploads\/2024\/09\/Honos_glass_front_flame-1praw-3.jpg","contentUrl":"https:\/\/aflamo.shop\/wp-content\/uploads\/2024\/09\/Honos_glass_front_flame-1praw-3.jpg","width":266,"height":200},{"@type":"BreadcrumbList","@id":"https:\/\/aflamo.shop\/fr\/p\/aflamo-honos-185-avec-verre-cheminee-murale-encastree\/#breadcrumb","itemListElement":[{"@type":"ListItem","position":1,"name":"Page d'accueil","item":"https:\/\/aflamo.shop\/fr\/"},{"@type":"ListItem","position":2,"name":"Boutique","item":"https:\/\/aflamo.shop\/boutique\/"},{"@type":"ListItem","position":3,"name":"Foyers bio","item":"https:\/\/aflamo.shop\/fr\/s\/foyers-bio\/"},{"@type":"ListItem","position":4,"name":"Aflamo Honos 185 avec mur en verre\/chemin\u00e9e bio encastr\u00e9e"}]},{"@type":"WebSite","@id":"https:\/\/aflamo.shop\/fr\/#website","url":"https:\/\/aflamo.shop\/fr\/","name":"aflamo.shop - revendeur aflamo certifi\u00e9","description":"Kominki elektryczne Aflamo i Emotion Flame z funkcj\u0105 grzania","publisher":{"@id":"https:\/\/aflamo.shop\/fr\/#organization"},"potentialAction":[{"@type":"SearchAction","target":{"@type":"EntryPoint","urlTemplate":"https:\/\/aflamo.shop\/fr\/?s={search_term_string}"},"query-input":{"@type":"PropertyValueSpecification","valueRequired":true,"valueName":"search_term_string"}}],"inLanguage":"fr-FR"},{"@type":"Organization","@id":"https:\/\/aflamo.shop\/fr\/#organization","name":"aflamo.shop - revendeur aflamo certifi\u00e9","url":"https:\/\/aflamo.shop\/fr\/","logo":{"@type":"ImageObject","inLanguage":"fr-FR","@id":"https:\/\/aflamo.shop\/fr\/#\/schema\/logo\/image\/","url":"https:\/\/aflamo.shop\/wp-content\/uploads\/2019\/10\/logo2.1-1-1.svg","contentUrl":"https:\/\/aflamo.shop\/wp-content\/uploads\/2019\/10\/logo2.1-1-1.svg","caption":"aflamo.shop - revendeur aflamo certifi\u00e9"},"image":{"@id":"https:\/\/aflamo.shop\/fr\/#\/schema\/logo\/image\/"}}]}},"_links":{"self":[{"href":"https:\/\/aflamo.shop\/fr\/wp-json\/wp\/v2\/product\/15049","targetHints":{"allow":["GET"]}}],"collection":[{"href":"https:\/\/aflamo.shop\/fr\/wp-json\/wp\/v2\/product"}],"about":[{"href":"https:\/\/aflamo.shop\/fr\/wp-json\/wp\/v2\/types\/product"}],"replies":[{"embeddable":true,"href":"https:\/\/aflamo.shop\/fr\/wp-json\/wp\/v2\/comments?post=15049"}],"wp:featuredmedia":[{"embeddable":true,"href":"https:\/\/aflamo.shop\/fr\/wp-json\/wp\/v2\/media\/14982"}],"wp:attachment":[{"href":"https:\/\/aflamo.shop\/fr\/wp-json\/wp\/v2\/media?parent=15049"}],"wp:term":[{"taxonomy":"product_brand","embeddable":true,"href":"https:\/\/aflamo.shop\/fr\/wp-json\/wp\/v2\/product_brand?post=15049"},{"taxonomy":"product_cat","embeddable":true,"href":"https:\/\/aflamo.shop\/fr\/wp-json\/wp\/v2\/product_cat?post=15049"},{"taxonomy":"product_tag","embeddable":true,"href":"https:\/\/aflamo.shop\/fr\/wp-json\/wp\/v2\/product_tag?post=15049"}],"curies":[{"name":"wp","href":"https:\/\/api.w.org\/{rel}","templated":true}]}}