{"id":14820,"date":"2024-11-08T14:05:33","date_gmt":"2024-11-08T14:05:33","guid":{"rendered":"https:\/\/aflamo.shop\/p\/aflamo-3d-insert-electrique-led-modele-60x40\/"},"modified":"2026-04-17T08:49:18","modified_gmt":"2026-04-17T08:49:18","slug":"aflamo-3d-insert-electrique-led-modele-60x40","status":"publish","type":"product","link":"https:\/\/aflamo.shop\/fr\/p\/aflamo-3d-insert-electrique-led-modele-60x40\/","title":{"rendered":"Aflamo 3D insert \u00e9lectrique LED mod\u00e8le 60&#215;40"},"content":{"rendered":"<p><iframe title=\"Lecteur vid\u00e9o YouTube\" src=\"https:\/\/www.youtube.com\/embed\/NmP5C1chSAk?si=DJSHFVvXYyBcucx9\" width=\"560\" height=\"315\" frameborder=\"0\"><span data-mce-type=\"bookmark\" style=\"display: inline-block; width: 0px; overflow: hidden; line-height: 0;\" class=\"mce_SELRES_start\"><\/span><\/iframe><\/p>\n<h3>Insert de chemin\u00e9e AFLAMO 3D &#8211; La magie tridimensionnelle de la flamme<\/h3>\n<p><strong>L&rsquo;insert de chemin\u00e9e AFLAMO 3D<\/strong> est le moyen id\u00e9al d&rsquo;apporter l&rsquo;atmosph\u00e8re d&rsquo;un vrai feu dans votre maison sans avoir besoin de bois. L&rsquo;effet de flamme r\u00e9aliste unique de l&rsquo;<strong>AFLAMO PLUS<\/strong> et le foyer rougeoyant cr\u00e9ent une vue tridimensionnelle impressionnante qui apporte la chaleur et la lueur douillette d&rsquo;un feu dans votre maison. <\/p>\n<h4><strong>Caract\u00e9ristiques :<\/strong><\/h4>\n<ul>\n<li><strong>Une qualit\u00e9 de flamme tridimensionnelle<\/strong> &#8211; sentez la diff\u00e9rence ! Choisissez parmi <strong>3 couleurs de flamme<\/strong> et <strong>13 couleurs d&rsquo;\u00e9clairage de l&rsquo;\u00e2tre<\/strong> pour une adaptation parfaite \u00e0 votre humeur. <\/li>\n<\/ul>\n<p><img fetchpriority=\"high\" decoding=\"async\" src=\"https:\/\/kominek-elektryczny.com.pl\/img\/cms\/unique_flame_insert-3d.jpg\" alt=\"Effet flamme 3D\" width=\"459\" height=\"280\"><\/p>\n<ul>\n<li><strong>Un foyer impressionnant<\/strong> &#8211; L&rsquo;ensemble comprend des b\u00fbches translucides qui imitent parfaitement le bois incandescent.<\/li>\n<\/ul>\n<p><img decoding=\"async\" src=\"https:\/\/kominek-elektryczny.com.pl\/img\/cms\/unique_logs_royal-pro.jpg\" alt=\"Billettes translucides\" width=\"462\" height=\"282\"><\/p>\n<ul>\n<li>Le son <strong>du bois br\u00fbl\u00e9<\/strong> &#8211; Le haut-parleur int\u00e9gr\u00e9 diffuse le son d&rsquo;un feu cr\u00e9pitant, cr\u00e9ant ainsi une atmosph\u00e8re encore plus r\u00e9aliste.<\/li>\n<\/ul>\n<p><img decoding=\"async\" src=\"https:\/\/kominek-elektryczny.com.pl\/img\/cms\/unique_sound_insert-3d.jpg\" alt=\"Bruit de bois br\u00fbl\u00e9\" width=\"467\" height=\"285\"><\/p>\n<h4><strong>Mobile et commande vocale :<\/strong><\/h4>\n<p><iframe title=\"Lecteur vid\u00e9o YouTube\" src=\"https:\/\/www.youtube.com\/embed\/H9frj9fGZnY?si=YHNoy3_uQ_P_q10N\" width=\"560\" height=\"315\" frameborder=\"0\" allowfullscreen=\"allowfullscreen\"><\/iframe><\/p>\n<ul>\n<li><strong>Application mobile<\/strong> &#8211; Toutes les fonctions du foyer sont disponibles sur les appareils Android et iOS. Allumez, \u00e9teignez ou personnalisez votre chemin\u00e9e depuis votre t\u00e9l\u00e9phone en t\u00e9l\u00e9chargeant l&rsquo;application \u00ab\u00a0AFLAMO\u00a0\u00bb sur Google Play ou Apple Store. <\/li>\n<li><strong>Commandes vocales avec Amazon Alexa<\/strong> &#8211; Allumez et \u00e9teignez votre chemin\u00e9e par simple commande vocale.<\/li>\n<\/ul>\n<p><img loading=\"lazy\" decoding=\"async\" src=\"https:\/\/kominek-elektryczny.com.pl\/img\/cms\/unique_app_insert-3d.jpg\" alt=\"Application mobile\" width=\"492\" height=\"300\"><\/p>\n<h4><strong>Dimensions disponibles :<\/strong><\/h4>\n<p>Adaptez la chemin\u00e9e \u00e0 votre int\u00e9rieur en choisissant la bonne taille :<\/p>\n<p><img loading=\"lazy\" decoding=\"async\" src=\"https:\/\/kominek-elektryczny.com.pl\/img\/cms\/unique_insert-3d.jpg\" alt=\"Dimensions disponibles\" width=\"492\" height=\"300\"><\/p>\n<ul>\n<li>60 x 45 x 20 cm<\/li>\n<li>75 x 45 x 20 cm<\/li>\n<li>90 x 45 x 20 cm<\/li>\n<li>40 x 60 x 20 cm<\/li>\n<li>60 x 60 x 20 cm<\/li>\n<li>80 x 60 x 20 cm<\/li>\n<li>100 x 60 x 20 cm<\/li>\n<\/ul>\n<h4><strong>Chemin\u00e9e et flammes &#8211; L&rsquo;effet de feu le plus r\u00e9aliste<\/strong><\/h4>\n<p><strong>Flamme :<\/strong><\/p>\n<ul>\n<li>3 couleurs de flamme<\/li>\n<li>5 niveaux de luminosit\u00e9<\/li>\n<li>5 vitesses de flamme<\/li>\n<\/ul>\n<p><img loading=\"lazy\" decoding=\"async\" src=\"https:\/\/kominek-elektryczny.com.pl\/img\/cms\/Royal-3D_flame_colors.jpg\" alt=\"Couleurs de flamme\" width=\"416\" height=\"273\"><\/p>\n<p><strong>Fourneau :<\/strong><\/p>\n<ul>\n<li>2 types de foyers inclus : b\u00fbches et cristaux<\/li>\n<li>13 couleurs d&rsquo;\u00e9clairage de l&rsquo;\u00e2tre<\/li>\n<li>5 niveaux de luminosit\u00e9<\/li>\n<\/ul>\n<p><img loading=\"lazy\" decoding=\"async\" src=\"https:\/\/kominek-elektryczny.com.pl\/img\/cms\/polana_krysztaly-e1603875138523.png\" alt=\"Chemin\u00e9e - Glade et cristaux\" width=\"413\" height=\"297\"><\/p>\n<h4><strong>Confort et commodit\u00e9 :<\/strong><\/h4>\n<ul>\n<li><strong>T\u00e9l\u00e9commande<\/strong> &#8211; Modifiez les r\u00e9glages du foyer depuis le canap\u00e9.<\/li>\n<li><strong>Minuterie<\/strong> &#8211; Arr\u00eat automatique du foyer pour plus de commodit\u00e9 et de s\u00e9curit\u00e9.<\/li>\n<li><strong>Fonction de chauffage par soufflage<\/strong> &#8211; R\u00e9chauffez instantan\u00e9ment la pi\u00e8ce et maintenez une temp\u00e9rature confortable sans avoir besoin d&rsquo;une ventilation suppl\u00e9mentaire.<\/li>\n<li><strong>Fonctionnement tout au long de l&rsquo;ann\u00e9e<\/strong> &#8211; Profitez de l&rsquo;effet de flamme quelle que soit la saison, en allumant ou en \u00e9teignant le chauffage selon vos besoins.<\/li>\n<\/ul>\n<h4><strong>Facilit\u00e9 d&rsquo;utilisation :<\/strong><\/h4>\n<p>Oubliez le stockage du bois, le nettoyage des cendres et la fum\u00e9e. Il suffit d&rsquo;allumer la chemin\u00e9e et de profiter de la beaut\u00e9 du feu sans aucun souci. <\/p>\n<h4><strong>S\u00e9curit\u00e9 et \u00e9cologie :<\/strong><\/h4>\n<ul>\n<li><strong>Verre froid<\/strong> &#8211; Sans danger pour les enfants et les animaux domestiques, il ne chauffe pas.<\/li>\n<li><strong>Capteur de s\u00e9curit\u00e9 du chauffage<\/strong> &#8211; Arr\u00eat automatique en cas d&rsquo;obstruction de la sortie d&rsquo;air.<\/li>\n<li><strong>Un choix \u00e9cologique<\/strong> &#8211; Pas d&rsquo;\u00e9missions de dioxyde de carbone ou de polluants, pas de contamination par la suie ou les cendres \u00e0 l&rsquo;int\u00e9rieur.<\/li>\n<\/ul>\n<h4><strong>\u00c9conomies d&rsquo;\u00e9nergie et chauffage efficace :<\/strong><\/h4>\n<ul>\n<li><strong>Technologie LED<\/strong> &#8211; Faible co\u00fbt de l&rsquo;effet de flamme, seulement 1 \u00e0 2 centimes par heure.<\/li>\n<li><strong>Capteur de fen\u00eatre ouverte<\/strong> &#8211; Arr\u00eat automatique du chauffage en cas de baisse soudaine de la temp\u00e9rature.<\/li>\n<li><strong>Thermostat<\/strong> &#8211; R\u00e9glage de la temp\u00e9rature de 18 \u00e0 30\u00b0C, avec deux niveaux de puissance de chauffe.<\/li>\n<\/ul>\n<p><strong>L&rsquo;insert de chemin\u00e9e AFLAMO 3D<\/strong> allie design moderne, fonctionnalit\u00e9 et confort. Avec des fonctions de contr\u00f4le avanc\u00e9es, des effets de flamme extr\u00eamement r\u00e9alistes et le son du bois qui br\u00fble, c&rsquo;est le choix id\u00e9al pour ceux qui veulent faire entrer la magie du feu dans leur maison de mani\u00e8re totalement contr\u00f4l\u00e9e et s\u00fbre. <\/p>\n<ul><strong><\/p>\n<p><a href=\"https:\/\/aflamo.shop\/wp-content\/uploads\/2024\/11\/Insert-3D_EN-PL-DE-IT-ES-FR-CS-SK-NL-2.pdf\">Instructions d&rsquo;utilisation et de s\u00e9curit\u00e9<\/a><\/p>\n<p><\/strong><\/ul>\n<h4><strong>Dessins techniques<\/strong><\/h4>\n<ul>\n<li style=\"list-style-type: none;\">\n<ul>Mod\u00e8le d&rsquo;insert 3D 60&#215;45<\/ul>\n<\/li>\n<\/ul>\n<p><img loading=\"lazy\" decoding=\"async\" class=\"aligncenter wp-image-11333 size-full\" src=\"https:\/\/aflamo.shop\/wp-content\/uploads\/2024\/11\/3D_45x60.png\" alt=\"\" width=\"941\" height=\"640\" srcset=\"https:\/\/aflamo.shop\/wp-content\/uploads\/2024\/11\/3D_45x60.png 941w, https:\/\/aflamo.shop\/wp-content\/uploads\/2024\/11\/3D_45x60-600x408.png 600w, https:\/\/aflamo.shop\/wp-content\/uploads\/2024\/11\/3D_45x60-300x204.png 300w, https:\/\/aflamo.shop\/wp-content\/uploads\/2024\/11\/3D_45x60-768x522.png 768w\" sizes=\"(max-width: 941px) 100vw, 941px\" \/><\/p>\n<p>&nbsp;<\/p>\n<ul>\n<li style=\"list-style-type: none;\">\n<ul>Mod\u00e8le d&rsquo;insert 3D 75&#215;45<\/ul>\n<\/li>\n<\/ul>\n<p><img loading=\"lazy\" decoding=\"async\" class=\"aligncenter wp-image-11336 size-full\" src=\"https:\/\/aflamo.shop\/wp-content\/uploads\/2024\/11\/3D_45x75.png\" alt=\"\" width=\"974\" height=\"598\" srcset=\"https:\/\/aflamo.shop\/wp-content\/uploads\/2024\/11\/3D_45x75.png 974w, https:\/\/aflamo.shop\/wp-content\/uploads\/2024\/11\/3D_45x75-600x368.png 600w, https:\/\/aflamo.shop\/wp-content\/uploads\/2024\/11\/3D_45x75-300x184.png 300w, https:\/\/aflamo.shop\/wp-content\/uploads\/2024\/11\/3D_45x75-768x472.png 768w\" sizes=\"(max-width: 974px) 100vw, 974px\" \/><\/p>\n<ul>\n<li style=\"list-style-type: none;\">\n<ul>Mod\u00e8le d&rsquo;insert 3D 90&#215;45<\/ul>\n<\/li>\n<\/ul>\n<p><img loading=\"lazy\" decoding=\"async\" class=\"aligncenter wp-image-11339 size-full\" src=\"https:\/\/aflamo.shop\/wp-content\/uploads\/2024\/11\/3D_45x90.png\" alt=\"\" width=\"1014\" height=\"567\" srcset=\"https:\/\/aflamo.shop\/wp-content\/uploads\/2024\/11\/3D_45x90.png 1014w, https:\/\/aflamo.shop\/wp-content\/uploads\/2024\/11\/3D_45x90-600x336.png 600w, https:\/\/aflamo.shop\/wp-content\/uploads\/2024\/11\/3D_45x90-300x168.png 300w, https:\/\/aflamo.shop\/wp-content\/uploads\/2024\/11\/3D_45x90-768x429.png 768w\" sizes=\"(max-width: 1014px) 100vw, 1014px\" \/><\/p>\n<ul>\n<li style=\"list-style-type: none;\">\n<ul>Mod\u00e8le d&rsquo;insert 3D 60&#215;40<\/ul>\n<\/li>\n<\/ul>\n<p><img loading=\"lazy\" decoding=\"async\" class=\"alignnone wp-image-11342 size-full\" src=\"https:\/\/aflamo.shop\/wp-content\/uploads\/2024\/11\/3D_60x40.png\" alt=\"\" width=\"712\" height=\"687\" srcset=\"https:\/\/aflamo.shop\/wp-content\/uploads\/2024\/11\/3D_60x40.png 712w, https:\/\/aflamo.shop\/wp-content\/uploads\/2024\/11\/3D_60x40-600x579.png 600w, https:\/\/aflamo.shop\/wp-content\/uploads\/2024\/11\/3D_60x40-300x289.png 300w\" sizes=\"(max-width: 712px) 100vw, 712px\" \/><\/p>\n<ul>\n<li style=\"list-style-type: none;\">\n<ul>Mod\u00e8le d&rsquo;insert 3D 60&#215;60<\/ul>\n<\/li>\n<\/ul>\n<p><img loading=\"lazy\" decoding=\"async\" class=\"aligncenter wp-image-11345 size-full\" src=\"https:\/\/aflamo.shop\/wp-content\/uploads\/2024\/11\/3D_60x60.png\" alt=\"\" width=\"891\" height=\"705\" srcset=\"https:\/\/aflamo.shop\/wp-content\/uploads\/2024\/11\/3D_60x60.png 891w, https:\/\/aflamo.shop\/wp-content\/uploads\/2024\/11\/3D_60x60-600x475.png 600w, https:\/\/aflamo.shop\/wp-content\/uploads\/2024\/11\/3D_60x60-300x237.png 300w, https:\/\/aflamo.shop\/wp-content\/uploads\/2024\/11\/3D_60x60-768x608.png 768w\" sizes=\"(max-width: 891px) 100vw, 891px\" \/><\/p>\n<ul>\n<li style=\"list-style-type: none;\">\n<ul>Mod\u00e8le d&rsquo;insert 3D 80&#215;60<\/ul>\n<\/li>\n<\/ul>\n<p><img loading=\"lazy\" decoding=\"async\" class=\"aligncenter wp-image-11348 size-full\" src=\"https:\/\/aflamo.shop\/wp-content\/uploads\/2024\/11\/3D_60x80.png\" alt=\"\" width=\"985\" height=\"678\" srcset=\"https:\/\/aflamo.shop\/wp-content\/uploads\/2024\/11\/3D_60x80.png 985w, https:\/\/aflamo.shop\/wp-content\/uploads\/2024\/11\/3D_60x80-600x413.png 600w, https:\/\/aflamo.shop\/wp-content\/uploads\/2024\/11\/3D_60x80-300x206.png 300w, https:\/\/aflamo.shop\/wp-content\/uploads\/2024\/11\/3D_60x80-768x529.png 768w\" sizes=\"(max-width: 985px) 100vw, 985px\" \/><\/p>\n<ul>Mod\u00e8le d&rsquo;insert 3D 100&#215;60<\/ul>\n<p><img loading=\"lazy\" decoding=\"async\" class=\"aligncenter wp-image-11351 size-full\" src=\"https:\/\/aflamo.shop\/wp-content\/uploads\/2024\/11\/3D_60x100.png\" alt=\"\" width=\"1016\" height=\"620\" srcset=\"https:\/\/aflamo.shop\/wp-content\/uploads\/2024\/11\/3D_60x100.png 1016w, https:\/\/aflamo.shop\/wp-content\/uploads\/2024\/11\/3D_60x100-600x366.png 600w, https:\/\/aflamo.shop\/wp-content\/uploads\/2024\/11\/3D_60x100-300x183.png 300w, https:\/\/aflamo.shop\/wp-content\/uploads\/2024\/11\/3D_60x100-768x469.png 768w\" sizes=\"(max-width: 1016px) 100vw, 1016px\" \/><\/p>\n","protected":false},"excerpt":{"rendered":"<p>Fabricant : Aflamo<\/p>\n<p>Pour l&rsquo;encastrement<\/p>\n<p><b>Mod\u00e8le :<\/b><\/p>\n<ul>\n<li><a href=\"https:\/\/aflamo.shop\/fr\/p\/aflamo-3d-insert-electrique-led-modele-45x60\/\">45&#215;60<\/a><\/li>\n<li><a href=\"https:\/\/aflamo.shop\/fr\/p\/aflamo-3d-insert-electrique-led-modele-45x75\/\">45&#215;75<\/a><\/li>\n<li><a href=\"https:\/\/aflamo.shop\/fr\/p\/aflamo-3d-insert-electrique-led-modele-45x90\/\">45&#215;90<\/a><\/li>\n<li><a href=\"https:\/\/aflamo.shop\/fr\/p\/aflamo-3d-insert-electrique-led-modele-60x100\/\">60&#215;100<\/a><\/li>\n<li><a href=\"https:\/\/aflamo.shop\/fr\/p\/aflamo-3d-insert-electrique-led-modele-60x40\/\">60&#215;40<\/a><\/li>\n<li><a href=\"https:\/\/aflamo.shop\/fr\/p\/aflamo-3d-insert-electrique-led-modele-60x60\/\">60&#215;60<\/a><\/li>\n<\/ul>\n<ul>\n<li><a href=\"https:\/\/aflamo.shop\/fr\/p\/aflamo-3d-insert-electrique-led-modele-60x80\/\">60&#215;80<\/a><\/li>\n<\/ul>\n<p><b>Dimensions :<\/b> 40 x 60 x 20 cm<\/p>\n","protected":false},"featured_media":18519,"comment_status":"open","ping_status":"closed","template":"","meta":[],"product_brand":[],"product_cat":[770,170,772,776,775,771,773],"product_tag":[],"class_list":{"0":"post-14820","1":"product","2":"type-product","3":"status-publish","4":"has-post-thumbnail","6":"product_cat-aflamo-fr","7":"product_cat-cheminees-electriques-fr","8":"product_cat-cheminees-electriques-a-led-avec-fonction-de-chauffage","9":"product_cat-cheminees-electriques-avec-application-mobile","10":"product_cat-cheminees-electriques-avec-son","11":"product_cat-cheminees-electriques-led-encastrees","12":"product_cat-inserts-electriques-led","14":"first","15":"instock","16":"shipping-taxable","17":"purchasable","18":"product-type-simple"},"yoast_head":"<!-- This site is optimized with the Yoast SEO plugin v27.4 - https:\/\/yoast.com\/product\/yoast-seo-wordpress\/ -->\n<title>Aflamo 3D insert \u00e9lectrique LED mod\u00e8le 60x40 - aflamo.shop - revendeur aflamo certifi\u00e9<\/title>\n<meta name=\"description\" content=\"Insert de chemin\u00e9e AFLAMO 3D - effet de flamme r\u00e9aliste et foyer rayonnant. La technologie AFLAMO PLUS cr\u00e9e une magie de feu tridimensionnelle dans votre maison.\" \/>\n<meta name=\"robots\" content=\"index, follow, max-snippet:-1, max-image-preview:large, max-video-preview:-1\" \/>\n<link rel=\"canonical\" href=\"https:\/\/aflamo.shop\/fr\/p\/aflamo-3d-insert-electrique-led-modele-60x40\/\" \/>\n<meta property=\"og:locale\" content=\"fr_FR\" \/>\n<meta property=\"og:type\" content=\"article\" \/>\n<meta property=\"og:title\" content=\"Aflamo 3D insert \u00e9lectrique LED mod\u00e8le 60x40 - aflamo.shop - revendeur aflamo certifi\u00e9\" \/>\n<meta property=\"og:description\" content=\"Insert de chemin\u00e9e AFLAMO 3D - effet de flamme r\u00e9aliste et foyer rayonnant. La technologie AFLAMO PLUS cr\u00e9e une magie de feu tridimensionnelle dans votre maison.\" \/>\n<meta property=\"og:url\" content=\"https:\/\/aflamo.shop\/fr\/p\/aflamo-3d-insert-electrique-led-modele-60x40\/\" \/>\n<meta property=\"og:site_name\" content=\"aflamo.shop - revendeur aflamo certifi\u00e9\" \/>\n<meta property=\"article:modified_time\" content=\"2026-04-17T08:49:18+00:00\" \/>\n<meta property=\"og:image\" content=\"https:\/\/aflamo.shop\/wp-content\/uploads\/2024\/11\/INSERT-3D-45x75_front_01-1.jpg\" \/>\n\t<meta property=\"og:image:width\" content=\"2048\" \/>\n\t<meta property=\"og:image:height\" content=\"2048\" \/>\n\t<meta property=\"og:image:type\" content=\"image\/jpeg\" \/>\n<meta name=\"twitter:card\" content=\"summary_large_image\" \/>\n<meta name=\"twitter:label1\" content=\"Dur\u00e9e de lecture estim\u00e9e\" \/>\n\t<meta name=\"twitter:data1\" content=\"7 minutes\" \/>\n<script type=\"application\/ld+json\" class=\"yoast-schema-graph\">{\"@context\":\"https:\\\/\\\/schema.org\",\"@graph\":[{\"@type\":\"WebPage\",\"@id\":\"https:\\\/\\\/aflamo.shop\\\/fr\\\/p\\\/aflamo-3d-insert-electrique-led-modele-60x40\\\/\",\"url\":\"https:\\\/\\\/aflamo.shop\\\/fr\\\/p\\\/aflamo-3d-insert-electrique-led-modele-60x40\\\/\",\"name\":\"Aflamo 3D insert \u00e9lectrique LED mod\u00e8le 60x40 - aflamo.shop - revendeur aflamo certifi\u00e9\",\"isPartOf\":{\"@id\":\"https:\\\/\\\/aflamo.shop\\\/fr\\\/#website\"},\"primaryImageOfPage\":{\"@id\":\"https:\\\/\\\/aflamo.shop\\\/fr\\\/p\\\/aflamo-3d-insert-electrique-led-modele-60x40\\\/#primaryimage\"},\"image\":{\"@id\":\"https:\\\/\\\/aflamo.shop\\\/fr\\\/p\\\/aflamo-3d-insert-electrique-led-modele-60x40\\\/#primaryimage\"},\"thumbnailUrl\":\"https:\\\/\\\/aflamo.shop\\\/wp-content\\\/uploads\\\/2024\\\/11\\\/INSERT-3D-45x75_front_01-1.jpg\",\"datePublished\":\"2024-11-08T14:05:33+00:00\",\"dateModified\":\"2026-04-17T08:49:18+00:00\",\"description\":\"Insert de chemin\u00e9e AFLAMO 3D - effet de flamme r\u00e9aliste et foyer rayonnant. La technologie AFLAMO PLUS cr\u00e9e une magie de feu tridimensionnelle dans votre maison.\",\"breadcrumb\":{\"@id\":\"https:\\\/\\\/aflamo.shop\\\/fr\\\/p\\\/aflamo-3d-insert-electrique-led-modele-60x40\\\/#breadcrumb\"},\"inLanguage\":\"fr-FR\",\"potentialAction\":[{\"@type\":\"ReadAction\",\"target\":[\"https:\\\/\\\/aflamo.shop\\\/fr\\\/p\\\/aflamo-3d-insert-electrique-led-modele-60x40\\\/\"]}]},{\"@type\":\"ImageObject\",\"inLanguage\":\"fr-FR\",\"@id\":\"https:\\\/\\\/aflamo.shop\\\/fr\\\/p\\\/aflamo-3d-insert-electrique-led-modele-60x40\\\/#primaryimage\",\"url\":\"https:\\\/\\\/aflamo.shop\\\/wp-content\\\/uploads\\\/2024\\\/11\\\/INSERT-3D-45x75_front_01-1.jpg\",\"contentUrl\":\"https:\\\/\\\/aflamo.shop\\\/wp-content\\\/uploads\\\/2024\\\/11\\\/INSERT-3D-45x75_front_01-1.jpg\",\"width\":2048,\"height\":2048},{\"@type\":\"BreadcrumbList\",\"@id\":\"https:\\\/\\\/aflamo.shop\\\/fr\\\/p\\\/aflamo-3d-insert-electrique-led-modele-60x40\\\/#breadcrumb\",\"itemListElement\":[{\"@type\":\"ListItem\",\"position\":1,\"name\":\"Page d'accueil\",\"item\":\"https:\\\/\\\/aflamo.shop\\\/fr\\\/\"},{\"@type\":\"ListItem\",\"position\":2,\"name\":\"Boutique\",\"item\":\"https:\\\/\\\/aflamo.shop\\\/boutique\\\/\"},{\"@type\":\"ListItem\",\"position\":3,\"name\":\"Chemin\u00e9es \u00e9lectriques\",\"item\":\"https:\\\/\\\/aflamo.shop\\\/fr\\\/s\\\/cheminees-electriques-fr\\\/\"},{\"@type\":\"ListItem\",\"position\":4,\"name\":\"Aflamo 3D insert \u00e9lectrique LED mod\u00e8le 60&#215;40\"}]},{\"@type\":\"WebSite\",\"@id\":\"https:\\\/\\\/aflamo.shop\\\/fr\\\/#website\",\"url\":\"https:\\\/\\\/aflamo.shop\\\/fr\\\/\",\"name\":\"aflamo.shop - revendeur aflamo certifi\u00e9\",\"description\":\"Kominki elektryczne Aflamo i Emotion Flame z funkcj\u0105 grzania\",\"publisher\":{\"@id\":\"https:\\\/\\\/aflamo.shop\\\/fr\\\/#organization\"},\"potentialAction\":[{\"@type\":\"SearchAction\",\"target\":{\"@type\":\"EntryPoint\",\"urlTemplate\":\"https:\\\/\\\/aflamo.shop\\\/fr\\\/?s={search_term_string}\"},\"query-input\":{\"@type\":\"PropertyValueSpecification\",\"valueRequired\":true,\"valueName\":\"search_term_string\"}}],\"inLanguage\":\"fr-FR\"},{\"@type\":\"Organization\",\"@id\":\"https:\\\/\\\/aflamo.shop\\\/fr\\\/#organization\",\"name\":\"aflamo.shop - revendeur aflamo certifi\u00e9\",\"url\":\"https:\\\/\\\/aflamo.shop\\\/fr\\\/\",\"logo\":{\"@type\":\"ImageObject\",\"inLanguage\":\"fr-FR\",\"@id\":\"https:\\\/\\\/aflamo.shop\\\/fr\\\/#\\\/schema\\\/logo\\\/image\\\/\",\"url\":\"https:\\\/\\\/aflamo.shop\\\/wp-content\\\/uploads\\\/2019\\\/10\\\/logo2.1-1-1.svg\",\"contentUrl\":\"https:\\\/\\\/aflamo.shop\\\/wp-content\\\/uploads\\\/2019\\\/10\\\/logo2.1-1-1.svg\",\"caption\":\"aflamo.shop - revendeur aflamo certifi\u00e9\"},\"image\":{\"@id\":\"https:\\\/\\\/aflamo.shop\\\/fr\\\/#\\\/schema\\\/logo\\\/image\\\/\"}}]}<\/script>\n<!-- \/ Yoast SEO plugin. -->","yoast_head_json":{"title":"Aflamo 3D insert \u00e9lectrique LED mod\u00e8le 60x40 - aflamo.shop - revendeur aflamo certifi\u00e9","description":"Insert de chemin\u00e9e AFLAMO 3D - effet de flamme r\u00e9aliste et foyer rayonnant. La technologie AFLAMO PLUS cr\u00e9e une magie de feu tridimensionnelle dans votre maison.","robots":{"index":"index","follow":"follow","max-snippet":"max-snippet:-1","max-image-preview":"max-image-preview:large","max-video-preview":"max-video-preview:-1"},"canonical":"https:\/\/aflamo.shop\/fr\/p\/aflamo-3d-insert-electrique-led-modele-60x40\/","og_locale":"fr_FR","og_type":"article","og_title":"Aflamo 3D insert \u00e9lectrique LED mod\u00e8le 60x40 - aflamo.shop - revendeur aflamo certifi\u00e9","og_description":"Insert de chemin\u00e9e AFLAMO 3D - effet de flamme r\u00e9aliste et foyer rayonnant. La technologie AFLAMO PLUS cr\u00e9e une magie de feu tridimensionnelle dans votre maison.","og_url":"https:\/\/aflamo.shop\/fr\/p\/aflamo-3d-insert-electrique-led-modele-60x40\/","og_site_name":"aflamo.shop - revendeur aflamo certifi\u00e9","article_modified_time":"2026-04-17T08:49:18+00:00","og_image":[{"width":2048,"height":2048,"url":"https:\/\/aflamo.shop\/wp-content\/uploads\/2024\/11\/INSERT-3D-45x75_front_01-1.jpg","type":"image\/jpeg"}],"twitter_card":"summary_large_image","twitter_misc":{"Dur\u00e9e de lecture estim\u00e9e":"7 minutes"},"schema":{"@context":"https:\/\/schema.org","@graph":[{"@type":"WebPage","@id":"https:\/\/aflamo.shop\/fr\/p\/aflamo-3d-insert-electrique-led-modele-60x40\/","url":"https:\/\/aflamo.shop\/fr\/p\/aflamo-3d-insert-electrique-led-modele-60x40\/","name":"Aflamo 3D insert \u00e9lectrique LED mod\u00e8le 60x40 - aflamo.shop - revendeur aflamo certifi\u00e9","isPartOf":{"@id":"https:\/\/aflamo.shop\/fr\/#website"},"primaryImageOfPage":{"@id":"https:\/\/aflamo.shop\/fr\/p\/aflamo-3d-insert-electrique-led-modele-60x40\/#primaryimage"},"image":{"@id":"https:\/\/aflamo.shop\/fr\/p\/aflamo-3d-insert-electrique-led-modele-60x40\/#primaryimage"},"thumbnailUrl":"https:\/\/aflamo.shop\/wp-content\/uploads\/2024\/11\/INSERT-3D-45x75_front_01-1.jpg","datePublished":"2024-11-08T14:05:33+00:00","dateModified":"2026-04-17T08:49:18+00:00","description":"Insert de chemin\u00e9e AFLAMO 3D - effet de flamme r\u00e9aliste et foyer rayonnant. La technologie AFLAMO PLUS cr\u00e9e une magie de feu tridimensionnelle dans votre maison.","breadcrumb":{"@id":"https:\/\/aflamo.shop\/fr\/p\/aflamo-3d-insert-electrique-led-modele-60x40\/#breadcrumb"},"inLanguage":"fr-FR","potentialAction":[{"@type":"ReadAction","target":["https:\/\/aflamo.shop\/fr\/p\/aflamo-3d-insert-electrique-led-modele-60x40\/"]}]},{"@type":"ImageObject","inLanguage":"fr-FR","@id":"https:\/\/aflamo.shop\/fr\/p\/aflamo-3d-insert-electrique-led-modele-60x40\/#primaryimage","url":"https:\/\/aflamo.shop\/wp-content\/uploads\/2024\/11\/INSERT-3D-45x75_front_01-1.jpg","contentUrl":"https:\/\/aflamo.shop\/wp-content\/uploads\/2024\/11\/INSERT-3D-45x75_front_01-1.jpg","width":2048,"height":2048},{"@type":"BreadcrumbList","@id":"https:\/\/aflamo.shop\/fr\/p\/aflamo-3d-insert-electrique-led-modele-60x40\/#breadcrumb","itemListElement":[{"@type":"ListItem","position":1,"name":"Page d'accueil","item":"https:\/\/aflamo.shop\/fr\/"},{"@type":"ListItem","position":2,"name":"Boutique","item":"https:\/\/aflamo.shop\/boutique\/"},{"@type":"ListItem","position":3,"name":"Chemin\u00e9es \u00e9lectriques","item":"https:\/\/aflamo.shop\/fr\/s\/cheminees-electriques-fr\/"},{"@type":"ListItem","position":4,"name":"Aflamo 3D insert \u00e9lectrique LED mod\u00e8le 60&#215;40"}]},{"@type":"WebSite","@id":"https:\/\/aflamo.shop\/fr\/#website","url":"https:\/\/aflamo.shop\/fr\/","name":"aflamo.shop - revendeur aflamo certifi\u00e9","description":"Kominki elektryczne Aflamo i Emotion Flame z funkcj\u0105 grzania","publisher":{"@id":"https:\/\/aflamo.shop\/fr\/#organization"},"potentialAction":[{"@type":"SearchAction","target":{"@type":"EntryPoint","urlTemplate":"https:\/\/aflamo.shop\/fr\/?s={search_term_string}"},"query-input":{"@type":"PropertyValueSpecification","valueRequired":true,"valueName":"search_term_string"}}],"inLanguage":"fr-FR"},{"@type":"Organization","@id":"https:\/\/aflamo.shop\/fr\/#organization","name":"aflamo.shop - revendeur aflamo certifi\u00e9","url":"https:\/\/aflamo.shop\/fr\/","logo":{"@type":"ImageObject","inLanguage":"fr-FR","@id":"https:\/\/aflamo.shop\/fr\/#\/schema\/logo\/image\/","url":"https:\/\/aflamo.shop\/wp-content\/uploads\/2019\/10\/logo2.1-1-1.svg","contentUrl":"https:\/\/aflamo.shop\/wp-content\/uploads\/2019\/10\/logo2.1-1-1.svg","caption":"aflamo.shop - revendeur aflamo certifi\u00e9"},"image":{"@id":"https:\/\/aflamo.shop\/fr\/#\/schema\/logo\/image\/"}}]}},"_links":{"self":[{"href":"https:\/\/aflamo.shop\/fr\/wp-json\/wp\/v2\/product\/14820","targetHints":{"allow":["GET"]}}],"collection":[{"href":"https:\/\/aflamo.shop\/fr\/wp-json\/wp\/v2\/product"}],"about":[{"href":"https:\/\/aflamo.shop\/fr\/wp-json\/wp\/v2\/types\/product"}],"replies":[{"embeddable":true,"href":"https:\/\/aflamo.shop\/fr\/wp-json\/wp\/v2\/comments?post=14820"}],"wp:featuredmedia":[{"embeddable":true,"href":"https:\/\/aflamo.shop\/fr\/wp-json\/wp\/v2\/media\/18519"}],"wp:attachment":[{"href":"https:\/\/aflamo.shop\/fr\/wp-json\/wp\/v2\/media?parent=14820"}],"wp:term":[{"taxonomy":"product_brand","embeddable":true,"href":"https:\/\/aflamo.shop\/fr\/wp-json\/wp\/v2\/product_brand?post=14820"},{"taxonomy":"product_cat","embeddable":true,"href":"https:\/\/aflamo.shop\/fr\/wp-json\/wp\/v2\/product_cat?post=14820"},{"taxonomy":"product_tag","embeddable":true,"href":"https:\/\/aflamo.shop\/fr\/wp-json\/wp\/v2\/product_tag?post=14820"}],"curies":[{"name":"wp","href":"https:\/\/api.w.org\/{rel}","templated":true}]}}