{"id":14532,"date":"2024-12-03T08:32:29","date_gmt":"2024-12-03T08:32:29","guid":{"rendered":"https:\/\/aflamo.shop\/p\/aflamo-royal-3d-140-cheminee-electrique-encastrable-a-led\/"},"modified":"2026-04-17T08:38:01","modified_gmt":"2026-04-17T08:38:01","slug":"aflamo-royal-3d-140-cheminee-electrique-encastrable-a-led","status":"publish","type":"product","link":"https:\/\/aflamo.shop\/fr\/p\/aflamo-royal-3d-140-cheminee-electrique-encastrable-a-led\/","title":{"rendered":"Aflamo Royal 3D 140 &#8211; chemin\u00e9e \u00e9lectrique encastrable \u00e0 LED"},"content":{"rendered":"<p><iframe title=\"Lecteur vid\u00e9o YouTube\" src=\"https:\/\/www.youtube.com\/embed\/GsNIRhA3ecI?si=7zd_qsR3LD0dUTSy\" width=\"560\" height=\"315\" frameborder=\"0\" allowfullscreen=\"allowfullscreen\"><span data-mce-type=\"bookmark\" style=\"display: inline-block; width: 0px; overflow: hidden; line-height: 0;\" class=\"mce_SELRES_start\"><\/span><\/iframe><\/p>\n<div class=\"row drow unique\">\n<div class=\"col-xs-12 col-sm-6\">\n<h3><strong>Qualit\u00e9 de la flamme en trois dimensions &#8211; sentez la diff\u00e9rence<\/strong><\/h3>\n<p>D\u00e9couvrez le <strong>Royal 3D<\/strong>, une chemin\u00e9e \u00e9l\u00e9gante qui fait entrer la magie d&rsquo;un vrai feu dans votre maison. Gr\u00e2ce \u00e0 la technologie <strong>AFLAMO PLUS<\/strong>, l&rsquo;effet r\u00e9aliste des flammes en trois dimensions et le foyer incandescent offrent une brillance et une chaleur in\u00e9gal\u00e9es qui cr\u00e9ent l&rsquo;atmosph\u00e8re parfaite pour la relaxation. <\/p>\n<ul>\n<li style=\"list-style-type: none;\">\n<ul>\n<li><strong>3 couleurs de flammes<\/strong> pour s&rsquo;adapter \u00e0 votre humeur.<\/li>\n<li><strong>13 couleurs d&rsquo;\u00e9clairage du foyer<\/strong> &#8211; pour une atmosph\u00e8re unique.<\/li>\n<\/ul>\n<\/li>\n<\/ul>\n<p><img fetchpriority=\"high\" decoding=\"async\" class=\"aligncenter wp-image-11547 size-full\" src=\"https:\/\/aflamo.shop\/wp-content\/uploads\/2024\/11\/unique_flame_superb-3d-%E2%80%94-kopia.jpg\" alt=\"Superbe effet de flamme en 3D\" width=\"492\" height=\"300\"><\/p>\n<h4><strong>Foyer impressionnant &#8211; b\u00fbches translucides<\/strong><\/h4>\n<p><strong>La<\/strong> chemin\u00e9e <strong>Royal<\/strong> <strong> 3D<\/strong> est dot\u00e9e de b\u00fbches translucides qui ressemblent \u00e0 du bois incandescent, pour encore plus de r\u00e9alisme.<\/p>\n<ul>\n<li>La finition naturelle permet \u00e0 la chemin\u00e9e de s&rsquo;int\u00e9grer parfaitement \u00e0 tous les styles de d\u00e9coration int\u00e9rieure, qu&rsquo;ils soient classiques ou modernes.<\/li>\n<li>Il s&rsquo;agit non seulement d&rsquo;un appareil de chauffage, mais aussi d&rsquo;une d\u00e9coration remarquable qui ravira vos invit\u00e9s.<\/li>\n<\/ul>\n<p><img decoding=\"async\" class=\"aligncenter wp-image-11550 size-full\" src=\"https:\/\/aflamo.shop\/wp-content\/uploads\/2024\/11\/unique_logs_royal-pro-%E2%80%94-kopia.jpg\" alt=\"Superbe foyer en 3D\" width=\"492\" height=\"300\"><\/p>\n<h4><strong>Une exp\u00e9rience r\u00e9aliste &#8211; le bruit du bois qui br\u00fble<\/strong><\/h4>\n<p>L&rsquo;atmosph\u00e8re unique de la chemin\u00e9e est renforc\u00e9e par les <strong>sons authentiques du cr\u00e9pitement du bois<\/strong> \u00e9mis par le haut-parleur int\u00e9gr\u00e9.<\/p>\n<ul>\n<li>Cela cr\u00e9e une atmosph\u00e8re chaleureuse, id\u00e9ale pour des soir\u00e9es autour d&rsquo;un livre, d&rsquo;un film ou avec des proches.<\/li>\n<li>La combinaison du son, de la lumi\u00e8re et de la chaleur cr\u00e9e une exp\u00e9rience globale de relaxation qui ne peut \u00eatre compar\u00e9e \u00e0 rien d&rsquo;autre.<\/li>\n<\/ul>\n<p><img decoding=\"async\" class=\"aligncenter wp-image-11819 size-full\" src=\"https:\/\/aflamo.shop\/wp-content\/uploads\/2024\/12\/unique_sound_royal-3d.jpg\" alt=\"\" width=\"492\" height=\"300\" srcset=\"https:\/\/aflamo.shop\/wp-content\/uploads\/2024\/12\/unique_sound_royal-3d.jpg 492w, https:\/\/aflamo.shop\/wp-content\/uploads\/2024\/12\/unique_sound_royal-3d-300x183.jpg 300w\" sizes=\"(max-width: 492px) 100vw, 492px\" \/><\/p>\n<p>&nbsp;<\/p>\n<h4><strong>Contr\u00f4le du foyer &#8211; application mobile<\/strong><\/h4>\n<p><iframe title=\"Lecteur vid\u00e9o YouTube\" src=\"https:\/\/www.youtube.com\/embed\/H9frj9fGZnY?si=YHNoy3_uQ_P_q10N\" width=\"560\" height=\"315\" frameborder=\"0\" allowfullscreen=\"allowfullscreen\"><\/iframe><br \/>\nToutes les fonctions du foyer sont disponibles sur votre smartphone !<\/p>\n<ul>\n<li>Modifiez la flamme, la luminosit\u00e9, la couleur et les param\u00e8tres de chauffage depuis l&rsquo;application Android et iOS.<\/li>\n<li>Les <strong>commandes vocales<\/strong> avec l&rsquo;assistant Amazon Alexa rendent l&rsquo;utilisation encore plus facile.<\/li>\n<li>Il s&rsquo;agit d&rsquo;une solution moderne qui allie style et fonctionnalit\u00e9.<\/li>\n<\/ul>\n<p><img loading=\"lazy\" decoding=\"async\" class=\"aligncenter wp-image-11807 size-full\" src=\"https:\/\/aflamo.shop\/wp-content\/uploads\/2024\/12\/unique_app_royal-3d.jpg\" alt=\"\" width=\"492\" height=\"300\" srcset=\"https:\/\/aflamo.shop\/wp-content\/uploads\/2024\/12\/unique_app_royal-3d.jpg 492w, https:\/\/aflamo.shop\/wp-content\/uploads\/2024\/12\/unique_app_royal-3d-300x183.jpg 300w\" sizes=\"(max-width: 492px) 100vw, 492px\" \/><\/p>\n<p>&nbsp;<\/p>\n<h4><strong>Diff\u00e9rentes variantes &#8211; adaptez le foyer \u00e0 vos besoins<\/strong><\/h4>\n<p><strong>Royal 3D<\/strong> est disponible en plusieurs tailles : 100<strong>, 120, 140, 160, 180 cm, ce qui<\/strong> lui permet de s&rsquo;int\u00e9grer parfaitement dans n&rsquo;importe quel int\u00e9rieur.<\/p>\n<p><img loading=\"lazy\" decoding=\"async\" class=\"aligncenter wp-image-11816 size-full\" src=\"https:\/\/aflamo.shop\/wp-content\/uploads\/2024\/12\/unique_royal-3d.jpg\" alt=\"\" width=\"492\" height=\"300\" srcset=\"https:\/\/aflamo.shop\/wp-content\/uploads\/2024\/12\/unique_royal-3d.jpg 492w, https:\/\/aflamo.shop\/wp-content\/uploads\/2024\/12\/unique_royal-3d-300x183.jpg 300w\" sizes=\"(max-width: 492px) 100vw, 492px\" \/><\/p>\n<p>&nbsp;<\/p>\n<h4><strong>Facile \u00e0 installer et \u00e0 utiliser &#8211; la simplicit\u00e9 au quotidien<\/strong><\/h4>\n<p><b>Chemin\u00e9e encastr\u00e9e<\/b><br \/>\nL&rsquo;installation d&rsquo;une chemin\u00e9e <strong>Royal 3D<\/strong> se fait en quelques \u00e9tapes :<\/p>\n<ol>\n<li>Pr\u00e9parez le site.<\/li>\n<li>Installez une chemin\u00e9e.<\/li>\n<li>Allumez l&rsquo;appareil et profitez du beau spectacle de la flamme !<\/li>\n<\/ol>\n<p>En outre, le foyer ne n\u00e9cessite aucun entretien. Vous n&rsquo;avez pas besoin de couper du bois, de nettoyer les cendres ou de vous pr\u00e9occuper des conduits de fum\u00e9e, ce qui est id\u00e9al pour les maisons modernes. <\/p>\n<p><img loading=\"lazy\" decoding=\"async\" class=\"aligncenter wp-image-11780 size-full\" src=\"https:\/\/aflamo.shop\/wp-content\/uploads\/2024\/12\/Royal-3D_room-shot.jpg\" alt=\"\" width=\"2048\" height=\"1152\" srcset=\"https:\/\/aflamo.shop\/wp-content\/uploads\/2024\/12\/Royal-3D_room-shot.jpg 2048w, https:\/\/aflamo.shop\/wp-content\/uploads\/2024\/12\/Royal-3D_room-shot-600x338.jpg 600w, https:\/\/aflamo.shop\/wp-content\/uploads\/2024\/12\/Royal-3D_room-shot-300x169.jpg 300w, https:\/\/aflamo.shop\/wp-content\/uploads\/2024\/12\/Royal-3D_room-shot-1024x576.jpg 1024w, https:\/\/aflamo.shop\/wp-content\/uploads\/2024\/12\/Royal-3D_room-shot-768x432.jpg 768w, https:\/\/aflamo.shop\/wp-content\/uploads\/2024\/12\/Royal-3D_room-shot-1536x864.jpg 1536w\" sizes=\"(max-width: 2048px) 100vw, 2048px\" \/><\/p>\n<p>&nbsp;<\/p>\n<h4><strong>L&rsquo;\u00e2tre et la flamme &#8211; un mariage parfait<\/strong><\/h4>\n<ul>\n<li><strong>Flamme :<\/strong> 15 couleurs, 5 niveaux de luminosit\u00e9 et 3 vitesses d&rsquo;animation &#8211; choisissez l&rsquo;effet qui convient le mieux \u00e0 votre humeur.<\/li>\n<\/ul>\n<p><img loading=\"lazy\" decoding=\"async\" class=\"aligncenter wp-image-11774 size-full\" src=\"https:\/\/aflamo.shop\/wp-content\/uploads\/2024\/12\/Royal-3D_flame_colors.jpg\" alt=\"\" width=\"637\" height=\"418\" srcset=\"https:\/\/aflamo.shop\/wp-content\/uploads\/2024\/12\/Royal-3D_flame_colors.jpg 637w, https:\/\/aflamo.shop\/wp-content\/uploads\/2024\/12\/Royal-3D_flame_colors-600x394.jpg 600w, https:\/\/aflamo.shop\/wp-content\/uploads\/2024\/12\/Royal-3D_flame_colors-300x197.jpg 300w\" sizes=\"(max-width: 637px) 100vw, 637px\" \/><\/p>\n<p>&nbsp;<\/p>\n<ul>\n<li><strong>Le foyer :<\/strong> Vous trouverez deux variantes incluses &#8211; les b\u00fbches pour un look classique et les cristaux pour une \u00e9l\u00e9gance moderne.<\/li>\n<li><strong>13 couleurs d&rsquo;\u00e9clairage du foyer<\/strong> et <strong>5 niveaux de luminosit\u00e9<\/strong>.<\/li>\n<\/ul>\n<p><img loading=\"lazy\" decoding=\"async\" class=\"aligncenter wp-image-10691 size-full\" src=\"https:\/\/aflamo.shop\/wp-content\/uploads\/2024\/06\/polana_krysztaly-e1603875138523.png\" alt=\"Superbe foyer en 3D\" width=\"413\" height=\"297\" srcset=\"https:\/\/aflamo.shop\/wp-content\/uploads\/2024\/06\/polana_krysztaly-e1603875138523.png 413w, https:\/\/aflamo.shop\/wp-content\/uploads\/2024\/06\/polana_krysztaly-e1603875138523-300x216.png 300w\" sizes=\"(max-width: 413px) 100vw, 413px\" \/><\/p>\n<h4><strong>A utiliser tout au long de l&rsquo;ann\u00e9e !<\/strong><\/h4>\n<p>La flamme fonctionne ind\u00e9pendamment de la fonction de chauffage, ce qui vous permet de profiter de l&rsquo;atmosph\u00e8re du feu m\u00eame en \u00e9t\u00e9. N&rsquo;allumez le chauffage que lorsque vous en avez besoin &#8211; parfait pour toutes les saisons. <\/p>\n<h4><strong>Sant\u00e9 et s\u00e9curit\u00e9<\/strong><\/h4>\n<ul>\n<li>La chemin\u00e9e est respectueuse de l&rsquo;environnement &#8211; elle n&rsquo;\u00e9met ni dioxyde de carbone ni suie.<\/li>\n<li>Le verre reste froid &#8211; sans danger pour les enfants et les animaux domestiques.<\/li>\n<li>Un capteur int\u00e9gr\u00e9 arr\u00eate le chauffage si la sortie de chaleur est obstru\u00e9e.<\/li>\n<\/ul>\n<h4><strong>\u00c9conomique et efficace<\/strong><\/h4>\n<ul>\n<li>Le co\u00fbt de l&rsquo;effet de flamme n&rsquo;est que de 1 \u00e0 2 centimes par heure gr\u00e2ce \u00e0 la technologie LED.<\/li>\n<li>Deux niveaux de puissance de chauffage et un thermostat assurent une temp\u00e9rature optimale entre 20 et 30\u00b0C.<\/li>\n<\/ul>\n<ul><strong><\/p>\n<p><a href=\"https:\/\/aflamo.shop\/wp-content\/uploads\/2024\/12\/Instrukcja-Royal-3D.pdf\">Instructions d&rsquo;utilisation et de s\u00e9curit\u00e9<\/a><\/p>\n<p><\/strong><\/ul>\n<h4><strong>Dessins techniques<\/strong><\/h4>\n<p><b>Royal 3D 100<\/b><\/p>\n<p><img loading=\"lazy\" decoding=\"async\" class=\"aligncenter wp-image-11756 size-full\" src=\"https:\/\/aflamo.shop\/wp-content\/uploads\/2024\/12\/Royal_3D_100-%E2%80%94-kopia.png\" alt=\"\" width=\"889\" height=\"545\"><\/p>\n<p>&nbsp;<\/p>\n<p><b>Royal 3D 120<\/b><\/p>\n<p><img loading=\"lazy\" decoding=\"async\" class=\"aligncenter wp-image-11759 size-full\" src=\"https:\/\/aflamo.shop\/wp-content\/uploads\/2024\/12\/Royal_3D_100.png\" alt=\"\" width=\"889\" height=\"545\" srcset=\"https:\/\/aflamo.shop\/wp-content\/uploads\/2024\/12\/Royal_3D_100.png 889w, https:\/\/aflamo.shop\/wp-content\/uploads\/2024\/12\/Royal_3D_100-600x368.png 600w, https:\/\/aflamo.shop\/wp-content\/uploads\/2024\/12\/Royal_3D_100-300x184.png 300w, https:\/\/aflamo.shop\/wp-content\/uploads\/2024\/12\/Royal_3D_100-768x471.png 768w\" sizes=\"(max-width: 889px) 100vw, 889px\" \/><\/p>\n<p>&nbsp;<\/p>\n<p><b>Royal 3D 140<\/b><\/p>\n<p><img loading=\"lazy\" decoding=\"async\" class=\"aligncenter wp-image-11765 size-full\" src=\"https:\/\/aflamo.shop\/wp-content\/uploads\/2024\/12\/Royal_3D_140.png\" alt=\"\" width=\"980\" height=\"538\" srcset=\"https:\/\/aflamo.shop\/wp-content\/uploads\/2024\/12\/Royal_3D_140.png 980w, https:\/\/aflamo.shop\/wp-content\/uploads\/2024\/12\/Royal_3D_140-600x329.png 600w, https:\/\/aflamo.shop\/wp-content\/uploads\/2024\/12\/Royal_3D_140-300x165.png 300w, https:\/\/aflamo.shop\/wp-content\/uploads\/2024\/12\/Royal_3D_140-768x422.png 768w\" sizes=\"(max-width: 980px) 100vw, 980px\" \/><\/p>\n<p>&nbsp;<\/p>\n<p><b>Royal 3D 160<\/b><\/p>\n<p><img loading=\"lazy\" decoding=\"async\" class=\"aligncenter wp-image-11768 size-full\" src=\"https:\/\/aflamo.shop\/wp-content\/uploads\/2024\/12\/Royal_3D_160.png\" alt=\"\" width=\"969\" height=\"485\" srcset=\"https:\/\/aflamo.shop\/wp-content\/uploads\/2024\/12\/Royal_3D_160.png 969w, https:\/\/aflamo.shop\/wp-content\/uploads\/2024\/12\/Royal_3D_160-600x300.png 600w, https:\/\/aflamo.shop\/wp-content\/uploads\/2024\/12\/Royal_3D_160-300x150.png 300w, https:\/\/aflamo.shop\/wp-content\/uploads\/2024\/12\/Royal_3D_160-768x384.png 768w\" sizes=\"(max-width: 969px) 100vw, 969px\" \/><\/p>\n<p>&nbsp;<\/p>\n<p><b>Royal 3D 180<\/b><\/p>\n<p><img loading=\"lazy\" decoding=\"async\" class=\"aligncenter wp-image-11771 size-full\" src=\"https:\/\/aflamo.shop\/wp-content\/uploads\/2024\/12\/Royal_3D_180.png\" alt=\"\" width=\"967\" height=\"444\" srcset=\"https:\/\/aflamo.shop\/wp-content\/uploads\/2024\/12\/Royal_3D_180.png 967w, https:\/\/aflamo.shop\/wp-content\/uploads\/2024\/12\/Royal_3D_180-600x275.png 600w, https:\/\/aflamo.shop\/wp-content\/uploads\/2024\/12\/Royal_3D_180-300x138.png 300w, https:\/\/aflamo.shop\/wp-content\/uploads\/2024\/12\/Royal_3D_180-768x353.png 768w\" sizes=\"(max-width: 967px) 100vw, 967px\" \/><\/p>\n<p>&nbsp;<\/p>\n<\/div>\n<\/div>\n","protected":false},"excerpt":{"rendered":"<p>Fabricant : Aflamo<\/p>\n<p>Chemin\u00e9e \u00e9lectrique LED encastr\u00e9e<\/p>\n<p><b>Mod\u00e8le :<\/b><\/p>\n<ul>\n<li><a href=\"https:\/\/aflamo.shop\/fr\/p\/aflamo-royal-3d-100-cheminee-electrique-encastrable-a-led\/\">100<\/a><\/li>\n<li><a href=\"https:\/\/aflamo.shop\/fr\/p\/aflamo-royal-3d-120-cheminee-electrique-encastrable-a-led\/\">120<\/a><\/li>\n<li><a href=\"https:\/\/aflamo.shop\/fr\/p\/aflamo-royal-3d-140-cheminee-electrique-encastrable-a-led\/\">140<\/a><\/li>\n<li><a href=\"https:\/\/aflamo.shop\/fr\/p\/aflamo-royal-3d-160-cheminee-electrique-encastrable-a-led\/\">160<\/a><\/li>\n<li><a href=\"https:\/\/aflamo.shop\/fr\/p\/aflamo-royal-3d-180-cheminee-electrique-encastrable-a-led\/\">180<\/a><\/li>\n<\/ul>\n<p><b>Dimensions :<\/b> 140 x 48 x 22 cm<\/p>\n","protected":false},"featured_media":14510,"comment_status":"open","ping_status":"closed","template":"","meta":[],"product_brand":[],"product_cat":[770,170,772,776,775,771,773],"product_tag":[],"class_list":{"0":"post-14532","1":"product","2":"type-product","3":"status-publish","4":"has-post-thumbnail","6":"product_cat-aflamo-fr","7":"product_cat-cheminees-electriques-fr","8":"product_cat-cheminees-electriques-a-led-avec-fonction-de-chauffage","9":"product_cat-cheminees-electriques-avec-application-mobile","10":"product_cat-cheminees-electriques-avec-son","11":"product_cat-cheminees-electriques-led-encastrees","12":"product_cat-inserts-electriques-led","14":"first","15":"instock","16":"shipping-taxable","17":"purchasable","18":"product-type-simple"},"yoast_head":"<!-- This site is optimized with the Yoast SEO plugin v27.4 - https:\/\/yoast.com\/product\/yoast-seo-wordpress\/ -->\n<title>Aflamo Royal 3D 140 - chemin\u00e9e \u00e9lectrique encastrable \u00e0 LED - aflamo.shop - revendeur aflamo certifi\u00e9<\/title>\n<meta name=\"description\" content=\"Chemin\u00e9e Royal 3D - un effet de feu r\u00e9aliste dans votre maison. La technologie AFLAMO PLUS, les flammes tridimensionnelles et le foyer incandescent cr\u00e9ent une atmosph\u00e8re extraordinaire.\" \/>\n<meta name=\"robots\" content=\"index, follow, max-snippet:-1, max-image-preview:large, max-video-preview:-1\" \/>\n<link rel=\"canonical\" href=\"https:\/\/aflamo.shop\/fr\/p\/aflamo-royal-3d-140-cheminee-electrique-encastrable-a-led\/\" \/>\n<meta property=\"og:locale\" content=\"fr_FR\" \/>\n<meta property=\"og:type\" content=\"article\" \/>\n<meta property=\"og:title\" content=\"Aflamo Royal 3D 140 - chemin\u00e9e \u00e9lectrique encastrable \u00e0 LED - aflamo.shop - revendeur aflamo certifi\u00e9\" \/>\n<meta property=\"og:description\" content=\"Chemin\u00e9e Royal 3D - un effet de feu r\u00e9aliste dans votre maison. La technologie AFLAMO PLUS, les flammes tridimensionnelles et le foyer incandescent cr\u00e9ent une atmosph\u00e8re extraordinaire.\" \/>\n<meta property=\"og:url\" content=\"https:\/\/aflamo.shop\/fr\/p\/aflamo-royal-3d-140-cheminee-electrique-encastrable-a-led\/\" \/>\n<meta property=\"og:site_name\" content=\"aflamo.shop - revendeur aflamo certifi\u00e9\" \/>\n<meta property=\"article:modified_time\" content=\"2026-04-17T08:38:01+00:00\" \/>\n<meta property=\"og:image\" content=\"https:\/\/aflamo.shop\/wp-content\/uploads\/2024\/12\/Royal-3D-100_front_04.jpg\" \/>\n\t<meta property=\"og:image:width\" content=\"2048\" \/>\n\t<meta property=\"og:image:height\" content=\"2048\" \/>\n\t<meta property=\"og:image:type\" content=\"image\/jpeg\" \/>\n<meta name=\"twitter:card\" content=\"summary_large_image\" \/>\n<meta name=\"twitter:label1\" content=\"Dur\u00e9e de lecture estim\u00e9e\" \/>\n\t<meta name=\"twitter:data1\" content=\"7 minutes\" \/>\n<script type=\"application\/ld+json\" class=\"yoast-schema-graph\">{\"@context\":\"https:\\\/\\\/schema.org\",\"@graph\":[{\"@type\":\"WebPage\",\"@id\":\"https:\\\/\\\/aflamo.shop\\\/fr\\\/p\\\/aflamo-royal-3d-140-cheminee-electrique-encastrable-a-led\\\/\",\"url\":\"https:\\\/\\\/aflamo.shop\\\/fr\\\/p\\\/aflamo-royal-3d-140-cheminee-electrique-encastrable-a-led\\\/\",\"name\":\"Aflamo Royal 3D 140 - chemin\u00e9e \u00e9lectrique encastrable \u00e0 LED - aflamo.shop - revendeur aflamo certifi\u00e9\",\"isPartOf\":{\"@id\":\"https:\\\/\\\/aflamo.shop\\\/fr\\\/#website\"},\"primaryImageOfPage\":{\"@id\":\"https:\\\/\\\/aflamo.shop\\\/fr\\\/p\\\/aflamo-royal-3d-140-cheminee-electrique-encastrable-a-led\\\/#primaryimage\"},\"image\":{\"@id\":\"https:\\\/\\\/aflamo.shop\\\/fr\\\/p\\\/aflamo-royal-3d-140-cheminee-electrique-encastrable-a-led\\\/#primaryimage\"},\"thumbnailUrl\":\"https:\\\/\\\/aflamo.shop\\\/wp-content\\\/uploads\\\/2024\\\/12\\\/Royal-3D-100_front_04.jpg\",\"datePublished\":\"2024-12-03T08:32:29+00:00\",\"dateModified\":\"2026-04-17T08:38:01+00:00\",\"description\":\"Chemin\u00e9e Royal 3D - un effet de feu r\u00e9aliste dans votre maison. La technologie AFLAMO PLUS, les flammes tridimensionnelles et le foyer incandescent cr\u00e9ent une atmosph\u00e8re extraordinaire.\",\"breadcrumb\":{\"@id\":\"https:\\\/\\\/aflamo.shop\\\/fr\\\/p\\\/aflamo-royal-3d-140-cheminee-electrique-encastrable-a-led\\\/#breadcrumb\"},\"inLanguage\":\"fr-FR\",\"potentialAction\":[{\"@type\":\"ReadAction\",\"target\":[\"https:\\\/\\\/aflamo.shop\\\/fr\\\/p\\\/aflamo-royal-3d-140-cheminee-electrique-encastrable-a-led\\\/\"]}]},{\"@type\":\"ImageObject\",\"inLanguage\":\"fr-FR\",\"@id\":\"https:\\\/\\\/aflamo.shop\\\/fr\\\/p\\\/aflamo-royal-3d-140-cheminee-electrique-encastrable-a-led\\\/#primaryimage\",\"url\":\"https:\\\/\\\/aflamo.shop\\\/wp-content\\\/uploads\\\/2024\\\/12\\\/Royal-3D-100_front_04.jpg\",\"contentUrl\":\"https:\\\/\\\/aflamo.shop\\\/wp-content\\\/uploads\\\/2024\\\/12\\\/Royal-3D-100_front_04.jpg\",\"width\":2048,\"height\":2048},{\"@type\":\"BreadcrumbList\",\"@id\":\"https:\\\/\\\/aflamo.shop\\\/fr\\\/p\\\/aflamo-royal-3d-140-cheminee-electrique-encastrable-a-led\\\/#breadcrumb\",\"itemListElement\":[{\"@type\":\"ListItem\",\"position\":1,\"name\":\"Page d'accueil\",\"item\":\"https:\\\/\\\/aflamo.shop\\\/fr\\\/\"},{\"@type\":\"ListItem\",\"position\":2,\"name\":\"Boutique\",\"item\":\"https:\\\/\\\/aflamo.shop\\\/boutique\\\/\"},{\"@type\":\"ListItem\",\"position\":3,\"name\":\"Chemin\u00e9es \u00e9lectriques\",\"item\":\"https:\\\/\\\/aflamo.shop\\\/fr\\\/s\\\/cheminees-electriques-fr\\\/\"},{\"@type\":\"ListItem\",\"position\":4,\"name\":\"Aflamo Royal 3D 140 &#8211; chemin\u00e9e \u00e9lectrique encastrable \u00e0 LED\"}]},{\"@type\":\"WebSite\",\"@id\":\"https:\\\/\\\/aflamo.shop\\\/fr\\\/#website\",\"url\":\"https:\\\/\\\/aflamo.shop\\\/fr\\\/\",\"name\":\"aflamo.shop - revendeur aflamo certifi\u00e9\",\"description\":\"Kominki elektryczne Aflamo i Emotion Flame z funkcj\u0105 grzania\",\"publisher\":{\"@id\":\"https:\\\/\\\/aflamo.shop\\\/fr\\\/#organization\"},\"potentialAction\":[{\"@type\":\"SearchAction\",\"target\":{\"@type\":\"EntryPoint\",\"urlTemplate\":\"https:\\\/\\\/aflamo.shop\\\/fr\\\/?s={search_term_string}\"},\"query-input\":{\"@type\":\"PropertyValueSpecification\",\"valueRequired\":true,\"valueName\":\"search_term_string\"}}],\"inLanguage\":\"fr-FR\"},{\"@type\":\"Organization\",\"@id\":\"https:\\\/\\\/aflamo.shop\\\/fr\\\/#organization\",\"name\":\"aflamo.shop - revendeur aflamo certifi\u00e9\",\"url\":\"https:\\\/\\\/aflamo.shop\\\/fr\\\/\",\"logo\":{\"@type\":\"ImageObject\",\"inLanguage\":\"fr-FR\",\"@id\":\"https:\\\/\\\/aflamo.shop\\\/fr\\\/#\\\/schema\\\/logo\\\/image\\\/\",\"url\":\"https:\\\/\\\/aflamo.shop\\\/wp-content\\\/uploads\\\/2019\\\/10\\\/logo2.1-1-1.svg\",\"contentUrl\":\"https:\\\/\\\/aflamo.shop\\\/wp-content\\\/uploads\\\/2019\\\/10\\\/logo2.1-1-1.svg\",\"caption\":\"aflamo.shop - revendeur aflamo certifi\u00e9\"},\"image\":{\"@id\":\"https:\\\/\\\/aflamo.shop\\\/fr\\\/#\\\/schema\\\/logo\\\/image\\\/\"}}]}<\/script>\n<!-- \/ Yoast SEO plugin. -->","yoast_head_json":{"title":"Aflamo Royal 3D 140 - chemin\u00e9e \u00e9lectrique encastrable \u00e0 LED - aflamo.shop - revendeur aflamo certifi\u00e9","description":"Chemin\u00e9e Royal 3D - un effet de feu r\u00e9aliste dans votre maison. La technologie AFLAMO PLUS, les flammes tridimensionnelles et le foyer incandescent cr\u00e9ent une atmosph\u00e8re extraordinaire.","robots":{"index":"index","follow":"follow","max-snippet":"max-snippet:-1","max-image-preview":"max-image-preview:large","max-video-preview":"max-video-preview:-1"},"canonical":"https:\/\/aflamo.shop\/fr\/p\/aflamo-royal-3d-140-cheminee-electrique-encastrable-a-led\/","og_locale":"fr_FR","og_type":"article","og_title":"Aflamo Royal 3D 140 - chemin\u00e9e \u00e9lectrique encastrable \u00e0 LED - aflamo.shop - revendeur aflamo certifi\u00e9","og_description":"Chemin\u00e9e Royal 3D - un effet de feu r\u00e9aliste dans votre maison. La technologie AFLAMO PLUS, les flammes tridimensionnelles et le foyer incandescent cr\u00e9ent une atmosph\u00e8re extraordinaire.","og_url":"https:\/\/aflamo.shop\/fr\/p\/aflamo-royal-3d-140-cheminee-electrique-encastrable-a-led\/","og_site_name":"aflamo.shop - revendeur aflamo certifi\u00e9","article_modified_time":"2026-04-17T08:38:01+00:00","og_image":[{"width":2048,"height":2048,"url":"https:\/\/aflamo.shop\/wp-content\/uploads\/2024\/12\/Royal-3D-100_front_04.jpg","type":"image\/jpeg"}],"twitter_card":"summary_large_image","twitter_misc":{"Dur\u00e9e de lecture estim\u00e9e":"7 minutes"},"schema":{"@context":"https:\/\/schema.org","@graph":[{"@type":"WebPage","@id":"https:\/\/aflamo.shop\/fr\/p\/aflamo-royal-3d-140-cheminee-electrique-encastrable-a-led\/","url":"https:\/\/aflamo.shop\/fr\/p\/aflamo-royal-3d-140-cheminee-electrique-encastrable-a-led\/","name":"Aflamo Royal 3D 140 - chemin\u00e9e \u00e9lectrique encastrable \u00e0 LED - aflamo.shop - revendeur aflamo certifi\u00e9","isPartOf":{"@id":"https:\/\/aflamo.shop\/fr\/#website"},"primaryImageOfPage":{"@id":"https:\/\/aflamo.shop\/fr\/p\/aflamo-royal-3d-140-cheminee-electrique-encastrable-a-led\/#primaryimage"},"image":{"@id":"https:\/\/aflamo.shop\/fr\/p\/aflamo-royal-3d-140-cheminee-electrique-encastrable-a-led\/#primaryimage"},"thumbnailUrl":"https:\/\/aflamo.shop\/wp-content\/uploads\/2024\/12\/Royal-3D-100_front_04.jpg","datePublished":"2024-12-03T08:32:29+00:00","dateModified":"2026-04-17T08:38:01+00:00","description":"Chemin\u00e9e Royal 3D - un effet de feu r\u00e9aliste dans votre maison. La technologie AFLAMO PLUS, les flammes tridimensionnelles et le foyer incandescent cr\u00e9ent une atmosph\u00e8re extraordinaire.","breadcrumb":{"@id":"https:\/\/aflamo.shop\/fr\/p\/aflamo-royal-3d-140-cheminee-electrique-encastrable-a-led\/#breadcrumb"},"inLanguage":"fr-FR","potentialAction":[{"@type":"ReadAction","target":["https:\/\/aflamo.shop\/fr\/p\/aflamo-royal-3d-140-cheminee-electrique-encastrable-a-led\/"]}]},{"@type":"ImageObject","inLanguage":"fr-FR","@id":"https:\/\/aflamo.shop\/fr\/p\/aflamo-royal-3d-140-cheminee-electrique-encastrable-a-led\/#primaryimage","url":"https:\/\/aflamo.shop\/wp-content\/uploads\/2024\/12\/Royal-3D-100_front_04.jpg","contentUrl":"https:\/\/aflamo.shop\/wp-content\/uploads\/2024\/12\/Royal-3D-100_front_04.jpg","width":2048,"height":2048},{"@type":"BreadcrumbList","@id":"https:\/\/aflamo.shop\/fr\/p\/aflamo-royal-3d-140-cheminee-electrique-encastrable-a-led\/#breadcrumb","itemListElement":[{"@type":"ListItem","position":1,"name":"Page d'accueil","item":"https:\/\/aflamo.shop\/fr\/"},{"@type":"ListItem","position":2,"name":"Boutique","item":"https:\/\/aflamo.shop\/boutique\/"},{"@type":"ListItem","position":3,"name":"Chemin\u00e9es \u00e9lectriques","item":"https:\/\/aflamo.shop\/fr\/s\/cheminees-electriques-fr\/"},{"@type":"ListItem","position":4,"name":"Aflamo Royal 3D 140 &#8211; chemin\u00e9e \u00e9lectrique encastrable \u00e0 LED"}]},{"@type":"WebSite","@id":"https:\/\/aflamo.shop\/fr\/#website","url":"https:\/\/aflamo.shop\/fr\/","name":"aflamo.shop - revendeur aflamo certifi\u00e9","description":"Kominki elektryczne Aflamo i Emotion Flame z funkcj\u0105 grzania","publisher":{"@id":"https:\/\/aflamo.shop\/fr\/#organization"},"potentialAction":[{"@type":"SearchAction","target":{"@type":"EntryPoint","urlTemplate":"https:\/\/aflamo.shop\/fr\/?s={search_term_string}"},"query-input":{"@type":"PropertyValueSpecification","valueRequired":true,"valueName":"search_term_string"}}],"inLanguage":"fr-FR"},{"@type":"Organization","@id":"https:\/\/aflamo.shop\/fr\/#organization","name":"aflamo.shop - revendeur aflamo certifi\u00e9","url":"https:\/\/aflamo.shop\/fr\/","logo":{"@type":"ImageObject","inLanguage":"fr-FR","@id":"https:\/\/aflamo.shop\/fr\/#\/schema\/logo\/image\/","url":"https:\/\/aflamo.shop\/wp-content\/uploads\/2019\/10\/logo2.1-1-1.svg","contentUrl":"https:\/\/aflamo.shop\/wp-content\/uploads\/2019\/10\/logo2.1-1-1.svg","caption":"aflamo.shop - revendeur aflamo certifi\u00e9"},"image":{"@id":"https:\/\/aflamo.shop\/fr\/#\/schema\/logo\/image\/"}}]}},"_links":{"self":[{"href":"https:\/\/aflamo.shop\/fr\/wp-json\/wp\/v2\/product\/14532","targetHints":{"allow":["GET"]}}],"collection":[{"href":"https:\/\/aflamo.shop\/fr\/wp-json\/wp\/v2\/product"}],"about":[{"href":"https:\/\/aflamo.shop\/fr\/wp-json\/wp\/v2\/types\/product"}],"replies":[{"embeddable":true,"href":"https:\/\/aflamo.shop\/fr\/wp-json\/wp\/v2\/comments?post=14532"}],"wp:featuredmedia":[{"embeddable":true,"href":"https:\/\/aflamo.shop\/fr\/wp-json\/wp\/v2\/media\/14510"}],"wp:attachment":[{"href":"https:\/\/aflamo.shop\/fr\/wp-json\/wp\/v2\/media?parent=14532"}],"wp:term":[{"taxonomy":"product_brand","embeddable":true,"href":"https:\/\/aflamo.shop\/fr\/wp-json\/wp\/v2\/product_brand?post=14532"},{"taxonomy":"product_cat","embeddable":true,"href":"https:\/\/aflamo.shop\/fr\/wp-json\/wp\/v2\/product_cat?post=14532"},{"taxonomy":"product_tag","embeddable":true,"href":"https:\/\/aflamo.shop\/fr\/wp-json\/wp\/v2\/product_tag?post=14532"}],"curies":[{"name":"wp","href":"https:\/\/api.w.org\/{rel}","templated":true}]}}