{"id":14203,"date":"2025-02-12T13:35:53","date_gmt":"2025-02-12T13:35:53","guid":{"rendered":"https:\/\/aflamo.shop\/p\/aflamo-tower-56-cheminee-electrique-led-sur-pied\/"},"modified":"2026-04-16T12:41:23","modified_gmt":"2026-04-16T12:41:23","slug":"aflamo-tower-56-cheminee-electrique-led-sur-pied","status":"publish","type":"product","link":"https:\/\/aflamo.shop\/fr\/p\/aflamo-tower-56-cheminee-electrique-led-sur-pied\/","title":{"rendered":"Aflamo Tower 56 &#8211; chemin\u00e9e \u00e9lectrique LED sur pied"},"content":{"rendered":"<p><iframe title=\"Lecteur vid\u00e9o YouTube\" src=\"https:\/\/www.youtube.com\/embed\/Nij8-MAriBQ?si=9pY8ZR4mNM3n5jnA\" width=\"560\" height=\"315\" frameborder=\"0\" allowfullscreen=\"allowfullscreen\"><span data-mce-type=\"bookmark\" style=\"display: inline-block; width: 0px; overflow: hidden; line-height: 0;\" class=\"mce_SELRES_start\">\ufeff<\/span><span data-mce-type=\"bookmark\" style=\"display: inline-block; width: 0px; overflow: hidden; line-height: 0;\" class=\"mce_SELRES_start\"><\/span><span data-mce-type=\"bookmark\" style=\"display: inline-block; width: 0px; overflow: hidden; line-height: 0;\" class=\"mce_SELRES_start\"><\/span><\/iframe><\/p>\n<header>\n<h2><strong>Chemin\u00e9e \u00e9lectrique sur pied Tower &#8211; chaleur moderne et atmosph\u00e8re insolite<\/strong><\/h2>\n<\/header>\n<section>\n<h2>Une qualit\u00e9 de flamme tridimensionnelle &#8211; sentez la diff\u00e9rence !<\/h2>\n<p><strong>La<\/strong> chemin\u00e9e \u00e9lectrique <strong>Tower<\/strong> est une combinaison unique d&rsquo;\u00e9l\u00e9gance, de technologie moderne et d&rsquo;ambiance chaleureuse. Gr\u00e2ce \u00e0 l&rsquo;effet r\u00e9aliste de la flamme <strong>AFLAMO PLUS<\/strong> et au foyer incandescent, votre salon prend des allures de feu magique en trois dimensions &#8211; <strong>sans fum\u00e9e, ni suie, ni besoin de nettoyage !<\/strong><\/p>\n<p><img fetchpriority=\"high\" decoding=\"async\" class=\"aligncenter wp-image-12895 size-full\" src=\"https:\/\/aflamo.shop\/wp-content\/uploads\/2025\/02\/unique_flame_tower.jpg\" alt=\"\" width=\"492\" height=\"300\" srcset=\"https:\/\/aflamo.shop\/wp-content\/uploads\/2025\/02\/unique_flame_tower.jpg 492w, https:\/\/aflamo.shop\/wp-content\/uploads\/2025\/02\/unique_flame_tower-300x183.jpg 300w\" sizes=\"(max-width: 492px) 100vw, 492px\" \/><\/p>\n<\/section>\n<section>\n<h2>Des b\u00fbches translucides &#8211; un effet bois brillant impressionnant<\/h2>\n<p>Plongez dans une atmosph\u00e8re unique gr\u00e2ce aux <strong>b\u00fbches translucides<\/strong> qui donnent l&rsquo;impression d&rsquo;un bois qui couve naturellement. L&rsquo;effet n&rsquo;est pas seulement r\u00e9aliste, il est aussi agr\u00e9able \u00e0 regarder et apporte de la chaleur \u00e0 l&rsquo;int\u00e9rieur.<\/p>\n<p><img decoding=\"async\" class=\"aligncenter wp-image-12898 size-full\" src=\"https:\/\/aflamo.shop\/wp-content\/uploads\/2025\/02\/unique_logs_tower-1.jpg\" alt=\"\" width=\"492\" height=\"300\" srcset=\"https:\/\/aflamo.shop\/wp-content\/uploads\/2025\/02\/unique_logs_tower-1.jpg 492w, https:\/\/aflamo.shop\/wp-content\/uploads\/2025\/02\/unique_logs_tower-1-300x183.jpg 300w\" sizes=\"(max-width: 492px) 100vw, 492px\" \/><\/p>\n<\/section>\n<section>\n<h2>Le bruit du bois qui br\u00fble &#8211; une exp\u00e9rience compl\u00e8te<\/h2>\n<p>Le <strong>haut-parleur<\/strong> int\u00e9gr\u00e9 \u00e9met les sons d&rsquo;un feu cr\u00e9pitant, cr\u00e9ant ainsi une atmosph\u00e8re encore plus authentique. Id\u00e9al pour ceux qui appr\u00e9cient un <strong>maximum de r\u00e9alisme<\/strong> et de confort.<\/p>\n<p><img decoding=\"async\" class=\"aligncenter wp-image-12904 size-full\" src=\"https:\/\/aflamo.shop\/wp-content\/uploads\/2025\/02\/unique_sound_tower.jpg\" alt=\"\" width=\"492\" height=\"300\" srcset=\"https:\/\/aflamo.shop\/wp-content\/uploads\/2025\/02\/unique_sound_tower.jpg 492w, https:\/\/aflamo.shop\/wp-content\/uploads\/2025\/02\/unique_sound_tower-300x183.jpg 300w\" sizes=\"(max-width: 492px) 100vw, 492px\" \/><\/p>\n<\/section>\n<section>\n<h2>Un contr\u00f4le moderne &#8211; la commodit\u00e9 au bout des doigts<\/h2>\n<p>Avec l&rsquo;application mobile<strong>(Android et iOS<\/strong>), vous avez le contr\u00f4le total de votre chemin\u00e9e depuis votre t\u00e9l\u00e9phone. Vous pouvez \u00e9galement la contr\u00f4ler <strong>par la voix \u00e0<\/strong> l&rsquo;aide d&rsquo;<strong>Amazon Alexa<\/strong>!<\/p>\n<p><img loading=\"lazy\" decoding=\"async\" class=\"aligncenter wp-image-12892 size-full\" src=\"https:\/\/aflamo.shop\/wp-content\/uploads\/2025\/02\/unique_app_tower.jpg\" alt=\"\" width=\"492\" height=\"300\" srcset=\"https:\/\/aflamo.shop\/wp-content\/uploads\/2025\/02\/unique_app_tower.jpg 492w, https:\/\/aflamo.shop\/wp-content\/uploads\/2025\/02\/unique_app_tower-300x183.jpg 300w\" sizes=\"(max-width: 492px) 100vw, 492px\" \/><\/p>\n<\/section>\n<section>\n<h2>Diff\u00e9rentes tailles &#8211; pour r\u00e9pondre \u00e0 vos besoins<\/h2>\n<p><strong>La<\/strong> chemin\u00e9e <strong>Tower<\/strong> est disponible en plusieurs variantes :<\/p>\n<ul>\n<li>\u2714 46 cm<\/li>\n<li>\u2714 56 cm<\/li>\n<li>\u2714 61 cm<\/li>\n<li>\u2714 71 cm<\/li>\n<li>\u2714 76 cm<\/li>\n<\/ul>\n<p><img loading=\"lazy\" decoding=\"async\" class=\"aligncenter wp-image-12907 size-full\" src=\"https:\/\/aflamo.shop\/wp-content\/uploads\/2025\/02\/unique_tower.jpg\" alt=\"\" width=\"492\" height=\"300\" srcset=\"https:\/\/aflamo.shop\/wp-content\/uploads\/2025\/02\/unique_tower.jpg 492w, https:\/\/aflamo.shop\/wp-content\/uploads\/2025\/02\/unique_tower-300x183.jpg 300w\" sizes=\"(max-width: 492px) 100vw, 492px\" \/><\/p>\n<\/section>\n<section>\n<h2>L&rsquo;effet de feu le plus r\u00e9aliste<\/h2>\n<p>Ressentez la chaleur et la magie du feu en personnalisant son apparence selon vos pr\u00e9f\u00e9rences :<\/p>\n<ul>\n<li>6 couleurs de flamme<\/li>\n<li>5 niveaux de luminosit\u00e9<\/li>\n<li>3 vitesses de flamme<\/li>\n<\/ul>\n<p><img loading=\"lazy\" decoding=\"async\" class=\"aligncenter wp-image-12838 size-full\" src=\"https:\/\/aflamo.shop\/wp-content\/uploads\/2025\/02\/Tower_flame_colors.jpg\" alt=\"\" width=\"637\" height=\"418\" srcset=\"https:\/\/aflamo.shop\/wp-content\/uploads\/2025\/02\/Tower_flame_colors.jpg 637w, https:\/\/aflamo.shop\/wp-content\/uploads\/2025\/02\/Tower_flame_colors-600x394.jpg 600w, https:\/\/aflamo.shop\/wp-content\/uploads\/2025\/02\/Tower_flame_colors-300x197.jpg 300w\" sizes=\"(max-width: 637px) 100vw, 637px\" \/><\/p>\n<p>&nbsp;<\/p>\n<\/section>\n<section>\n<h2>Confort et commodit\u00e9 &#8211; sans effort<\/h2>\n<ul>\n<li><strong>T\u00e9l\u00e9commande<\/strong> &#8211; modifiez les r\u00e9glages sans vous lever du canap\u00e9<\/li>\n<li><strong>Minuterie \/ minuterie d&rsquo;arr\u00eat<\/strong> &#8211; arr\u00eat automatique lorsque vous en avez besoin<\/li>\n<li><strong>Fonction de chauffage avec soufflage<\/strong> &#8211; chauffage rapide et efficace<\/li>\n<\/ul>\n<p>Vous n&rsquo;avez pas \u00e0 vous soucier de la ventilation, du smog ou de l&rsquo;a\u00e9ration de la pi\u00e8ce &#8211; <strong>la chemin\u00e9e \u00e9lectrique fonctionne sans fum\u00e9e ni \u00e9manations<\/strong>.<\/p>\n<\/section>\n<section>\n<h2>Profitez de votre chemin\u00e9e tout au long de l&rsquo;ann\u00e9e !<\/h2>\n<p>Gr\u00e2ce \u00e0 la <strong>fonction de flamme ind\u00e9pendante<\/strong>, vous pouvez profiter de la lueur du feu m\u00eame en \u00e9t\u00e9 sans allumer le chauffage.<\/p>\n<\/section>\n<section>\n<h2>\u00c9cologique et s\u00fbr<\/h2>\n<ul>\n<li>Pas d&rsquo;\u00e9missions de <strong>CO\u2082<\/strong> ni de smog &#8211; \u00e9nergie propre<\/li>\n<li>Pas de suie ni de cendres &#8211; plus de d\u00e9sordre<\/li>\n<li><strong>Verre froid<\/strong> &#8211; sans danger pour les enfants et les animaux domestiques<\/li>\n<li><strong>Capteur de s\u00e9curit\u00e9<\/strong> &#8211; coupe le chauffage en cas d&rsquo;obstruction de la sortie d&rsquo;air<\/li>\n<\/ul>\n<\/section>\n<section>\n<h2>\u00c9conomique et efficace<\/h2>\n<ul>\n<li><strong>Technologie LED<\/strong> &#8211; le co\u00fbt de l&rsquo;effet de flamme n&rsquo;est que de <strong>1 \u00e0 2 grammes par heure.<\/strong><\/li>\n<li><strong>Chauffage efficace<\/strong> &#8211; 2 niveaux de puissance et thermostat (18-30\u00b0C)<\/li>\n<\/ul>\n<\/section>\n<footer>\n<h2>Chemin\u00e9e Tower &#8211; \u00e9l\u00e9gance, technologie et confort dans votre maison !<\/h2>\n<p><strong>La chemin\u00e9e \u00e9lectrique Tower<\/strong> est la solution id\u00e9ale pour ceux qui appr\u00e9cient l&rsquo;<strong>atmosph\u00e8re chaleureuse, la technologie moderne et le confort<\/strong>. Cr\u00e9ez une atmosph\u00e8re unique dans votre maison &#8211; sans compromis !<\/p>\n<\/footer>\n<p>&nbsp;<\/p>\n<ul><strong><\/p>\n<p><a href=\"https:\/\/aflamo.shop\/wp-content\/uploads\/2025\/02\/Tower_EN-PL-DE-IT-ES-FR-CS-SK-NL-1-skompresowany.pdf\">Instructions d&rsquo;utilisation et de s\u00e9curit\u00e9<\/a><\/p>\n<p><\/strong><\/ul>\n<section>\n<h2>Dessins techniques<\/h2>\n<p>Tour 46<\/p>\n<p><img loading=\"lazy\" decoding=\"async\" class=\"aligncenter wp-image-12823 size-full\" src=\"https:\/\/aflamo.shop\/wp-content\/uploads\/2025\/02\/Tower_46.png\" alt=\"\" width=\"715\" height=\"756\" srcset=\"https:\/\/aflamo.shop\/wp-content\/uploads\/2025\/02\/Tower_46.png 715w, https:\/\/aflamo.shop\/wp-content\/uploads\/2025\/02\/Tower_46-600x634.png 600w, https:\/\/aflamo.shop\/wp-content\/uploads\/2025\/02\/Tower_46-284x300.png 284w\" sizes=\"(max-width: 715px) 100vw, 715px\" \/><\/p>\n<p>Tour 56<\/p>\n<p><img loading=\"lazy\" decoding=\"async\" class=\"aligncenter wp-image-12826 size-full\" src=\"https:\/\/aflamo.shop\/wp-content\/uploads\/2025\/02\/Tower_56.png\" alt=\"\" width=\"982\" height=\"816\" srcset=\"https:\/\/aflamo.shop\/wp-content\/uploads\/2025\/02\/Tower_56.png 982w, https:\/\/aflamo.shop\/wp-content\/uploads\/2025\/02\/Tower_56-600x499.png 600w, https:\/\/aflamo.shop\/wp-content\/uploads\/2025\/02\/Tower_56-300x249.png 300w, https:\/\/aflamo.shop\/wp-content\/uploads\/2025\/02\/Tower_56-768x638.png 768w\" sizes=\"(max-width: 982px) 100vw, 982px\" \/><\/p>\n<p>Tour 61<\/p>\n<p><img loading=\"lazy\" decoding=\"async\" class=\"aligncenter wp-image-12829 size-full\" src=\"https:\/\/aflamo.shop\/wp-content\/uploads\/2025\/02\/Tower_61.png\" alt=\"\" width=\"1002\" height=\"825\" srcset=\"https:\/\/aflamo.shop\/wp-content\/uploads\/2025\/02\/Tower_61.png 1002w, https:\/\/aflamo.shop\/wp-content\/uploads\/2025\/02\/Tower_61-600x494.png 600w, https:\/\/aflamo.shop\/wp-content\/uploads\/2025\/02\/Tower_61-300x247.png 300w, https:\/\/aflamo.shop\/wp-content\/uploads\/2025\/02\/Tower_61-768x632.png 768w\" sizes=\"(max-width: 1002px) 100vw, 1002px\" \/><\/p>\n<p>Tour 71<\/p>\n<p><img loading=\"lazy\" decoding=\"async\" class=\"aligncenter wp-image-12832 size-full\" src=\"https:\/\/aflamo.shop\/wp-content\/uploads\/2025\/02\/Tower_71.png\" alt=\"\" width=\"979\" height=\"785\" srcset=\"https:\/\/aflamo.shop\/wp-content\/uploads\/2025\/02\/Tower_71.png 979w, https:\/\/aflamo.shop\/wp-content\/uploads\/2025\/02\/Tower_71-600x481.png 600w, https:\/\/aflamo.shop\/wp-content\/uploads\/2025\/02\/Tower_71-300x241.png 300w, https:\/\/aflamo.shop\/wp-content\/uploads\/2025\/02\/Tower_71-768x616.png 768w\" sizes=\"(max-width: 979px) 100vw, 979px\" \/><\/p>\n<p>Tour 76<\/p>\n<p><img loading=\"lazy\" decoding=\"async\" class=\"aligncenter wp-image-12835 size-full\" src=\"https:\/\/aflamo.shop\/wp-content\/uploads\/2025\/02\/Tower_76.png\" alt=\"\" width=\"974\" height=\"761\" srcset=\"https:\/\/aflamo.shop\/wp-content\/uploads\/2025\/02\/Tower_76.png 974w, https:\/\/aflamo.shop\/wp-content\/uploads\/2025\/02\/Tower_76-600x469.png 600w, https:\/\/aflamo.shop\/wp-content\/uploads\/2025\/02\/Tower_76-300x234.png 300w, https:\/\/aflamo.shop\/wp-content\/uploads\/2025\/02\/Tower_76-768x600.png 768w\" sizes=\"(max-width: 974px) 100vw, 974px\" \/><\/p>\n<\/section>\n","protected":false},"excerpt":{"rendered":"<p>Fabricant : Aflamo<\/p>\n<p>Chemin\u00e9e \u00e9lectrique LED sur pied<\/p>\n<p><a href=\"https:\/\/aflamo.shop\/fr\/p\/aflamo-tower-stand-56-cheminee-electrique-led-sur-pied\/\">Voir : Tour + Stand<\/a><\/p>\n<p><b>Mod\u00e8le :<\/b><\/p>\n<ul>\n<li><a href=\"https:\/\/aflamo.shop\/fr\/p\/aflamo-tower-46-cheminee-electrique-led-sur-pied\/\">46<\/a><\/li>\n<li><a href=\"https:\/\/aflamo.shop\/fr\/p\/aflamo-tower-56-cheminee-electrique-led-sur-pied\/\">56<\/a><\/li>\n<li><a href=\"https:\/\/aflamo.shop\/fr\/p\/aflamo-tower-61-cheminee-electrique-led-sur-pied\/\">61<\/a><\/li>\n<li><a href=\"https:\/\/aflamo.shop\/fr\/p\/aflamo-tower-71-cheminee-electrique-led-sur-pied\/\">71<\/a><\/li>\n<li><a href=\"https:\/\/aflamo.shop\/fr\/p\/aflamo-tower-76-cheminee-electrique-led-sur-pied\/\">76<\/a><\/li>\n<\/ul>\n<p><b>Dimensions :<\/b> 56x 60 x 31 cm<\/p>\n","protected":false},"featured_media":22379,"comment_status":"open","ping_status":"closed","template":"","meta":[],"product_brand":[],"product_cat":[770,827,170,776,775],"product_tag":[],"class_list":{"0":"post-14203","1":"product","2":"type-product","3":"status-publish","4":"has-post-thumbnail","6":"product_cat-aflamo-fr","7":"product_cat-cheminees-autoportantes-a-led","8":"product_cat-cheminees-electriques-fr","9":"product_cat-cheminees-electriques-avec-application-mobile","10":"product_cat-cheminees-electriques-avec-son","12":"first","13":"instock","14":"shipping-taxable","15":"purchasable","16":"product-type-simple"},"yoast_head":"<!-- This site is optimized with the Yoast SEO plugin v27.4 - https:\/\/yoast.com\/product\/yoast-seo-wordpress\/ -->\n<title>Aflamo Tower 56 - chemin\u00e9e \u00e9lectrique LED sur pied - aflamo.shop - revendeur aflamo certifi\u00e9<\/title>\n<meta name=\"description\" content=\"Chemin\u00e9e \u00e9lectrique Tower - \u00e9l\u00e9gance, technologie et confort dans votre maison ! Cr\u00e9ez une atmosph\u00e8re particuli\u00e8re dans votre maison - sans compromis !\" \/>\n<meta name=\"robots\" content=\"index, follow, max-snippet:-1, max-image-preview:large, max-video-preview:-1\" \/>\n<link rel=\"canonical\" href=\"https:\/\/aflamo.shop\/fr\/p\/aflamo-tower-56-cheminee-electrique-led-sur-pied\/\" \/>\n<meta property=\"og:locale\" content=\"fr_FR\" \/>\n<meta property=\"og:type\" content=\"article\" \/>\n<meta property=\"og:title\" content=\"Aflamo Tower 56 - chemin\u00e9e \u00e9lectrique LED sur pied - aflamo.shop - revendeur aflamo certifi\u00e9\" \/>\n<meta property=\"og:description\" content=\"Chemin\u00e9e \u00e9lectrique Tower - \u00e9l\u00e9gance, technologie et confort dans votre maison ! Cr\u00e9ez une atmosph\u00e8re particuli\u00e8re dans votre maison - sans compromis !\" \/>\n<meta property=\"og:url\" content=\"https:\/\/aflamo.shop\/fr\/p\/aflamo-tower-56-cheminee-electrique-led-sur-pied\/\" \/>\n<meta property=\"og:site_name\" content=\"aflamo.shop - revendeur aflamo certifi\u00e9\" \/>\n<meta property=\"article:modified_time\" content=\"2026-04-16T12:41:23+00:00\" \/>\n<meta property=\"og:image\" content=\"https:\/\/aflamo.shop\/wp-content\/uploads\/2025\/02\/Projekt-bez-nazwy67.png\" \/>\n\t<meta property=\"og:image:width\" content=\"2048\" \/>\n\t<meta property=\"og:image:height\" content=\"2048\" \/>\n\t<meta property=\"og:image:type\" content=\"image\/png\" \/>\n<meta name=\"twitter:card\" content=\"summary_large_image\" \/>\n<meta name=\"twitter:label1\" content=\"Dur\u00e9e de lecture estim\u00e9e\" \/>\n\t<meta name=\"twitter:data1\" content=\"6 minutes\" \/>\n<script type=\"application\/ld+json\" class=\"yoast-schema-graph\">{\"@context\":\"https:\\\/\\\/schema.org\",\"@graph\":[{\"@type\":\"WebPage\",\"@id\":\"https:\\\/\\\/aflamo.shop\\\/fr\\\/p\\\/aflamo-tower-56-cheminee-electrique-led-sur-pied\\\/\",\"url\":\"https:\\\/\\\/aflamo.shop\\\/fr\\\/p\\\/aflamo-tower-56-cheminee-electrique-led-sur-pied\\\/\",\"name\":\"Aflamo Tower 56 - chemin\u00e9e \u00e9lectrique LED sur pied - aflamo.shop - revendeur aflamo certifi\u00e9\",\"isPartOf\":{\"@id\":\"https:\\\/\\\/aflamo.shop\\\/fr\\\/#website\"},\"primaryImageOfPage\":{\"@id\":\"https:\\\/\\\/aflamo.shop\\\/fr\\\/p\\\/aflamo-tower-56-cheminee-electrique-led-sur-pied\\\/#primaryimage\"},\"image\":{\"@id\":\"https:\\\/\\\/aflamo.shop\\\/fr\\\/p\\\/aflamo-tower-56-cheminee-electrique-led-sur-pied\\\/#primaryimage\"},\"thumbnailUrl\":\"https:\\\/\\\/aflamo.shop\\\/wp-content\\\/uploads\\\/2025\\\/02\\\/Projekt-bez-nazwy67.png\",\"datePublished\":\"2025-02-12T13:35:53+00:00\",\"dateModified\":\"2026-04-16T12:41:23+00:00\",\"description\":\"Chemin\u00e9e \u00e9lectrique Tower - \u00e9l\u00e9gance, technologie et confort dans votre maison ! Cr\u00e9ez une atmosph\u00e8re particuli\u00e8re dans votre maison - sans compromis !\",\"breadcrumb\":{\"@id\":\"https:\\\/\\\/aflamo.shop\\\/fr\\\/p\\\/aflamo-tower-56-cheminee-electrique-led-sur-pied\\\/#breadcrumb\"},\"inLanguage\":\"fr-FR\",\"potentialAction\":[{\"@type\":\"ReadAction\",\"target\":[\"https:\\\/\\\/aflamo.shop\\\/fr\\\/p\\\/aflamo-tower-56-cheminee-electrique-led-sur-pied\\\/\"]}]},{\"@type\":\"ImageObject\",\"inLanguage\":\"fr-FR\",\"@id\":\"https:\\\/\\\/aflamo.shop\\\/fr\\\/p\\\/aflamo-tower-56-cheminee-electrique-led-sur-pied\\\/#primaryimage\",\"url\":\"https:\\\/\\\/aflamo.shop\\\/wp-content\\\/uploads\\\/2025\\\/02\\\/Projekt-bez-nazwy67.png\",\"contentUrl\":\"https:\\\/\\\/aflamo.shop\\\/wp-content\\\/uploads\\\/2025\\\/02\\\/Projekt-bez-nazwy67.png\",\"width\":2048,\"height\":2048},{\"@type\":\"BreadcrumbList\",\"@id\":\"https:\\\/\\\/aflamo.shop\\\/fr\\\/p\\\/aflamo-tower-56-cheminee-electrique-led-sur-pied\\\/#breadcrumb\",\"itemListElement\":[{\"@type\":\"ListItem\",\"position\":1,\"name\":\"Page d'accueil\",\"item\":\"https:\\\/\\\/aflamo.shop\\\/fr\\\/\"},{\"@type\":\"ListItem\",\"position\":2,\"name\":\"Boutique\",\"item\":\"https:\\\/\\\/aflamo.shop\\\/boutique\\\/\"},{\"@type\":\"ListItem\",\"position\":3,\"name\":\"Aflamo\",\"item\":\"https:\\\/\\\/aflamo.shop\\\/fr\\\/s\\\/aflamo-fr\\\/\"},{\"@type\":\"ListItem\",\"position\":4,\"name\":\"Aflamo Tower 56 &#8211; chemin\u00e9e \u00e9lectrique LED sur pied\"}]},{\"@type\":\"WebSite\",\"@id\":\"https:\\\/\\\/aflamo.shop\\\/fr\\\/#website\",\"url\":\"https:\\\/\\\/aflamo.shop\\\/fr\\\/\",\"name\":\"aflamo.shop - revendeur aflamo certifi\u00e9\",\"description\":\"Kominki elektryczne Aflamo i Emotion Flame z funkcj\u0105 grzania\",\"publisher\":{\"@id\":\"https:\\\/\\\/aflamo.shop\\\/fr\\\/#organization\"},\"potentialAction\":[{\"@type\":\"SearchAction\",\"target\":{\"@type\":\"EntryPoint\",\"urlTemplate\":\"https:\\\/\\\/aflamo.shop\\\/fr\\\/?s={search_term_string}\"},\"query-input\":{\"@type\":\"PropertyValueSpecification\",\"valueRequired\":true,\"valueName\":\"search_term_string\"}}],\"inLanguage\":\"fr-FR\"},{\"@type\":\"Organization\",\"@id\":\"https:\\\/\\\/aflamo.shop\\\/fr\\\/#organization\",\"name\":\"aflamo.shop - revendeur aflamo certifi\u00e9\",\"url\":\"https:\\\/\\\/aflamo.shop\\\/fr\\\/\",\"logo\":{\"@type\":\"ImageObject\",\"inLanguage\":\"fr-FR\",\"@id\":\"https:\\\/\\\/aflamo.shop\\\/fr\\\/#\\\/schema\\\/logo\\\/image\\\/\",\"url\":\"https:\\\/\\\/aflamo.shop\\\/wp-content\\\/uploads\\\/2019\\\/10\\\/logo2.1-1-1.svg\",\"contentUrl\":\"https:\\\/\\\/aflamo.shop\\\/wp-content\\\/uploads\\\/2019\\\/10\\\/logo2.1-1-1.svg\",\"caption\":\"aflamo.shop - revendeur aflamo certifi\u00e9\"},\"image\":{\"@id\":\"https:\\\/\\\/aflamo.shop\\\/fr\\\/#\\\/schema\\\/logo\\\/image\\\/\"}}]}<\/script>\n<!-- \/ Yoast SEO plugin. -->","yoast_head_json":{"title":"Aflamo Tower 56 - chemin\u00e9e \u00e9lectrique LED sur pied - aflamo.shop - revendeur aflamo certifi\u00e9","description":"Chemin\u00e9e \u00e9lectrique Tower - \u00e9l\u00e9gance, technologie et confort dans votre maison ! Cr\u00e9ez une atmosph\u00e8re particuli\u00e8re dans votre maison - sans compromis !","robots":{"index":"index","follow":"follow","max-snippet":"max-snippet:-1","max-image-preview":"max-image-preview:large","max-video-preview":"max-video-preview:-1"},"canonical":"https:\/\/aflamo.shop\/fr\/p\/aflamo-tower-56-cheminee-electrique-led-sur-pied\/","og_locale":"fr_FR","og_type":"article","og_title":"Aflamo Tower 56 - chemin\u00e9e \u00e9lectrique LED sur pied - aflamo.shop - revendeur aflamo certifi\u00e9","og_description":"Chemin\u00e9e \u00e9lectrique Tower - \u00e9l\u00e9gance, technologie et confort dans votre maison ! Cr\u00e9ez une atmosph\u00e8re particuli\u00e8re dans votre maison - sans compromis !","og_url":"https:\/\/aflamo.shop\/fr\/p\/aflamo-tower-56-cheminee-electrique-led-sur-pied\/","og_site_name":"aflamo.shop - revendeur aflamo certifi\u00e9","article_modified_time":"2026-04-16T12:41:23+00:00","og_image":[{"width":2048,"height":2048,"url":"https:\/\/aflamo.shop\/wp-content\/uploads\/2025\/02\/Projekt-bez-nazwy67.png","type":"image\/png"}],"twitter_card":"summary_large_image","twitter_misc":{"Dur\u00e9e de lecture estim\u00e9e":"6 minutes"},"schema":{"@context":"https:\/\/schema.org","@graph":[{"@type":"WebPage","@id":"https:\/\/aflamo.shop\/fr\/p\/aflamo-tower-56-cheminee-electrique-led-sur-pied\/","url":"https:\/\/aflamo.shop\/fr\/p\/aflamo-tower-56-cheminee-electrique-led-sur-pied\/","name":"Aflamo Tower 56 - chemin\u00e9e \u00e9lectrique LED sur pied - aflamo.shop - revendeur aflamo certifi\u00e9","isPartOf":{"@id":"https:\/\/aflamo.shop\/fr\/#website"},"primaryImageOfPage":{"@id":"https:\/\/aflamo.shop\/fr\/p\/aflamo-tower-56-cheminee-electrique-led-sur-pied\/#primaryimage"},"image":{"@id":"https:\/\/aflamo.shop\/fr\/p\/aflamo-tower-56-cheminee-electrique-led-sur-pied\/#primaryimage"},"thumbnailUrl":"https:\/\/aflamo.shop\/wp-content\/uploads\/2025\/02\/Projekt-bez-nazwy67.png","datePublished":"2025-02-12T13:35:53+00:00","dateModified":"2026-04-16T12:41:23+00:00","description":"Chemin\u00e9e \u00e9lectrique Tower - \u00e9l\u00e9gance, technologie et confort dans votre maison ! Cr\u00e9ez une atmosph\u00e8re particuli\u00e8re dans votre maison - sans compromis !","breadcrumb":{"@id":"https:\/\/aflamo.shop\/fr\/p\/aflamo-tower-56-cheminee-electrique-led-sur-pied\/#breadcrumb"},"inLanguage":"fr-FR","potentialAction":[{"@type":"ReadAction","target":["https:\/\/aflamo.shop\/fr\/p\/aflamo-tower-56-cheminee-electrique-led-sur-pied\/"]}]},{"@type":"ImageObject","inLanguage":"fr-FR","@id":"https:\/\/aflamo.shop\/fr\/p\/aflamo-tower-56-cheminee-electrique-led-sur-pied\/#primaryimage","url":"https:\/\/aflamo.shop\/wp-content\/uploads\/2025\/02\/Projekt-bez-nazwy67.png","contentUrl":"https:\/\/aflamo.shop\/wp-content\/uploads\/2025\/02\/Projekt-bez-nazwy67.png","width":2048,"height":2048},{"@type":"BreadcrumbList","@id":"https:\/\/aflamo.shop\/fr\/p\/aflamo-tower-56-cheminee-electrique-led-sur-pied\/#breadcrumb","itemListElement":[{"@type":"ListItem","position":1,"name":"Page d'accueil","item":"https:\/\/aflamo.shop\/fr\/"},{"@type":"ListItem","position":2,"name":"Boutique","item":"https:\/\/aflamo.shop\/boutique\/"},{"@type":"ListItem","position":3,"name":"Aflamo","item":"https:\/\/aflamo.shop\/fr\/s\/aflamo-fr\/"},{"@type":"ListItem","position":4,"name":"Aflamo Tower 56 &#8211; chemin\u00e9e \u00e9lectrique LED sur pied"}]},{"@type":"WebSite","@id":"https:\/\/aflamo.shop\/fr\/#website","url":"https:\/\/aflamo.shop\/fr\/","name":"aflamo.shop - revendeur aflamo certifi\u00e9","description":"Kominki elektryczne Aflamo i Emotion Flame z funkcj\u0105 grzania","publisher":{"@id":"https:\/\/aflamo.shop\/fr\/#organization"},"potentialAction":[{"@type":"SearchAction","target":{"@type":"EntryPoint","urlTemplate":"https:\/\/aflamo.shop\/fr\/?s={search_term_string}"},"query-input":{"@type":"PropertyValueSpecification","valueRequired":true,"valueName":"search_term_string"}}],"inLanguage":"fr-FR"},{"@type":"Organization","@id":"https:\/\/aflamo.shop\/fr\/#organization","name":"aflamo.shop - revendeur aflamo certifi\u00e9","url":"https:\/\/aflamo.shop\/fr\/","logo":{"@type":"ImageObject","inLanguage":"fr-FR","@id":"https:\/\/aflamo.shop\/fr\/#\/schema\/logo\/image\/","url":"https:\/\/aflamo.shop\/wp-content\/uploads\/2019\/10\/logo2.1-1-1.svg","contentUrl":"https:\/\/aflamo.shop\/wp-content\/uploads\/2019\/10\/logo2.1-1-1.svg","caption":"aflamo.shop - revendeur aflamo certifi\u00e9"},"image":{"@id":"https:\/\/aflamo.shop\/fr\/#\/schema\/logo\/image\/"}}]}},"_links":{"self":[{"href":"https:\/\/aflamo.shop\/fr\/wp-json\/wp\/v2\/product\/14203","targetHints":{"allow":["GET"]}}],"collection":[{"href":"https:\/\/aflamo.shop\/fr\/wp-json\/wp\/v2\/product"}],"about":[{"href":"https:\/\/aflamo.shop\/fr\/wp-json\/wp\/v2\/types\/product"}],"replies":[{"embeddable":true,"href":"https:\/\/aflamo.shop\/fr\/wp-json\/wp\/v2\/comments?post=14203"}],"wp:featuredmedia":[{"embeddable":true,"href":"https:\/\/aflamo.shop\/fr\/wp-json\/wp\/v2\/media\/22379"}],"wp:attachment":[{"href":"https:\/\/aflamo.shop\/fr\/wp-json\/wp\/v2\/media?parent=14203"}],"wp:term":[{"taxonomy":"product_brand","embeddable":true,"href":"https:\/\/aflamo.shop\/fr\/wp-json\/wp\/v2\/product_brand?post=14203"},{"taxonomy":"product_cat","embeddable":true,"href":"https:\/\/aflamo.shop\/fr\/wp-json\/wp\/v2\/product_cat?post=14203"},{"taxonomy":"product_tag","embeddable":true,"href":"https:\/\/aflamo.shop\/fr\/wp-json\/wp\/v2\/product_tag?post=14203"}],"curies":[{"name":"wp","href":"https:\/\/api.w.org\/{rel}","templated":true}]}}