{"id":13929,"date":"2025-02-12T15:35:45","date_gmt":"2025-02-12T15:35:45","guid":{"rendered":"https:\/\/aflamo.shop\/p\/aflamo-spark-cheminee-electrique-autonome-a-led\/"},"modified":"2026-04-16T12:28:27","modified_gmt":"2026-04-16T12:28:27","slug":"aflamo-spark-cheminee-electrique-autonome-a-led","status":"publish","type":"product","link":"https:\/\/aflamo.shop\/fr\/p\/aflamo-spark-cheminee-electrique-autonome-a-led\/","title":{"rendered":"Aflamo Spark- chemin\u00e9e \u00e9lectrique autonome \u00e0 LED"},"content":{"rendered":"<p><iframe title=\"Lecteur vid\u00e9o YouTube\" src=\"https:\/\/www.youtube.com\/embed\/2_kY-5oW5uo?si=UNVHR32XQ2gxFop7\" width=\"560\" height=\"315\" frameborder=\"0\" allowfullscreen=\"allowfullscreen\"><span data-mce-type=\"bookmark\" style=\"display: inline-block; width: 0px; overflow: hidden; line-height: 0;\" class=\"mce_SELRES_start\"><\/span><\/iframe><\/p>\n<header>\n<h2><strong>Chemin\u00e9e \u00e9lectrique autoportante Spark &#8211; chaleur et rayonnement dans votre maison<\/strong><\/h2>\n<\/header>\n<section>\n<h2>Une qualit\u00e9 de flamme tridimensionnelle &#8211; sentez la diff\u00e9rence !<\/h2>\n<p>La chemin\u00e9e Spark est une solution moderne pour ceux qui souhaitent cr\u00e9er une atmosph\u00e8re chaleureuse dans leur maison sans utiliser de bois ou de gaz. Gr\u00e2ce \u00e0 l&rsquo;effet de flamme r\u00e9aliste et au foyer lumineux, l&rsquo;int\u00e9rieur prend un aspect magique et tridimensionnel. <\/p>\n<p><img fetchpriority=\"high\" decoding=\"async\" class=\"aligncenter wp-image-12966 size-full\" src=\"https:\/\/aflamo.shop\/wp-content\/uploads\/2025\/02\/flame_spark-1.jpg\" alt=\"\" width=\"600\" height=\"365\" srcset=\"https:\/\/aflamo.shop\/wp-content\/uploads\/2025\/02\/flame_spark-1.jpg 600w, https:\/\/aflamo.shop\/wp-content\/uploads\/2025\/02\/flame_spark-1-300x183.jpg 300w\" sizes=\"(max-width: 600px) 100vw, 600px\" \/><\/p>\n<p>&nbsp;<\/p>\n<p>&nbsp;<\/p>\n<\/section>\n<section>\n<h2>Des b\u00fbches translucides &#8211; un effet bois brillant impressionnant<\/h2>\n<p>Plongez dans une atmosph\u00e8re unique gr\u00e2ce aux <strong>b\u00fbches translucides<\/strong> qui donnent l&rsquo;impression d&rsquo;un bois qui couve naturellement. L&rsquo;effet n&rsquo;est pas seulement r\u00e9aliste, il est aussi agr\u00e9able \u00e0 regarder et apporte de la chaleur \u00e0 l&rsquo;int\u00e9rieur. <\/p>\n<p><img decoding=\"async\" class=\"aligncenter wp-image-12978 size-full\" src=\"https:\/\/aflamo.shop\/wp-content\/uploads\/2025\/02\/unique_logs_spark.jpg\" alt=\"\" width=\"492\" height=\"300\" srcset=\"https:\/\/aflamo.shop\/wp-content\/uploads\/2025\/02\/unique_logs_spark.jpg 492w, https:\/\/aflamo.shop\/wp-content\/uploads\/2025\/02\/unique_logs_spark-300x183.jpg 300w\" sizes=\"(max-width: 492px) 100vw, 492px\" \/><\/p>\n<p>&nbsp;<\/p>\n<\/section>\n<section>\n<h2>Le bruit du bois qui br\u00fble &#8211; une exp\u00e9rience compl\u00e8te<\/h2>\n<p>Le <strong>haut-parleur<\/strong> int\u00e9gr\u00e9 \u00e9met les sons d&rsquo;un feu cr\u00e9pitant, cr\u00e9ant ainsi une atmosph\u00e8re encore plus authentique. Id\u00e9al pour ceux qui appr\u00e9cient un <strong>maximum de r\u00e9alisme<\/strong> et de confort. <\/p>\n<p><img decoding=\"async\" class=\"aligncenter wp-image-12981 size-full\" src=\"https:\/\/aflamo.shop\/wp-content\/uploads\/2025\/02\/unique_sound_spark.jpg\" alt=\"\" width=\"492\" height=\"300\" srcset=\"https:\/\/aflamo.shop\/wp-content\/uploads\/2025\/02\/unique_sound_spark.jpg 492w, https:\/\/aflamo.shop\/wp-content\/uploads\/2025\/02\/unique_sound_spark-300x183.jpg 300w\" sizes=\"(max-width: 492px) 100vw, 492px\" \/><\/p>\n<p>&nbsp;<\/p>\n<\/section>\n<section>\n<h2>Un contr\u00f4le moderne &#8211; la commodit\u00e9 au bout des doigts<\/h2>\n<p>Avec l&rsquo;application mobile<strong>(Android et iOS<\/strong>), vous avez le contr\u00f4le total de votre chemin\u00e9e depuis votre t\u00e9l\u00e9phone. Vous pouvez \u00e9galement la contr\u00f4ler <strong>par la voix \u00e0<\/strong> l&rsquo;aide d&rsquo;<strong>Amazon Alexa<\/strong>! <\/p>\n<p><a href=\"https:\/\/www.youtube.com\/watch?v=H9frj9fGZnY\"><img loading=\"lazy\" decoding=\"async\" class=\"aligncenter wp-image-12975 size-full\" src=\"https:\/\/aflamo.shop\/wp-content\/uploads\/2025\/02\/unique_app_spark.jpg\" alt=\"\" width=\"492\" height=\"300\" srcset=\"https:\/\/aflamo.shop\/wp-content\/uploads\/2025\/02\/unique_app_spark.jpg 492w, https:\/\/aflamo.shop\/wp-content\/uploads\/2025\/02\/unique_app_spark-300x183.jpg 300w\" sizes=\"(max-width: 492px) 100vw, 492px\" \/><\/a><\/p>\n<p>&nbsp;<\/p>\n<\/section>\n<section>\n<h2>L&rsquo;effet de feu le plus r\u00e9aliste<\/h2>\n<p>Ressentez la chaleur et la magie du feu en personnalisant son apparence selon vos pr\u00e9f\u00e9rences :<\/p>\n<ul>\n<li>3 couleurs de flamme<\/li>\n<li>5 niveaux de luminosit\u00e9<\/li>\n<li>3 vitesses de flamme<\/li>\n<\/ul>\n<p><img fetchpriority=\"high\" decoding=\"async\" class=\"aligncenter wp-image-12966 size-full\" src=\"https:\/\/aflamo.shop\/wp-content\/uploads\/2025\/02\/flame_spark-1.jpg\" alt=\"\" width=\"600\" height=\"365\" srcset=\"https:\/\/aflamo.shop\/wp-content\/uploads\/2025\/02\/flame_spark-1.jpg 600w, https:\/\/aflamo.shop\/wp-content\/uploads\/2025\/02\/flame_spark-1-300x183.jpg 300w\" sizes=\"(max-width: 600px) 100vw, 600px\" \/><\/p>\n<p>&nbsp;<\/p>\n<ul>\n<li>10 couleurs d&rsquo;\u00e9clairage de l&rsquo;\u00e2tre<\/li>\n<\/ul>\n<\/section>\n<section>\n<h2>Confort et commodit\u00e9 &#8211; sans effort<\/h2>\n<ul>\n<li><strong>T\u00e9l\u00e9commande<\/strong> &#8211; modifiez les r\u00e9glages sans vous lever du canap\u00e9<\/li>\n<li><strong>Minuterie \/ minuterie d&rsquo;arr\u00eat<\/strong> &#8211; arr\u00eat automatique lorsque vous en avez besoin<\/li>\n<li><strong>Fonction de chauffage avec soufflage<\/strong> &#8211; chauffage rapide et efficace<\/li>\n<\/ul>\n<p>Vous n&rsquo;avez pas \u00e0 vous soucier de la ventilation, du smog ou de l&rsquo;a\u00e9ration de la pi\u00e8ce &#8211; <strong>la chemin\u00e9e \u00e9lectrique fonctionne sans fum\u00e9e ni \u00e9manations<\/strong>.<\/p>\n<\/section>\n<section>\n<h2>Profitez de votre chemin\u00e9e tout au long de l&rsquo;ann\u00e9e !<\/h2>\n<p>Gr\u00e2ce \u00e0 la <strong>fonction de flamme ind\u00e9pendante<\/strong>, vous pouvez profiter de la lueur du feu m\u00eame en \u00e9t\u00e9 sans allumer le chauffage.<\/p>\n<\/section>\n<section>\n<h2>\u00c9cologique et s\u00fbr<\/h2>\n<ul>\n<li>Pas d&rsquo;\u00e9missions de <strong>CO\u2082<\/strong> ni de smog &#8211; \u00e9nergie propre<\/li>\n<li>Pas de suie ni de cendres &#8211; plus de d\u00e9sordre<\/li>\n<li><strong>Verre froid<\/strong> &#8211; sans danger pour les enfants et les animaux domestiques<\/li>\n<li><strong>Capteur de s\u00e9curit\u00e9<\/strong> &#8211; coupe le chauffage en cas d&rsquo;obstruction de la sortie d&rsquo;air<\/li>\n<\/ul>\n<\/section>\n<section>\n<h2>\u00c9conomique et efficace<\/h2>\n<ul>\n<li><strong>Technologie LED<\/strong> &#8211; le co\u00fbt de l&rsquo;effet de flamme n&rsquo;est que de <strong>1 \u00e0 2 grammes par heure.<\/strong><\/li>\n<li><strong>Chauffage efficace<\/strong> &#8211; 2 niveaux de puissance et thermostat (18-30\u00b0C)<\/li>\n<\/ul>\n<\/section>\n<footer>\n<h2>Chemin\u00e9e Tower &#8211; \u00e9l\u00e9gance, technologie et confort dans votre maison !<\/h2>\n<p><strong>La chemin\u00e9e \u00e9lectrique Tower<\/strong> est la solution id\u00e9ale pour ceux qui appr\u00e9cient l&rsquo;<strong>atmosph\u00e8re chaleureuse, la technologie moderne et le confort<\/strong>. Cr\u00e9ez une atmosph\u00e8re unique dans votre maison &#8211; sans compromis ! <\/p>\n<\/footer>\n<p>&nbsp;<\/p>\n<ul><strong><\/p>\n<p><a href=\"https:\/\/aflamo.shop\/wp-content\/uploads\/2025\/02\/Spark_EN-PL-DE-IT-ES-FR-CS-SK-NL.pdf\">Instructions d&rsquo;utilisation et de s\u00e9curit\u00e9<\/a><\/p>\n<p><\/strong><\/ul>\n<section>\n<h2>Dessins techniques<\/h2>\n<p>Etincelle<\/p>\n<p><img loading=\"lazy\" decoding=\"async\" class=\"aligncenter wp-image-12969 size-full\" src=\"https:\/\/aflamo.shop\/wp-content\/uploads\/2025\/02\/Spark.png\" alt=\"\" width=\"806\" height=\"860\" srcset=\"https:\/\/aflamo.shop\/wp-content\/uploads\/2025\/02\/Spark.png 806w, https:\/\/aflamo.shop\/wp-content\/uploads\/2025\/02\/Spark-600x640.png 600w, https:\/\/aflamo.shop\/wp-content\/uploads\/2025\/02\/Spark-281x300.png 281w, https:\/\/aflamo.shop\/wp-content\/uploads\/2025\/02\/Spark-768x819.png 768w\" sizes=\"(max-width: 806px) 100vw, 806px\" \/><\/p>\n<\/section>\n","protected":false},"excerpt":{"rendered":"<p>Fabricant : Aflamo<\/p>\n<p>Chemin\u00e9e \u00e9lectrique LED sur pied<\/p>\n<p><b>Dimensions :<\/b> 58,4x 47,5 x 25 cm<\/b><\/p>\n","protected":false},"featured_media":22373,"comment_status":"open","ping_status":"closed","template":"","meta":[],"product_brand":[],"product_cat":[770,827,170,776,775],"product_tag":[],"class_list":{"0":"post-13929","1":"product","2":"type-product","3":"status-publish","4":"has-post-thumbnail","6":"product_cat-aflamo-fr","7":"product_cat-cheminees-autoportantes-a-led","8":"product_cat-cheminees-electriques-fr","9":"product_cat-cheminees-electriques-avec-application-mobile","10":"product_cat-cheminees-electriques-avec-son","12":"first","13":"instock","14":"shipping-taxable","15":"purchasable","16":"product-type-simple"},"yoast_head":"<!-- This site is optimized with the Yoast SEO plugin v27.4 - https:\/\/yoast.com\/product\/yoast-seo-wordpress\/ -->\n<title>Aflamo Spark- chemin\u00e9e \u00e9lectrique autonome \u00e0 LED - aflamo.shop - revendeur aflamo certifi\u00e9<\/title>\n<meta name=\"description\" content=\"Chemin\u00e9e \u00e9lectrique Spark - \u00e9l\u00e9gance, confort et technologie \u00e0 la fois ! La chemin\u00e9e Spark est la solution id\u00e9ale pour cr\u00e9er une atmosph\u00e8re particuli\u00e8re dans votre maison.\" \/>\n<meta name=\"robots\" content=\"index, follow, max-snippet:-1, max-image-preview:large, max-video-preview:-1\" \/>\n<link rel=\"canonical\" href=\"https:\/\/aflamo.shop\/fr\/p\/aflamo-spark-cheminee-electrique-autonome-a-led\/\" \/>\n<meta property=\"og:locale\" content=\"fr_FR\" \/>\n<meta property=\"og:type\" content=\"article\" \/>\n<meta property=\"og:title\" content=\"Aflamo Spark- chemin\u00e9e \u00e9lectrique autonome \u00e0 LED - aflamo.shop - revendeur aflamo certifi\u00e9\" \/>\n<meta property=\"og:description\" content=\"Chemin\u00e9e \u00e9lectrique Spark - \u00e9l\u00e9gance, confort et technologie \u00e0 la fois ! La chemin\u00e9e Spark est la solution id\u00e9ale pour cr\u00e9er une atmosph\u00e8re particuli\u00e8re dans votre maison.\" \/>\n<meta property=\"og:url\" content=\"https:\/\/aflamo.shop\/fr\/p\/aflamo-spark-cheminee-electrique-autonome-a-led\/\" \/>\n<meta property=\"og:site_name\" content=\"aflamo.shop - revendeur aflamo certifi\u00e9\" \/>\n<meta property=\"article:modified_time\" content=\"2026-04-16T12:28:27+00:00\" \/>\n<meta property=\"og:image\" content=\"https:\/\/aflamo.shop\/wp-content\/uploads\/2025\/02\/Projekt-bez-nazwy66-1024x1024.png\" \/>\n\t<meta property=\"og:image:width\" content=\"1024\" \/>\n\t<meta property=\"og:image:height\" content=\"1024\" \/>\n\t<meta property=\"og:image:type\" content=\"image\/png\" \/>\n<meta name=\"twitter:card\" content=\"summary_large_image\" \/>\n<meta name=\"twitter:label1\" content=\"Dur\u00e9e de lecture estim\u00e9e\" \/>\n\t<meta name=\"twitter:data1\" content=\"4 minutes\" \/>\n<script type=\"application\/ld+json\" class=\"yoast-schema-graph\">{\"@context\":\"https:\\\/\\\/schema.org\",\"@graph\":[{\"@type\":\"WebPage\",\"@id\":\"https:\\\/\\\/aflamo.shop\\\/fr\\\/p\\\/aflamo-spark-cheminee-electrique-autonome-a-led\\\/\",\"url\":\"https:\\\/\\\/aflamo.shop\\\/fr\\\/p\\\/aflamo-spark-cheminee-electrique-autonome-a-led\\\/\",\"name\":\"Aflamo Spark- chemin\u00e9e \u00e9lectrique autonome \u00e0 LED - aflamo.shop - revendeur aflamo certifi\u00e9\",\"isPartOf\":{\"@id\":\"https:\\\/\\\/aflamo.shop\\\/fr\\\/#website\"},\"primaryImageOfPage\":{\"@id\":\"https:\\\/\\\/aflamo.shop\\\/fr\\\/p\\\/aflamo-spark-cheminee-electrique-autonome-a-led\\\/#primaryimage\"},\"image\":{\"@id\":\"https:\\\/\\\/aflamo.shop\\\/fr\\\/p\\\/aflamo-spark-cheminee-electrique-autonome-a-led\\\/#primaryimage\"},\"thumbnailUrl\":\"https:\\\/\\\/aflamo.shop\\\/wp-content\\\/uploads\\\/2025\\\/02\\\/Projekt-bez-nazwy66.png\",\"datePublished\":\"2025-02-12T15:35:45+00:00\",\"dateModified\":\"2026-04-16T12:28:27+00:00\",\"description\":\"Chemin\u00e9e \u00e9lectrique Spark - \u00e9l\u00e9gance, confort et technologie \u00e0 la fois ! La chemin\u00e9e Spark est la solution id\u00e9ale pour cr\u00e9er une atmosph\u00e8re particuli\u00e8re dans votre maison.\",\"breadcrumb\":{\"@id\":\"https:\\\/\\\/aflamo.shop\\\/fr\\\/p\\\/aflamo-spark-cheminee-electrique-autonome-a-led\\\/#breadcrumb\"},\"inLanguage\":\"fr-FR\",\"potentialAction\":[{\"@type\":\"ReadAction\",\"target\":[\"https:\\\/\\\/aflamo.shop\\\/fr\\\/p\\\/aflamo-spark-cheminee-electrique-autonome-a-led\\\/\"]}]},{\"@type\":\"ImageObject\",\"inLanguage\":\"fr-FR\",\"@id\":\"https:\\\/\\\/aflamo.shop\\\/fr\\\/p\\\/aflamo-spark-cheminee-electrique-autonome-a-led\\\/#primaryimage\",\"url\":\"https:\\\/\\\/aflamo.shop\\\/wp-content\\\/uploads\\\/2025\\\/02\\\/Projekt-bez-nazwy66.png\",\"contentUrl\":\"https:\\\/\\\/aflamo.shop\\\/wp-content\\\/uploads\\\/2025\\\/02\\\/Projekt-bez-nazwy66.png\",\"width\":2048,\"height\":2048},{\"@type\":\"BreadcrumbList\",\"@id\":\"https:\\\/\\\/aflamo.shop\\\/fr\\\/p\\\/aflamo-spark-cheminee-electrique-autonome-a-led\\\/#breadcrumb\",\"itemListElement\":[{\"@type\":\"ListItem\",\"position\":1,\"name\":\"Page d'accueil\",\"item\":\"https:\\\/\\\/aflamo.shop\\\/fr\\\/\"},{\"@type\":\"ListItem\",\"position\":2,\"name\":\"Boutique\",\"item\":\"https:\\\/\\\/aflamo.shop\\\/boutique\\\/\"},{\"@type\":\"ListItem\",\"position\":3,\"name\":\"Aflamo\",\"item\":\"https:\\\/\\\/aflamo.shop\\\/fr\\\/s\\\/aflamo-fr\\\/\"},{\"@type\":\"ListItem\",\"position\":4,\"name\":\"Aflamo Spark- chemin\u00e9e \u00e9lectrique autonome \u00e0 LED\"}]},{\"@type\":\"WebSite\",\"@id\":\"https:\\\/\\\/aflamo.shop\\\/fr\\\/#website\",\"url\":\"https:\\\/\\\/aflamo.shop\\\/fr\\\/\",\"name\":\"aflamo.shop - revendeur aflamo certifi\u00e9\",\"description\":\"Kominki elektryczne Aflamo i Emotion Flame z funkcj\u0105 grzania\",\"publisher\":{\"@id\":\"https:\\\/\\\/aflamo.shop\\\/fr\\\/#organization\"},\"potentialAction\":[{\"@type\":\"SearchAction\",\"target\":{\"@type\":\"EntryPoint\",\"urlTemplate\":\"https:\\\/\\\/aflamo.shop\\\/fr\\\/?s={search_term_string}\"},\"query-input\":{\"@type\":\"PropertyValueSpecification\",\"valueRequired\":true,\"valueName\":\"search_term_string\"}}],\"inLanguage\":\"fr-FR\"},{\"@type\":\"Organization\",\"@id\":\"https:\\\/\\\/aflamo.shop\\\/fr\\\/#organization\",\"name\":\"aflamo.shop - revendeur aflamo certifi\u00e9\",\"url\":\"https:\\\/\\\/aflamo.shop\\\/fr\\\/\",\"logo\":{\"@type\":\"ImageObject\",\"inLanguage\":\"fr-FR\",\"@id\":\"https:\\\/\\\/aflamo.shop\\\/fr\\\/#\\\/schema\\\/logo\\\/image\\\/\",\"url\":\"https:\\\/\\\/aflamo.shop\\\/wp-content\\\/uploads\\\/2019\\\/10\\\/logo2.1-1-1.svg\",\"contentUrl\":\"https:\\\/\\\/aflamo.shop\\\/wp-content\\\/uploads\\\/2019\\\/10\\\/logo2.1-1-1.svg\",\"caption\":\"aflamo.shop - revendeur aflamo certifi\u00e9\"},\"image\":{\"@id\":\"https:\\\/\\\/aflamo.shop\\\/fr\\\/#\\\/schema\\\/logo\\\/image\\\/\"}}]}<\/script>\n<!-- \/ Yoast SEO plugin. -->","yoast_head_json":{"title":"Aflamo Spark- chemin\u00e9e \u00e9lectrique autonome \u00e0 LED - aflamo.shop - revendeur aflamo certifi\u00e9","description":"Chemin\u00e9e \u00e9lectrique Spark - \u00e9l\u00e9gance, confort et technologie \u00e0 la fois ! La chemin\u00e9e Spark est la solution id\u00e9ale pour cr\u00e9er une atmosph\u00e8re particuli\u00e8re dans votre maison.","robots":{"index":"index","follow":"follow","max-snippet":"max-snippet:-1","max-image-preview":"max-image-preview:large","max-video-preview":"max-video-preview:-1"},"canonical":"https:\/\/aflamo.shop\/fr\/p\/aflamo-spark-cheminee-electrique-autonome-a-led\/","og_locale":"fr_FR","og_type":"article","og_title":"Aflamo Spark- chemin\u00e9e \u00e9lectrique autonome \u00e0 LED - aflamo.shop - revendeur aflamo certifi\u00e9","og_description":"Chemin\u00e9e \u00e9lectrique Spark - \u00e9l\u00e9gance, confort et technologie \u00e0 la fois ! La chemin\u00e9e Spark est la solution id\u00e9ale pour cr\u00e9er une atmosph\u00e8re particuli\u00e8re dans votre maison.","og_url":"https:\/\/aflamo.shop\/fr\/p\/aflamo-spark-cheminee-electrique-autonome-a-led\/","og_site_name":"aflamo.shop - revendeur aflamo certifi\u00e9","article_modified_time":"2026-04-16T12:28:27+00:00","og_image":[{"width":1024,"height":1024,"url":"https:\/\/aflamo.shop\/wp-content\/uploads\/2025\/02\/Projekt-bez-nazwy66-1024x1024.png","type":"image\/png"}],"twitter_card":"summary_large_image","twitter_misc":{"Dur\u00e9e de lecture estim\u00e9e":"4 minutes"},"schema":{"@context":"https:\/\/schema.org","@graph":[{"@type":"WebPage","@id":"https:\/\/aflamo.shop\/fr\/p\/aflamo-spark-cheminee-electrique-autonome-a-led\/","url":"https:\/\/aflamo.shop\/fr\/p\/aflamo-spark-cheminee-electrique-autonome-a-led\/","name":"Aflamo Spark- chemin\u00e9e \u00e9lectrique autonome \u00e0 LED - aflamo.shop - revendeur aflamo certifi\u00e9","isPartOf":{"@id":"https:\/\/aflamo.shop\/fr\/#website"},"primaryImageOfPage":{"@id":"https:\/\/aflamo.shop\/fr\/p\/aflamo-spark-cheminee-electrique-autonome-a-led\/#primaryimage"},"image":{"@id":"https:\/\/aflamo.shop\/fr\/p\/aflamo-spark-cheminee-electrique-autonome-a-led\/#primaryimage"},"thumbnailUrl":"https:\/\/aflamo.shop\/wp-content\/uploads\/2025\/02\/Projekt-bez-nazwy66.png","datePublished":"2025-02-12T15:35:45+00:00","dateModified":"2026-04-16T12:28:27+00:00","description":"Chemin\u00e9e \u00e9lectrique Spark - \u00e9l\u00e9gance, confort et technologie \u00e0 la fois ! La chemin\u00e9e Spark est la solution id\u00e9ale pour cr\u00e9er une atmosph\u00e8re particuli\u00e8re dans votre maison.","breadcrumb":{"@id":"https:\/\/aflamo.shop\/fr\/p\/aflamo-spark-cheminee-electrique-autonome-a-led\/#breadcrumb"},"inLanguage":"fr-FR","potentialAction":[{"@type":"ReadAction","target":["https:\/\/aflamo.shop\/fr\/p\/aflamo-spark-cheminee-electrique-autonome-a-led\/"]}]},{"@type":"ImageObject","inLanguage":"fr-FR","@id":"https:\/\/aflamo.shop\/fr\/p\/aflamo-spark-cheminee-electrique-autonome-a-led\/#primaryimage","url":"https:\/\/aflamo.shop\/wp-content\/uploads\/2025\/02\/Projekt-bez-nazwy66.png","contentUrl":"https:\/\/aflamo.shop\/wp-content\/uploads\/2025\/02\/Projekt-bez-nazwy66.png","width":2048,"height":2048},{"@type":"BreadcrumbList","@id":"https:\/\/aflamo.shop\/fr\/p\/aflamo-spark-cheminee-electrique-autonome-a-led\/#breadcrumb","itemListElement":[{"@type":"ListItem","position":1,"name":"Page d'accueil","item":"https:\/\/aflamo.shop\/fr\/"},{"@type":"ListItem","position":2,"name":"Boutique","item":"https:\/\/aflamo.shop\/boutique\/"},{"@type":"ListItem","position":3,"name":"Aflamo","item":"https:\/\/aflamo.shop\/fr\/s\/aflamo-fr\/"},{"@type":"ListItem","position":4,"name":"Aflamo Spark- chemin\u00e9e \u00e9lectrique autonome \u00e0 LED"}]},{"@type":"WebSite","@id":"https:\/\/aflamo.shop\/fr\/#website","url":"https:\/\/aflamo.shop\/fr\/","name":"aflamo.shop - revendeur aflamo certifi\u00e9","description":"Kominki elektryczne Aflamo i Emotion Flame z funkcj\u0105 grzania","publisher":{"@id":"https:\/\/aflamo.shop\/fr\/#organization"},"potentialAction":[{"@type":"SearchAction","target":{"@type":"EntryPoint","urlTemplate":"https:\/\/aflamo.shop\/fr\/?s={search_term_string}"},"query-input":{"@type":"PropertyValueSpecification","valueRequired":true,"valueName":"search_term_string"}}],"inLanguage":"fr-FR"},{"@type":"Organization","@id":"https:\/\/aflamo.shop\/fr\/#organization","name":"aflamo.shop - revendeur aflamo certifi\u00e9","url":"https:\/\/aflamo.shop\/fr\/","logo":{"@type":"ImageObject","inLanguage":"fr-FR","@id":"https:\/\/aflamo.shop\/fr\/#\/schema\/logo\/image\/","url":"https:\/\/aflamo.shop\/wp-content\/uploads\/2019\/10\/logo2.1-1-1.svg","contentUrl":"https:\/\/aflamo.shop\/wp-content\/uploads\/2019\/10\/logo2.1-1-1.svg","caption":"aflamo.shop - revendeur aflamo certifi\u00e9"},"image":{"@id":"https:\/\/aflamo.shop\/fr\/#\/schema\/logo\/image\/"}}]}},"_links":{"self":[{"href":"https:\/\/aflamo.shop\/fr\/wp-json\/wp\/v2\/product\/13929","targetHints":{"allow":["GET"]}}],"collection":[{"href":"https:\/\/aflamo.shop\/fr\/wp-json\/wp\/v2\/product"}],"about":[{"href":"https:\/\/aflamo.shop\/fr\/wp-json\/wp\/v2\/types\/product"}],"replies":[{"embeddable":true,"href":"https:\/\/aflamo.shop\/fr\/wp-json\/wp\/v2\/comments?post=13929"}],"wp:featuredmedia":[{"embeddable":true,"href":"https:\/\/aflamo.shop\/fr\/wp-json\/wp\/v2\/media\/22373"}],"wp:attachment":[{"href":"https:\/\/aflamo.shop\/fr\/wp-json\/wp\/v2\/media?parent=13929"}],"wp:term":[{"taxonomy":"product_brand","embeddable":true,"href":"https:\/\/aflamo.shop\/fr\/wp-json\/wp\/v2\/product_brand?post=13929"},{"taxonomy":"product_cat","embeddable":true,"href":"https:\/\/aflamo.shop\/fr\/wp-json\/wp\/v2\/product_cat?post=13929"},{"taxonomy":"product_tag","embeddable":true,"href":"https:\/\/aflamo.shop\/fr\/wp-json\/wp\/v2\/product_tag?post=13929"}],"curies":[{"name":"wp","href":"https:\/\/api.w.org\/{rel}","templated":true}]}}