{"id":9628,"date":"2023-09-18T10:37:32","date_gmt":"2023-09-18T10:37:32","guid":{"rendered":"https:\/\/aflamo.shop\/?post_type=product&#038;p=9628"},"modified":"2026-03-10T10:16:39","modified_gmt":"2026-03-10T10:16:39","slug":"chimenea-electrica-led-aflamo-superb-33-empotrada","status":"publish","type":"product","link":"https:\/\/aflamo.shop\/es\/p\/chimenea-electrica-led-aflamo-superb-33-empotrada\/","title":{"rendered":"Aflamo Superb 33 &#8211; chimenea el\u00e9ctrica LED empotrada"},"content":{"rendered":"<p><!DOCTYPE html><br \/>\n<html lang=\"es\"><br \/>\n<head><br \/>\n    <meta charset=\"UTF-8\"><br \/>\n    <meta name=\"viewport\" content=\"width=device-width, initial-scale=1.0\"><br \/>\n    <title>Chimenea Superb \u2013 elegancia, funcionalidad y confort en uno<\/title><\/p>\n<style>\n        body {\n            font-family: Arial, sans-serif;\n            line-height: 1.6;\n            margin: 20px;\n        }\n        h1, h2 {\n            color: #333;\n        }\n        .aligncenter {\n            display: block;\n            margin: 20px auto;\n        }\n        ul {\n            list-style-type: disc;\n            margin-left: 20px;\n        }\n    <\/style>\n<p><\/head><br \/>\n<body><\/p>\n<p>    <iframe title=\"YouTube video player\" src=\"https:\/\/www.youtube.com\/embed\/-60M7hiGr3g\" width=\"560\" height=\"315\" frameborder=\"0\" allowfullscreen=\"allowfullscreen\"><\/iframe><\/p>\n<h1>Chimenea Superb \u2013 elegancia, funcionalidad y confort en uno<\/h1>\n<p>Si buscas una chimenea que no solo cree un ambiente acogedor en tu hogar, sino que tambi\u00e9n se convierta en el punto focal de la habitaci\u00f3n, la chimenea Superb superar\u00e1 tus expectativas. Su <strong>hogar de tres caras<\/strong> es m\u00e1s que una chimenea cl\u00e1sica: es una obra de arte moderna que atrae la atenci\u00f3n desde todos los \u00e1ngulos. La posibilidad de elegir entre instalaci\u00f3n de un solo lado o dos lo convierte en un elemento extremadamente flexible en el dise\u00f1o, adapt\u00e1ndose perfectamente a diversas decoraciones interiores.<\/p>\n<h2>Caracter\u00edsticas:<\/h2>\n<ul>\n<li><strong>Hogar de tres caras:<\/strong> crea una impresi\u00f3n imponente, integr\u00e1ndose perfectamente en el dise\u00f1o moderno de interiores.<\/li>\n<li><strong>Posibilidad de instalaci\u00f3n<\/strong> en un lado o dos, gracias a las tapas especiales incluidas, lo que permite ajustar la chimenea a tu espacio.<\/li>\n<li><strong>Disponible en varios tama\u00f1os:<\/strong> 84 cm, 104 cm, 127 cm, 153 cm \u2013 elige el modelo ideal para tu hogar.<\/li>\n<\/ul>\n<p>    <img fetchpriority=\"high\" decoding=\"async\" class=\"aligncenter\" src=\"https:\/\/aflamo.shop\/wp-content\/uploads\/2023\/09\/Superb_33-40_right_1.jpg\" alt=\"Chimenea Superb - vista desde la derecha\" width=\"383\" height=\"266\" \/><\/p>\n<h2>Instalaci\u00f3n:<\/h2>\n<ul>\n<li><strong>Chimenea dise\u00f1ada solo para instalaci\u00f3n empotrada.<\/strong><\/li>\n<\/ul>\n<h2>Llama:<\/h2>\n<ul>\n<li><strong>5 colores de llama<\/strong> que puedes cambiar libremente para crear un ambiente \u00fanico en cada ocasi\u00f3n. Ya sea que prefieras los tonos c\u00e1lidos y cl\u00e1sicos del fuego o los colores m\u00e1s modernos y fr\u00edos, Superb te permite ajustar la llama a tu estado de \u00e1nimo y entorno.<\/li>\n<\/ul>\n<p>    <img decoding=\"async\" class=\"aligncenter\" src=\"https:\/\/aflamo.shop\/wp-content\/uploads\/2023\/05\/flames_superb.jpg\" alt=\"Efecto de llama de la chimenea Superb\" width=\"555\" height=\"425\" \/><\/p>\n<h2>Hogar:<\/h2>\n<ul>\n<li><strong>Nueva calidad de hogar:<\/strong><\/li>\n<ul>\n<li>El hogar de la chimenea est\u00e1 lleno de <strong>troncos cer\u00e1micos<\/strong> que parecen aut\u00e9nticos le\u00f1os de madera.<\/li>\n<\/ul>\n<\/ul>\n<p>    <img decoding=\"async\" class=\"aligncenter\" src=\"https:\/\/aflamo.shop\/wp-content\/uploads\/2023\/09\/Superb_logs_closeup.jpg\" alt=\"Detalle del hogar de la chimenea Superb\" width=\"492\" height=\"300\" \/><\/p>\n<ul>\n<li>El set incluye <strong>2 tipos de hogar:<\/strong> troncos de aspecto natural o cristales modernos.<\/li>\n<\/ul>\n<p>    <img loading=\"lazy\" decoding=\"async\" class=\"aligncenter\" src=\"https:\/\/aflamo.shop\/wp-content\/uploads\/2024\/06\/polana_krysztaly-e1603875138523.png\" alt=\"Troncos y cristales en el hogar de la chimenea Superb\" width=\"413\" height=\"297\" \/><\/p>\n<ul>\n<li><strong>5 colores de iluminaci\u00f3n del hogar<\/strong> para una mayor personalizaci\u00f3n del efecto visual.<\/li>\n<\/ul>\n<h2>Calefacci\u00f3n:<\/h2>\n<ul>\n<li><strong>Funci\u00f3n de calefacci\u00f3n independiente<\/strong> \u2013 el efecto de la llama funciona de manera independiente de la calefacci\u00f3n, lo que permite disfrutar de la chimenea durante todo el a\u00f1o.<\/li>\n<li><strong>Dos niveles de potencia de calefacci\u00f3n:<\/strong> 750W y 1500W.<\/li>\n<li><strong>Termostato<\/strong> con posibilidad de ajustar la temperatura entre 18\u00b0C y 30\u00b0C.<\/li>\n<li><strong>Protecci\u00f3n contra sobrecalentamiento<\/strong> y <strong>sensor de ventana abierta<\/strong> para mayor seguridad.<\/li>\n<\/ul>\n<h2>Comodidad y conveniencia:<\/h2>\n<ul>\n<li><strong>Chimenea controlada por mando a distancia<\/strong>, lo que hace que su manejo sea extremadamente f\u00e1cil.<\/li>\n<li>La moderna funci\u00f3n de <strong>difusi\u00f3n de calor<\/strong> permite calentar r\u00e1pidamente la habitaci\u00f3n y mantener una temperatura confortable.<\/li>\n<li><strong>Interruptor con funci\u00f3n de temporizador<\/strong> que permite el apagado autom\u00e1tico de la chimenea: simplemente configura la hora adecuada y disfruta de la tranquilidad.<\/li>\n<\/ul>\n<p>La chimenea Superb es la combinaci\u00f3n perfecta de dise\u00f1o moderno, confort y funcionalidad, que a\u00f1adir\u00e1 calidez y estilo a cualquier interior.<\/p>\n<ul><strong><\/p>\n<p><a href=\"https:\/\/aflamo.shop\/wp-content\/uploads\/2023\/09\/Aflamo-SUPERB-manual_EN-PL-NL-1.pdf\">Manual de usuario y seguridad<\/a><\/p>\n<p><\/strong><\/ul>\n<h2>Dibujos t\u00e9cnicos:<\/h2>\n<p>    <strong>Superb 33<\/strong><\/p>\n<p>    <img loading=\"lazy\" decoding=\"async\" class=\"aligncenter wp-image-11110 size-full\" src=\"https:\/\/aflamo.shop\/wp-content\/uploads\/2023\/09\/firefox_7MO15kWc9v.png\" alt=\"\" width=\"1721\" height=\"1220\" srcset=\"https:\/\/aflamo.shop\/wp-content\/uploads\/2023\/09\/firefox_7MO15kWc9v.png 1721w, https:\/\/aflamo.shop\/wp-content\/uploads\/2023\/09\/firefox_7MO15kWc9v-600x425.png 600w, https:\/\/aflamo.shop\/wp-content\/uploads\/2023\/09\/firefox_7MO15kWc9v-300x213.png 300w, https:\/\/aflamo.shop\/wp-content\/uploads\/2023\/09\/firefox_7MO15kWc9v-1024x726.png 1024w, https:\/\/aflamo.shop\/wp-content\/uploads\/2023\/09\/firefox_7MO15kWc9v-768x544.png 768w, https:\/\/aflamo.shop\/wp-content\/uploads\/2023\/09\/firefox_7MO15kWc9v-1536x1089.png 1536w\" sizes=\"(max-width: 1721px) 100vw, 1721px\" \/><\/p>\n<p>    <strong>Superb 40<\/strong><\/p>\n<p>    <img loading=\"lazy\" decoding=\"async\" class=\"aligncenter wp-image-11113 size-full\" src=\"https:\/\/aflamo.shop\/wp-content\/uploads\/2023\/09\/firefox_yTV5uPUkPu.png\" alt=\"\" width=\"1723\" height=\"1215\" srcset=\"https:\/\/aflamo.shop\/wp-content\/uploads\/2023\/09\/firefox_yTV5uPUkPu.png 1723w, https:\/\/aflamo.shop\/wp-content\/uploads\/2023\/09\/firefox_yTV5uPUkPu-600x423.png 600w, https:\/\/aflamo.shop\/wp-content\/uploads\/2023\/09\/firefox_yTV5uPUkPu-300x212.png 300w, https:\/\/aflamo.shop\/wp-content\/uploads\/2023\/09\/firefox_yTV5uPUkPu-1024x722.png 1024w, https:\/\/aflamo.shop\/wp-content\/uploads\/2023\/09\/firefox_yTV5uPUkPu-768x542.png 768w, https:\/\/aflamo.shop\/wp-content\/uploads\/2023\/09\/firefox_yTV5uPUkPu-1536x1083.png 1536w\" sizes=\"(max-width: 1723px) 100vw, 1723px\" \/><\/p>\n<p>    <strong>Superb 50<\/strong><\/p>\n<p>    <img loading=\"lazy\" decoding=\"async\" class=\"aligncenter wp-image-11116 size-full\" src=\"https:\/\/aflamo.shop\/wp-content\/uploads\/2023\/09\/Superb_50.png\" alt=\"\" width=\"1306\" height=\"820\" srcset=\"https:\/\/aflamo.shop\/wp-content\/uploads\/2023\/09\/Superb_50.png 1306w, https:\/\/aflamo.shop\/wp-content\/uploads\/2023\/09\/Superb_50-600x377.png 600w, https:\/\/aflamo.shop\/wp-content\/uploads\/2023\/09\/Superb_50-300x188.png 300w, https:\/\/aflamo.shop\/wp-content\/uploads\/2023\/09\/Superb_50-1024x643.png 1024w, https:\/\/aflamo.shop\/wp-content\/uploads\/2023\/09\/Superb_50-768x482.png 768w\" sizes=\"(max-width: 1306px) 100vw, 1306px\" \/><\/p>\n<p>    <strong>Superb 60<\/strong><\/p>\n<p>    <img loading=\"lazy\" decoding=\"async\" class=\"aligncenter wp-image-11107 size-full\" src=\"https:\/\/aflamo.shop\/wp-content\/uploads\/2023\/09\/Superb_60.png\" alt=\"\" width=\"1306\" height=\"693\" srcset=\"https:\/\/aflamo.shop\/wp-content\/uploads\/2023\/09\/Superb_60.png 1306w, https:\/\/aflamo.shop\/wp-content\/uploads\/2023\/09\/Superb_60-600x318.png 600w, https:\/\/aflamo.shop\/wp-content\/uploads\/2023\/09\/Superb_60-300x159.png 300w, https:\/\/aflamo.shop\/wp-content\/uploads\/2023\/09\/Superb_60-1024x543.png 1024w, https:\/\/aflamo.shop\/wp-content\/uploads\/2023\/09\/Superb_60-768x408.png 768w\" sizes=\"(max-width: 1306px) 100vw, 1306px\" \/><\/p>\n<p><\/body><br \/>\n<\/html><\/p>\n","protected":false},"excerpt":{"rendered":"<p>Productor: Aflamo<\/p>\n<p>GETIN: 5908283562053<\/p>\n<p>Chimenea el\u00e9ctrica LED empotrable<\/p>\n<p><b>Modelo:<\/b><\/p>\n<ul>\n<li><a href=\"https:\/\/aflamo.shop\/es\/p\/chimenea-electrica-led-aflamo-superb-33-empotrada\/\">33<\/a><\/li>\n<li><a href=\"https:\/\/aflamo.shop\/es\/p\/chimenea-electrica-led-aflamo-superb-40-empotrada\/\">40<\/a><\/li>\n<li><a href=\"https:\/\/aflamo.shop\/es\/p\/chimenea-electrica-led-aflamo-superb-50-empotrada\/\">50<\/a><\/li>\n<li><a href=\"https:\/\/aflamo.shop\/es\/p\/chimenea-electrica-led-aflamo-superbb-60-empotrada\/\">60<\/a><\/li>\n<\/ul>\n<p><b>Dimensiones:<\/b>84 x 56 x 32 cm<\/p>\n","protected":false},"featured_media":11190,"comment_status":"open","ping_status":"closed","template":"","meta":[],"product_brand":[],"product_cat":[678,190,198,194,193,199],"product_tag":[],"class_list":{"0":"post-9628","1":"product","2":"type-product","3":"status-publish","4":"has-post-thumbnail","6":"product_cat-aflamo","7":"product_cat-chimeneas-electricas","8":"product_cat-chimeneas-electricas-led-con-funcion-de-calefaccion","9":"product_cat-chimeneas-led-de-tres-lados","10":"product_cat-chimeneas-led-empotradas","11":"product_cat-insertos-electricos-led","13":"first","14":"instock","15":"shipping-taxable","16":"purchasable","17":"product-type-simple"},"yoast_head":"<!-- This site is optimized with the Yoast SEO plugin v27.1.1 - https:\/\/yoast.com\/product\/yoast-seo-wordpress\/ -->\n<title>Aflamo Superb 33 - chimenea el\u00e9ctrica LED empotrada - aflamo.shop - distribuidor certificado de aflamo<\/title>\n<meta name=\"description\" content=\"Superb: elegancia, funcionalidad y confort. Chimenea de tres lados, construcci\u00f3n flexible y dise\u00f1o moderno, perfecta para cualquier interior.\" \/>\n<meta name=\"robots\" content=\"index, follow, max-snippet:-1, max-image-preview:large, max-video-preview:-1\" \/>\n<link rel=\"canonical\" href=\"https:\/\/aflamo.shop\/es\/p\/chimenea-electrica-led-aflamo-superb-33-empotrada\/\" \/>\n<meta property=\"og:locale\" content=\"es_ES\" \/>\n<meta property=\"og:type\" content=\"article\" \/>\n<meta property=\"og:title\" content=\"Aflamo Superb 33 - chimenea el\u00e9ctrica LED empotrada - aflamo.shop - distribuidor certificado de aflamo\" \/>\n<meta property=\"og:description\" content=\"Superb: elegancia, funcionalidad y confort. Chimenea de tres lados, construcci\u00f3n flexible y dise\u00f1o moderno, perfecta para cualquier interior.\" \/>\n<meta property=\"og:url\" content=\"https:\/\/aflamo.shop\/es\/p\/chimenea-electrica-led-aflamo-superb-33-empotrada\/\" \/>\n<meta property=\"og:site_name\" content=\"aflamo.shop - distribuidor certificado de aflamo\" \/>\n<meta property=\"article:modified_time\" content=\"2026-03-10T10:16:39+00:00\" \/>\n<meta property=\"og:image\" content=\"https:\/\/aflamo.shop\/wp-content\/uploads\/2023\/09\/resize_9654f5a4ab8add5ddb1aca0b2488feab-5.jpg\" \/>\n\t<meta property=\"og:image:width\" content=\"265\" \/>\n\t<meta property=\"og:image:height\" content=\"200\" \/>\n\t<meta property=\"og:image:type\" content=\"image\/jpeg\" \/>\n<meta name=\"twitter:card\" content=\"summary_large_image\" \/>\n<meta name=\"twitter:label1\" content=\"Tiempo de lectura\" \/>\n\t<meta name=\"twitter:data1\" content=\"5 minutos\" \/>\n<script type=\"application\/ld+json\" class=\"yoast-schema-graph\">{\"@context\":\"https:\/\/schema.org\",\"@graph\":[{\"@type\":\"WebPage\",\"@id\":\"https:\/\/aflamo.shop\/es\/p\/chimenea-electrica-led-aflamo-superb-33-empotrada\/\",\"url\":\"https:\/\/aflamo.shop\/es\/p\/chimenea-electrica-led-aflamo-superb-33-empotrada\/\",\"name\":\"Aflamo Superb 33 - chimenea el\u00e9ctrica LED empotrada - aflamo.shop - distribuidor certificado de aflamo\",\"isPartOf\":{\"@id\":\"https:\/\/aflamo.shop\/es\/#website\"},\"primaryImageOfPage\":{\"@id\":\"https:\/\/aflamo.shop\/es\/p\/chimenea-electrica-led-aflamo-superb-33-empotrada\/#primaryimage\"},\"image\":{\"@id\":\"https:\/\/aflamo.shop\/es\/p\/chimenea-electrica-led-aflamo-superb-33-empotrada\/#primaryimage\"},\"thumbnailUrl\":\"https:\/\/aflamo.shop\/wp-content\/uploads\/2023\/09\/resize_9654f5a4ab8add5ddb1aca0b2488feab-5.jpg\",\"datePublished\":\"2023-09-18T10:37:32+00:00\",\"dateModified\":\"2026-03-10T10:16:39+00:00\",\"description\":\"Superb: elegancia, funcionalidad y confort. Chimenea de tres lados, construcci\u00f3n flexible y dise\u00f1o moderno, perfecta para cualquier interior.\",\"breadcrumb\":{\"@id\":\"https:\/\/aflamo.shop\/es\/p\/chimenea-electrica-led-aflamo-superb-33-empotrada\/#breadcrumb\"},\"inLanguage\":\"es\",\"potentialAction\":[{\"@type\":\"ReadAction\",\"target\":[\"https:\/\/aflamo.shop\/es\/p\/chimenea-electrica-led-aflamo-superb-33-empotrada\/\"]}]},{\"@type\":\"ImageObject\",\"inLanguage\":\"es\",\"@id\":\"https:\/\/aflamo.shop\/es\/p\/chimenea-electrica-led-aflamo-superb-33-empotrada\/#primaryimage\",\"url\":\"https:\/\/aflamo.shop\/wp-content\/uploads\/2023\/09\/resize_9654f5a4ab8add5ddb1aca0b2488feab-5.jpg\",\"contentUrl\":\"https:\/\/aflamo.shop\/wp-content\/uploads\/2023\/09\/resize_9654f5a4ab8add5ddb1aca0b2488feab-5.jpg\",\"width\":265,\"height\":200},{\"@type\":\"BreadcrumbList\",\"@id\":\"https:\/\/aflamo.shop\/es\/p\/chimenea-electrica-led-aflamo-superb-33-empotrada\/#breadcrumb\",\"itemListElement\":[{\"@type\":\"ListItem\",\"position\":1,\"name\":\"P\u00e1gina principal\",\"item\":\"https:\/\/aflamo.shop\/es\/\"},{\"@type\":\"ListItem\",\"position\":2,\"name\":\"Tienda\",\"item\":\"https:\/\/aflamo.shop\/tienda\/\"},{\"@type\":\"ListItem\",\"position\":3,\"name\":\"Chimeneas el\u00e9ctricas\",\"item\":\"https:\/\/aflamo.shop\/es\/s\/chimeneas-electricas\/\"},{\"@type\":\"ListItem\",\"position\":4,\"name\":\"Aflamo Superb 33 &#8211; chimenea el\u00e9ctrica LED empotrada\"}]},{\"@type\":\"WebSite\",\"@id\":\"https:\/\/aflamo.shop\/es\/#website\",\"url\":\"https:\/\/aflamo.shop\/es\/\",\"name\":\"aflamo.shop - distribuidor certificado de aflamo\",\"description\":\"Kominki elektryczne Aflamo i Emotion Flame z funkcj\u0105 grzania\",\"publisher\":{\"@id\":\"https:\/\/aflamo.shop\/es\/#organization\"},\"potentialAction\":[{\"@type\":\"SearchAction\",\"target\":{\"@type\":\"EntryPoint\",\"urlTemplate\":\"https:\/\/aflamo.shop\/es\/?s={search_term_string}\"},\"query-input\":{\"@type\":\"PropertyValueSpecification\",\"valueRequired\":true,\"valueName\":\"search_term_string\"}}],\"inLanguage\":\"es\"},{\"@type\":\"Organization\",\"@id\":\"https:\/\/aflamo.shop\/es\/#organization\",\"name\":\"aflamo.shop - distribuidor certificado de aflamo\",\"url\":\"https:\/\/aflamo.shop\/es\/\",\"logo\":{\"@type\":\"ImageObject\",\"inLanguage\":\"es\",\"@id\":\"https:\/\/aflamo.shop\/es\/#\/schema\/logo\/image\/\",\"url\":\"https:\/\/aflamo.shop\/wp-content\/uploads\/2019\/10\/logo2.1-1-1.svg\",\"contentUrl\":\"https:\/\/aflamo.shop\/wp-content\/uploads\/2019\/10\/logo2.1-1-1.svg\",\"caption\":\"aflamo.shop - distribuidor certificado de aflamo\"},\"image\":{\"@id\":\"https:\/\/aflamo.shop\/es\/#\/schema\/logo\/image\/\"}}]}<\/script>\n<!-- \/ Yoast SEO plugin. -->","yoast_head_json":{"title":"Aflamo Superb 33 - chimenea el\u00e9ctrica LED empotrada - aflamo.shop - distribuidor certificado de aflamo","description":"Superb: elegancia, funcionalidad y confort. Chimenea de tres lados, construcci\u00f3n flexible y dise\u00f1o moderno, perfecta para cualquier interior.","robots":{"index":"index","follow":"follow","max-snippet":"max-snippet:-1","max-image-preview":"max-image-preview:large","max-video-preview":"max-video-preview:-1"},"canonical":"https:\/\/aflamo.shop\/es\/p\/chimenea-electrica-led-aflamo-superb-33-empotrada\/","og_locale":"es_ES","og_type":"article","og_title":"Aflamo Superb 33 - chimenea el\u00e9ctrica LED empotrada - aflamo.shop - distribuidor certificado de aflamo","og_description":"Superb: elegancia, funcionalidad y confort. Chimenea de tres lados, construcci\u00f3n flexible y dise\u00f1o moderno, perfecta para cualquier interior.","og_url":"https:\/\/aflamo.shop\/es\/p\/chimenea-electrica-led-aflamo-superb-33-empotrada\/","og_site_name":"aflamo.shop - distribuidor certificado de aflamo","article_modified_time":"2026-03-10T10:16:39+00:00","og_image":[{"width":265,"height":200,"url":"https:\/\/aflamo.shop\/wp-content\/uploads\/2023\/09\/resize_9654f5a4ab8add5ddb1aca0b2488feab-5.jpg","type":"image\/jpeg"}],"twitter_card":"summary_large_image","twitter_misc":{"Tiempo de lectura":"5 minutos"},"schema":{"@context":"https:\/\/schema.org","@graph":[{"@type":"WebPage","@id":"https:\/\/aflamo.shop\/es\/p\/chimenea-electrica-led-aflamo-superb-33-empotrada\/","url":"https:\/\/aflamo.shop\/es\/p\/chimenea-electrica-led-aflamo-superb-33-empotrada\/","name":"Aflamo Superb 33 - chimenea el\u00e9ctrica LED empotrada - aflamo.shop - distribuidor certificado de aflamo","isPartOf":{"@id":"https:\/\/aflamo.shop\/es\/#website"},"primaryImageOfPage":{"@id":"https:\/\/aflamo.shop\/es\/p\/chimenea-electrica-led-aflamo-superb-33-empotrada\/#primaryimage"},"image":{"@id":"https:\/\/aflamo.shop\/es\/p\/chimenea-electrica-led-aflamo-superb-33-empotrada\/#primaryimage"},"thumbnailUrl":"https:\/\/aflamo.shop\/wp-content\/uploads\/2023\/09\/resize_9654f5a4ab8add5ddb1aca0b2488feab-5.jpg","datePublished":"2023-09-18T10:37:32+00:00","dateModified":"2026-03-10T10:16:39+00:00","description":"Superb: elegancia, funcionalidad y confort. Chimenea de tres lados, construcci\u00f3n flexible y dise\u00f1o moderno, perfecta para cualquier interior.","breadcrumb":{"@id":"https:\/\/aflamo.shop\/es\/p\/chimenea-electrica-led-aflamo-superb-33-empotrada\/#breadcrumb"},"inLanguage":"es","potentialAction":[{"@type":"ReadAction","target":["https:\/\/aflamo.shop\/es\/p\/chimenea-electrica-led-aflamo-superb-33-empotrada\/"]}]},{"@type":"ImageObject","inLanguage":"es","@id":"https:\/\/aflamo.shop\/es\/p\/chimenea-electrica-led-aflamo-superb-33-empotrada\/#primaryimage","url":"https:\/\/aflamo.shop\/wp-content\/uploads\/2023\/09\/resize_9654f5a4ab8add5ddb1aca0b2488feab-5.jpg","contentUrl":"https:\/\/aflamo.shop\/wp-content\/uploads\/2023\/09\/resize_9654f5a4ab8add5ddb1aca0b2488feab-5.jpg","width":265,"height":200},{"@type":"BreadcrumbList","@id":"https:\/\/aflamo.shop\/es\/p\/chimenea-electrica-led-aflamo-superb-33-empotrada\/#breadcrumb","itemListElement":[{"@type":"ListItem","position":1,"name":"P\u00e1gina principal","item":"https:\/\/aflamo.shop\/es\/"},{"@type":"ListItem","position":2,"name":"Tienda","item":"https:\/\/aflamo.shop\/tienda\/"},{"@type":"ListItem","position":3,"name":"Chimeneas el\u00e9ctricas","item":"https:\/\/aflamo.shop\/es\/s\/chimeneas-electricas\/"},{"@type":"ListItem","position":4,"name":"Aflamo Superb 33 &#8211; chimenea el\u00e9ctrica LED empotrada"}]},{"@type":"WebSite","@id":"https:\/\/aflamo.shop\/es\/#website","url":"https:\/\/aflamo.shop\/es\/","name":"aflamo.shop - distribuidor certificado de aflamo","description":"Kominki elektryczne Aflamo i Emotion Flame z funkcj\u0105 grzania","publisher":{"@id":"https:\/\/aflamo.shop\/es\/#organization"},"potentialAction":[{"@type":"SearchAction","target":{"@type":"EntryPoint","urlTemplate":"https:\/\/aflamo.shop\/es\/?s={search_term_string}"},"query-input":{"@type":"PropertyValueSpecification","valueRequired":true,"valueName":"search_term_string"}}],"inLanguage":"es"},{"@type":"Organization","@id":"https:\/\/aflamo.shop\/es\/#organization","name":"aflamo.shop - distribuidor certificado de aflamo","url":"https:\/\/aflamo.shop\/es\/","logo":{"@type":"ImageObject","inLanguage":"es","@id":"https:\/\/aflamo.shop\/es\/#\/schema\/logo\/image\/","url":"https:\/\/aflamo.shop\/wp-content\/uploads\/2019\/10\/logo2.1-1-1.svg","contentUrl":"https:\/\/aflamo.shop\/wp-content\/uploads\/2019\/10\/logo2.1-1-1.svg","caption":"aflamo.shop - distribuidor certificado de aflamo"},"image":{"@id":"https:\/\/aflamo.shop\/es\/#\/schema\/logo\/image\/"}}]}},"_links":{"self":[{"href":"https:\/\/aflamo.shop\/es\/wp-json\/wp\/v2\/product\/9628","targetHints":{"allow":["GET"]}}],"collection":[{"href":"https:\/\/aflamo.shop\/es\/wp-json\/wp\/v2\/product"}],"about":[{"href":"https:\/\/aflamo.shop\/es\/wp-json\/wp\/v2\/types\/product"}],"replies":[{"embeddable":true,"href":"https:\/\/aflamo.shop\/es\/wp-json\/wp\/v2\/comments?post=9628"}],"wp:featuredmedia":[{"embeddable":true,"href":"https:\/\/aflamo.shop\/es\/wp-json\/wp\/v2\/media\/11190"}],"wp:attachment":[{"href":"https:\/\/aflamo.shop\/es\/wp-json\/wp\/v2\/media?parent=9628"}],"wp:term":[{"taxonomy":"product_brand","embeddable":true,"href":"https:\/\/aflamo.shop\/es\/wp-json\/wp\/v2\/product_brand?post=9628"},{"taxonomy":"product_cat","embeddable":true,"href":"https:\/\/aflamo.shop\/es\/wp-json\/wp\/v2\/product_cat?post=9628"},{"taxonomy":"product_tag","embeddable":true,"href":"https:\/\/aflamo.shop\/es\/wp-json\/wp\/v2\/product_tag?post=9628"}],"curies":[{"name":"wp","href":"https:\/\/api.w.org\/{rel}","templated":true}]}}