{"id":9544,"date":"2023-09-18T08:05:32","date_gmt":"2023-09-18T08:05:32","guid":{"rendered":"https:\/\/aflamo.shop\/?post_type=product&#038;p=9544"},"modified":"2026-03-10T10:19:22","modified_gmt":"2026-03-10T10:19:22","slug":"chimenea-electrica-led-aflamo-albion-42-de-pared","status":"publish","type":"product","link":"https:\/\/aflamo.shop\/es\/p\/chimenea-electrica-led-aflamo-albion-42-de-pared\/","title":{"rendered":"Chimenea el\u00e9ctrica LED Aflamo Albion 42 &#8211; chimenea el\u00e9ctrica LED de pared"},"content":{"rendered":"<p><iframe title=\"YouTube video player\" src=\"https:\/\/www.youtube.com\/embed\/EiwW_cf_13g\" width=\"560\" height=\"315\" frameborder=\"0\" allowfullscreen=\"allowfullscreen\"><\/iframe><\/p>\n<h6><\/h6>\n<p>&nbsp;<\/p>\n<h3><\/h3>\n<h3 style=\"text-align: left;\"><strong>Caracter\u00edsticas de la chimenea <img fetchpriority=\"high\" decoding=\"async\" class=\"alignright wp-image-4342 \" src=\"https:\/\/aflamo.shop\/wp-content\/uploads\/2023\/05\/Albion-infografika_kolka-1-300x131.jpg\" alt=\"\" width=\"444\" height=\"194\" srcset=\"https:\/\/aflamo.shop\/wp-content\/uploads\/2023\/05\/Albion-infografika_kolka-1-300x131.jpg 300w, https:\/\/aflamo.shop\/wp-content\/uploads\/2023\/05\/Albion-infografika_kolka-1-600x261.jpg 600w, https:\/\/aflamo.shop\/wp-content\/uploads\/2023\/05\/Albion-infografika_kolka-1-768x334.jpg 768w, https:\/\/aflamo.shop\/wp-content\/uploads\/2023\/05\/Albion-infografika_kolka-1.jpg 800w\" sizes=\"(max-width: 444px) 100vw, 444px\" \/><br \/>\n<\/strong><\/h3>\n<p>&nbsp;<\/p>\n<ol class=\"numlist\">\n<li>2 niveles de calefacci\u00f3n: 750 \/ 1500 W<\/li>\n<li>sensor de ventana abierta<\/li>\n<li>termostato digital<\/li>\n<li>remoto<\/li>\n<li>panel de control<\/li>\n<li>incluido lecho de brasas: troncos<\/li>\n<li>4 niveles de brillo de la llama<\/li>\n<li>color de la llama: naranja<\/li>\n<li>chimenea durante 4 temporadas<\/li>\n<\/ol>\n<h3 style=\"text-align: left;\"><\/h3>\n<p>&nbsp;<\/p>\n<h3 style=\"text-align: left;\"><strong>Instalaci\u00f3n<\/strong><\/h3>\n<p style=\"text-align: left;\"><strong>Instalar la chimenea en una pared.<\/strong><\/p>\n<p>&nbsp;<\/p>\n<h3 style=\"text-align: left;\"><strong>Instalaci\u00f3n de la chimenea\u00a0\u00a0<\/strong><\/h3>\n<h3 style=\"text-align: left;\"><strong>\u00a0 <\/strong><\/h3>\n<div class=\"naprzemienne-opis\" style=\"text-align: left;\">\n<ol>\n<li>Instalar el carril (incluido en el paquete)<\/li>\n<li>Cuelgue la chimenea<\/li>\n<li>Disfrutar<\/li>\n<\/ol>\n<\/div>\n<p>&nbsp;<\/p>\n<h3 style=\"text-align: left;\"><strong>Fuego<\/strong><\/h3>\n<p>La llama tiene:<\/p>\n<p><span class=\"digit\">1 color<\/span><\/p>\n<p style=\"text-align: left;\"><img decoding=\"async\" class=\"wp-image-4266 size-full alignright\" src=\"https:\/\/aflamo.shop\/wp-content\/uploads\/2023\/05\/plomien-albion-1.jpg\" alt=\"\" width=\"413\" height=\"144\" srcset=\"https:\/\/aflamo.shop\/wp-content\/uploads\/2023\/05\/plomien-albion-1.jpg 413w, https:\/\/aflamo.shop\/wp-content\/uploads\/2023\/05\/plomien-albion-1-300x105.jpg 300w\" sizes=\"(max-width: 413px) 100vw, 413px\" \/><\/p>\n<h3><\/h3>\n<h3><\/h3>\n<p>&nbsp;<\/p>\n<p>&nbsp;<\/p>\n<h3 style=\"text-align: left;\"><strong>lecho de brasas<img decoding=\"async\" class=\"alignright wp-image-4272 size-full\" src=\"https:\/\/aflamo.shop\/wp-content\/uploads\/2023\/05\/albion_polana-1.jpg\" alt=\"\" width=\"400\" height=\"133\" srcset=\"https:\/\/aflamo.shop\/wp-content\/uploads\/2023\/05\/albion_polana-1.jpg 400w, https:\/\/aflamo.shop\/wp-content\/uploads\/2023\/05\/albion_polana-1-300x100.jpg 300w\" sizes=\"(max-width: 400px) 100vw, 400px\" \/><\/strong><\/h3>\n<p>1 hogar: troncos<\/p>\n<p style=\"text-align: left;\"><span class=\"digit\">\u00a0<\/span><\/p>\n<h3><\/h3>\n<h3><strong>Calefacci\u00f3n<\/strong><\/h3>\n<ul>\n<li>La calefacci\u00f3n es independiente de la llama. Puedes encenderlo y apagarlo en cualquier momento.<\/li>\n<li>2 niveles de calefacci\u00f3n :750\/1500 W<\/li>\n<li>sensor ventana abierta se apagar\u00e1 el calentamiento cuando se detecta una ca\u00edda repentina de la temperatura.<\/li>\n<\/ul>\n<h3><\/h3>\n<h3 style=\"text-align: left;\"><strong>Comodidad y conveniencia<\/strong><\/h3>\n<p style=\"text-align: left;\">Una chimenea el\u00e9ctrica es, ante todo, relajaci\u00f3n.<\/p>\n<div class=\"feature\">\n<ul style=\"text-align: left;\">\n<li>La chimenea se controla con un mando a distancia.<\/li>\n<li>No se requiere ventilaci\u00f3n adicional. Usted no tiene que ventilar las habitaciones y dejar en el fr\u00edo o aire h\u00famedo. Usted no tiene que abrir las ventanas y dejar entrar el ruido exterior.<\/li>\n<li>El temporizador\/temporizador de apagado apagar\u00e1 autom\u00e1ticamente la chimenea. Te pones y te olvidas.<\/li>\n<\/ul>\n<p>&nbsp;<\/p>\n<h3>Datos t\u00e9cnicos<\/h3>\n<\/div>\n<p>&nbsp;<\/p>\n<table width=\"548\" cellspacing=\"0\" cellpadding=\"2\">\n<colgroup>\n<col width=\"216\" \/>\n<col width=\"324\" \/><\/colgroup>\n<tbody>\n<tr>\n<td width=\"216\">\n<table width=\"548\" cellspacing=\"0\" cellpadding=\"2\">\n<colgroup>\n<col width=\"216\" \/>\n<col width=\"324\" \/><\/colgroup>\n<tbody>\n<tr>\n<td width=\"216\">M\u00e9todos de montaje<\/td>\n<td width=\"324\">Instalar la chimenea en una pared<\/td>\n<\/tr>\n<tr>\n<td width=\"216\">Caracter\u00edstica \u00fanica<\/td>\n<td width=\"324\">El panel frontal est\u00e1 hecha de vidrio.<\/td>\n<\/tr>\n<tr>\n<td width=\"216\">efecto llama<\/td>\n<td width=\"324\">LED<\/td>\n<\/tr>\n<tr>\n<td width=\"216\">Aplicaci\u00f3n movil<\/td>\n<td width=\"324\">no<\/td>\n<\/tr>\n<tr>\n<td width=\"216\">Control remoto<\/td>\n<td width=\"324\">si<\/td>\n<\/tr>\n<tr>\n<td width=\"216\">Color \/ acabado<\/td>\n<td width=\"324\">metal, vidrio, negro<\/td>\n<\/tr>\n<tr>\n<td width=\"216\">Interruptor de tiempo (temporizador)<\/td>\n<td width=\"324\">si<\/td>\n<\/tr>\n<tr>\n<td width=\"216\">Temporizador semanal<\/td>\n<td width=\"324\">no<\/td>\n<\/tr>\n<tr>\n<td width=\"216\">Funci\u00f3n de calefacci\u00f3n<\/td>\n<td width=\"324\">si<\/td>\n<\/tr>\n<tr>\n<td width=\"216\">Llama independiente de la funci\u00f3n de calefacci\u00f3n<\/td>\n<td width=\"324\">si<\/td>\n<\/tr>\n<tr>\n<td width=\"216\">Poder de calefacci\u00f3n<\/td>\n<td width=\"324\">750\/1500 W<\/td>\n<\/tr>\n<tr>\n<td width=\"216\">Regulaci\u00f3n de la temperatura<\/td>\n<td width=\"324\">da 18 a 30\u00b0 C<\/td>\n<\/tr>\n<tr>\n<td width=\"216\">protecci\u00f3n contra sobrecalentamiento<\/td>\n<td width=\"324\">si<\/td>\n<\/tr>\n<tr>\n<td width=\"216\">Termostato<\/td>\n<td width=\"324\">si<\/td>\n<\/tr>\n<tr>\n<td width=\"216\">Colores de llama:<\/p>\n<p>&nbsp;<\/p>\n<p>lecho de brasas:<\/td>\n<td width=\"324\"><span class=\"digit\">1<\/span> color<br \/>\nhogares incluidos: troncos.<\/td>\n<\/tr>\n<tr>\n<td width=\"216\">Garantizar<\/td>\n<td width=\"324\">2 a\u00f1os<\/td>\n<\/tr>\n<tr>\n<td width=\"216\">Longitud del cable de alimentaci\u00f3n<\/td>\n<td width=\"324\">1,8 m<\/td>\n<\/tr>\n<tr>\n<td width=\"216\">Tensi\u00f3n<\/td>\n<td width=\"324\">220 V<\/td>\n<\/tr>\n<\/tbody>\n<\/table>\n<\/td>\n<\/tr>\n<\/tbody>\n<\/table>\n<div class=\"feature\">\n<ul><strong><\/p>\n<p><a href=\"https:\/\/aflamo.shop\/wp-content\/uploads\/2023\/09\/Aflamo-ALBION-EN-PL-DE-IT-ES-FR-CS-SK-NL-4.pdf\">Manual de usuario e informaci\u00f3n de seguridad importante.<\/a><\/p>\n<p><\/strong><\/ul>\n<p style=\"text-align: left;\">Dibujos tecnicos<\/p>\n<p>Albion 33<\/p>\n<p><img loading=\"lazy\" decoding=\"async\" class=\"alignnone wp-image-4348 size-full\" src=\"https:\/\/aflamo.shop\/wp-content\/uploads\/2023\/05\/albion-33-bialy-4.jpg\" alt=\"\" width=\"924\" height=\"605\" srcset=\"https:\/\/aflamo.shop\/wp-content\/uploads\/2023\/05\/albion-33-bialy-4.jpg 924w, https:\/\/aflamo.shop\/wp-content\/uploads\/2023\/05\/albion-33-bialy-4-600x393.jpg 600w, https:\/\/aflamo.shop\/wp-content\/uploads\/2023\/05\/albion-33-bialy-4-300x196.jpg 300w, https:\/\/aflamo.shop\/wp-content\/uploads\/2023\/05\/albion-33-bialy-4-768x503.jpg 768w\" sizes=\"(max-width: 924px) 100vw, 924px\" \/><\/p>\n<p>Albion 36<\/p>\n<p>&nbsp;<\/p>\n<p><img loading=\"lazy\" decoding=\"async\" class=\"alignnone wp-image-4290 size-full\" src=\"https:\/\/aflamo.shop\/wp-content\/uploads\/2023\/05\/Albion_36.png\" alt=\"\" width=\"1424\" height=\"791\" srcset=\"https:\/\/aflamo.shop\/wp-content\/uploads\/2023\/05\/Albion_36.png 1424w, https:\/\/aflamo.shop\/wp-content\/uploads\/2023\/05\/Albion_36-600x333.png 600w, https:\/\/aflamo.shop\/wp-content\/uploads\/2023\/05\/Albion_36-300x167.png 300w, https:\/\/aflamo.shop\/wp-content\/uploads\/2023\/05\/Albion_36-1024x569.png 1024w, https:\/\/aflamo.shop\/wp-content\/uploads\/2023\/05\/Albion_36-768x427.png 768w\" sizes=\"(max-width: 1424px) 100vw, 1424px\" \/><\/p>\n<p>&nbsp;<\/p>\n<p>Albion 42<\/p>\n<p><img loading=\"lazy\" decoding=\"async\" class=\"alignnone wp-image-4278 size-full\" src=\"https:\/\/aflamo.shop\/wp-content\/uploads\/2023\/05\/Albion_42.png\" alt=\"\" width=\"1431\" height=\"865\" srcset=\"https:\/\/aflamo.shop\/wp-content\/uploads\/2023\/05\/Albion_42.png 1431w, https:\/\/aflamo.shop\/wp-content\/uploads\/2023\/05\/Albion_42-600x363.png 600w, https:\/\/aflamo.shop\/wp-content\/uploads\/2023\/05\/Albion_42-300x181.png 300w, https:\/\/aflamo.shop\/wp-content\/uploads\/2023\/05\/Albion_42-1024x619.png 1024w, https:\/\/aflamo.shop\/wp-content\/uploads\/2023\/05\/Albion_42-768x464.png 768w\" sizes=\"(max-width: 1431px) 100vw, 1431px\" \/><\/p>\n<p>&nbsp;<\/p>\n<\/div>\n<p>&nbsp;<\/p>\n<p>Albion 50<\/p>\n<p><img loading=\"lazy\" decoding=\"async\" class=\"alignnone wp-image-4284 size-full\" src=\"https:\/\/aflamo.shop\/wp-content\/uploads\/2023\/05\/Albion_50.png\" alt=\"\" width=\"1048\" height=\"574\" srcset=\"https:\/\/aflamo.shop\/wp-content\/uploads\/2023\/05\/Albion_50.png 1048w, https:\/\/aflamo.shop\/wp-content\/uploads\/2023\/05\/Albion_50-600x329.png 600w, https:\/\/aflamo.shop\/wp-content\/uploads\/2023\/05\/Albion_50-300x164.png 300w, https:\/\/aflamo.shop\/wp-content\/uploads\/2023\/05\/Albion_50-1024x561.png 1024w, https:\/\/aflamo.shop\/wp-content\/uploads\/2023\/05\/Albion_50-768x421.png 768w\" sizes=\"(max-width: 1048px) 100vw, 1048px\" \/><\/p>\n<p>&nbsp;<\/p>\n<p>&nbsp;<\/p>\n<p>&nbsp;<\/p>\n<p>&nbsp;<\/p>\n","protected":false},"excerpt":{"rendered":"<p>Productor:Aflamo<\/p>\n<p>GETIN:5908283560424<\/p>\n<p>para colgar en la pared, con funci\u00f3n de calefacci\u00f3n<\/p>\n<p><b>Dimensiones:<\/b> 110 x 49 x 14   cm<\/p>\n","protected":false},"featured_media":11208,"comment_status":"closed","ping_status":"closed","template":"","meta":[],"product_brand":[],"product_cat":[678,190,198,669],"product_tag":[],"class_list":{"0":"post-9544","1":"product","2":"type-product","3":"status-publish","4":"has-post-thumbnail","6":"product_cat-aflamo","7":"product_cat-chimeneas-electricas","8":"product_cat-chimeneas-electricas-led-con-funcion-de-calefaccion","9":"product_cat-chimeneas-electricas-led-de-pared","11":"first","12":"instock","13":"shipping-taxable","14":"purchasable","15":"product-type-simple"},"yoast_head":"<!-- This site is optimized with the Yoast SEO plugin v27.1.1 - https:\/\/yoast.com\/product\/yoast-seo-wordpress\/ -->\n<title>Chimenea el\u00e9ctrica LED Aflamo Albion 42 - chimenea el\u00e9ctrica LED de pared - aflamo.shop - distribuidor certificado de aflamo<\/title>\n<meta name=\"description\" content=\"Chimenea de pared Albion: decoraci\u00f3n y comodidad en uno. Calefacci\u00f3n de dos niveles, termostato, control remoto, ajuste de brillo y color de la llama.\" \/>\n<meta name=\"robots\" content=\"index, follow, max-snippet:-1, max-image-preview:large, max-video-preview:-1\" \/>\n<link rel=\"canonical\" href=\"https:\/\/aflamo.shop\/es\/p\/chimenea-electrica-led-aflamo-albion-42-de-pared\/\" \/>\n<meta property=\"og:locale\" content=\"es_ES\" \/>\n<meta property=\"og:type\" content=\"article\" \/>\n<meta property=\"og:title\" content=\"Chimenea el\u00e9ctrica LED Aflamo Albion 42 - chimenea el\u00e9ctrica LED de pared - aflamo.shop - distribuidor certificado de aflamo\" \/>\n<meta property=\"og:description\" content=\"Chimenea de pared Albion: decoraci\u00f3n y comodidad en uno. Calefacci\u00f3n de dos niveles, termostato, control remoto, ajuste de brillo y color de la llama.\" \/>\n<meta property=\"og:url\" content=\"https:\/\/aflamo.shop\/es\/p\/chimenea-electrica-led-aflamo-albion-42-de-pared\/\" \/>\n<meta property=\"og:site_name\" content=\"aflamo.shop - distribuidor certificado de aflamo\" \/>\n<meta property=\"article:modified_time\" content=\"2026-03-10T10:19:22+00:00\" \/>\n<meta property=\"og:image\" content=\"https:\/\/aflamo.shop\/wp-content\/uploads\/2023\/09\/albion-95-czarny_sq.jpg\" \/>\n\t<meta property=\"og:image:width\" content=\"2248\" \/>\n\t<meta property=\"og:image:height\" content=\"2248\" \/>\n\t<meta property=\"og:image:type\" content=\"image\/jpeg\" \/>\n<meta name=\"twitter:card\" content=\"summary_large_image\" \/>\n<meta name=\"twitter:label1\" content=\"Tiempo de lectura\" \/>\n\t<meta name=\"twitter:data1\" content=\"4 minutos\" \/>\n<script type=\"application\/ld+json\" class=\"yoast-schema-graph\">{\"@context\":\"https:\/\/schema.org\",\"@graph\":[{\"@type\":\"WebPage\",\"@id\":\"https:\/\/aflamo.shop\/es\/p\/chimenea-electrica-led-aflamo-albion-42-de-pared\/\",\"url\":\"https:\/\/aflamo.shop\/es\/p\/chimenea-electrica-led-aflamo-albion-42-de-pared\/\",\"name\":\"Chimenea el\u00e9ctrica LED Aflamo Albion 42 - chimenea el\u00e9ctrica LED de pared - aflamo.shop - distribuidor certificado de aflamo\",\"isPartOf\":{\"@id\":\"https:\/\/aflamo.shop\/es\/#website\"},\"primaryImageOfPage\":{\"@id\":\"https:\/\/aflamo.shop\/es\/p\/chimenea-electrica-led-aflamo-albion-42-de-pared\/#primaryimage\"},\"image\":{\"@id\":\"https:\/\/aflamo.shop\/es\/p\/chimenea-electrica-led-aflamo-albion-42-de-pared\/#primaryimage\"},\"thumbnailUrl\":\"https:\/\/aflamo.shop\/wp-content\/uploads\/2023\/09\/albion-95-czarny_sq.jpg\",\"datePublished\":\"2023-09-18T08:05:32+00:00\",\"dateModified\":\"2026-03-10T10:19:22+00:00\",\"description\":\"Chimenea de pared Albion: decoraci\u00f3n y comodidad en uno. Calefacci\u00f3n de dos niveles, termostato, control remoto, ajuste de brillo y color de la llama.\",\"breadcrumb\":{\"@id\":\"https:\/\/aflamo.shop\/es\/p\/chimenea-electrica-led-aflamo-albion-42-de-pared\/#breadcrumb\"},\"inLanguage\":\"es\",\"potentialAction\":[{\"@type\":\"ReadAction\",\"target\":[\"https:\/\/aflamo.shop\/es\/p\/chimenea-electrica-led-aflamo-albion-42-de-pared\/\"]}]},{\"@type\":\"ImageObject\",\"inLanguage\":\"es\",\"@id\":\"https:\/\/aflamo.shop\/es\/p\/chimenea-electrica-led-aflamo-albion-42-de-pared\/#primaryimage\",\"url\":\"https:\/\/aflamo.shop\/wp-content\/uploads\/2023\/09\/albion-95-czarny_sq.jpg\",\"contentUrl\":\"https:\/\/aflamo.shop\/wp-content\/uploads\/2023\/09\/albion-95-czarny_sq.jpg\",\"width\":2248,\"height\":2248},{\"@type\":\"BreadcrumbList\",\"@id\":\"https:\/\/aflamo.shop\/es\/p\/chimenea-electrica-led-aflamo-albion-42-de-pared\/#breadcrumb\",\"itemListElement\":[{\"@type\":\"ListItem\",\"position\":1,\"name\":\"P\u00e1gina principal\",\"item\":\"https:\/\/aflamo.shop\/es\/\"},{\"@type\":\"ListItem\",\"position\":2,\"name\":\"Tienda\",\"item\":\"https:\/\/aflamo.shop\/tienda\/\"},{\"@type\":\"ListItem\",\"position\":3,\"name\":\"Chimeneas el\u00e9ctricas\",\"item\":\"https:\/\/aflamo.shop\/es\/s\/chimeneas-electricas\/\"},{\"@type\":\"ListItem\",\"position\":4,\"name\":\"Chimeneas el\u00e9ctricas LED con funci\u00f3n de calefacci\u00f3n\",\"item\":\"https:\/\/aflamo.shop\/es\/s\/chimeneas-electricas\/chimeneas-electricas-led-con-funcion-de-calefaccion\/\"},{\"@type\":\"ListItem\",\"position\":5,\"name\":\"Chimenea el\u00e9ctrica LED Aflamo Albion 42 &#8211; chimenea el\u00e9ctrica LED de pared\"}]},{\"@type\":\"WebSite\",\"@id\":\"https:\/\/aflamo.shop\/es\/#website\",\"url\":\"https:\/\/aflamo.shop\/es\/\",\"name\":\"aflamo.shop - distribuidor certificado de aflamo\",\"description\":\"Kominki elektryczne Aflamo i Emotion Flame z funkcj\u0105 grzania\",\"publisher\":{\"@id\":\"https:\/\/aflamo.shop\/es\/#organization\"},\"potentialAction\":[{\"@type\":\"SearchAction\",\"target\":{\"@type\":\"EntryPoint\",\"urlTemplate\":\"https:\/\/aflamo.shop\/es\/?s={search_term_string}\"},\"query-input\":{\"@type\":\"PropertyValueSpecification\",\"valueRequired\":true,\"valueName\":\"search_term_string\"}}],\"inLanguage\":\"es\"},{\"@type\":\"Organization\",\"@id\":\"https:\/\/aflamo.shop\/es\/#organization\",\"name\":\"aflamo.shop - distribuidor certificado de aflamo\",\"url\":\"https:\/\/aflamo.shop\/es\/\",\"logo\":{\"@type\":\"ImageObject\",\"inLanguage\":\"es\",\"@id\":\"https:\/\/aflamo.shop\/es\/#\/schema\/logo\/image\/\",\"url\":\"https:\/\/aflamo.shop\/wp-content\/uploads\/2019\/10\/logo2.1-1-1.svg\",\"contentUrl\":\"https:\/\/aflamo.shop\/wp-content\/uploads\/2019\/10\/logo2.1-1-1.svg\",\"caption\":\"aflamo.shop - distribuidor certificado de aflamo\"},\"image\":{\"@id\":\"https:\/\/aflamo.shop\/es\/#\/schema\/logo\/image\/\"}}]}<\/script>\n<!-- \/ Yoast SEO plugin. -->","yoast_head_json":{"title":"Chimenea el\u00e9ctrica LED Aflamo Albion 42 - chimenea el\u00e9ctrica LED de pared - aflamo.shop - distribuidor certificado de aflamo","description":"Chimenea de pared Albion: decoraci\u00f3n y comodidad en uno. Calefacci\u00f3n de dos niveles, termostato, control remoto, ajuste de brillo y color de la llama.","robots":{"index":"index","follow":"follow","max-snippet":"max-snippet:-1","max-image-preview":"max-image-preview:large","max-video-preview":"max-video-preview:-1"},"canonical":"https:\/\/aflamo.shop\/es\/p\/chimenea-electrica-led-aflamo-albion-42-de-pared\/","og_locale":"es_ES","og_type":"article","og_title":"Chimenea el\u00e9ctrica LED Aflamo Albion 42 - chimenea el\u00e9ctrica LED de pared - aflamo.shop - distribuidor certificado de aflamo","og_description":"Chimenea de pared Albion: decoraci\u00f3n y comodidad en uno. Calefacci\u00f3n de dos niveles, termostato, control remoto, ajuste de brillo y color de la llama.","og_url":"https:\/\/aflamo.shop\/es\/p\/chimenea-electrica-led-aflamo-albion-42-de-pared\/","og_site_name":"aflamo.shop - distribuidor certificado de aflamo","article_modified_time":"2026-03-10T10:19:22+00:00","og_image":[{"width":2248,"height":2248,"url":"https:\/\/aflamo.shop\/wp-content\/uploads\/2023\/09\/albion-95-czarny_sq.jpg","type":"image\/jpeg"}],"twitter_card":"summary_large_image","twitter_misc":{"Tiempo de lectura":"4 minutos"},"schema":{"@context":"https:\/\/schema.org","@graph":[{"@type":"WebPage","@id":"https:\/\/aflamo.shop\/es\/p\/chimenea-electrica-led-aflamo-albion-42-de-pared\/","url":"https:\/\/aflamo.shop\/es\/p\/chimenea-electrica-led-aflamo-albion-42-de-pared\/","name":"Chimenea el\u00e9ctrica LED Aflamo Albion 42 - chimenea el\u00e9ctrica LED de pared - aflamo.shop - distribuidor certificado de aflamo","isPartOf":{"@id":"https:\/\/aflamo.shop\/es\/#website"},"primaryImageOfPage":{"@id":"https:\/\/aflamo.shop\/es\/p\/chimenea-electrica-led-aflamo-albion-42-de-pared\/#primaryimage"},"image":{"@id":"https:\/\/aflamo.shop\/es\/p\/chimenea-electrica-led-aflamo-albion-42-de-pared\/#primaryimage"},"thumbnailUrl":"https:\/\/aflamo.shop\/wp-content\/uploads\/2023\/09\/albion-95-czarny_sq.jpg","datePublished":"2023-09-18T08:05:32+00:00","dateModified":"2026-03-10T10:19:22+00:00","description":"Chimenea de pared Albion: decoraci\u00f3n y comodidad en uno. Calefacci\u00f3n de dos niveles, termostato, control remoto, ajuste de brillo y color de la llama.","breadcrumb":{"@id":"https:\/\/aflamo.shop\/es\/p\/chimenea-electrica-led-aflamo-albion-42-de-pared\/#breadcrumb"},"inLanguage":"es","potentialAction":[{"@type":"ReadAction","target":["https:\/\/aflamo.shop\/es\/p\/chimenea-electrica-led-aflamo-albion-42-de-pared\/"]}]},{"@type":"ImageObject","inLanguage":"es","@id":"https:\/\/aflamo.shop\/es\/p\/chimenea-electrica-led-aflamo-albion-42-de-pared\/#primaryimage","url":"https:\/\/aflamo.shop\/wp-content\/uploads\/2023\/09\/albion-95-czarny_sq.jpg","contentUrl":"https:\/\/aflamo.shop\/wp-content\/uploads\/2023\/09\/albion-95-czarny_sq.jpg","width":2248,"height":2248},{"@type":"BreadcrumbList","@id":"https:\/\/aflamo.shop\/es\/p\/chimenea-electrica-led-aflamo-albion-42-de-pared\/#breadcrumb","itemListElement":[{"@type":"ListItem","position":1,"name":"P\u00e1gina principal","item":"https:\/\/aflamo.shop\/es\/"},{"@type":"ListItem","position":2,"name":"Tienda","item":"https:\/\/aflamo.shop\/tienda\/"},{"@type":"ListItem","position":3,"name":"Chimeneas el\u00e9ctricas","item":"https:\/\/aflamo.shop\/es\/s\/chimeneas-electricas\/"},{"@type":"ListItem","position":4,"name":"Chimeneas el\u00e9ctricas LED con funci\u00f3n de calefacci\u00f3n","item":"https:\/\/aflamo.shop\/es\/s\/chimeneas-electricas\/chimeneas-electricas-led-con-funcion-de-calefaccion\/"},{"@type":"ListItem","position":5,"name":"Chimenea el\u00e9ctrica LED Aflamo Albion 42 &#8211; chimenea el\u00e9ctrica LED de pared"}]},{"@type":"WebSite","@id":"https:\/\/aflamo.shop\/es\/#website","url":"https:\/\/aflamo.shop\/es\/","name":"aflamo.shop - distribuidor certificado de aflamo","description":"Kominki elektryczne Aflamo i Emotion Flame z funkcj\u0105 grzania","publisher":{"@id":"https:\/\/aflamo.shop\/es\/#organization"},"potentialAction":[{"@type":"SearchAction","target":{"@type":"EntryPoint","urlTemplate":"https:\/\/aflamo.shop\/es\/?s={search_term_string}"},"query-input":{"@type":"PropertyValueSpecification","valueRequired":true,"valueName":"search_term_string"}}],"inLanguage":"es"},{"@type":"Organization","@id":"https:\/\/aflamo.shop\/es\/#organization","name":"aflamo.shop - distribuidor certificado de aflamo","url":"https:\/\/aflamo.shop\/es\/","logo":{"@type":"ImageObject","inLanguage":"es","@id":"https:\/\/aflamo.shop\/es\/#\/schema\/logo\/image\/","url":"https:\/\/aflamo.shop\/wp-content\/uploads\/2019\/10\/logo2.1-1-1.svg","contentUrl":"https:\/\/aflamo.shop\/wp-content\/uploads\/2019\/10\/logo2.1-1-1.svg","caption":"aflamo.shop - distribuidor certificado de aflamo"},"image":{"@id":"https:\/\/aflamo.shop\/es\/#\/schema\/logo\/image\/"}}]}},"_links":{"self":[{"href":"https:\/\/aflamo.shop\/es\/wp-json\/wp\/v2\/product\/9544","targetHints":{"allow":["GET"]}}],"collection":[{"href":"https:\/\/aflamo.shop\/es\/wp-json\/wp\/v2\/product"}],"about":[{"href":"https:\/\/aflamo.shop\/es\/wp-json\/wp\/v2\/types\/product"}],"replies":[{"embeddable":true,"href":"https:\/\/aflamo.shop\/es\/wp-json\/wp\/v2\/comments?post=9544"}],"wp:featuredmedia":[{"embeddable":true,"href":"https:\/\/aflamo.shop\/es\/wp-json\/wp\/v2\/media\/11208"}],"wp:attachment":[{"href":"https:\/\/aflamo.shop\/es\/wp-json\/wp\/v2\/media?parent=9544"}],"wp:term":[{"taxonomy":"product_brand","embeddable":true,"href":"https:\/\/aflamo.shop\/es\/wp-json\/wp\/v2\/product_brand?post=9544"},{"taxonomy":"product_cat","embeddable":true,"href":"https:\/\/aflamo.shop\/es\/wp-json\/wp\/v2\/product_cat?post=9544"},{"taxonomy":"product_tag","embeddable":true,"href":"https:\/\/aflamo.shop\/es\/wp-json\/wp\/v2\/product_tag?post=9544"}],"curies":[{"name":"wp","href":"https:\/\/api.w.org\/{rel}","templated":true}]}}