{"id":9409,"date":"2023-09-18T06:47:23","date_gmt":"2023-09-18T06:47:23","guid":{"rendered":"https:\/\/aflamo.shop\/?post_type=product&#038;p=9409"},"modified":"2026-03-10T10:39:52","modified_gmt":"2026-03-10T10:39:52","slug":"chimenea-electrica-led-aflamo-pride-b-140-de-pared-empotrada-sin-funcion-de-calefaccion","status":"publish","type":"product","link":"https:\/\/aflamo.shop\/es\/p\/chimenea-electrica-led-aflamo-pride-b-140-de-pared-empotrada-sin-funcion-de-calefaccion\/","title":{"rendered":"Aflamo Pride B 140 &#8211; Chimenea el\u00e9ctrica LED de pared\/empotrada sin funci\u00f3n de calefacci\u00f3n"},"content":{"rendered":"<p><iframe title=\"YouTube video player\" src=\"https:\/\/www.youtube.com\/embed\/voY5_e4aL_4\" width=\"560\" height=\"315\" frameborder=\"0\" allowfullscreen=\"allowfullscreen\"><\/iframe><\/p>\n<h1><strong>Pride B<\/strong><\/h1>\n<p>La chimenea el\u00e9ctrica de pared LED Pride B sin funci\u00f3n de calefacci\u00f3n es la quintaesencia del dise\u00f1o moderno, aportando al interior elegancia y la atm\u00f3sfera de una aut\u00e9ntica fogata. Gracias a sus marcos sim\u00e9tricos, la chimenea encaja armoniosamente en cualquier estancia, d\u00e1ndole un car\u00e1cter \u00fanico, lleno de paz y estilo.<\/p>\n<p><strong>Caracter\u00edsticas de la chimenea:<\/strong><\/p>\n<h2>Llama:<\/h2>\n<p>La chimenea cuenta con:<\/p>\n<ul>\n<li><strong>3 colores de llama<\/strong>,<\/li>\n<li><strong>5 niveles de brillo<\/strong>,<\/li>\n<li><strong>4 velocidades de llama<\/strong>, lo que te permite un control total sobre el efecto visual.<\/li>\n<\/ul>\n<p><img fetchpriority=\"high\" decoding=\"async\" class=\"aligncenter\" src=\"https:\/\/aflamo.shop\/wp-content\/uploads\/2023\/08\/flames_unique-nh.jpg\" alt=\"Llama de la chimenea Pride B\" width=\"506\" height=\"531\" \/><\/p>\n<h2>Hogar:<\/h2>\n<p>El conjunto incluye <strong>3 tipos de hogar<\/strong>: troncos, cristales y piedras, lo que te permite elegir el aspecto que mejor se adapte a tu interior.<\/p>\n<p><img decoding=\"async\" class=\"aligncenter\" src=\"https:\/\/aflamo.shop\/wp-content\/uploads\/2023\/05\/palenisko-majestic.png\" alt=\"Hogar de la chimenea Pride B\" width=\"515\" height=\"538\" \/><\/p>\n<h2>Instalaci\u00f3n:<\/h2>\n<p>La chimenea Pride B ofrece flexibilidad en su instalaci\u00f3n: se puede montar de tres maneras diferentes:<\/p>\n<ul>\n<li>en la pared,<\/li>\n<li>parcialmente empotrada en la pared,<\/li>\n<li>totalmente empotrada en la pared.<\/li>\n<\/ul>\n<h2>Comodidad y conveniencia:<\/h2>\n<p>Pride B es la soluci\u00f3n perfecta para quienes valoran la relajaci\u00f3n. Gracias a su dise\u00f1o el\u00e9ctrico, la chimenea no requiere ventilaci\u00f3n adicional, lo que elimina la necesidad de abrir ventanas y dejar entrar el ruido del exterior. Con el mando a distancia, el control de la chimenea es r\u00e1pido y c\u00f3modo.<\/p>\n<p>En resumen, <strong>la chimenea Pride B<\/strong> es una combinaci\u00f3n de elegancia, modernidad y comodidad. Los tres colores de llama, las cuatro velocidades y los cinco niveles de brillo permiten una total personalizaci\u00f3n, y la variedad de hogares garantiza que la chimenea se adapte a cualquier interior. Es la opci\u00f3n ideal para aquellos que desean disfrutar de los encantos del fuego sin la necesidad de instalar una chimenea tradicional.<\/p>\n<ul><strong><\/p>\n<p><a href=\"https:\/\/aflamo.shop\/wp-content\/uploads\/2023\/09\/Pride_EN-PL-DE-IT-ES-FR-CS-SK-NL-5-1.pdf\">Manual de usuario y seguridad<\/a><\/p>\n<p><\/strong><\/ul>\n<h3>Dibujos t\u00e9cnicos:<\/h3>\n<p><strong>Pride B 140<\/strong><br \/>\n<img decoding=\"async\" class=\"alignnone\" src=\"https:\/\/aflamo.shop\/wp-content\/uploads\/2023\/05\/Pride_B140-1.png\" alt=\"Pride B 140\" width=\"885\" height=\"504\" \/><\/p>\n<p><strong>Pride B 166<\/strong><br \/>\n<img loading=\"lazy\" decoding=\"async\" class=\"alignnone\" src=\"https:\/\/aflamo.shop\/wp-content\/uploads\/2023\/05\/Pride_B166-1.png\" alt=\"Pride B 166\" width=\"873\" height=\"460\" \/><\/p>\n<p><strong>Pride B 176<\/strong><br \/>\n<img loading=\"lazy\" decoding=\"async\" class=\"alignnone\" src=\"https:\/\/aflamo.shop\/wp-content\/uploads\/2023\/05\/Pride_B178-1.png\" alt=\"Pride B 176\" width=\"824\" height=\"431\" \/><\/p>\n<p>&nbsp;<\/p>\n","protected":false},"excerpt":{"rendered":"<p>Productor:Aflamo<\/p>\n<p>GETIN:5908283561742<\/p>\n<p>Chimenea el\u00e9ctrica empotrada\/de pared, sin funci\u00f3n de calefacci\u00f3n<\/p>\n<ul>\n<b>Modelo:<\/b><\/p>\n<ul>\n<li><a href=\"https:\/\/aflamo.shop\/es\/p\/chimenea-electrica-led-aflamo-pride-b-140-de-pared-empotrada-sin-funcion-de-calefaccion\/\">140<\/a><\/li>\n<li><a href=\"https:\/\/aflamo.shop\/es\/p\/chimenea-electrica-led-aflamo-pride-b-166-de-pared-empotrada-sin-funcion-de-calefaccion\/\">166<\/a><\/li>\n<li><a href=\"https:\/\/aflamo.shop\/es\/p\/chimenea-electrica-led-aflamo-pride-b-178-de-pared-empotrada-sin-funcion-de-calefaccion\/\">178<\/a><\/li>\n<\/ul>\n<p><b>Dimensiones:<\/b> 140 x 55 x 13 cm<\/p>\n","protected":false},"featured_media":3838,"comment_status":"open","ping_status":"closed","template":"","meta":[],"product_brand":[],"product_cat":[678,190,669,193,192,199],"product_tag":[],"class_list":{"0":"post-9409","1":"product","2":"type-product","3":"status-publish","4":"has-post-thumbnail","6":"product_cat-aflamo","7":"product_cat-chimeneas-electricas","8":"product_cat-chimeneas-electricas-led-de-pared","9":"product_cat-chimeneas-led-empotradas","10":"product_cat-chimeneas-led-sin-calefaccion","11":"product_cat-insertos-electricos-led","13":"first","14":"instock","15":"shipping-taxable","16":"purchasable","17":"product-type-simple"},"yoast_head":"<!-- This site is optimized with the Yoast SEO plugin v27.1.1 - https:\/\/yoast.com\/product\/yoast-seo-wordpress\/ -->\n<title>Aflamo Pride B 140 - Chimenea el\u00e9ctrica LED de pared\/empotrada sin funci\u00f3n de calefacci\u00f3n - aflamo.shop - distribuidor certificado de aflamo<\/title>\n<meta name=\"description\" content=\"Chimenea Pride B \u2013 elegancia y modernidad. Ajuste del color, brillo y velocidad de la llama, diferentes cajas de fuego, perfectas para cualquier interior.\" \/>\n<meta name=\"robots\" content=\"index, follow, max-snippet:-1, max-image-preview:large, max-video-preview:-1\" \/>\n<link rel=\"canonical\" href=\"https:\/\/aflamo.shop\/es\/p\/chimenea-electrica-led-aflamo-pride-b-140-de-pared-empotrada-sin-funcion-de-calefaccion\/\" \/>\n<meta property=\"og:locale\" content=\"es_ES\" \/>\n<meta property=\"og:type\" content=\"article\" \/>\n<meta property=\"og:title\" content=\"Aflamo Pride B 140 - Chimenea el\u00e9ctrica LED de pared\/empotrada sin funci\u00f3n de calefacci\u00f3n - aflamo.shop - distribuidor certificado de aflamo\" \/>\n<meta property=\"og:description\" content=\"Chimenea Pride B \u2013 elegancia y modernidad. Ajuste del color, brillo y velocidad de la llama, diferentes cajas de fuego, perfectas para cualquier interior.\" \/>\n<meta property=\"og:url\" content=\"https:\/\/aflamo.shop\/es\/p\/chimenea-electrica-led-aflamo-pride-b-140-de-pared-empotrada-sin-funcion-de-calefaccion\/\" \/>\n<meta property=\"og:site_name\" content=\"aflamo.shop - distribuidor certificado de aflamo\" \/>\n<meta property=\"article:modified_time\" content=\"2026-03-10T10:39:52+00:00\" \/>\n<meta property=\"og:image\" content=\"https:\/\/aflamo.shop\/wp-content\/uploads\/2023\/05\/pride-b178-5_sq-1.jpg\" \/>\n\t<meta property=\"og:image:width\" content=\"2248\" \/>\n\t<meta property=\"og:image:height\" content=\"2248\" \/>\n\t<meta property=\"og:image:type\" content=\"image\/jpeg\" \/>\n<meta name=\"twitter:card\" content=\"summary_large_image\" \/>\n<meta name=\"twitter:label1\" content=\"Tiempo de lectura\" \/>\n\t<meta name=\"twitter:data1\" content=\"3 minutos\" \/>\n<script type=\"application\/ld+json\" class=\"yoast-schema-graph\">{\"@context\":\"https:\/\/schema.org\",\"@graph\":[{\"@type\":\"WebPage\",\"@id\":\"https:\/\/aflamo.shop\/es\/p\/chimenea-electrica-led-aflamo-pride-b-140-de-pared-empotrada-sin-funcion-de-calefaccion\/\",\"url\":\"https:\/\/aflamo.shop\/es\/p\/chimenea-electrica-led-aflamo-pride-b-140-de-pared-empotrada-sin-funcion-de-calefaccion\/\",\"name\":\"Aflamo Pride B 140 - Chimenea el\u00e9ctrica LED de pared\/empotrada sin funci\u00f3n de calefacci\u00f3n - aflamo.shop - distribuidor certificado de aflamo\",\"isPartOf\":{\"@id\":\"https:\/\/aflamo.shop\/es\/#website\"},\"primaryImageOfPage\":{\"@id\":\"https:\/\/aflamo.shop\/es\/p\/chimenea-electrica-led-aflamo-pride-b-140-de-pared-empotrada-sin-funcion-de-calefaccion\/#primaryimage\"},\"image\":{\"@id\":\"https:\/\/aflamo.shop\/es\/p\/chimenea-electrica-led-aflamo-pride-b-140-de-pared-empotrada-sin-funcion-de-calefaccion\/#primaryimage\"},\"thumbnailUrl\":\"https:\/\/aflamo.shop\/wp-content\/uploads\/2023\/05\/pride-b178-5_sq-1.jpg\",\"datePublished\":\"2023-09-18T06:47:23+00:00\",\"dateModified\":\"2026-03-10T10:39:52+00:00\",\"description\":\"Chimenea Pride B \u2013 elegancia y modernidad. Ajuste del color, brillo y velocidad de la llama, diferentes cajas de fuego, perfectas para cualquier interior.\",\"breadcrumb\":{\"@id\":\"https:\/\/aflamo.shop\/es\/p\/chimenea-electrica-led-aflamo-pride-b-140-de-pared-empotrada-sin-funcion-de-calefaccion\/#breadcrumb\"},\"inLanguage\":\"es\",\"potentialAction\":[{\"@type\":\"ReadAction\",\"target\":[\"https:\/\/aflamo.shop\/es\/p\/chimenea-electrica-led-aflamo-pride-b-140-de-pared-empotrada-sin-funcion-de-calefaccion\/\"]}]},{\"@type\":\"ImageObject\",\"inLanguage\":\"es\",\"@id\":\"https:\/\/aflamo.shop\/es\/p\/chimenea-electrica-led-aflamo-pride-b-140-de-pared-empotrada-sin-funcion-de-calefaccion\/#primaryimage\",\"url\":\"https:\/\/aflamo.shop\/wp-content\/uploads\/2023\/05\/pride-b178-5_sq-1.jpg\",\"contentUrl\":\"https:\/\/aflamo.shop\/wp-content\/uploads\/2023\/05\/pride-b178-5_sq-1.jpg\",\"width\":2248,\"height\":2248},{\"@type\":\"BreadcrumbList\",\"@id\":\"https:\/\/aflamo.shop\/es\/p\/chimenea-electrica-led-aflamo-pride-b-140-de-pared-empotrada-sin-funcion-de-calefaccion\/#breadcrumb\",\"itemListElement\":[{\"@type\":\"ListItem\",\"position\":1,\"name\":\"P\u00e1gina principal\",\"item\":\"https:\/\/aflamo.shop\/es\/\"},{\"@type\":\"ListItem\",\"position\":2,\"name\":\"Tienda\",\"item\":\"https:\/\/aflamo.shop\/tienda\/\"},{\"@type\":\"ListItem\",\"position\":3,\"name\":\"Chimeneas el\u00e9ctricas\",\"item\":\"https:\/\/aflamo.shop\/es\/s\/chimeneas-electricas\/\"},{\"@type\":\"ListItem\",\"position\":4,\"name\":\"Aflamo Pride B 140 &#8211; Chimenea el\u00e9ctrica LED de pared\/empotrada sin funci\u00f3n de calefacci\u00f3n\"}]},{\"@type\":\"WebSite\",\"@id\":\"https:\/\/aflamo.shop\/es\/#website\",\"url\":\"https:\/\/aflamo.shop\/es\/\",\"name\":\"aflamo.shop - distribuidor certificado de aflamo\",\"description\":\"Kominki elektryczne Aflamo i Emotion Flame z funkcj\u0105 grzania\",\"publisher\":{\"@id\":\"https:\/\/aflamo.shop\/es\/#organization\"},\"potentialAction\":[{\"@type\":\"SearchAction\",\"target\":{\"@type\":\"EntryPoint\",\"urlTemplate\":\"https:\/\/aflamo.shop\/es\/?s={search_term_string}\"},\"query-input\":{\"@type\":\"PropertyValueSpecification\",\"valueRequired\":true,\"valueName\":\"search_term_string\"}}],\"inLanguage\":\"es\"},{\"@type\":\"Organization\",\"@id\":\"https:\/\/aflamo.shop\/es\/#organization\",\"name\":\"aflamo.shop - distribuidor certificado de aflamo\",\"url\":\"https:\/\/aflamo.shop\/es\/\",\"logo\":{\"@type\":\"ImageObject\",\"inLanguage\":\"es\",\"@id\":\"https:\/\/aflamo.shop\/es\/#\/schema\/logo\/image\/\",\"url\":\"https:\/\/aflamo.shop\/wp-content\/uploads\/2019\/10\/logo2.1-1-1.svg\",\"contentUrl\":\"https:\/\/aflamo.shop\/wp-content\/uploads\/2019\/10\/logo2.1-1-1.svg\",\"caption\":\"aflamo.shop - distribuidor certificado de aflamo\"},\"image\":{\"@id\":\"https:\/\/aflamo.shop\/es\/#\/schema\/logo\/image\/\"}}]}<\/script>\n<!-- \/ Yoast SEO plugin. -->","yoast_head_json":{"title":"Aflamo Pride B 140 - Chimenea el\u00e9ctrica LED de pared\/empotrada sin funci\u00f3n de calefacci\u00f3n - aflamo.shop - distribuidor certificado de aflamo","description":"Chimenea Pride B \u2013 elegancia y modernidad. Ajuste del color, brillo y velocidad de la llama, diferentes cajas de fuego, perfectas para cualquier interior.","robots":{"index":"index","follow":"follow","max-snippet":"max-snippet:-1","max-image-preview":"max-image-preview:large","max-video-preview":"max-video-preview:-1"},"canonical":"https:\/\/aflamo.shop\/es\/p\/chimenea-electrica-led-aflamo-pride-b-140-de-pared-empotrada-sin-funcion-de-calefaccion\/","og_locale":"es_ES","og_type":"article","og_title":"Aflamo Pride B 140 - Chimenea el\u00e9ctrica LED de pared\/empotrada sin funci\u00f3n de calefacci\u00f3n - aflamo.shop - distribuidor certificado de aflamo","og_description":"Chimenea Pride B \u2013 elegancia y modernidad. Ajuste del color, brillo y velocidad de la llama, diferentes cajas de fuego, perfectas para cualquier interior.","og_url":"https:\/\/aflamo.shop\/es\/p\/chimenea-electrica-led-aflamo-pride-b-140-de-pared-empotrada-sin-funcion-de-calefaccion\/","og_site_name":"aflamo.shop - distribuidor certificado de aflamo","article_modified_time":"2026-03-10T10:39:52+00:00","og_image":[{"width":2248,"height":2248,"url":"https:\/\/aflamo.shop\/wp-content\/uploads\/2023\/05\/pride-b178-5_sq-1.jpg","type":"image\/jpeg"}],"twitter_card":"summary_large_image","twitter_misc":{"Tiempo de lectura":"3 minutos"},"schema":{"@context":"https:\/\/schema.org","@graph":[{"@type":"WebPage","@id":"https:\/\/aflamo.shop\/es\/p\/chimenea-electrica-led-aflamo-pride-b-140-de-pared-empotrada-sin-funcion-de-calefaccion\/","url":"https:\/\/aflamo.shop\/es\/p\/chimenea-electrica-led-aflamo-pride-b-140-de-pared-empotrada-sin-funcion-de-calefaccion\/","name":"Aflamo Pride B 140 - Chimenea el\u00e9ctrica LED de pared\/empotrada sin funci\u00f3n de calefacci\u00f3n - aflamo.shop - distribuidor certificado de aflamo","isPartOf":{"@id":"https:\/\/aflamo.shop\/es\/#website"},"primaryImageOfPage":{"@id":"https:\/\/aflamo.shop\/es\/p\/chimenea-electrica-led-aflamo-pride-b-140-de-pared-empotrada-sin-funcion-de-calefaccion\/#primaryimage"},"image":{"@id":"https:\/\/aflamo.shop\/es\/p\/chimenea-electrica-led-aflamo-pride-b-140-de-pared-empotrada-sin-funcion-de-calefaccion\/#primaryimage"},"thumbnailUrl":"https:\/\/aflamo.shop\/wp-content\/uploads\/2023\/05\/pride-b178-5_sq-1.jpg","datePublished":"2023-09-18T06:47:23+00:00","dateModified":"2026-03-10T10:39:52+00:00","description":"Chimenea Pride B \u2013 elegancia y modernidad. Ajuste del color, brillo y velocidad de la llama, diferentes cajas de fuego, perfectas para cualquier interior.","breadcrumb":{"@id":"https:\/\/aflamo.shop\/es\/p\/chimenea-electrica-led-aflamo-pride-b-140-de-pared-empotrada-sin-funcion-de-calefaccion\/#breadcrumb"},"inLanguage":"es","potentialAction":[{"@type":"ReadAction","target":["https:\/\/aflamo.shop\/es\/p\/chimenea-electrica-led-aflamo-pride-b-140-de-pared-empotrada-sin-funcion-de-calefaccion\/"]}]},{"@type":"ImageObject","inLanguage":"es","@id":"https:\/\/aflamo.shop\/es\/p\/chimenea-electrica-led-aflamo-pride-b-140-de-pared-empotrada-sin-funcion-de-calefaccion\/#primaryimage","url":"https:\/\/aflamo.shop\/wp-content\/uploads\/2023\/05\/pride-b178-5_sq-1.jpg","contentUrl":"https:\/\/aflamo.shop\/wp-content\/uploads\/2023\/05\/pride-b178-5_sq-1.jpg","width":2248,"height":2248},{"@type":"BreadcrumbList","@id":"https:\/\/aflamo.shop\/es\/p\/chimenea-electrica-led-aflamo-pride-b-140-de-pared-empotrada-sin-funcion-de-calefaccion\/#breadcrumb","itemListElement":[{"@type":"ListItem","position":1,"name":"P\u00e1gina principal","item":"https:\/\/aflamo.shop\/es\/"},{"@type":"ListItem","position":2,"name":"Tienda","item":"https:\/\/aflamo.shop\/tienda\/"},{"@type":"ListItem","position":3,"name":"Chimeneas el\u00e9ctricas","item":"https:\/\/aflamo.shop\/es\/s\/chimeneas-electricas\/"},{"@type":"ListItem","position":4,"name":"Aflamo Pride B 140 &#8211; Chimenea el\u00e9ctrica LED de pared\/empotrada sin funci\u00f3n de calefacci\u00f3n"}]},{"@type":"WebSite","@id":"https:\/\/aflamo.shop\/es\/#website","url":"https:\/\/aflamo.shop\/es\/","name":"aflamo.shop - distribuidor certificado de aflamo","description":"Kominki elektryczne Aflamo i Emotion Flame z funkcj\u0105 grzania","publisher":{"@id":"https:\/\/aflamo.shop\/es\/#organization"},"potentialAction":[{"@type":"SearchAction","target":{"@type":"EntryPoint","urlTemplate":"https:\/\/aflamo.shop\/es\/?s={search_term_string}"},"query-input":{"@type":"PropertyValueSpecification","valueRequired":true,"valueName":"search_term_string"}}],"inLanguage":"es"},{"@type":"Organization","@id":"https:\/\/aflamo.shop\/es\/#organization","name":"aflamo.shop - distribuidor certificado de aflamo","url":"https:\/\/aflamo.shop\/es\/","logo":{"@type":"ImageObject","inLanguage":"es","@id":"https:\/\/aflamo.shop\/es\/#\/schema\/logo\/image\/","url":"https:\/\/aflamo.shop\/wp-content\/uploads\/2019\/10\/logo2.1-1-1.svg","contentUrl":"https:\/\/aflamo.shop\/wp-content\/uploads\/2019\/10\/logo2.1-1-1.svg","caption":"aflamo.shop - distribuidor certificado de aflamo"},"image":{"@id":"https:\/\/aflamo.shop\/es\/#\/schema\/logo\/image\/"}}]}},"_links":{"self":[{"href":"https:\/\/aflamo.shop\/es\/wp-json\/wp\/v2\/product\/9409","targetHints":{"allow":["GET"]}}],"collection":[{"href":"https:\/\/aflamo.shop\/es\/wp-json\/wp\/v2\/product"}],"about":[{"href":"https:\/\/aflamo.shop\/es\/wp-json\/wp\/v2\/types\/product"}],"replies":[{"embeddable":true,"href":"https:\/\/aflamo.shop\/es\/wp-json\/wp\/v2\/comments?post=9409"}],"wp:featuredmedia":[{"embeddable":true,"href":"https:\/\/aflamo.shop\/es\/wp-json\/wp\/v2\/media\/3838"}],"wp:attachment":[{"href":"https:\/\/aflamo.shop\/es\/wp-json\/wp\/v2\/media?parent=9409"}],"wp:term":[{"taxonomy":"product_brand","embeddable":true,"href":"https:\/\/aflamo.shop\/es\/wp-json\/wp\/v2\/product_brand?post=9409"},{"taxonomy":"product_cat","embeddable":true,"href":"https:\/\/aflamo.shop\/es\/wp-json\/wp\/v2\/product_cat?post=9409"},{"taxonomy":"product_tag","embeddable":true,"href":"https:\/\/aflamo.shop\/es\/wp-json\/wp\/v2\/product_tag?post=9409"}],"curies":[{"name":"wp","href":"https:\/\/api.w.org\/{rel}","templated":true}]}}